{"id":16,"date":"2023-05-26T12:25:58","date_gmt":"2023-05-26T12:25:58","guid":{"rendered":"https:\/\/www.alcoawheels.com\/europe\/pl\/?page_id=16"},"modified":"2025-11-20T21:02:25","modified_gmt":"2025-11-20T20:02:25","slug":"zastosowania","status":"publish","type":"page","link":"https:\/\/www.alcoawheels.com\/europe\/pl\/zastosowania\/","title":{"rendered":"Zastosowania"},"content":{"rendered":"\n<div class=\"wp-block-alcoa-wheels-hero-banner-innerpage hero-banner with-image layout-2 overlayEnable align- vertical-align- align-center vertical-align-center\" style=\"background-color:#eee\"><img decoding=\"async\" src=\"https:\/\/www.alcoawheels.com\/europe\/pl\/wp-content\/uploads\/sites\/20\/2023\/06\/applications-banner.jpeg\" alt=\"Alcoa Wheels application\" class=\"responsiveImage\"\/><div class=\"hero-banner__header\" style=\"text-align:center\"><div class=\"container\"><h1 class=\"hero-banner__header--title\">Zastosowania<\/h1><\/div><\/div><\/div>\n\n\n\n<div style=\"height:50px\" aria-hidden=\"true\" class=\"wp-block-spacer spacer-fifty\"><\/div>\n\n\n\n<h2 class=\"wp-block-heading has-text-align-center\" id=\"samochody-ciezarowe-o-duzej-masie\">Ci\u0119\u017car\u00f3wki i przyczepy o \u015bredniej i du\u017cej \u0142adowno\u015bci<\/h2>\n\n\n\n<div style=\"height:50px\" aria-hidden=\"true\" class=\"wp-block-spacer spacer-fifty\"><\/div>\n\n\n\n<div class=\"wp-block-alcoa-wheels-zigzag media-list__body\" id=\"zigzag-main-f09c56b9-a904-418f-a4c8-bee3ab7dd016\"><div class=\"media-list__body_main  vertical-align-center  fullWidth\">\n<div class=\"wp-block-alcoa-wheels-zigzag-item media-list-item\"><div class=\"media-list-item__box_content\"><div class=\"media-list-item__box_content_inner\">\n<p>Odkryj <a href=\"https:\/\/www.alcoawheels.com\/europe\/pl\/korzysci\/#nizsza-waga\">oszcz\u0119dno\u015b\u0107 masy<\/a>, zoptymalizowan\u0105 wytrzyma\u0142o\u015b\u0107 i trwa\u0142o\u015b\u0107 w zastosowaniach ci\u0119\u017car\u00f3wek i przyczep. Felgi Alcoa<sup>\u00ae<\/sup> mog\u0105 przyczyni\u0107 si\u0119 do:<\/p>\n\n\n\n<div id=\"list-bdaa4ccd-8fcf-4727-b1fa-110d8441c0b5\" class=\"wp-block-alcoa-wheels-list-basic list\"><style>#list-bdaa4ccd-8fcf-4727-b1fa-110d8441c0b5 .listul.with-icn li span.list--item:before{background-image:url(https:\/\/www.alcoawheels.com\/europe\/pl\/wp-content\/uploads\/sites\/20\/2023\/05\/wheel-bullet.jpg);}<\/style><ul class=\"listul with-icn\"><li><span class=\"list--item\">Podno\u015b produktywno\u015b\u0107<\/span><\/li><li><span class=\"list--item\">Ogranicz czynno\u015bci konserwacyjne<\/span><\/li><li><span class=\"list--item\">Obni\u017caj koszty operacyjne<\/span><\/li><li><span class=\"list--item\">Obni\u017caj emisj\u0119 CO<sub>2<\/sub><\/span><\/li><li><span class=\"list--item\">Poprawiaj wygl\u0105d pojazd\u00f3w<\/span><\/li><\/ul><\/div>\n\n\n\n<p>Niezale\u017cnie od Twoich wyzwa\u0144, oferujemy szeroki wyb\u00f3r rozwi\u0105za\u0144. Ka\u017cda felga Alcoa<sup>\u00ae<\/sup> zapewnia optymaln\u0105 wytrzyma\u0142o\u015b\u0107 i trwa\u0142o\u015b\u0107, a jednocze\u015bnie obni\u017ca mas\u0119, zwi\u0119kszaj\u0105c \u0142adowno\u015b\u0107.<\/p>\n\n\n\n<p>Dost\u0119pne s\u0105 r\u00f3\u017cne rozmiary, wyko\u0144czenia i rodzaje powierzchni dostosowane do konkretnych zastosowa\u0144.<\/p>\n\n\n\n<p>&nbsp;Kliknij&nbsp;<a href=\"\/europe\/pl\/gama-felg\">tutaj<\/a>, aby uzyska\u0107 wi\u0119cej informacji o gamach naszych felg.<\/p>\n<\/div><\/div><div class=\"media-list-item__box_image\"><img loading=\"lazy\" decoding=\"async\" width=\"800\" height=\"800\" src=\"https:\/\/www.alcoawheels.com\/europe\/pl\/wp-content\/uploads\/sites\/20\/2023\/06\/applications-heavy-duty.jpg\" alt=\"Heavy duty trucks &amp; trailers example\"\/><\/div><\/div>\n<\/div><\/div>\n\n\n\n<hr class=\"wp-block-separator has-text-color has-alpha-channel-opacity has-background is-style-wide\" style=\"background-color:#cccccc;color:#cccccc\"\/>\n\n\n\n<div style=\"height:50px\" aria-hidden=\"true\" class=\"wp-block-spacer spacer-fifty\"><\/div>\n\n\n\n<h2 class=\"wp-block-heading has-text-align-center\" id=\"autobusy-miejskie-miedzymiastowe-autokary\">Autobusy miejskie, autobusy mi\u0119dzymiastowe i autokary<\/h2>\n\n\n\n<div style=\"height:50px\" aria-hidden=\"true\" class=\"wp-block-spacer spacer-fifty\"><\/div>\n\n\n\n<div class=\"wp-block-alcoa-wheels-zigzag media-list__body\" id=\"zigzag-main-f09c56b9-a904-418f-a4c8-bee3ab7dd016\"><div class=\"media-list__body_main  vertical-align-center  fullWidth\">\n<div class=\"wp-block-alcoa-wheels-zigzag-item media-list-item\"><div class=\"media-list-item__box_content\"><div class=\"media-list-item__box_content_inner\">\n<p>Felgi Alcoa<sup>\u00ae<\/sup> mog\u0105 przyczyni\u0107 si\u0119 do<\/p>\n\n\n\n<div id=\"list-ee0f9b46-dc6f-4c1f-830c-c10e4eff0f19\" class=\"wp-block-alcoa-wheels-list-basic list\"><style>#list-ee0f9b46-dc6f-4c1f-830c-c10e4eff0f19 .listul.with-icn li span.list--item:before{background-image:url(https:\/\/www.alcoawheels.com\/europe\/pl\/wp-content\/uploads\/sites\/20\/2023\/05\/wheel-bullet.jpg);}<\/style><ul class=\"listul with-icn\"><li><span class=\"list--item\">Podnie\u015b\u0107 osi\u0105gi pojazd\u00f3w<\/span><\/li><li><span class=\"list--item\">Poprawi\u0107 ich wygl\u0105d<\/span><\/li><li><span class=\"list--item\">Ograniczy\u0107 czynno\u015bci konserwacyjne<\/span><\/li><li><span class=\"list--item\"><a href=\"\/europe\/pl\/korzysci\/#nizsza-waga\">Obni\u017cy\u0107 wag\u0119 pojazd\u00f3w<\/a><\/span><\/li><li><span class=\"list--item\">Obni\u017cy\u0107 koszty operacyjne<\/span><\/li><li><span class=\"list--item\">Ni\u017cszy ekwiwalent CO2<\/span><\/li><\/ul><\/div>\n\n\n\n<p>Bez wzgl\u0119du na to, z jakimi wyzwaniami si\u0119 mierzysz, oferujemy szerok\u0105 gam\u0119 rozwi\u0105za\u0144.<\/p>\n\n\n\n<p>Dost\u0119pne s\u0105 r\u00f3\u017cne rozmiary, opcje wyko\u0144czenia i obr\u00f3bki powierzchni dostosowane do konkretnych zastosowa\u0144 w autobusach lub autokarach.<\/p>\n\n\n\n<p>Kliknij&nbsp;<a href=\"\/europe\/pl\/gama-felg\">tutaj<\/a>, aby uzyska\u0107 wi\u0119cej informacji o gamach naszych felg.<\/p>\n<\/div><\/div><div class=\"media-list-item__box_image\"><img loading=\"lazy\" decoding=\"async\" width=\"800\" height=\"689\" src=\"https:\/\/www.alcoawheels.com\/europe\/pl\/wp-content\/uploads\/sites\/20\/2023\/06\/applications-bus.jpg\" alt=\"City bus, intercity bus &amp; coach example\"\/><\/div><\/div>\n<\/div><\/div>\n\n\n\n<div style=\"height:50px\" aria-hidden=\"true\" class=\"wp-block-spacer spacer-fifty\"><\/div>\n\n\n\n<div class=\"wp-block-alcoa-wheels-card-usecase-1 card-box-v1__body with-icon align-center vertical-align-center\" id=\"card_box_v1-0bab25cf-5c61-4abf-a04f-a862f2ab44ba\"><div class=\"fullwidthcontainer\"><div class=\"card-box-v1__boxes has-4-columns\"><div class=\"card-box-v1__box  with-link \" style=\"background-color:#00afb9\"><img decoding=\"async\" src=\"https:\/\/www.alcoawheels.com\/europe\/pl\/wp-content\/themes\/alcoa-wheels\/assets\/build\/js\/blocks\/card-usecase-1\/..\/..\/..\/images\/placeholder-image.db2b4d5c.jpeg\" alt=\"Kontakt\"\/><div class=\"card-box-v1__box__inner pos-abs\"><div class=\"card-box-v1__box_icon\"><img loading=\"lazy\" decoding=\"async\" width=\"171\" height=\"171\" src=\"https:\/\/www.alcoawheels.com\/europe\/pl\/wp-content\/uploads\/sites\/20\/2023\/06\/contact.png\" alt=\"\"\/><\/div><div class=\"card-box-v1__box_content\"><h4 style=\"color:#ffffff\">Kontakt<\/h4><\/div><div class=\"btn-wrap\"><\/div><\/div><a href=\"\/europe\/pl\/kontakt\" aria-label=\"Kontakt\"><\/a><\/div><div class=\"card-box-v1__box  with-link \" style=\"background-color:#34bfc7\"><img decoding=\"async\" src=\"https:\/\/www.alcoawheels.com\/europe\/pl\/wp-content\/themes\/alcoa-wheels\/assets\/build\/js\/blocks\/card-usecase-1\/..\/..\/..\/images\/placeholder-image.db2b4d5c.jpeg\" alt=\"Gama felg\"\/><div class=\"card-box-v1__box__inner pos-abs\"><div class=\"card-box-v1__box_icon\"><img loading=\"lazy\" decoding=\"async\" width=\"169\" height=\"169\" src=\"https:\/\/www.alcoawheels.com\/europe\/pl\/wp-content\/uploads\/sites\/20\/2023\/06\/product-search.png\" alt=\"\"\/><\/div><div class=\"card-box-v1__box_content\"><h4 style=\"color:#ffffff\">Gama felg<\/h4><\/div><div class=\"btn-wrap\"><\/div><\/div><a href=\"\/europe\/pl\/gama-felg\" aria-label=\"Gama felg\"><\/a><\/div><div class=\"card-box-v1__box  with-link \" style=\"background-color:#00afb9\"><img decoding=\"async\" src=\"https:\/\/www.alcoawheels.com\/europe\/pl\/wp-content\/themes\/alcoa-wheels\/assets\/build\/js\/blocks\/card-usecase-1\/..\/..\/..\/images\/placeholder-image.db2b4d5c.jpeg\" alt=\"Gdzie kupi\u0107?\"\/><div class=\"card-box-v1__box__inner pos-abs\"><div class=\"card-box-v1__box_icon\"><img loading=\"lazy\" decoding=\"async\" width=\"169\" height=\"169\" src=\"https:\/\/www.alcoawheels.com\/europe\/pl\/wp-content\/uploads\/sites\/20\/2023\/06\/where-to-buy.png\" alt=\"\"\/><\/div><div class=\"card-box-v1__box_content\"><h4 style=\"color:#ffffff\">Gdzie kupi\u0107?<\/h4><\/div><div class=\"btn-wrap\"><\/div><\/div><a href=\"\/europe\/pl\/gdzie-kupic\" aria-label=\"Gdzie kupi\u0107?\"><\/a><\/div><div class=\"card-box-v1__box  with-link \" style=\"background-color:#34bfc7\"><img decoding=\"async\" src=\"https:\/\/www.alcoawheels.com\/europe\/pl\/wp-content\/themes\/alcoa-wheels\/assets\/build\/js\/blocks\/card-usecase-1\/..\/..\/..\/images\/placeholder-image.db2b4d5c.jpeg\" alt=\"Do pobrania\"\/><div class=\"card-box-v1__box__inner pos-abs\"><div class=\"card-box-v1__box_icon\"><img loading=\"lazy\" decoding=\"async\" width=\"169\" height=\"169\" src=\"https:\/\/www.alcoawheels.com\/europe\/pl\/wp-content\/uploads\/sites\/20\/2023\/06\/product-literature.png\" alt=\"\"\/><\/div><div class=\"card-box-v1__box_content\"><h4 style=\"color:#ffffff\">Do pobrania<\/h4><\/div><div class=\"btn-wrap\"><\/div><\/div><a href=\"\/europe\/pl\/do-pobrania\" aria-label=\"Do pobrania\"><\/a><\/div><\/div><\/div><\/div>\n","protected":false},"excerpt":{"rendered":"<p>Ci\u0119\u017car\u00f3wki i przyczepy o \u015bredniej i du\u017cej \u0142adowno\u015bci Autobusy miejskie, autobusy mi\u0119dzymiastowe i autokary<\/p>\n","protected":false},"author":44,"featured_media":0,"parent":0,"menu_order":0,"comment_status":"closed","ping_status":"closed","template":"","meta":{"_acf_changed":false,"protected_reviewer_email":"","editor_notices":[],"footnotes":""},"class_list":["post-16","page","type-page","status-publish","hentry"],"acf":[],"yoast_head":"<!-- This site is optimized with the Yoast SEO Premium plugin v27.3 (Yoast SEO v27.3) - https:\/\/yoast.com\/product\/yoast-seo-premium-wordpress\/ -->\n<title>Zastosowania | Alcoa Wheels<\/title>\n<meta name=\"description\" content=\"Felgi Alcoa\u00ae Wheels do r\u00f3\u017cnych zastosowa\u0144 s\u0105 dost\u0119pne w wielu rozmiarach, wariantach obr\u00f3bki powierzchni i opcjach wyko\u0144czenia. W\u015br\u00f3d naszych produkt\u00f3w posiadamy r\u00f3\u017cne rozwi\u0105zania do samochod\u00f3w ci\u0119\u017carowych, przyczep i naczep, autobus\u00f3w miejskich, mi\u0119dzymiastowych i autokar\u00f3w.\" \/>\n<meta name=\"robots\" content=\"index, follow, max-snippet:-1, max-image-preview:large, max-video-preview:-1\" \/>\n<link rel=\"canonical\" href=\"https:\/\/www.alcoawheels.com\/europe\/pl\/zastosowania\/\" \/>\n<meta property=\"og:locale\" content=\"en_US\" \/>\n<meta property=\"og:type\" content=\"article\" \/>\n<meta property=\"og:title\" content=\"Zastosowania\" \/>\n<meta property=\"og:description\" content=\"Felgi Alcoa\u00ae Wheels do r\u00f3\u017cnych zastosowa\u0144 s\u0105 dost\u0119pne w wielu rozmiarach, wariantach obr\u00f3bki powierzchni i opcjach wyko\u0144czenia. W\u015br\u00f3d naszych produkt\u00f3w posiadamy r\u00f3\u017cne rozwi\u0105zania do samochod\u00f3w ci\u0119\u017carowych, przyczep i naczep, autobus\u00f3w miejskich, mi\u0119dzymiastowych i autokar\u00f3w.\" \/>\n<meta property=\"og:url\" content=\"https:\/\/www.alcoawheels.com\/europe\/pl\/zastosowania\/\" \/>\n<meta property=\"og:site_name\" content=\"Europe Polish\" \/>\n<meta property=\"article:modified_time\" content=\"2025-11-20T20:02:25+00:00\" \/>\n<meta property=\"og:image\" content=\"https:\/\/www.alcoawheels.com\/europe\/pl\/wp-content\/uploads\/sites\/20\/2023\/06\/applications-banner.jpeg\" \/>\n<meta name=\"twitter:card\" content=\"summary_large_image\" \/>\n<meta name=\"twitter:label1\" content=\"Est. reading time\" \/>\n\t<meta name=\"twitter:data1\" content=\"3 minutes\" \/>\n<script type=\"application\/ld+json\" class=\"yoast-schema-graph\">{\"@context\":\"https:\\\/\\\/schema.org\",\"@graph\":[{\"@type\":\"WebPage\",\"@id\":\"https:\\\/\\\/www.alcoawheels.com\\\/europe\\\/pl\\\/zastosowania\\\/\",\"url\":\"https:\\\/\\\/www.alcoawheels.com\\\/europe\\\/pl\\\/zastosowania\\\/\",\"name\":\"Zastosowania | Alcoa Wheels\",\"isPartOf\":{\"@id\":\"https:\\\/\\\/www.alcoawheels.com\\\/europe\\\/pl\\\/#website\"},\"primaryImageOfPage\":{\"@id\":\"https:\\\/\\\/www.alcoawheels.com\\\/europe\\\/pl\\\/zastosowania\\\/#primaryimage\"},\"image\":{\"@id\":\"https:\\\/\\\/www.alcoawheels.com\\\/europe\\\/pl\\\/zastosowania\\\/#primaryimage\"},\"thumbnailUrl\":\"https:\\\/\\\/www.alcoawheels.com\\\/europe\\\/pl\\\/wp-content\\\/uploads\\\/sites\\\/20\\\/2023\\\/06\\\/applications-banner.jpeg\",\"datePublished\":\"2023-05-26T12:25:58+00:00\",\"dateModified\":\"2025-11-20T20:02:25+00:00\",\"description\":\"Felgi Alcoa\u00ae Wheels do r\u00f3\u017cnych zastosowa\u0144 s\u0105 dost\u0119pne w wielu rozmiarach, wariantach obr\u00f3bki powierzchni i opcjach wyko\u0144czenia. W\u015br\u00f3d naszych produkt\u00f3w posiadamy r\u00f3\u017cne rozwi\u0105zania do samochod\u00f3w ci\u0119\u017carowych, przyczep i naczep, autobus\u00f3w miejskich, mi\u0119dzymiastowych i autokar\u00f3w.\",\"breadcrumb\":{\"@id\":\"https:\\\/\\\/www.alcoawheels.com\\\/europe\\\/pl\\\/zastosowania\\\/#breadcrumb\"},\"inLanguage\":\"en-US\",\"potentialAction\":[{\"@type\":\"ReadAction\",\"target\":[\"https:\\\/\\\/www.alcoawheels.com\\\/europe\\\/pl\\\/zastosowania\\\/\"]}]},{\"@type\":\"ImageObject\",\"inLanguage\":\"en-US\",\"@id\":\"https:\\\/\\\/www.alcoawheels.com\\\/europe\\\/pl\\\/zastosowania\\\/#primaryimage\",\"url\":\"https:\\\/\\\/www.alcoawheels.com\\\/europe\\\/pl\\\/wp-content\\\/uploads\\\/sites\\\/20\\\/2023\\\/06\\\/applications-banner.jpeg\",\"contentUrl\":\"https:\\\/\\\/www.alcoawheels.com\\\/europe\\\/pl\\\/wp-content\\\/uploads\\\/sites\\\/20\\\/2023\\\/06\\\/applications-banner.jpeg\",\"width\":1119,\"height\":280,\"caption\":\"Alcoa Wheels application\"},{\"@type\":\"BreadcrumbList\",\"@id\":\"https:\\\/\\\/www.alcoawheels.com\\\/europe\\\/pl\\\/zastosowania\\\/#breadcrumb\",\"itemListElement\":[{\"@type\":\"ListItem\",\"position\":1,\"name\":\"Home\",\"item\":\"https:\\\/\\\/www.alcoawheels.com\\\/europe\\\/pl\\\/\"},{\"@type\":\"ListItem\",\"position\":2,\"name\":\"Zastosowania\"}]},{\"@type\":\"WebSite\",\"@id\":\"https:\\\/\\\/www.alcoawheels.com\\\/europe\\\/pl\\\/#website\",\"url\":\"https:\\\/\\\/www.alcoawheels.com\\\/europe\\\/pl\\\/\",\"name\":\"Europe Polish\",\"description\":\"\",\"publisher\":{\"@id\":\"https:\\\/\\\/www.alcoawheels.com\\\/europe\\\/pl\\\/#organization\"},\"potentialAction\":[{\"@type\":\"SearchAction\",\"target\":{\"@type\":\"EntryPoint\",\"urlTemplate\":\"https:\\\/\\\/www.alcoawheels.com\\\/europe\\\/pl\\\/?s={search_term_string}\"},\"query-input\":{\"@type\":\"PropertyValueSpecification\",\"valueRequired\":true,\"valueName\":\"search_term_string\"}}],\"inLanguage\":\"en-US\"},{\"@type\":\"Organization\",\"@id\":\"https:\\\/\\\/www.alcoawheels.com\\\/europe\\\/pl\\\/#organization\",\"name\":\"Europe Polish\",\"url\":\"https:\\\/\\\/www.alcoawheels.com\\\/europe\\\/pl\\\/\",\"logo\":{\"@type\":\"ImageObject\",\"inLanguage\":\"en-US\",\"@id\":\"https:\\\/\\\/www.alcoawheels.com\\\/europe\\\/pl\\\/#\\\/schema\\\/logo\\\/image\\\/\",\"url\":\"https:\\\/\\\/www.alcoawheels.com\\\/europe\\\/pl\\\/wp-content\\\/uploads\\\/sites\\\/20\\\/2023\\\/05\\\/logo-black.gif\",\"contentUrl\":\"https:\\\/\\\/www.alcoawheels.com\\\/europe\\\/pl\\\/wp-content\\\/uploads\\\/sites\\\/20\\\/2023\\\/05\\\/logo-black.gif\",\"width\":71,\"height\":64,\"caption\":\"Europe Polish\"},\"image\":{\"@id\":\"https:\\\/\\\/www.alcoawheels.com\\\/europe\\\/pl\\\/#\\\/schema\\\/logo\\\/image\\\/\"}}]}<\/script>\n<!-- \/ Yoast SEO Premium plugin. -->","yoast_head_json":{"title":"Zastosowania | Alcoa Wheels","description":"Felgi Alcoa\u00ae Wheels do r\u00f3\u017cnych zastosowa\u0144 s\u0105 dost\u0119pne w wielu rozmiarach, wariantach obr\u00f3bki powierzchni i opcjach wyko\u0144czenia. W\u015br\u00f3d naszych produkt\u00f3w posiadamy r\u00f3\u017cne rozwi\u0105zania do samochod\u00f3w ci\u0119\u017carowych, przyczep i naczep, autobus\u00f3w miejskich, mi\u0119dzymiastowych i autokar\u00f3w.","robots":{"index":"index","follow":"follow","max-snippet":"max-snippet:-1","max-image-preview":"max-image-preview:large","max-video-preview":"max-video-preview:-1"},"canonical":"https:\/\/www.alcoawheels.com\/europe\/pl\/zastosowania\/","og_locale":"en_US","og_type":"article","og_title":"Zastosowania","og_description":"Felgi Alcoa\u00ae Wheels do r\u00f3\u017cnych zastosowa\u0144 s\u0105 dost\u0119pne w wielu rozmiarach, wariantach obr\u00f3bki powierzchni i opcjach wyko\u0144czenia. W\u015br\u00f3d naszych produkt\u00f3w posiadamy r\u00f3\u017cne rozwi\u0105zania do samochod\u00f3w ci\u0119\u017carowych, przyczep i naczep, autobus\u00f3w miejskich, mi\u0119dzymiastowych i autokar\u00f3w.","og_url":"https:\/\/www.alcoawheels.com\/europe\/pl\/zastosowania\/","og_site_name":"Europe Polish","article_modified_time":"2025-11-20T20:02:25+00:00","og_image":[{"url":"https:\/\/www.alcoawheels.com\/europe\/pl\/wp-content\/uploads\/sites\/20\/2023\/06\/applications-banner.jpeg","type":"","width":"","height":""}],"twitter_card":"summary_large_image","twitter_misc":{"Est. reading time":"3 minutes"},"schema":{"@context":"https:\/\/schema.org","@graph":[{"@type":"WebPage","@id":"https:\/\/www.alcoawheels.com\/europe\/pl\/zastosowania\/","url":"https:\/\/www.alcoawheels.com\/europe\/pl\/zastosowania\/","name":"Zastosowania | Alcoa Wheels","isPartOf":{"@id":"https:\/\/www.alcoawheels.com\/europe\/pl\/#website"},"primaryImageOfPage":{"@id":"https:\/\/www.alcoawheels.com\/europe\/pl\/zastosowania\/#primaryimage"},"image":{"@id":"https:\/\/www.alcoawheels.com\/europe\/pl\/zastosowania\/#primaryimage"},"thumbnailUrl":"https:\/\/www.alcoawheels.com\/europe\/pl\/wp-content\/uploads\/sites\/20\/2023\/06\/applications-banner.jpeg","datePublished":"2023-05-26T12:25:58+00:00","dateModified":"2025-11-20T20:02:25+00:00","description":"Felgi Alcoa\u00ae Wheels do r\u00f3\u017cnych zastosowa\u0144 s\u0105 dost\u0119pne w wielu rozmiarach, wariantach obr\u00f3bki powierzchni i opcjach wyko\u0144czenia. W\u015br\u00f3d naszych produkt\u00f3w posiadamy r\u00f3\u017cne rozwi\u0105zania do samochod\u00f3w ci\u0119\u017carowych, przyczep i naczep, autobus\u00f3w miejskich, mi\u0119dzymiastowych i autokar\u00f3w.","breadcrumb":{"@id":"https:\/\/www.alcoawheels.com\/europe\/pl\/zastosowania\/#breadcrumb"},"inLanguage":"en-US","potentialAction":[{"@type":"ReadAction","target":["https:\/\/www.alcoawheels.com\/europe\/pl\/zastosowania\/"]}]},{"@type":"ImageObject","inLanguage":"en-US","@id":"https:\/\/www.alcoawheels.com\/europe\/pl\/zastosowania\/#primaryimage","url":"https:\/\/www.alcoawheels.com\/europe\/pl\/wp-content\/uploads\/sites\/20\/2023\/06\/applications-banner.jpeg","contentUrl":"https:\/\/www.alcoawheels.com\/europe\/pl\/wp-content\/uploads\/sites\/20\/2023\/06\/applications-banner.jpeg","width":1119,"height":280,"caption":"Alcoa Wheels application"},{"@type":"BreadcrumbList","@id":"https:\/\/www.alcoawheels.com\/europe\/pl\/zastosowania\/#breadcrumb","itemListElement":[{"@type":"ListItem","position":1,"name":"Home","item":"https:\/\/www.alcoawheels.com\/europe\/pl\/"},{"@type":"ListItem","position":2,"name":"Zastosowania"}]},{"@type":"WebSite","@id":"https:\/\/www.alcoawheels.com\/europe\/pl\/#website","url":"https:\/\/www.alcoawheels.com\/europe\/pl\/","name":"Europe Polish","description":"","publisher":{"@id":"https:\/\/www.alcoawheels.com\/europe\/pl\/#organization"},"potentialAction":[{"@type":"SearchAction","target":{"@type":"EntryPoint","urlTemplate":"https:\/\/www.alcoawheels.com\/europe\/pl\/?s={search_term_string}"},"query-input":{"@type":"PropertyValueSpecification","valueRequired":true,"valueName":"search_term_string"}}],"inLanguage":"en-US"},{"@type":"Organization","@id":"https:\/\/www.alcoawheels.com\/europe\/pl\/#organization","name":"Europe Polish","url":"https:\/\/www.alcoawheels.com\/europe\/pl\/","logo":{"@type":"ImageObject","inLanguage":"en-US","@id":"https:\/\/www.alcoawheels.com\/europe\/pl\/#\/schema\/logo\/image\/","url":"https:\/\/www.alcoawheels.com\/europe\/pl\/wp-content\/uploads\/sites\/20\/2023\/05\/logo-black.gif","contentUrl":"https:\/\/www.alcoawheels.com\/europe\/pl\/wp-content\/uploads\/sites\/20\/2023\/05\/logo-black.gif","width":71,"height":64,"caption":"Europe Polish"},"image":{"@id":"https:\/\/www.alcoawheels.com\/europe\/pl\/#\/schema\/logo\/image\/"}}]}},"parsely":{"version":"1.1.0","canonical_url":"https:\/\/alcoawheels.com\/europe\/pl\/zastosowania\/","smart_links":{"inbound":0,"outbound":0},"traffic_boost_suggestions_count":0,"meta":{"@context":"https:\/\/schema.org","@type":"WebPage","headline":"Zastosowania","url":"http:\/\/www.alcoawheels.com\/europe\/pl\/zastosowania\/","mainEntityOfPage":{"@type":"WebPage","@id":"http:\/\/www.alcoawheels.com\/europe\/pl\/zastosowania\/"},"thumbnailUrl":"","image":{"@type":"ImageObject","url":""},"articleSection":"Uncategorized","author":[{"@type":"Person","name":"howmet"}],"creator":["howmet"],"publisher":{"@type":"Organization","name":"Europe Polish","logo":""},"keywords":[],"dateCreated":"2023-05-26T12:25:58Z","datePublished":"2023-05-26T12:25:58Z","dateModified":"2025-11-20T20:02:25Z"},"rendered":"<script type=\"application\/ld+json\" class=\"wp-parsely-metadata\">{\"@context\":\"https:\\\/\\\/schema.org\",\"@type\":\"WebPage\",\"headline\":\"Zastosowania\",\"url\":\"http:\\\/\\\/www.alcoawheels.com\\\/europe\\\/pl\\\/zastosowania\\\/\",\"mainEntityOfPage\":{\"@type\":\"WebPage\",\"@id\":\"http:\\\/\\\/www.alcoawheels.com\\\/europe\\\/pl\\\/zastosowania\\\/\"},\"thumbnailUrl\":\"\",\"image\":{\"@type\":\"ImageObject\",\"url\":\"\"},\"articleSection\":\"Uncategorized\",\"author\":[{\"@type\":\"Person\",\"name\":\"howmet\"}],\"creator\":[\"howmet\"],\"publisher\":{\"@type\":\"Organization\",\"name\":\"Europe Polish\",\"logo\":\"\"},\"keywords\":[],\"dateCreated\":\"2023-05-26T12:25:58Z\",\"datePublished\":\"2023-05-26T12:25:58Z\",\"dateModified\":\"2025-11-20T20:02:25Z\"}<\/script>","tracker_url":"https:\/\/cdn.parsely.com\/keys\/alcoawheels.com\/p.js"},"jetpack_sharing_enabled":true,"_links":{"self":[{"href":"https:\/\/www.alcoawheels.com\/europe\/pl\/wp-json\/wp\/v2\/pages\/16","targetHints":{"allow":["GET"]}}],"collection":[{"href":"https:\/\/www.alcoawheels.com\/europe\/pl\/wp-json\/wp\/v2\/pages"}],"about":[{"href":"https:\/\/www.alcoawheels.com\/europe\/pl\/wp-json\/wp\/v2\/types\/page"}],"author":[{"embeddable":true,"href":"https:\/\/www.alcoawheels.com\/europe\/pl\/wp-json\/wp\/v2\/users\/44"}],"replies":[{"embeddable":true,"href":"https:\/\/www.alcoawheels.com\/europe\/pl\/wp-json\/wp\/v2\/comments?post=16"}],"version-history":[{"count":8,"href":"https:\/\/www.alcoawheels.com\/europe\/pl\/wp-json\/wp\/v2\/pages\/16\/revisions"}],"predecessor-version":[{"id":2785,"href":"https:\/\/www.alcoawheels.com\/europe\/pl\/wp-json\/wp\/v2\/pages\/16\/revisions\/2785"}],"wp:attachment":[{"href":"https:\/\/www.alcoawheels.com\/europe\/pl\/wp-json\/wp\/v2\/media?parent=16"}],"curies":[{"name":"wp","href":"https:\/\/api.w.org\/{rel}","templated":true}]}}