{"id":24,"date":"2023-05-26T12:27:27","date_gmt":"2023-05-26T12:27:27","guid":{"rendered":"https:\/\/www.alcoawheels.com\/europe\/pl\/?page_id=24"},"modified":"2025-11-24T14:21:45","modified_gmt":"2025-11-24T13:21:45","slug":"ultra-one","status":"publish","type":"page","link":"https:\/\/www.alcoawheels.com\/europe\/pl\/ultra-one\/","title":{"rendered":"Ultra ONE<sup>\u00ae<\/sup>"},"content":{"rendered":"\n<div class=\"wp-block-alcoa-wheels-hero-slider hero-slider\" id=\"hero-slider-4643b107-251a-4f68-9098-94a3d97f3a78\"><div class=\"ad-container-fluid\"><div class=\"hero-slider-inner\"><div class=\"hero-slider-body\"><div class=\"hero-slider-main\" data-slide-fade=\"false\" data-slide-autoplay=\"true\" data-slide-interval=\"1000\" data-slide-arrows=\"true\" data-slide-dots=\"false\" data-slide-infinite=\"false\" data-slide-show=\"1\" data-slide-scroll=\"1\"><div class=\"hero-slide-item\" style=\"background-color:#fff\"><div class=\"hero-slide-inner-wrap fullsmallslide valign-center align-left  slide-withbg mediaresponsive\"><div class=\"desktopImage hero-slider__bg\"><img loading=\"lazy\" decoding=\"async\" width=\"1920\" height=\"600\" src=\"https:\/\/www.alcoawheels.com\/europe\/pl\/wp-content\/uploads\/sites\/20\/2023\/05\/homepage-ultra-one_large.jpg\" alt=\"Thumbnail\"\/><\/div><div class=\"responsiveImage hero-slider__bg\"><img loading=\"lazy\" decoding=\"async\" width=\"1920\" height=\"600\" src=\"https:\/\/www.alcoawheels.com\/europe\/pl\/wp-content\/uploads\/sites\/20\/2023\/05\/homepage-ultra-one_small.jpg\" alt=\"Thumbnail\"\/><\/div><div class=\"hero-slide-inner\"><div class=\"hero-slide-info\"><\/div><\/div><\/div><\/div><\/div><\/div><\/div><\/div><\/div>\n\n\n\n<div class=\"wp-block-alcoa-wheels-youtube-video youtube-video-main\"><div class=\"youtube-Videos container\"><div class=\"youtube-Videos-item\"><div class=\"videoWrapper privacyEnable\"><div class=\"onetrust-placeholder\"><p class=\"onetrust-message text-center vertical-center\"><span class=\"onetrust-unavailable-notice\">This content requires certain cookies to function. Please <a class=\"optanon-toggle\">accept<\/a> cookies in order to continue. You may need to refresh your browser window afterwards.<\/span><\/p><\/div><div class=\"youtube-video-wrapper\"><iframe data-src=\"\/\/www.youtube.com\/embed\/djpeFlb9S9Q?rel=0\" class=\"youtube-iframe\" title=\"video\"><\/iframe><\/div><\/div><\/div><\/div><\/div>\n\n\n\n<div style=\"height:30px\" aria-hidden=\"true\" class=\"wp-block-spacer\"><\/div>\n\n\n\n<h3 class=\"wp-block-heading\" id=\"h-naszym-podejsciem-jest-ciagly-rozwoj\"><strong><em>Naszym podej\u015bciem jest ci\u0105g\u0142y rozw\u00f3j<\/em><\/strong><\/h3>\n\n\n\n<p>Felgi Alcoa<sup>\u00ae<\/sup> Ultra ONE\u00ae to nasze najl\u017cejsze i najwytrzymalsze felgi. Wykonane s\u0105 w opatentowanej technologii stopu MagnaForce<sup>\u00ae<\/sup>. Stop ten jest mocniejszy ni\u017c obecnie obowi\u0105zuj\u0105cy standard bran\u017cowy, co pozwala na produkcj\u0119 l\u017cejszych felg bez utraty wytrzyma\u0142o\u015bci.<\/p>\n\n\n\n<h3 class=\"wp-block-heading\" id=\"h-zaprojektowane-aby-byc-czescia-rodziny\"><strong><em>Zaprojektowane, aby by\u0107 cz\u0119\u015bci\u0105 rodziny<\/em><\/strong><\/h3>\n\n\n\n<p>Felgi Alcoa<sup>\u00ae<\/sup> Ultra ONE<sup>\u00ae<\/sup> s\u0105 dost\u0119pne w wyko\u0144czeniach Brushed, LvL ONE<sup>\u00ae<\/sup>, Dura-Bright<sup>\u00ae<\/sup> EVO, Dura-Flange<sup>\u00ae<\/sup> i Dura-Bright<sup>\u00ae<\/sup>\/Dura-Flange<sup>\u00ae<\/sup>.<\/p>\n\n\n\n<p>Podobnie jak wszystkie felgi Alcoa<sup>\u00ae<\/sup> Ultra ONE<sup>\u00ae<\/sup>, oferuje:<\/p>\n\n\n\n<div class=\"wp-block-alcoa-wheels-lists alcoa-wheels-lists-block\"><div class=\"list-wrapper\"><ol style=\"list-style-type:none\">\n<div class=\"wp-block-alcoa-wheels-list-items inner-list-item-wrapper  with-icon list-item-wrapper\"><img decoding=\"async\" src=\"https:\/\/www.alcoawheels.com\/europe\/pl\/wp-content\/uploads\/sites\/20\/2023\/05\/wheel-bullet.jpg\" class=\"image-icon\" alt=\"https:\/\/www.alcoawheels.com\/europe\/pl\/wp-content\/uploads\/sites\/20\/2023\/05\/wheel-bullet.jpg\"\/><li class=\"inner-list-item  with-icon\"><span>\u015bwietne rozpraszanie ciep\u0142a, pozwalaj\u0105ce na obni\u017cenie temperatury felgi, co wyd\u0142u\u017ca \u017cycie uk\u0142adu hamulcowego oraz opon.<\/span><\/li><\/div>\n\n\n\n<div class=\"wp-block-alcoa-wheels-list-items inner-list-item-wrapper  with-icon list-item-wrapper\"><img decoding=\"async\" src=\"https:\/\/www.alcoawheels.com\/europe\/pl\/wp-content\/uploads\/sites\/20\/2023\/05\/wheel-bullet.jpg\" class=\"image-icon\" alt=\"https:\/\/www.alcoawheels.com\/europe\/pl\/wp-content\/uploads\/sites\/20\/2023\/05\/wheel-bullet.jpg\"\/><li class=\"inner-list-item  with-icon\"><span>ni\u017csza waga wp\u0142ywaj\u0105ca na zmniejszenie emisji CO<sub>2<\/sub>\u00a0oraz konsumpcji paliwa<\/span><\/li><\/div>\n<\/ol><\/div><\/div>\n\n\n\n<p>Dowiec si\u0119 wi\u0119cej o rozmiarach Ultra ONE<sup>\u00ae<\/sup>&nbsp;tutaj:<\/p>\n\n\n\n<div class=\"wp-block-alcoa-wheels-columns-with-button columns-with-button\"><div class=\"fullcolumn\"><div class=\"columns-with-button__boxes\"><div class=\"columns-with-button__box\"><p class=\"btn-main btn-primary\"><a href=\"\/europe\/pl\/products\/alcoa-wheel-88u51x-88u52x\/\">22.5 x 8.25<\/a><\/p><\/div><div class=\"columns-with-button__box\"><p class=\"btn-main btn-primary\"><a href=\"\/europe\/pl\/products\/alcoa-wheel-88u55x-88u56x\/\">22.5 x 8.25 | 4.1 t \u0142adowno\u015b\u0107<\/a><\/p><\/div><div class=\"columns-with-button__box\"><p class=\"btn-main btn-primary\"><a href=\"\/europe\/pl\/products\/alcoa-wheel-89u5xx\/\">22.5 x 9.00<\/a><\/p><\/div><div class=\"columns-with-button__box\"><p class=\"btn-main btn-primary\"><a href=\"\/europe\/pl\/products\/alcoa-wheel-81u55x-81u56x\/\">22.5 x 11.75 | 0 ET | 5 t\u00a0\u0142adowno\u015b\u0107<\/a><\/p><\/div><div class=\"columns-with-button__box\"><p class=\"btn-main btn-primary\"><a href=\"\/europe\/pl\/products\/alcoa-wheel-81u51x-81u52x\/\">22.5 x 11.75 | 120 ET<\/a><\/p><\/div><div class=\"columns-with-button__box\"><p class=\"btn-main btn-primary\"><a href=\"\/europe\/pl\/products\/alcoa-wheel-87u51x-87u52x\/\">22.5 x 7.5 | 4 t \u0142adowno\u015b\u0107<\/a><\/p><\/div><div class=\"columns-with-button__box\"><p class=\"btn-main btn-primary\"><a href=\"\/europe\/pl\/products\/alcoa-wheel-77u4xx\/\"><strong>NOWY<\/strong>!19.5 x 7.5 | 3.15 t \u0142adowno\u015b\u0107<\/a><\/p><\/div><\/div><\/div><\/div>\n\n\n\n<figure class=\"wp-block-gallery alignfull has-nested-images columns-default is-cropped wp-block-gallery-1 is-layout-flex wp-block-gallery-is-layout-flex\">\n<figure class=\"wp-block-image size-large\"><img decoding=\"async\" data-id=\"271\" src=\"https:\/\/www.alcoawheels.com\/europe\/pl\/wp-content\/uploads\/sites\/20\/2023\/06\/ultra-one-1.jpg?w=720\" alt=\"Ultra ONE\" class=\"wp-image-271\"\/><\/figure>\n\n\n\n<figure class=\"wp-block-image size-large\"><img decoding=\"async\" data-id=\"272\" src=\"https:\/\/www.alcoawheels.com\/europe\/pl\/wp-content\/uploads\/sites\/20\/2023\/06\/ultra-one-2.jpg?w=720\" alt=\"Ultra ONE\" class=\"wp-image-272\"\/><\/figure>\n\n\n\n<figure class=\"wp-block-image size-large\"><img decoding=\"async\" data-id=\"273\" src=\"https:\/\/www.alcoawheels.com\/europe\/pl\/wp-content\/uploads\/sites\/20\/2023\/06\/ultra-one-3.jpg?w=720\" alt=\"Ultra ONE\" class=\"wp-image-273\"\/><\/figure>\n<\/figure>\n\n\n\n<div class=\"wp-block-alcoa-wheels-card-usecase-1 card-box-v1__body with-icon align-center vertical-align-center\" id=\"card_box_v1-0bab25cf-5c61-4abf-a04f-a862f2ab44ba\"><div class=\"fullwidthcontainer\"><div class=\"card-box-v1__boxes has-4-columns\"><div class=\"card-box-v1__box  with-link \" style=\"background-color:#00afb9\"><img decoding=\"async\" src=\"https:\/\/www.alcoawheels.com\/europe\/pl\/wp-content\/themes\/alcoa-wheels\/assets\/build\/js\/blocks\/card-usecase-1\/..\/..\/..\/images\/placeholder-image.db2b4d5c.jpeg\" alt=\"Kontakt\"\/><div class=\"card-box-v1__box__inner pos-abs\"><div class=\"card-box-v1__box_icon\"><img loading=\"lazy\" decoding=\"async\" width=\"171\" height=\"171\" src=\"https:\/\/www.alcoawheels.com\/europe\/pl\/wp-content\/uploads\/sites\/20\/2023\/06\/contact.png\" alt=\"\"\/><\/div><div class=\"card-box-v1__box_content\"><h4 style=\"color:#ffffff\">Kontakt<\/h4><\/div><div class=\"btn-wrap\"><\/div><\/div><a href=\"\/europe\/pl\/kontakt\" aria-label=\"Kontakt\"><\/a><\/div><div class=\"card-box-v1__box  with-link \" style=\"background-color:#34bfc7\"><img decoding=\"async\" src=\"https:\/\/www.alcoawheels.com\/europe\/pl\/wp-content\/themes\/alcoa-wheels\/assets\/build\/js\/blocks\/card-usecase-1\/..\/..\/..\/images\/placeholder-image.db2b4d5c.jpeg\" alt=\"Gama felg\"\/><div class=\"card-box-v1__box__inner pos-abs\"><div class=\"card-box-v1__box_icon\"><img loading=\"lazy\" decoding=\"async\" width=\"169\" height=\"169\" src=\"https:\/\/www.alcoawheels.com\/europe\/pl\/wp-content\/uploads\/sites\/20\/2023\/06\/product-search.png\" alt=\"\"\/><\/div><div class=\"card-box-v1__box_content\"><h4 style=\"color:#ffffff\">Gama felg<\/h4><\/div><div class=\"btn-wrap\"><\/div><\/div><a href=\"\/europe\/pl\/gama-felg\" aria-label=\"Gama felg\"><\/a><\/div><div class=\"card-box-v1__box  with-link \" style=\"background-color:#00afb9\"><img decoding=\"async\" src=\"https:\/\/www.alcoawheels.com\/europe\/pl\/wp-content\/themes\/alcoa-wheels\/assets\/build\/js\/blocks\/card-usecase-1\/..\/..\/..\/images\/placeholder-image.db2b4d5c.jpeg\" alt=\"Gdzie kupi\u0107?\"\/><div class=\"card-box-v1__box__inner pos-abs\"><div class=\"card-box-v1__box_icon\"><img loading=\"lazy\" decoding=\"async\" width=\"169\" height=\"169\" src=\"https:\/\/www.alcoawheels.com\/europe\/pl\/wp-content\/uploads\/sites\/20\/2023\/06\/where-to-buy.png\" alt=\"\"\/><\/div><div class=\"card-box-v1__box_content\"><h4 style=\"color:#ffffff\">Gdzie kupi\u0107?<\/h4><\/div><div class=\"btn-wrap\"><\/div><\/div><a href=\"\/europe\/pl\/gdzie-kupic\" aria-label=\"Gdzie kupi\u0107?\"><\/a><\/div><div class=\"card-box-v1__box  with-link \" style=\"background-color:#34bfc7\"><img decoding=\"async\" src=\"https:\/\/www.alcoawheels.com\/europe\/pl\/wp-content\/themes\/alcoa-wheels\/assets\/build\/js\/blocks\/card-usecase-1\/..\/..\/..\/images\/placeholder-image.db2b4d5c.jpeg\" alt=\"Do pobrania\"\/><div class=\"card-box-v1__box__inner pos-abs\"><div class=\"card-box-v1__box_icon\"><img loading=\"lazy\" decoding=\"async\" width=\"169\" height=\"169\" src=\"https:\/\/www.alcoawheels.com\/europe\/pl\/wp-content\/uploads\/sites\/20\/2023\/06\/product-literature.png\" alt=\"\"\/><\/div><div class=\"card-box-v1__box_content\"><h4 style=\"color:#ffffff\">Do pobrania<\/h4><\/div><div class=\"btn-wrap\"><\/div><\/div><a href=\"\/europe\/pl\/do-pobrania\" aria-label=\"Do pobrania\"><\/a><\/div><\/div><\/div><\/div>\n","protected":false},"excerpt":{"rendered":"<p>Naszym podej\u015bciem jest ci\u0105g\u0142y rozw\u00f3j Felgi Alcoa\u00ae Ultra ONE\u00ae to nasze najl\u017cejsze i najwytrzymalsze felgi. Wykonane s\u0105 w opatentowanej technologii stopu MagnaForce\u00ae. Stop ten jest mocniejszy ni\u017c obecnie obowi\u0105zuj\u0105cy standard bran\u017cowy, co pozwala na produkcj\u0119 l\u017cejszych felg bez utraty wytrzyma\u0142o\u015bci. Zaprojektowane, aby by\u0107 cz\u0119\u015bci\u0105 rodziny Felgi Alcoa\u00ae Ultra ONE\u00ae s\u0105 dost\u0119pne w wyko\u0144czeniach Brushed, LvL [&hellip;]<\/p>\n","protected":false},"author":44,"featured_media":0,"parent":0,"menu_order":0,"comment_status":"closed","ping_status":"closed","template":"","meta":{"_acf_changed":false,"protected_reviewer_email":"","editor_notices":[],"footnotes":""},"class_list":["post-24","page","type-page","status-publish","hentry"],"acf":[],"yoast_head":"<!-- This site is optimized with the Yoast SEO Premium plugin v27.3 (Yoast SEO v27.3) - https:\/\/yoast.com\/product\/yoast-seo-premium-wordpress\/ -->\n<title>Alcoa Wheels | Felgi | Technologia | Ultra ONE \u00ae<\/title>\n<meta name=\"robots\" content=\"index, follow, max-snippet:-1, max-image-preview:large, max-video-preview:-1\" \/>\n<link rel=\"canonical\" href=\"https:\/\/www.alcoawheels.com\/europe\/pl\/ultra-one\/\" \/>\n<meta property=\"og:locale\" content=\"en_US\" \/>\n<meta property=\"og:type\" content=\"article\" \/>\n<meta property=\"og:title\" content=\"Ultra ONE\u00ae\" \/>\n<meta property=\"og:description\" content=\"Naszym podej\u015bciem jest ci\u0105g\u0142y rozw\u00f3j Felgi Alcoa\u00ae Ultra ONE\u00ae to nasze najl\u017cejsze i najwytrzymalsze felgi. Wykonane s\u0105 w opatentowanej technologii stopu MagnaForce\u00ae. Stop ten jest mocniejszy ni\u017c obecnie obowi\u0105zuj\u0105cy standard bran\u017cowy, co pozwala na produkcj\u0119 l\u017cejszych felg bez utraty wytrzyma\u0142o\u015bci. Zaprojektowane, aby by\u0107 cz\u0119\u015bci\u0105 rodziny Felgi Alcoa\u00ae Ultra ONE\u00ae s\u0105 dost\u0119pne w wyko\u0144czeniach Brushed, LvL [&hellip;]\" \/>\n<meta property=\"og:url\" content=\"https:\/\/www.alcoawheels.com\/europe\/pl\/ultra-one\/\" \/>\n<meta property=\"og:site_name\" content=\"Europe Polish\" \/>\n<meta property=\"article:modified_time\" content=\"2025-11-24T13:21:45+00:00\" \/>\n<meta property=\"og:image\" content=\"https:\/\/www.alcoawheels.com\/europe\/pl\/wp-content\/uploads\/sites\/20\/2023\/05\/homepage-ultra-one_large.jpg\" \/>\n<meta name=\"twitter:card\" content=\"summary_large_image\" \/>\n<meta name=\"twitter:label1\" content=\"Est. reading time\" \/>\n\t<meta name=\"twitter:data1\" content=\"4 minutes\" \/>\n<script type=\"application\/ld+json\" class=\"yoast-schema-graph\">{\"@context\":\"https:\\\/\\\/schema.org\",\"@graph\":[{\"@type\":\"WebPage\",\"@id\":\"https:\\\/\\\/www.alcoawheels.com\\\/europe\\\/pl\\\/ultra-one\\\/\",\"url\":\"https:\\\/\\\/www.alcoawheels.com\\\/europe\\\/pl\\\/ultra-one\\\/\",\"name\":\"Alcoa Wheels | Felgi | Technologia | Ultra ONE \u00ae\",\"isPartOf\":{\"@id\":\"https:\\\/\\\/www.alcoawheels.com\\\/europe\\\/pl\\\/#website\"},\"primaryImageOfPage\":{\"@id\":\"https:\\\/\\\/www.alcoawheels.com\\\/europe\\\/pl\\\/ultra-one\\\/#primaryimage\"},\"image\":{\"@id\":\"https:\\\/\\\/www.alcoawheels.com\\\/europe\\\/pl\\\/ultra-one\\\/#primaryimage\"},\"thumbnailUrl\":\"https:\\\/\\\/www.alcoawheels.com\\\/europe\\\/pl\\\/wp-content\\\/uploads\\\/sites\\\/20\\\/2023\\\/05\\\/homepage-ultra-one_large.jpg\",\"datePublished\":\"2023-05-26T12:27:27+00:00\",\"dateModified\":\"2025-11-24T13:21:45+00:00\",\"breadcrumb\":{\"@id\":\"https:\\\/\\\/www.alcoawheels.com\\\/europe\\\/pl\\\/ultra-one\\\/#breadcrumb\"},\"inLanguage\":\"en-US\",\"potentialAction\":[{\"@type\":\"ReadAction\",\"target\":[\"https:\\\/\\\/www.alcoawheels.com\\\/europe\\\/pl\\\/ultra-one\\\/\"]}]},{\"@type\":\"ImageObject\",\"inLanguage\":\"en-US\",\"@id\":\"https:\\\/\\\/www.alcoawheels.com\\\/europe\\\/pl\\\/ultra-one\\\/#primaryimage\",\"url\":\"https:\\\/\\\/www.alcoawheels.com\\\/europe\\\/pl\\\/wp-content\\\/uploads\\\/sites\\\/20\\\/2023\\\/05\\\/homepage-ultra-one_large.jpg\",\"contentUrl\":\"https:\\\/\\\/www.alcoawheels.com\\\/europe\\\/pl\\\/wp-content\\\/uploads\\\/sites\\\/20\\\/2023\\\/05\\\/homepage-ultra-one_large.jpg\",\"width\":1440,\"height\":440,\"caption\":\"Ultra ONE\"},{\"@type\":\"BreadcrumbList\",\"@id\":\"https:\\\/\\\/www.alcoawheels.com\\\/europe\\\/pl\\\/ultra-one\\\/#breadcrumb\",\"itemListElement\":[{\"@type\":\"ListItem\",\"position\":1,\"name\":\"Home\",\"item\":\"https:\\\/\\\/www.alcoawheels.com\\\/europe\\\/pl\\\/\"},{\"@type\":\"ListItem\",\"position\":2,\"name\":\"Ultra ONE\u00ae\"}]},{\"@type\":\"WebSite\",\"@id\":\"https:\\\/\\\/www.alcoawheels.com\\\/europe\\\/pl\\\/#website\",\"url\":\"https:\\\/\\\/www.alcoawheels.com\\\/europe\\\/pl\\\/\",\"name\":\"Europe Polish\",\"description\":\"\",\"publisher\":{\"@id\":\"https:\\\/\\\/www.alcoawheels.com\\\/europe\\\/pl\\\/#organization\"},\"potentialAction\":[{\"@type\":\"SearchAction\",\"target\":{\"@type\":\"EntryPoint\",\"urlTemplate\":\"https:\\\/\\\/www.alcoawheels.com\\\/europe\\\/pl\\\/?s={search_term_string}\"},\"query-input\":{\"@type\":\"PropertyValueSpecification\",\"valueRequired\":true,\"valueName\":\"search_term_string\"}}],\"inLanguage\":\"en-US\"},{\"@type\":\"Organization\",\"@id\":\"https:\\\/\\\/www.alcoawheels.com\\\/europe\\\/pl\\\/#organization\",\"name\":\"Europe Polish\",\"url\":\"https:\\\/\\\/www.alcoawheels.com\\\/europe\\\/pl\\\/\",\"logo\":{\"@type\":\"ImageObject\",\"inLanguage\":\"en-US\",\"@id\":\"https:\\\/\\\/www.alcoawheels.com\\\/europe\\\/pl\\\/#\\\/schema\\\/logo\\\/image\\\/\",\"url\":\"https:\\\/\\\/www.alcoawheels.com\\\/europe\\\/pl\\\/wp-content\\\/uploads\\\/sites\\\/20\\\/2023\\\/05\\\/logo-black.gif\",\"contentUrl\":\"https:\\\/\\\/www.alcoawheels.com\\\/europe\\\/pl\\\/wp-content\\\/uploads\\\/sites\\\/20\\\/2023\\\/05\\\/logo-black.gif\",\"width\":71,\"height\":64,\"caption\":\"Europe Polish\"},\"image\":{\"@id\":\"https:\\\/\\\/www.alcoawheels.com\\\/europe\\\/pl\\\/#\\\/schema\\\/logo\\\/image\\\/\"}}]}<\/script>\n<!-- \/ Yoast SEO Premium plugin. -->","yoast_head_json":{"title":"Alcoa Wheels | Felgi | Technologia | Ultra ONE \u00ae","robots":{"index":"index","follow":"follow","max-snippet":"max-snippet:-1","max-image-preview":"max-image-preview:large","max-video-preview":"max-video-preview:-1"},"canonical":"https:\/\/www.alcoawheels.com\/europe\/pl\/ultra-one\/","og_locale":"en_US","og_type":"article","og_title":"Ultra ONE\u00ae","og_description":"Naszym podej\u015bciem jest ci\u0105g\u0142y rozw\u00f3j Felgi Alcoa\u00ae Ultra ONE\u00ae to nasze najl\u017cejsze i najwytrzymalsze felgi. Wykonane s\u0105 w opatentowanej technologii stopu MagnaForce\u00ae. Stop ten jest mocniejszy ni\u017c obecnie obowi\u0105zuj\u0105cy standard bran\u017cowy, co pozwala na produkcj\u0119 l\u017cejszych felg bez utraty wytrzyma\u0142o\u015bci. Zaprojektowane, aby by\u0107 cz\u0119\u015bci\u0105 rodziny Felgi Alcoa\u00ae Ultra ONE\u00ae s\u0105 dost\u0119pne w wyko\u0144czeniach Brushed, LvL [&hellip;]","og_url":"https:\/\/www.alcoawheels.com\/europe\/pl\/ultra-one\/","og_site_name":"Europe Polish","article_modified_time":"2025-11-24T13:21:45+00:00","og_image":[{"url":"https:\/\/www.alcoawheels.com\/europe\/pl\/wp-content\/uploads\/sites\/20\/2023\/05\/homepage-ultra-one_large.jpg","type":"","width":"","height":""}],"twitter_card":"summary_large_image","twitter_misc":{"Est. reading time":"4 minutes"},"schema":{"@context":"https:\/\/schema.org","@graph":[{"@type":"WebPage","@id":"https:\/\/www.alcoawheels.com\/europe\/pl\/ultra-one\/","url":"https:\/\/www.alcoawheels.com\/europe\/pl\/ultra-one\/","name":"Alcoa Wheels | Felgi | Technologia | Ultra ONE \u00ae","isPartOf":{"@id":"https:\/\/www.alcoawheels.com\/europe\/pl\/#website"},"primaryImageOfPage":{"@id":"https:\/\/www.alcoawheels.com\/europe\/pl\/ultra-one\/#primaryimage"},"image":{"@id":"https:\/\/www.alcoawheels.com\/europe\/pl\/ultra-one\/#primaryimage"},"thumbnailUrl":"https:\/\/www.alcoawheels.com\/europe\/pl\/wp-content\/uploads\/sites\/20\/2023\/05\/homepage-ultra-one_large.jpg","datePublished":"2023-05-26T12:27:27+00:00","dateModified":"2025-11-24T13:21:45+00:00","breadcrumb":{"@id":"https:\/\/www.alcoawheels.com\/europe\/pl\/ultra-one\/#breadcrumb"},"inLanguage":"en-US","potentialAction":[{"@type":"ReadAction","target":["https:\/\/www.alcoawheels.com\/europe\/pl\/ultra-one\/"]}]},{"@type":"ImageObject","inLanguage":"en-US","@id":"https:\/\/www.alcoawheels.com\/europe\/pl\/ultra-one\/#primaryimage","url":"https:\/\/www.alcoawheels.com\/europe\/pl\/wp-content\/uploads\/sites\/20\/2023\/05\/homepage-ultra-one_large.jpg","contentUrl":"https:\/\/www.alcoawheels.com\/europe\/pl\/wp-content\/uploads\/sites\/20\/2023\/05\/homepage-ultra-one_large.jpg","width":1440,"height":440,"caption":"Ultra ONE"},{"@type":"BreadcrumbList","@id":"https:\/\/www.alcoawheels.com\/europe\/pl\/ultra-one\/#breadcrumb","itemListElement":[{"@type":"ListItem","position":1,"name":"Home","item":"https:\/\/www.alcoawheels.com\/europe\/pl\/"},{"@type":"ListItem","position":2,"name":"Ultra ONE\u00ae"}]},{"@type":"WebSite","@id":"https:\/\/www.alcoawheels.com\/europe\/pl\/#website","url":"https:\/\/www.alcoawheels.com\/europe\/pl\/","name":"Europe Polish","description":"","publisher":{"@id":"https:\/\/www.alcoawheels.com\/europe\/pl\/#organization"},"potentialAction":[{"@type":"SearchAction","target":{"@type":"EntryPoint","urlTemplate":"https:\/\/www.alcoawheels.com\/europe\/pl\/?s={search_term_string}"},"query-input":{"@type":"PropertyValueSpecification","valueRequired":true,"valueName":"search_term_string"}}],"inLanguage":"en-US"},{"@type":"Organization","@id":"https:\/\/www.alcoawheels.com\/europe\/pl\/#organization","name":"Europe Polish","url":"https:\/\/www.alcoawheels.com\/europe\/pl\/","logo":{"@type":"ImageObject","inLanguage":"en-US","@id":"https:\/\/www.alcoawheels.com\/europe\/pl\/#\/schema\/logo\/image\/","url":"https:\/\/www.alcoawheels.com\/europe\/pl\/wp-content\/uploads\/sites\/20\/2023\/05\/logo-black.gif","contentUrl":"https:\/\/www.alcoawheels.com\/europe\/pl\/wp-content\/uploads\/sites\/20\/2023\/05\/logo-black.gif","width":71,"height":64,"caption":"Europe Polish"},"image":{"@id":"https:\/\/www.alcoawheels.com\/europe\/pl\/#\/schema\/logo\/image\/"}}]}},"parsely":{"version":"1.1.0","canonical_url":"https:\/\/alcoawheels.com\/europe\/pl\/ultra-one\/","smart_links":{"inbound":0,"outbound":0},"traffic_boost_suggestions_count":0,"meta":{"@context":"https:\/\/schema.org","@type":"WebPage","headline":"Ultra ONE\u00ae","url":"http:\/\/www.alcoawheels.com\/europe\/pl\/ultra-one\/","mainEntityOfPage":{"@type":"WebPage","@id":"http:\/\/www.alcoawheels.com\/europe\/pl\/ultra-one\/"},"thumbnailUrl":"","image":{"@type":"ImageObject","url":""},"articleSection":"Uncategorized","author":[{"@type":"Person","name":"howmet"}],"creator":["howmet"],"publisher":{"@type":"Organization","name":"Europe Polish","logo":""},"keywords":[],"dateCreated":"2023-05-26T12:27:27Z","datePublished":"2023-05-26T12:27:27Z","dateModified":"2025-11-24T13:21:45Z"},"rendered":"<script type=\"application\/ld+json\" class=\"wp-parsely-metadata\">{\"@context\":\"https:\\\/\\\/schema.org\",\"@type\":\"WebPage\",\"headline\":\"Ultra ONE\\u00ae\",\"url\":\"http:\\\/\\\/www.alcoawheels.com\\\/europe\\\/pl\\\/ultra-one\\\/\",\"mainEntityOfPage\":{\"@type\":\"WebPage\",\"@id\":\"http:\\\/\\\/www.alcoawheels.com\\\/europe\\\/pl\\\/ultra-one\\\/\"},\"thumbnailUrl\":\"\",\"image\":{\"@type\":\"ImageObject\",\"url\":\"\"},\"articleSection\":\"Uncategorized\",\"author\":[{\"@type\":\"Person\",\"name\":\"howmet\"}],\"creator\":[\"howmet\"],\"publisher\":{\"@type\":\"Organization\",\"name\":\"Europe Polish\",\"logo\":\"\"},\"keywords\":[],\"dateCreated\":\"2023-05-26T12:27:27Z\",\"datePublished\":\"2023-05-26T12:27:27Z\",\"dateModified\":\"2025-11-24T13:21:45Z\"}<\/script>","tracker_url":"https:\/\/cdn.parsely.com\/keys\/alcoawheels.com\/p.js"},"jetpack_sharing_enabled":true,"_links":{"self":[{"href":"https:\/\/www.alcoawheels.com\/europe\/pl\/wp-json\/wp\/v2\/pages\/24","targetHints":{"allow":["GET"]}}],"collection":[{"href":"https:\/\/www.alcoawheels.com\/europe\/pl\/wp-json\/wp\/v2\/pages"}],"about":[{"href":"https:\/\/www.alcoawheels.com\/europe\/pl\/wp-json\/wp\/v2\/types\/page"}],"author":[{"embeddable":true,"href":"https:\/\/www.alcoawheels.com\/europe\/pl\/wp-json\/wp\/v2\/users\/44"}],"replies":[{"embeddable":true,"href":"https:\/\/www.alcoawheels.com\/europe\/pl\/wp-json\/wp\/v2\/comments?post=24"}],"version-history":[{"count":7,"href":"https:\/\/www.alcoawheels.com\/europe\/pl\/wp-json\/wp\/v2\/pages\/24\/revisions"}],"predecessor-version":[{"id":2795,"href":"https:\/\/www.alcoawheels.com\/europe\/pl\/wp-json\/wp\/v2\/pages\/24\/revisions\/2795"}],"wp:attachment":[{"href":"https:\/\/www.alcoawheels.com\/europe\/pl\/wp-json\/wp\/v2\/media?parent=24"}],"curies":[{"name":"wp","href":"https:\/\/api.w.org\/{rel}","templated":true}]}}