{"id":2528,"date":"2024-09-17T14:31:37","date_gmt":"2024-09-17T12:31:37","guid":{"rendered":"https:\/\/www.alcoawheels.com\/europe\/pl\/?page_id=2528"},"modified":"2025-02-07T15:31:52","modified_gmt":"2025-02-07T14:31:52","slug":"formularz-sledzenia-statusu-zgloszenia-felgi","status":"publish","type":"page","link":"https:\/\/www.alcoawheels.com\/europe\/pl\/formularz-sledzenia-statusu-zgloszenia-felgi\/","title":{"rendered":"Formularz \u015bledzenia statusu zg\u0142oszenia felgi"},"content":{"rendered":"\n<div class=\"wp-block-alcoa-wheels-hero-banner-innerpage hero-banner with-image layout-2 overlayEnable align- vertical-align- align-center vertical-align-center\" style=\"background-color:#eee\"><img decoding=\"async\" src=\"https:\/\/www.alcoawheels.com\/europe\/en\/wp-content\/uploads\/sites\/8\/2023\/06\/fsc-intro-banner.jpg\" alt=\"Fleet Service Center for Alcoa Wheels\" class=\"responsiveImage\"\/><div class=\"hero-banner__header\" style=\"text-align:center\"><div class=\"container\"><h1 class=\"hero-banner__header--title\">Formularz \u015bledzenia statusu zg\u0142oszenia felgi<\/h1><\/div><\/div><\/div>\n\n\n\n<div style=\"height:50px\" aria-hidden=\"true\" class=\"wp-block-spacer\"><\/div>\n\n\n    <div class=\"lead-status-block-frontend\" data-attributes=\"{&quot;email&quot;:&quot;Wprowad\\u017a sw\\u00f3j adres e-mail&quot;,&quot;leadId&quot;:&quot;Wprowad\\u017a ID zg\\u0142oszenia&quot;,&quot;status&quot;:&quot;Informacje o statusie&quot;,&quot;resetText&quot;:&quot;Usu\\u0144&quot;,&quot;loading&quot;:&quot;\\u0141adowanie statusu zg\\u0142oszenia\\u2026&quot;,&quot;noMatch&quot;:&quot;Nie znaleziono pasuj\\u0105cych danych dla podanego adresu e-mail i identyfikatora. Zweryfikuj swoje dane i spr\\u00f3buj ponownie.&quot;,&quot;dearCustomer&quot;:&quot;Drogi Kliencie&quot;,&quot;thankYou&quot;:&quot;Najnowszy status zg\\u0142oszenia felgi o ID mo\\u017cna znale\\u017a\\u0107 poni\\u017cej:&quot;,&quot;customerMessage&quot;:&quot;Najnowszy status zg\\u0142oszenia felgi o ID&quot;,&quot;description&quot;:&quot;Opis strony internetowej&quot;,&quot;followMessage&quot;:&quot;W celu uzyskania dalszych informacji prosimy o kontakt:&quot;,&quot;followEmail&quot;:&quot;fleet@howmet.com&quot;,&quot;followPhone&quot;:&quot;lub +3622531841 w godzinach 8:00-16:30 CET w dni robocze.&quot;,&quot;checkboxText&quot;:&quot;Zaznacz pole, aby zaakceptowa\\u0107 nasz\\u0105&quot;,&quot;privacyText&quot;:&quot;polityk\\u0119 prywatno\\u015bci&quot;,&quot;privacyLink&quot;:&quot;\\\/europe\\\/pl\\\/polityka-prywatnosci\\\/&quot;,&quot;consentMessage&quot;:&quot;Przesy\\u0142aj\\u0105c niniejsze zapytanie, niniejszym wyra\\u017cam zgod\\u0119 na przekazanie moich danych osobowych podanych powy\\u017cej firmie Howmet Aerospace Inc. \\ni wszystkim kontrolowanym przez ni\\u0105 podmiotom w Stanach Zjednoczonych Ameryki i poza nimi, a tak\\u017ce ich autoryzowanym zewn\\u0119trznym wykonawcom lub agentom oraz na przetwarzanie takich danych w celu udzielenia odpowiedzi na moje zapytanie. Howmet Aerospace wykorzysta dostarczone informacje wy\\u0142\\u0105cznie w celu udzielenia odpowiedzi na wniosek i b\\u0119dzie przechowywa\\u0107 dane tak d\\u0142ugo, jak b\\u0119dzie to absolutnie konieczne do wype\\u0142nienia wniosku. Potwierdzam, \\u017ce zosta\\u0142em w pe\\u0142ni poinformowany o powodach przetwarzania i przekazywania moich danych osobowych i jestem \\u015bwiadomy wszystkich moich praw dotycz\\u0105cych takich danych osobowych i wszystkich obowi\\u0105zuj\\u0105cych przepis\\u00f3w. Je\\u015bli w dowolnym momencie zdecyduj\\u0119, \\u017ce chc\\u0119 wycofa\\u0107 moj\\u0105 zgod\\u0119 udzielon\\u0105 powy\\u017cej, skontaktuj\\u0119 si\\u0119 z Howmet Aerospace, aby poinformowa\\u0107 ich o tej decyzji. Mam r\\u00f3wnie\\u017c prawo do sprostowania wszelkich nieprawid\\u0142owych informacji przechowywanych przez Howmet Aerospace.&quot;,&quot;leadStatus&quot;:&quot;Lead Status&quot;,&quot;leadTime&quot;:&quot;Lead Time&quot;}\">\n        <form class=\"lead_form\">\n            <input type=\"email\" placeholder=\"Wprowad\u017a sw\u00f3j adres e-mail\" required class=\"email_input\">\n            <input type=\"text\" placeholder=\"Wprowad\u017a ID zg\u0142oszenia\" required>\n            <button type=\"submit\" class=\"input-group-addon submit_button\" disabled>Informacje o statusie<\/button>\n            <button type=\"button\" class=\"input-group-addon reset-button\">Usu\u0144<\/button>\n            <p class=\"field-label consent-label\"><strong>Zaznacz pole, aby zaakceptowa\u0107 nasz\u0105<\/strong> <a href=\"\/europe\/pl\/polityka-prywatnosci\/\" target=\"_blank\">polityk\u0119 prywatno\u015bci<\/a>.<\/p>\n            <div class=\"checkbox-group\" id=\"checkbox_group\">\n                <div class=\"formbuilder-checkbox\">\n                    <input type=\"checkbox\" id=\"consent\" name=\"consent_message\" value=\"Przesy\u0142aj\u0105c niniejsze zapytanie, niniejszym wyra\u017cam zgod\u0119 na przekazanie moich danych osobowych podanych powy\u017cej firmie Howmet Aerospace Inc. \ni wszystkim kontrolowanym przez ni\u0105 podmiotom w Stanach Zjednoczonych Ameryki i poza nimi, a tak\u017ce ich autoryzowanym zewn\u0119trznym wykonawcom lub agentom oraz na przetwarzanie takich danych w celu udzielenia odpowiedzi na moje zapytanie. Howmet Aerospace wykorzysta dostarczone informacje wy\u0142\u0105cznie w celu udzielenia odpowiedzi na wniosek i b\u0119dzie przechowywa\u0107 dane tak d\u0142ugo, jak b\u0119dzie to absolutnie konieczne do wype\u0142nienia wniosku. Potwierdzam, \u017ce zosta\u0142em w pe\u0142ni poinformowany o powodach przetwarzania i przekazywania moich danych osobowych i jestem \u015bwiadomy wszystkich moich praw dotycz\u0105cych takich danych osobowych i wszystkich obowi\u0105zuj\u0105cych przepis\u00f3w. Je\u015bli w dowolnym momencie zdecyduj\u0119, \u017ce chc\u0119 wycofa\u0107 moj\u0105 zgod\u0119 udzielon\u0105 powy\u017cej, skontaktuj\u0119 si\u0119 z Howmet Aerospace, aby poinformowa\u0107 ich o tej decyzji. Mam r\u00f3wnie\u017c prawo do sprostowania wszelkich nieprawid\u0142owych informacji przechowywanych przez Howmet Aerospace.\" class=\"consent_message\" required>\n                    <label for=\"consent_message\">Przesy\u0142aj\u0105c niniejsze zapytanie, niniejszym wyra\u017cam zgod\u0119 na przekazanie moich danych osobowych podanych powy\u017cej firmie Howmet Aerospace Inc. \ni wszystkim kontrolowanym przez ni\u0105 podmiotom w Stanach Zjednoczonych Ameryki i poza nimi, a tak\u017ce ich autoryzowanym zewn\u0119trznym wykonawcom lub agentom oraz na przetwarzanie takich danych w celu udzielenia odpowiedzi na moje zapytanie. Howmet Aerospace wykorzysta dostarczone informacje wy\u0142\u0105cznie w celu udzielenia odpowiedzi na wniosek i b\u0119dzie przechowywa\u0107 dane tak d\u0142ugo, jak b\u0119dzie to absolutnie konieczne do wype\u0142nienia wniosku. Potwierdzam, \u017ce zosta\u0142em w pe\u0142ni poinformowany o powodach przetwarzania i przekazywania moich danych osobowych i jestem \u015bwiadomy wszystkich moich praw dotycz\u0105cych takich danych osobowych i wszystkich obowi\u0105zuj\u0105cych przepis\u00f3w. Je\u015bli w dowolnym momencie zdecyduj\u0119, \u017ce chc\u0119 wycofa\u0107 moj\u0105 zgod\u0119 udzielon\u0105 powy\u017cej, skontaktuj\u0119 si\u0119 z Howmet Aerospace, aby poinformowa\u0107 ich o tej decyzji. Mam r\u00f3wnie\u017c prawo do sprostowania wszelkich nieprawid\u0142owych informacji przechowywanych przez Howmet Aerospace.<\/label>\n                <\/div>\n            <\/div>\n        <\/form>\n        <div class=\"lead_section\"><\/div>\n    <\/div>\n\n\n\n<div style=\"height:50px\" aria-hidden=\"true\" class=\"wp-block-spacer\"><\/div>\n\n\n\n<p>Chcesz przes\u0142a\u0107 inny formularz zg\u0142oszenia felgi? Kliknij <a href=\"https:\/\/www.alcoawheels.com\/europe\/pl\/fleet-service-center\/\">tutaj<\/a><\/p>\n\n\n\n<p>Je\u015bli masz jakiekolwiek problemy lub pytania, odwied\u017a <a href=\"https:\/\/www.alcoawheels.com\/europe\/pl\/cs-wstep\/\">Centrum Serwisowe<\/a> i\/lub nasz\u0105 sekcj\u0119 <a href=\"https:\/\/www.alcoawheels.com\/europe\/pl\/faq\/\">FAQ<\/a>.<\/p>\n\n\n\n<p><\/p>\n","protected":false},"excerpt":{"rendered":"<p>Chcesz przes\u0142a\u0107 inny formularz zg\u0142oszenia felgi? Kliknij tutaj Je\u015bli masz jakiekolwiek problemy lub pytania, odwied\u017a Centrum Serwisowe i\/lub nasz\u0105 sekcj\u0119 FAQ.<\/p>\n","protected":false},"author":62,"featured_media":0,"parent":0,"menu_order":0,"comment_status":"closed","ping_status":"closed","template":"","meta":{"_acf_changed":false,"protected_reviewer_email":"","editor_notices":[],"footnotes":""},"class_list":["post-2528","page","type-page","status-publish","hentry"],"acf":[],"yoast_head":"<!-- This site is optimized with the Yoast SEO Premium plugin v27.4 (Yoast SEO v27.4) - https:\/\/yoast.com\/product\/yoast-seo-premium-wordpress\/ -->\n<title>Formularz \u015bledzenia statusu zg\u0142oszenia felgi - Europe Polish<\/title>\n<meta name=\"robots\" content=\"index, follow, max-snippet:-1, max-image-preview:large, max-video-preview:-1\" \/>\n<link rel=\"canonical\" href=\"https:\/\/www.alcoawheels.com\/europe\/pl\/formularz-sledzenia-statusu-zgloszenia-felgi\/\" \/>\n<meta property=\"og:locale\" content=\"en_US\" \/>\n<meta property=\"og:type\" content=\"article\" \/>\n<meta property=\"og:title\" content=\"Formularz \u015bledzenia statusu zg\u0142oszenia felgi\" \/>\n<meta property=\"og:description\" content=\"Chcesz przes\u0142a\u0107 inny formularz zg\u0142oszenia felgi? Kliknij tutaj Je\u015bli masz jakiekolwiek problemy lub pytania, odwied\u017a Centrum Serwisowe i\/lub nasz\u0105 sekcj\u0119 FAQ.\" \/>\n<meta property=\"og:url\" content=\"https:\/\/www.alcoawheels.com\/europe\/pl\/formularz-sledzenia-statusu-zgloszenia-felgi\/\" \/>\n<meta property=\"og:site_name\" content=\"Europe Polish\" \/>\n<meta property=\"article:modified_time\" content=\"2025-02-07T14:31:52+00:00\" \/>\n<meta property=\"og:image\" content=\"https:\/\/www.alcoawheels.com\/europe\/en\/wp-content\/uploads\/sites\/8\/2023\/06\/fsc-intro-banner.jpg\" \/>\n<meta name=\"twitter:card\" content=\"summary_large_image\" \/>\n<meta name=\"twitter:label1\" content=\"Est. reading time\" \/>\n\t<meta name=\"twitter:data1\" content=\"1 minute\" \/>\n<script type=\"application\/ld+json\" class=\"yoast-schema-graph\">{\"@context\":\"https:\\\/\\\/schema.org\",\"@graph\":[{\"@type\":\"WebPage\",\"@id\":\"https:\\\/\\\/www.alcoawheels.com\\\/europe\\\/pl\\\/formularz-sledzenia-statusu-zgloszenia-felgi\\\/\",\"url\":\"https:\\\/\\\/www.alcoawheels.com\\\/europe\\\/pl\\\/formularz-sledzenia-statusu-zgloszenia-felgi\\\/\",\"name\":\"Formularz \u015bledzenia statusu zg\u0142oszenia felgi - Europe Polish\",\"isPartOf\":{\"@id\":\"https:\\\/\\\/www.alcoawheels.com\\\/europe\\\/pl\\\/#website\"},\"primaryImageOfPage\":{\"@id\":\"https:\\\/\\\/www.alcoawheels.com\\\/europe\\\/pl\\\/formularz-sledzenia-statusu-zgloszenia-felgi\\\/#primaryimage\"},\"image\":{\"@id\":\"https:\\\/\\\/www.alcoawheels.com\\\/europe\\\/pl\\\/formularz-sledzenia-statusu-zgloszenia-felgi\\\/#primaryimage\"},\"thumbnailUrl\":\"https:\\\/\\\/www.alcoawheels.com\\\/europe\\\/en\\\/wp-content\\\/uploads\\\/sites\\\/8\\\/2023\\\/06\\\/fsc-intro-banner.jpg\",\"datePublished\":\"2024-09-17T12:31:37+00:00\",\"dateModified\":\"2025-02-07T14:31:52+00:00\",\"breadcrumb\":{\"@id\":\"https:\\\/\\\/www.alcoawheels.com\\\/europe\\\/pl\\\/formularz-sledzenia-statusu-zgloszenia-felgi\\\/#breadcrumb\"},\"inLanguage\":\"en-US\",\"potentialAction\":[{\"@type\":\"ReadAction\",\"target\":[\"https:\\\/\\\/www.alcoawheels.com\\\/europe\\\/pl\\\/formularz-sledzenia-statusu-zgloszenia-felgi\\\/\"]}]},{\"@type\":\"ImageObject\",\"inLanguage\":\"en-US\",\"@id\":\"https:\\\/\\\/www.alcoawheels.com\\\/europe\\\/pl\\\/formularz-sledzenia-statusu-zgloszenia-felgi\\\/#primaryimage\",\"url\":\"https:\\\/\\\/www.alcoawheels.com\\\/europe\\\/en\\\/wp-content\\\/uploads\\\/sites\\\/8\\\/2023\\\/06\\\/fsc-intro-banner.jpg\",\"contentUrl\":\"https:\\\/\\\/www.alcoawheels.com\\\/europe\\\/en\\\/wp-content\\\/uploads\\\/sites\\\/8\\\/2023\\\/06\\\/fsc-intro-banner.jpg\"},{\"@type\":\"BreadcrumbList\",\"@id\":\"https:\\\/\\\/www.alcoawheels.com\\\/europe\\\/pl\\\/formularz-sledzenia-statusu-zgloszenia-felgi\\\/#breadcrumb\",\"itemListElement\":[{\"@type\":\"ListItem\",\"position\":1,\"name\":\"Home\",\"item\":\"https:\\\/\\\/www.alcoawheels.com\\\/europe\\\/pl\\\/\"},{\"@type\":\"ListItem\",\"position\":2,\"name\":\"Formularz \u015bledzenia statusu zg\u0142oszenia felgi\"}]},{\"@type\":\"WebSite\",\"@id\":\"https:\\\/\\\/www.alcoawheels.com\\\/europe\\\/pl\\\/#website\",\"url\":\"https:\\\/\\\/www.alcoawheels.com\\\/europe\\\/pl\\\/\",\"name\":\"Europe Polish\",\"description\":\"\",\"publisher\":{\"@id\":\"https:\\\/\\\/www.alcoawheels.com\\\/europe\\\/pl\\\/#organization\"},\"potentialAction\":[{\"@type\":\"SearchAction\",\"target\":{\"@type\":\"EntryPoint\",\"urlTemplate\":\"https:\\\/\\\/www.alcoawheels.com\\\/europe\\\/pl\\\/?s={search_term_string}\"},\"query-input\":{\"@type\":\"PropertyValueSpecification\",\"valueRequired\":true,\"valueName\":\"search_term_string\"}}],\"inLanguage\":\"en-US\"},{\"@type\":\"Organization\",\"@id\":\"https:\\\/\\\/www.alcoawheels.com\\\/europe\\\/pl\\\/#organization\",\"name\":\"Europe Polish\",\"url\":\"https:\\\/\\\/www.alcoawheels.com\\\/europe\\\/pl\\\/\",\"logo\":{\"@type\":\"ImageObject\",\"inLanguage\":\"en-US\",\"@id\":\"https:\\\/\\\/www.alcoawheels.com\\\/europe\\\/pl\\\/#\\\/schema\\\/logo\\\/image\\\/\",\"url\":\"https:\\\/\\\/www.alcoawheels.com\\\/europe\\\/pl\\\/wp-content\\\/uploads\\\/sites\\\/20\\\/2023\\\/05\\\/logo-black.gif\",\"contentUrl\":\"https:\\\/\\\/www.alcoawheels.com\\\/europe\\\/pl\\\/wp-content\\\/uploads\\\/sites\\\/20\\\/2023\\\/05\\\/logo-black.gif\",\"width\":71,\"height\":64,\"caption\":\"Europe Polish\"},\"image\":{\"@id\":\"https:\\\/\\\/www.alcoawheels.com\\\/europe\\\/pl\\\/#\\\/schema\\\/logo\\\/image\\\/\"}}]}<\/script>\n<!-- \/ Yoast SEO Premium plugin. -->","yoast_head_json":{"title":"Formularz \u015bledzenia statusu zg\u0142oszenia felgi - Europe Polish","robots":{"index":"index","follow":"follow","max-snippet":"max-snippet:-1","max-image-preview":"max-image-preview:large","max-video-preview":"max-video-preview:-1"},"canonical":"https:\/\/www.alcoawheels.com\/europe\/pl\/formularz-sledzenia-statusu-zgloszenia-felgi\/","og_locale":"en_US","og_type":"article","og_title":"Formularz \u015bledzenia statusu zg\u0142oszenia felgi","og_description":"Chcesz przes\u0142a\u0107 inny formularz zg\u0142oszenia felgi? Kliknij tutaj Je\u015bli masz jakiekolwiek problemy lub pytania, odwied\u017a Centrum Serwisowe i\/lub nasz\u0105 sekcj\u0119 FAQ.","og_url":"https:\/\/www.alcoawheels.com\/europe\/pl\/formularz-sledzenia-statusu-zgloszenia-felgi\/","og_site_name":"Europe Polish","article_modified_time":"2025-02-07T14:31:52+00:00","og_image":[{"url":"https:\/\/www.alcoawheels.com\/europe\/en\/wp-content\/uploads\/sites\/8\/2023\/06\/fsc-intro-banner.jpg","type":"","width":"","height":""}],"twitter_card":"summary_large_image","twitter_misc":{"Est. reading time":"1 minute"},"schema":{"@context":"https:\/\/schema.org","@graph":[{"@type":"WebPage","@id":"https:\/\/www.alcoawheels.com\/europe\/pl\/formularz-sledzenia-statusu-zgloszenia-felgi\/","url":"https:\/\/www.alcoawheels.com\/europe\/pl\/formularz-sledzenia-statusu-zgloszenia-felgi\/","name":"Formularz \u015bledzenia statusu zg\u0142oszenia felgi - Europe Polish","isPartOf":{"@id":"https:\/\/www.alcoawheels.com\/europe\/pl\/#website"},"primaryImageOfPage":{"@id":"https:\/\/www.alcoawheels.com\/europe\/pl\/formularz-sledzenia-statusu-zgloszenia-felgi\/#primaryimage"},"image":{"@id":"https:\/\/www.alcoawheels.com\/europe\/pl\/formularz-sledzenia-statusu-zgloszenia-felgi\/#primaryimage"},"thumbnailUrl":"https:\/\/www.alcoawheels.com\/europe\/en\/wp-content\/uploads\/sites\/8\/2023\/06\/fsc-intro-banner.jpg","datePublished":"2024-09-17T12:31:37+00:00","dateModified":"2025-02-07T14:31:52+00:00","breadcrumb":{"@id":"https:\/\/www.alcoawheels.com\/europe\/pl\/formularz-sledzenia-statusu-zgloszenia-felgi\/#breadcrumb"},"inLanguage":"en-US","potentialAction":[{"@type":"ReadAction","target":["https:\/\/www.alcoawheels.com\/europe\/pl\/formularz-sledzenia-statusu-zgloszenia-felgi\/"]}]},{"@type":"ImageObject","inLanguage":"en-US","@id":"https:\/\/www.alcoawheels.com\/europe\/pl\/formularz-sledzenia-statusu-zgloszenia-felgi\/#primaryimage","url":"https:\/\/www.alcoawheels.com\/europe\/en\/wp-content\/uploads\/sites\/8\/2023\/06\/fsc-intro-banner.jpg","contentUrl":"https:\/\/www.alcoawheels.com\/europe\/en\/wp-content\/uploads\/sites\/8\/2023\/06\/fsc-intro-banner.jpg"},{"@type":"BreadcrumbList","@id":"https:\/\/www.alcoawheels.com\/europe\/pl\/formularz-sledzenia-statusu-zgloszenia-felgi\/#breadcrumb","itemListElement":[{"@type":"ListItem","position":1,"name":"Home","item":"https:\/\/www.alcoawheels.com\/europe\/pl\/"},{"@type":"ListItem","position":2,"name":"Formularz \u015bledzenia statusu zg\u0142oszenia felgi"}]},{"@type":"WebSite","@id":"https:\/\/www.alcoawheels.com\/europe\/pl\/#website","url":"https:\/\/www.alcoawheels.com\/europe\/pl\/","name":"Europe Polish","description":"","publisher":{"@id":"https:\/\/www.alcoawheels.com\/europe\/pl\/#organization"},"potentialAction":[{"@type":"SearchAction","target":{"@type":"EntryPoint","urlTemplate":"https:\/\/www.alcoawheels.com\/europe\/pl\/?s={search_term_string}"},"query-input":{"@type":"PropertyValueSpecification","valueRequired":true,"valueName":"search_term_string"}}],"inLanguage":"en-US"},{"@type":"Organization","@id":"https:\/\/www.alcoawheels.com\/europe\/pl\/#organization","name":"Europe Polish","url":"https:\/\/www.alcoawheels.com\/europe\/pl\/","logo":{"@type":"ImageObject","inLanguage":"en-US","@id":"https:\/\/www.alcoawheels.com\/europe\/pl\/#\/schema\/logo\/image\/","url":"https:\/\/www.alcoawheels.com\/europe\/pl\/wp-content\/uploads\/sites\/20\/2023\/05\/logo-black.gif","contentUrl":"https:\/\/www.alcoawheels.com\/europe\/pl\/wp-content\/uploads\/sites\/20\/2023\/05\/logo-black.gif","width":71,"height":64,"caption":"Europe Polish"},"image":{"@id":"https:\/\/www.alcoawheels.com\/europe\/pl\/#\/schema\/logo\/image\/"}}]}},"parsely":{"version":"1.1.0","canonical_url":"https:\/\/alcoawheels.com\/europe\/pl\/formularz-sledzenia-statusu-zgloszenia-felgi\/","smart_links":{"inbound":0,"outbound":0},"traffic_boost_suggestions_count":0,"meta":{"@context":"https:\/\/schema.org","@type":"WebPage","headline":"Formularz \u015bledzenia statusu zg\u0142oszenia felgi","url":"http:\/\/www.alcoawheels.com\/europe\/pl\/formularz-sledzenia-statusu-zgloszenia-felgi\/","mainEntityOfPage":{"@type":"WebPage","@id":"http:\/\/www.alcoawheels.com\/europe\/pl\/formularz-sledzenia-statusu-zgloszenia-felgi\/"},"thumbnailUrl":"","image":{"@type":"ImageObject","url":""},"articleSection":"Uncategorized","author":[{"@type":"Person","name":"riccirm"}],"creator":["riccirm"],"publisher":{"@type":"Organization","name":"Europe Polish","logo":""},"keywords":[],"dateCreated":"2024-09-17T12:31:37Z","datePublished":"2024-09-17T12:31:37Z","dateModified":"2025-02-07T14:31:52Z"},"rendered":"<script type=\"application\/ld+json\" class=\"wp-parsely-metadata\">{\"@context\":\"https:\\\/\\\/schema.org\",\"@type\":\"WebPage\",\"headline\":\"Formularz \\u015bledzenia statusu zg\\u0142oszenia felgi\",\"url\":\"http:\\\/\\\/www.alcoawheels.com\\\/europe\\\/pl\\\/formularz-sledzenia-statusu-zgloszenia-felgi\\\/\",\"mainEntityOfPage\":{\"@type\":\"WebPage\",\"@id\":\"http:\\\/\\\/www.alcoawheels.com\\\/europe\\\/pl\\\/formularz-sledzenia-statusu-zgloszenia-felgi\\\/\"},\"thumbnailUrl\":\"\",\"image\":{\"@type\":\"ImageObject\",\"url\":\"\"},\"articleSection\":\"Uncategorized\",\"author\":[{\"@type\":\"Person\",\"name\":\"riccirm\"}],\"creator\":[\"riccirm\"],\"publisher\":{\"@type\":\"Organization\",\"name\":\"Europe Polish\",\"logo\":\"\"},\"keywords\":[],\"dateCreated\":\"2024-09-17T12:31:37Z\",\"datePublished\":\"2024-09-17T12:31:37Z\",\"dateModified\":\"2025-02-07T14:31:52Z\"}<\/script>","tracker_url":"https:\/\/cdn.parsely.com\/keys\/alcoawheels.com\/p.js"},"jetpack_sharing_enabled":true,"_links":{"self":[{"href":"https:\/\/www.alcoawheels.com\/europe\/pl\/wp-json\/wp\/v2\/pages\/2528","targetHints":{"allow":["GET"]}}],"collection":[{"href":"https:\/\/www.alcoawheels.com\/europe\/pl\/wp-json\/wp\/v2\/pages"}],"about":[{"href":"https:\/\/www.alcoawheels.com\/europe\/pl\/wp-json\/wp\/v2\/types\/page"}],"author":[{"embeddable":true,"href":"https:\/\/www.alcoawheels.com\/europe\/pl\/wp-json\/wp\/v2\/users\/62"}],"replies":[{"embeddable":true,"href":"https:\/\/www.alcoawheels.com\/europe\/pl\/wp-json\/wp\/v2\/comments?post=2528"}],"version-history":[{"count":9,"href":"https:\/\/www.alcoawheels.com\/europe\/pl\/wp-json\/wp\/v2\/pages\/2528\/revisions"}],"predecessor-version":[{"id":2586,"href":"https:\/\/www.alcoawheels.com\/europe\/pl\/wp-json\/wp\/v2\/pages\/2528\/revisions\/2586"}],"wp:attachment":[{"href":"https:\/\/www.alcoawheels.com\/europe\/pl\/wp-json\/wp\/v2\/media?parent=2528"}],"curies":[{"name":"wp","href":"https:\/\/api.w.org\/{rel}","templated":true}]}}