{"id":28,"date":"2023-05-26T12:27:58","date_gmt":"2023-05-26T12:27:58","guid":{"rendered":"https:\/\/www.alcoawheels.com\/europe\/pl\/?page_id=28"},"modified":"2025-07-15T13:47:03","modified_gmt":"2025-07-15T11:47:03","slug":"konserwacja","status":"publish","type":"page","link":"https:\/\/www.alcoawheels.com\/europe\/pl\/konserwacja\/","title":{"rendered":"Konserwacja"},"content":{"rendered":"\n<div class=\"wp-block-alcoa-wheels-hero-banner-innerpage hero-banner with-image layout-2 overlayEnable align- vertical-align- align-center vertical-align-center\" style=\"background-color:#eee\"><img decoding=\"async\" src=\"https:\/\/www.alcoawheels.com\/europe\/pl\/wp-content\/uploads\/sites\/20\/2023\/06\/maintenance-banner.jpeg\" alt=\"Maintenance of Alcoa Wheels\" class=\"responsiveImage\"\/><div class=\"hero-banner__header\" style=\"text-align:center\"><div class=\"container\"><h1 class=\"hero-banner__header--title\">Konserwacja<\/h1><\/div><\/div><\/div>\n\n\n\n<div style=\"height:50px\" aria-hidden=\"true\" class=\"wp-block-spacer spacer-fifty\"><\/div>\n\n\n\n<h3 class=\"wp-block-heading\" id=\"h-akcesoria-do-felg-alcoa\">Akcesoria do felg Alcoa<sup>\u00ae<\/sup><\/h3>\n\n\n\n<p>Konserwacja k\u00f3\u0142 Alcoa<sup>\u00ae<\/sup> jest i powinna by\u0107 priorytetem<\/p>\n\n\n\n<p>1. Akcesoria do k\u00f3\u0142 Alcoa<sup>\u00ae<\/sup> zosta\u0142y opracowane i wybrane na przestrzeni wielu lat, aby utrzyma\u0107 felgi w jak najlepszym stanie i zapewni\u0107 ich d\u0142ug\u0105 \u017cywotno\u015b\u0107.<\/p>\n\n\n\n<p>2. Produkty dodatkowe do k\u00f3\u0142 Alcoa<sup>\u00ae<\/sup> s\u0105 dost\u0119pne w naszej sieci autoryzowanych dystrybutor\u00f3w.<\/p>\n\n\n\n<hr class=\"wp-block-separator has-text-color has-alpha-channel-opacity has-background is-style-wide\" style=\"background-color:#cccccc;color:#cccccc\"\/>\n\n\n\n<div class=\"wp-block-alcoa-wheels-zigzag media-list__body\" id=\"zigzag-main-dd37ab2b-fdde-4f03-8751-426b0a716ec7\"><div class=\"media-list__body_main  vertical-align-center  container row-reverse\">\n<div class=\"wp-block-alcoa-wheels-zigzag-item media-list-item\"><div class=\"media-list-item__box_content\"><div class=\"media-list-item__box_content_inner\">\n<h5 class=\"wp-block-heading\" id=\"h-hubgrease\"><strong>HUBgrease<\/strong><\/h5>\n\n\n\n<p>Smar do stosowania podczas monta\u017cu Alcoa<sup>\u00ae<\/sup> Wheels w celu zapobiegania korozji i przywieraniu felg na pia\u015bcie. W celu uzyskania dalszych instrukcji nale\u017cy zapozna\u0107 si\u0119 z instrukcj\u0105 obs\u0142ugi k\u00f3\u0142 Alcoa<sup>\u00ae<\/sup> w sekcji 10.a-krok 4<\/p>\n<\/div><\/div><div class=\"media-list-item__box_image\"><img loading=\"lazy\" decoding=\"async\" width=\"450\" height=\"300\" src=\"https:\/\/www.alcoawheels.com\/europe\/pl\/wp-content\/uploads\/sites\/20\/2023\/06\/maintenance-Hubgrease-thumbnail.jpg\" alt=\"HUBgrease\"\/><\/div><\/div>\n\n\n\n<div class=\"wp-block-alcoa-wheels-zigzag-item media-list-item\"><div class=\"media-list-item__box_content\"><div class=\"media-list-item__box_content_inner\">\n<h5 class=\"wp-block-heading has-text-align-right\" id=\"h-valvegrease\"><strong>VALVEgrease<\/strong><\/h5>\n\n\n\n<p class=\"has-text-align-right\">Smar, kt\u00f3ry dzia\u0142a jako inhibitor korozji podczas monta\u017cu\/wymiany zawor\u00f3w. Zdecydowanie zalecane do stosowania przy ka\u017cdej wymianie opony i zaworu. Wi\u0119cej informacji mo\u017cna znale\u017a\u0107 w instrukcji obs\u0142ugi k\u00f3\u0142 Alcoa<sup>\u00ae<\/sup> w sekcji 10.a krok 4<\/p>\n<\/div><\/div><div class=\"media-list-item__box_image\"><img loading=\"lazy\" decoding=\"async\" width=\"450\" height=\"300\" src=\"https:\/\/www.alcoawheels.com\/europe\/pl\/wp-content\/uploads\/sites\/20\/2023\/06\/maintenance-VALVEgrease-thumbnail.jpg\" alt=\"VALVEgrease\"\/><\/div><\/div>\n\n\n\n<div class=\"wp-block-alcoa-wheels-zigzag-item media-list-item\"><div class=\"media-list-item__box_content\"><div class=\"media-list-item__box_content_inner\">\n<h5 class=\"wp-block-heading\" id=\"h-tarcze-bristle-discs\"><strong><strong><strong><strong><strong><strong><strong>Tarcze bristle discs<\/strong><\/strong><\/strong><\/strong><\/strong><\/strong><\/strong><\/h5>\n\n\n\n<p>Szczotki \u015bcierne i podk\u0142adki o r\u00f3\u017cnych rozmiarach i twardo\u015bci do czyszczenia powierzchni styku, gniazd stopek, wyst\u0119p\u00f3w pilotuj\u0105cych i kraw\u0119dzi centruj\u0105cych piasty.<\/p>\n<\/div><\/div><div class=\"media-list-item__box_image\"><img loading=\"lazy\" decoding=\"async\" width=\"450\" height=\"300\" src=\"https:\/\/www.alcoawheels.com\/europe\/pl\/wp-content\/uploads\/sites\/20\/2023\/06\/maintenance-Bristle-discs-thumbnail.jpg\" alt=\"Bristle discs and pads\"\/><\/div><\/div>\n\n\n\n<div class=\"wp-block-alcoa-wheels-zigzag-item media-list-item\"><div class=\"media-list-item__box_content\"><div class=\"media-list-item__box_content_inner\">\n<h5 class=\"wp-block-heading has-text-align-right\" id=\"h-discmate\"><strong>Discmate<\/strong><\/h5>\n\n\n\n<p class=\"has-text-align-right\">Uszczelka zapobiegaj\u0105ca korozji mi\u0119dzy stalowymi i aluminiowymi ko\u0142ami Alcoa<sup>\u00ae<\/sup> oraz mi\u0119dzy stalow\u0105 piast\u0105 a aluminiowymi ko\u0142ami.<\/p>\n<\/div><\/div><div class=\"media-list-item__box_image\"><img loading=\"lazy\" decoding=\"async\" width=\"450\" height=\"300\" src=\"https:\/\/www.alcoawheels.com\/europe\/pl\/wp-content\/uploads\/sites\/20\/2023\/06\/maintenance-Discmates-thumbnail.jpg\" alt=\"Discmates\"\/><\/div><\/div>\n<\/div><\/div>\n\n\n\n<hr class=\"wp-block-separator has-text-color has-alpha-channel-opacity has-background is-style-wide\" style=\"background-color:#cccccc;color:#cccccc\"\/>\n\n\n\n<div style=\"height:50px\" aria-hidden=\"true\" class=\"wp-block-spacer spacer-fifty\"><\/div>\n\n\n\n<p class=\"u-margin-b10\">Wi\u0119cej informacji w:<\/p>\n\n\n\t\t<div class=\"wp-block-alcoa-product-literature\">\n\t\t\t<div class=\"product-literature-columns container wp-block-alcoa-wheels-related-documents\">\n\t\t\t\t\t\t\t\t\t<div class=\"literature-inner\">\n\t\t\t\t\t\t<div class=\"literature-inner-item\">\n\t\t\t\t\t\t\t<div class=\"pdf-lists-items\">\n\t\t\t\t\t\t\t\t\t\t\t\t\t\t\t\t\t\t\t\t\t\t\t\t\t\t<div class=\"pdf-files\">\n\t\t\t\t\t\t\t\t\t\t<a href=\"https:\/\/www.alcoawheels.com\/europe\/pl\/wp-content\/uploads\/sites\/20\/2026\/02\/Alcoa-Wheels-Accessories-PL.pdf\" target=\"_blank\" class=\"pdf-file\">\n\t\t\t\t\t\t\t\t\t\t\tALCOA<sup>\u00ae<\/sup> WHEELS katalog akcesori\u00f3w\t\t\t\t\t\t\t\t\t\t<\/a>\n\t\t\t\t\t\t\t\t\t\t<div class=\"pdf-size\">2.96 MB<\/div>\n\t\t\t\t\t\t\t\t\t<\/div>\n\t\t\t\t\t\t\t\t\t\t\t\t\t\t\t<\/div>\n\t\t\t\t\t\t<\/div>\n\t\t\t\t\t<\/div>\n\t\t\t\t\t\t\t<\/div>\n\n\t\t<\/div>\n\n\n\n<div id=\"alcoa-wheels-buttons-2e897df0-66de-4f12-9607-37bf07adfa2b\" class=\"wp-block-alcoa-wheels-button-group alcoa-wheels-buttons\"><div class=\"button-row\"><div class=\"button-item\" button-item=\"0\"><p class=\"btn-main btn-link-left-arrow\" aria-label=\"<a href=&quot;https:\/\/apps.spheracloud.net\/communicator\/login.aspx?userid=qD3CEfpiugwA&amp;companyid=SzqDqsuXTJwA&amp;method=home&quot;&gt;<a href=&quot;https:\/\/apps.spheracloud.net\/communicator\/login.aspx?userid=qD3CEfpiugwA&amp;companyid=SzqDqsuXTJwA&amp;method=home&quot;&gt;Safety Data (MSDS)<\/a&gt;<\/a&gt;\"><a href=\"https:\/\/apps.spheracloud.net\/communicator\/login.aspx?userid=qD3CEfpiugwA&amp;companyid=SzqDqsuXTJwA&amp;method=home\"><a href=\"https:\/\/apps.spheracloud.net\/communicator\/login.aspx?userid=qD3CEfpiugwA&amp;companyid=SzqDqsuXTJwA&amp;method=home\">Safety Data (MSDS)<\/a><\/a><\/p><\/div><\/div><\/div>\n\n\n\n<div style=\"height:50px\" aria-hidden=\"true\" class=\"wp-block-spacer spacer-fifty\"><\/div>\n\n\n\n<div class=\"wp-block-alcoa-wheels-card-usecase-1 card-box-v1__body with-icon align-center vertical-align-center\" id=\"card_box_v1-0bab25cf-5c61-4abf-a04f-a862f2ab44ba\"><div class=\"fullwidthcontainer\"><div class=\"card-box-v1__boxes has-4-columns\"><div class=\"card-box-v1__box  with-link \" style=\"background-color:#00afb9\"><img decoding=\"async\" src=\"https:\/\/www.alcoawheels.com\/europe\/pl\/wp-content\/themes\/alcoa-wheels\/assets\/build\/js\/blocks\/card-usecase-1\/..\/..\/..\/images\/placeholder-image.db2b4d5c.jpeg\" alt=\"Kontakt\"\/><div class=\"card-box-v1__box__inner pos-abs\"><div class=\"card-box-v1__box_icon\"><img loading=\"lazy\" decoding=\"async\" width=\"171\" height=\"171\" src=\"https:\/\/www.alcoawheels.com\/europe\/pl\/wp-content\/uploads\/sites\/20\/2023\/06\/contact.png\" alt=\"\"\/><\/div><div class=\"card-box-v1__box_content\"><h4 style=\"color:#ffffff\">Kontakt<\/h4><\/div><div class=\"btn-wrap\"><\/div><\/div><a href=\"\/europe\/pl\/kontakt\" aria-label=\"Kontakt\"><\/a><\/div><div class=\"card-box-v1__box  with-link \" style=\"background-color:#34bfc7\"><img decoding=\"async\" src=\"https:\/\/www.alcoawheels.com\/europe\/pl\/wp-content\/themes\/alcoa-wheels\/assets\/build\/js\/blocks\/card-usecase-1\/..\/..\/..\/images\/placeholder-image.db2b4d5c.jpeg\" alt=\"Gama felg\"\/><div class=\"card-box-v1__box__inner pos-abs\"><div class=\"card-box-v1__box_icon\"><img loading=\"lazy\" decoding=\"async\" width=\"169\" height=\"169\" src=\"https:\/\/www.alcoawheels.com\/europe\/pl\/wp-content\/uploads\/sites\/20\/2023\/06\/product-search.png\" alt=\"\"\/><\/div><div class=\"card-box-v1__box_content\"><h4 style=\"color:#ffffff\">Gama felg<\/h4><\/div><div class=\"btn-wrap\"><\/div><\/div><a href=\"\/europe\/pl\/gama-felg\" aria-label=\"Gama felg\"><\/a><\/div><div class=\"card-box-v1__box  with-link \" style=\"background-color:#00afb9\"><img decoding=\"async\" src=\"https:\/\/www.alcoawheels.com\/europe\/pl\/wp-content\/themes\/alcoa-wheels\/assets\/build\/js\/blocks\/card-usecase-1\/..\/..\/..\/images\/placeholder-image.db2b4d5c.jpeg\" alt=\"Gdzie kupi\u0107?\"\/><div class=\"card-box-v1__box__inner pos-abs\"><div class=\"card-box-v1__box_icon\"><img loading=\"lazy\" decoding=\"async\" width=\"169\" height=\"169\" src=\"https:\/\/www.alcoawheels.com\/europe\/pl\/wp-content\/uploads\/sites\/20\/2023\/06\/where-to-buy.png\" alt=\"\"\/><\/div><div class=\"card-box-v1__box_content\"><h4 style=\"color:#ffffff\">Gdzie kupi\u0107?<\/h4><\/div><div class=\"btn-wrap\"><\/div><\/div><a href=\"\/europe\/pl\/gdzie-kupic\" aria-label=\"Gdzie kupi\u0107?\"><\/a><\/div><div class=\"card-box-v1__box  with-link \" style=\"background-color:#34bfc7\"><img decoding=\"async\" src=\"https:\/\/www.alcoawheels.com\/europe\/pl\/wp-content\/themes\/alcoa-wheels\/assets\/build\/js\/blocks\/card-usecase-1\/..\/..\/..\/images\/placeholder-image.db2b4d5c.jpeg\" alt=\"Do pobrania\"\/><div class=\"card-box-v1__box__inner pos-abs\"><div class=\"card-box-v1__box_icon\"><img loading=\"lazy\" decoding=\"async\" width=\"169\" height=\"169\" src=\"https:\/\/www.alcoawheels.com\/europe\/pl\/wp-content\/uploads\/sites\/20\/2023\/06\/product-literature.png\" alt=\"\"\/><\/div><div class=\"card-box-v1__box_content\"><h4 style=\"color:#ffffff\">Do pobrania<\/h4><\/div><div class=\"btn-wrap\"><\/div><\/div><a href=\"\/europe\/pl\/do-pobrania\" aria-label=\"Do pobrania\"><\/a><\/div><\/div><\/div><\/div>\n","protected":false},"excerpt":{"rendered":"<p>Akcesoria do felg Alcoa\u00ae Konserwacja k\u00f3\u0142 Alcoa\u00ae jest i powinna by\u0107 priorytetem 1. Akcesoria do k\u00f3\u0142 Alcoa\u00ae zosta\u0142y opracowane i wybrane na przestrzeni wielu lat, aby utrzyma\u0107 felgi w jak najlepszym stanie i zapewni\u0107 ich d\u0142ug\u0105 \u017cywotno\u015b\u0107. 2. Produkty dodatkowe do k\u00f3\u0142 Alcoa\u00ae s\u0105 dost\u0119pne w naszej sieci autoryzowanych dystrybutor\u00f3w. Wi\u0119cej informacji w:<\/p>\n","protected":false},"author":44,"featured_media":481,"parent":0,"menu_order":0,"comment_status":"closed","ping_status":"closed","template":"","meta":{"_acf_changed":false,"protected_reviewer_email":"","editor_notices":[],"footnotes":""},"class_list":["post-28","page","type-page","status-publish","has-post-thumbnail","hentry"],"acf":[],"yoast_head":"<!-- This site is optimized with the Yoast SEO Premium plugin v27.2 (Yoast SEO v27.2) - https:\/\/yoast.com\/product\/yoast-seo-premium-wordpress\/ -->\n<title>Konserwacja | Alcoa Wheels<\/title>\n<meta name=\"description\" content=\"Akcesoria Alcoa\u00ae Wheels do utrzymania felg Alcoa\u00ae Wheels w jak najlepszym stanie. Polecamy smary monta\u017cowe HUBgrease, VALVEgrease, podk\u0142adki i tarcze Bristle Disc oraz tarcze dystansowe Discmate.\" \/>\n<meta name=\"robots\" content=\"index, follow, max-snippet:-1, max-image-preview:large, max-video-preview:-1\" \/>\n<link rel=\"canonical\" href=\"https:\/\/www.alcoawheels.com\/europe\/pl\/konserwacja\/\" \/>\n<meta property=\"og:locale\" content=\"en_US\" \/>\n<meta property=\"og:type\" content=\"article\" \/>\n<meta property=\"og:title\" content=\"Konserwacja\" \/>\n<meta property=\"og:description\" content=\"Akcesoria Alcoa\u00ae Wheels do utrzymania felg Alcoa\u00ae Wheels w jak najlepszym stanie. Polecamy smary monta\u017cowe HUBgrease, VALVEgrease, podk\u0142adki i tarcze Bristle Disc oraz tarcze dystansowe Discmate.\" \/>\n<meta property=\"og:url\" content=\"https:\/\/www.alcoawheels.com\/europe\/pl\/konserwacja\/\" \/>\n<meta property=\"og:site_name\" content=\"Europe Polish\" \/>\n<meta property=\"article:modified_time\" content=\"2025-07-15T11:47:03+00:00\" \/>\n<meta property=\"og:image\" content=\"https:\/\/www.alcoawheels.com\/europe\/pl\/wp-content\/uploads\/sites\/20\/2023\/06\/maintenance-Hubgrease-thumbnail.jpg\" \/>\n\t<meta property=\"og:image:width\" content=\"450\" \/>\n\t<meta property=\"og:image:height\" content=\"300\" \/>\n\t<meta property=\"og:image:type\" content=\"image\/jpeg\" \/>\n<meta name=\"twitter:card\" content=\"summary_large_image\" \/>\n<meta name=\"twitter:label1\" content=\"Est. reading time\" \/>\n\t<meta name=\"twitter:data1\" content=\"1 minute\" \/>\n<script type=\"application\/ld+json\" class=\"yoast-schema-graph\">{\"@context\":\"https:\/\/schema.org\",\"@graph\":[{\"@type\":\"WebPage\",\"@id\":\"https:\/\/www.alcoawheels.com\/europe\/pl\/konserwacja\/\",\"url\":\"https:\/\/www.alcoawheels.com\/europe\/pl\/konserwacja\/\",\"name\":\"Konserwacja | Alcoa Wheels\",\"isPartOf\":{\"@id\":\"https:\/\/www.alcoawheels.com\/europe\/pl\/#website\"},\"primaryImageOfPage\":{\"@id\":\"https:\/\/www.alcoawheels.com\/europe\/pl\/konserwacja\/#primaryimage\"},\"image\":{\"@id\":\"https:\/\/www.alcoawheels.com\/europe\/pl\/konserwacja\/#primaryimage\"},\"thumbnailUrl\":\"https:\/\/www.alcoawheels.com\/europe\/pl\/wp-content\/uploads\/sites\/20\/2023\/06\/maintenance-Hubgrease-thumbnail.jpg\",\"datePublished\":\"2023-05-26T12:27:58+00:00\",\"dateModified\":\"2025-07-15T11:47:03+00:00\",\"description\":\"Akcesoria Alcoa\u00ae Wheels do utrzymania felg Alcoa\u00ae Wheels w jak najlepszym stanie. Polecamy smary monta\u017cowe HUBgrease, VALVEgrease, podk\u0142adki i tarcze Bristle Disc oraz tarcze dystansowe Discmate.\",\"breadcrumb\":{\"@id\":\"https:\/\/www.alcoawheels.com\/europe\/pl\/konserwacja\/#breadcrumb\"},\"inLanguage\":\"en-US\",\"potentialAction\":[{\"@type\":\"ReadAction\",\"target\":[\"https:\/\/www.alcoawheels.com\/europe\/pl\/konserwacja\/\"]}]},{\"@type\":\"ImageObject\",\"inLanguage\":\"en-US\",\"@id\":\"https:\/\/www.alcoawheels.com\/europe\/pl\/konserwacja\/#primaryimage\",\"url\":\"https:\/\/www.alcoawheels.com\/europe\/pl\/wp-content\/uploads\/sites\/20\/2023\/06\/maintenance-Hubgrease-thumbnail.jpg\",\"contentUrl\":\"https:\/\/www.alcoawheels.com\/europe\/pl\/wp-content\/uploads\/sites\/20\/2023\/06\/maintenance-Hubgrease-thumbnail.jpg\",\"width\":450,\"height\":300,\"caption\":\"HUBgrease\"},{\"@type\":\"BreadcrumbList\",\"@id\":\"https:\/\/www.alcoawheels.com\/europe\/pl\/konserwacja\/#breadcrumb\",\"itemListElement\":[{\"@type\":\"ListItem\",\"position\":1,\"name\":\"Home\",\"item\":\"https:\/\/www.alcoawheels.com\/europe\/pl\/\"},{\"@type\":\"ListItem\",\"position\":2,\"name\":\"Konserwacja\"}]},{\"@type\":\"WebSite\",\"@id\":\"https:\/\/www.alcoawheels.com\/europe\/pl\/#website\",\"url\":\"https:\/\/www.alcoawheels.com\/europe\/pl\/\",\"name\":\"Europe Polish\",\"description\":\"\",\"publisher\":{\"@id\":\"https:\/\/www.alcoawheels.com\/europe\/pl\/#organization\"},\"potentialAction\":[{\"@type\":\"SearchAction\",\"target\":{\"@type\":\"EntryPoint\",\"urlTemplate\":\"https:\/\/www.alcoawheels.com\/europe\/pl\/?s={search_term_string}\"},\"query-input\":{\"@type\":\"PropertyValueSpecification\",\"valueRequired\":true,\"valueName\":\"search_term_string\"}}],\"inLanguage\":\"en-US\"},{\"@type\":\"Organization\",\"@id\":\"https:\/\/www.alcoawheels.com\/europe\/pl\/#organization\",\"name\":\"Europe Polish\",\"url\":\"https:\/\/www.alcoawheels.com\/europe\/pl\/\",\"logo\":{\"@type\":\"ImageObject\",\"inLanguage\":\"en-US\",\"@id\":\"https:\/\/www.alcoawheels.com\/europe\/pl\/#\/schema\/logo\/image\/\",\"url\":\"https:\/\/www.alcoawheels.com\/europe\/pl\/wp-content\/uploads\/sites\/20\/2023\/05\/logo-black.gif\",\"contentUrl\":\"https:\/\/www.alcoawheels.com\/europe\/pl\/wp-content\/uploads\/sites\/20\/2023\/05\/logo-black.gif\",\"width\":71,\"height\":64,\"caption\":\"Europe Polish\"},\"image\":{\"@id\":\"https:\/\/www.alcoawheels.com\/europe\/pl\/#\/schema\/logo\/image\/\"}}]}<\/script>\n<!-- \/ Yoast SEO Premium plugin. -->","yoast_head_json":{"title":"Konserwacja | Alcoa Wheels","description":"Akcesoria Alcoa\u00ae Wheels do utrzymania felg Alcoa\u00ae Wheels w jak najlepszym stanie. Polecamy smary monta\u017cowe HUBgrease, VALVEgrease, podk\u0142adki i tarcze Bristle Disc oraz tarcze dystansowe Discmate.","robots":{"index":"index","follow":"follow","max-snippet":"max-snippet:-1","max-image-preview":"max-image-preview:large","max-video-preview":"max-video-preview:-1"},"canonical":"https:\/\/www.alcoawheels.com\/europe\/pl\/konserwacja\/","og_locale":"en_US","og_type":"article","og_title":"Konserwacja","og_description":"Akcesoria Alcoa\u00ae Wheels do utrzymania felg Alcoa\u00ae Wheels w jak najlepszym stanie. Polecamy smary monta\u017cowe HUBgrease, VALVEgrease, podk\u0142adki i tarcze Bristle Disc oraz tarcze dystansowe Discmate.","og_url":"https:\/\/www.alcoawheels.com\/europe\/pl\/konserwacja\/","og_site_name":"Europe Polish","article_modified_time":"2025-07-15T11:47:03+00:00","og_image":[{"width":450,"height":300,"url":"https:\/\/www.alcoawheels.com\/europe\/pl\/wp-content\/uploads\/sites\/20\/2023\/06\/maintenance-Hubgrease-thumbnail.jpg","type":"image\/jpeg"}],"twitter_card":"summary_large_image","twitter_misc":{"Est. reading time":"1 minute"},"schema":{"@context":"https:\/\/schema.org","@graph":[{"@type":"WebPage","@id":"https:\/\/www.alcoawheels.com\/europe\/pl\/konserwacja\/","url":"https:\/\/www.alcoawheels.com\/europe\/pl\/konserwacja\/","name":"Konserwacja | Alcoa Wheels","isPartOf":{"@id":"https:\/\/www.alcoawheels.com\/europe\/pl\/#website"},"primaryImageOfPage":{"@id":"https:\/\/www.alcoawheels.com\/europe\/pl\/konserwacja\/#primaryimage"},"image":{"@id":"https:\/\/www.alcoawheels.com\/europe\/pl\/konserwacja\/#primaryimage"},"thumbnailUrl":"https:\/\/www.alcoawheels.com\/europe\/pl\/wp-content\/uploads\/sites\/20\/2023\/06\/maintenance-Hubgrease-thumbnail.jpg","datePublished":"2023-05-26T12:27:58+00:00","dateModified":"2025-07-15T11:47:03+00:00","description":"Akcesoria Alcoa\u00ae Wheels do utrzymania felg Alcoa\u00ae Wheels w jak najlepszym stanie. Polecamy smary monta\u017cowe HUBgrease, VALVEgrease, podk\u0142adki i tarcze Bristle Disc oraz tarcze dystansowe Discmate.","breadcrumb":{"@id":"https:\/\/www.alcoawheels.com\/europe\/pl\/konserwacja\/#breadcrumb"},"inLanguage":"en-US","potentialAction":[{"@type":"ReadAction","target":["https:\/\/www.alcoawheels.com\/europe\/pl\/konserwacja\/"]}]},{"@type":"ImageObject","inLanguage":"en-US","@id":"https:\/\/www.alcoawheels.com\/europe\/pl\/konserwacja\/#primaryimage","url":"https:\/\/www.alcoawheels.com\/europe\/pl\/wp-content\/uploads\/sites\/20\/2023\/06\/maintenance-Hubgrease-thumbnail.jpg","contentUrl":"https:\/\/www.alcoawheels.com\/europe\/pl\/wp-content\/uploads\/sites\/20\/2023\/06\/maintenance-Hubgrease-thumbnail.jpg","width":450,"height":300,"caption":"HUBgrease"},{"@type":"BreadcrumbList","@id":"https:\/\/www.alcoawheels.com\/europe\/pl\/konserwacja\/#breadcrumb","itemListElement":[{"@type":"ListItem","position":1,"name":"Home","item":"https:\/\/www.alcoawheels.com\/europe\/pl\/"},{"@type":"ListItem","position":2,"name":"Konserwacja"}]},{"@type":"WebSite","@id":"https:\/\/www.alcoawheels.com\/europe\/pl\/#website","url":"https:\/\/www.alcoawheels.com\/europe\/pl\/","name":"Europe Polish","description":"","publisher":{"@id":"https:\/\/www.alcoawheels.com\/europe\/pl\/#organization"},"potentialAction":[{"@type":"SearchAction","target":{"@type":"EntryPoint","urlTemplate":"https:\/\/www.alcoawheels.com\/europe\/pl\/?s={search_term_string}"},"query-input":{"@type":"PropertyValueSpecification","valueRequired":true,"valueName":"search_term_string"}}],"inLanguage":"en-US"},{"@type":"Organization","@id":"https:\/\/www.alcoawheels.com\/europe\/pl\/#organization","name":"Europe Polish","url":"https:\/\/www.alcoawheels.com\/europe\/pl\/","logo":{"@type":"ImageObject","inLanguage":"en-US","@id":"https:\/\/www.alcoawheels.com\/europe\/pl\/#\/schema\/logo\/image\/","url":"https:\/\/www.alcoawheels.com\/europe\/pl\/wp-content\/uploads\/sites\/20\/2023\/05\/logo-black.gif","contentUrl":"https:\/\/www.alcoawheels.com\/europe\/pl\/wp-content\/uploads\/sites\/20\/2023\/05\/logo-black.gif","width":71,"height":64,"caption":"Europe Polish"},"image":{"@id":"https:\/\/www.alcoawheels.com\/europe\/pl\/#\/schema\/logo\/image\/"}}]}},"parsely":{"version":"1.1.0","canonical_url":"https:\/\/alcoawheels.com\/europe\/pl\/konserwacja\/","smart_links":{"inbound":0,"outbound":0},"traffic_boost_suggestions_count":0,"meta":{"@context":"https:\/\/schema.org","@type":"WebPage","headline":"Konserwacja","url":"http:\/\/www.alcoawheels.com\/europe\/pl\/konserwacja\/","mainEntityOfPage":{"@type":"WebPage","@id":"http:\/\/www.alcoawheels.com\/europe\/pl\/konserwacja\/"},"thumbnailUrl":"https:\/\/www.alcoawheels.com\/europe\/pl\/wp-content\/uploads\/sites\/20\/2023\/06\/maintenance-Hubgrease-thumbnail.jpg?w=150&h=150&crop=1","image":{"@type":"ImageObject","url":"https:\/\/www.alcoawheels.com\/europe\/pl\/wp-content\/uploads\/sites\/20\/2023\/06\/maintenance-Hubgrease-thumbnail.jpg"},"articleSection":"Uncategorized","author":[{"@type":"Person","name":"howmet"}],"creator":["howmet"],"publisher":{"@type":"Organization","name":"Europe Polish","logo":""},"keywords":[],"dateCreated":"2023-05-26T12:27:58Z","datePublished":"2023-05-26T12:27:58Z","dateModified":"2025-07-15T11:47:03Z"},"rendered":"<script type=\"application\/ld+json\" class=\"wp-parsely-metadata\">{\"@context\":\"https:\\\/\\\/schema.org\",\"@type\":\"WebPage\",\"headline\":\"Konserwacja\",\"url\":\"http:\\\/\\\/www.alcoawheels.com\\\/europe\\\/pl\\\/konserwacja\\\/\",\"mainEntityOfPage\":{\"@type\":\"WebPage\",\"@id\":\"http:\\\/\\\/www.alcoawheels.com\\\/europe\\\/pl\\\/konserwacja\\\/\"},\"thumbnailUrl\":\"https:\\\/\\\/www.alcoawheels.com\\\/europe\\\/pl\\\/wp-content\\\/uploads\\\/sites\\\/20\\\/2023\\\/06\\\/maintenance-Hubgrease-thumbnail.jpg?w=150&h=150&crop=1\",\"image\":{\"@type\":\"ImageObject\",\"url\":\"https:\\\/\\\/www.alcoawheels.com\\\/europe\\\/pl\\\/wp-content\\\/uploads\\\/sites\\\/20\\\/2023\\\/06\\\/maintenance-Hubgrease-thumbnail.jpg\"},\"articleSection\":\"Uncategorized\",\"author\":[{\"@type\":\"Person\",\"name\":\"howmet\"}],\"creator\":[\"howmet\"],\"publisher\":{\"@type\":\"Organization\",\"name\":\"Europe Polish\",\"logo\":\"\"},\"keywords\":[],\"dateCreated\":\"2023-05-26T12:27:58Z\",\"datePublished\":\"2023-05-26T12:27:58Z\",\"dateModified\":\"2025-07-15T11:47:03Z\"}<\/script>","tracker_url":"https:\/\/cdn.parsely.com\/keys\/alcoawheels.com\/p.js"},"jetpack_sharing_enabled":true,"_links":{"self":[{"href":"https:\/\/www.alcoawheels.com\/europe\/pl\/wp-json\/wp\/v2\/pages\/28","targetHints":{"allow":["GET"]}}],"collection":[{"href":"https:\/\/www.alcoawheels.com\/europe\/pl\/wp-json\/wp\/v2\/pages"}],"about":[{"href":"https:\/\/www.alcoawheels.com\/europe\/pl\/wp-json\/wp\/v2\/types\/page"}],"author":[{"embeddable":true,"href":"https:\/\/www.alcoawheels.com\/europe\/pl\/wp-json\/wp\/v2\/users\/44"}],"replies":[{"embeddable":true,"href":"https:\/\/www.alcoawheels.com\/europe\/pl\/wp-json\/wp\/v2\/comments?post=28"}],"version-history":[{"count":19,"href":"https:\/\/www.alcoawheels.com\/europe\/pl\/wp-json\/wp\/v2\/pages\/28\/revisions"}],"predecessor-version":[{"id":2707,"href":"https:\/\/www.alcoawheels.com\/europe\/pl\/wp-json\/wp\/v2\/pages\/28\/revisions\/2707"}],"wp:featuredmedia":[{"embeddable":true,"href":"https:\/\/www.alcoawheels.com\/europe\/pl\/wp-json\/wp\/v2\/media\/481"}],"wp:attachment":[{"href":"https:\/\/www.alcoawheels.com\/europe\/pl\/wp-json\/wp\/v2\/media?parent=28"}],"curies":[{"name":"wp","href":"https:\/\/api.w.org\/{rel}","templated":true}]}}