{"id":30,"date":"2023-05-26T12:28:10","date_gmt":"2023-05-26T12:28:10","guid":{"rendered":"https:\/\/www.alcoawheels.com\/europe\/pl\/?page_id=30"},"modified":"2025-11-24T16:01:34","modified_gmt":"2025-11-24T15:01:34","slug":"wyglad","status":"publish","type":"page","link":"https:\/\/www.alcoawheels.com\/europe\/pl\/wyglad\/","title":{"rendered":"Wygl\u0105d"},"content":{"rendered":"\n<div class=\"wp-block-alcoa-wheels-hero-banner-innerpage hero-banner with-image layout-2 overlayEnable align- vertical-align- align-center vertical-align-center\" style=\"background-color:#eee\"><img decoding=\"async\" src=\"https:\/\/www.alcoawheels.com\/europe\/pl\/wp-content\/uploads\/sites\/20\/2023\/06\/appearance-banner.jpeg\" alt=\"Appearance Alcoa Wheels\" class=\"responsiveImage\"\/><div class=\"hero-banner__header\" style=\"text-align:center\"><div class=\"container\"><h1 class=\"hero-banner__header--title\">Wygl\u0105d<\/h1><\/div><\/div><\/div>\n\n\n\n<div style=\"height:50px\" aria-hidden=\"true\" class=\"wp-block-spacer spacer-fifty\"><\/div>\n\n\n\n<h3 class=\"wp-block-heading\" id=\"h-akcesoria-do-felg-alcoa\">Akcesoria do felg Alcoa<sup>\u00ae<\/sup><\/h3>\n\n\n\n<p>Konserwacja k\u00f3\u0142 Alcoa<sup>\u00ae<\/sup> jest i powinna by\u0107 priorytetem<\/p>\n\n\n\n<p>1. Akcesoria do k\u00f3\u0142 Alcoa<sup>\u00ae<\/sup> zosta\u0142y opracowane i wybrane na przestrzeni wielu lat, aby utrzyma\u0107 felgi w jak najlepszym stanie i zapewni\u0107 ich d\u0142ug\u0105 \u017cywotno\u015b\u0107.<\/p>\n\n\n\n<p>2. Produkty dodatkowe do k\u00f3\u0142 Alcoa<sup>\u00ae<\/sup> s\u0105 dost\u0119pne w naszej sieci autoryzowanych dystrybutor\u00f3w.<\/p>\n\n\n\n<hr class=\"wp-block-separator has-text-color has-alpha-channel-opacity has-background is-style-wide\" style=\"background-color:#cccccc;color:#cccccc\"\/>\n\n\n\n<div class=\"wp-block-alcoa-wheels-zigzag media-list__body\" id=\"zigzag-main-dd37ab2b-fdde-4f03-8751-426b0a716ec7\"><div class=\"media-list__body_main  vertical-align-center  container row-reverse\">\n<div class=\"wp-block-alcoa-wheels-zigzag-item media-list-item\"><div class=\"media-list-item__box_content\"><div class=\"media-list-item__box_content_inner\">\n<h5 class=\"wp-block-heading\" id=\"h-alcover-chromowana-oslona-abs-alcover\"><strong>Alcover: chromowana os\u0142ona ABS Alcover+<\/strong><\/h5>\n\n\n\n<p>Uniwersalne nak\u0142adki na nakr\u0119tki z tulejk\u0105 do k\u00f3\u0142 Alcoa<sup>\u00ae<\/sup> z sze\u015bciok\u0105tem 32 i 33 mm.<\/p>\n<\/div><\/div><div class=\"media-list-item__box_image\"><img loading=\"lazy\" decoding=\"async\" width=\"450\" height=\"323\" src=\"https:\/\/www.alcoawheels.com\/europe\/pl\/wp-content\/uploads\/sites\/20\/2025\/08\/Alcover_chrome_plastic_web_450x323.jpg\" alt=\"Alcover: chromowana os\u0142ona ABS Alcover\"\/><\/div><\/div>\n\n\n\n<div class=\"wp-block-alcoa-wheels-zigzag-item media-list-item\"><div class=\"media-list-item__box_content\"><div class=\"media-list-item__box_content_inner\">\n<h5 class=\"wp-block-heading has-text-align-right\" id=\"h-alcover-stal-nierdzewna\"><strong>ALcover: stal nierdzewna<\/strong><\/h5>\n\n\n\n<p class=\"has-text-align-right\">Wysokiej jako\u015bci nak\u0142adki na nakr\u0119tki k\u00f3\u0142 ze stali nierdzewnej z wyt\u0142oczonym logo Alcoa<sup>\u00ae<\/sup>. Dost\u0119pne do nak\u0142adek na nakr\u0119tki Alcoa<sup>\u00ae<\/sup> Wheels. Sze\u015bciok\u0105t 32 i 33 mm. Algrip, narz\u0119dzie do monta\u017cu lub demonta\u017cu stalowych nak\u0142adek nakr\u0119tek, mo\u017cna zam\u00f3wi\u0107 oddzielnie.<\/p>\n<\/div><\/div><div class=\"media-list-item__box_image\"><img loading=\"lazy\" decoding=\"async\" width=\"450\" height=\"300\" src=\"https:\/\/www.alcoawheels.com\/europe\/pl\/wp-content\/uploads\/sites\/20\/2025\/08\/ALcover-standard-steel-2025-web-resize.jpg\" alt=\"ALcover standard steel\"\/><\/div><\/div>\n\n\n\n<div class=\"wp-block-alcoa-wheels-zigzag-item media-list-item\"><div class=\"media-list-item__box_content\"><div class=\"media-list-item__box_content_inner\">\n<h5 class=\"wp-block-heading\" id=\"h-alcover-ze-stali-nierdzewnej-bardzo-wysokie\">ALcover+ ze stali nierdzewnej, bardzo wysokie<\/h5>\n\n\n\n<p>Wysokiej jako\u015bci os\u0142ony na nakr\u0119tki ze stali nierdzewnej, bardzo wysokie, z wyt\u0142oczonym logo Alcoa<sup>\u00ae<\/sup>.<\/p>\n\n\n\n<p>IDEALNE do pojazd\u00f3w z d\u0142u\u017cszymi szpilkami. Dost\u0119pne do nakr\u0119tek k\u00f3\u0142 z \u0142bem sze\u015bciok\u0105tnym 32 mm i 33 mm.<\/p>\n<\/div><\/div><div class=\"media-list-item__box_image\"><img loading=\"lazy\" decoding=\"async\" width=\"450\" height=\"300\" src=\"https:\/\/www.alcoawheels.com\/europe\/pl\/wp-content\/uploads\/sites\/20\/2025\/08\/ALcover_stainless_steel_nut_cover_box_1_450x300.jpg\" alt=\"ALcover+ stainless steel nut cover box\"\/><\/div><\/div>\n\n\n\n<div class=\"wp-block-alcoa-wheels-zigzag-item media-list-item\"><div class=\"media-list-item__box_content\"><div class=\"media-list-item__box_content_inner\">\n<h5 class=\"wp-block-heading\" id=\"h-algrip\"><strong>ALgrip<\/strong><\/h5>\n\n\n\n<p>Szczypce do monta\u017cu i zdejmowania nak\u0142adek na nakr\u0119tki k\u00f3\u0142 ze stali nierdzewnej. Algrip, narz\u0119dzie do monta\u017cu lub demonta\u017cu stalowych nak\u0142adek nakr\u0119tek, mo\u017cna zam\u00f3wi\u0107 oddzielnie.<\/p>\n<\/div><\/div><div class=\"media-list-item__box_image\"><img loading=\"lazy\" decoding=\"async\" width=\"450\" height=\"300\" src=\"https:\/\/www.alcoawheels.com\/europe\/pl\/wp-content\/uploads\/sites\/20\/2023\/06\/appearance-ALgrip-thumbnail.jpg\" alt=\"ALgrip\"\/><\/div><\/div>\n<\/div><\/div>\n\n\n\n<hr class=\"wp-block-separator has-text-color has-alpha-channel-opacity has-background is-style-wide\" style=\"background-color:#cccccc;color:#cccccc\"\/>\n\n\n\n<div style=\"height:50px\" aria-hidden=\"true\" class=\"wp-block-spacer spacer-fifty\"><\/div>\n\n\n\n<p class=\"u-margin-b10\">Wi\u0119cej informacji w:<\/p>\n\n\n\t\t<div class=\"wp-block-alcoa-product-literature\">\n\t\t\t<div class=\"product-literature-columns container wp-block-alcoa-wheels-related-documents\">\n\t\t\t\t\t\t\t\t\t<div class=\"literature-inner\">\n\t\t\t\t\t\t<div class=\"literature-inner-item\">\n\t\t\t\t\t\t\t<div class=\"pdf-lists-items\">\n\t\t\t\t\t\t\t\t\t\t\t\t\t\t\t\t\t\t\t\t\t\t\t\t\t\t<div class=\"pdf-files\">\n\t\t\t\t\t\t\t\t\t\t<a href=\"https:\/\/www.alcoawheels.com\/europe\/pl\/wp-content\/uploads\/sites\/20\/2026\/02\/Alcoa-Wheels-Accessories-PL.pdf\" target=\"_blank\" class=\"pdf-file\">\n\t\t\t\t\t\t\t\t\t\t\tALCOA<sup>\u00ae<\/sup> WHEELS katalog akcesori\u00f3w\t\t\t\t\t\t\t\t\t\t<\/a>\n\t\t\t\t\t\t\t\t\t\t<div class=\"pdf-size\">2.96 MB<\/div>\n\t\t\t\t\t\t\t\t\t<\/div>\n\t\t\t\t\t\t\t\t\t\t\t\t\t\t\t<\/div>\n\t\t\t\t\t\t<\/div>\n\t\t\t\t\t<\/div>\n\t\t\t\t\t\t\t<\/div>\n\n\t\t<\/div>\n\n\n\n<div style=\"height:50px\" aria-hidden=\"true\" class=\"wp-block-spacer spacer-fifty\"><\/div>\n\n\n\n<div class=\"wp-block-alcoa-wheels-card-usecase-1 card-box-v1__body with-icon align-center vertical-align-center\" id=\"card_box_v1-0bab25cf-5c61-4abf-a04f-a862f2ab44ba\"><div class=\"fullwidthcontainer\"><div class=\"card-box-v1__boxes has-4-columns\"><div class=\"card-box-v1__box  with-link \" style=\"background-color:#00afb9\"><img decoding=\"async\" src=\"https:\/\/www.alcoawheels.com\/europe\/pl\/wp-content\/themes\/alcoa-wheels\/assets\/build\/js\/blocks\/card-usecase-1\/..\/..\/..\/images\/placeholder-image.db2b4d5c.jpeg\" alt=\"Kontakt\"\/><div class=\"card-box-v1__box__inner pos-abs\"><div class=\"card-box-v1__box_icon\"><img loading=\"lazy\" decoding=\"async\" width=\"171\" height=\"171\" src=\"https:\/\/www.alcoawheels.com\/europe\/pl\/wp-content\/uploads\/sites\/20\/2023\/06\/contact.png\" alt=\"\"\/><\/div><div class=\"card-box-v1__box_content\"><h4 style=\"color:#ffffff\">Kontakt<\/h4><\/div><div class=\"btn-wrap\"><\/div><\/div><a href=\"\/europe\/pl\/kontakt\" aria-label=\"Kontakt\"><\/a><\/div><div class=\"card-box-v1__box  with-link \" style=\"background-color:#34bfc7\"><img decoding=\"async\" src=\"https:\/\/www.alcoawheels.com\/europe\/pl\/wp-content\/themes\/alcoa-wheels\/assets\/build\/js\/blocks\/card-usecase-1\/..\/..\/..\/images\/placeholder-image.db2b4d5c.jpeg\" alt=\"Gama felg\"\/><div class=\"card-box-v1__box__inner pos-abs\"><div class=\"card-box-v1__box_icon\"><img loading=\"lazy\" decoding=\"async\" width=\"169\" height=\"169\" src=\"https:\/\/www.alcoawheels.com\/europe\/pl\/wp-content\/uploads\/sites\/20\/2023\/06\/product-search.png\" alt=\"\"\/><\/div><div class=\"card-box-v1__box_content\"><h4 style=\"color:#ffffff\">Gama felg<\/h4><\/div><div class=\"btn-wrap\"><\/div><\/div><a href=\"\/europe\/pl\/gama-felg\" aria-label=\"Gama felg\"><\/a><\/div><div class=\"card-box-v1__box  with-link \" style=\"background-color:#00afb9\"><img decoding=\"async\" src=\"https:\/\/www.alcoawheels.com\/europe\/pl\/wp-content\/themes\/alcoa-wheels\/assets\/build\/js\/blocks\/card-usecase-1\/..\/..\/..\/images\/placeholder-image.db2b4d5c.jpeg\" alt=\"Gdzie kupi\u0107?\"\/><div class=\"card-box-v1__box__inner pos-abs\"><div class=\"card-box-v1__box_icon\"><img loading=\"lazy\" decoding=\"async\" width=\"169\" height=\"169\" src=\"https:\/\/www.alcoawheels.com\/europe\/pl\/wp-content\/uploads\/sites\/20\/2023\/06\/where-to-buy.png\" alt=\"\"\/><\/div><div class=\"card-box-v1__box_content\"><h4 style=\"color:#ffffff\">Gdzie kupi\u0107?<\/h4><\/div><div class=\"btn-wrap\"><\/div><\/div><a href=\"\/europe\/pl\/gdzie-kupic\" aria-label=\"Gdzie kupi\u0107?\"><\/a><\/div><div class=\"card-box-v1__box  with-link \" style=\"background-color:#34bfc7\"><img decoding=\"async\" src=\"https:\/\/www.alcoawheels.com\/europe\/pl\/wp-content\/themes\/alcoa-wheels\/assets\/build\/js\/blocks\/card-usecase-1\/..\/..\/..\/images\/placeholder-image.db2b4d5c.jpeg\" alt=\"Do pobrania\"\/><div class=\"card-box-v1__box__inner pos-abs\"><div class=\"card-box-v1__box_icon\"><img loading=\"lazy\" decoding=\"async\" width=\"169\" height=\"169\" src=\"https:\/\/www.alcoawheels.com\/europe\/pl\/wp-content\/uploads\/sites\/20\/2023\/06\/product-literature.png\" alt=\"\"\/><\/div><div class=\"card-box-v1__box_content\"><h4 style=\"color:#ffffff\">Do pobrania<\/h4><\/div><div class=\"btn-wrap\"><\/div><\/div><a href=\"\/europe\/pl\/do-pobrania\" aria-label=\"Do pobrania\"><\/a><\/div><\/div><\/div><\/div>\n","protected":false},"excerpt":{"rendered":"<p>Akcesoria do felg Alcoa\u00ae Konserwacja k\u00f3\u0142 Alcoa\u00ae jest i powinna by\u0107 priorytetem 1. Akcesoria do k\u00f3\u0142 Alcoa\u00ae zosta\u0142y opracowane i wybrane na przestrzeni wielu lat, aby utrzyma\u0107 felgi w jak najlepszym stanie i zapewni\u0107 ich d\u0142ug\u0105 \u017cywotno\u015b\u0107. 2. Produkty dodatkowe do k\u00f3\u0142 Alcoa\u00ae s\u0105 dost\u0119pne w naszej sieci autoryzowanych dystrybutor\u00f3w. Wi\u0119cej informacji w:<\/p>\n","protected":false},"author":44,"featured_media":2796,"parent":0,"menu_order":0,"comment_status":"closed","ping_status":"closed","template":"","meta":{"_acf_changed":false,"protected_reviewer_email":"","editor_notices":[],"footnotes":""},"class_list":["post-30","page","type-page","status-publish","has-post-thumbnail","hentry"],"acf":[],"yoast_head":"<!-- This site is optimized with the Yoast SEO Premium plugin v27.4 (Yoast SEO v27.4) - https:\/\/yoast.com\/product\/yoast-seo-premium-wordpress\/ -->\n<title>Wygl\u0105d | Alcoa Wheels<\/title>\n<meta name=\"description\" content=\"Akcesoria do felg Alcoa\u00ae Wheels by\u0142y starannie dobierane i doskonalone przez wiele lat, dzi\u0119ki czemu gwarantuj\u0105 utrzymanie felg w jak najlepszym stanie. Oferujemy nak\u0142adki na nakr\u0119tki k\u00f3\u0142 ALcover z chromowanego plastiku lub stali nierdzewnej oraz kleszcze ALgrip.\" \/>\n<meta name=\"robots\" content=\"index, follow, max-snippet:-1, max-image-preview:large, max-video-preview:-1\" \/>\n<link rel=\"canonical\" href=\"https:\/\/www.alcoawheels.com\/europe\/pl\/wyglad\/\" \/>\n<meta property=\"og:locale\" content=\"en_US\" \/>\n<meta property=\"og:type\" content=\"article\" \/>\n<meta property=\"og:title\" content=\"Wygl\u0105d\" \/>\n<meta property=\"og:description\" content=\"Akcesoria do felg Alcoa\u00ae Wheels by\u0142y starannie dobierane i doskonalone przez wiele lat, dzi\u0119ki czemu gwarantuj\u0105 utrzymanie felg w jak najlepszym stanie. Oferujemy nak\u0142adki na nakr\u0119tki k\u00f3\u0142 ALcover z chromowanego plastiku lub stali nierdzewnej oraz kleszcze ALgrip.\" \/>\n<meta property=\"og:url\" content=\"https:\/\/www.alcoawheels.com\/europe\/pl\/wyglad\/\" \/>\n<meta property=\"og:site_name\" content=\"Europe Polish\" \/>\n<meta property=\"article:modified_time\" content=\"2025-11-24T15:01:34+00:00\" \/>\n<meta property=\"og:image\" content=\"https:\/\/www.alcoawheels.com\/europe\/pl\/wp-content\/uploads\/sites\/20\/2025\/11\/Alcover_chrome_plastic_box_and_Alcover_3pc_low-resize.jpg\" \/>\n\t<meta property=\"og:image:width\" content=\"450\" \/>\n\t<meta property=\"og:image:height\" content=\"300\" \/>\n\t<meta property=\"og:image:type\" content=\"image\/jpeg\" \/>\n<meta name=\"twitter:card\" content=\"summary_large_image\" \/>\n<meta name=\"twitter:label1\" content=\"Est. reading time\" \/>\n\t<meta name=\"twitter:data1\" content=\"4 minutes\" \/>\n<script type=\"application\/ld+json\" class=\"yoast-schema-graph\">{\"@context\":\"https:\\\/\\\/schema.org\",\"@graph\":[{\"@type\":\"WebPage\",\"@id\":\"https:\\\/\\\/www.alcoawheels.com\\\/europe\\\/pl\\\/wyglad\\\/\",\"url\":\"https:\\\/\\\/www.alcoawheels.com\\\/europe\\\/pl\\\/wyglad\\\/\",\"name\":\"Wygl\u0105d | Alcoa Wheels\",\"isPartOf\":{\"@id\":\"https:\\\/\\\/www.alcoawheels.com\\\/europe\\\/pl\\\/#website\"},\"primaryImageOfPage\":{\"@id\":\"https:\\\/\\\/www.alcoawheels.com\\\/europe\\\/pl\\\/wyglad\\\/#primaryimage\"},\"image\":{\"@id\":\"https:\\\/\\\/www.alcoawheels.com\\\/europe\\\/pl\\\/wyglad\\\/#primaryimage\"},\"thumbnailUrl\":\"https:\\\/\\\/www.alcoawheels.com\\\/europe\\\/pl\\\/wp-content\\\/uploads\\\/sites\\\/20\\\/2025\\\/11\\\/Alcover_chrome_plastic_box_and_Alcover_3pc_low-resize.jpg\",\"datePublished\":\"2023-05-26T12:28:10+00:00\",\"dateModified\":\"2025-11-24T15:01:34+00:00\",\"description\":\"Akcesoria do felg Alcoa\u00ae Wheels by\u0142y starannie dobierane i doskonalone przez wiele lat, dzi\u0119ki czemu gwarantuj\u0105 utrzymanie felg w jak najlepszym stanie. Oferujemy nak\u0142adki na nakr\u0119tki k\u00f3\u0142 ALcover z chromowanego plastiku lub stali nierdzewnej oraz kleszcze ALgrip.\",\"breadcrumb\":{\"@id\":\"https:\\\/\\\/www.alcoawheels.com\\\/europe\\\/pl\\\/wyglad\\\/#breadcrumb\"},\"inLanguage\":\"en-US\",\"potentialAction\":[{\"@type\":\"ReadAction\",\"target\":[\"https:\\\/\\\/www.alcoawheels.com\\\/europe\\\/pl\\\/wyglad\\\/\"]}]},{\"@type\":\"ImageObject\",\"inLanguage\":\"en-US\",\"@id\":\"https:\\\/\\\/www.alcoawheels.com\\\/europe\\\/pl\\\/wyglad\\\/#primaryimage\",\"url\":\"https:\\\/\\\/www.alcoawheels.com\\\/europe\\\/pl\\\/wp-content\\\/uploads\\\/sites\\\/20\\\/2025\\\/11\\\/Alcover_chrome_plastic_box_and_Alcover_3pc_low-resize.jpg\",\"contentUrl\":\"https:\\\/\\\/www.alcoawheels.com\\\/europe\\\/pl\\\/wp-content\\\/uploads\\\/sites\\\/20\\\/2025\\\/11\\\/Alcover_chrome_plastic_box_and_Alcover_3pc_low-resize.jpg\",\"width\":450,\"height\":300,\"caption\":\"Chromed plastic Alcovers\"},{\"@type\":\"BreadcrumbList\",\"@id\":\"https:\\\/\\\/www.alcoawheels.com\\\/europe\\\/pl\\\/wyglad\\\/#breadcrumb\",\"itemListElement\":[{\"@type\":\"ListItem\",\"position\":1,\"name\":\"Home\",\"item\":\"https:\\\/\\\/www.alcoawheels.com\\\/europe\\\/pl\\\/\"},{\"@type\":\"ListItem\",\"position\":2,\"name\":\"Wygl\u0105d\"}]},{\"@type\":\"WebSite\",\"@id\":\"https:\\\/\\\/www.alcoawheels.com\\\/europe\\\/pl\\\/#website\",\"url\":\"https:\\\/\\\/www.alcoawheels.com\\\/europe\\\/pl\\\/\",\"name\":\"Europe Polish\",\"description\":\"\",\"publisher\":{\"@id\":\"https:\\\/\\\/www.alcoawheels.com\\\/europe\\\/pl\\\/#organization\"},\"potentialAction\":[{\"@type\":\"SearchAction\",\"target\":{\"@type\":\"EntryPoint\",\"urlTemplate\":\"https:\\\/\\\/www.alcoawheels.com\\\/europe\\\/pl\\\/?s={search_term_string}\"},\"query-input\":{\"@type\":\"PropertyValueSpecification\",\"valueRequired\":true,\"valueName\":\"search_term_string\"}}],\"inLanguage\":\"en-US\"},{\"@type\":\"Organization\",\"@id\":\"https:\\\/\\\/www.alcoawheels.com\\\/europe\\\/pl\\\/#organization\",\"name\":\"Europe Polish\",\"url\":\"https:\\\/\\\/www.alcoawheels.com\\\/europe\\\/pl\\\/\",\"logo\":{\"@type\":\"ImageObject\",\"inLanguage\":\"en-US\",\"@id\":\"https:\\\/\\\/www.alcoawheels.com\\\/europe\\\/pl\\\/#\\\/schema\\\/logo\\\/image\\\/\",\"url\":\"https:\\\/\\\/www.alcoawheels.com\\\/europe\\\/pl\\\/wp-content\\\/uploads\\\/sites\\\/20\\\/2023\\\/05\\\/logo-black.gif\",\"contentUrl\":\"https:\\\/\\\/www.alcoawheels.com\\\/europe\\\/pl\\\/wp-content\\\/uploads\\\/sites\\\/20\\\/2023\\\/05\\\/logo-black.gif\",\"width\":71,\"height\":64,\"caption\":\"Europe Polish\"},\"image\":{\"@id\":\"https:\\\/\\\/www.alcoawheels.com\\\/europe\\\/pl\\\/#\\\/schema\\\/logo\\\/image\\\/\"}}]}<\/script>\n<!-- \/ Yoast SEO Premium plugin. -->","yoast_head_json":{"title":"Wygl\u0105d | Alcoa Wheels","description":"Akcesoria do felg Alcoa\u00ae Wheels by\u0142y starannie dobierane i doskonalone przez wiele lat, dzi\u0119ki czemu gwarantuj\u0105 utrzymanie felg w jak najlepszym stanie. Oferujemy nak\u0142adki na nakr\u0119tki k\u00f3\u0142 ALcover z chromowanego plastiku lub stali nierdzewnej oraz kleszcze ALgrip.","robots":{"index":"index","follow":"follow","max-snippet":"max-snippet:-1","max-image-preview":"max-image-preview:large","max-video-preview":"max-video-preview:-1"},"canonical":"https:\/\/www.alcoawheels.com\/europe\/pl\/wyglad\/","og_locale":"en_US","og_type":"article","og_title":"Wygl\u0105d","og_description":"Akcesoria do felg Alcoa\u00ae Wheels by\u0142y starannie dobierane i doskonalone przez wiele lat, dzi\u0119ki czemu gwarantuj\u0105 utrzymanie felg w jak najlepszym stanie. Oferujemy nak\u0142adki na nakr\u0119tki k\u00f3\u0142 ALcover z chromowanego plastiku lub stali nierdzewnej oraz kleszcze ALgrip.","og_url":"https:\/\/www.alcoawheels.com\/europe\/pl\/wyglad\/","og_site_name":"Europe Polish","article_modified_time":"2025-11-24T15:01:34+00:00","og_image":[{"width":450,"height":300,"url":"https:\/\/www.alcoawheels.com\/europe\/pl\/wp-content\/uploads\/sites\/20\/2025\/11\/Alcover_chrome_plastic_box_and_Alcover_3pc_low-resize.jpg","type":"image\/jpeg"}],"twitter_card":"summary_large_image","twitter_misc":{"Est. reading time":"4 minutes"},"schema":{"@context":"https:\/\/schema.org","@graph":[{"@type":"WebPage","@id":"https:\/\/www.alcoawheels.com\/europe\/pl\/wyglad\/","url":"https:\/\/www.alcoawheels.com\/europe\/pl\/wyglad\/","name":"Wygl\u0105d | Alcoa Wheels","isPartOf":{"@id":"https:\/\/www.alcoawheels.com\/europe\/pl\/#website"},"primaryImageOfPage":{"@id":"https:\/\/www.alcoawheels.com\/europe\/pl\/wyglad\/#primaryimage"},"image":{"@id":"https:\/\/www.alcoawheels.com\/europe\/pl\/wyglad\/#primaryimage"},"thumbnailUrl":"https:\/\/www.alcoawheels.com\/europe\/pl\/wp-content\/uploads\/sites\/20\/2025\/11\/Alcover_chrome_plastic_box_and_Alcover_3pc_low-resize.jpg","datePublished":"2023-05-26T12:28:10+00:00","dateModified":"2025-11-24T15:01:34+00:00","description":"Akcesoria do felg Alcoa\u00ae Wheels by\u0142y starannie dobierane i doskonalone przez wiele lat, dzi\u0119ki czemu gwarantuj\u0105 utrzymanie felg w jak najlepszym stanie. Oferujemy nak\u0142adki na nakr\u0119tki k\u00f3\u0142 ALcover z chromowanego plastiku lub stali nierdzewnej oraz kleszcze ALgrip.","breadcrumb":{"@id":"https:\/\/www.alcoawheels.com\/europe\/pl\/wyglad\/#breadcrumb"},"inLanguage":"en-US","potentialAction":[{"@type":"ReadAction","target":["https:\/\/www.alcoawheels.com\/europe\/pl\/wyglad\/"]}]},{"@type":"ImageObject","inLanguage":"en-US","@id":"https:\/\/www.alcoawheels.com\/europe\/pl\/wyglad\/#primaryimage","url":"https:\/\/www.alcoawheels.com\/europe\/pl\/wp-content\/uploads\/sites\/20\/2025\/11\/Alcover_chrome_plastic_box_and_Alcover_3pc_low-resize.jpg","contentUrl":"https:\/\/www.alcoawheels.com\/europe\/pl\/wp-content\/uploads\/sites\/20\/2025\/11\/Alcover_chrome_plastic_box_and_Alcover_3pc_low-resize.jpg","width":450,"height":300,"caption":"Chromed plastic Alcovers"},{"@type":"BreadcrumbList","@id":"https:\/\/www.alcoawheels.com\/europe\/pl\/wyglad\/#breadcrumb","itemListElement":[{"@type":"ListItem","position":1,"name":"Home","item":"https:\/\/www.alcoawheels.com\/europe\/pl\/"},{"@type":"ListItem","position":2,"name":"Wygl\u0105d"}]},{"@type":"WebSite","@id":"https:\/\/www.alcoawheels.com\/europe\/pl\/#website","url":"https:\/\/www.alcoawheels.com\/europe\/pl\/","name":"Europe Polish","description":"","publisher":{"@id":"https:\/\/www.alcoawheels.com\/europe\/pl\/#organization"},"potentialAction":[{"@type":"SearchAction","target":{"@type":"EntryPoint","urlTemplate":"https:\/\/www.alcoawheels.com\/europe\/pl\/?s={search_term_string}"},"query-input":{"@type":"PropertyValueSpecification","valueRequired":true,"valueName":"search_term_string"}}],"inLanguage":"en-US"},{"@type":"Organization","@id":"https:\/\/www.alcoawheels.com\/europe\/pl\/#organization","name":"Europe Polish","url":"https:\/\/www.alcoawheels.com\/europe\/pl\/","logo":{"@type":"ImageObject","inLanguage":"en-US","@id":"https:\/\/www.alcoawheels.com\/europe\/pl\/#\/schema\/logo\/image\/","url":"https:\/\/www.alcoawheels.com\/europe\/pl\/wp-content\/uploads\/sites\/20\/2023\/05\/logo-black.gif","contentUrl":"https:\/\/www.alcoawheels.com\/europe\/pl\/wp-content\/uploads\/sites\/20\/2023\/05\/logo-black.gif","width":71,"height":64,"caption":"Europe Polish"},"image":{"@id":"https:\/\/www.alcoawheels.com\/europe\/pl\/#\/schema\/logo\/image\/"}}]}},"parsely":{"version":"1.1.0","canonical_url":"https:\/\/alcoawheels.com\/europe\/pl\/wyglad\/","smart_links":{"inbound":0,"outbound":0},"traffic_boost_suggestions_count":0,"meta":{"@context":"https:\/\/schema.org","@type":"WebPage","headline":"Wygl\u0105d","url":"http:\/\/www.alcoawheels.com\/europe\/pl\/wyglad\/","mainEntityOfPage":{"@type":"WebPage","@id":"http:\/\/www.alcoawheels.com\/europe\/pl\/wyglad\/"},"thumbnailUrl":"https:\/\/www.alcoawheels.com\/europe\/pl\/wp-content\/uploads\/sites\/20\/2025\/11\/Alcover_chrome_plastic_box_and_Alcover_3pc_low-resize.jpg?w=150&h=150&crop=1","image":{"@type":"ImageObject","url":"https:\/\/www.alcoawheels.com\/europe\/pl\/wp-content\/uploads\/sites\/20\/2025\/11\/Alcover_chrome_plastic_box_and_Alcover_3pc_low-resize.jpg"},"articleSection":"Uncategorized","author":[{"@type":"Person","name":"howmet"}],"creator":["howmet"],"publisher":{"@type":"Organization","name":"Europe Polish","logo":""},"keywords":[],"dateCreated":"2023-05-26T12:28:10Z","datePublished":"2023-05-26T12:28:10Z","dateModified":"2025-11-24T15:01:34Z"},"rendered":"<script type=\"application\/ld+json\" class=\"wp-parsely-metadata\">{\"@context\":\"https:\\\/\\\/schema.org\",\"@type\":\"WebPage\",\"headline\":\"Wygl\\u0105d\",\"url\":\"http:\\\/\\\/www.alcoawheels.com\\\/europe\\\/pl\\\/wyglad\\\/\",\"mainEntityOfPage\":{\"@type\":\"WebPage\",\"@id\":\"http:\\\/\\\/www.alcoawheels.com\\\/europe\\\/pl\\\/wyglad\\\/\"},\"thumbnailUrl\":\"https:\\\/\\\/www.alcoawheels.com\\\/europe\\\/pl\\\/wp-content\\\/uploads\\\/sites\\\/20\\\/2025\\\/11\\\/Alcover_chrome_plastic_box_and_Alcover_3pc_low-resize.jpg?w=150&h=150&crop=1\",\"image\":{\"@type\":\"ImageObject\",\"url\":\"https:\\\/\\\/www.alcoawheels.com\\\/europe\\\/pl\\\/wp-content\\\/uploads\\\/sites\\\/20\\\/2025\\\/11\\\/Alcover_chrome_plastic_box_and_Alcover_3pc_low-resize.jpg\"},\"articleSection\":\"Uncategorized\",\"author\":[{\"@type\":\"Person\",\"name\":\"howmet\"}],\"creator\":[\"howmet\"],\"publisher\":{\"@type\":\"Organization\",\"name\":\"Europe Polish\",\"logo\":\"\"},\"keywords\":[],\"dateCreated\":\"2023-05-26T12:28:10Z\",\"datePublished\":\"2023-05-26T12:28:10Z\",\"dateModified\":\"2025-11-24T15:01:34Z\"}<\/script>","tracker_url":"https:\/\/cdn.parsely.com\/keys\/alcoawheels.com\/p.js"},"jetpack_sharing_enabled":true,"_links":{"self":[{"href":"https:\/\/www.alcoawheels.com\/europe\/pl\/wp-json\/wp\/v2\/pages\/30","targetHints":{"allow":["GET"]}}],"collection":[{"href":"https:\/\/www.alcoawheels.com\/europe\/pl\/wp-json\/wp\/v2\/pages"}],"about":[{"href":"https:\/\/www.alcoawheels.com\/europe\/pl\/wp-json\/wp\/v2\/types\/page"}],"author":[{"embeddable":true,"href":"https:\/\/www.alcoawheels.com\/europe\/pl\/wp-json\/wp\/v2\/users\/44"}],"replies":[{"embeddable":true,"href":"https:\/\/www.alcoawheels.com\/europe\/pl\/wp-json\/wp\/v2\/comments?post=30"}],"version-history":[{"count":18,"href":"https:\/\/www.alcoawheels.com\/europe\/pl\/wp-json\/wp\/v2\/pages\/30\/revisions"}],"predecessor-version":[{"id":2754,"href":"https:\/\/www.alcoawheels.com\/europe\/pl\/wp-json\/wp\/v2\/pages\/30\/revisions\/2754"}],"wp:featuredmedia":[{"embeddable":true,"href":"https:\/\/www.alcoawheels.com\/europe\/pl\/wp-json\/wp\/v2\/media\/2796"}],"wp:attachment":[{"href":"https:\/\/www.alcoawheels.com\/europe\/pl\/wp-json\/wp\/v2\/media?parent=30"}],"curies":[{"name":"wp","href":"https:\/\/api.w.org\/{rel}","templated":true}]}}