{"id":48,"date":"2023-05-26T12:32:03","date_gmt":"2023-05-26T12:32:03","guid":{"rendered":"https:\/\/www.alcoawheels.com\/europe\/pl\/?page_id=48"},"modified":"2023-08-24T11:01:26","modified_gmt":"2023-08-24T09:01:26","slug":"o-nas","status":"publish","type":"page","link":"https:\/\/www.alcoawheels.com\/europe\/pl\/o-nas\/","title":{"rendered":"ALCOA<sup>\u00ae<\/sup>\u00a0WHEELS"},"content":{"rendered":"\n<div class=\"wp-block-alcoa-wheels-hero-banner-innerpage hero-banner with-image layout-2 overlayEnable align- vertical-align- align-center vertical-align-center\" style=\"background-color:#eee\"><img decoding=\"async\" src=\"https:\/\/www.alcoawheels.com\/europe\/pl\/wp-content\/uploads\/sites\/20\/2023\/06\/about-banner.jpg\" alt=\"About Alcoa Wheels Arconic\" class=\"responsiveImage\"\/><div class=\"hero-banner__header\" style=\"text-align:center\"><div class=\"container\"><h1 class=\"hero-banner__header--title\">O ALCOA<sup>\u00ae<\/sup>\u00a0WHEELS<\/h1><\/div><\/div><\/div>\n\n\n\n<div style=\"height:50px\" aria-hidden=\"true\" class=\"wp-block-spacer spacer-fifty\"><\/div>\n\n\n\n<h3 class=\"wp-block-heading has-text-align-center\">Wiod\u0105ca marka felg aluminiowych<\/h3>\n\n\n\n<h4 class=\"wp-block-heading has-text-align-center\">Z nasz\u0105 pierwsz\u0105 felg\u0105 z kutego aluminium, kt\u00f3r\u0105 przedstawili\u015bmy \u015bwiatu w 1948 r. dokonali\u015bmy rewolucji w przemy\u015ble transportowym. Od tamtego czasu nasz\u0105 felg\u0119 nieustannie doskonalimy.<\/h4>\n\n\n\n<h5 class=\"wp-block-heading\">ALCOA<sup>\u00ae<\/sup>&nbsp;WHEELS to marka i produkt jednostki organizacyjnej Howmet Wheel Systems, kt\u00f3ra jest cz\u0119\u015bci\u0105 Howmet Aerospace Inc. (wcze\u015bniej znana jako Arconic Inc).&nbsp;<\/h5>\n\n\n\n<h5 class=\"wp-block-heading\">W 2020 r. Arconic Inc. podzieli\u0142 si\u0119 na dwie niezale\u017cne firmy (Howmet Aerospace Inc. i Arconic Corporation). Na rynki europejskie Howmet produkuje felgi ALCOA<sup>\u00ae<\/sup>&nbsp;WHEELS w swoim zak\u0142adzie produkcyjnym na W\u0119grzech.<\/h5>\n\n\n\n<div style=\"height:20px\" aria-hidden=\"true\" class=\"wp-block-spacer\"><\/div>\n\n\n\n<div class=\"wp-block-alcoa-wheels-zigzag media-list__body\" id=\"zigzag-main-76175082-45f2-4aa1-a2eb-4a34676fe245\"><div class=\"media-list__body_main  vertical-align-top  container row-reverse\">\n<div class=\"wp-block-alcoa-wheels-zigzag-item media-list-item\"><div class=\"media-list-item__box_content\"><div class=\"media-list-item__box_content_inner\">\n<h4 class=\"wp-block-heading\" id=\"h-1948\">1948<\/h4>\n\n\n\n<h5 class=\"wp-block-heading\" id=\"h-wynalezienie-felgi-aluminiowej-z-kutego-aluminium\">Wynalezienie felgi aluminiowej z kutego aluminium.<\/h5>\n<\/div><\/div><div class=\"media-list-item__box_image\"><img loading=\"lazy\" decoding=\"async\" width=\"748\" height=\"581\" src=\"https:\/\/www.alcoawheels.com\/europe\/pl\/wp-content\/uploads\/sites\/20\/2023\/06\/about-1948-europe.jpeg\" alt=\"first forged aluminium truck wheel\"\/><\/div><\/div>\n\n\n\n<div class=\"wp-block-alcoa-wheels-zigzag-item media-list-item\"><div class=\"media-list-item__box_content\"><div class=\"media-list-item__box_content_inner\">\n<h4 class=\"wp-block-heading has-text-align-right\" id=\"h-1978\">1978<\/h4>\n\n\n\n<h5 class=\"wp-block-heading has-text-align-right\" id=\"h-pierwsze-felgi-z-kutego-aluminium-do-samochodow-ciezarowych-na-europejskich-drogach\">Pierwsze felgi z kutego aluminium do samochod\u00f3w ci\u0119\u017carowych na europejskich drogach.<\/h5>\n<\/div><\/div><div class=\"media-list-item__box_image\"><img loading=\"lazy\" decoding=\"async\" width=\"751\" height=\"580\" src=\"https:\/\/www.alcoawheels.com\/europe\/pl\/wp-content\/uploads\/sites\/20\/2023\/06\/about-1978-europe.jpeg\" alt=\"first forged aluminium truck wheel Europe\"\/><\/div><\/div>\n\n\n\n<div class=\"wp-block-alcoa-wheels-zigzag-item media-list-item\"><div class=\"media-list-item__box_content\"><div class=\"media-list-item__box_content_inner\">\n<h4 class=\"wp-block-heading\" id=\"h-1997\">1997<\/h4>\n\n\n\n<h5 class=\"wp-block-heading\" id=\"h-otwarcie-fabryki-felg-alcoa-na-wegrzech\">Otwarcie fabryki felg Alcoa na W\u0119grzech.<\/h5>\n<\/div><\/div><div class=\"media-list-item__box_image\"><img loading=\"lazy\" decoding=\"async\" width=\"748\" height=\"580\" src=\"https:\/\/www.alcoawheels.com\/europe\/pl\/wp-content\/uploads\/sites\/20\/2023\/06\/about-1997-europe.jpeg\" alt=\"Production facility Hungary 1997\"\/><\/div><\/div>\n\n\n\n<div class=\"wp-block-alcoa-wheels-zigzag-item media-list-item\"><div class=\"media-list-item__box_content\"><div class=\"media-list-item__box_content_inner\">\n<h4 class=\"wp-block-heading has-text-align-right\" id=\"h-2005\">2005<\/h4>\n\n\n\n<h5 class=\"wp-block-heading has-text-align-right\" id=\"h-premiera-felgi-dura-flange-z-wieksza-odpornoscia-na-zuzycie-kolnierzy\">Premiera felgi Dura-Flange<sup>\u00ae<\/sup>&nbsp;z wi\u0119ksz\u0105 odporno\u015bci\u0105 na zu\u017cycie ko\u0142nierzy.<\/h5>\n<\/div><\/div><div class=\"media-list-item__box_image\"><img loading=\"lazy\" decoding=\"async\" width=\"748\" height=\"582\" src=\"https:\/\/www.alcoawheels.com\/europe\/pl\/wp-content\/uploads\/sites\/20\/2023\/06\/about-2005-europe.jpeg\" alt=\"Production facility Hungary 1997\"\/><\/div><\/div>\n\n\n\n<div class=\"wp-block-alcoa-wheels-zigzag-item media-list-item\"><div class=\"media-list-item__box_content\"><div class=\"media-list-item__box_content_inner\">\n<h4 class=\"wp-block-heading\" id=\"h-2006\">2006<\/h4>\n\n\n\n<h5 class=\"wp-block-heading\" id=\"h-rozpoczecie-sprzedazy-latwych-w-konserwacji-felg-dura-bright-na-europejskim-rynku\">Rozpocz\u0119cie sprzeda\u017cy \u0142atwych w konserwacji felg Dura-Bright<sup>\u00ae<\/sup>&nbsp;na europejskim rynku.<\/h5>\n<\/div><\/div><div class=\"media-list-item__box_image\"><img loading=\"lazy\" decoding=\"async\" width=\"751\" height=\"581\" src=\"https:\/\/www.alcoawheels.com\/europe\/pl\/wp-content\/uploads\/sites\/20\/2023\/06\/about-2006-europe.jpeg\" alt=\"easy maintenance Dura-Bright wheels\"\/><\/div><\/div>\n\n\n\n<div class=\"wp-block-alcoa-wheels-zigzag-item media-list-item\"><div class=\"media-list-item__box_content\"><div class=\"media-list-item__box_content_inner\">\n<h4 class=\"wp-block-heading has-text-align-right\" id=\"h-2013\">2013<\/h4>\n\n\n\n<h5 class=\"wp-block-heading has-text-align-right\" id=\"h-europejska-premiera-nowej-generacji-felg-dura-bright-evo\">Europejska premiera nowej generacji felg Dura-Bright<sup>\u00ae<\/sup>&nbsp;EVO.<\/h5>\n<\/div><\/div><div class=\"media-list-item__box_image\"><img loading=\"lazy\" decoding=\"async\" width=\"748\" height=\"581\" src=\"https:\/\/www.alcoawheels.com\/europe\/pl\/wp-content\/uploads\/sites\/20\/2023\/06\/about-2013-europe.jpeg\" alt=\"next generation Dura-Bright EVO wheels\"\/><\/div><\/div>\n\n\n\n<div class=\"wp-block-alcoa-wheels-zigzag-item media-list-item\"><div class=\"media-list-item__box_content\"><div class=\"media-list-item__box_content_inner\">\n<h4 class=\"wp-block-heading\" id=\"h-2015\">2015<\/h4>\n\n\n\n<h5 class=\"wp-block-heading\" id=\"h-pojawienie-sie-wykonczenia-lvl-one-w-europie\">Pojawienie si\u0119 wyko\u0144czenia LvL ONE<sup>\u00ae<\/sup>&nbsp;w Europie.<\/h5>\n<\/div><\/div><div class=\"media-list-item__box_image\"><img loading=\"lazy\" decoding=\"async\" width=\"749\" height=\"580\" src=\"https:\/\/www.alcoawheels.com\/europe\/pl\/wp-content\/uploads\/sites\/20\/2023\/06\/about-2015-europe.jpeg\" alt=\"LvL ONE finish\"\/><\/div><\/div>\n\n\n\n<div class=\"wp-block-alcoa-wheels-zigzag-item media-list-item\"><div class=\"media-list-item__box_content\"><div class=\"media-list-item__box_content_inner\">\n<h4 class=\"wp-block-heading has-text-align-right\" id=\"h-2016\">2016<\/h4>\n\n\n\n<h5 class=\"wp-block-heading has-text-align-right\" id=\"h-alcoa-dzieli-sie-na-dwie-nowoczesne-firmy-alcoa-inc-i-arconic-inc-alcoa-wheels-staje-sie-marka-felg-arconic-produkowanych-przez-arconic-wheels-and-transportation-products\">Alcoa dzieli si\u0119 na dwie nowoczesne firmy: Alcoa Inc. i Arconic Inc. ALCOA<sup>\u00ae<\/sup>&nbsp;WHEELS staje si\u0119 mark\u0105 felg Arconic produkowanych przez Arconic Wheels and Transportation Products.<\/h5>\n<\/div><\/div><div class=\"media-list-item__box_image\"><img loading=\"lazy\" decoding=\"async\" width=\"362\" height=\"282\" src=\"https:\/\/www.alcoawheels.com\/europe\/pl\/wp-content\/uploads\/sites\/20\/2023\/06\/about-2016-europe.jpeg\" alt=\"Arconic logo\"\/><\/div><\/div>\n\n\n\n<div class=\"wp-block-alcoa-wheels-zigzag-item media-list-item\"><div class=\"media-list-item__box_content\"><div class=\"media-list-item__box_content_inner\">\n<h4 class=\"wp-block-heading\" id=\"h-2019\">2019<\/h4>\n\n\n\n<h5 class=\"wp-block-heading\" id=\"h-wprowadzenie-felgi-ultra-one-alcoa-z-technologia-stopu-magnaforce-w-europie\">Wprowadzenie felgi Ultra ONE<sup>\u00ae<\/sup>&nbsp;Alcoa<sup>\u00ae<\/sup>&nbsp;z technologi\u0105 stopu MagnaForce<sup>\u00ae<\/sup>&nbsp;w Europie.<\/h5>\n<\/div><\/div><div class=\"media-list-item__box_image\"><img loading=\"lazy\" decoding=\"async\" width=\"1500\" height=\"998\" src=\"https:\/\/www.alcoawheels.com\/europe\/pl\/wp-content\/uploads\/sites\/20\/2023\/06\/about-2019-europe.jpeg\" alt=\"ultra one\"\/><\/div><\/div>\n\n\n\n<div class=\"wp-block-alcoa-wheels-zigzag-item media-list-item\"><div class=\"media-list-item__box_content\"><div class=\"media-list-item__box_content_inner\">\n<h4 class=\"wp-block-heading has-text-align-right\" id=\"h-2020\">2020<\/h4>\n\n\n\n<h5 class=\"wp-block-heading has-text-align-right\" id=\"h-arconic-inc-dzieli-sie-na-dwie-niezalezne-spolki-gieldowe-howmet-aerospace-inc-i-arconic-corporation-alcoa-wheels-staje-sie-marka-produktowa-howmet-aerospace-produkowana-przez-howmet-wheel-systems\">Arconic Inc. dzieli si\u0119 na dwie niezale\u017cne sp\u00f3\u0142ki gie\u0142dowe &#8211; Howmet Aerospace Inc. i Arconic Corporation. ALCOA<sup>\u00ae<\/sup>&nbsp;WHEELS staje si\u0119 mark\u0105 produktow\u0105 Howmet Aerospace produkowan\u0105 przez Howmet Wheel Systems.<\/h5>\n<\/div><\/div><div class=\"media-list-item__box_image\"><img loading=\"lazy\" decoding=\"async\" width=\"500\" height=\"250\" src=\"https:\/\/www.alcoawheels.com\/europe\/pl\/wp-content\/uploads\/sites\/20\/2023\/06\/about-2020-europe.png\" alt=\"Howmet logo\"\/><\/div><\/div>\n<\/div><\/div>\n\n\n\n<div style=\"height:50px\" aria-hidden=\"true\" class=\"wp-block-spacer spacer-fifty\"><\/div>\n\n\n\n<div class=\"wp-block-alcoa-wheels-card-usecase-1 card-box-v1__body with-icon align-center vertical-align-center\" id=\"card_box_v1-0bab25cf-5c61-4abf-a04f-a862f2ab44ba\"><div class=\"fullwidthcontainer\"><div class=\"card-box-v1__boxes has-4-columns\"><div class=\"card-box-v1__box  with-link \" style=\"background-color:#00afb9\"><img decoding=\"async\" src=\"https:\/\/www.alcoawheels.com\/europe\/pl\/wp-content\/themes\/alcoa-wheels\/assets\/build\/js\/blocks\/card-usecase-1\/..\/..\/..\/images\/placeholder-image.db2b4d5c.jpeg\" alt=\"Kontakt\"\/><div class=\"card-box-v1__box__inner pos-abs\"><div class=\"card-box-v1__box_icon\"><img loading=\"lazy\" decoding=\"async\" width=\"171\" height=\"171\" src=\"https:\/\/www.alcoawheels.com\/europe\/pl\/wp-content\/uploads\/sites\/20\/2023\/06\/contact.png\" alt=\"\"\/><\/div><div class=\"card-box-v1__box_content\"><h4 style=\"color:#ffffff\">Kontakt<\/h4><\/div><div class=\"btn-wrap\"><\/div><\/div><a href=\"\/europe\/pl\/kontakt\" aria-label=\"Kontakt\"><\/a><\/div><div class=\"card-box-v1__box  with-link \" style=\"background-color:#34bfc7\"><img decoding=\"async\" src=\"https:\/\/www.alcoawheels.com\/europe\/pl\/wp-content\/themes\/alcoa-wheels\/assets\/build\/js\/blocks\/card-usecase-1\/..\/..\/..\/images\/placeholder-image.db2b4d5c.jpeg\" alt=\"Gama felg\"\/><div class=\"card-box-v1__box__inner pos-abs\"><div class=\"card-box-v1__box_icon\"><img loading=\"lazy\" decoding=\"async\" width=\"169\" height=\"169\" src=\"https:\/\/www.alcoawheels.com\/europe\/pl\/wp-content\/uploads\/sites\/20\/2023\/06\/product-search.png\" alt=\"\"\/><\/div><div class=\"card-box-v1__box_content\"><h4 style=\"color:#ffffff\">Gama felg<\/h4><\/div><div class=\"btn-wrap\"><\/div><\/div><a href=\"\/europe\/pl\/gama-felg\" aria-label=\"Gama felg\"><\/a><\/div><div class=\"card-box-v1__box  with-link \" style=\"background-color:#00afb9\"><img decoding=\"async\" src=\"https:\/\/www.alcoawheels.com\/europe\/pl\/wp-content\/themes\/alcoa-wheels\/assets\/build\/js\/blocks\/card-usecase-1\/..\/..\/..\/images\/placeholder-image.db2b4d5c.jpeg\" alt=\"Gdzie kupi\u0107?\"\/><div class=\"card-box-v1__box__inner pos-abs\"><div class=\"card-box-v1__box_icon\"><img loading=\"lazy\" decoding=\"async\" width=\"169\" height=\"169\" src=\"https:\/\/www.alcoawheels.com\/europe\/pl\/wp-content\/uploads\/sites\/20\/2023\/06\/where-to-buy.png\" alt=\"\"\/><\/div><div class=\"card-box-v1__box_content\"><h4 style=\"color:#ffffff\">Gdzie kupi\u0107?<\/h4><\/div><div class=\"btn-wrap\"><\/div><\/div><a href=\"\/europe\/pl\/gdzie-kupic\" aria-label=\"Gdzie kupi\u0107?\"><\/a><\/div><div class=\"card-box-v1__box  with-link \" style=\"background-color:#34bfc7\"><img decoding=\"async\" src=\"https:\/\/www.alcoawheels.com\/europe\/pl\/wp-content\/themes\/alcoa-wheels\/assets\/build\/js\/blocks\/card-usecase-1\/..\/..\/..\/images\/placeholder-image.db2b4d5c.jpeg\" alt=\"Do pobrania\"\/><div class=\"card-box-v1__box__inner pos-abs\"><div class=\"card-box-v1__box_icon\"><img loading=\"lazy\" decoding=\"async\" width=\"169\" height=\"169\" src=\"https:\/\/www.alcoawheels.com\/europe\/pl\/wp-content\/uploads\/sites\/20\/2023\/06\/product-literature.png\" alt=\"\"\/><\/div><div class=\"card-box-v1__box_content\"><h4 style=\"color:#ffffff\">Do pobrania<\/h4><\/div><div class=\"btn-wrap\"><\/div><\/div><a href=\"\/europe\/pl\/do-pobrania\" aria-label=\"Do pobrania\"><\/a><\/div><\/div><\/div><\/div>\n","protected":false},"excerpt":{"rendered":"<p>Wiod\u0105ca marka felg aluminiowych Z nasz\u0105 pierwsz\u0105 felg\u0105 z kutego aluminium, kt\u00f3r\u0105 przedstawili\u015bmy \u015bwiatu w 1948 r. dokonali\u015bmy rewolucji w przemy\u015ble transportowym. Od tamtego czasu nasz\u0105 felg\u0119 nieustannie doskonalimy. ALCOA\u00ae&nbsp;WHEELS to marka i produkt jednostki organizacyjnej Howmet Wheel Systems, kt\u00f3ra jest cz\u0119\u015bci\u0105 Howmet Aerospace Inc. (wcze\u015bniej znana jako Arconic Inc).&nbsp; W 2020 r. Arconic Inc. [&hellip;]<\/p>\n","protected":false},"author":44,"featured_media":0,"parent":0,"menu_order":0,"comment_status":"closed","ping_status":"closed","template":"","meta":{"_acf_changed":false,"protected_reviewer_email":"","editor_notices":[],"footnotes":""},"class_list":["post-48","page","type-page","status-publish","hentry"],"acf":[],"yoast_head":"<!-- This site is optimized with the Yoast SEO Premium plugin v27.4 (Yoast SEO v27.4) - https:\/\/yoast.com\/product\/yoast-seo-premium-wordpress\/ -->\n<title>Wi\u0119cej o | Alcoa Wheels<\/title>\n<meta name=\"description\" content=\"Alcoa\u00ae Wheels jest wiod\u0105c\u0105 mark\u0105 felg aluminiowych. W roku 1948 zrewolucjonowali\u015bmy bran\u017c\u0119 transportowa, prezentuj\u0105c \u015bwiatu pierwsz\u0105 felg\u0119 z kutego aluminium, kt\u00f3r\u0105 nieustannie doskonalimy.\" \/>\n<meta name=\"robots\" content=\"index, follow, max-snippet:-1, max-image-preview:large, max-video-preview:-1\" \/>\n<link rel=\"canonical\" href=\"https:\/\/www.alcoawheels.com\/europe\/pl\/o-nas\/\" \/>\n<meta property=\"og:locale\" content=\"en_US\" \/>\n<meta property=\"og:type\" content=\"article\" \/>\n<meta property=\"og:title\" content=\"ALCOA\u00ae\u00a0WHEELS\" \/>\n<meta property=\"og:description\" content=\"Alcoa\u00ae Wheels jest wiod\u0105c\u0105 mark\u0105 felg aluminiowych. W roku 1948 zrewolucjonowali\u015bmy bran\u017c\u0119 transportowa, prezentuj\u0105c \u015bwiatu pierwsz\u0105 felg\u0119 z kutego aluminium, kt\u00f3r\u0105 nieustannie doskonalimy.\" \/>\n<meta property=\"og:url\" content=\"https:\/\/www.alcoawheels.com\/europe\/pl\/o-nas\/\" \/>\n<meta property=\"og:site_name\" content=\"Europe Polish\" \/>\n<meta property=\"article:modified_time\" content=\"2023-08-24T09:01:26+00:00\" \/>\n<meta property=\"og:image\" content=\"https:\/\/www.alcoawheels.com\/europe\/pl\/wp-content\/uploads\/sites\/20\/2023\/06\/about-banner.jpg\" \/>\n<meta name=\"twitter:card\" content=\"summary_large_image\" \/>\n<meta name=\"twitter:label1\" content=\"Est. reading time\" \/>\n\t<meta name=\"twitter:data1\" content=\"4 minutes\" \/>\n<script type=\"application\/ld+json\" class=\"yoast-schema-graph\">{\"@context\":\"https:\\\/\\\/schema.org\",\"@graph\":[{\"@type\":\"WebPage\",\"@id\":\"https:\\\/\\\/www.alcoawheels.com\\\/europe\\\/pl\\\/o-nas\\\/\",\"url\":\"https:\\\/\\\/www.alcoawheels.com\\\/europe\\\/pl\\\/o-nas\\\/\",\"name\":\"Wi\u0119cej o | Alcoa Wheels\",\"isPartOf\":{\"@id\":\"https:\\\/\\\/www.alcoawheels.com\\\/europe\\\/pl\\\/#website\"},\"primaryImageOfPage\":{\"@id\":\"https:\\\/\\\/www.alcoawheels.com\\\/europe\\\/pl\\\/o-nas\\\/#primaryimage\"},\"image\":{\"@id\":\"https:\\\/\\\/www.alcoawheels.com\\\/europe\\\/pl\\\/o-nas\\\/#primaryimage\"},\"thumbnailUrl\":\"https:\\\/\\\/www.alcoawheels.com\\\/europe\\\/pl\\\/wp-content\\\/uploads\\\/sites\\\/20\\\/2023\\\/06\\\/about-banner.jpg\",\"datePublished\":\"2023-05-26T12:32:03+00:00\",\"dateModified\":\"2023-08-24T09:01:26+00:00\",\"description\":\"Alcoa\u00ae Wheels jest wiod\u0105c\u0105 mark\u0105 felg aluminiowych. W roku 1948 zrewolucjonowali\u015bmy bran\u017c\u0119 transportowa, prezentuj\u0105c \u015bwiatu pierwsz\u0105 felg\u0119 z kutego aluminium, kt\u00f3r\u0105 nieustannie doskonalimy.\",\"breadcrumb\":{\"@id\":\"https:\\\/\\\/www.alcoawheels.com\\\/europe\\\/pl\\\/o-nas\\\/#breadcrumb\"},\"inLanguage\":\"en-US\",\"potentialAction\":[{\"@type\":\"ReadAction\",\"target\":[\"https:\\\/\\\/www.alcoawheels.com\\\/europe\\\/pl\\\/o-nas\\\/\"]}]},{\"@type\":\"ImageObject\",\"inLanguage\":\"en-US\",\"@id\":\"https:\\\/\\\/www.alcoawheels.com\\\/europe\\\/pl\\\/o-nas\\\/#primaryimage\",\"url\":\"https:\\\/\\\/www.alcoawheels.com\\\/europe\\\/pl\\\/wp-content\\\/uploads\\\/sites\\\/20\\\/2023\\\/06\\\/about-banner.jpg\",\"contentUrl\":\"https:\\\/\\\/www.alcoawheels.com\\\/europe\\\/pl\\\/wp-content\\\/uploads\\\/sites\\\/20\\\/2023\\\/06\\\/about-banner.jpg\",\"width\":1440,\"height\":400,\"caption\":\"About Alcoa Wheels Arconic\"},{\"@type\":\"BreadcrumbList\",\"@id\":\"https:\\\/\\\/www.alcoawheels.com\\\/europe\\\/pl\\\/o-nas\\\/#breadcrumb\",\"itemListElement\":[{\"@type\":\"ListItem\",\"position\":1,\"name\":\"Home\",\"item\":\"https:\\\/\\\/www.alcoawheels.com\\\/europe\\\/pl\\\/\"},{\"@type\":\"ListItem\",\"position\":2,\"name\":\"ALCOA\u00ae\u00a0WHEELS\"}]},{\"@type\":\"WebSite\",\"@id\":\"https:\\\/\\\/www.alcoawheels.com\\\/europe\\\/pl\\\/#website\",\"url\":\"https:\\\/\\\/www.alcoawheels.com\\\/europe\\\/pl\\\/\",\"name\":\"Europe Polish\",\"description\":\"\",\"publisher\":{\"@id\":\"https:\\\/\\\/www.alcoawheels.com\\\/europe\\\/pl\\\/#organization\"},\"potentialAction\":[{\"@type\":\"SearchAction\",\"target\":{\"@type\":\"EntryPoint\",\"urlTemplate\":\"https:\\\/\\\/www.alcoawheels.com\\\/europe\\\/pl\\\/?s={search_term_string}\"},\"query-input\":{\"@type\":\"PropertyValueSpecification\",\"valueRequired\":true,\"valueName\":\"search_term_string\"}}],\"inLanguage\":\"en-US\"},{\"@type\":\"Organization\",\"@id\":\"https:\\\/\\\/www.alcoawheels.com\\\/europe\\\/pl\\\/#organization\",\"name\":\"Europe Polish\",\"url\":\"https:\\\/\\\/www.alcoawheels.com\\\/europe\\\/pl\\\/\",\"logo\":{\"@type\":\"ImageObject\",\"inLanguage\":\"en-US\",\"@id\":\"https:\\\/\\\/www.alcoawheels.com\\\/europe\\\/pl\\\/#\\\/schema\\\/logo\\\/image\\\/\",\"url\":\"https:\\\/\\\/www.alcoawheels.com\\\/europe\\\/pl\\\/wp-content\\\/uploads\\\/sites\\\/20\\\/2023\\\/05\\\/logo-black.gif\",\"contentUrl\":\"https:\\\/\\\/www.alcoawheels.com\\\/europe\\\/pl\\\/wp-content\\\/uploads\\\/sites\\\/20\\\/2023\\\/05\\\/logo-black.gif\",\"width\":71,\"height\":64,\"caption\":\"Europe Polish\"},\"image\":{\"@id\":\"https:\\\/\\\/www.alcoawheels.com\\\/europe\\\/pl\\\/#\\\/schema\\\/logo\\\/image\\\/\"}}]}<\/script>\n<!-- \/ Yoast SEO Premium plugin. -->","yoast_head_json":{"title":"Wi\u0119cej o | Alcoa Wheels","description":"Alcoa\u00ae Wheels jest wiod\u0105c\u0105 mark\u0105 felg aluminiowych. W roku 1948 zrewolucjonowali\u015bmy bran\u017c\u0119 transportowa, prezentuj\u0105c \u015bwiatu pierwsz\u0105 felg\u0119 z kutego aluminium, kt\u00f3r\u0105 nieustannie doskonalimy.","robots":{"index":"index","follow":"follow","max-snippet":"max-snippet:-1","max-image-preview":"max-image-preview:large","max-video-preview":"max-video-preview:-1"},"canonical":"https:\/\/www.alcoawheels.com\/europe\/pl\/o-nas\/","og_locale":"en_US","og_type":"article","og_title":"ALCOA\u00ae\u00a0WHEELS","og_description":"Alcoa\u00ae Wheels jest wiod\u0105c\u0105 mark\u0105 felg aluminiowych. W roku 1948 zrewolucjonowali\u015bmy bran\u017c\u0119 transportowa, prezentuj\u0105c \u015bwiatu pierwsz\u0105 felg\u0119 z kutego aluminium, kt\u00f3r\u0105 nieustannie doskonalimy.","og_url":"https:\/\/www.alcoawheels.com\/europe\/pl\/o-nas\/","og_site_name":"Europe Polish","article_modified_time":"2023-08-24T09:01:26+00:00","og_image":[{"url":"https:\/\/www.alcoawheels.com\/europe\/pl\/wp-content\/uploads\/sites\/20\/2023\/06\/about-banner.jpg","type":"","width":"","height":""}],"twitter_card":"summary_large_image","twitter_misc":{"Est. reading time":"4 minutes"},"schema":{"@context":"https:\/\/schema.org","@graph":[{"@type":"WebPage","@id":"https:\/\/www.alcoawheels.com\/europe\/pl\/o-nas\/","url":"https:\/\/www.alcoawheels.com\/europe\/pl\/o-nas\/","name":"Wi\u0119cej o | Alcoa Wheels","isPartOf":{"@id":"https:\/\/www.alcoawheels.com\/europe\/pl\/#website"},"primaryImageOfPage":{"@id":"https:\/\/www.alcoawheels.com\/europe\/pl\/o-nas\/#primaryimage"},"image":{"@id":"https:\/\/www.alcoawheels.com\/europe\/pl\/o-nas\/#primaryimage"},"thumbnailUrl":"https:\/\/www.alcoawheels.com\/europe\/pl\/wp-content\/uploads\/sites\/20\/2023\/06\/about-banner.jpg","datePublished":"2023-05-26T12:32:03+00:00","dateModified":"2023-08-24T09:01:26+00:00","description":"Alcoa\u00ae Wheels jest wiod\u0105c\u0105 mark\u0105 felg aluminiowych. W roku 1948 zrewolucjonowali\u015bmy bran\u017c\u0119 transportowa, prezentuj\u0105c \u015bwiatu pierwsz\u0105 felg\u0119 z kutego aluminium, kt\u00f3r\u0105 nieustannie doskonalimy.","breadcrumb":{"@id":"https:\/\/www.alcoawheels.com\/europe\/pl\/o-nas\/#breadcrumb"},"inLanguage":"en-US","potentialAction":[{"@type":"ReadAction","target":["https:\/\/www.alcoawheels.com\/europe\/pl\/o-nas\/"]}]},{"@type":"ImageObject","inLanguage":"en-US","@id":"https:\/\/www.alcoawheels.com\/europe\/pl\/o-nas\/#primaryimage","url":"https:\/\/www.alcoawheels.com\/europe\/pl\/wp-content\/uploads\/sites\/20\/2023\/06\/about-banner.jpg","contentUrl":"https:\/\/www.alcoawheels.com\/europe\/pl\/wp-content\/uploads\/sites\/20\/2023\/06\/about-banner.jpg","width":1440,"height":400,"caption":"About Alcoa Wheels Arconic"},{"@type":"BreadcrumbList","@id":"https:\/\/www.alcoawheels.com\/europe\/pl\/o-nas\/#breadcrumb","itemListElement":[{"@type":"ListItem","position":1,"name":"Home","item":"https:\/\/www.alcoawheels.com\/europe\/pl\/"},{"@type":"ListItem","position":2,"name":"ALCOA\u00ae\u00a0WHEELS"}]},{"@type":"WebSite","@id":"https:\/\/www.alcoawheels.com\/europe\/pl\/#website","url":"https:\/\/www.alcoawheels.com\/europe\/pl\/","name":"Europe Polish","description":"","publisher":{"@id":"https:\/\/www.alcoawheels.com\/europe\/pl\/#organization"},"potentialAction":[{"@type":"SearchAction","target":{"@type":"EntryPoint","urlTemplate":"https:\/\/www.alcoawheels.com\/europe\/pl\/?s={search_term_string}"},"query-input":{"@type":"PropertyValueSpecification","valueRequired":true,"valueName":"search_term_string"}}],"inLanguage":"en-US"},{"@type":"Organization","@id":"https:\/\/www.alcoawheels.com\/europe\/pl\/#organization","name":"Europe Polish","url":"https:\/\/www.alcoawheels.com\/europe\/pl\/","logo":{"@type":"ImageObject","inLanguage":"en-US","@id":"https:\/\/www.alcoawheels.com\/europe\/pl\/#\/schema\/logo\/image\/","url":"https:\/\/www.alcoawheels.com\/europe\/pl\/wp-content\/uploads\/sites\/20\/2023\/05\/logo-black.gif","contentUrl":"https:\/\/www.alcoawheels.com\/europe\/pl\/wp-content\/uploads\/sites\/20\/2023\/05\/logo-black.gif","width":71,"height":64,"caption":"Europe Polish"},"image":{"@id":"https:\/\/www.alcoawheels.com\/europe\/pl\/#\/schema\/logo\/image\/"}}]}},"parsely":{"version":"1.1.0","canonical_url":"https:\/\/alcoawheels.com\/europe\/pl\/o-nas\/","smart_links":{"inbound":0,"outbound":0},"traffic_boost_suggestions_count":0,"meta":{"@context":"https:\/\/schema.org","@type":"WebPage","headline":"ALCOA\u00ae\u00a0WHEELS","url":"http:\/\/www.alcoawheels.com\/europe\/pl\/o-nas\/","mainEntityOfPage":{"@type":"WebPage","@id":"http:\/\/www.alcoawheels.com\/europe\/pl\/o-nas\/"},"thumbnailUrl":"","image":{"@type":"ImageObject","url":""},"articleSection":"Uncategorized","author":[{"@type":"Person","name":"howmet"}],"creator":["howmet"],"publisher":{"@type":"Organization","name":"Europe Polish","logo":""},"keywords":[],"dateCreated":"2023-05-26T12:32:03Z","datePublished":"2023-05-26T12:32:03Z","dateModified":"2023-08-24T09:01:26Z"},"rendered":"<script type=\"application\/ld+json\" class=\"wp-parsely-metadata\">{\"@context\":\"https:\\\/\\\/schema.org\",\"@type\":\"WebPage\",\"headline\":\"ALCOA\\u00ae\\u00a0WHEELS\",\"url\":\"http:\\\/\\\/www.alcoawheels.com\\\/europe\\\/pl\\\/o-nas\\\/\",\"mainEntityOfPage\":{\"@type\":\"WebPage\",\"@id\":\"http:\\\/\\\/www.alcoawheels.com\\\/europe\\\/pl\\\/o-nas\\\/\"},\"thumbnailUrl\":\"\",\"image\":{\"@type\":\"ImageObject\",\"url\":\"\"},\"articleSection\":\"Uncategorized\",\"author\":[{\"@type\":\"Person\",\"name\":\"howmet\"}],\"creator\":[\"howmet\"],\"publisher\":{\"@type\":\"Organization\",\"name\":\"Europe Polish\",\"logo\":\"\"},\"keywords\":[],\"dateCreated\":\"2023-05-26T12:32:03Z\",\"datePublished\":\"2023-05-26T12:32:03Z\",\"dateModified\":\"2023-08-24T09:01:26Z\"}<\/script>","tracker_url":"https:\/\/cdn.parsely.com\/keys\/alcoawheels.com\/p.js"},"jetpack_sharing_enabled":true,"_links":{"self":[{"href":"https:\/\/www.alcoawheels.com\/europe\/pl\/wp-json\/wp\/v2\/pages\/48","targetHints":{"allow":["GET"]}}],"collection":[{"href":"https:\/\/www.alcoawheels.com\/europe\/pl\/wp-json\/wp\/v2\/pages"}],"about":[{"href":"https:\/\/www.alcoawheels.com\/europe\/pl\/wp-json\/wp\/v2\/types\/page"}],"author":[{"embeddable":true,"href":"https:\/\/www.alcoawheels.com\/europe\/pl\/wp-json\/wp\/v2\/users\/44"}],"replies":[{"embeddable":true,"href":"https:\/\/www.alcoawheels.com\/europe\/pl\/wp-json\/wp\/v2\/comments?post=48"}],"version-history":[{"count":6,"href":"https:\/\/www.alcoawheels.com\/europe\/pl\/wp-json\/wp\/v2\/pages\/48\/revisions"}],"predecessor-version":[{"id":2165,"href":"https:\/\/www.alcoawheels.com\/europe\/pl\/wp-json\/wp\/v2\/pages\/48\/revisions\/2165"}],"wp:attachment":[{"href":"https:\/\/www.alcoawheels.com\/europe\/pl\/wp-json\/wp\/v2\/media?parent=48"}],"curies":[{"name":"wp","href":"https:\/\/api.w.org\/{rel}","templated":true}]}}