{"id":56,"date":"2023-05-26T12:33:32","date_gmt":"2023-05-26T12:33:32","guid":{"rendered":"https:\/\/www.alcoawheels.com\/europe\/pl\/?page_id=56"},"modified":"2023-08-24T11:01:34","modified_gmt":"2023-08-24T09:01:34","slug":"subskrybuj","status":"publish","type":"page","link":"https:\/\/www.alcoawheels.com\/europe\/pl\/subskrybuj\/","title":{"rendered":"Subskrybuj"},"content":{"rendered":"\n<div style=\"height:50px\" aria-hidden=\"true\" class=\"wp-block-spacer spacer-fifty\"><\/div>\n\n\n\t\t\t<div class= \"wp-block-contact-form individual alcoawheels-contact-form\">\n\t\t\t\t<h1><strong>Subskrybuj<\/strong><\/h1>\n\t\t\t\t<div class=\"recaptcha-onetrust-placeholder alert alert-danger\" role=\"alert\">\n\t\t\t\t\t<p class=\"text-danger\"><strong>This website requires Google reCAPTCHA verification to submit inquiry forms. Please <a class=\"optanon-toggle-display\">accept<\/a> cookies in order to view the verification module. You may need to refresh your browser window afterwards.<\/strong><\/p>\r\n\r\n<p class=\"text-danger\"><strong><a href=\"https:\/\/support.google.com\/recaptcha\/?hl=pl\" target=\"_blank\" class=\"with_arrow btn-main btn-link-left-arrow\">reCAPTCHA User Resources<\/a><\/strong><\/p>\t\t\t\t<\/div>\n\t\t\t\t\t<p>Wype\u0142nij formularz, aby subskrybowa\u0107 i otrzymywa\u0107 dalsze informacje o naszych produktach.<\/p>\n\t\t\t\t\t\t\t\t\t<form id=\"form1\" name=\"form1\" class=\"contact-form\" action=\"https:\/\/www.alcoawheels.com\/europe\/pl\/subskrybuj\/\" method=\"POST\" enctype=\"multipart\/form-data\">\n\t\t\t\t\t<input type=\"hidden\" id=\"form_sitekey\" value=\"6LdJA48nAAAAAOWAQLoNB5JjwSJ1bDI0SoyIZqhW\">\n\t\t\t\t\t<input type=\"hidden\" name=\"form_id\" value=\"1532\">\n\t\t\t\t\t\t\t\t\t\t<input type=\"hidden\" name=\"page_url\" value=\"https:\/\/www.alcoawheels.com\/europe\/pl\/subskrybuj\/\">\n\t\t\t\t\t<input type=\"hidden\" name=\"referer_url\" value=\"\">\n\t\t\t\t\t<input type=\"hidden\" name=\"contact_page_id\" value=\"56\">\n\t\t\t\t\t<input type=\"hidden\" name=\"site_id\" value=\"20\">\n\t\t\t\t\t<input type=\"hidden\" name=\"to_emails\" value=\"info.wheels@howmet.com\">\n\t\t\t\t\t<input type=\"hidden\" name=\"action\" value=\"contact_form_response\">\n\t\t\t\t\t<input type=\"hidden\" name=\"contact_form_nonce\" value=\"3ea43555d6\">\n\t\t\t\t\t\t\t\t\t\t\t\t\t<div class=\"field-wrap required\">\n\t\t\t\t\t\t\t\t\t<div class=\"field-container\">\n\t\t\t\t\t\t\t\t\t\t<label class=\"field-label\" for=\"first_name\">*Imi\u0119<\/label>\n\t\t\t\t\t\t\t\t\t\t \n\t\t\t\t\t\t\t\t\t\t<input type=\"text\" name=\"first_name\" id=\"first_name\" value=\"\">\n\t\t\t\t\t\t\t\t\t\t\t\t\t\t\t\t\t\t\t<\/div>\n\t\t\t\t\t\t\t\t<\/div>\n\t\t\t\t\t\t\t\t\t\t\t\t\t\t\t<div class=\"field-wrap required\">\n\t\t\t\t\t\t\t\t\t<div class=\"field-container\">\n\t\t\t\t\t\t\t\t\t\t<label class=\"field-label\" for=\"last_name\">*Nazwisko<\/label>\n\t\t\t\t\t\t\t\t\t\t \n\t\t\t\t\t\t\t\t\t\t<input type=\"text\" name=\"last_name\" id=\"last_name\" value=\"\">\n\t\t\t\t\t\t\t\t\t\t\t\t\t\t\t\t\t\t\t<\/div>\n\t\t\t\t\t\t\t\t<\/div>\n\t\t\t\t\t\t\t\t\t\t\t\t\t\t\t<div class=\"field-wrap\">\n\t\t\t\t\t\t\t\t\t<div class=\"field-container\">\n\t\t\t\t\t\t\t\t\t\t<label class=\"field-label\" for=\"title\">Tytu\u0142<\/label>\n\t\t\t\t\t\t\t\t\t\t \n\t\t\t\t\t\t\t\t\t\t<input type=\"text\" name=\"title\" id=\"title\" value=\"\">\n\t\t\t\t\t\t\t\t\t\t\t\t\t\t\t\t\t\t\t<\/div>\n\t\t\t\t\t\t\t\t<\/div>\n\t\t\t\t\t\t\t\t\t\t\t\t\t\t\t<div class=\"field-wrap required\">\n\t\t\t\t\t\t\t\t\t<div class=\"field-container\">\n\t\t\t\t\t\t\t\t\t\t<label class=\"field-label\" for=\"company\">*Nazwa firmy<\/label>\n\t\t\t\t\t\t\t\t\t\t \n\t\t\t\t\t\t\t\t\t\t<input type=\"text\" name=\"company\" id=\"company\" value=\"\">\n\t\t\t\t\t\t\t\t\t\t\t\t\t\t\t\t\t\t\t<\/div>\n\t\t\t\t\t\t\t\t<\/div>\n\t\t\t\t\t\t\t\t\t\t\t\t\t\t\t<div class=\"field-wrap required\">\n\t\t\t\t\t\t\t\t\t<div class=\"field-container\">\n\t\t\t\t\t\t\t\t\t\t<label class=\"field-label\" for=\"address1\">*Adres 1<\/label>\n\t\t\t\t\t\t\t\t\t\t \n\t\t\t\t\t\t\t\t\t\t<input type=\"text\" name=\"address1\" id=\"address1\" value=\"\">\n\t\t\t\t\t\t\t\t\t\t\t\t\t\t\t\t\t\t\t<\/div>\n\t\t\t\t\t\t\t\t<\/div>\n\t\t\t\t\t\t\t\t\t\t\t\t\t\t\t<div class=\"field-wrap\">\n\t\t\t\t\t\t\t\t\t<div class=\"field-container\">\n\t\t\t\t\t\t\t\t\t\t<label class=\"field-label\" for=\"address2\">Adres 2<\/label>\n\t\t\t\t\t\t\t\t\t\t \n\t\t\t\t\t\t\t\t\t\t<input type=\"text\" name=\"address2\" id=\"address2\" value=\"\">\n\t\t\t\t\t\t\t\t\t\t\t\t\t\t\t\t\t\t\t<\/div>\n\t\t\t\t\t\t\t\t<\/div>\n\t\t\t\t\t\t\t\t\t\t\t\t\t\t\t<div class=\"field-wrap required\">\n\t\t\t\t\t\t\t\t\t<div class=\"field-container\">\n\t\t\t\t\t\t\t\t\t\t<label class=\"field-label\" for=\"city\">*Miejscowo\u015b\u0107<\/label>\n\t\t\t\t\t\t\t\t\t\t \n\t\t\t\t\t\t\t\t\t\t<input type=\"text\" name=\"city\" id=\"city\" value=\"\">\n\t\t\t\t\t\t\t\t\t\t\t\t\t\t\t\t\t\t\t<\/div>\n\t\t\t\t\t\t\t\t<\/div>\n\t\t\t\t\t\t\t\t\t\t\t\t\t\t\t<div class=\"field-wrap required\">\n\t\t\t\t\t\t\t\t\t<div class=\"field-container\">\n\t\t\t\t\t\t\t\t\t\t<label class=\"field-label\" for=\"postal_code\">*Kod pocztowy<\/label>\n\t\t\t\t\t\t\t\t\t\t \n\t\t\t\t\t\t\t\t\t\t<input type=\"text\" name=\"postal_code\" id=\"postal_code\" value=\"\">\n\t\t\t\t\t\t\t\t\t\t\t\t\t\t\t\t\t\t\t<\/div>\n\t\t\t\t\t\t\t\t<\/div>\n\t\t\t\t\t\t\t\t\t\t\t\t\t\t\t<div class=\"field-wrap required\">\n\t\t\t\t\t\t\t\t\t<div class=\"field-container\">\n\t\t\t\t\t\t\t\t\t\t<label class=\"field-label\" for=\"country\">*Kraj<\/label>\n\t\t\t\t\t\t\t\t\t\t \n\t\t\t\t\t\t\t\t\t\t<input type=\"text\" name=\"country\" id=\"country\" value=\"\">\n\t\t\t\t\t\t\t\t\t\t\t\t\t\t\t\t\t\t\t<\/div>\n\t\t\t\t\t\t\t\t<\/div>\n\t\t\t\t\t\t\t\t\t\t\t\t\t\t\t<div class=\"field-wrap\">\n\t\t\t\t\t\t\t\t\t<div class=\"field-container\">\n\t\t\t\t\t\t\t\t\t\t<label class=\"field-label\" for=\"phone\">Telefon<\/label>\n\t\t\t\t\t\t\t\t\t\t \n\t\t\t\t\t\t\t\t\t\t<input type=\"text\" name=\"phone\" id=\"phone\" value=\"\">\n\t\t\t\t\t\t\t\t\t\t\t\t\t\t\t\t\t\t\t<\/div>\n\t\t\t\t\t\t\t\t<\/div>\n\t\t\t\t\t\t\t\t\t\t\t\t\t\t\t<div class=\"field-wrap required\">\n\t\t\t\t\t\t\t\t\t<div class=\"field-container\">\n\t\t\t\t\t\t\t\t\t\t<label class=\"field-label\" for=\"email\">*Adres e-mail<\/label>\n\t\t\t\t\t\t\t\t\t\t \n\t\t\t\t\t\t\t\t\t\t<input type=\"email\" name=\"email\" id=\"email\" value=\"\">\n\t\t\t\t\t\t\t\t\t\t\t\t\t\t\t\t\t\t\t<\/div>\n\t\t\t\t\t\t\t\t<\/div>\n\t\t\t\t\t\t\t\t\t\t\t\t\t\t\t\t<div class=\"field-wrap required\">\n\t\t\t\t\t\t\t\t\t\t\t<div class=\"field-container\">\n\t\t\t\t\t\t\t\t\t\t\t\t<label class=\"field-label\" for=\"activity\">*Dzia\u0142alno\u015b\u0107<\/label>\n\t\t\t\t\t\t\t\t\t\t\t\t<select name=\"activity\" id=\"activity\">\n\t\t\t\t\t\t\t\t\t\t\t\t\t\t\t\t\t\t\t\t\t\t\t\t\t\t<option value=\"\" >[Wybierz dzialalno\u015b\u0107]<\/option>\n\t\t\t\t\t\t\t\t\t\t\t\t\t\t\t\t\t\t\t\t\t\t\t\t\t\t\t<option value=\"Sprzedawca autobus\u00f3w i autokar\u00f3w\" >Sprzedawca autobus\u00f3w i autokar\u00f3w<\/option>\n\t\t\t\t\t\t\t\t\t\t\t\t\t\t\t\t\t\t\t\t\t\t\t\t\t\t\t<option value=\"Producent OEM do autobus\u00f3w i autokar\u00f3w\" >Producent OEM do autobus\u00f3w i autokar\u00f3w<\/option>\n\t\t\t\t\t\t\t\t\t\t\t\t\t\t\t\t\t\t\t\t\t\t\t\t\t\t\t<option value=\"Flota\" >Flota<\/option>\n\t\t\t\t\t\t\t\t\t\t\t\t\t\t\t\t\t\t\t\t\t\t\t\t\t\t\t<option value=\"Inna\" >Inna<\/option>\n\t\t\t\t\t\t\t\t\t\t\t\t\t\t\t\t\t\t\t\t\t\t\t\t\t\t\t<option value=\"Sprzedawca opon\" >Sprzedawca opon<\/option>\n\t\t\t\t\t\t\t\t\t\t\t\t\t\t\t\t\t\t\t\t\t\t\t\t\t\t\t<option value=\"Producent opon OE\" >Producent opon OE<\/option>\n\t\t\t\t\t\t\t\t\t\t\t\t\t\t\t\t\t\t\t\t\t\t\t\t\t\t\t<option value=\"Sprzedawca przyczep\" >Sprzedawca przyczep<\/option>\n\t\t\t\t\t\t\t\t\t\t\t\t\t\t\t\t\t\t\t\t\t\t\t\t\t\t\t<option value=\"Producent OEM do przyczep\" >Producent OEM do przyczep<\/option>\n\t\t\t\t\t\t\t\t\t\t\t\t\t\t\t\t\t\t\t\t\t\t\t\t\t\t\t<option value=\"Sprzedawca ci\u0119\u017car\u00f3wek\" >Sprzedawca ci\u0119\u017car\u00f3wek<\/option>\n\t\t\t\t\t\t\t\t\t\t\t\t\t\t\t\t\t\t\t\t\t\t\t\t\t\t\t<option value=\"Producent OEM do ci\u0119\u017car\u00f3wek\" >Producent OEM do ci\u0119\u017car\u00f3wek<\/option>\n\t\t\t\t\t\t\t\t\t\t\t\t\t\t\t\t\t\t\t\t\t\t\t\t\t<\/select>\n\t\t\t\t\t\t\t\t\t\t\t<\/div>\n\t\t\t\t\t\t\t\t\t<\/div>\n\t\t\t\t\t\t\t\t\t\t\t\t\t\t\t\t\t<div class=\"field-wrap\">\n\t\t\t\t\t\t\t\t\t\t\t<div class=\"field-container\">\n\t\t\t\t\t\t\t\t\t\t\t\t<label class=\"field-label\" for=\"activity_segment\">Segmenty dzia\u0142alno\u015bci<\/label>\n\t\t\t\t\t\t\t\t\t\t\t\t<select name=\"activity_segment\" id=\"activity_segment\">\n\t\t\t\t\t\t\t\t\t\t\t\t\t\t\t\t\t\t\t\t\t\t\t\t\t\t<option value=\"\" >[Wybierz segment]<\/option>\n\t\t\t\t\t\t\t\t\t\t\t\t\t\t\t\t\t\t\t\t\t\t\t\t\t\t\t<option value=\"Autobusy miejskie\" >Autobusy miejskie<\/option>\n\t\t\t\t\t\t\t\t\t\t\t\t\t\t\t\t\t\t\t\t\t\t\t\t\t\t\t<option value=\"Autokary\" >Autokary<\/option>\n\t\t\t\t\t\t\t\t\t\t\t\t\t\t\t\t\t\t\t\t\t\t\t\t\t\t\t<option value=\"Pojazdy budowlane\" >Pojazdy budowlane<\/option>\n\t\t\t\t\t\t\t\t\t\t\t\t\t\t\t\t\t\t\t\t\t\t\t\t\t\t\t<option value=\"Transport kontener\u00f3w\" >Transport kontener\u00f3w<\/option>\n\t\t\t\t\t\t\t\t\t\t\t\t\t\t\t\t\t\t\t\t\t\t\t\t\t\t\t<option value=\"Transport \u0142adunk\u00f3w drobnicowych\" >Transport \u0142adunk\u00f3w drobnicowych<\/option>\n\t\t\t\t\t\t\t\t\t\t\t\t\t\t\t\t\t\t\t\t\t\t\t\t\t\t\t<option value=\"Autobusy mi\u0119dzymiastowe\" >Autobusy mi\u0119dzymiastowe<\/option>\n\t\t\t\t\t\t\t\t\t\t\t\t\t\t\t\t\t\t\t\t\t\t\t\t\t\t\t<option value=\"Inny\" >Inny<\/option>\n\t\t\t\t\t\t\t\t\t\t\t\t\t\t\t\t\t\t\t\t\t\t\t\t\t\t\t<option value=\"Ch\u0142odnie\" >Ch\u0142odnie<\/option>\n\t\t\t\t\t\t\t\t\t\t\t\t\t\t\t\t\t\t\t\t\t\t\t\t\t\t\t<option value=\"Transport materia\u0142\u00f3w sypkich\" >Transport materia\u0142\u00f3w sypkich<\/option>\n\t\t\t\t\t\t\t\t\t\t\t\t\t\t\t\t\t\t\t\t\t\t\t\t\t\t\t<option value=\"Cysterny\" >Cysterny<\/option>\n\t\t\t\t\t\t\t\t\t\t\t\t\t\t\t\t\t\t\t\t\t\t\t\t\t<\/select>\n\t\t\t\t\t\t\t\t\t\t\t<\/div>\n\t\t\t\t\t\t\t\t\t<\/div>\n\t\t\t\t\t\t\t\t\t\t\t\t\t\t\t\t<div class=\"field-wrap required\">\n\t\t\t\t\t\t\t\t\t<div class=\"field-inner\">\n\t\t\t\t\t\t\t\t\t\t<div class=\"field-container\">\n\t\t\t\t\t\t\t\t\t\t\t<p class=\"field-label consent-label\">*Zaznacz pole, aby zaakceptowa\u0107 nasz\u0105&nbsp;<a href=\"..\/polityka-prywatnosci\">umow\u0119 o poufno\u015bci<\/a><\/p>\n\t\t\t\t\t\t\t\t\t\t\t<div class=\"checkbox-group\">\n\t\t\t\t\t\t\t\t\t\t\t\t<div class=\"formbuilder-checkbox\">\n\t\t\t\t\t\t\t\t\t\t\t\t\t<input name=\"consent\" id=\"consent\" type=\"checkbox\" value=\"y\" >\n\t\t\t\t\t\t\t\t\t\t\t\t\t<label for=\"consent\">Sk\u0142adaj\u0105c ten wniosek, wyra\u017cam zgod\u0119 na przes\u0142anie podanych powy\u017cej moich danych osobowych do firmy Howmet Aerospace Inc i&nbsp;wszystkich kontrolowanych przez ni\u0105 firm w&nbsp;Stanach Zjednoczonych i&nbsp;w&nbsp;innych krajach oraz do wykonawc&oacute;w lub agent&oacute;w strony trzeciej, a&nbsp;tak\u017ce na ich przetwarzanie w&nbsp;celu udzielenia odpowiedzi na m&oacute;j wniosek. Howmet Aerospace wykorzysta otrzymane informacje wy\u0142\u0105cznie w celu udzielenia odpowiedzi na wniosek i zachowa je tak d\u0142ugo, jak to b\u0119dzie konieczne, aby m&oacute;c go wype\u0142ni\u0107. Potwierdzam, \u017ce zosta\u0142em\/-am w pe\u0142ni poinformowany\/-a o przyczynach przetwarzania i przes\u0142ania moich danych osobowych i jestem \u015bwiadomy\/-a wszystkich swoich praw, dotycz\u0105cych takich danych osobowych i wszystkich przys\u0142uguj\u0105cych praw. Je\u015bli kiedykolwiek p&oacute;\u017aniej postanowi\u0119 wycofa\u0107 swoj\u0105 powy\u017csz\u0105 zgod\u0119, skontaktuj\u0119 si\u0119 z firm\u0105 Howmet Aerospace, aby poinformowa\u0107 j\u0105 o tej decyzji. Mam r&oacute;wnie\u017c prawo do korygowania wszelkich b\u0142\u0119dnych informacji przechowywanych przez firm\u0119 Howmet Aerospace.<\/label>\n\t\t\t\t\t\t\t\t\t\t\t\t<\/div>\n\t\t\t\t\t\t\t\t\t\t\t<\/div>\n\t\t\t\t\t\t\t\t\t\t<\/div>\n\t\t\t\t\t\t\t\t\t<\/div>\n\t\t\t\t\t\t\t\t<\/div>\n\t\t\t\t\t\t\t\t\t\t\t\t\t\t<div class=\"field-wrap google-captcha\">\n\t\t\t\t\t\t\t\t<div class=\"field-container\">\n\t\t\t\t\t\t\t\t\t<div class=\"captcha-field\" id=\"captcha-field\">\n\t\t\t\t\t\t\t\t\t<\/div>\n\t\t\t\t\t\t\t\t\t\t\t\t\t\t\t\t\t\t<div class=\"recaptcha-onetrust-placeholder alert alert-danger\" role=\"alert\">\n\t\t\t\t\t\t\t\t\t\t<p class=\"text-danger\"><strong>This website requires Google reCAPTCHA verification to submit inquiry forms. Please <a class=\"optanon-toggle-display\">accept<\/a> cookies in order to view the verification module. You may need to refresh your browser window afterwards.<\/strong><\/p>\r\n\r\n<p class=\"text-danger\"><strong><a href=\"https:\/\/support.google.com\/recaptcha\/?hl=pl\" target=\"_blank\" class=\"with_arrow btn-main btn-link-left-arrow\">reCAPTCHA User Resources<\/a><\/strong><\/p>\t\t\t\t\t\t\t\t\t<\/div>\n\t\t\t\t\t\t\t\t\t\t\t\t\t\t\t\t\t<\/div>\n\t\t\t\t\t\t\t<\/div>\n\t\t\t\t\t\t\t\t\t\t\t\t\t\t\t<div class=\"button-wrap\">\n\t\t\t\t\t\t\t\t\t\t\t\t\t\t\t<button type=\"submit\" value=\"Wy\u015blij\" id=\"Submit1\" name=\"Submit1\" class=\"button btn btn-default\">Wy\u015blij\t\t\t\t\t\t\t\t\t\t\t\t\t\t<\/button>\n\t\t\t\t\t\t\t\t\t\t\t\t\t\t<button type=\"reset\" value=\"Resetuj\" id=\"Reset1\" name=\"Reset1\" class=\"button btn btn-default\">Resetuj\t\t\t\t\t\t\t\t\t\t\t\t\t\t<\/button>\n\t\t\t\t\t\t\t\t\t\t\t\t\t\t\t\t<\/div>\n\t\t\t\t\t\t\t\t\t\t\t\t\t\t\t\t<div class=\"field-wrap text\">\n\t\t\t\t\t\t\t\t<div class=\"field-container\">\n\t\t\t\t\t\t\t\t\t*Wymagane\t\t\t\t\t\t\t\t<\/div>\n\t\t\t\t\t\t\t<\/div>\n\t\t\t\t\t\t\t\t\t\t\t<\/form>\n\t\t\t<\/div>\n\t\t\t\n\n\n<div style=\"height:20px\" aria-hidden=\"true\" class=\"wp-block-spacer\"><\/div>\n\n\n\n<div class=\"wp-block-alcoa-wheels-card-usecase-1 card-box-v1__body with-icon align-center vertical-align-center\" id=\"card_box_v1-0bab25cf-5c61-4abf-a04f-a862f2ab44ba\"><div class=\"fullwidthcontainer\"><div class=\"card-box-v1__boxes has-4-columns\"><div class=\"card-box-v1__box  with-link \" style=\"background-color:#00afb9\"><img decoding=\"async\" src=\"https:\/\/www.alcoawheels.com\/europe\/pl\/wp-content\/themes\/alcoa-wheels\/assets\/build\/js\/blocks\/card-usecase-1\/..\/..\/..\/images\/placeholder-image.db2b4d5c.jpeg\" alt=\"Kontakt\"\/><div class=\"card-box-v1__box__inner pos-abs\"><div class=\"card-box-v1__box_icon\"><img loading=\"lazy\" decoding=\"async\" width=\"171\" height=\"171\" src=\"https:\/\/www.alcoawheels.com\/europe\/pl\/wp-content\/uploads\/sites\/20\/2023\/06\/contact.png\" alt=\"\"\/><\/div><div class=\"card-box-v1__box_content\"><h4 style=\"color:#ffffff\">Kontakt<\/h4><\/div><div class=\"btn-wrap\"><\/div><\/div><a href=\"\/europe\/pl\/kontakt\" aria-label=\"Kontakt\"><\/a><\/div><div class=\"card-box-v1__box  with-link \" style=\"background-color:#34bfc7\"><img decoding=\"async\" src=\"https:\/\/www.alcoawheels.com\/europe\/pl\/wp-content\/themes\/alcoa-wheels\/assets\/build\/js\/blocks\/card-usecase-1\/..\/..\/..\/images\/placeholder-image.db2b4d5c.jpeg\" alt=\"Gama felg\"\/><div class=\"card-box-v1__box__inner pos-abs\"><div class=\"card-box-v1__box_icon\"><img loading=\"lazy\" decoding=\"async\" width=\"169\" height=\"169\" src=\"https:\/\/www.alcoawheels.com\/europe\/pl\/wp-content\/uploads\/sites\/20\/2023\/06\/product-search.png\" alt=\"\"\/><\/div><div class=\"card-box-v1__box_content\"><h4 style=\"color:#ffffff\">Gama felg<\/h4><\/div><div class=\"btn-wrap\"><\/div><\/div><a href=\"\/europe\/pl\/gama-felg\" aria-label=\"Gama felg\"><\/a><\/div><div class=\"card-box-v1__box  with-link \" style=\"background-color:#00afb9\"><img decoding=\"async\" src=\"https:\/\/www.alcoawheels.com\/europe\/pl\/wp-content\/themes\/alcoa-wheels\/assets\/build\/js\/blocks\/card-usecase-1\/..\/..\/..\/images\/placeholder-image.db2b4d5c.jpeg\" alt=\"Gdzie kupi\u0107?\"\/><div class=\"card-box-v1__box__inner pos-abs\"><div class=\"card-box-v1__box_icon\"><img loading=\"lazy\" decoding=\"async\" width=\"169\" height=\"169\" src=\"https:\/\/www.alcoawheels.com\/europe\/pl\/wp-content\/uploads\/sites\/20\/2023\/06\/where-to-buy.png\" alt=\"\"\/><\/div><div class=\"card-box-v1__box_content\"><h4 style=\"color:#ffffff\">Gdzie kupi\u0107?<\/h4><\/div><div class=\"btn-wrap\"><\/div><\/div><a href=\"\/europe\/pl\/gdzie-kupic\" aria-label=\"Gdzie kupi\u0107?\"><\/a><\/div><div class=\"card-box-v1__box  with-link \" style=\"background-color:#34bfc7\"><img decoding=\"async\" src=\"https:\/\/www.alcoawheels.com\/europe\/pl\/wp-content\/themes\/alcoa-wheels\/assets\/build\/js\/blocks\/card-usecase-1\/..\/..\/..\/images\/placeholder-image.db2b4d5c.jpeg\" alt=\"Do pobrania\"\/><div class=\"card-box-v1__box__inner pos-abs\"><div class=\"card-box-v1__box_icon\"><img loading=\"lazy\" decoding=\"async\" width=\"169\" height=\"169\" src=\"https:\/\/www.alcoawheels.com\/europe\/pl\/wp-content\/uploads\/sites\/20\/2023\/06\/product-literature.png\" alt=\"\"\/><\/div><div class=\"card-box-v1__box_content\"><h4 style=\"color:#ffffff\">Do pobrania<\/h4><\/div><div class=\"btn-wrap\"><\/div><\/div><a href=\"\/europe\/pl\/do-pobrania\" aria-label=\"Do pobrania\"><\/a><\/div><\/div><\/div><\/div>\n","protected":false},"excerpt":{"rendered":"","protected":false},"author":44,"featured_media":0,"parent":0,"menu_order":0,"comment_status":"closed","ping_status":"closed","template":"","meta":{"_acf_changed":false,"protected_reviewer_email":"","editor_notices":[],"footnotes":""},"class_list":["post-56","page","type-page","status-publish","hentry"],"acf":[],"yoast_head":"<!-- This site is optimized with the Yoast SEO Premium plugin v27.5 (Yoast SEO v27.5) - https:\/\/yoast.com\/product\/yoast-seo-premium-wordpress\/ -->\n<title>Alcoa Wheels | O nas | Subskrybuj<\/title>\n<meta name=\"robots\" content=\"index, follow, max-snippet:-1, max-image-preview:large, max-video-preview:-1\" \/>\n<link rel=\"canonical\" href=\"https:\/\/www.alcoawheels.com\/europe\/pl\/subskrybuj\/\" \/>\n<meta property=\"og:locale\" content=\"en_US\" \/>\n<meta property=\"og:type\" content=\"article\" \/>\n<meta property=\"og:title\" content=\"Subskrybuj\" \/>\n<meta property=\"og:url\" content=\"https:\/\/www.alcoawheels.com\/europe\/pl\/subskrybuj\/\" \/>\n<meta property=\"og:site_name\" content=\"Europe Polish\" \/>\n<meta property=\"article:modified_time\" content=\"2023-08-24T09:01:34+00:00\" \/>\n<meta name=\"twitter:card\" content=\"summary_large_image\" \/>\n<script type=\"application\/ld+json\" class=\"yoast-schema-graph\">{\"@context\":\"https:\\\/\\\/schema.org\",\"@graph\":[{\"@type\":\"WebPage\",\"@id\":\"https:\\\/\\\/www.alcoawheels.com\\\/europe\\\/pl\\\/subskrybuj\\\/\",\"url\":\"https:\\\/\\\/www.alcoawheels.com\\\/europe\\\/pl\\\/subskrybuj\\\/\",\"name\":\"Alcoa Wheels | O nas | Subskrybuj\",\"isPartOf\":{\"@id\":\"https:\\\/\\\/www.alcoawheels.com\\\/europe\\\/pl\\\/#website\"},\"datePublished\":\"2023-05-26T12:33:32+00:00\",\"dateModified\":\"2023-08-24T09:01:34+00:00\",\"breadcrumb\":{\"@id\":\"https:\\\/\\\/www.alcoawheels.com\\\/europe\\\/pl\\\/subskrybuj\\\/#breadcrumb\"},\"inLanguage\":\"en-US\",\"potentialAction\":[{\"@type\":\"ReadAction\",\"target\":[\"https:\\\/\\\/www.alcoawheels.com\\\/europe\\\/pl\\\/subskrybuj\\\/\"]}]},{\"@type\":\"BreadcrumbList\",\"@id\":\"https:\\\/\\\/www.alcoawheels.com\\\/europe\\\/pl\\\/subskrybuj\\\/#breadcrumb\",\"itemListElement\":[{\"@type\":\"ListItem\",\"position\":1,\"name\":\"Home\",\"item\":\"https:\\\/\\\/www.alcoawheels.com\\\/europe\\\/pl\\\/\"},{\"@type\":\"ListItem\",\"position\":2,\"name\":\"Subskrybuj\"}]},{\"@type\":\"WebSite\",\"@id\":\"https:\\\/\\\/www.alcoawheels.com\\\/europe\\\/pl\\\/#website\",\"url\":\"https:\\\/\\\/www.alcoawheels.com\\\/europe\\\/pl\\\/\",\"name\":\"Europe Polish\",\"description\":\"\",\"publisher\":{\"@id\":\"https:\\\/\\\/www.alcoawheels.com\\\/europe\\\/pl\\\/#organization\"},\"potentialAction\":[{\"@type\":\"SearchAction\",\"target\":{\"@type\":\"EntryPoint\",\"urlTemplate\":\"https:\\\/\\\/www.alcoawheels.com\\\/europe\\\/pl\\\/?s={search_term_string}\"},\"query-input\":{\"@type\":\"PropertyValueSpecification\",\"valueRequired\":true,\"valueName\":\"search_term_string\"}}],\"inLanguage\":\"en-US\"},{\"@type\":\"Organization\",\"@id\":\"https:\\\/\\\/www.alcoawheels.com\\\/europe\\\/pl\\\/#organization\",\"name\":\"Europe Polish\",\"url\":\"https:\\\/\\\/www.alcoawheels.com\\\/europe\\\/pl\\\/\",\"logo\":{\"@type\":\"ImageObject\",\"inLanguage\":\"en-US\",\"@id\":\"https:\\\/\\\/www.alcoawheels.com\\\/europe\\\/pl\\\/#\\\/schema\\\/logo\\\/image\\\/\",\"url\":\"https:\\\/\\\/www.alcoawheels.com\\\/europe\\\/pl\\\/wp-content\\\/uploads\\\/sites\\\/20\\\/2023\\\/05\\\/logo-black.gif\",\"contentUrl\":\"https:\\\/\\\/www.alcoawheels.com\\\/europe\\\/pl\\\/wp-content\\\/uploads\\\/sites\\\/20\\\/2023\\\/05\\\/logo-black.gif\",\"width\":71,\"height\":64,\"caption\":\"Europe Polish\"},\"image\":{\"@id\":\"https:\\\/\\\/www.alcoawheels.com\\\/europe\\\/pl\\\/#\\\/schema\\\/logo\\\/image\\\/\"}}]}<\/script>\n<!-- \/ Yoast SEO Premium plugin. -->","yoast_head_json":{"title":"Alcoa Wheels | O nas | Subskrybuj","robots":{"index":"index","follow":"follow","max-snippet":"max-snippet:-1","max-image-preview":"max-image-preview:large","max-video-preview":"max-video-preview:-1"},"canonical":"https:\/\/www.alcoawheels.com\/europe\/pl\/subskrybuj\/","og_locale":"en_US","og_type":"article","og_title":"Subskrybuj","og_url":"https:\/\/www.alcoawheels.com\/europe\/pl\/subskrybuj\/","og_site_name":"Europe Polish","article_modified_time":"2023-08-24T09:01:34+00:00","twitter_card":"summary_large_image","schema":{"@context":"https:\/\/schema.org","@graph":[{"@type":"WebPage","@id":"https:\/\/www.alcoawheels.com\/europe\/pl\/subskrybuj\/","url":"https:\/\/www.alcoawheels.com\/europe\/pl\/subskrybuj\/","name":"Alcoa Wheels | O nas | Subskrybuj","isPartOf":{"@id":"https:\/\/www.alcoawheels.com\/europe\/pl\/#website"},"datePublished":"2023-05-26T12:33:32+00:00","dateModified":"2023-08-24T09:01:34+00:00","breadcrumb":{"@id":"https:\/\/www.alcoawheels.com\/europe\/pl\/subskrybuj\/#breadcrumb"},"inLanguage":"en-US","potentialAction":[{"@type":"ReadAction","target":["https:\/\/www.alcoawheels.com\/europe\/pl\/subskrybuj\/"]}]},{"@type":"BreadcrumbList","@id":"https:\/\/www.alcoawheels.com\/europe\/pl\/subskrybuj\/#breadcrumb","itemListElement":[{"@type":"ListItem","position":1,"name":"Home","item":"https:\/\/www.alcoawheels.com\/europe\/pl\/"},{"@type":"ListItem","position":2,"name":"Subskrybuj"}]},{"@type":"WebSite","@id":"https:\/\/www.alcoawheels.com\/europe\/pl\/#website","url":"https:\/\/www.alcoawheels.com\/europe\/pl\/","name":"Europe Polish","description":"","publisher":{"@id":"https:\/\/www.alcoawheels.com\/europe\/pl\/#organization"},"potentialAction":[{"@type":"SearchAction","target":{"@type":"EntryPoint","urlTemplate":"https:\/\/www.alcoawheels.com\/europe\/pl\/?s={search_term_string}"},"query-input":{"@type":"PropertyValueSpecification","valueRequired":true,"valueName":"search_term_string"}}],"inLanguage":"en-US"},{"@type":"Organization","@id":"https:\/\/www.alcoawheels.com\/europe\/pl\/#organization","name":"Europe Polish","url":"https:\/\/www.alcoawheels.com\/europe\/pl\/","logo":{"@type":"ImageObject","inLanguage":"en-US","@id":"https:\/\/www.alcoawheels.com\/europe\/pl\/#\/schema\/logo\/image\/","url":"https:\/\/www.alcoawheels.com\/europe\/pl\/wp-content\/uploads\/sites\/20\/2023\/05\/logo-black.gif","contentUrl":"https:\/\/www.alcoawheels.com\/europe\/pl\/wp-content\/uploads\/sites\/20\/2023\/05\/logo-black.gif","width":71,"height":64,"caption":"Europe Polish"},"image":{"@id":"https:\/\/www.alcoawheels.com\/europe\/pl\/#\/schema\/logo\/image\/"}}]}},"parsely":{"version":"1.1.0","canonical_url":"https:\/\/alcoawheels.com\/europe\/pl\/subskrybuj\/","smart_links":{"inbound":0,"outbound":0},"traffic_boost_suggestions_count":0,"meta":{"@context":"https:\/\/schema.org","@type":"WebPage","headline":"Subskrybuj","url":"http:\/\/www.alcoawheels.com\/europe\/pl\/subskrybuj\/","mainEntityOfPage":{"@type":"WebPage","@id":"http:\/\/www.alcoawheels.com\/europe\/pl\/subskrybuj\/"},"thumbnailUrl":"","image":{"@type":"ImageObject","url":""},"articleSection":"Uncategorized","author":[{"@type":"Person","name":"howmet"}],"creator":["howmet"],"publisher":{"@type":"Organization","name":"Europe Polish","logo":""},"keywords":[],"dateCreated":"2023-05-26T12:33:32Z","datePublished":"2023-05-26T12:33:32Z","dateModified":"2023-08-24T09:01:34Z"},"rendered":"<script type=\"application\/ld+json\" class=\"wp-parsely-metadata\">{\"@context\":\"https:\\\/\\\/schema.org\",\"@type\":\"WebPage\",\"headline\":\"Subskrybuj\",\"url\":\"http:\\\/\\\/www.alcoawheels.com\\\/europe\\\/pl\\\/subskrybuj\\\/\",\"mainEntityOfPage\":{\"@type\":\"WebPage\",\"@id\":\"http:\\\/\\\/www.alcoawheels.com\\\/europe\\\/pl\\\/subskrybuj\\\/\"},\"thumbnailUrl\":\"\",\"image\":{\"@type\":\"ImageObject\",\"url\":\"\"},\"articleSection\":\"Uncategorized\",\"author\":[{\"@type\":\"Person\",\"name\":\"howmet\"}],\"creator\":[\"howmet\"],\"publisher\":{\"@type\":\"Organization\",\"name\":\"Europe Polish\",\"logo\":\"\"},\"keywords\":[],\"dateCreated\":\"2023-05-26T12:33:32Z\",\"datePublished\":\"2023-05-26T12:33:32Z\",\"dateModified\":\"2023-08-24T09:01:34Z\"}<\/script>","tracker_url":"https:\/\/cdn.parsely.com\/keys\/alcoawheels.com\/p.js"},"jetpack_sharing_enabled":true,"_links":{"self":[{"href":"https:\/\/www.alcoawheels.com\/europe\/pl\/wp-json\/wp\/v2\/pages\/56","targetHints":{"allow":["GET"]}}],"collection":[{"href":"https:\/\/www.alcoawheels.com\/europe\/pl\/wp-json\/wp\/v2\/pages"}],"about":[{"href":"https:\/\/www.alcoawheels.com\/europe\/pl\/wp-json\/wp\/v2\/types\/page"}],"author":[{"embeddable":true,"href":"https:\/\/www.alcoawheels.com\/europe\/pl\/wp-json\/wp\/v2\/users\/44"}],"replies":[{"embeddable":true,"href":"https:\/\/www.alcoawheels.com\/europe\/pl\/wp-json\/wp\/v2\/comments?post=56"}],"version-history":[{"count":5,"href":"https:\/\/www.alcoawheels.com\/europe\/pl\/wp-json\/wp\/v2\/pages\/56\/revisions"}],"predecessor-version":[{"id":2144,"href":"https:\/\/www.alcoawheels.com\/europe\/pl\/wp-json\/wp\/v2\/pages\/56\/revisions\/2144"}],"wp:attachment":[{"href":"https:\/\/www.alcoawheels.com\/europe\/pl\/wp-json\/wp\/v2\/media?parent=56"}],"curies":[{"name":"wp","href":"https:\/\/api.w.org\/{rel}","templated":true}]}}