{"id":7,"date":"2023-05-26T12:23:47","date_gmt":"2023-05-26T12:23:47","guid":{"rendered":"https:\/\/www.alcoawheels.com\/europe\/pl\/?page_id=7"},"modified":"2025-11-20T14:44:31","modified_gmt":"2025-11-20T13:44:31","slug":"alcoa-wheels","status":"publish","type":"page","link":"https:\/\/www.alcoawheels.com\/europe\/pl\/","title":{"rendered":"Alcoa Wheels Europe"},"content":{"rendered":"\n<div class=\"wp-block-alcoa-wheels-hero-slider hero-slider\" id=\"hero-slider-8aa5de3f-6460-41cc-9bf8-143fe3f63c04\"><div class=\"ad-container-fluid\"><div class=\"hero-slider-inner\"><div class=\"hero-slider-body\"><div class=\"hero-slider-main\" data-slide-fade=\"false\" data-slide-autoplay=\"true\" data-slide-interval=\"1000\" data-slide-arrows=\"true\" data-slide-dots=\"true\" data-slide-infinite=\"true\" data-slide-show=\"1\" data-slide-scroll=\"1\"><div class=\"hero-slide-item\" style=\"background-color:#fff\"><div class=\"hero-slide-inner-wrap fullsmallslide valign-center align-left with-link slide-withbg mediaresponsive\"><div class=\"desktopImage hero-slider__bg\"><img loading=\"lazy\" decoding=\"async\" width=\"1920\" height=\"600\" src=\"https:\/\/www.alcoawheels.com\/europe\/pl\/wp-content\/uploads\/sites\/20\/2023\/05\/homepage-ultra-one_large.jpg\" alt=\"Thumbnail\"\/><\/div><div class=\"responsiveImage hero-slider__bg\"><img loading=\"lazy\" decoding=\"async\" width=\"1920\" height=\"600\" src=\"https:\/\/www.alcoawheels.com\/europe\/pl\/wp-content\/uploads\/sites\/20\/2023\/05\/homepage-ultra-one_small.jpg\" alt=\"Thumbnail\"\/><\/div><div class=\"hero-slide-inner\"><div class=\"hero-slide-info\"><\/div><\/div><a href=\"\/europe\/pl\/ultra-one\" aria-label=\"\"><\/a><\/div><\/div><div class=\"hero-slide-item\" style=\"background-color:#fff\"><div class=\"hero-slide-inner-wrap fullsmallslide valign-center align-left with-link slide-withbg mediaresponsive\"><div class=\"desktopImage hero-slider__bg\"><img loading=\"lazy\" decoding=\"async\" width=\"1920\" height=\"600\" src=\"https:\/\/www.alcoawheels.com\/europe\/pl\/wp-content\/uploads\/sites\/20\/2023\/05\/homepage-EVO-slide2_large.jpeg\" alt=\"Thumbnail\"\/><\/div><div class=\"responsiveImage hero-slider__bg\"><img loading=\"lazy\" decoding=\"async\" width=\"1920\" height=\"600\" src=\"https:\/\/www.alcoawheels.com\/europe\/pl\/wp-content\/uploads\/sites\/20\/2023\/05\/homepage-EVO-slide2_small.jpeg\" alt=\"Thumbnail\"\/><\/div><div class=\"hero-slide-inner\"><div class=\"hero-slide-info\"><p class=\"slide-info-desc\" style=\"color:#000\"><strong>Felgi Dura-Bright<sup>\u00ae<\/sup> <mark style=\"background-color:rgba(0, 0, 0, 0);color:#49b04b\" class=\"has-inline-color\">EVO<\/mark><\/strong><\/p><h2 class=\"slide-info-title\" style=\"color:#000\">Doskona\u0142y wygl\u0105d, prostota konserwacji<\/h2><p class=\"btn-main btn-primary\">Dura-Bright<sup>\u00ae<\/sup> EVO<\/p><\/div><\/div><a href=\"\/europe\/pl\/obrobka-powierzchni\/#dura-bright-evo\" aria-label=\"<strong&gt;Felgi Dura-Bright<sup&gt;\u00ae<\/sup&gt; <mark style=&quot;background-color:rgba(0, 0, 0, 0);color:#49b04b&quot; class=&quot;has-inline-color&quot;&gt;EVO<\/mark&gt;<\/strong&gt;\"><\/a><\/div><\/div><div class=\"hero-slide-item\" style=\"background-color:#fff\"><div class=\"hero-slide-inner-wrap fullsmallslide valign-center align-left with-link slide-withbg mediaresponsive\"><div class=\"desktopImage hero-slider__bg\"><img loading=\"lazy\" decoding=\"async\" width=\"1920\" height=\"600\" src=\"https:\/\/www.alcoawheels.com\/europe\/pl\/wp-content\/uploads\/sites\/20\/2023\/05\/homepage-range2_large.jpeg\" alt=\"Thumbnail\"\/><\/div><div class=\"responsiveImage hero-slider__bg\"><img loading=\"lazy\" decoding=\"async\" width=\"1920\" height=\"600\" src=\"https:\/\/www.alcoawheels.com\/europe\/pl\/wp-content\/uploads\/sites\/20\/2023\/05\/homepage-range2_small.jpeg\" alt=\"Thumbnail\"\/><\/div><div class=\"hero-slide-inner\"><div class=\"hero-slide-info\"><h2 class=\"slide-info-title\" style=\"color:#000\">Felgi ALCOA<sup>\u00ae<\/sup> WHEELS idealnie wpisuj\u0105 si\u0119 w Pa\u0144stwa dzia\u0142alno\u015b\u0107<\/h2><p class=\"btn-main btn-primary\">Gama Felg<\/p><\/div><\/div><a href=\"\/europe\/pl\/gama-felg\" aria-label=\"\"><\/a><\/div><\/div><div class=\"hero-slide-item\" style=\"background-color:#fff\"><div class=\"hero-slide-inner-wrap fullwidthslide valign-center align-right with-link slide-withbg mediaresponsive\"><div class=\"desktopImage hero-slider__bg\"><img loading=\"lazy\" decoding=\"async\" width=\"1920\" height=\"600\" src=\"https:\/\/www.alcoawheels.com\/europe\/pl\/wp-content\/uploads\/sites\/20\/2023\/05\/homepage-youtube-cleaning_large.jpeg\" alt=\"Thumbnail\"\/><\/div><div class=\"responsiveImage hero-slider__bg\"><img loading=\"lazy\" decoding=\"async\" width=\"1920\" height=\"600\" src=\"https:\/\/www.alcoawheels.com\/europe\/pl\/wp-content\/uploads\/sites\/20\/2023\/05\/homepage-youtube-cleaning_small.jpeg\" alt=\"Thumbnail\"\/><\/div><div class=\"hero-slide-inner\"><div class=\"hero-slide-info\"><h2 class=\"slide-info-title\" style=\"color:#ffffff\">Jak dba\u0107 o felgi Dura-Bright<sup>\u00ae<\/sup> wheels?<\/h2><p class=\"btn-main btn-primary\">wideo mycie felg Dura-Bright<sup>\u00ae<\/sup><\/p><\/div><\/div><a href=\"\/europe\/pl\/czyszczenie-felg\/#db-video\" aria-label=\"\"><\/a><\/div><\/div><\/div><\/div><\/div><\/div><\/div>\n\n\n\n<h1 class=\"wp-block-heading has-text-align-center\" id=\"h-innowacje-mamy-we-krwi\">Innowacje mamy we krwi.<\/h1>\n\n\n\n<p>Najpierw wynale\u017ali\u015bmy przemys\u0142 aluminiowy w 1888 roku, a nast\u0119pnie kute felgi aluminiowe w 1948 roku. Dzi\u015b Howmet stale rozwija technologi\u0119, aby dostarcza\u0107 prze\u0142omowe rozwi\u0105zania. Oferujemy szeroki wyb\u00f3r rozmiar\u00f3w kutych felg aluminiowych, od 17,5\u201d i 19,5\u201d do szerokiej gamy felg 22,5\u201d.<\/p>\n\n\n\n<div class=\"wp-block-alcoa-wheels-card-usecase-1 card-box-v1__body with-icon align-center vertical-align-center\" id=\"card_box_v1-0bab25cf-5c61-4abf-a04f-a862f2ab44ba\"><div class=\"fullwidthcontainer\"><div class=\"card-box-v1__boxes has-4-columns\"><div class=\"card-box-v1__box  with-link \" style=\"background-color:#00afb9\"><img decoding=\"async\" src=\"https:\/\/www.alcoawheels.com\/europe\/pl\/wp-content\/themes\/alcoa-wheels\/assets\/build\/js\/blocks\/card-usecase-1\/..\/..\/..\/images\/placeholder-image.db2b4d5c.jpeg\" alt=\"Kontakt\"\/><div class=\"card-box-v1__box__inner pos-abs\"><div class=\"card-box-v1__box_icon\"><img loading=\"lazy\" decoding=\"async\" width=\"171\" height=\"171\" src=\"https:\/\/www.alcoawheels.com\/europe\/pl\/wp-content\/uploads\/sites\/20\/2023\/06\/contact.png\" alt=\"\"\/><\/div><div class=\"card-box-v1__box_content\"><h4 style=\"color:#ffffff\">Kontakt<\/h4><\/div><div class=\"btn-wrap\"><\/div><\/div><a href=\"\/europe\/pl\/kontakt\" aria-label=\"Kontakt\"><\/a><\/div><div class=\"card-box-v1__box  with-link \" style=\"background-color:#34bfc7\"><img decoding=\"async\" src=\"https:\/\/www.alcoawheels.com\/europe\/pl\/wp-content\/themes\/alcoa-wheels\/assets\/build\/js\/blocks\/card-usecase-1\/..\/..\/..\/images\/placeholder-image.db2b4d5c.jpeg\" alt=\"Gama felg\"\/><div class=\"card-box-v1__box__inner pos-abs\"><div class=\"card-box-v1__box_icon\"><img loading=\"lazy\" decoding=\"async\" width=\"169\" height=\"169\" src=\"https:\/\/www.alcoawheels.com\/europe\/pl\/wp-content\/uploads\/sites\/20\/2023\/06\/product-search.png\" alt=\"\"\/><\/div><div class=\"card-box-v1__box_content\"><h4 style=\"color:#ffffff\">Gama felg<\/h4><\/div><div class=\"btn-wrap\"><\/div><\/div><a href=\"\/europe\/pl\/gama-felg\" aria-label=\"Gama felg\"><\/a><\/div><div class=\"card-box-v1__box  with-link \" style=\"background-color:#00afb9\"><img decoding=\"async\" src=\"https:\/\/www.alcoawheels.com\/europe\/pl\/wp-content\/themes\/alcoa-wheels\/assets\/build\/js\/blocks\/card-usecase-1\/..\/..\/..\/images\/placeholder-image.db2b4d5c.jpeg\" alt=\"Gdzie kupi\u0107?\"\/><div class=\"card-box-v1__box__inner pos-abs\"><div class=\"card-box-v1__box_icon\"><img loading=\"lazy\" decoding=\"async\" width=\"169\" height=\"169\" src=\"https:\/\/www.alcoawheels.com\/europe\/pl\/wp-content\/uploads\/sites\/20\/2023\/06\/where-to-buy.png\" alt=\"\"\/><\/div><div class=\"card-box-v1__box_content\"><h4 style=\"color:#ffffff\">Gdzie kupi\u0107?<\/h4><\/div><div class=\"btn-wrap\"><\/div><\/div><a href=\"\/europe\/pl\/gdzie-kupic\" aria-label=\"Gdzie kupi\u0107?\"><\/a><\/div><div class=\"card-box-v1__box  with-link \" style=\"background-color:#34bfc7\"><img decoding=\"async\" src=\"https:\/\/www.alcoawheels.com\/europe\/pl\/wp-content\/themes\/alcoa-wheels\/assets\/build\/js\/blocks\/card-usecase-1\/..\/..\/..\/images\/placeholder-image.db2b4d5c.jpeg\" alt=\"Do pobrania\"\/><div class=\"card-box-v1__box__inner pos-abs\"><div class=\"card-box-v1__box_icon\"><img loading=\"lazy\" decoding=\"async\" width=\"169\" height=\"169\" src=\"https:\/\/www.alcoawheels.com\/europe\/pl\/wp-content\/uploads\/sites\/20\/2023\/06\/product-literature.png\" alt=\"\"\/><\/div><div class=\"card-box-v1__box_content\"><h4 style=\"color:#ffffff\">Do pobrania<\/h4><\/div><div class=\"btn-wrap\"><\/div><\/div><a href=\"\/europe\/pl\/do-pobrania\" aria-label=\"Do pobrania\"><\/a><\/div><\/div><\/div><\/div>\n","protected":false},"excerpt":{"rendered":"<p>Innowacje mamy we krwi. Najpierw wynale\u017ali\u015bmy przemys\u0142 aluminiowy w 1888 roku, a nast\u0119pnie kute felgi aluminiowe w 1948 roku. Dzi\u015b Howmet stale rozwija technologi\u0119, aby dostarcza\u0107 prze\u0142omowe rozwi\u0105zania. Oferujemy szeroki wyb\u00f3r rozmiar\u00f3w kutych felg aluminiowych, od 17,5\u201d i 19,5\u201d do szerokiej gamy felg 22,5\u201d.<\/p>\n","protected":false},"author":44,"featured_media":0,"parent":0,"menu_order":0,"comment_status":"closed","ping_status":"closed","template":"","meta":{"_acf_changed":false,"protected_reviewer_email":"","editor_notices":[],"footnotes":""},"class_list":["post-7","page","type-page","status-publish","hentry"],"acf":[],"yoast_head":"<!-- This site is optimized with the Yoast SEO Premium plugin v27.4 (Yoast SEO v27.4) - https:\/\/yoast.com\/product\/yoast-seo-premium-wordpress\/ -->\n<title>Alcoa\u00ae Wheels Europa | Alcoa Wheels<\/title>\n<meta name=\"description\" content=\"Najpierw, w roku 1888, wynale\u017ali\u015bmy przemys\u0142 aluminiowy, a nast\u0119pnie, w roku 1948, felg\u0119 z kutego aluminium. Nieustannie doskonalimy nasze technologie, aby dostarcza\u0107 prze\u0142omowe rozwi\u0105zania. Niezale\u017cnie od wyzwa\u0144, kt\u00f3rym stawiacie Pa\u0144stwo czo\u0142a, w swojej ofercie posiadamy r\u00f3\u017cne warianty felg do samochod\u00f3w ci\u0119\u017carowych, przyczep i autobus\u00f3w, kt\u00f3re znakomicie sprostaj\u0105 wymaganiom stawianym przed bran\u017c\u0105 transportow\u0105. Dzie\u0144 po dniu.\" \/>\n<meta name=\"robots\" content=\"index, follow, max-snippet:-1, max-image-preview:large, max-video-preview:-1\" \/>\n<link rel=\"canonical\" href=\"https:\/\/www.alcoawheels.com\/europe\/pl\/\" \/>\n<meta property=\"og:locale\" content=\"en_US\" \/>\n<meta property=\"og:type\" content=\"article\" \/>\n<meta property=\"og:title\" content=\"Alcoa Wheels Europe\" \/>\n<meta property=\"og:description\" content=\"Najpierw, w roku 1888, wynale\u017ali\u015bmy przemys\u0142 aluminiowy, a nast\u0119pnie, w roku 1948, felg\u0119 z kutego aluminium. Nieustannie doskonalimy nasze technologie, aby dostarcza\u0107 prze\u0142omowe rozwi\u0105zania. Niezale\u017cnie od wyzwa\u0144, kt\u00f3rym stawiacie Pa\u0144stwo czo\u0142a, w swojej ofercie posiadamy r\u00f3\u017cne warianty felg do samochod\u00f3w ci\u0119\u017carowych, przyczep i autobus\u00f3w, kt\u00f3re znakomicie sprostaj\u0105 wymaganiom stawianym przed bran\u017c\u0105 transportow\u0105. Dzie\u0144 po dniu.\" \/>\n<meta property=\"og:url\" content=\"https:\/\/www.alcoawheels.com\/europe\/pl\/\" \/>\n<meta property=\"og:site_name\" content=\"Europe Polish\" \/>\n<meta property=\"article:modified_time\" content=\"2025-11-20T13:44:31+00:00\" \/>\n<meta property=\"og:image\" content=\"https:\/\/www.alcoawheels.com\/europe\/pl\/wp-content\/uploads\/sites\/20\/2023\/05\/homepage-ultra-one_large.jpg\" \/>\n<meta name=\"twitter:card\" content=\"summary_large_image\" \/>\n<meta name=\"twitter:label1\" content=\"Est. reading time\" \/>\n\t<meta name=\"twitter:data1\" content=\"4 minutes\" \/>\n<script type=\"application\/ld+json\" class=\"yoast-schema-graph\">{\"@context\":\"https:\\\/\\\/schema.org\",\"@graph\":[{\"@type\":\"WebPage\",\"@id\":\"https:\\\/\\\/www.alcoawheels.com\\\/europe\\\/pl\\\/\",\"url\":\"https:\\\/\\\/www.alcoawheels.com\\\/europe\\\/pl\\\/\",\"name\":\"Alcoa\u00ae Wheels Europa | Alcoa Wheels\",\"isPartOf\":{\"@id\":\"https:\\\/\\\/www.alcoawheels.com\\\/europe\\\/pl\\\/#website\"},\"primaryImageOfPage\":{\"@id\":\"https:\\\/\\\/www.alcoawheels.com\\\/europe\\\/pl\\\/#primaryimage\"},\"image\":{\"@id\":\"https:\\\/\\\/www.alcoawheels.com\\\/europe\\\/pl\\\/#primaryimage\"},\"thumbnailUrl\":\"https:\\\/\\\/www.alcoawheels.com\\\/europe\\\/pl\\\/wp-content\\\/uploads\\\/sites\\\/20\\\/2023\\\/05\\\/homepage-ultra-one_large.jpg\",\"datePublished\":\"2023-05-26T12:23:47+00:00\",\"dateModified\":\"2025-11-20T13:44:31+00:00\",\"description\":\"Najpierw, w roku 1888, wynale\u017ali\u015bmy przemys\u0142 aluminiowy, a nast\u0119pnie, w roku 1948, felg\u0119 z kutego aluminium. Nieustannie doskonalimy nasze technologie, aby dostarcza\u0107 prze\u0142omowe rozwi\u0105zania. Niezale\u017cnie od wyzwa\u0144, kt\u00f3rym stawiacie Pa\u0144stwo czo\u0142a, w swojej ofercie posiadamy r\u00f3\u017cne warianty felg do samochod\u00f3w ci\u0119\u017carowych, przyczep i autobus\u00f3w, kt\u00f3re znakomicie sprostaj\u0105 wymaganiom stawianym przed bran\u017c\u0105 transportow\u0105. Dzie\u0144 po dniu.\",\"breadcrumb\":{\"@id\":\"https:\\\/\\\/www.alcoawheels.com\\\/europe\\\/pl\\\/#breadcrumb\"},\"inLanguage\":\"en-US\",\"potentialAction\":[{\"@type\":\"ReadAction\",\"target\":[\"https:\\\/\\\/www.alcoawheels.com\\\/europe\\\/pl\\\/\"]}]},{\"@type\":\"ImageObject\",\"inLanguage\":\"en-US\",\"@id\":\"https:\\\/\\\/www.alcoawheels.com\\\/europe\\\/pl\\\/#primaryimage\",\"url\":\"https:\\\/\\\/www.alcoawheels.com\\\/europe\\\/pl\\\/wp-content\\\/uploads\\\/sites\\\/20\\\/2023\\\/05\\\/homepage-ultra-one_large.jpg\",\"contentUrl\":\"https:\\\/\\\/www.alcoawheels.com\\\/europe\\\/pl\\\/wp-content\\\/uploads\\\/sites\\\/20\\\/2023\\\/05\\\/homepage-ultra-one_large.jpg\",\"width\":1440,\"height\":440,\"caption\":\"Ultra ONE\"},{\"@type\":\"BreadcrumbList\",\"@id\":\"https:\\\/\\\/www.alcoawheels.com\\\/europe\\\/pl\\\/#breadcrumb\",\"itemListElement\":[{\"@type\":\"ListItem\",\"position\":1,\"name\":\"Home\",\"item\":\"https:\\\/\\\/www.alcoawheels.com\\\/europe\\\/pl\\\/\"},{\"@type\":\"ListItem\",\"position\":2,\"name\":\"Alcoa Wheels Europe\"}]},{\"@type\":\"WebSite\",\"@id\":\"https:\\\/\\\/www.alcoawheels.com\\\/europe\\\/pl\\\/#website\",\"url\":\"https:\\\/\\\/www.alcoawheels.com\\\/europe\\\/pl\\\/\",\"name\":\"Europe Polish\",\"description\":\"\",\"publisher\":{\"@id\":\"https:\\\/\\\/www.alcoawheels.com\\\/europe\\\/pl\\\/#organization\"},\"potentialAction\":[{\"@type\":\"SearchAction\",\"target\":{\"@type\":\"EntryPoint\",\"urlTemplate\":\"https:\\\/\\\/www.alcoawheels.com\\\/europe\\\/pl\\\/?s={search_term_string}\"},\"query-input\":{\"@type\":\"PropertyValueSpecification\",\"valueRequired\":true,\"valueName\":\"search_term_string\"}}],\"inLanguage\":\"en-US\"},{\"@type\":\"Organization\",\"@id\":\"https:\\\/\\\/www.alcoawheels.com\\\/europe\\\/pl\\\/#organization\",\"name\":\"Europe Polish\",\"url\":\"https:\\\/\\\/www.alcoawheels.com\\\/europe\\\/pl\\\/\",\"logo\":{\"@type\":\"ImageObject\",\"inLanguage\":\"en-US\",\"@id\":\"https:\\\/\\\/www.alcoawheels.com\\\/europe\\\/pl\\\/#\\\/schema\\\/logo\\\/image\\\/\",\"url\":\"https:\\\/\\\/www.alcoawheels.com\\\/europe\\\/pl\\\/wp-content\\\/uploads\\\/sites\\\/20\\\/2023\\\/05\\\/logo-black.gif\",\"contentUrl\":\"https:\\\/\\\/www.alcoawheels.com\\\/europe\\\/pl\\\/wp-content\\\/uploads\\\/sites\\\/20\\\/2023\\\/05\\\/logo-black.gif\",\"width\":71,\"height\":64,\"caption\":\"Europe Polish\"},\"image\":{\"@id\":\"https:\\\/\\\/www.alcoawheels.com\\\/europe\\\/pl\\\/#\\\/schema\\\/logo\\\/image\\\/\"}}]}<\/script>\n<!-- \/ Yoast SEO Premium plugin. -->","yoast_head_json":{"title":"Alcoa\u00ae Wheels Europa | Alcoa Wheels","description":"Najpierw, w roku 1888, wynale\u017ali\u015bmy przemys\u0142 aluminiowy, a nast\u0119pnie, w roku 1948, felg\u0119 z kutego aluminium. Nieustannie doskonalimy nasze technologie, aby dostarcza\u0107 prze\u0142omowe rozwi\u0105zania. Niezale\u017cnie od wyzwa\u0144, kt\u00f3rym stawiacie Pa\u0144stwo czo\u0142a, w swojej ofercie posiadamy r\u00f3\u017cne warianty felg do samochod\u00f3w ci\u0119\u017carowych, przyczep i autobus\u00f3w, kt\u00f3re znakomicie sprostaj\u0105 wymaganiom stawianym przed bran\u017c\u0105 transportow\u0105. Dzie\u0144 po dniu.","robots":{"index":"index","follow":"follow","max-snippet":"max-snippet:-1","max-image-preview":"max-image-preview:large","max-video-preview":"max-video-preview:-1"},"canonical":"https:\/\/www.alcoawheels.com\/europe\/pl\/","og_locale":"en_US","og_type":"article","og_title":"Alcoa Wheels Europe","og_description":"Najpierw, w roku 1888, wynale\u017ali\u015bmy przemys\u0142 aluminiowy, a nast\u0119pnie, w roku 1948, felg\u0119 z kutego aluminium. Nieustannie doskonalimy nasze technologie, aby dostarcza\u0107 prze\u0142omowe rozwi\u0105zania. Niezale\u017cnie od wyzwa\u0144, kt\u00f3rym stawiacie Pa\u0144stwo czo\u0142a, w swojej ofercie posiadamy r\u00f3\u017cne warianty felg do samochod\u00f3w ci\u0119\u017carowych, przyczep i autobus\u00f3w, kt\u00f3re znakomicie sprostaj\u0105 wymaganiom stawianym przed bran\u017c\u0105 transportow\u0105. Dzie\u0144 po dniu.","og_url":"https:\/\/www.alcoawheels.com\/europe\/pl\/","og_site_name":"Europe Polish","article_modified_time":"2025-11-20T13:44:31+00:00","og_image":[{"url":"https:\/\/www.alcoawheels.com\/europe\/pl\/wp-content\/uploads\/sites\/20\/2023\/05\/homepage-ultra-one_large.jpg","type":"","width":"","height":""}],"twitter_card":"summary_large_image","twitter_misc":{"Est. reading time":"4 minutes"},"schema":{"@context":"https:\/\/schema.org","@graph":[{"@type":"WebPage","@id":"https:\/\/www.alcoawheels.com\/europe\/pl\/","url":"https:\/\/www.alcoawheels.com\/europe\/pl\/","name":"Alcoa\u00ae Wheels Europa | Alcoa Wheels","isPartOf":{"@id":"https:\/\/www.alcoawheels.com\/europe\/pl\/#website"},"primaryImageOfPage":{"@id":"https:\/\/www.alcoawheels.com\/europe\/pl\/#primaryimage"},"image":{"@id":"https:\/\/www.alcoawheels.com\/europe\/pl\/#primaryimage"},"thumbnailUrl":"https:\/\/www.alcoawheels.com\/europe\/pl\/wp-content\/uploads\/sites\/20\/2023\/05\/homepage-ultra-one_large.jpg","datePublished":"2023-05-26T12:23:47+00:00","dateModified":"2025-11-20T13:44:31+00:00","description":"Najpierw, w roku 1888, wynale\u017ali\u015bmy przemys\u0142 aluminiowy, a nast\u0119pnie, w roku 1948, felg\u0119 z kutego aluminium. Nieustannie doskonalimy nasze technologie, aby dostarcza\u0107 prze\u0142omowe rozwi\u0105zania. Niezale\u017cnie od wyzwa\u0144, kt\u00f3rym stawiacie Pa\u0144stwo czo\u0142a, w swojej ofercie posiadamy r\u00f3\u017cne warianty felg do samochod\u00f3w ci\u0119\u017carowych, przyczep i autobus\u00f3w, kt\u00f3re znakomicie sprostaj\u0105 wymaganiom stawianym przed bran\u017c\u0105 transportow\u0105. Dzie\u0144 po dniu.","breadcrumb":{"@id":"https:\/\/www.alcoawheels.com\/europe\/pl\/#breadcrumb"},"inLanguage":"en-US","potentialAction":[{"@type":"ReadAction","target":["https:\/\/www.alcoawheels.com\/europe\/pl\/"]}]},{"@type":"ImageObject","inLanguage":"en-US","@id":"https:\/\/www.alcoawheels.com\/europe\/pl\/#primaryimage","url":"https:\/\/www.alcoawheels.com\/europe\/pl\/wp-content\/uploads\/sites\/20\/2023\/05\/homepage-ultra-one_large.jpg","contentUrl":"https:\/\/www.alcoawheels.com\/europe\/pl\/wp-content\/uploads\/sites\/20\/2023\/05\/homepage-ultra-one_large.jpg","width":1440,"height":440,"caption":"Ultra ONE"},{"@type":"BreadcrumbList","@id":"https:\/\/www.alcoawheels.com\/europe\/pl\/#breadcrumb","itemListElement":[{"@type":"ListItem","position":1,"name":"Home","item":"https:\/\/www.alcoawheels.com\/europe\/pl\/"},{"@type":"ListItem","position":2,"name":"Alcoa Wheels Europe"}]},{"@type":"WebSite","@id":"https:\/\/www.alcoawheels.com\/europe\/pl\/#website","url":"https:\/\/www.alcoawheels.com\/europe\/pl\/","name":"Europe Polish","description":"","publisher":{"@id":"https:\/\/www.alcoawheels.com\/europe\/pl\/#organization"},"potentialAction":[{"@type":"SearchAction","target":{"@type":"EntryPoint","urlTemplate":"https:\/\/www.alcoawheels.com\/europe\/pl\/?s={search_term_string}"},"query-input":{"@type":"PropertyValueSpecification","valueRequired":true,"valueName":"search_term_string"}}],"inLanguage":"en-US"},{"@type":"Organization","@id":"https:\/\/www.alcoawheels.com\/europe\/pl\/#organization","name":"Europe Polish","url":"https:\/\/www.alcoawheels.com\/europe\/pl\/","logo":{"@type":"ImageObject","inLanguage":"en-US","@id":"https:\/\/www.alcoawheels.com\/europe\/pl\/#\/schema\/logo\/image\/","url":"https:\/\/www.alcoawheels.com\/europe\/pl\/wp-content\/uploads\/sites\/20\/2023\/05\/logo-black.gif","contentUrl":"https:\/\/www.alcoawheels.com\/europe\/pl\/wp-content\/uploads\/sites\/20\/2023\/05\/logo-black.gif","width":71,"height":64,"caption":"Europe Polish"},"image":{"@id":"https:\/\/www.alcoawheels.com\/europe\/pl\/#\/schema\/logo\/image\/"}}]}},"parsely":{"version":"1.1.0","canonical_url":"https:\/\/alcoawheels.com\/europe\/pl\/","smart_links":{"inbound":0,"outbound":0},"traffic_boost_suggestions_count":0,"meta":{"@context":"https:\/\/schema.org","@type":"WebPage","headline":"Alcoa Wheels Europe","url":"http:\/\/www.alcoawheels.com\/europe\/pl\/","mainEntityOfPage":{"@type":"WebPage","@id":"http:\/\/www.alcoawheels.com\/europe\/pl\/"},"thumbnailUrl":"","image":{"@type":"ImageObject","url":""},"articleSection":"Uncategorized","author":[{"@type":"Person","name":"howmet"}],"creator":["howmet"],"publisher":{"@type":"Organization","name":"Europe Polish","logo":""},"keywords":[],"dateCreated":"2023-05-26T12:23:47Z","datePublished":"2023-05-26T12:23:47Z","dateModified":"2025-11-20T13:44:31Z"},"rendered":"<script type=\"application\/ld+json\" class=\"wp-parsely-metadata\">{\"@context\":\"https:\\\/\\\/schema.org\",\"@type\":\"WebPage\",\"headline\":\"Alcoa Wheels Europe\",\"url\":\"http:\\\/\\\/www.alcoawheels.com\\\/europe\\\/pl\\\/\",\"mainEntityOfPage\":{\"@type\":\"WebPage\",\"@id\":\"http:\\\/\\\/www.alcoawheels.com\\\/europe\\\/pl\\\/\"},\"thumbnailUrl\":\"\",\"image\":{\"@type\":\"ImageObject\",\"url\":\"\"},\"articleSection\":\"Uncategorized\",\"author\":[{\"@type\":\"Person\",\"name\":\"howmet\"}],\"creator\":[\"howmet\"],\"publisher\":{\"@type\":\"Organization\",\"name\":\"Europe Polish\",\"logo\":\"\"},\"keywords\":[],\"dateCreated\":\"2023-05-26T12:23:47Z\",\"datePublished\":\"2023-05-26T12:23:47Z\",\"dateModified\":\"2025-11-20T13:44:31Z\"}<\/script>","tracker_url":"https:\/\/cdn.parsely.com\/keys\/alcoawheels.com\/p.js"},"jetpack_sharing_enabled":true,"_links":{"self":[{"href":"https:\/\/www.alcoawheels.com\/europe\/pl\/wp-json\/wp\/v2\/pages\/7","targetHints":{"allow":["GET"]}}],"collection":[{"href":"https:\/\/www.alcoawheels.com\/europe\/pl\/wp-json\/wp\/v2\/pages"}],"about":[{"href":"https:\/\/www.alcoawheels.com\/europe\/pl\/wp-json\/wp\/v2\/types\/page"}],"author":[{"embeddable":true,"href":"https:\/\/www.alcoawheels.com\/europe\/pl\/wp-json\/wp\/v2\/users\/44"}],"replies":[{"embeddable":true,"href":"https:\/\/www.alcoawheels.com\/europe\/pl\/wp-json\/wp\/v2\/comments?post=7"}],"version-history":[{"count":9,"href":"https:\/\/www.alcoawheels.com\/europe\/pl\/wp-json\/wp\/v2\/pages\/7\/revisions"}],"predecessor-version":[{"id":2781,"href":"https:\/\/www.alcoawheels.com\/europe\/pl\/wp-json\/wp\/v2\/pages\/7\/revisions\/2781"}],"wp:attachment":[{"href":"https:\/\/www.alcoawheels.com\/europe\/pl\/wp-json\/wp\/v2\/media?parent=7"}],"curies":[{"name":"wp","href":"https:\/\/api.w.org\/{rel}","templated":true}]}}