{"id":2120,"date":"2024-09-17T13:31:46","date_gmt":"2024-09-17T12:31:46","guid":{"rendered":"https:\/\/www.alcoawheels.com\/europe\/pt\/?page_id=2120"},"modified":"2025-02-07T14:32:54","modified_gmt":"2025-02-07T14:32:54","slug":"monitorizacao-do-estado-do-formulario-de-registo-da-roda","status":"publish","type":"page","link":"https:\/\/www.alcoawheels.com\/europe\/pt\/monitorizacao-do-estado-do-formulario-de-registo-da-roda\/","title":{"rendered":"Monitoriza\u00e7\u00e3o do estado do formul\u00e1rio de registo da roda"},"content":{"rendered":"\n<div class=\"wp-block-alcoa-wheels-hero-banner-innerpage hero-banner with-image layout-2 overlayEnable align- vertical-align- align-center vertical-align-center\" style=\"background-color:#eee\"><img decoding=\"async\" src=\"https:\/\/www.alcoawheels.com\/europe\/en\/wp-content\/uploads\/sites\/8\/2023\/06\/fsc-intro-banner.jpg\" alt=\"Fleet Service Center for Alcoa Wheels\" class=\"responsiveImage\"\/><div class=\"hero-banner__header\" style=\"text-align:center\"><div class=\"container\"><h1 class=\"hero-banner__header--title\">Monitoriza\u00e7\u00e3o do estado do formul\u00e1rio de registo da roda<\/h1><\/div><\/div><\/div>\n\n\n\n<div style=\"height:50px\" aria-hidden=\"true\" class=\"wp-block-spacer\"><\/div>\n\n\n    <div class=\"lead-status-block-frontend\" data-attributes=\"{&quot;email&quot;:&quot;Introduza o seu e-mail&quot;,&quot;leadId&quot;:&quot;Introduza a ID do contacto&quot;,&quot;status&quot;:&quot;Informa\\u00e7\\u00e3o sobre o estado&quot;,&quot;resetText&quot;:&quot;Limpar&quot;,&quot;loading&quot;:&quot;Carregando o status do lead\\u2026&quot;,&quot;noMatch&quot;:&quot;N\\u00e3o foi encontrada nenhuma pista correspondente para o endere\\u00e7o de correio eletr\\u00f3nico e ID fornecidos. Verifique os seus dados e tente novamente.&quot;,&quot;dearCustomer&quot;:&quot;Caro cliente&quot;,&quot;thankYou&quot;:&quot;O \\u00faltimo estado do seu ID de registo da roda pode ser consultado abaixo:&quot;,&quot;customerMessage&quot;:&quot;O estado mais recente do seu registo de roda ID&quot;,&quot;description&quot;:&quot;Descri\\u00e7\\u00e3o do s\\u00edtio Web&quot;,&quot;followMessage&quot;:&quot;Para mais informa\\u00e7\\u00f5es, contactar: &quot;,&quot;followEmail&quot;:&quot;fleet@howmet.com&quot;,&quot;followPhone&quot;:&quot;ou +3622531841 entre as 8:00-16:30 CET nos dias \\u00fateis.&quot;,&quot;checkboxText&quot;:&quot;Marque a caixa para aceitar a nossa&quot;,&quot;privacyText&quot;:&quot;pol\\u00edtica de privacidade&quot;,&quot;privacyLink&quot;:&quot;\\\/europe\\\/pt\\\/privacidade\\\/&quot;,&quot;consentMessage&quot;:&quot;Ao submeter este pedido, autorizo a transfer\\u00eancia dos meus dados pessoais fornecidos acima para a Howmet Aerospace Inc. \\ne todas as suas entidades controladas nos Estados Unidos da Am\\u00e9rica e noutros locais, e para os seus contratantes ou agentes terceiros autorizados, e para o processamento desses dados com o objetivo de responder ao meu pedido. A Howmet Aerospace utilizar\\u00e1 as informa\\u00e7\\u00f5es fornecidas apenas com o objetivo de responder ao pedido e conservar\\u00e1 os dados durante o tempo estritamente necess\\u00e1rio para poder completar o pedido. Confirmo que estou plenamente informado das raz\\u00f5es para o processamento e transfer\\u00eancia dos meus dados pessoais e que estou ciente de todos os meus direitos relativamente a essas informa\\u00e7\\u00f5es pessoais e de todas as leis aplic\\u00e1veis. Se, em qualquer altura, decidir retirar o meu consentimento acima dado, deverei contactar a Howmet Aerospace para os informar desta decis\\u00e3o. Tamb\\u00e9m tenho o direito de ter qualquer informa\\u00e7\\u00e3o incorreta armazenada pela Howmet Aerospace retificada.&quot;,&quot;leadStatus&quot;:&quot;Lead Status&quot;,&quot;leadTime&quot;:&quot;Lead Time&quot;}\">\n        <form class=\"lead_form\">\n            <input type=\"email\" placeholder=\"Introduza o seu e-mail\" required class=\"email_input\">\n            <input type=\"text\" placeholder=\"Introduza a ID do contacto\" required>\n            <button type=\"submit\" class=\"input-group-addon submit_button\" disabled>Informa\u00e7\u00e3o sobre o estado<\/button>\n            <button type=\"button\" class=\"input-group-addon reset-button\">Limpar<\/button>\n            <p class=\"field-label consent-label\"><strong>Marque a caixa para aceitar a nossa<\/strong> <a href=\"\/europe\/pt\/privacidade\/\" target=\"_blank\">pol\u00edtica de privacidade<\/a>.<\/p>\n            <div class=\"checkbox-group\" id=\"checkbox_group\">\n                <div class=\"formbuilder-checkbox\">\n                    <input type=\"checkbox\" id=\"consent\" name=\"consent_message\" value=\"Ao submeter este pedido, autorizo a transfer\u00eancia dos meus dados pessoais fornecidos acima para a Howmet Aerospace Inc. \ne todas as suas entidades controladas nos Estados Unidos da Am\u00e9rica e noutros locais, e para os seus contratantes ou agentes terceiros autorizados, e para o processamento desses dados com o objetivo de responder ao meu pedido. A Howmet Aerospace utilizar\u00e1 as informa\u00e7\u00f5es fornecidas apenas com o objetivo de responder ao pedido e conservar\u00e1 os dados durante o tempo estritamente necess\u00e1rio para poder completar o pedido. Confirmo que estou plenamente informado das raz\u00f5es para o processamento e transfer\u00eancia dos meus dados pessoais e que estou ciente de todos os meus direitos relativamente a essas informa\u00e7\u00f5es pessoais e de todas as leis aplic\u00e1veis. Se, em qualquer altura, decidir retirar o meu consentimento acima dado, deverei contactar a Howmet Aerospace para os informar desta decis\u00e3o. Tamb\u00e9m tenho o direito de ter qualquer informa\u00e7\u00e3o incorreta armazenada pela Howmet Aerospace retificada.\" class=\"consent_message\" required>\n                    <label for=\"consent_message\">Ao submeter este pedido, autorizo a transfer\u00eancia dos meus dados pessoais fornecidos acima para a Howmet Aerospace Inc. \ne todas as suas entidades controladas nos Estados Unidos da Am\u00e9rica e noutros locais, e para os seus contratantes ou agentes terceiros autorizados, e para o processamento desses dados com o objetivo de responder ao meu pedido. A Howmet Aerospace utilizar\u00e1 as informa\u00e7\u00f5es fornecidas apenas com o objetivo de responder ao pedido e conservar\u00e1 os dados durante o tempo estritamente necess\u00e1rio para poder completar o pedido. Confirmo que estou plenamente informado das raz\u00f5es para o processamento e transfer\u00eancia dos meus dados pessoais e que estou ciente de todos os meus direitos relativamente a essas informa\u00e7\u00f5es pessoais e de todas as leis aplic\u00e1veis. Se, em qualquer altura, decidir retirar o meu consentimento acima dado, deverei contactar a Howmet Aerospace para os informar desta decis\u00e3o. Tamb\u00e9m tenho o direito de ter qualquer informa\u00e7\u00e3o incorreta armazenada pela Howmet Aerospace retificada.<\/label>\n                <\/div>\n            <\/div>\n        <\/form>\n        <div class=\"lead_section\"><\/div>\n    <\/div>\n\n\n\n<div style=\"height:50px\" aria-hidden=\"true\" class=\"wp-block-spacer\"><\/div>\n\n\n\n<p>Precisa de enviar um outro formul\u00e1rio de registo de rodas? Clique <a href=\"https:\/\/www.alcoawheels.com\/europe\/pt\/centro-de-assistencia-de-frotas\/\">aqui<\/a><\/p>\n\n\n\n<p>Se tiver problemas ou perguntas, visite o <a href=\"https:\/\/www.alcoawheels.com\/europe\/pt\/introducao-fsc\/\">Fleet Service Center<\/a> e\/ou a nossa sec\u00e7\u00e3o de <a href=\"https:\/\/www.alcoawheels.com\/europe\/pt\/faq\/\">FAQ<\/a>.<\/p>\n\n\n\n<p><\/p>\n","protected":false},"excerpt":{"rendered":"<p>Precisa de enviar um outro formul\u00e1rio de registo de rodas? Clique aqui Se tiver problemas ou perguntas, visite o Fleet Service Center e\/ou a nossa sec\u00e7\u00e3o de FAQ.<\/p>\n","protected":false},"author":62,"featured_media":0,"parent":0,"menu_order":0,"comment_status":"closed","ping_status":"closed","template":"","meta":{"_acf_changed":false,"protected_reviewer_email":"","editor_notices":[],"footnotes":""},"class_list":["post-2120","page","type-page","status-publish","hentry"],"acf":[],"yoast_head":"<!-- This site is optimized with the Yoast SEO Premium plugin v27.3 (Yoast SEO v27.3) - https:\/\/yoast.com\/product\/yoast-seo-premium-wordpress\/ -->\n<title>Monitoriza\u00e7\u00e3o do estado do formul\u00e1rio de registo da roda - Europe Portuguese<\/title>\n<meta name=\"robots\" content=\"index, follow, max-snippet:-1, max-image-preview:large, max-video-preview:-1\" \/>\n<link rel=\"canonical\" href=\"https:\/\/www.alcoawheels.com\/europe\/pt\/monitorizacao-do-estado-do-formulario-de-registo-da-roda\/\" \/>\n<meta property=\"og:locale\" content=\"en_US\" \/>\n<meta property=\"og:type\" content=\"article\" \/>\n<meta property=\"og:title\" content=\"Monitoriza\u00e7\u00e3o do estado do formul\u00e1rio de registo da roda\" \/>\n<meta property=\"og:description\" content=\"Precisa de enviar um outro formul\u00e1rio de registo de rodas? Clique aqui Se tiver problemas ou perguntas, visite o Fleet Service Center e\/ou a nossa sec\u00e7\u00e3o de FAQ.\" \/>\n<meta property=\"og:url\" content=\"https:\/\/www.alcoawheels.com\/europe\/pt\/monitorizacao-do-estado-do-formulario-de-registo-da-roda\/\" \/>\n<meta property=\"og:site_name\" content=\"Europe Portuguese\" \/>\n<meta property=\"article:modified_time\" content=\"2025-02-07T14:32:54+00:00\" \/>\n<meta property=\"og:image\" content=\"https:\/\/www.alcoawheels.com\/europe\/en\/wp-content\/uploads\/sites\/8\/2023\/06\/fsc-intro-banner.jpg\" \/>\n<meta name=\"twitter:card\" content=\"summary_large_image\" \/>\n<meta name=\"twitter:label1\" content=\"Est. reading time\" \/>\n\t<meta name=\"twitter:data1\" content=\"1 minute\" \/>\n<script type=\"application\/ld+json\" class=\"yoast-schema-graph\">{\"@context\":\"https:\\\/\\\/schema.org\",\"@graph\":[{\"@type\":\"WebPage\",\"@id\":\"https:\\\/\\\/www.alcoawheels.com\\\/europe\\\/pt\\\/monitorizacao-do-estado-do-formulario-de-registo-da-roda\\\/\",\"url\":\"https:\\\/\\\/www.alcoawheels.com\\\/europe\\\/pt\\\/monitorizacao-do-estado-do-formulario-de-registo-da-roda\\\/\",\"name\":\"Monitoriza\u00e7\u00e3o do estado do formul\u00e1rio de registo da roda - Europe Portuguese\",\"isPartOf\":{\"@id\":\"https:\\\/\\\/www.alcoawheels.com\\\/europe\\\/pt\\\/#website\"},\"primaryImageOfPage\":{\"@id\":\"https:\\\/\\\/www.alcoawheels.com\\\/europe\\\/pt\\\/monitorizacao-do-estado-do-formulario-de-registo-da-roda\\\/#primaryimage\"},\"image\":{\"@id\":\"https:\\\/\\\/www.alcoawheels.com\\\/europe\\\/pt\\\/monitorizacao-do-estado-do-formulario-de-registo-da-roda\\\/#primaryimage\"},\"thumbnailUrl\":\"https:\\\/\\\/www.alcoawheels.com\\\/europe\\\/en\\\/wp-content\\\/uploads\\\/sites\\\/8\\\/2023\\\/06\\\/fsc-intro-banner.jpg\",\"datePublished\":\"2024-09-17T12:31:46+00:00\",\"dateModified\":\"2025-02-07T14:32:54+00:00\",\"breadcrumb\":{\"@id\":\"https:\\\/\\\/www.alcoawheels.com\\\/europe\\\/pt\\\/monitorizacao-do-estado-do-formulario-de-registo-da-roda\\\/#breadcrumb\"},\"inLanguage\":\"en-US\",\"potentialAction\":[{\"@type\":\"ReadAction\",\"target\":[\"https:\\\/\\\/www.alcoawheels.com\\\/europe\\\/pt\\\/monitorizacao-do-estado-do-formulario-de-registo-da-roda\\\/\"]}]},{\"@type\":\"ImageObject\",\"inLanguage\":\"en-US\",\"@id\":\"https:\\\/\\\/www.alcoawheels.com\\\/europe\\\/pt\\\/monitorizacao-do-estado-do-formulario-de-registo-da-roda\\\/#primaryimage\",\"url\":\"https:\\\/\\\/www.alcoawheels.com\\\/europe\\\/en\\\/wp-content\\\/uploads\\\/sites\\\/8\\\/2023\\\/06\\\/fsc-intro-banner.jpg\",\"contentUrl\":\"https:\\\/\\\/www.alcoawheels.com\\\/europe\\\/en\\\/wp-content\\\/uploads\\\/sites\\\/8\\\/2023\\\/06\\\/fsc-intro-banner.jpg\"},{\"@type\":\"BreadcrumbList\",\"@id\":\"https:\\\/\\\/www.alcoawheels.com\\\/europe\\\/pt\\\/monitorizacao-do-estado-do-formulario-de-registo-da-roda\\\/#breadcrumb\",\"itemListElement\":[{\"@type\":\"ListItem\",\"position\":1,\"name\":\"Home\",\"item\":\"https:\\\/\\\/www.alcoawheels.com\\\/europe\\\/pt\\\/\"},{\"@type\":\"ListItem\",\"position\":2,\"name\":\"Monitoriza\u00e7\u00e3o do estado do formul\u00e1rio de registo da roda\"}]},{\"@type\":\"WebSite\",\"@id\":\"https:\\\/\\\/www.alcoawheels.com\\\/europe\\\/pt\\\/#website\",\"url\":\"https:\\\/\\\/www.alcoawheels.com\\\/europe\\\/pt\\\/\",\"name\":\"Europe Portuguese\",\"description\":\"\",\"publisher\":{\"@id\":\"https:\\\/\\\/www.alcoawheels.com\\\/europe\\\/pt\\\/#organization\"},\"potentialAction\":[{\"@type\":\"SearchAction\",\"target\":{\"@type\":\"EntryPoint\",\"urlTemplate\":\"https:\\\/\\\/www.alcoawheels.com\\\/europe\\\/pt\\\/?s={search_term_string}\"},\"query-input\":{\"@type\":\"PropertyValueSpecification\",\"valueRequired\":true,\"valueName\":\"search_term_string\"}}],\"inLanguage\":\"en-US\"},{\"@type\":\"Organization\",\"@id\":\"https:\\\/\\\/www.alcoawheels.com\\\/europe\\\/pt\\\/#organization\",\"name\":\"Europe Portuguese\",\"url\":\"https:\\\/\\\/www.alcoawheels.com\\\/europe\\\/pt\\\/\",\"logo\":{\"@type\":\"ImageObject\",\"inLanguage\":\"en-US\",\"@id\":\"https:\\\/\\\/www.alcoawheels.com\\\/europe\\\/pt\\\/#\\\/schema\\\/logo\\\/image\\\/\",\"url\":\"https:\\\/\\\/www.alcoawheels.com\\\/europe\\\/pt\\\/wp-content\\\/uploads\\\/sites\\\/21\\\/2023\\\/05\\\/logo-black.gif\",\"contentUrl\":\"https:\\\/\\\/www.alcoawheels.com\\\/europe\\\/pt\\\/wp-content\\\/uploads\\\/sites\\\/21\\\/2023\\\/05\\\/logo-black.gif\",\"width\":71,\"height\":64,\"caption\":\"Europe Portuguese\"},\"image\":{\"@id\":\"https:\\\/\\\/www.alcoawheels.com\\\/europe\\\/pt\\\/#\\\/schema\\\/logo\\\/image\\\/\"}}]}<\/script>\n<!-- \/ Yoast SEO Premium plugin. -->","yoast_head_json":{"title":"Monitoriza\u00e7\u00e3o do estado do formul\u00e1rio de registo da roda - Europe Portuguese","robots":{"index":"index","follow":"follow","max-snippet":"max-snippet:-1","max-image-preview":"max-image-preview:large","max-video-preview":"max-video-preview:-1"},"canonical":"https:\/\/www.alcoawheels.com\/europe\/pt\/monitorizacao-do-estado-do-formulario-de-registo-da-roda\/","og_locale":"en_US","og_type":"article","og_title":"Monitoriza\u00e7\u00e3o do estado do formul\u00e1rio de registo da roda","og_description":"Precisa de enviar um outro formul\u00e1rio de registo de rodas? Clique aqui Se tiver problemas ou perguntas, visite o Fleet Service Center e\/ou a nossa sec\u00e7\u00e3o de FAQ.","og_url":"https:\/\/www.alcoawheels.com\/europe\/pt\/monitorizacao-do-estado-do-formulario-de-registo-da-roda\/","og_site_name":"Europe Portuguese","article_modified_time":"2025-02-07T14:32:54+00:00","og_image":[{"url":"https:\/\/www.alcoawheels.com\/europe\/en\/wp-content\/uploads\/sites\/8\/2023\/06\/fsc-intro-banner.jpg","type":"","width":"","height":""}],"twitter_card":"summary_large_image","twitter_misc":{"Est. reading time":"1 minute"},"schema":{"@context":"https:\/\/schema.org","@graph":[{"@type":"WebPage","@id":"https:\/\/www.alcoawheels.com\/europe\/pt\/monitorizacao-do-estado-do-formulario-de-registo-da-roda\/","url":"https:\/\/www.alcoawheels.com\/europe\/pt\/monitorizacao-do-estado-do-formulario-de-registo-da-roda\/","name":"Monitoriza\u00e7\u00e3o do estado do formul\u00e1rio de registo da roda - Europe Portuguese","isPartOf":{"@id":"https:\/\/www.alcoawheels.com\/europe\/pt\/#website"},"primaryImageOfPage":{"@id":"https:\/\/www.alcoawheels.com\/europe\/pt\/monitorizacao-do-estado-do-formulario-de-registo-da-roda\/#primaryimage"},"image":{"@id":"https:\/\/www.alcoawheels.com\/europe\/pt\/monitorizacao-do-estado-do-formulario-de-registo-da-roda\/#primaryimage"},"thumbnailUrl":"https:\/\/www.alcoawheels.com\/europe\/en\/wp-content\/uploads\/sites\/8\/2023\/06\/fsc-intro-banner.jpg","datePublished":"2024-09-17T12:31:46+00:00","dateModified":"2025-02-07T14:32:54+00:00","breadcrumb":{"@id":"https:\/\/www.alcoawheels.com\/europe\/pt\/monitorizacao-do-estado-do-formulario-de-registo-da-roda\/#breadcrumb"},"inLanguage":"en-US","potentialAction":[{"@type":"ReadAction","target":["https:\/\/www.alcoawheels.com\/europe\/pt\/monitorizacao-do-estado-do-formulario-de-registo-da-roda\/"]}]},{"@type":"ImageObject","inLanguage":"en-US","@id":"https:\/\/www.alcoawheels.com\/europe\/pt\/monitorizacao-do-estado-do-formulario-de-registo-da-roda\/#primaryimage","url":"https:\/\/www.alcoawheels.com\/europe\/en\/wp-content\/uploads\/sites\/8\/2023\/06\/fsc-intro-banner.jpg","contentUrl":"https:\/\/www.alcoawheels.com\/europe\/en\/wp-content\/uploads\/sites\/8\/2023\/06\/fsc-intro-banner.jpg"},{"@type":"BreadcrumbList","@id":"https:\/\/www.alcoawheels.com\/europe\/pt\/monitorizacao-do-estado-do-formulario-de-registo-da-roda\/#breadcrumb","itemListElement":[{"@type":"ListItem","position":1,"name":"Home","item":"https:\/\/www.alcoawheels.com\/europe\/pt\/"},{"@type":"ListItem","position":2,"name":"Monitoriza\u00e7\u00e3o do estado do formul\u00e1rio de registo da roda"}]},{"@type":"WebSite","@id":"https:\/\/www.alcoawheels.com\/europe\/pt\/#website","url":"https:\/\/www.alcoawheels.com\/europe\/pt\/","name":"Europe Portuguese","description":"","publisher":{"@id":"https:\/\/www.alcoawheels.com\/europe\/pt\/#organization"},"potentialAction":[{"@type":"SearchAction","target":{"@type":"EntryPoint","urlTemplate":"https:\/\/www.alcoawheels.com\/europe\/pt\/?s={search_term_string}"},"query-input":{"@type":"PropertyValueSpecification","valueRequired":true,"valueName":"search_term_string"}}],"inLanguage":"en-US"},{"@type":"Organization","@id":"https:\/\/www.alcoawheels.com\/europe\/pt\/#organization","name":"Europe Portuguese","url":"https:\/\/www.alcoawheels.com\/europe\/pt\/","logo":{"@type":"ImageObject","inLanguage":"en-US","@id":"https:\/\/www.alcoawheels.com\/europe\/pt\/#\/schema\/logo\/image\/","url":"https:\/\/www.alcoawheels.com\/europe\/pt\/wp-content\/uploads\/sites\/21\/2023\/05\/logo-black.gif","contentUrl":"https:\/\/www.alcoawheels.com\/europe\/pt\/wp-content\/uploads\/sites\/21\/2023\/05\/logo-black.gif","width":71,"height":64,"caption":"Europe Portuguese"},"image":{"@id":"https:\/\/www.alcoawheels.com\/europe\/pt\/#\/schema\/logo\/image\/"}}]}},"parsely":{"version":"1.1.0","canonical_url":"https:\/\/alcoawheels.com\/europe\/pt\/monitorizacao-do-estado-do-formulario-de-registo-da-roda\/","smart_links":{"inbound":0,"outbound":0},"traffic_boost_suggestions_count":0,"meta":{"@context":"https:\/\/schema.org","@type":"WebPage","headline":"Monitoriza\u00e7\u00e3o do estado do formul\u00e1rio de registo da roda","url":"http:\/\/www.alcoawheels.com\/europe\/pt\/monitorizacao-do-estado-do-formulario-de-registo-da-roda\/","mainEntityOfPage":{"@type":"WebPage","@id":"http:\/\/www.alcoawheels.com\/europe\/pt\/monitorizacao-do-estado-do-formulario-de-registo-da-roda\/"},"thumbnailUrl":"","image":{"@type":"ImageObject","url":""},"articleSection":"Uncategorized","author":[{"@type":"Person","name":"riccirm"}],"creator":["riccirm"],"publisher":{"@type":"Organization","name":"Europe Portuguese","logo":""},"keywords":[],"dateCreated":"2024-09-17T12:31:46Z","datePublished":"2024-09-17T12:31:46Z","dateModified":"2025-02-07T14:32:54Z"},"rendered":"<script type=\"application\/ld+json\" class=\"wp-parsely-metadata\">{\"@context\":\"https:\\\/\\\/schema.org\",\"@type\":\"WebPage\",\"headline\":\"Monitoriza\\u00e7\\u00e3o do estado do formul\\u00e1rio de registo da roda\",\"url\":\"http:\\\/\\\/www.alcoawheels.com\\\/europe\\\/pt\\\/monitorizacao-do-estado-do-formulario-de-registo-da-roda\\\/\",\"mainEntityOfPage\":{\"@type\":\"WebPage\",\"@id\":\"http:\\\/\\\/www.alcoawheels.com\\\/europe\\\/pt\\\/monitorizacao-do-estado-do-formulario-de-registo-da-roda\\\/\"},\"thumbnailUrl\":\"\",\"image\":{\"@type\":\"ImageObject\",\"url\":\"\"},\"articleSection\":\"Uncategorized\",\"author\":[{\"@type\":\"Person\",\"name\":\"riccirm\"}],\"creator\":[\"riccirm\"],\"publisher\":{\"@type\":\"Organization\",\"name\":\"Europe Portuguese\",\"logo\":\"\"},\"keywords\":[],\"dateCreated\":\"2024-09-17T12:31:46Z\",\"datePublished\":\"2024-09-17T12:31:46Z\",\"dateModified\":\"2025-02-07T14:32:54Z\"}<\/script>","tracker_url":"https:\/\/cdn.parsely.com\/keys\/alcoawheels.com\/p.js"},"jetpack_sharing_enabled":true,"_links":{"self":[{"href":"https:\/\/www.alcoawheels.com\/europe\/pt\/wp-json\/wp\/v2\/pages\/2120","targetHints":{"allow":["GET"]}}],"collection":[{"href":"https:\/\/www.alcoawheels.com\/europe\/pt\/wp-json\/wp\/v2\/pages"}],"about":[{"href":"https:\/\/www.alcoawheels.com\/europe\/pt\/wp-json\/wp\/v2\/types\/page"}],"author":[{"embeddable":true,"href":"https:\/\/www.alcoawheels.com\/europe\/pt\/wp-json\/wp\/v2\/users\/62"}],"replies":[{"embeddable":true,"href":"https:\/\/www.alcoawheels.com\/europe\/pt\/wp-json\/wp\/v2\/comments?post=2120"}],"version-history":[{"count":10,"href":"https:\/\/www.alcoawheels.com\/europe\/pt\/wp-json\/wp\/v2\/pages\/2120\/revisions"}],"predecessor-version":[{"id":2169,"href":"https:\/\/www.alcoawheels.com\/europe\/pt\/wp-json\/wp\/v2\/pages\/2120\/revisions\/2169"}],"wp:attachment":[{"href":"https:\/\/www.alcoawheels.com\/europe\/pt\/wp-json\/wp\/v2\/media?parent=2120"}],"curies":[{"name":"wp","href":"https:\/\/api.w.org\/{rel}","templated":true}]}}