{"id":27,"date":"2023-05-26T13:32:36","date_gmt":"2023-05-26T13:32:36","guid":{"rendered":"https:\/\/www.alcoawheels.com\/europe\/pt\/?page_id=27"},"modified":"2025-07-11T20:18:48","modified_gmt":"2025-07-11T19:18:48","slug":"manutencao","status":"publish","type":"page","link":"https:\/\/www.alcoawheels.com\/europe\/pt\/manutencao\/","title":{"rendered":"Manuten\u00e7\u00e3o"},"content":{"rendered":"\n<div class=\"wp-block-alcoa-wheels-hero-banner-innerpage hero-banner with-image layout-2 overlayEnable align- vertical-align- align-center vertical-align-center\" style=\"background-color:#eee\"><img decoding=\"async\" src=\"https:\/\/www.alcoawheels.com\/europe\/pt\/wp-content\/uploads\/sites\/21\/2023\/06\/maintenance-banner.jpeg\" alt=\"Maintenance of Alcoa Wheels\" class=\"responsiveImage\"\/><div class=\"hero-banner__header\" style=\"text-align:center\"><div class=\"container\"><h1 class=\"hero-banner__header--title\">Manuten\u00e7\u00e3o<\/h1><\/div><\/div><\/div>\n\n\n\n<div style=\"height:50px\" aria-hidden=\"true\" class=\"wp-block-spacer spacer-fifty\"><\/div>\n\n\n\n<h3 class=\"wp-block-heading\" id=\"h-produtos-acessorios-para-rodas-alcoa\">Produtos acess\u00f3rios para rodas Alcoa<sup>\u00ae<\/sup><\/h3>\n\n\n\n<p>A manuten\u00e7\u00e3o das suas rodas Alcoa<sup>\u00ae<\/sup> \u00e9 e deve ser uma prioridade m\u00e1xima<\/p>\n\n\n\n<p>1. Os produtos acess\u00f3rios para rodas Alcoa<sup>\u00ae<\/sup> foram desenvolvidos e selecionados ao longo de muitos anos para manter as rodas nas melhores condi\u00e7\u00f5es poss\u00edveis e garantir uma longa vida \u00fatil.<\/p>\n\n\n\n<p>2. Os produtos acess\u00f3rios para rodas Alcoa<sup>\u00ae<\/sup> est\u00e3o dispon\u00edveis na nossa rede de distribuidores autorizados.<\/p>\n\n\n\n<hr class=\"wp-block-separator has-text-color has-alpha-channel-opacity has-background is-style-wide\" style=\"background-color:#cccccc;color:#cccccc\"\/>\n\n\n\n<div class=\"wp-block-alcoa-wheels-zigzag media-list__body\" id=\"zigzag-main-dd37ab2b-fdde-4f03-8751-426b0a716ec7\"><div class=\"media-list__body_main  vertical-align-center  container row-reverse\">\n<div class=\"wp-block-alcoa-wheels-zigzag-item media-list-item\"><div class=\"media-list-item__box_content\"><div class=\"media-list-item__box_content_inner\">\n<h5 class=\"wp-block-heading\" id=\"h-hubgrease\"><strong>HUBgrease<\/strong><\/h5>\n\n\n\n<p>Uma graxa a ser aplicada ao montar Rodas Alcoa<sup>\u00ae<\/sup> para evitar corros\u00e3o e que as rodas ficarem presas no cubo. Para obter mais instru\u00e7\u00f5es, consulte o Manual de Servi\u00e7o das rodas Alcoa<sup>\u00ae<\/sup> na Sec\u00e7\u00e3o 10.a-passo 4<\/p>\n<\/div><\/div><div class=\"media-list-item__box_image\"><img loading=\"lazy\" decoding=\"async\" width=\"450\" height=\"300\" src=\"https:\/\/www.alcoawheels.com\/europe\/pt\/wp-content\/uploads\/sites\/21\/2023\/06\/maintenance-Hubgrease-thumbnail.jpg\" alt=\"HUBgrease\"\/><\/div><\/div>\n\n\n\n<div class=\"wp-block-alcoa-wheels-zigzag-item media-list-item\"><div class=\"media-list-item__box_content\"><div class=\"media-list-item__box_content_inner\">\n<h5 class=\"wp-block-heading has-text-align-right\" id=\"h-valvegrease\"><strong>VALVEgrease<\/strong><\/h5>\n\n\n\n<p class=\"has-text-align-right\">Uma graxa que atua como inibidor de corros\u00e3o ao montar\/substituir v\u00e1lvulas. Altamente recomendado para uso em cada troca de pneu e v\u00e1lvula. Para mais instru\u00e7\u00f5es, consulte o Manual de Servi\u00e7o das Rodas Alcoa<sup>\u00ae<\/sup> na Sec\u00e7\u00e3o 10.a, passo 4<\/p>\n<\/div><\/div><div class=\"media-list-item__box_image\"><img loading=\"lazy\" decoding=\"async\" width=\"450\" height=\"300\" src=\"https:\/\/www.alcoawheels.com\/europe\/pt\/wp-content\/uploads\/sites\/21\/2023\/06\/maintenance-VALVEgrease-thumbnail.jpg\" alt=\"VALVEgrease\"\/><\/div><\/div>\n\n\n\n<div class=\"wp-block-alcoa-wheels-zigzag-item media-list-item\"><div class=\"media-list-item__box_content\"><div class=\"media-list-item__box_content_inner\">\n<h5 class=\"wp-block-heading\" id=\"h-pastilhas-e-discos-de-cerdas\"><strong><strong><strong><strong><strong><strong><strong>Pastilhas e discos de cerdas<\/strong><\/strong><\/strong><\/strong><\/strong><\/strong><\/strong><\/h5>\n\n\n\n<p>Cerdas e almofadas abrasivas em diferentes tamanhos e durezas para limpar superf\u00edcies de contato, assentos de tal\u00e3o, abas piloto e bordas de centraliza\u00e7\u00e3o do cubo.<\/p>\n<\/div><\/div><div class=\"media-list-item__box_image\"><img loading=\"lazy\" decoding=\"async\" width=\"450\" height=\"300\" src=\"https:\/\/www.alcoawheels.com\/europe\/pt\/wp-content\/uploads\/sites\/21\/2023\/06\/maintenance-Bristle-discs-thumbnail.jpg\" alt=\"Bristle discs and pads\"\/><\/div><\/div>\n\n\n\n<div class=\"wp-block-alcoa-wheels-zigzag-item media-list-item\"><div class=\"media-list-item__box_content\"><div class=\"media-list-item__box_content_inner\">\n<h5 class=\"wp-block-heading has-text-align-right\" id=\"h-discmate\"><strong>Discmate<\/strong><\/h5>\n\n\n\n<p class=\"has-text-align-right\">Uma junta para ajudar a prevenir a acumula\u00e7\u00e3o de corros\u00e3o entre as rodas de a\u00e7o e as rodas de alum\u00ednio Alcoa<sup>\u00ae<\/sup> e entre o cubo de a\u00e7o e as rodas de alum\u00ednio.<\/p>\n<\/div><\/div><div class=\"media-list-item__box_image\"><img loading=\"lazy\" decoding=\"async\" width=\"450\" height=\"300\" src=\"https:\/\/www.alcoawheels.com\/europe\/pt\/wp-content\/uploads\/sites\/21\/2023\/06\/maintenance-Discmates-thumbnail.jpg\" alt=\"Discmates\"\/><\/div><\/div>\n<\/div><\/div>\n\n\n\n<hr class=\"wp-block-separator has-text-color has-alpha-channel-opacity has-background is-style-wide\" style=\"background-color:#cccccc;color:#cccccc\"\/>\n\n\n\n<div style=\"height:50px\" aria-hidden=\"true\" class=\"wp-block-spacer spacer-fifty\"><\/div>\n\n\n\n<p class=\"u-margin-b10\">Para mais informa\u00e7\u00f5es:<\/p>\n\n\n\t\t<div class=\"wp-block-alcoa-product-literature\">\n\t\t\t<div class=\"product-literature-columns container wp-block-alcoa-wheels-related-documents\">\n\t\t\t\t\t\t\t\t\t<div class=\"literature-inner\">\n\t\t\t\t\t\t<div class=\"literature-inner-item\">\n\t\t\t\t\t\t\t<div class=\"pdf-lists-items\">\n\t\t\t\t\t\t\t\t\t\t\t\t\t\t\t\t\t\t\t\t\t\t\t\t\t\t<div class=\"pdf-files\">\n\t\t\t\t\t\t\t\t\t\t<a href=\"https:\/\/www.alcoawheels.com\/europe\/pt\/wp-content\/uploads\/sites\/21\/2026\/02\/Alcoa-Wheels-Accessories-PT.pdf\" target=\"_blank\" class=\"pdf-file\">\n\t\t\t\t\t\t\t\t\t\t\tProdutos Acess\u00f3rios ALCOA<Sup>\u00ae<\/sup>\t\t\t\t\t\t\t\t\t\t<\/a>\n\t\t\t\t\t\t\t\t\t\t<div class=\"pdf-size\">2.93 MB<\/div>\n\t\t\t\t\t\t\t\t\t<\/div>\n\t\t\t\t\t\t\t\t\t\t\t\t\t\t\t<\/div>\n\t\t\t\t\t\t<\/div>\n\t\t\t\t\t<\/div>\n\t\t\t\t\t\t\t<\/div>\n\n\t\t<\/div>\n\n\n\n<div id=\"alcoa-wheels-buttons-4f286b83-9f6e-4842-9862-f9e752178010\" class=\"wp-block-alcoa-wheels-button-group alcoa-wheels-buttons\"><div class=\"button-row\"><div class=\"button-item\" button-item=\"0\"><p class=\"btn-main btn-link-left-arrow\" aria-label=\"<a href=&quot;https:\/\/apps.spheracloud.net\/communicator\/login.aspx?userid=qD3CEfpiugwA&amp;companyid=SzqDqsuXTJwA&amp;method=home&quot;&gt;<a href=&quot;https:\/\/apps.spheracloud.net\/communicator\/login.aspx?userid=qD3CEfpiugwA&amp;companyid=SzqDqsuXTJwA&amp;method=home&quot;&gt;Safety Data (MSDS)<\/a&gt;<\/a&gt;\"><a href=\"https:\/\/apps.spheracloud.net\/communicator\/login.aspx?userid=qD3CEfpiugwA&amp;companyid=SzqDqsuXTJwA&amp;method=home\"><a href=\"https:\/\/apps.spheracloud.net\/communicator\/login.aspx?userid=qD3CEfpiugwA&amp;companyid=SzqDqsuXTJwA&amp;method=home\">Safety Data (MSDS)<\/a><\/a><\/p><\/div><\/div><\/div>\n\n\n\n<div style=\"height:50px\" aria-hidden=\"true\" class=\"wp-block-spacer spacer-fifty\"><\/div>\n\n\n\n<div class=\"wp-block-alcoa-wheels-card-usecase-1 card-box-v1__body with-icon align-center vertical-align-center\" id=\"card_box_v1-e4914ef8-3de0-45e5-9e44-0a6d06772132\"><div class=\"fullwidthcontainer\"><div class=\"card-box-v1__boxes has-4-columns\"><div class=\"card-box-v1__box  with-link \" style=\"background-color:#00afb9\"><img decoding=\"async\" src=\"https:\/\/www.alcoawheels.com\/europe\/pt\/wp-content\/themes\/alcoa-wheels\/assets\/build\/js\/blocks\/card-usecase-1\/..\/..\/..\/images\/placeholder-image.db2b4d5c.jpeg\" alt=\"Contacto\"\/><div class=\"card-box-v1__box__inner pos-abs\"><div class=\"card-box-v1__box_icon\"><img loading=\"lazy\" decoding=\"async\" width=\"171\" height=\"171\" src=\"https:\/\/www.alcoawheels.com\/europe\/pt\/wp-content\/uploads\/sites\/21\/2023\/06\/contact.png\" alt=\"\"\/><\/div><div class=\"card-box-v1__box_content\"><h4 style=\"color:#ffffff\">Contacto<\/h4><\/div><div class=\"btn-wrap\"><\/div><\/div><a href=\"\/europe\/pt\/contacto\" aria-label=\"Contacto\"><\/a><\/div><div class=\"card-box-v1__box  with-link \" style=\"background-color:#34bfc7\"><img decoding=\"async\" src=\"https:\/\/www.alcoawheels.com\/europe\/pt\/wp-content\/themes\/alcoa-wheels\/assets\/build\/js\/blocks\/card-usecase-1\/..\/..\/..\/images\/placeholder-image.db2b4d5c.jpeg\" alt=\"Gama de Jantes\"\/><div class=\"card-box-v1__box__inner pos-abs\"><div class=\"card-box-v1__box_icon\"><img loading=\"lazy\" decoding=\"async\" width=\"169\" height=\"169\" src=\"https:\/\/www.alcoawheels.com\/europe\/pt\/wp-content\/uploads\/sites\/21\/2023\/06\/product-search.png\" alt=\"\"\/><\/div><div class=\"card-box-v1__box_content\"><h4 style=\"color:#ffffff\">Gama de Jantes<\/h4><\/div><div class=\"btn-wrap\"><\/div><\/div><a href=\"\/europe\/pt\/escala-da-jante\" aria-label=\"Gama de Jantes\"><\/a><\/div><div class=\"card-box-v1__box  with-link \" style=\"background-color:#00afb9\"><img decoding=\"async\" src=\"https:\/\/www.alcoawheels.com\/europe\/pt\/wp-content\/themes\/alcoa-wheels\/assets\/build\/js\/blocks\/card-usecase-1\/..\/..\/..\/images\/placeholder-image.db2b4d5c.jpeg\" alt=\"Onde Comprar\"\/><div class=\"card-box-v1__box__inner pos-abs\"><div class=\"card-box-v1__box_icon\"><img loading=\"lazy\" decoding=\"async\" width=\"169\" height=\"169\" src=\"https:\/\/www.alcoawheels.com\/europe\/pt\/wp-content\/uploads\/sites\/21\/2023\/06\/where-to-buy.png\" alt=\"\"\/><\/div><div class=\"card-box-v1__box_content\"><h4 style=\"color:#ffffff\">Onde Comprar<\/h4><\/div><div class=\"btn-wrap\"><\/div><\/div><a href=\"\/europe\/pt\/onde-comprar\" aria-label=\"Onde Comprar\"><\/a><\/div><div class=\"card-box-v1__box  with-link \" style=\"background-color:#34bfc7\"><img decoding=\"async\" src=\"https:\/\/www.alcoawheels.com\/europe\/pt\/wp-content\/themes\/alcoa-wheels\/assets\/build\/js\/blocks\/card-usecase-1\/..\/..\/..\/images\/placeholder-image.db2b4d5c.jpeg\" alt=\"Documenta\u00e7\u00e3o Sobre Produtos\"\/><div class=\"card-box-v1__box__inner pos-abs\"><div class=\"card-box-v1__box_icon\"><img loading=\"lazy\" decoding=\"async\" width=\"169\" height=\"169\" src=\"https:\/\/www.alcoawheels.com\/europe\/pt\/wp-content\/uploads\/sites\/21\/2023\/06\/product-literature.png\" alt=\"\"\/><\/div><div class=\"card-box-v1__box_content\"><h4 style=\"color:#ffffff\">Documenta\u00e7\u00e3o Sobre Produtos<\/h4><\/div><div class=\"btn-wrap\"><\/div><\/div><a href=\"\/europe\/pt\/documentacao-sobre-produtos\" aria-label=\"Documenta\u00e7\u00e3o Sobre Produtos\"><\/a><\/div><\/div><\/div><\/div>\n","protected":false},"excerpt":{"rendered":"<p>Produtos acess\u00f3rios para rodas Alcoa\u00ae A manuten\u00e7\u00e3o das suas rodas Alcoa\u00ae \u00e9 e deve ser uma prioridade m\u00e1xima 1. Os produtos acess\u00f3rios para rodas Alcoa\u00ae foram desenvolvidos e selecionados ao longo de muitos anos para manter as rodas nas melhores condi\u00e7\u00f5es poss\u00edveis e garantir uma longa vida \u00fatil. 2. Os produtos acess\u00f3rios para rodas Alcoa\u00ae [&hellip;]<\/p>\n","protected":false},"author":44,"featured_media":481,"parent":0,"menu_order":0,"comment_status":"closed","ping_status":"closed","template":"","meta":{"_acf_changed":false,"protected_reviewer_email":"","editor_notices":[],"footnotes":""},"class_list":["post-27","page","type-page","status-publish","has-post-thumbnail","hentry"],"acf":[],"yoast_head":"<!-- This site is optimized with the Yoast SEO Premium plugin v27.3 (Yoast SEO v27.3) - https:\/\/yoast.com\/product\/yoast-seo-premium-wordpress\/ -->\n<title>Alcoa Wheels | Acess\u00f3rios | Manuten\u00e7\u00e3o<\/title>\n<meta name=\"robots\" content=\"index, follow, max-snippet:-1, max-image-preview:large, max-video-preview:-1\" \/>\n<link rel=\"canonical\" href=\"https:\/\/www.alcoawheels.com\/europe\/pt\/manutencao\/\" \/>\n<meta property=\"og:locale\" content=\"en_US\" \/>\n<meta property=\"og:type\" content=\"article\" \/>\n<meta property=\"og:title\" content=\"Manuten\u00e7\u00e3o\" \/>\n<meta property=\"og:description\" content=\"Produtos acess\u00f3rios para rodas Alcoa\u00ae A manuten\u00e7\u00e3o das suas rodas Alcoa\u00ae \u00e9 e deve ser uma prioridade m\u00e1xima 1. Os produtos acess\u00f3rios para rodas Alcoa\u00ae foram desenvolvidos e selecionados ao longo de muitos anos para manter as rodas nas melhores condi\u00e7\u00f5es poss\u00edveis e garantir uma longa vida \u00fatil. 2. Os produtos acess\u00f3rios para rodas Alcoa\u00ae [&hellip;]\" \/>\n<meta property=\"og:url\" content=\"https:\/\/www.alcoawheels.com\/europe\/pt\/manutencao\/\" \/>\n<meta property=\"og:site_name\" content=\"Europe Portuguese\" \/>\n<meta property=\"article:modified_time\" content=\"2025-07-11T19:18:48+00:00\" \/>\n<meta property=\"og:image\" content=\"https:\/\/www.alcoawheels.com\/europe\/pt\/wp-content\/uploads\/sites\/21\/2023\/06\/maintenance-Hubgrease-thumbnail.jpg\" \/>\n\t<meta property=\"og:image:width\" content=\"450\" \/>\n\t<meta property=\"og:image:height\" content=\"300\" \/>\n\t<meta property=\"og:image:type\" content=\"image\/jpeg\" \/>\n<meta name=\"twitter:card\" content=\"summary_large_image\" \/>\n<meta name=\"twitter:label1\" content=\"Est. reading time\" \/>\n\t<meta name=\"twitter:data1\" content=\"4 minutes\" \/>\n<script type=\"application\/ld+json\" class=\"yoast-schema-graph\">{\"@context\":\"https:\\\/\\\/schema.org\",\"@graph\":[{\"@type\":\"WebPage\",\"@id\":\"https:\\\/\\\/www.alcoawheels.com\\\/europe\\\/pt\\\/manutencao\\\/\",\"url\":\"https:\\\/\\\/www.alcoawheels.com\\\/europe\\\/pt\\\/manutencao\\\/\",\"name\":\"Alcoa Wheels | Acess\u00f3rios | Manuten\u00e7\u00e3o\",\"isPartOf\":{\"@id\":\"https:\\\/\\\/www.alcoawheels.com\\\/europe\\\/pt\\\/#website\"},\"primaryImageOfPage\":{\"@id\":\"https:\\\/\\\/www.alcoawheels.com\\\/europe\\\/pt\\\/manutencao\\\/#primaryimage\"},\"image\":{\"@id\":\"https:\\\/\\\/www.alcoawheels.com\\\/europe\\\/pt\\\/manutencao\\\/#primaryimage\"},\"thumbnailUrl\":\"https:\\\/\\\/www.alcoawheels.com\\\/europe\\\/pt\\\/wp-content\\\/uploads\\\/sites\\\/21\\\/2023\\\/06\\\/maintenance-Hubgrease-thumbnail.jpg\",\"datePublished\":\"2023-05-26T13:32:36+00:00\",\"dateModified\":\"2025-07-11T19:18:48+00:00\",\"breadcrumb\":{\"@id\":\"https:\\\/\\\/www.alcoawheels.com\\\/europe\\\/pt\\\/manutencao\\\/#breadcrumb\"},\"inLanguage\":\"en-US\",\"potentialAction\":[{\"@type\":\"ReadAction\",\"target\":[\"https:\\\/\\\/www.alcoawheels.com\\\/europe\\\/pt\\\/manutencao\\\/\"]}]},{\"@type\":\"ImageObject\",\"inLanguage\":\"en-US\",\"@id\":\"https:\\\/\\\/www.alcoawheels.com\\\/europe\\\/pt\\\/manutencao\\\/#primaryimage\",\"url\":\"https:\\\/\\\/www.alcoawheels.com\\\/europe\\\/pt\\\/wp-content\\\/uploads\\\/sites\\\/21\\\/2023\\\/06\\\/maintenance-Hubgrease-thumbnail.jpg\",\"contentUrl\":\"https:\\\/\\\/www.alcoawheels.com\\\/europe\\\/pt\\\/wp-content\\\/uploads\\\/sites\\\/21\\\/2023\\\/06\\\/maintenance-Hubgrease-thumbnail.jpg\",\"width\":450,\"height\":300,\"caption\":\"HUBgrease\"},{\"@type\":\"BreadcrumbList\",\"@id\":\"https:\\\/\\\/www.alcoawheels.com\\\/europe\\\/pt\\\/manutencao\\\/#breadcrumb\",\"itemListElement\":[{\"@type\":\"ListItem\",\"position\":1,\"name\":\"Home\",\"item\":\"https:\\\/\\\/www.alcoawheels.com\\\/europe\\\/pt\\\/\"},{\"@type\":\"ListItem\",\"position\":2,\"name\":\"Manuten\u00e7\u00e3o\"}]},{\"@type\":\"WebSite\",\"@id\":\"https:\\\/\\\/www.alcoawheels.com\\\/europe\\\/pt\\\/#website\",\"url\":\"https:\\\/\\\/www.alcoawheels.com\\\/europe\\\/pt\\\/\",\"name\":\"Europe Portuguese\",\"description\":\"\",\"publisher\":{\"@id\":\"https:\\\/\\\/www.alcoawheels.com\\\/europe\\\/pt\\\/#organization\"},\"potentialAction\":[{\"@type\":\"SearchAction\",\"target\":{\"@type\":\"EntryPoint\",\"urlTemplate\":\"https:\\\/\\\/www.alcoawheels.com\\\/europe\\\/pt\\\/?s={search_term_string}\"},\"query-input\":{\"@type\":\"PropertyValueSpecification\",\"valueRequired\":true,\"valueName\":\"search_term_string\"}}],\"inLanguage\":\"en-US\"},{\"@type\":\"Organization\",\"@id\":\"https:\\\/\\\/www.alcoawheels.com\\\/europe\\\/pt\\\/#organization\",\"name\":\"Europe Portuguese\",\"url\":\"https:\\\/\\\/www.alcoawheels.com\\\/europe\\\/pt\\\/\",\"logo\":{\"@type\":\"ImageObject\",\"inLanguage\":\"en-US\",\"@id\":\"https:\\\/\\\/www.alcoawheels.com\\\/europe\\\/pt\\\/#\\\/schema\\\/logo\\\/image\\\/\",\"url\":\"https:\\\/\\\/www.alcoawheels.com\\\/europe\\\/pt\\\/wp-content\\\/uploads\\\/sites\\\/21\\\/2023\\\/05\\\/logo-black.gif\",\"contentUrl\":\"https:\\\/\\\/www.alcoawheels.com\\\/europe\\\/pt\\\/wp-content\\\/uploads\\\/sites\\\/21\\\/2023\\\/05\\\/logo-black.gif\",\"width\":71,\"height\":64,\"caption\":\"Europe Portuguese\"},\"image\":{\"@id\":\"https:\\\/\\\/www.alcoawheels.com\\\/europe\\\/pt\\\/#\\\/schema\\\/logo\\\/image\\\/\"}}]}<\/script>\n<!-- \/ Yoast SEO Premium plugin. -->","yoast_head_json":{"title":"Alcoa Wheels | Acess\u00f3rios | Manuten\u00e7\u00e3o","robots":{"index":"index","follow":"follow","max-snippet":"max-snippet:-1","max-image-preview":"max-image-preview:large","max-video-preview":"max-video-preview:-1"},"canonical":"https:\/\/www.alcoawheels.com\/europe\/pt\/manutencao\/","og_locale":"en_US","og_type":"article","og_title":"Manuten\u00e7\u00e3o","og_description":"Produtos acess\u00f3rios para rodas Alcoa\u00ae A manuten\u00e7\u00e3o das suas rodas Alcoa\u00ae \u00e9 e deve ser uma prioridade m\u00e1xima 1. Os produtos acess\u00f3rios para rodas Alcoa\u00ae foram desenvolvidos e selecionados ao longo de muitos anos para manter as rodas nas melhores condi\u00e7\u00f5es poss\u00edveis e garantir uma longa vida \u00fatil. 2. Os produtos acess\u00f3rios para rodas Alcoa\u00ae [&hellip;]","og_url":"https:\/\/www.alcoawheels.com\/europe\/pt\/manutencao\/","og_site_name":"Europe Portuguese","article_modified_time":"2025-07-11T19:18:48+00:00","og_image":[{"width":450,"height":300,"url":"https:\/\/www.alcoawheels.com\/europe\/pt\/wp-content\/uploads\/sites\/21\/2023\/06\/maintenance-Hubgrease-thumbnail.jpg","type":"image\/jpeg"}],"twitter_card":"summary_large_image","twitter_misc":{"Est. reading time":"4 minutes"},"schema":{"@context":"https:\/\/schema.org","@graph":[{"@type":"WebPage","@id":"https:\/\/www.alcoawheels.com\/europe\/pt\/manutencao\/","url":"https:\/\/www.alcoawheels.com\/europe\/pt\/manutencao\/","name":"Alcoa Wheels | Acess\u00f3rios | Manuten\u00e7\u00e3o","isPartOf":{"@id":"https:\/\/www.alcoawheels.com\/europe\/pt\/#website"},"primaryImageOfPage":{"@id":"https:\/\/www.alcoawheels.com\/europe\/pt\/manutencao\/#primaryimage"},"image":{"@id":"https:\/\/www.alcoawheels.com\/europe\/pt\/manutencao\/#primaryimage"},"thumbnailUrl":"https:\/\/www.alcoawheels.com\/europe\/pt\/wp-content\/uploads\/sites\/21\/2023\/06\/maintenance-Hubgrease-thumbnail.jpg","datePublished":"2023-05-26T13:32:36+00:00","dateModified":"2025-07-11T19:18:48+00:00","breadcrumb":{"@id":"https:\/\/www.alcoawheels.com\/europe\/pt\/manutencao\/#breadcrumb"},"inLanguage":"en-US","potentialAction":[{"@type":"ReadAction","target":["https:\/\/www.alcoawheels.com\/europe\/pt\/manutencao\/"]}]},{"@type":"ImageObject","inLanguage":"en-US","@id":"https:\/\/www.alcoawheels.com\/europe\/pt\/manutencao\/#primaryimage","url":"https:\/\/www.alcoawheels.com\/europe\/pt\/wp-content\/uploads\/sites\/21\/2023\/06\/maintenance-Hubgrease-thumbnail.jpg","contentUrl":"https:\/\/www.alcoawheels.com\/europe\/pt\/wp-content\/uploads\/sites\/21\/2023\/06\/maintenance-Hubgrease-thumbnail.jpg","width":450,"height":300,"caption":"HUBgrease"},{"@type":"BreadcrumbList","@id":"https:\/\/www.alcoawheels.com\/europe\/pt\/manutencao\/#breadcrumb","itemListElement":[{"@type":"ListItem","position":1,"name":"Home","item":"https:\/\/www.alcoawheels.com\/europe\/pt\/"},{"@type":"ListItem","position":2,"name":"Manuten\u00e7\u00e3o"}]},{"@type":"WebSite","@id":"https:\/\/www.alcoawheels.com\/europe\/pt\/#website","url":"https:\/\/www.alcoawheels.com\/europe\/pt\/","name":"Europe Portuguese","description":"","publisher":{"@id":"https:\/\/www.alcoawheels.com\/europe\/pt\/#organization"},"potentialAction":[{"@type":"SearchAction","target":{"@type":"EntryPoint","urlTemplate":"https:\/\/www.alcoawheels.com\/europe\/pt\/?s={search_term_string}"},"query-input":{"@type":"PropertyValueSpecification","valueRequired":true,"valueName":"search_term_string"}}],"inLanguage":"en-US"},{"@type":"Organization","@id":"https:\/\/www.alcoawheels.com\/europe\/pt\/#organization","name":"Europe Portuguese","url":"https:\/\/www.alcoawheels.com\/europe\/pt\/","logo":{"@type":"ImageObject","inLanguage":"en-US","@id":"https:\/\/www.alcoawheels.com\/europe\/pt\/#\/schema\/logo\/image\/","url":"https:\/\/www.alcoawheels.com\/europe\/pt\/wp-content\/uploads\/sites\/21\/2023\/05\/logo-black.gif","contentUrl":"https:\/\/www.alcoawheels.com\/europe\/pt\/wp-content\/uploads\/sites\/21\/2023\/05\/logo-black.gif","width":71,"height":64,"caption":"Europe Portuguese"},"image":{"@id":"https:\/\/www.alcoawheels.com\/europe\/pt\/#\/schema\/logo\/image\/"}}]}},"parsely":{"version":"1.1.0","canonical_url":"https:\/\/alcoawheels.com\/europe\/pt\/manutencao\/","smart_links":{"inbound":0,"outbound":0},"traffic_boost_suggestions_count":0,"meta":{"@context":"https:\/\/schema.org","@type":"WebPage","headline":"Manuten\u00e7\u00e3o","url":"http:\/\/www.alcoawheels.com\/europe\/pt\/manutencao\/","mainEntityOfPage":{"@type":"WebPage","@id":"http:\/\/www.alcoawheels.com\/europe\/pt\/manutencao\/"},"thumbnailUrl":"https:\/\/www.alcoawheels.com\/europe\/pt\/wp-content\/uploads\/sites\/21\/2023\/06\/maintenance-Hubgrease-thumbnail.jpg?w=150&h=150&crop=1","image":{"@type":"ImageObject","url":"https:\/\/www.alcoawheels.com\/europe\/pt\/wp-content\/uploads\/sites\/21\/2023\/06\/maintenance-Hubgrease-thumbnail.jpg"},"articleSection":"Uncategorized","author":[{"@type":"Person","name":"howmet"}],"creator":["howmet"],"publisher":{"@type":"Organization","name":"Europe Portuguese","logo":""},"keywords":[],"dateCreated":"2023-05-26T13:32:36Z","datePublished":"2023-05-26T13:32:36Z","dateModified":"2025-07-11T19:18:48Z"},"rendered":"<script type=\"application\/ld+json\" class=\"wp-parsely-metadata\">{\"@context\":\"https:\\\/\\\/schema.org\",\"@type\":\"WebPage\",\"headline\":\"Manuten\\u00e7\\u00e3o\",\"url\":\"http:\\\/\\\/www.alcoawheels.com\\\/europe\\\/pt\\\/manutencao\\\/\",\"mainEntityOfPage\":{\"@type\":\"WebPage\",\"@id\":\"http:\\\/\\\/www.alcoawheels.com\\\/europe\\\/pt\\\/manutencao\\\/\"},\"thumbnailUrl\":\"https:\\\/\\\/www.alcoawheels.com\\\/europe\\\/pt\\\/wp-content\\\/uploads\\\/sites\\\/21\\\/2023\\\/06\\\/maintenance-Hubgrease-thumbnail.jpg?w=150&h=150&crop=1\",\"image\":{\"@type\":\"ImageObject\",\"url\":\"https:\\\/\\\/www.alcoawheels.com\\\/europe\\\/pt\\\/wp-content\\\/uploads\\\/sites\\\/21\\\/2023\\\/06\\\/maintenance-Hubgrease-thumbnail.jpg\"},\"articleSection\":\"Uncategorized\",\"author\":[{\"@type\":\"Person\",\"name\":\"howmet\"}],\"creator\":[\"howmet\"],\"publisher\":{\"@type\":\"Organization\",\"name\":\"Europe Portuguese\",\"logo\":\"\"},\"keywords\":[],\"dateCreated\":\"2023-05-26T13:32:36Z\",\"datePublished\":\"2023-05-26T13:32:36Z\",\"dateModified\":\"2025-07-11T19:18:48Z\"}<\/script>","tracker_url":"https:\/\/cdn.parsely.com\/keys\/alcoawheels.com\/p.js"},"jetpack_sharing_enabled":true,"_links":{"self":[{"href":"https:\/\/www.alcoawheels.com\/europe\/pt\/wp-json\/wp\/v2\/pages\/27","targetHints":{"allow":["GET"]}}],"collection":[{"href":"https:\/\/www.alcoawheels.com\/europe\/pt\/wp-json\/wp\/v2\/pages"}],"about":[{"href":"https:\/\/www.alcoawheels.com\/europe\/pt\/wp-json\/wp\/v2\/types\/page"}],"author":[{"embeddable":true,"href":"https:\/\/www.alcoawheels.com\/europe\/pt\/wp-json\/wp\/v2\/users\/44"}],"replies":[{"embeddable":true,"href":"https:\/\/www.alcoawheels.com\/europe\/pt\/wp-json\/wp\/v2\/comments?post=27"}],"version-history":[{"count":14,"href":"https:\/\/www.alcoawheels.com\/europe\/pt\/wp-json\/wp\/v2\/pages\/27\/revisions"}],"predecessor-version":[{"id":2252,"href":"https:\/\/www.alcoawheels.com\/europe\/pt\/wp-json\/wp\/v2\/pages\/27\/revisions\/2252"}],"wp:featuredmedia":[{"embeddable":true,"href":"https:\/\/www.alcoawheels.com\/europe\/pt\/wp-json\/wp\/v2\/media\/481"}],"wp:attachment":[{"href":"https:\/\/www.alcoawheels.com\/europe\/pt\/wp-json\/wp\/v2\/media?parent=27"}],"curies":[{"name":"wp","href":"https:\/\/api.w.org\/{rel}","templated":true}]}}