{"id":37,"date":"2023-05-26T13:34:27","date_gmt":"2023-05-26T13:34:27","guid":{"rendered":"https:\/\/www.alcoawheels.com\/europe\/pt\/?page_id=37"},"modified":"2026-01-12T12:42:52","modified_gmt":"2026-01-12T12:42:52","slug":"introducao-fsc","status":"publish","type":"page","link":"https:\/\/www.alcoawheels.com\/europe\/pt\/introducao-fsc\/","title":{"rendered":"Centro de Assist\u00eancia de Frotas"},"content":{"rendered":"\n<div class=\"wp-block-alcoa-wheels-hero-banner-innerpage hero-banner with-image layout-2 overlayEnable align- vertical-align- align-center vertical-align-center\" style=\"background-color:#eee\"><img decoding=\"async\" src=\"https:\/\/www.alcoawheels.com\/europe\/pt\/wp-content\/uploads\/sites\/21\/2023\/06\/fsc-intro-banner.jpg\" alt=\"Fleet Service Center for Alcoa Wheels\" class=\"responsiveImage\"\/><div class=\"hero-banner__header\" style=\"text-align:center\"><div class=\"container\"><h1 class=\"hero-banner__header--title\">Centro de Assist\u00eancia de Frotas<\/h1><\/div><\/div><\/div>\n\n\n\n<div style=\"height:25px\" aria-hidden=\"true\" class=\"wp-block-spacer spacer-fifty\"><\/div>\n\n\n\n<div class=\"wp-block-buttons is-layout-flex wp-block-buttons-is-layout-flex\">\n<div class=\"wp-block-button is-style-fill\"><a class=\"wp-block-button__link has-white-color has-text-color has-background has-link-color wp-element-button\" href=\"https:\/\/www.alcoawheels.com\/europe\/pt\/monitorizacao-do-estado-do-formulario-de-registo-da-roda\/\" style=\"border-radius:0px;background-color:#00afba\">Monitoriza\u00e7\u00e3o do estado do formul\u00e1rio de registo da roda<\/a><\/div>\n<\/div>\n\n\n\n<div style=\"height:35px\" aria-hidden=\"true\" class=\"wp-block-spacer\"><\/div>\n\n\n\n\n\n<p>Pode contactar o Centro de Assist\u00eancia de Frotas&nbsp;Howmet para:<\/p>\n\n\n\n<div class=\"wp-block-alcoa-wheels-lists alcoa-wheels-lists-block\"><div class=\"list-wrapper\"><ol style=\"list-style-type:none\">\n<div class=\"wp-block-alcoa-wheels-list-items inner-list-item-wrapper  with-icon list-item-wrapper\"><img decoding=\"async\" src=\"https:\/\/www.alcoawheels.com\/europe\/pt\/wp-content\/uploads\/sites\/21\/2023\/05\/wheel-bullet.jpg\" class=\"image-icon\" alt=\"https:\/\/www.alcoawheels.com\/europe\/pt\/wp-content\/uploads\/sites\/21\/2023\/05\/wheel-bullet.jpg\"\/><li class=\"inner-list-item  with-icon\"><span>Suporte t\u00e9cnico e p\u00f3s-venda<\/span><\/li><\/div>\n\n\n\n<div class=\"wp-block-alcoa-wheels-list-items inner-list-item-wrapper  with-icon list-item-wrapper\"><img decoding=\"async\" src=\"https:\/\/www.alcoawheels.com\/europe\/pt\/wp-content\/uploads\/sites\/21\/2023\/05\/wheel-bullet.jpg\" class=\"image-icon\" alt=\"https:\/\/www.alcoawheels.com\/europe\/pt\/wp-content\/uploads\/sites\/21\/2023\/05\/wheel-bullet.jpg\"\/><li class=\"inner-list-item  with-icon\"><span>Manuten\u00e7\u00e3o e limpeza de Jantes Alcoa<\/span><\/li><\/div>\n\n\n\n<div class=\"wp-block-alcoa-wheels-list-items inner-list-item-wrapper  with-icon list-item-wrapper\"><img decoding=\"async\" src=\"https:\/\/www.alcoawheels.com\/europe\/pt\/wp-content\/uploads\/sites\/21\/2023\/05\/wheel-bullet.jpg\" class=\"image-icon\" alt=\"https:\/\/www.alcoawheels.com\/europe\/pt\/wp-content\/uploads\/sites\/21\/2023\/05\/wheel-bullet.jpg\"\/><li class=\"inner-list-item  with-icon\"><span>Informa\u00e7\u00f5es sobre produtos e acess\u00f3rios ALCOA<sup>\u00ae<\/sup>\u00a0WHEELS relacionados<\/span><\/li><\/div>\n<\/ol><\/div><\/div>\n\n\n\n<p>As jantes que necessitem ser examinadas ou tenham sido retiradas do servi\u00e7o podem ser relatadas no&nbsp;<a href=\"\/europe\/pt\/centro-de-assistencia-de-frotas\">Formul\u00e1rio de Registo de Jantes<\/a>&nbsp;e enviadas ao Centro de Assist\u00eancia de Frotas.<\/p>\n\n\n\n<div class=\"wp-block-alcoa-wheels-message alert-warning-group\"><p>Visite as <a href=\"..\/faq\">Perguntas frequentes<\/a> para obter informa&ccedil;&otilde;es detalhadas sobre nosso processo de garantia.<\/p><\/div>\n\n\n\n<p>O Centro cobre reclama\u00e7\u00f5es provenientes dos seguintes pa\u00edses: \u00c1ustria, B\u00e9lgica, Cro\u00e1cia, Rep\u00fablica Checa, Dinamarca, Finl\u00e2ndia, Fran\u00e7a, Alemanha, Gr\u00e9cia, Hungria, Irlanda, It\u00e1lia, Luxemburgo, Pa\u00edses Baixos, Noruega, Pol\u00f3nia, Portugal, Rom\u00e9nia, Eslov\u00e1quia, Eslov\u00e9nia, Espanha, Su\u00e9cia, Su\u00ed\u00e7a, Turquia e Reino Unido.<\/p>\n\n\n\n<p>Pode fazer o download de informa\u00e7\u00f5es t\u00e9cnicas&nbsp;<a href=\"\/europe\/pt\/documentacao-sobre-produtos\">aqui<\/a>.<br>Clique&nbsp;<a href=\"\/europe\/pt\/wp-content\/uploads\/sites\/21\/2023\/06\/Alcoa-Wheels-Limited-warranty-PT.pdf\">aqui<\/a><a href=\"https:\/\/www.alcoawheels.com\/alcoawheels\/europe\/pt\/pdf\/Alcoa-Wheels-Limited-warranty-PT.pdf\">&nbsp;<\/a>para consultar a Garantia limitada para jantes ALCOA<sup>\u00ae<\/sup>&nbsp;WHEELS.<\/p>\n\n\n\n<p>Contacte o Centro de Assist\u00eancia de Frotas Howmet Aerospace:&nbsp;<img loading=\"lazy\" decoding=\"async\" width=\"16\" height=\"15\" class=\"wp-image-240\" style=\"width: 16px;\" src=\"https:\/\/www.alcoawheels.com\/europe\/pt\/wp-content\/uploads\/sites\/21\/2023\/05\/phone-icon.4e773c4f.png\" alt=\"\"> <a href=\"tel:0036-2253-1841\">0036 2253 1841<\/a><\/p>\n\n\n\n<p>Se o seu pa\u00eds n\u00e3o constar na lista, por favor dirija-se ao Centro de Assist\u00eancia de Frotas: <img loading=\"lazy\" decoding=\"async\" width=\"16\" height=\"13\" class=\"wp-image-241\" style=\"width: 16px;\" src=\"https:\/\/www.alcoawheels.com\/europe\/pt\/wp-content\/uploads\/sites\/21\/2023\/05\/email-icon.1a0ba940.png\" alt=\"\"> <a href=\"mailto:fleet@howmet.com\">fleet@howmet.com<\/a><\/p>\n\n\n\n<div class=\"wp-block-alcoa-wheels-card-usecase-1 card-box-v1__body with-icon align-center vertical-align-center\" id=\"card_box_v1-e4914ef8-3de0-45e5-9e44-0a6d06772132\"><div class=\"fullwidthcontainer\"><div class=\"card-box-v1__boxes has-4-columns\"><div class=\"card-box-v1__box  with-link \" style=\"background-color:#00afb9\"><img decoding=\"async\" src=\"https:\/\/www.alcoawheels.com\/europe\/pt\/wp-content\/themes\/alcoa-wheels\/assets\/build\/js\/blocks\/card-usecase-1\/..\/..\/..\/images\/placeholder-image.db2b4d5c.jpeg\" alt=\"Contacto\"\/><div class=\"card-box-v1__box__inner pos-abs\"><div class=\"card-box-v1__box_icon\"><img loading=\"lazy\" decoding=\"async\" width=\"171\" height=\"171\" src=\"https:\/\/www.alcoawheels.com\/europe\/pt\/wp-content\/uploads\/sites\/21\/2023\/06\/contact.png\" alt=\"\"\/><\/div><div class=\"card-box-v1__box_content\"><h4 style=\"color:#ffffff\">Contacto<\/h4><\/div><div class=\"btn-wrap\"><\/div><\/div><a href=\"\/europe\/pt\/contacto\" aria-label=\"Contacto\"><\/a><\/div><div class=\"card-box-v1__box  with-link \" style=\"background-color:#34bfc7\"><img decoding=\"async\" src=\"https:\/\/www.alcoawheels.com\/europe\/pt\/wp-content\/themes\/alcoa-wheels\/assets\/build\/js\/blocks\/card-usecase-1\/..\/..\/..\/images\/placeholder-image.db2b4d5c.jpeg\" alt=\"Gama de Jantes\"\/><div class=\"card-box-v1__box__inner pos-abs\"><div class=\"card-box-v1__box_icon\"><img loading=\"lazy\" decoding=\"async\" width=\"169\" height=\"169\" src=\"https:\/\/www.alcoawheels.com\/europe\/pt\/wp-content\/uploads\/sites\/21\/2023\/06\/product-search.png\" alt=\"\"\/><\/div><div class=\"card-box-v1__box_content\"><h4 style=\"color:#ffffff\">Gama de Jantes<\/h4><\/div><div class=\"btn-wrap\"><\/div><\/div><a href=\"\/europe\/pt\/escala-da-jante\" aria-label=\"Gama de Jantes\"><\/a><\/div><div class=\"card-box-v1__box  with-link \" style=\"background-color:#00afb9\"><img decoding=\"async\" src=\"https:\/\/www.alcoawheels.com\/europe\/pt\/wp-content\/themes\/alcoa-wheels\/assets\/build\/js\/blocks\/card-usecase-1\/..\/..\/..\/images\/placeholder-image.db2b4d5c.jpeg\" alt=\"Onde Comprar\"\/><div class=\"card-box-v1__box__inner pos-abs\"><div class=\"card-box-v1__box_icon\"><img loading=\"lazy\" decoding=\"async\" width=\"169\" height=\"169\" src=\"https:\/\/www.alcoawheels.com\/europe\/pt\/wp-content\/uploads\/sites\/21\/2023\/06\/where-to-buy.png\" alt=\"\"\/><\/div><div class=\"card-box-v1__box_content\"><h4 style=\"color:#ffffff\">Onde Comprar<\/h4><\/div><div class=\"btn-wrap\"><\/div><\/div><a href=\"\/europe\/pt\/onde-comprar\" aria-label=\"Onde Comprar\"><\/a><\/div><div class=\"card-box-v1__box  with-link \" style=\"background-color:#34bfc7\"><img decoding=\"async\" src=\"https:\/\/www.alcoawheels.com\/europe\/pt\/wp-content\/themes\/alcoa-wheels\/assets\/build\/js\/blocks\/card-usecase-1\/..\/..\/..\/images\/placeholder-image.db2b4d5c.jpeg\" alt=\"Documenta\u00e7\u00e3o Sobre Produtos\"\/><div class=\"card-box-v1__box__inner pos-abs\"><div class=\"card-box-v1__box_icon\"><img loading=\"lazy\" decoding=\"async\" width=\"169\" height=\"169\" src=\"https:\/\/www.alcoawheels.com\/europe\/pt\/wp-content\/uploads\/sites\/21\/2023\/06\/product-literature.png\" alt=\"\"\/><\/div><div class=\"card-box-v1__box_content\"><h4 style=\"color:#ffffff\">Documenta\u00e7\u00e3o Sobre Produtos<\/h4><\/div><div class=\"btn-wrap\"><\/div><\/div><a href=\"\/europe\/pt\/documentacao-sobre-produtos\" aria-label=\"Documenta\u00e7\u00e3o Sobre Produtos\"><\/a><\/div><\/div><\/div><\/div>\n","protected":false},"excerpt":{"rendered":"<p>Pode contactar o Centro de Assist\u00eancia de Frotas&nbsp;Howmet para: As jantes que necessitem ser examinadas ou tenham sido retiradas do servi\u00e7o podem ser relatadas no&nbsp;Formul\u00e1rio de Registo de Jantes&nbsp;e enviadas ao Centro de Assist\u00eancia de Frotas. O Centro cobre reclama\u00e7\u00f5es provenientes dos seguintes pa\u00edses: \u00c1ustria, B\u00e9lgica, Cro\u00e1cia, Rep\u00fablica Checa, Dinamarca, Finl\u00e2ndia, Fran\u00e7a, Alemanha, Gr\u00e9cia, Hungria, [&hellip;]<\/p>\n","protected":false},"author":44,"featured_media":0,"parent":0,"menu_order":0,"comment_status":"closed","ping_status":"closed","template":"","meta":{"_acf_changed":false,"protected_reviewer_email":"","editor_notices":[],"footnotes":""},"class_list":["post-37","page","type-page","status-publish","hentry"],"acf":[],"yoast_head":"<!-- This site is optimized with the Yoast SEO Premium plugin v27.3 (Yoast SEO v27.3) - https:\/\/yoast.com\/product\/yoast-seo-premium-wordpress\/ -->\n<title>Alcoa Wheels | Especifica\u00e7\u00f5es T\u00e9cnicas | Centro de Assist\u00eancia de Frotas | Introdu\u00e7\u00e3o<\/title>\n<meta name=\"robots\" content=\"index, follow, max-snippet:-1, max-image-preview:large, max-video-preview:-1\" \/>\n<link rel=\"canonical\" href=\"https:\/\/www.alcoawheels.com\/europe\/pt\/introducao-fsc\/\" \/>\n<meta property=\"og:locale\" content=\"en_US\" \/>\n<meta property=\"og:type\" content=\"article\" \/>\n<meta property=\"og:title\" content=\"Centro de Assist\u00eancia de Frotas\" \/>\n<meta property=\"og:description\" content=\"Pode contactar o Centro de Assist\u00eancia de Frotas&nbsp;Howmet para: As jantes que necessitem ser examinadas ou tenham sido retiradas do servi\u00e7o podem ser relatadas no&nbsp;Formul\u00e1rio de Registo de Jantes&nbsp;e enviadas ao Centro de Assist\u00eancia de Frotas. O Centro cobre reclama\u00e7\u00f5es provenientes dos seguintes pa\u00edses: \u00c1ustria, B\u00e9lgica, Cro\u00e1cia, Rep\u00fablica Checa, Dinamarca, Finl\u00e2ndia, Fran\u00e7a, Alemanha, Gr\u00e9cia, Hungria, [&hellip;]\" \/>\n<meta property=\"og:url\" content=\"https:\/\/www.alcoawheels.com\/europe\/pt\/introducao-fsc\/\" \/>\n<meta property=\"og:site_name\" content=\"Europe Portuguese\" \/>\n<meta property=\"article:modified_time\" content=\"2026-01-12T12:42:52+00:00\" \/>\n<meta property=\"og:image\" content=\"https:\/\/www.alcoawheels.com\/europe\/pt\/wp-content\/uploads\/sites\/21\/2023\/06\/fsc-intro-banner.jpg\" \/>\n<meta name=\"twitter:card\" content=\"summary_large_image\" \/>\n<meta name=\"twitter:label1\" content=\"Est. reading time\" \/>\n\t<meta name=\"twitter:data1\" content=\"5 minutes\" \/>\n<script type=\"application\/ld+json\" class=\"yoast-schema-graph\">{\"@context\":\"https:\\\/\\\/schema.org\",\"@graph\":[{\"@type\":\"WebPage\",\"@id\":\"https:\\\/\\\/www.alcoawheels.com\\\/europe\\\/pt\\\/introducao-fsc\\\/\",\"url\":\"https:\\\/\\\/www.alcoawheels.com\\\/europe\\\/pt\\\/introducao-fsc\\\/\",\"name\":\"Alcoa Wheels | Especifica\u00e7\u00f5es T\u00e9cnicas | Centro de Assist\u00eancia de Frotas | Introdu\u00e7\u00e3o\",\"isPartOf\":{\"@id\":\"https:\\\/\\\/www.alcoawheels.com\\\/europe\\\/pt\\\/#website\"},\"primaryImageOfPage\":{\"@id\":\"https:\\\/\\\/www.alcoawheels.com\\\/europe\\\/pt\\\/introducao-fsc\\\/#primaryimage\"},\"image\":{\"@id\":\"https:\\\/\\\/www.alcoawheels.com\\\/europe\\\/pt\\\/introducao-fsc\\\/#primaryimage\"},\"thumbnailUrl\":\"https:\\\/\\\/www.alcoawheels.com\\\/europe\\\/pt\\\/wp-content\\\/uploads\\\/sites\\\/21\\\/2023\\\/06\\\/fsc-intro-banner.jpg\",\"datePublished\":\"2023-05-26T13:34:27+00:00\",\"dateModified\":\"2026-01-12T12:42:52+00:00\",\"breadcrumb\":{\"@id\":\"https:\\\/\\\/www.alcoawheels.com\\\/europe\\\/pt\\\/introducao-fsc\\\/#breadcrumb\"},\"inLanguage\":\"en-US\",\"potentialAction\":[{\"@type\":\"ReadAction\",\"target\":[\"https:\\\/\\\/www.alcoawheels.com\\\/europe\\\/pt\\\/introducao-fsc\\\/\"]}]},{\"@type\":\"ImageObject\",\"inLanguage\":\"en-US\",\"@id\":\"https:\\\/\\\/www.alcoawheels.com\\\/europe\\\/pt\\\/introducao-fsc\\\/#primaryimage\",\"url\":\"https:\\\/\\\/www.alcoawheels.com\\\/europe\\\/pt\\\/wp-content\\\/uploads\\\/sites\\\/21\\\/2023\\\/06\\\/fsc-intro-banner.jpg\",\"contentUrl\":\"https:\\\/\\\/www.alcoawheels.com\\\/europe\\\/pt\\\/wp-content\\\/uploads\\\/sites\\\/21\\\/2023\\\/06\\\/fsc-intro-banner.jpg\",\"width\":1119,\"height\":280,\"caption\":\"Fleet Service Center for Alcoa Wheels\"},{\"@type\":\"BreadcrumbList\",\"@id\":\"https:\\\/\\\/www.alcoawheels.com\\\/europe\\\/pt\\\/introducao-fsc\\\/#breadcrumb\",\"itemListElement\":[{\"@type\":\"ListItem\",\"position\":1,\"name\":\"Home\",\"item\":\"https:\\\/\\\/www.alcoawheels.com\\\/europe\\\/pt\\\/\"},{\"@type\":\"ListItem\",\"position\":2,\"name\":\"Centro de Assist\u00eancia de Frotas\"}]},{\"@type\":\"WebSite\",\"@id\":\"https:\\\/\\\/www.alcoawheels.com\\\/europe\\\/pt\\\/#website\",\"url\":\"https:\\\/\\\/www.alcoawheels.com\\\/europe\\\/pt\\\/\",\"name\":\"Europe Portuguese\",\"description\":\"\",\"publisher\":{\"@id\":\"https:\\\/\\\/www.alcoawheels.com\\\/europe\\\/pt\\\/#organization\"},\"potentialAction\":[{\"@type\":\"SearchAction\",\"target\":{\"@type\":\"EntryPoint\",\"urlTemplate\":\"https:\\\/\\\/www.alcoawheels.com\\\/europe\\\/pt\\\/?s={search_term_string}\"},\"query-input\":{\"@type\":\"PropertyValueSpecification\",\"valueRequired\":true,\"valueName\":\"search_term_string\"}}],\"inLanguage\":\"en-US\"},{\"@type\":\"Organization\",\"@id\":\"https:\\\/\\\/www.alcoawheels.com\\\/europe\\\/pt\\\/#organization\",\"name\":\"Europe Portuguese\",\"url\":\"https:\\\/\\\/www.alcoawheels.com\\\/europe\\\/pt\\\/\",\"logo\":{\"@type\":\"ImageObject\",\"inLanguage\":\"en-US\",\"@id\":\"https:\\\/\\\/www.alcoawheels.com\\\/europe\\\/pt\\\/#\\\/schema\\\/logo\\\/image\\\/\",\"url\":\"https:\\\/\\\/www.alcoawheels.com\\\/europe\\\/pt\\\/wp-content\\\/uploads\\\/sites\\\/21\\\/2023\\\/05\\\/logo-black.gif\",\"contentUrl\":\"https:\\\/\\\/www.alcoawheels.com\\\/europe\\\/pt\\\/wp-content\\\/uploads\\\/sites\\\/21\\\/2023\\\/05\\\/logo-black.gif\",\"width\":71,\"height\":64,\"caption\":\"Europe Portuguese\"},\"image\":{\"@id\":\"https:\\\/\\\/www.alcoawheels.com\\\/europe\\\/pt\\\/#\\\/schema\\\/logo\\\/image\\\/\"}}]}<\/script>\n<!-- \/ Yoast SEO Premium plugin. -->","yoast_head_json":{"title":"Alcoa Wheels | Especifica\u00e7\u00f5es T\u00e9cnicas | Centro de Assist\u00eancia de Frotas | Introdu\u00e7\u00e3o","robots":{"index":"index","follow":"follow","max-snippet":"max-snippet:-1","max-image-preview":"max-image-preview:large","max-video-preview":"max-video-preview:-1"},"canonical":"https:\/\/www.alcoawheels.com\/europe\/pt\/introducao-fsc\/","og_locale":"en_US","og_type":"article","og_title":"Centro de Assist\u00eancia de Frotas","og_description":"Pode contactar o Centro de Assist\u00eancia de Frotas&nbsp;Howmet para: As jantes que necessitem ser examinadas ou tenham sido retiradas do servi\u00e7o podem ser relatadas no&nbsp;Formul\u00e1rio de Registo de Jantes&nbsp;e enviadas ao Centro de Assist\u00eancia de Frotas. O Centro cobre reclama\u00e7\u00f5es provenientes dos seguintes pa\u00edses: \u00c1ustria, B\u00e9lgica, Cro\u00e1cia, Rep\u00fablica Checa, Dinamarca, Finl\u00e2ndia, Fran\u00e7a, Alemanha, Gr\u00e9cia, Hungria, [&hellip;]","og_url":"https:\/\/www.alcoawheels.com\/europe\/pt\/introducao-fsc\/","og_site_name":"Europe Portuguese","article_modified_time":"2026-01-12T12:42:52+00:00","og_image":[{"url":"https:\/\/www.alcoawheels.com\/europe\/pt\/wp-content\/uploads\/sites\/21\/2023\/06\/fsc-intro-banner.jpg","type":"","width":"","height":""}],"twitter_card":"summary_large_image","twitter_misc":{"Est. reading time":"5 minutes"},"schema":{"@context":"https:\/\/schema.org","@graph":[{"@type":"WebPage","@id":"https:\/\/www.alcoawheels.com\/europe\/pt\/introducao-fsc\/","url":"https:\/\/www.alcoawheels.com\/europe\/pt\/introducao-fsc\/","name":"Alcoa Wheels | Especifica\u00e7\u00f5es T\u00e9cnicas | Centro de Assist\u00eancia de Frotas | Introdu\u00e7\u00e3o","isPartOf":{"@id":"https:\/\/www.alcoawheels.com\/europe\/pt\/#website"},"primaryImageOfPage":{"@id":"https:\/\/www.alcoawheels.com\/europe\/pt\/introducao-fsc\/#primaryimage"},"image":{"@id":"https:\/\/www.alcoawheels.com\/europe\/pt\/introducao-fsc\/#primaryimage"},"thumbnailUrl":"https:\/\/www.alcoawheels.com\/europe\/pt\/wp-content\/uploads\/sites\/21\/2023\/06\/fsc-intro-banner.jpg","datePublished":"2023-05-26T13:34:27+00:00","dateModified":"2026-01-12T12:42:52+00:00","breadcrumb":{"@id":"https:\/\/www.alcoawheels.com\/europe\/pt\/introducao-fsc\/#breadcrumb"},"inLanguage":"en-US","potentialAction":[{"@type":"ReadAction","target":["https:\/\/www.alcoawheels.com\/europe\/pt\/introducao-fsc\/"]}]},{"@type":"ImageObject","inLanguage":"en-US","@id":"https:\/\/www.alcoawheels.com\/europe\/pt\/introducao-fsc\/#primaryimage","url":"https:\/\/www.alcoawheels.com\/europe\/pt\/wp-content\/uploads\/sites\/21\/2023\/06\/fsc-intro-banner.jpg","contentUrl":"https:\/\/www.alcoawheels.com\/europe\/pt\/wp-content\/uploads\/sites\/21\/2023\/06\/fsc-intro-banner.jpg","width":1119,"height":280,"caption":"Fleet Service Center for Alcoa Wheels"},{"@type":"BreadcrumbList","@id":"https:\/\/www.alcoawheels.com\/europe\/pt\/introducao-fsc\/#breadcrumb","itemListElement":[{"@type":"ListItem","position":1,"name":"Home","item":"https:\/\/www.alcoawheels.com\/europe\/pt\/"},{"@type":"ListItem","position":2,"name":"Centro de Assist\u00eancia de Frotas"}]},{"@type":"WebSite","@id":"https:\/\/www.alcoawheels.com\/europe\/pt\/#website","url":"https:\/\/www.alcoawheels.com\/europe\/pt\/","name":"Europe Portuguese","description":"","publisher":{"@id":"https:\/\/www.alcoawheels.com\/europe\/pt\/#organization"},"potentialAction":[{"@type":"SearchAction","target":{"@type":"EntryPoint","urlTemplate":"https:\/\/www.alcoawheels.com\/europe\/pt\/?s={search_term_string}"},"query-input":{"@type":"PropertyValueSpecification","valueRequired":true,"valueName":"search_term_string"}}],"inLanguage":"en-US"},{"@type":"Organization","@id":"https:\/\/www.alcoawheels.com\/europe\/pt\/#organization","name":"Europe Portuguese","url":"https:\/\/www.alcoawheels.com\/europe\/pt\/","logo":{"@type":"ImageObject","inLanguage":"en-US","@id":"https:\/\/www.alcoawheels.com\/europe\/pt\/#\/schema\/logo\/image\/","url":"https:\/\/www.alcoawheels.com\/europe\/pt\/wp-content\/uploads\/sites\/21\/2023\/05\/logo-black.gif","contentUrl":"https:\/\/www.alcoawheels.com\/europe\/pt\/wp-content\/uploads\/sites\/21\/2023\/05\/logo-black.gif","width":71,"height":64,"caption":"Europe Portuguese"},"image":{"@id":"https:\/\/www.alcoawheels.com\/europe\/pt\/#\/schema\/logo\/image\/"}}]}},"parsely":{"version":"1.1.0","canonical_url":"https:\/\/alcoawheels.com\/europe\/pt\/introducao-fsc\/","smart_links":{"inbound":0,"outbound":0},"traffic_boost_suggestions_count":0,"meta":{"@context":"https:\/\/schema.org","@type":"WebPage","headline":"Centro de Assist\u00eancia de Frotas","url":"http:\/\/www.alcoawheels.com\/europe\/pt\/introducao-fsc\/","mainEntityOfPage":{"@type":"WebPage","@id":"http:\/\/www.alcoawheels.com\/europe\/pt\/introducao-fsc\/"},"thumbnailUrl":"","image":{"@type":"ImageObject","url":""},"articleSection":"Uncategorized","author":[{"@type":"Person","name":"howmet"}],"creator":["howmet"],"publisher":{"@type":"Organization","name":"Europe Portuguese","logo":""},"keywords":[],"dateCreated":"2023-05-26T13:34:27Z","datePublished":"2023-05-26T13:34:27Z","dateModified":"2026-01-12T12:42:52Z"},"rendered":"<script type=\"application\/ld+json\" class=\"wp-parsely-metadata\">{\"@context\":\"https:\\\/\\\/schema.org\",\"@type\":\"WebPage\",\"headline\":\"Centro de Assist\\u00eancia de Frotas\",\"url\":\"http:\\\/\\\/www.alcoawheels.com\\\/europe\\\/pt\\\/introducao-fsc\\\/\",\"mainEntityOfPage\":{\"@type\":\"WebPage\",\"@id\":\"http:\\\/\\\/www.alcoawheels.com\\\/europe\\\/pt\\\/introducao-fsc\\\/\"},\"thumbnailUrl\":\"\",\"image\":{\"@type\":\"ImageObject\",\"url\":\"\"},\"articleSection\":\"Uncategorized\",\"author\":[{\"@type\":\"Person\",\"name\":\"howmet\"}],\"creator\":[\"howmet\"],\"publisher\":{\"@type\":\"Organization\",\"name\":\"Europe Portuguese\",\"logo\":\"\"},\"keywords\":[],\"dateCreated\":\"2023-05-26T13:34:27Z\",\"datePublished\":\"2023-05-26T13:34:27Z\",\"dateModified\":\"2026-01-12T12:42:52Z\"}<\/script>","tracker_url":"https:\/\/cdn.parsely.com\/keys\/alcoawheels.com\/p.js"},"jetpack_sharing_enabled":true,"_links":{"self":[{"href":"https:\/\/www.alcoawheels.com\/europe\/pt\/wp-json\/wp\/v2\/pages\/37","targetHints":{"allow":["GET"]}}],"collection":[{"href":"https:\/\/www.alcoawheels.com\/europe\/pt\/wp-json\/wp\/v2\/pages"}],"about":[{"href":"https:\/\/www.alcoawheels.com\/europe\/pt\/wp-json\/wp\/v2\/types\/page"}],"author":[{"embeddable":true,"href":"https:\/\/www.alcoawheels.com\/europe\/pt\/wp-json\/wp\/v2\/users\/44"}],"replies":[{"embeddable":true,"href":"https:\/\/www.alcoawheels.com\/europe\/pt\/wp-json\/wp\/v2\/comments?post=37"}],"version-history":[{"count":21,"href":"https:\/\/www.alcoawheels.com\/europe\/pt\/wp-json\/wp\/v2\/pages\/37\/revisions"}],"predecessor-version":[{"id":2361,"href":"https:\/\/www.alcoawheels.com\/europe\/pt\/wp-json\/wp\/v2\/pages\/37\/revisions\/2361"}],"wp:attachment":[{"href":"https:\/\/www.alcoawheels.com\/europe\/pt\/wp-json\/wp\/v2\/media?parent=37"}],"curies":[{"name":"wp","href":"https:\/\/api.w.org\/{rel}","templated":true}]}}