{"id":55,"date":"2023-05-26T13:38:35","date_gmt":"2023-05-26T13:38:35","guid":{"rendered":"https:\/\/www.alcoawheels.com\/europe\/pt\/?page_id=55"},"modified":"2023-08-24T10:01:41","modified_gmt":"2023-08-24T09:01:41","slug":"subscrever","status":"publish","type":"page","link":"https:\/\/www.alcoawheels.com\/europe\/pt\/subscrever\/","title":{"rendered":"Subscrever"},"content":{"rendered":"\n<div style=\"height:50px\" aria-hidden=\"true\" class=\"wp-block-spacer spacer-fifty\"><\/div>\n\n\n\t\t\t<div class= \"wp-block-contact-form individual alcoawheels-contact-form\">\n\t\t\t\t<h1><strong>Subscrever<\/strong><\/h1>\n\t\t\t\t<div class=\"recaptcha-onetrust-placeholder alert alert-danger\" role=\"alert\">\n\t\t\t\t\t<p class=\"text-danger\"><strong>This website requires Google reCAPTCHA verification to submit inquiry forms. Please <a class=\"optanon-toggle-display\">accept<\/a> cookies in order to view the verification module. You may need to refresh your browser window afterwards.<\/strong><\/p>\r\n\r\n<p class=\"text-danger\"><strong><a href=\"https:\/\/support.google.com\/recaptcha\/?hl=pt\" target=\"_blank\" class=\"with_arrow btn-main btn-link-left-arrow\">reCAPTCHA User Resources<\/a><\/strong><\/p>\t\t\t\t<\/div>\n\t\t\t\t\t<p>Preencha o formul\u00e1rio para se inscrever e receber mais informa\u00e7\u00f5es sobre nossos produtos.<\/p>\n\t\t\t\t\t\t\t\t\t<form id=\"form1\" name=\"form1\" class=\"contact-form\" action=\"https:\/\/www.alcoawheels.com\/europe\/pt\/subscrever\/\" method=\"POST\" enctype=\"multipart\/form-data\">\n\t\t\t\t\t<input type=\"hidden\" id=\"form_sitekey\" value=\"6LdJA48nAAAAAOWAQLoNB5JjwSJ1bDI0SoyIZqhW\">\n\t\t\t\t\t<input type=\"hidden\" name=\"form_id\" value=\"1494\">\n\t\t\t\t\t\t\t\t\t\t<input type=\"hidden\" name=\"page_url\" value=\"https:\/\/www.alcoawheels.com\/europe\/pt\/subscrever\/\">\n\t\t\t\t\t<input type=\"hidden\" name=\"referer_url\" value=\"\">\n\t\t\t\t\t<input type=\"hidden\" name=\"contact_page_id\" value=\"55\">\n\t\t\t\t\t<input type=\"hidden\" name=\"site_id\" value=\"21\">\n\t\t\t\t\t<input type=\"hidden\" name=\"to_emails\" value=\"info.wheels@howmet.com\">\n\t\t\t\t\t<input type=\"hidden\" name=\"action\" value=\"contact_form_response\">\n\t\t\t\t\t<input type=\"hidden\" name=\"contact_form_nonce\" value=\"a886c59dac\">\n\t\t\t\t\t\t\t\t\t\t\t\t\t<div class=\"field-wrap required\">\n\t\t\t\t\t\t\t\t\t<div class=\"field-container\">\n\t\t\t\t\t\t\t\t\t\t<label class=\"field-label\" for=\"first_name\">*Nome Pr\u00f3prio<\/label>\n\t\t\t\t\t\t\t\t\t\t \n\t\t\t\t\t\t\t\t\t\t<input type=\"text\" name=\"first_name\" id=\"first_name\" value=\"\">\n\t\t\t\t\t\t\t\t\t\t\t\t\t\t\t\t\t\t\t<\/div>\n\t\t\t\t\t\t\t\t<\/div>\n\t\t\t\t\t\t\t\t\t\t\t\t\t\t\t<div class=\"field-wrap required\">\n\t\t\t\t\t\t\t\t\t<div class=\"field-container\">\n\t\t\t\t\t\t\t\t\t\t<label class=\"field-label\" for=\"last_name\">*Apelido<\/label>\n\t\t\t\t\t\t\t\t\t\t \n\t\t\t\t\t\t\t\t\t\t<input type=\"text\" name=\"last_name\" id=\"last_name\" value=\"\">\n\t\t\t\t\t\t\t\t\t\t\t\t\t\t\t\t\t\t\t<\/div>\n\t\t\t\t\t\t\t\t<\/div>\n\t\t\t\t\t\t\t\t\t\t\t\t\t\t\t<div class=\"field-wrap\">\n\t\t\t\t\t\t\t\t\t<div class=\"field-container\">\n\t\t\t\t\t\t\t\t\t\t<label class=\"field-label\" for=\"title\">Fun\u00e7\u00e3o<\/label>\n\t\t\t\t\t\t\t\t\t\t \n\t\t\t\t\t\t\t\t\t\t<input type=\"text\" name=\"title\" id=\"title\" value=\"\">\n\t\t\t\t\t\t\t\t\t\t\t\t\t\t\t\t\t\t\t<\/div>\n\t\t\t\t\t\t\t\t<\/div>\n\t\t\t\t\t\t\t\t\t\t\t\t\t\t\t<div class=\"field-wrap required\">\n\t\t\t\t\t\t\t\t\t<div class=\"field-container\">\n\t\t\t\t\t\t\t\t\t\t<label class=\"field-label\" for=\"company\">*Nome da Empresa<\/label>\n\t\t\t\t\t\t\t\t\t\t \n\t\t\t\t\t\t\t\t\t\t<input type=\"text\" name=\"company\" id=\"company\" value=\"\">\n\t\t\t\t\t\t\t\t\t\t\t\t\t\t\t\t\t\t\t<\/div>\n\t\t\t\t\t\t\t\t<\/div>\n\t\t\t\t\t\t\t\t\t\t\t\t\t\t\t<div class=\"field-wrap\">\n\t\t\t\t\t\t\t\t\t<div class=\"field-container\">\n\t\t\t\t\t\t\t\t\t\t<label class=\"field-label\" for=\"address1\">Morada Linha 1<\/label>\n\t\t\t\t\t\t\t\t\t\t \n\t\t\t\t\t\t\t\t\t\t<input type=\"text\" name=\"address1\" id=\"address1\" value=\"\">\n\t\t\t\t\t\t\t\t\t\t\t\t\t\t\t\t\t\t\t<\/div>\n\t\t\t\t\t\t\t\t<\/div>\n\t\t\t\t\t\t\t\t\t\t\t\t\t\t\t<div class=\"field-wrap\">\n\t\t\t\t\t\t\t\t\t<div class=\"field-container\">\n\t\t\t\t\t\t\t\t\t\t<label class=\"field-label\" for=\"address2\">Morada Linha 2<\/label>\n\t\t\t\t\t\t\t\t\t\t \n\t\t\t\t\t\t\t\t\t\t<input type=\"text\" name=\"address2\" id=\"address2\" value=\"\">\n\t\t\t\t\t\t\t\t\t\t\t\t\t\t\t\t\t\t\t<\/div>\n\t\t\t\t\t\t\t\t<\/div>\n\t\t\t\t\t\t\t\t\t\t\t\t\t\t\t<div class=\"field-wrap required\">\n\t\t\t\t\t\t\t\t\t<div class=\"field-container\">\n\t\t\t\t\t\t\t\t\t\t<label class=\"field-label\" for=\"city\">*Cidade<\/label>\n\t\t\t\t\t\t\t\t\t\t \n\t\t\t\t\t\t\t\t\t\t<input type=\"text\" name=\"city\" id=\"city\" value=\"\">\n\t\t\t\t\t\t\t\t\t\t\t\t\t\t\t\t\t\t\t<\/div>\n\t\t\t\t\t\t\t\t<\/div>\n\t\t\t\t\t\t\t\t\t\t\t\t\t\t\t<div class=\"field-wrap required\">\n\t\t\t\t\t\t\t\t\t<div class=\"field-container\">\n\t\t\t\t\t\t\t\t\t\t<label class=\"field-label\" for=\"postal_code\">*C\u00f3digo Postal<\/label>\n\t\t\t\t\t\t\t\t\t\t \n\t\t\t\t\t\t\t\t\t\t<input type=\"text\" name=\"postal_code\" id=\"postal_code\" value=\"\">\n\t\t\t\t\t\t\t\t\t\t\t\t\t\t\t\t\t\t\t<\/div>\n\t\t\t\t\t\t\t\t<\/div>\n\t\t\t\t\t\t\t\t\t\t\t\t\t\t\t<div class=\"field-wrap\">\n\t\t\t\t\t\t\t\t\t<div class=\"field-container\">\n\t\t\t\t\t\t\t\t\t\t<label class=\"field-label\" for=\"state\">Estado<\/label>\n\t\t\t\t\t\t\t\t\t\t \n\t\t\t\t\t\t\t\t\t\t<input type=\"text\" name=\"state\" id=\"state\" value=\"\">\n\t\t\t\t\t\t\t\t\t\t\t\t\t\t\t\t\t\t\t<\/div>\n\t\t\t\t\t\t\t\t<\/div>\n\t\t\t\t\t\t\t\t\t\t\t\t\t\t\t<div class=\"field-wrap required\">\n\t\t\t\t\t\t\t\t\t<div class=\"field-container\">\n\t\t\t\t\t\t\t\t\t\t<label class=\"field-label\" for=\"country\">*Pa\u00eds<\/label>\n\t\t\t\t\t\t\t\t\t\t \n\t\t\t\t\t\t\t\t\t\t<input type=\"text\" name=\"country\" id=\"country\" value=\"\">\n\t\t\t\t\t\t\t\t\t\t\t\t\t\t\t\t\t\t\t<\/div>\n\t\t\t\t\t\t\t\t<\/div>\n\t\t\t\t\t\t\t\t\t\t\t\t\t\t\t<div class=\"field-wrap required\">\n\t\t\t\t\t\t\t\t\t<div class=\"field-container\">\n\t\t\t\t\t\t\t\t\t\t<label class=\"field-label\" for=\"phone\">*N\u00famero de Telefone<\/label>\n\t\t\t\t\t\t\t\t\t\t \n\t\t\t\t\t\t\t\t\t\t<input type=\"text\" name=\"phone\" id=\"phone\" value=\"\">\n\t\t\t\t\t\t\t\t\t\t\t\t\t\t\t\t\t\t\t<\/div>\n\t\t\t\t\t\t\t\t<\/div>\n\t\t\t\t\t\t\t\t\t\t\t\t\t\t\t<div class=\"field-wrap required\">\n\t\t\t\t\t\t\t\t\t<div class=\"field-container\">\n\t\t\t\t\t\t\t\t\t\t<label class=\"field-label\" for=\"email\">*Endere\u00e7o de e-mail<\/label>\n\t\t\t\t\t\t\t\t\t\t \n\t\t\t\t\t\t\t\t\t\t<input type=\"email\" name=\"email\" id=\"email\" value=\"\">\n\t\t\t\t\t\t\t\t\t\t\t\t\t\t\t\t\t\t\t<\/div>\n\t\t\t\t\t\t\t\t<\/div>\n\t\t\t\t\t\t\t\t\t\t\t\t\t\t\t\t<div class=\"field-wrap required\">\n\t\t\t\t\t\t\t\t\t\t\t<div class=\"field-container\">\n\t\t\t\t\t\t\t\t\t\t\t\t<label class=\"field-label\" for=\"activity\">*Atividade<\/label>\n\t\t\t\t\t\t\t\t\t\t\t\t<select name=\"activity\" id=\"activity\">\n\t\t\t\t\t\t\t\t\t\t\t\t\t\t\t\t\t\t\t\t\t\t\t\t\t\t<option value=\"\" >[Escolha uma atividade]<\/option>\n\t\t\t\t\t\t\t\t\t\t\t\t\t\t\t\t\t\t\t\t\t\t\t\t\t\t\t<option value=\"Concession\u00e1rio de Autocarros\" >Concession\u00e1rio de Autocarros<\/option>\n\t\t\t\t\t\t\t\t\t\t\t\t\t\t\t\t\t\t\t\t\t\t\t\t\t\t\t<option value=\"Fabricante do equipamento original de autocarros\" >Fabricante do equipamento original de autocarros<\/option>\n\t\t\t\t\t\t\t\t\t\t\t\t\t\t\t\t\t\t\t\t\t\t\t\t\t\t\t<option value=\"Frota\" >Frota<\/option>\n\t\t\t\t\t\t\t\t\t\t\t\t\t\t\t\t\t\t\t\t\t\t\t\t\t\t\t<option value=\"Outro\" >Outro<\/option>\n\t\t\t\t\t\t\t\t\t\t\t\t\t\t\t\t\t\t\t\t\t\t\t\t\t\t\t<option value=\"Concession\u00e1rio de pneus\" >Concession\u00e1rio de pneus<\/option>\n\t\t\t\t\t\t\t\t\t\t\t\t\t\t\t\t\t\t\t\t\t\t\t\t\t\t\t<option value=\"Fabricante do equipamento original de pneus\" >Fabricante do equipamento original de pneus<\/option>\n\t\t\t\t\t\t\t\t\t\t\t\t\t\t\t\t\t\t\t\t\t\t\t\t\t\t\t<option value=\"Concession\u00e1rio de reboques\" >Concession\u00e1rio de reboques<\/option>\n\t\t\t\t\t\t\t\t\t\t\t\t\t\t\t\t\t\t\t\t\t\t\t\t\t\t\t<option value=\"Fabricante do equipamento original de reboques\" >Fabricante do equipamento original de reboques<\/option>\n\t\t\t\t\t\t\t\t\t\t\t\t\t\t\t\t\t\t\t\t\t\t\t\t\t\t\t<option value=\"Concession\u00e1rio de cami\u00f5es\" >Concession\u00e1rio de cami\u00f5es<\/option>\n\t\t\t\t\t\t\t\t\t\t\t\t\t\t\t\t\t\t\t\t\t\t\t\t\t\t\t<option value=\"Fabricante do equipamento original de cami\u00f5es\" >Fabricante do equipamento original de cami\u00f5es<\/option>\n\t\t\t\t\t\t\t\t\t\t\t\t\t\t\t\t\t\t\t\t\t\t\t\t\t<\/select>\n\t\t\t\t\t\t\t\t\t\t\t<\/div>\n\t\t\t\t\t\t\t\t\t<\/div>\n\t\t\t\t\t\t\t\t\t\t\t\t\t\t\t\t\t<div class=\"field-wrap\">\n\t\t\t\t\t\t\t\t\t\t\t<div class=\"field-container\">\n\t\t\t\t\t\t\t\t\t\t\t\t<label class=\"field-label\" for=\"activity_segment\">Setores de atividade<\/label>\n\t\t\t\t\t\t\t\t\t\t\t\t<select name=\"activity_segment\" id=\"activity_segment\">\n\t\t\t\t\t\t\t\t\t\t\t\t\t\t\t\t\t\t\t\t\t\t\t\t\t\t<option value=\"\" >[Escolha um setor]<\/option>\n\t\t\t\t\t\t\t\t\t\t\t\t\t\t\t\t\t\t\t\t\t\t\t\t\t\t\t<option value=\"Autocarro urbano\" >Autocarro urbano<\/option>\n\t\t\t\t\t\t\t\t\t\t\t\t\t\t\t\t\t\t\t\t\t\t\t\t\t\t\t<option value=\"Autocarro\" >Autocarro<\/option>\n\t\t\t\t\t\t\t\t\t\t\t\t\t\t\t\t\t\t\t\t\t\t\t\t\t\t\t<option value=\"Constru\u00e7\u00e3o\" >Constru\u00e7\u00e3o<\/option>\n\t\t\t\t\t\t\t\t\t\t\t\t\t\t\t\t\t\t\t\t\t\t\t\t\t\t\t<option value=\"Cami\u00e3o porta-contentores\" >Cami\u00e3o porta-contentores<\/option>\n\t\t\t\t\t\t\t\t\t\t\t\t\t\t\t\t\t\t\t\t\t\t\t\t\t\t\t<option value=\"Carga geral\" >Carga geral<\/option>\n\t\t\t\t\t\t\t\t\t\t\t\t\t\t\t\t\t\t\t\t\t\t\t\t\t\t\t<option value=\"Autocarro de m\u00e9dio curso\" >Autocarro de m\u00e9dio curso<\/option>\n\t\t\t\t\t\t\t\t\t\t\t\t\t\t\t\t\t\t\t\t\t\t\t\t\t\t\t<option value=\"Outro\" >Outro<\/option>\n\t\t\t\t\t\t\t\t\t\t\t\t\t\t\t\t\t\t\t\t\t\t\t\t\t\t\t<option value=\"Cami\u00f5es refrigerados\" >Cami\u00f5es refrigerados<\/option>\n\t\t\t\t\t\t\t\t\t\t\t\t\t\t\t\t\t\t\t\t\t\t\t\t\t\t\t<option value=\"Gran\u00e9is s\u00f3lidos\" >Gran\u00e9is s\u00f3lidos<\/option>\n\t\t\t\t\t\t\t\t\t\t\t\t\t\t\t\t\t\t\t\t\t\t\t\t\t\t\t<option value=\"Cami\u00e3o-cisterna\" >Cami\u00e3o-cisterna<\/option>\n\t\t\t\t\t\t\t\t\t\t\t\t\t\t\t\t\t\t\t\t\t\t\t\t\t<\/select>\n\t\t\t\t\t\t\t\t\t\t\t<\/div>\n\t\t\t\t\t\t\t\t\t<\/div>\n\t\t\t\t\t\t\t\t\t\t\t\t\t\t\t\t<div class=\"field-wrap required\">\n\t\t\t\t\t\t\t\t\t<div class=\"field-inner\">\n\t\t\t\t\t\t\t\t\t\t<div class=\"field-container\">\n\t\t\t\t\t\t\t\t\t\t\t<p class=\"field-label consent-label\">*Clique abaixo para aceitar nosso&nbsp;<a href=\"..\/privacidade\">acordo de privacidade<\/a><\/p>\n\t\t\t\t\t\t\t\t\t\t\t<div class=\"checkbox-group\">\n\t\t\t\t\t\t\t\t\t\t\t\t<div class=\"formbuilder-checkbox\">\n\t\t\t\t\t\t\t\t\t\t\t\t\t<input name=\"consent\" id=\"consent\" type=\"checkbox\" value=\"y\" >\n\t\t\t\t\t\t\t\t\t\t\t\t\t<label for=\"consent\">Ao enviar esse pedido, eu, por meio deste, aceito a transfer&ecirc;ncia dos meus dados pessoais fornecidos acima para Howmet Aerospace&nbsp;Inc. e para todas as suas entidades controladas nos Estados Unidos da Am&eacute;rica e em outros lugares, bem como a seus contratados terceirizados ou agentes autorizados, e o processamento de tais dados com o objetivo de atender o meu pedido. A Howmet Aerospace usar&aacute; essas informa&ccedil;&otilde;es com o objetivo &uacute;nico de atender ao pedido e ir&aacute; armazenar os dados pelo tempo estritamente necess&aacute;rio para concluir o mesmo. Eu confirmo ter total conhecimento das raz&otilde;es do processamento e transfer&ecirc;ncia dos meus dados pessoais e estou ciente de todos os meus direitos quanto a tais informa&ccedil;&otilde;es assim como todas as leis aplic&aacute;veis. Se em algum momento eu decidir retirar o consentimento dado acima, devo entrar em contato com a Howmet Aerospace para informar tal decis&atilde;o. Eu tamb&eacute;m tenho o direito de corrigir qualquer informa&ccedil;&atilde;o incorreta armazenada pela Howmet Aerospace.<\/label>\n\t\t\t\t\t\t\t\t\t\t\t\t<\/div>\n\t\t\t\t\t\t\t\t\t\t\t<\/div>\n\t\t\t\t\t\t\t\t\t\t<\/div>\n\t\t\t\t\t\t\t\t\t<\/div>\n\t\t\t\t\t\t\t\t<\/div>\n\t\t\t\t\t\t\t\t\t\t\t\t\t\t<div class=\"field-wrap google-captcha\">\n\t\t\t\t\t\t\t\t<div class=\"field-container\">\n\t\t\t\t\t\t\t\t\t<div class=\"captcha-field\" id=\"captcha-field\">\n\t\t\t\t\t\t\t\t\t<\/div>\n\t\t\t\t\t\t\t\t\t\t\t\t\t\t\t\t\t\t<div class=\"recaptcha-onetrust-placeholder alert alert-danger\" role=\"alert\">\n\t\t\t\t\t\t\t\t\t\t<p class=\"text-danger\"><strong>This website requires Google reCAPTCHA verification to submit inquiry forms. Please <a class=\"optanon-toggle-display\">accept<\/a> cookies in order to view the verification module. You may need to refresh your browser window afterwards.<\/strong><\/p>\r\n\r\n<p class=\"text-danger\"><strong><a href=\"https:\/\/support.google.com\/recaptcha\/?hl=pt\" target=\"_blank\" class=\"with_arrow btn-main btn-link-left-arrow\">reCAPTCHA User Resources<\/a><\/strong><\/p>\t\t\t\t\t\t\t\t\t<\/div>\n\t\t\t\t\t\t\t\t\t\t\t\t\t\t\t\t\t<\/div>\n\t\t\t\t\t\t\t<\/div>\n\t\t\t\t\t\t\t\t\t\t\t\t\t\t\t<div class=\"button-wrap\">\n\t\t\t\t\t\t\t\t\t\t\t\t\t\t\t<button type=\"submit\" value=\"Enviar\" id=\"Submit1\" name=\"Submit1\" class=\"button btn btn-default\">Enviar\t\t\t\t\t\t\t\t\t\t\t\t\t\t<\/button>\n\t\t\t\t\t\t\t\t\t\t\t\t\t\t<button type=\"reset\" value=\"Reiniciar\" id=\"Reset1\" name=\"Reset1\" class=\"button btn btn-default\">Reiniciar\t\t\t\t\t\t\t\t\t\t\t\t\t\t<\/button>\n\t\t\t\t\t\t\t\t\t\t\t\t\t\t\t\t<\/div>\n\t\t\t\t\t\t\t\t\t\t\t\t\t\t\t\t<div class=\"field-wrap text\">\n\t\t\t\t\t\t\t\t<div class=\"field-container\">\n\t\t\t\t\t\t\t\t\t*Obrigat&oacute;rio\t\t\t\t\t\t\t\t<\/div>\n\t\t\t\t\t\t\t<\/div>\n\t\t\t\t\t\t\t\t\t\t\t<\/form>\n\t\t\t<\/div>\n\t\t\t\n\n\n<div style=\"height:20px\" aria-hidden=\"true\" class=\"wp-block-spacer\"><\/div>\n\n\n\n<div class=\"wp-block-alcoa-wheels-card-usecase-1 card-box-v1__body with-icon align-center vertical-align-center\" id=\"card_box_v1-e4914ef8-3de0-45e5-9e44-0a6d06772132\"><div class=\"fullwidthcontainer\"><div class=\"card-box-v1__boxes has-4-columns\"><div class=\"card-box-v1__box  with-link \" style=\"background-color:#00afb9\"><img decoding=\"async\" src=\"https:\/\/www.alcoawheels.com\/europe\/pt\/wp-content\/themes\/alcoa-wheels\/assets\/build\/js\/blocks\/card-usecase-1\/..\/..\/..\/images\/placeholder-image.db2b4d5c.jpeg\" alt=\"Contacto\"\/><div class=\"card-box-v1__box__inner pos-abs\"><div class=\"card-box-v1__box_icon\"><img loading=\"lazy\" decoding=\"async\" width=\"171\" height=\"171\" src=\"https:\/\/www.alcoawheels.com\/europe\/pt\/wp-content\/uploads\/sites\/21\/2023\/06\/contact.png\" alt=\"\"\/><\/div><div class=\"card-box-v1__box_content\"><h4 style=\"color:#ffffff\">Contacto<\/h4><\/div><div class=\"btn-wrap\"><\/div><\/div><a href=\"\/europe\/pt\/contacto\" aria-label=\"Contacto\"><\/a><\/div><div class=\"card-box-v1__box  with-link \" style=\"background-color:#34bfc7\"><img decoding=\"async\" src=\"https:\/\/www.alcoawheels.com\/europe\/pt\/wp-content\/themes\/alcoa-wheels\/assets\/build\/js\/blocks\/card-usecase-1\/..\/..\/..\/images\/placeholder-image.db2b4d5c.jpeg\" alt=\"Gama de Jantes\"\/><div class=\"card-box-v1__box__inner pos-abs\"><div class=\"card-box-v1__box_icon\"><img loading=\"lazy\" decoding=\"async\" width=\"169\" height=\"169\" src=\"https:\/\/www.alcoawheels.com\/europe\/pt\/wp-content\/uploads\/sites\/21\/2023\/06\/product-search.png\" alt=\"\"\/><\/div><div class=\"card-box-v1__box_content\"><h4 style=\"color:#ffffff\">Gama de Jantes<\/h4><\/div><div class=\"btn-wrap\"><\/div><\/div><a href=\"\/europe\/pt\/escala-da-jante\" aria-label=\"Gama de Jantes\"><\/a><\/div><div class=\"card-box-v1__box  with-link \" style=\"background-color:#00afb9\"><img decoding=\"async\" src=\"https:\/\/www.alcoawheels.com\/europe\/pt\/wp-content\/themes\/alcoa-wheels\/assets\/build\/js\/blocks\/card-usecase-1\/..\/..\/..\/images\/placeholder-image.db2b4d5c.jpeg\" alt=\"Onde Comprar\"\/><div class=\"card-box-v1__box__inner pos-abs\"><div class=\"card-box-v1__box_icon\"><img loading=\"lazy\" decoding=\"async\" width=\"169\" height=\"169\" src=\"https:\/\/www.alcoawheels.com\/europe\/pt\/wp-content\/uploads\/sites\/21\/2023\/06\/where-to-buy.png\" alt=\"\"\/><\/div><div class=\"card-box-v1__box_content\"><h4 style=\"color:#ffffff\">Onde Comprar<\/h4><\/div><div class=\"btn-wrap\"><\/div><\/div><a href=\"\/europe\/pt\/onde-comprar\" aria-label=\"Onde Comprar\"><\/a><\/div><div class=\"card-box-v1__box  with-link \" style=\"background-color:#34bfc7\"><img decoding=\"async\" src=\"https:\/\/www.alcoawheels.com\/europe\/pt\/wp-content\/themes\/alcoa-wheels\/assets\/build\/js\/blocks\/card-usecase-1\/..\/..\/..\/images\/placeholder-image.db2b4d5c.jpeg\" alt=\"Documenta\u00e7\u00e3o Sobre Produtos\"\/><div class=\"card-box-v1__box__inner pos-abs\"><div class=\"card-box-v1__box_icon\"><img loading=\"lazy\" decoding=\"async\" width=\"169\" height=\"169\" src=\"https:\/\/www.alcoawheels.com\/europe\/pt\/wp-content\/uploads\/sites\/21\/2023\/06\/product-literature.png\" alt=\"\"\/><\/div><div class=\"card-box-v1__box_content\"><h4 style=\"color:#ffffff\">Documenta\u00e7\u00e3o Sobre Produtos<\/h4><\/div><div class=\"btn-wrap\"><\/div><\/div><a href=\"\/europe\/pt\/documentacao-sobre-produtos\" aria-label=\"Documenta\u00e7\u00e3o Sobre Produtos\"><\/a><\/div><\/div><\/div><\/div>\n","protected":false},"excerpt":{"rendered":"","protected":false},"author":44,"featured_media":0,"parent":0,"menu_order":0,"comment_status":"closed","ping_status":"closed","template":"","meta":{"_acf_changed":false,"protected_reviewer_email":"","editor_notices":[],"footnotes":""},"class_list":["post-55","page","type-page","status-publish","hentry"],"acf":[],"yoast_head":"<!-- This site is optimized with the Yoast SEO Premium plugin v27.3 (Yoast SEO v27.3) - https:\/\/yoast.com\/product\/yoast-seo-premium-wordpress\/ -->\n<title>Alcoa Wheels | Sobre | Subscrever<\/title>\n<meta name=\"robots\" content=\"index, follow, max-snippet:-1, max-image-preview:large, max-video-preview:-1\" \/>\n<link rel=\"canonical\" href=\"https:\/\/www.alcoawheels.com\/europe\/pt\/subscrever\/\" \/>\n<meta property=\"og:locale\" content=\"en_US\" \/>\n<meta property=\"og:type\" content=\"article\" \/>\n<meta property=\"og:title\" content=\"Subscrever\" \/>\n<meta property=\"og:url\" content=\"https:\/\/www.alcoawheels.com\/europe\/pt\/subscrever\/\" \/>\n<meta property=\"og:site_name\" content=\"Europe Portuguese\" \/>\n<meta property=\"article:modified_time\" content=\"2023-08-24T09:01:41+00:00\" \/>\n<meta name=\"twitter:card\" content=\"summary_large_image\" \/>\n<script type=\"application\/ld+json\" class=\"yoast-schema-graph\">{\"@context\":\"https:\\\/\\\/schema.org\",\"@graph\":[{\"@type\":\"WebPage\",\"@id\":\"https:\\\/\\\/www.alcoawheels.com\\\/europe\\\/pt\\\/subscrever\\\/\",\"url\":\"https:\\\/\\\/www.alcoawheels.com\\\/europe\\\/pt\\\/subscrever\\\/\",\"name\":\"Alcoa Wheels | Sobre | Subscrever\",\"isPartOf\":{\"@id\":\"https:\\\/\\\/www.alcoawheels.com\\\/europe\\\/pt\\\/#website\"},\"datePublished\":\"2023-05-26T13:38:35+00:00\",\"dateModified\":\"2023-08-24T09:01:41+00:00\",\"breadcrumb\":{\"@id\":\"https:\\\/\\\/www.alcoawheels.com\\\/europe\\\/pt\\\/subscrever\\\/#breadcrumb\"},\"inLanguage\":\"en-US\",\"potentialAction\":[{\"@type\":\"ReadAction\",\"target\":[\"https:\\\/\\\/www.alcoawheels.com\\\/europe\\\/pt\\\/subscrever\\\/\"]}]},{\"@type\":\"BreadcrumbList\",\"@id\":\"https:\\\/\\\/www.alcoawheels.com\\\/europe\\\/pt\\\/subscrever\\\/#breadcrumb\",\"itemListElement\":[{\"@type\":\"ListItem\",\"position\":1,\"name\":\"Home\",\"item\":\"https:\\\/\\\/www.alcoawheels.com\\\/europe\\\/pt\\\/\"},{\"@type\":\"ListItem\",\"position\":2,\"name\":\"Subscrever\"}]},{\"@type\":\"WebSite\",\"@id\":\"https:\\\/\\\/www.alcoawheels.com\\\/europe\\\/pt\\\/#website\",\"url\":\"https:\\\/\\\/www.alcoawheels.com\\\/europe\\\/pt\\\/\",\"name\":\"Europe Portuguese\",\"description\":\"\",\"publisher\":{\"@id\":\"https:\\\/\\\/www.alcoawheels.com\\\/europe\\\/pt\\\/#organization\"},\"potentialAction\":[{\"@type\":\"SearchAction\",\"target\":{\"@type\":\"EntryPoint\",\"urlTemplate\":\"https:\\\/\\\/www.alcoawheels.com\\\/europe\\\/pt\\\/?s={search_term_string}\"},\"query-input\":{\"@type\":\"PropertyValueSpecification\",\"valueRequired\":true,\"valueName\":\"search_term_string\"}}],\"inLanguage\":\"en-US\"},{\"@type\":\"Organization\",\"@id\":\"https:\\\/\\\/www.alcoawheels.com\\\/europe\\\/pt\\\/#organization\",\"name\":\"Europe Portuguese\",\"url\":\"https:\\\/\\\/www.alcoawheels.com\\\/europe\\\/pt\\\/\",\"logo\":{\"@type\":\"ImageObject\",\"inLanguage\":\"en-US\",\"@id\":\"https:\\\/\\\/www.alcoawheels.com\\\/europe\\\/pt\\\/#\\\/schema\\\/logo\\\/image\\\/\",\"url\":\"https:\\\/\\\/www.alcoawheels.com\\\/europe\\\/pt\\\/wp-content\\\/uploads\\\/sites\\\/21\\\/2023\\\/05\\\/logo-black.gif\",\"contentUrl\":\"https:\\\/\\\/www.alcoawheels.com\\\/europe\\\/pt\\\/wp-content\\\/uploads\\\/sites\\\/21\\\/2023\\\/05\\\/logo-black.gif\",\"width\":71,\"height\":64,\"caption\":\"Europe Portuguese\"},\"image\":{\"@id\":\"https:\\\/\\\/www.alcoawheels.com\\\/europe\\\/pt\\\/#\\\/schema\\\/logo\\\/image\\\/\"}}]}<\/script>\n<!-- \/ Yoast SEO Premium plugin. -->","yoast_head_json":{"title":"Alcoa Wheels | Sobre | Subscrever","robots":{"index":"index","follow":"follow","max-snippet":"max-snippet:-1","max-image-preview":"max-image-preview:large","max-video-preview":"max-video-preview:-1"},"canonical":"https:\/\/www.alcoawheels.com\/europe\/pt\/subscrever\/","og_locale":"en_US","og_type":"article","og_title":"Subscrever","og_url":"https:\/\/www.alcoawheels.com\/europe\/pt\/subscrever\/","og_site_name":"Europe Portuguese","article_modified_time":"2023-08-24T09:01:41+00:00","twitter_card":"summary_large_image","schema":{"@context":"https:\/\/schema.org","@graph":[{"@type":"WebPage","@id":"https:\/\/www.alcoawheels.com\/europe\/pt\/subscrever\/","url":"https:\/\/www.alcoawheels.com\/europe\/pt\/subscrever\/","name":"Alcoa Wheels | Sobre | Subscrever","isPartOf":{"@id":"https:\/\/www.alcoawheels.com\/europe\/pt\/#website"},"datePublished":"2023-05-26T13:38:35+00:00","dateModified":"2023-08-24T09:01:41+00:00","breadcrumb":{"@id":"https:\/\/www.alcoawheels.com\/europe\/pt\/subscrever\/#breadcrumb"},"inLanguage":"en-US","potentialAction":[{"@type":"ReadAction","target":["https:\/\/www.alcoawheels.com\/europe\/pt\/subscrever\/"]}]},{"@type":"BreadcrumbList","@id":"https:\/\/www.alcoawheels.com\/europe\/pt\/subscrever\/#breadcrumb","itemListElement":[{"@type":"ListItem","position":1,"name":"Home","item":"https:\/\/www.alcoawheels.com\/europe\/pt\/"},{"@type":"ListItem","position":2,"name":"Subscrever"}]},{"@type":"WebSite","@id":"https:\/\/www.alcoawheels.com\/europe\/pt\/#website","url":"https:\/\/www.alcoawheels.com\/europe\/pt\/","name":"Europe Portuguese","description":"","publisher":{"@id":"https:\/\/www.alcoawheels.com\/europe\/pt\/#organization"},"potentialAction":[{"@type":"SearchAction","target":{"@type":"EntryPoint","urlTemplate":"https:\/\/www.alcoawheels.com\/europe\/pt\/?s={search_term_string}"},"query-input":{"@type":"PropertyValueSpecification","valueRequired":true,"valueName":"search_term_string"}}],"inLanguage":"en-US"},{"@type":"Organization","@id":"https:\/\/www.alcoawheels.com\/europe\/pt\/#organization","name":"Europe Portuguese","url":"https:\/\/www.alcoawheels.com\/europe\/pt\/","logo":{"@type":"ImageObject","inLanguage":"en-US","@id":"https:\/\/www.alcoawheels.com\/europe\/pt\/#\/schema\/logo\/image\/","url":"https:\/\/www.alcoawheels.com\/europe\/pt\/wp-content\/uploads\/sites\/21\/2023\/05\/logo-black.gif","contentUrl":"https:\/\/www.alcoawheels.com\/europe\/pt\/wp-content\/uploads\/sites\/21\/2023\/05\/logo-black.gif","width":71,"height":64,"caption":"Europe Portuguese"},"image":{"@id":"https:\/\/www.alcoawheels.com\/europe\/pt\/#\/schema\/logo\/image\/"}}]}},"parsely":{"version":"1.1.0","canonical_url":"https:\/\/alcoawheels.com\/europe\/pt\/subscrever\/","smart_links":{"inbound":0,"outbound":0},"traffic_boost_suggestions_count":0,"meta":{"@context":"https:\/\/schema.org","@type":"WebPage","headline":"Subscrever","url":"http:\/\/www.alcoawheels.com\/europe\/pt\/subscrever\/","mainEntityOfPage":{"@type":"WebPage","@id":"http:\/\/www.alcoawheels.com\/europe\/pt\/subscrever\/"},"thumbnailUrl":"","image":{"@type":"ImageObject","url":""},"articleSection":"Uncategorized","author":[{"@type":"Person","name":"howmet"}],"creator":["howmet"],"publisher":{"@type":"Organization","name":"Europe Portuguese","logo":""},"keywords":[],"dateCreated":"2023-05-26T13:38:35Z","datePublished":"2023-05-26T13:38:35Z","dateModified":"2023-08-24T09:01:41Z"},"rendered":"<script type=\"application\/ld+json\" class=\"wp-parsely-metadata\">{\"@context\":\"https:\\\/\\\/schema.org\",\"@type\":\"WebPage\",\"headline\":\"Subscrever\",\"url\":\"http:\\\/\\\/www.alcoawheels.com\\\/europe\\\/pt\\\/subscrever\\\/\",\"mainEntityOfPage\":{\"@type\":\"WebPage\",\"@id\":\"http:\\\/\\\/www.alcoawheels.com\\\/europe\\\/pt\\\/subscrever\\\/\"},\"thumbnailUrl\":\"\",\"image\":{\"@type\":\"ImageObject\",\"url\":\"\"},\"articleSection\":\"Uncategorized\",\"author\":[{\"@type\":\"Person\",\"name\":\"howmet\"}],\"creator\":[\"howmet\"],\"publisher\":{\"@type\":\"Organization\",\"name\":\"Europe Portuguese\",\"logo\":\"\"},\"keywords\":[],\"dateCreated\":\"2023-05-26T13:38:35Z\",\"datePublished\":\"2023-05-26T13:38:35Z\",\"dateModified\":\"2023-08-24T09:01:41Z\"}<\/script>","tracker_url":"https:\/\/cdn.parsely.com\/keys\/alcoawheels.com\/p.js"},"jetpack_sharing_enabled":true,"_links":{"self":[{"href":"https:\/\/www.alcoawheels.com\/europe\/pt\/wp-json\/wp\/v2\/pages\/55","targetHints":{"allow":["GET"]}}],"collection":[{"href":"https:\/\/www.alcoawheels.com\/europe\/pt\/wp-json\/wp\/v2\/pages"}],"about":[{"href":"https:\/\/www.alcoawheels.com\/europe\/pt\/wp-json\/wp\/v2\/types\/page"}],"author":[{"embeddable":true,"href":"https:\/\/www.alcoawheels.com\/europe\/pt\/wp-json\/wp\/v2\/users\/44"}],"replies":[{"embeddable":true,"href":"https:\/\/www.alcoawheels.com\/europe\/pt\/wp-json\/wp\/v2\/comments?post=55"}],"version-history":[{"count":5,"href":"https:\/\/www.alcoawheels.com\/europe\/pt\/wp-json\/wp\/v2\/pages\/55\/revisions"}],"predecessor-version":[{"id":1802,"href":"https:\/\/www.alcoawheels.com\/europe\/pt\/wp-json\/wp\/v2\/pages\/55\/revisions\/1802"}],"wp:attachment":[{"href":"https:\/\/www.alcoawheels.com\/europe\/pt\/wp-json\/wp\/v2\/media?parent=55"}],"curies":[{"name":"wp","href":"https:\/\/api.w.org\/{rel}","templated":true}]}}