{"id":6,"date":"2023-05-26T13:28:31","date_gmt":"2023-05-26T13:28:31","guid":{"rendered":"https:\/\/www.alcoawheels.com\/europe\/pt\/?page_id=6"},"modified":"2025-12-09T13:25:22","modified_gmt":"2025-12-09T13:25:22","slug":"alcoa-wheels","status":"publish","type":"page","link":"https:\/\/www.alcoawheels.com\/europe\/pt\/","title":{"rendered":"Alcoa Wheels Europa"},"content":{"rendered":"\n<div class=\"wp-block-alcoa-wheels-hero-slider hero-slider\" id=\"hero-slider-64f3aa86-e9b6-425d-8adc-474331a35ca9\"><div class=\"ad-container-fluid\"><div class=\"hero-slider-inner\"><div class=\"hero-slider-body\"><div class=\"hero-slider-main\" data-slide-fade=\"false\" data-slide-autoplay=\"true\" data-slide-interval=\"1000\" data-slide-arrows=\"true\" data-slide-dots=\"true\" data-slide-infinite=\"true\" data-slide-show=\"1\" data-slide-scroll=\"1\"><div class=\"hero-slide-item\" style=\"background-color:#fff\"><div class=\"hero-slide-inner-wrap fullsmallslide valign-center align-left with-link slide-withbg mediaresponsive\"><div class=\"desktopImage hero-slider__bg\"><img loading=\"lazy\" decoding=\"async\" width=\"1920\" height=\"600\" src=\"https:\/\/www.alcoawheels.com\/europe\/pt\/wp-content\/uploads\/sites\/21\/2023\/05\/homepage-ultra-one_large.jpg\" alt=\"Thumbnail\"\/><\/div><div class=\"responsiveImage hero-slider__bg\"><img loading=\"lazy\" decoding=\"async\" width=\"1920\" height=\"600\" src=\"https:\/\/www.alcoawheels.com\/europe\/pt\/wp-content\/uploads\/sites\/21\/2023\/05\/homepage-ultra-one_small.jpg\" alt=\"Thumbnail\"\/><\/div><div class=\"hero-slide-inner\"><div class=\"hero-slide-info\"><\/div><\/div><a href=\"\/europe\/pt\/ultra-one\" aria-label=\"\"><\/a><\/div><\/div><div class=\"hero-slide-item\" style=\"background-color:#fff\"><div class=\"hero-slide-inner-wrap fullsmallslide valign-center align-left with-link slide-withbg mediaresponsive\"><div class=\"desktopImage hero-slider__bg\"><img loading=\"lazy\" decoding=\"async\" width=\"1920\" height=\"600\" src=\"https:\/\/www.alcoawheels.com\/europe\/pt\/wp-content\/uploads\/sites\/21\/2023\/05\/homepage-EVO-slide2_large.jpeg\" alt=\"Thumbnail\"\/><\/div><div class=\"responsiveImage hero-slider__bg\"><img loading=\"lazy\" decoding=\"async\" width=\"1920\" height=\"600\" src=\"https:\/\/www.alcoawheels.com\/europe\/pt\/wp-content\/uploads\/sites\/21\/2023\/05\/homepage-EVO-slide2_small.jpeg\" alt=\"Thumbnail\"\/><\/div><div class=\"hero-slide-inner\"><div class=\"hero-slide-info\"><p class=\"slide-info-desc\" style=\"color:#000\"><strong>Jantes Dura-Bright<sup>\u00ae<\/sup> <mark style=\"background-color:rgba(0, 0, 0, 0);color:#49b04b\" class=\"has-inline-color\">EVO<\/mark><\/strong><\/p><h2 class=\"slide-info-title\" style=\"color:#000\">Est\u00e9tica invej\u00e1vel, manuten\u00e7\u00e3o f\u00e1cil<\/h2><p class=\"btn-main btn-primary\">Dura-Bright<sup>\u00ae<\/sup> EVO<\/p><\/div><\/div><a href=\"\/europe\/pt\/tratamentos-de-superficie\/#dura-bright-evo\" aria-label=\"<strong&gt;Jantes Dura-Bright<sup&gt;\u00ae<\/sup&gt; <mark style=&quot;background-color:rgba(0, 0, 0, 0);color:#49b04b&quot; class=&quot;has-inline-color&quot;&gt;EVO<\/mark&gt;<\/strong&gt;\"><\/a><\/div><\/div><div class=\"hero-slide-item\" style=\"background-color:#fff\"><div class=\"hero-slide-inner-wrap fullsmallslide valign-center align-left with-link slide-withbg mediaresponsive\"><div class=\"desktopImage hero-slider__bg\"><img loading=\"lazy\" decoding=\"async\" width=\"1920\" height=\"600\" src=\"https:\/\/www.alcoawheels.com\/europe\/pt\/wp-content\/uploads\/sites\/21\/2023\/05\/homepage-range2_large.jpeg\" alt=\"Thumbnail\"\/><\/div><div class=\"responsiveImage hero-slider__bg\"><img loading=\"lazy\" decoding=\"async\" width=\"1920\" height=\"600\" src=\"https:\/\/www.alcoawheels.com\/europe\/pt\/wp-content\/uploads\/sites\/21\/2023\/05\/homepage-range2_small.jpeg\" alt=\"Thumbnail\"\/><\/div><div class=\"hero-slide-inner\"><div class=\"hero-slide-info\"><h2 class=\"slide-info-title\" style=\"color:#000\">As jantes Alcoa<sup>\u00ae<\/sup> adaptam-se perfeitamente ao seu neg\u00f3cio<\/h2><p class=\"btn-main btn-primary\">Gama de Jantes<\/p><\/div><\/div><a href=\"\/europe\/pt\/escala-da-jante\" aria-label=\"\"><\/a><\/div><\/div><div class=\"hero-slide-item\" style=\"background-color:#fff\"><div class=\"hero-slide-inner-wrap fullwidthslide valign-center align-right with-link slide-withbg mediaresponsive\"><div class=\"desktopImage hero-slider__bg\"><img loading=\"lazy\" decoding=\"async\" width=\"1920\" height=\"600\" src=\"https:\/\/www.alcoawheels.com\/europe\/pt\/wp-content\/uploads\/sites\/21\/2023\/05\/homepage-youtube-cleaning_large.jpeg\" alt=\"Thumbnail\"\/><\/div><div class=\"responsiveImage hero-slider__bg\"><img loading=\"lazy\" decoding=\"async\" width=\"1920\" height=\"600\" src=\"https:\/\/www.alcoawheels.com\/europe\/pt\/wp-content\/uploads\/sites\/21\/2023\/05\/homepage-youtube-cleaning_small.jpeg\" alt=\"Thumbnail\"\/><\/div><div class=\"hero-slide-inner\"><div class=\"hero-slide-info\"><h2 class=\"slide-info-title\" style=\"color:#ffffff\">Como limpar as Jantes Dura-Bright<sup>\u00ae<\/sup>?<\/h2><p class=\"btn-main btn-primary\">V\u00eddeo de limpeza Dura-Bright<sup>\u00ae<\/sup><\/p><\/div><\/div><a href=\"\/europe\/pt\/como-limpar\/#db-video\" aria-label=\"\"><\/a><\/div><\/div><\/div><\/div><\/div><\/div><\/div>\n\n\n\n<h1 class=\"wp-block-heading has-text-align-center\" id=\"h-a-inovacao-e-a-nossa-essencia\">A inova\u00e7\u00e3o \u00e9 a nossa ess\u00eancia.<\/h1>\n\n\n\n<p>Primeiro, inventamos a ind\u00fastria do alum\u00ednio em 1888, depois a roda de alum\u00ednio forjado em 1948. Hoje, a Howmet est\u00e1 constantemente aprimorando a tecnologia para oferecer solu\u00e7\u00f5es inovadoras. Oferecemos uma ampla gama de tamanhos de rodas de alum\u00ednio forjado, de 17,5&#8243; e 19,5&#8243; a uma ampla variedade de rodas de 22,5&#8243;.<\/p>\n\n\n\n<div class=\"wp-block-alcoa-wheels-card-usecase-1 card-box-v1__body with-icon align-center vertical-align-center\" id=\"card_box_v1-e4914ef8-3de0-45e5-9e44-0a6d06772132\"><div class=\"fullwidthcontainer\"><div class=\"card-box-v1__boxes has-4-columns\"><div class=\"card-box-v1__box  with-link \" style=\"background-color:#00afb9\"><img decoding=\"async\" src=\"https:\/\/www.alcoawheels.com\/europe\/pt\/wp-content\/themes\/alcoa-wheels\/assets\/build\/js\/blocks\/card-usecase-1\/..\/..\/..\/images\/placeholder-image.db2b4d5c.jpeg\" alt=\"Contacto\"\/><div class=\"card-box-v1__box__inner pos-abs\"><div class=\"card-box-v1__box_icon\"><img loading=\"lazy\" decoding=\"async\" width=\"171\" height=\"171\" src=\"https:\/\/www.alcoawheels.com\/europe\/pt\/wp-content\/uploads\/sites\/21\/2023\/06\/contact.png\" alt=\"\"\/><\/div><div class=\"card-box-v1__box_content\"><h4 style=\"color:#ffffff\">Contacto<\/h4><\/div><div class=\"btn-wrap\"><\/div><\/div><a href=\"\/europe\/pt\/contacto\" aria-label=\"Contacto\"><\/a><\/div><div class=\"card-box-v1__box  with-link \" style=\"background-color:#34bfc7\"><img decoding=\"async\" src=\"https:\/\/www.alcoawheels.com\/europe\/pt\/wp-content\/themes\/alcoa-wheels\/assets\/build\/js\/blocks\/card-usecase-1\/..\/..\/..\/images\/placeholder-image.db2b4d5c.jpeg\" alt=\"Gama de Jantes\"\/><div class=\"card-box-v1__box__inner pos-abs\"><div class=\"card-box-v1__box_icon\"><img loading=\"lazy\" decoding=\"async\" width=\"169\" height=\"169\" src=\"https:\/\/www.alcoawheels.com\/europe\/pt\/wp-content\/uploads\/sites\/21\/2023\/06\/product-search.png\" alt=\"\"\/><\/div><div class=\"card-box-v1__box_content\"><h4 style=\"color:#ffffff\">Gama de Jantes<\/h4><\/div><div class=\"btn-wrap\"><\/div><\/div><a href=\"\/europe\/pt\/escala-da-jante\" aria-label=\"Gama de Jantes\"><\/a><\/div><div class=\"card-box-v1__box  with-link \" style=\"background-color:#00afb9\"><img decoding=\"async\" src=\"https:\/\/www.alcoawheels.com\/europe\/pt\/wp-content\/themes\/alcoa-wheels\/assets\/build\/js\/blocks\/card-usecase-1\/..\/..\/..\/images\/placeholder-image.db2b4d5c.jpeg\" alt=\"Onde Comprar\"\/><div class=\"card-box-v1__box__inner pos-abs\"><div class=\"card-box-v1__box_icon\"><img loading=\"lazy\" decoding=\"async\" width=\"169\" height=\"169\" src=\"https:\/\/www.alcoawheels.com\/europe\/pt\/wp-content\/uploads\/sites\/21\/2023\/06\/where-to-buy.png\" alt=\"\"\/><\/div><div class=\"card-box-v1__box_content\"><h4 style=\"color:#ffffff\">Onde Comprar<\/h4><\/div><div class=\"btn-wrap\"><\/div><\/div><a href=\"\/europe\/pt\/onde-comprar\" aria-label=\"Onde Comprar\"><\/a><\/div><div class=\"card-box-v1__box  with-link \" style=\"background-color:#34bfc7\"><img decoding=\"async\" src=\"https:\/\/www.alcoawheels.com\/europe\/pt\/wp-content\/themes\/alcoa-wheels\/assets\/build\/js\/blocks\/card-usecase-1\/..\/..\/..\/images\/placeholder-image.db2b4d5c.jpeg\" alt=\"Documenta\u00e7\u00e3o Sobre Produtos\"\/><div class=\"card-box-v1__box__inner pos-abs\"><div class=\"card-box-v1__box_icon\"><img loading=\"lazy\" decoding=\"async\" width=\"169\" height=\"169\" src=\"https:\/\/www.alcoawheels.com\/europe\/pt\/wp-content\/uploads\/sites\/21\/2023\/06\/product-literature.png\" alt=\"\"\/><\/div><div class=\"card-box-v1__box_content\"><h4 style=\"color:#ffffff\">Documenta\u00e7\u00e3o Sobre Produtos<\/h4><\/div><div class=\"btn-wrap\"><\/div><\/div><a href=\"\/europe\/pt\/documentacao-sobre-produtos\" aria-label=\"Documenta\u00e7\u00e3o Sobre Produtos\"><\/a><\/div><\/div><\/div><\/div>\n","protected":false},"excerpt":{"rendered":"<p>A inova\u00e7\u00e3o \u00e9 a nossa ess\u00eancia. Primeiro, inventamos a ind\u00fastria do alum\u00ednio em 1888, depois a roda de alum\u00ednio forjado em 1948. Hoje, a Howmet est\u00e1 constantemente aprimorando a tecnologia para oferecer solu\u00e7\u00f5es inovadoras. Oferecemos uma ampla gama de tamanhos de rodas de alum\u00ednio forjado, de 17,5&#8243; e 19,5&#8243; a uma ampla variedade de rodas [&hellip;]<\/p>\n","protected":false},"author":44,"featured_media":0,"parent":0,"menu_order":0,"comment_status":"closed","ping_status":"closed","template":"","meta":{"_acf_changed":false,"protected_reviewer_email":"","editor_notices":[],"footnotes":""},"class_list":["post-6","page","type-page","status-publish","hentry"],"acf":[],"yoast_head":"<!-- This site is optimized with the Yoast SEO Premium plugin v27.4 (Yoast SEO v27.4) - https:\/\/yoast.com\/product\/yoast-seo-premium-wordpress\/ -->\n<title>Alcoa\u00ae Wheels Europe | Alcoa Wheels<\/title>\n<meta name=\"robots\" content=\"index, follow, max-snippet:-1, max-image-preview:large, max-video-preview:-1\" \/>\n<link rel=\"canonical\" href=\"https:\/\/www.alcoawheels.com\/europe\/pt\/\" \/>\n<meta property=\"og:locale\" content=\"en_US\" \/>\n<meta property=\"og:type\" content=\"article\" \/>\n<meta property=\"og:title\" content=\"Alcoa Wheels Europa\" \/>\n<meta property=\"og:description\" content=\"A inova\u00e7\u00e3o \u00e9 a nossa ess\u00eancia. Primeiro, inventamos a ind\u00fastria do alum\u00ednio em 1888, depois a roda de alum\u00ednio forjado em 1948. Hoje, a Howmet est\u00e1 constantemente aprimorando a tecnologia para oferecer solu\u00e7\u00f5es inovadoras. Oferecemos uma ampla gama de tamanhos de rodas de alum\u00ednio forjado, de 17,5&#8243; e 19,5&#8243; a uma ampla variedade de rodas [&hellip;]\" \/>\n<meta property=\"og:url\" content=\"https:\/\/www.alcoawheels.com\/europe\/pt\/\" \/>\n<meta property=\"og:site_name\" content=\"Europe Portuguese\" \/>\n<meta property=\"article:modified_time\" content=\"2025-12-09T13:25:22+00:00\" \/>\n<meta property=\"og:image\" content=\"https:\/\/www.alcoawheels.com\/europe\/pt\/wp-content\/uploads\/sites\/21\/2023\/05\/homepage-ultra-one_large.jpg\" \/>\n<meta name=\"twitter:card\" content=\"summary_large_image\" \/>\n<meta name=\"twitter:label1\" content=\"Est. reading time\" \/>\n\t<meta name=\"twitter:data1\" content=\"4 minutes\" \/>\n<script type=\"application\/ld+json\" class=\"yoast-schema-graph\">{\"@context\":\"https:\\\/\\\/schema.org\",\"@graph\":[{\"@type\":\"WebPage\",\"@id\":\"https:\\\/\\\/www.alcoawheels.com\\\/europe\\\/pt\\\/\",\"url\":\"https:\\\/\\\/www.alcoawheels.com\\\/europe\\\/pt\\\/\",\"name\":\"Alcoa\u00ae Wheels Europe | Alcoa Wheels\",\"isPartOf\":{\"@id\":\"https:\\\/\\\/www.alcoawheels.com\\\/europe\\\/pt\\\/#website\"},\"primaryImageOfPage\":{\"@id\":\"https:\\\/\\\/www.alcoawheels.com\\\/europe\\\/pt\\\/#primaryimage\"},\"image\":{\"@id\":\"https:\\\/\\\/www.alcoawheels.com\\\/europe\\\/pt\\\/#primaryimage\"},\"thumbnailUrl\":\"https:\\\/\\\/www.alcoawheels.com\\\/europe\\\/pt\\\/wp-content\\\/uploads\\\/sites\\\/21\\\/2023\\\/05\\\/homepage-ultra-one_large.jpg\",\"datePublished\":\"2023-05-26T13:28:31+00:00\",\"dateModified\":\"2025-12-09T13:25:22+00:00\",\"breadcrumb\":{\"@id\":\"https:\\\/\\\/www.alcoawheels.com\\\/europe\\\/pt\\\/#breadcrumb\"},\"inLanguage\":\"en-US\",\"potentialAction\":[{\"@type\":\"ReadAction\",\"target\":[\"https:\\\/\\\/www.alcoawheels.com\\\/europe\\\/pt\\\/\"]}]},{\"@type\":\"ImageObject\",\"inLanguage\":\"en-US\",\"@id\":\"https:\\\/\\\/www.alcoawheels.com\\\/europe\\\/pt\\\/#primaryimage\",\"url\":\"https:\\\/\\\/www.alcoawheels.com\\\/europe\\\/pt\\\/wp-content\\\/uploads\\\/sites\\\/21\\\/2023\\\/05\\\/homepage-ultra-one_large.jpg\",\"contentUrl\":\"https:\\\/\\\/www.alcoawheels.com\\\/europe\\\/pt\\\/wp-content\\\/uploads\\\/sites\\\/21\\\/2023\\\/05\\\/homepage-ultra-one_large.jpg\",\"width\":1440,\"height\":440,\"caption\":\"Ultra ONE\"},{\"@type\":\"BreadcrumbList\",\"@id\":\"https:\\\/\\\/www.alcoawheels.com\\\/europe\\\/pt\\\/#breadcrumb\",\"itemListElement\":[{\"@type\":\"ListItem\",\"position\":1,\"name\":\"Home\",\"item\":\"https:\\\/\\\/www.alcoawheels.com\\\/europe\\\/pt\\\/\"},{\"@type\":\"ListItem\",\"position\":2,\"name\":\"Alcoa Wheels Europa\"}]},{\"@type\":\"WebSite\",\"@id\":\"https:\\\/\\\/www.alcoawheels.com\\\/europe\\\/pt\\\/#website\",\"url\":\"https:\\\/\\\/www.alcoawheels.com\\\/europe\\\/pt\\\/\",\"name\":\"Europe Portuguese\",\"description\":\"\",\"publisher\":{\"@id\":\"https:\\\/\\\/www.alcoawheels.com\\\/europe\\\/pt\\\/#organization\"},\"potentialAction\":[{\"@type\":\"SearchAction\",\"target\":{\"@type\":\"EntryPoint\",\"urlTemplate\":\"https:\\\/\\\/www.alcoawheels.com\\\/europe\\\/pt\\\/?s={search_term_string}\"},\"query-input\":{\"@type\":\"PropertyValueSpecification\",\"valueRequired\":true,\"valueName\":\"search_term_string\"}}],\"inLanguage\":\"en-US\"},{\"@type\":\"Organization\",\"@id\":\"https:\\\/\\\/www.alcoawheels.com\\\/europe\\\/pt\\\/#organization\",\"name\":\"Europe Portuguese\",\"url\":\"https:\\\/\\\/www.alcoawheels.com\\\/europe\\\/pt\\\/\",\"logo\":{\"@type\":\"ImageObject\",\"inLanguage\":\"en-US\",\"@id\":\"https:\\\/\\\/www.alcoawheels.com\\\/europe\\\/pt\\\/#\\\/schema\\\/logo\\\/image\\\/\",\"url\":\"https:\\\/\\\/www.alcoawheels.com\\\/europe\\\/pt\\\/wp-content\\\/uploads\\\/sites\\\/21\\\/2023\\\/05\\\/logo-black.gif\",\"contentUrl\":\"https:\\\/\\\/www.alcoawheels.com\\\/europe\\\/pt\\\/wp-content\\\/uploads\\\/sites\\\/21\\\/2023\\\/05\\\/logo-black.gif\",\"width\":71,\"height\":64,\"caption\":\"Europe Portuguese\"},\"image\":{\"@id\":\"https:\\\/\\\/www.alcoawheels.com\\\/europe\\\/pt\\\/#\\\/schema\\\/logo\\\/image\\\/\"}}]}<\/script>\n<!-- \/ Yoast SEO Premium plugin. -->","yoast_head_json":{"title":"Alcoa\u00ae Wheels Europe | Alcoa Wheels","robots":{"index":"index","follow":"follow","max-snippet":"max-snippet:-1","max-image-preview":"max-image-preview:large","max-video-preview":"max-video-preview:-1"},"canonical":"https:\/\/www.alcoawheels.com\/europe\/pt\/","og_locale":"en_US","og_type":"article","og_title":"Alcoa Wheels Europa","og_description":"A inova\u00e7\u00e3o \u00e9 a nossa ess\u00eancia. Primeiro, inventamos a ind\u00fastria do alum\u00ednio em 1888, depois a roda de alum\u00ednio forjado em 1948. Hoje, a Howmet est\u00e1 constantemente aprimorando a tecnologia para oferecer solu\u00e7\u00f5es inovadoras. Oferecemos uma ampla gama de tamanhos de rodas de alum\u00ednio forjado, de 17,5&#8243; e 19,5&#8243; a uma ampla variedade de rodas [&hellip;]","og_url":"https:\/\/www.alcoawheels.com\/europe\/pt\/","og_site_name":"Europe Portuguese","article_modified_time":"2025-12-09T13:25:22+00:00","og_image":[{"url":"https:\/\/www.alcoawheels.com\/europe\/pt\/wp-content\/uploads\/sites\/21\/2023\/05\/homepage-ultra-one_large.jpg","type":"","width":"","height":""}],"twitter_card":"summary_large_image","twitter_misc":{"Est. reading time":"4 minutes"},"schema":{"@context":"https:\/\/schema.org","@graph":[{"@type":"WebPage","@id":"https:\/\/www.alcoawheels.com\/europe\/pt\/","url":"https:\/\/www.alcoawheels.com\/europe\/pt\/","name":"Alcoa\u00ae Wheels Europe | Alcoa Wheels","isPartOf":{"@id":"https:\/\/www.alcoawheels.com\/europe\/pt\/#website"},"primaryImageOfPage":{"@id":"https:\/\/www.alcoawheels.com\/europe\/pt\/#primaryimage"},"image":{"@id":"https:\/\/www.alcoawheels.com\/europe\/pt\/#primaryimage"},"thumbnailUrl":"https:\/\/www.alcoawheels.com\/europe\/pt\/wp-content\/uploads\/sites\/21\/2023\/05\/homepage-ultra-one_large.jpg","datePublished":"2023-05-26T13:28:31+00:00","dateModified":"2025-12-09T13:25:22+00:00","breadcrumb":{"@id":"https:\/\/www.alcoawheels.com\/europe\/pt\/#breadcrumb"},"inLanguage":"en-US","potentialAction":[{"@type":"ReadAction","target":["https:\/\/www.alcoawheels.com\/europe\/pt\/"]}]},{"@type":"ImageObject","inLanguage":"en-US","@id":"https:\/\/www.alcoawheels.com\/europe\/pt\/#primaryimage","url":"https:\/\/www.alcoawheels.com\/europe\/pt\/wp-content\/uploads\/sites\/21\/2023\/05\/homepage-ultra-one_large.jpg","contentUrl":"https:\/\/www.alcoawheels.com\/europe\/pt\/wp-content\/uploads\/sites\/21\/2023\/05\/homepage-ultra-one_large.jpg","width":1440,"height":440,"caption":"Ultra ONE"},{"@type":"BreadcrumbList","@id":"https:\/\/www.alcoawheels.com\/europe\/pt\/#breadcrumb","itemListElement":[{"@type":"ListItem","position":1,"name":"Home","item":"https:\/\/www.alcoawheels.com\/europe\/pt\/"},{"@type":"ListItem","position":2,"name":"Alcoa Wheels Europa"}]},{"@type":"WebSite","@id":"https:\/\/www.alcoawheels.com\/europe\/pt\/#website","url":"https:\/\/www.alcoawheels.com\/europe\/pt\/","name":"Europe Portuguese","description":"","publisher":{"@id":"https:\/\/www.alcoawheels.com\/europe\/pt\/#organization"},"potentialAction":[{"@type":"SearchAction","target":{"@type":"EntryPoint","urlTemplate":"https:\/\/www.alcoawheels.com\/europe\/pt\/?s={search_term_string}"},"query-input":{"@type":"PropertyValueSpecification","valueRequired":true,"valueName":"search_term_string"}}],"inLanguage":"en-US"},{"@type":"Organization","@id":"https:\/\/www.alcoawheels.com\/europe\/pt\/#organization","name":"Europe Portuguese","url":"https:\/\/www.alcoawheels.com\/europe\/pt\/","logo":{"@type":"ImageObject","inLanguage":"en-US","@id":"https:\/\/www.alcoawheels.com\/europe\/pt\/#\/schema\/logo\/image\/","url":"https:\/\/www.alcoawheels.com\/europe\/pt\/wp-content\/uploads\/sites\/21\/2023\/05\/logo-black.gif","contentUrl":"https:\/\/www.alcoawheels.com\/europe\/pt\/wp-content\/uploads\/sites\/21\/2023\/05\/logo-black.gif","width":71,"height":64,"caption":"Europe Portuguese"},"image":{"@id":"https:\/\/www.alcoawheels.com\/europe\/pt\/#\/schema\/logo\/image\/"}}]}},"parsely":{"version":"1.1.0","canonical_url":"https:\/\/alcoawheels.com\/europe\/pt\/","smart_links":{"inbound":0,"outbound":0},"traffic_boost_suggestions_count":0,"meta":{"@context":"https:\/\/schema.org","@type":"WebPage","headline":"Alcoa Wheels Europa","url":"http:\/\/www.alcoawheels.com\/europe\/pt\/","mainEntityOfPage":{"@type":"WebPage","@id":"http:\/\/www.alcoawheels.com\/europe\/pt\/"},"thumbnailUrl":"","image":{"@type":"ImageObject","url":""},"articleSection":"Uncategorized","author":[{"@type":"Person","name":"howmet"}],"creator":["howmet"],"publisher":{"@type":"Organization","name":"Europe Portuguese","logo":""},"keywords":[],"dateCreated":"2023-05-26T13:28:31Z","datePublished":"2023-05-26T13:28:31Z","dateModified":"2025-12-09T13:25:22Z"},"rendered":"<script type=\"application\/ld+json\" class=\"wp-parsely-metadata\">{\"@context\":\"https:\\\/\\\/schema.org\",\"@type\":\"WebPage\",\"headline\":\"Alcoa Wheels Europa\",\"url\":\"http:\\\/\\\/www.alcoawheels.com\\\/europe\\\/pt\\\/\",\"mainEntityOfPage\":{\"@type\":\"WebPage\",\"@id\":\"http:\\\/\\\/www.alcoawheels.com\\\/europe\\\/pt\\\/\"},\"thumbnailUrl\":\"\",\"image\":{\"@type\":\"ImageObject\",\"url\":\"\"},\"articleSection\":\"Uncategorized\",\"author\":[{\"@type\":\"Person\",\"name\":\"howmet\"}],\"creator\":[\"howmet\"],\"publisher\":{\"@type\":\"Organization\",\"name\":\"Europe Portuguese\",\"logo\":\"\"},\"keywords\":[],\"dateCreated\":\"2023-05-26T13:28:31Z\",\"datePublished\":\"2023-05-26T13:28:31Z\",\"dateModified\":\"2025-12-09T13:25:22Z\"}<\/script>","tracker_url":"https:\/\/cdn.parsely.com\/keys\/alcoawheels.com\/p.js"},"jetpack_sharing_enabled":true,"_links":{"self":[{"href":"https:\/\/www.alcoawheels.com\/europe\/pt\/wp-json\/wp\/v2\/pages\/6","targetHints":{"allow":["GET"]}}],"collection":[{"href":"https:\/\/www.alcoawheels.com\/europe\/pt\/wp-json\/wp\/v2\/pages"}],"about":[{"href":"https:\/\/www.alcoawheels.com\/europe\/pt\/wp-json\/wp\/v2\/types\/page"}],"author":[{"embeddable":true,"href":"https:\/\/www.alcoawheels.com\/europe\/pt\/wp-json\/wp\/v2\/users\/44"}],"replies":[{"embeddable":true,"href":"https:\/\/www.alcoawheels.com\/europe\/pt\/wp-json\/wp\/v2\/comments?post=6"}],"version-history":[{"count":15,"href":"https:\/\/www.alcoawheels.com\/europe\/pt\/wp-json\/wp\/v2\/pages\/6\/revisions"}],"predecessor-version":[{"id":2347,"href":"https:\/\/www.alcoawheels.com\/europe\/pt\/wp-json\/wp\/v2\/pages\/6\/revisions\/2347"}],"wp:attachment":[{"href":"https:\/\/www.alcoawheels.com\/europe\/pt\/wp-json\/wp\/v2\/media?parent=6"}],"curies":[{"name":"wp","href":"https:\/\/api.w.org\/{rel}","templated":true}]}}