{"id":15,"date":"2023-05-26T14:20:46","date_gmt":"2023-05-26T14:20:46","guid":{"rendered":"https:\/\/www.alcoawheels.com\/europe\/ro\/?page_id=15"},"modified":"2025-11-20T22:18:09","modified_gmt":"2025-11-20T20:18:09","slug":"aplicatii","status":"publish","type":"page","link":"https:\/\/www.alcoawheels.com\/europe\/ro\/aplicatii\/","title":{"rendered":"Aplica\u0163ii"},"content":{"rendered":"\n<div class=\"wp-block-alcoa-wheels-hero-banner-innerpage hero-banner with-image layout-2 overlayEnable align- vertical-align- align-center vertical-align-center\" style=\"background-color:#eee\"><img decoding=\"async\" src=\"https:\/\/www.alcoawheels.com\/europe\/ro\/wp-content\/uploads\/sites\/22\/2023\/06\/applications-banner.jpeg\" alt=\"Alcoa Wheels application\" class=\"responsiveImage\"\/><div class=\"hero-banner__header\" style=\"text-align:center\"><div class=\"container\"><h1 class=\"hero-banner__header--title\">Aplica\u0163ii<\/h1><\/div><\/div><\/div>\n\n\n\n<div style=\"height:50px\" aria-hidden=\"true\" class=\"wp-block-spacer spacer-fifty\"><\/div>\n\n\n\n<h2 class=\"wp-block-heading has-text-align-center\" id=\"conditii-dificile\">Camioane \u0219i remorci pentru sarcini medii \u0219i grele<\/h2>\n\n\n\n<div style=\"height:50px\" aria-hidden=\"true\" class=\"wp-block-spacer spacer-fifty\"><\/div>\n\n\n\n<div class=\"wp-block-alcoa-wheels-zigzag media-list__body\" id=\"zigzag-main-f09c56b9-a904-418f-a4c8-bee3ab7dd016\"><div class=\"media-list__body_main  vertical-align-center  fullWidth\">\n<div class=\"wp-block-alcoa-wheels-zigzag-item media-list-item\"><div class=\"media-list-item__box_content\"><div class=\"media-list-item__box_content_inner\">\n<p>Experimenta\u021bi <a href=\"https:\/\/www.alcoawheels.com\/europe\/ro\/avantaje\/#greutate-mai-mica\">reducerea greut\u0103\u021bii<\/a>, rezisten\u021ba \u0219i durabilitatea optimizate pentru aplica\u021bii pentru camioane \u0219i remorci. Jantele Alcoa<sup>\u00ae<\/sup> pot contribui la:<\/p>\n\n\n\n<div id=\"list-bdaa4ccd-8fcf-4727-b1fa-110d8441c0b5\" class=\"wp-block-alcoa-wheels-list-basic list\"><style>#list-bdaa4ccd-8fcf-4727-b1fa-110d8441c0b5 .listul.with-icn li span.list--item:before{background-image:url(https:\/\/www.alcoawheels.com\/europe\/ro\/wp-content\/uploads\/sites\/22\/2023\/05\/wheel-bullet.jpg);}<\/style><ul class=\"listul with-icn\"><li><span class=\"list--item\">\u00cembun\u0103t\u0103\u0163irea productivit\u0103\u0163ii<\/span><\/li><li><span class=\"list--item\">Reducerea \u00eentre\u0163inerii<\/span><\/li><li><span class=\"list--item\">Costuri de operare mai mici<\/span><\/li><li><span class=\"list--item\">Emisii de CO2 mai mici<\/span><\/li><li><span class=\"list--item\">\u00cembun\u0103t\u0103\u0163irea aspectului<\/span><\/li><\/ul><\/div>\n\n\n\n<p>Indiferent care sunt provoc\u0103rile dumneavoastr\u0103, v\u0103 oferim o gam\u0103 larg\u0103 de solu\u021bii. Fiecare roat\u0103 Alcoa<sup>\u00ae<\/sup> contribuie la optimizarea rezisten\u021bei \u0219i durabilit\u0103\u021bii, sc\u0103z\u00e2nd \u00een acela\u0219i timp greutatea pentru o sarcin\u0103 util\u0103 sporit\u0103.<\/p>\n\n\n\n<p>Mai multe dimensiuni, op\u021biuni de finisare \u0219i tratamente de suprafa\u021b\u0103 sunt disponibile pentru aplica\u021biile dumneavoastr\u0103 specifice.<\/p>\n\n\n\n<p>&nbsp;Pentru mai multe informa\u0163ii despre gama noastr\u0103 de jante, face\u0163i clic&nbsp;<a href=\"\/europe\/ro\/gama-de-jante\">aici<\/a>.<\/p>\n<\/div><\/div><div class=\"media-list-item__box_image\"><img loading=\"lazy\" decoding=\"async\" width=\"800\" height=\"800\" src=\"https:\/\/www.alcoawheels.com\/europe\/ro\/wp-content\/uploads\/sites\/22\/2023\/06\/applications-heavy-duty.jpg\" alt=\"Heavy duty trucks &amp; trailers example\"\/><\/div><\/div>\n<\/div><\/div>\n\n\n\n<hr class=\"wp-block-separator has-text-color has-alpha-channel-opacity has-background is-style-wide\" style=\"background-color:#cccccc;color:#cccccc\"\/>\n\n\n\n<div style=\"height:50px\" aria-hidden=\"true\" class=\"wp-block-spacer spacer-fifty\"><\/div>\n\n\n\n<h2 class=\"wp-block-heading has-text-align-center\" id=\"autobuze-urbane-interurbane-autocare\">Autobuze urbane, autobuze interurbane \u015fi autocare<\/h2>\n\n\n\n<div style=\"height:50px\" aria-hidden=\"true\" class=\"wp-block-spacer spacer-fifty\"><\/div>\n\n\n\n<div class=\"wp-block-alcoa-wheels-zigzag media-list__body\" id=\"zigzag-main-f09c56b9-a904-418f-a4c8-bee3ab7dd016\"><div class=\"media-list__body_main  vertical-align-center  fullWidth\">\n<div class=\"wp-block-alcoa-wheels-zigzag-item media-list-item\"><div class=\"media-list-item__box_content\"><div class=\"media-list-item__box_content_inner\">\n<p>Ro\u021bile Alcoa<sup>\u00ae<\/sup> pot contribui la<\/p>\n\n\n\n<div id=\"list-ee0f9b46-dc6f-4c1f-830c-c10e4eff0f19\" class=\"wp-block-alcoa-wheels-list-basic list\"><style>#list-ee0f9b46-dc6f-4c1f-830c-c10e4eff0f19 .listul.with-icn li span.list--item:before{background-image:url(https:\/\/www.alcoawheels.com\/europe\/ro\/wp-content\/uploads\/sites\/22\/2023\/05\/wheel-bullet.jpg);}<\/style><ul class=\"listul with-icn\"><li><span class=\"list--item\">Cre\u015fterea performan\u0163elor vehiculului<\/span><\/li><li><span class=\"list--item\">\u00cembun\u0103t\u0103\u0163irea aspectului<\/span><\/li><li><span class=\"list--item\">Reducerea \u00eentre\u0163inerii<\/span><\/li><li><span class=\"list--item\"><a href=\"\/europe\/ro\/avantaje\/#greutate-mai-mica\">Economie de greutate<\/a><\/span><\/li><li><span class=\"list--item\">Costuri de operare mai mici<\/span><\/li><li><span class=\"list--item\">Echivalent CO2 mai sc\u0103zut<\/span><\/li><\/ul><\/div>\n\n\n\n<p>Indiferent care sunt provoc\u0103rile dumneavoastr\u0103, v\u0103 oferim o gam\u0103 larg\u0103 de solu\u021bii.<\/p>\n\n\n\n<p>Mai multe dimensiuni, op\u021biuni de finisare \u0219i tratamente de suprafa\u021b\u0103 sunt disponibile pentru aplica\u021biile dvs. specifice pentru autobuz sau autocar.<\/p>\n\n\n\n<p>Pentru mai multe informa\u0163ii despre gama noastr\u0103 de jante, face\u0163i clic&nbsp;<a href=\"\/europe\/ro\/gama-de-jante\">aici<\/a>.<\/p>\n<\/div><\/div><div class=\"media-list-item__box_image\"><img loading=\"lazy\" decoding=\"async\" width=\"800\" height=\"689\" src=\"https:\/\/www.alcoawheels.com\/europe\/ro\/wp-content\/uploads\/sites\/22\/2023\/06\/applications-bus.jpg\" alt=\"City bus, intercity bus &amp; coach example\"\/><\/div><\/div>\n<\/div><\/div>\n\n\n\n<div style=\"height:50px\" aria-hidden=\"true\" class=\"wp-block-spacer spacer-fifty\"><\/div>\n\n\n\n<div class=\"wp-block-alcoa-wheels-card-usecase-1 card-box-v1__body with-icon align-center vertical-align-center\" id=\"card_box_v1-fa64e4f3-b880-4bc5-a93a-64d5b2702289\"><div class=\"fullwidthcontainer\"><div class=\"card-box-v1__boxes has-4-columns\"><div class=\"card-box-v1__box  with-link \" style=\"background-color:#00afb9\"><img decoding=\"async\" src=\"https:\/\/www.alcoawheels.com\/europe\/ro\/wp-content\/themes\/alcoa-wheels\/assets\/build\/js\/blocks\/card-usecase-1\/..\/..\/..\/images\/placeholder-image.db2b4d5c.jpeg\" alt=\"Contacta\u0163i\"\/><div class=\"card-box-v1__box__inner pos-abs\"><div class=\"card-box-v1__box_icon\"><img loading=\"lazy\" decoding=\"async\" width=\"171\" height=\"171\" src=\"https:\/\/www.alcoawheels.com\/europe\/ro\/wp-content\/uploads\/sites\/22\/2023\/06\/contact.png\" alt=\"\"\/><\/div><div class=\"card-box-v1__box_content\"><h4 style=\"color:#ffffff\">Contacta\u0163i<\/h4><\/div><div class=\"btn-wrap\"><\/div><\/div><a href=\"\/europe\/ro\/contact\" aria-label=\"Contacta\u0163i\"><\/a><\/div><div class=\"card-box-v1__box  with-link \" style=\"background-color:#34bfc7\"><img decoding=\"async\" src=\"https:\/\/www.alcoawheels.com\/europe\/ro\/wp-content\/themes\/alcoa-wheels\/assets\/build\/js\/blocks\/card-usecase-1\/..\/..\/..\/images\/placeholder-image.db2b4d5c.jpeg\" alt=\"Gama de jante\"\/><div class=\"card-box-v1__box__inner pos-abs\"><div class=\"card-box-v1__box_icon\"><img loading=\"lazy\" decoding=\"async\" width=\"169\" height=\"169\" src=\"https:\/\/www.alcoawheels.com\/europe\/ro\/wp-content\/uploads\/sites\/22\/2023\/06\/product-search.png\" alt=\"\"\/><\/div><div class=\"card-box-v1__box_content\"><h4 style=\"color:#ffffff\">Gama de jante<\/h4><\/div><div class=\"btn-wrap\"><\/div><\/div><a href=\"\/europe\/ro\/gama-de-jante\" aria-label=\"Gama de jante\"><\/a><\/div><div class=\"card-box-v1__box  with-link \" style=\"background-color:#00afb9\"><img decoding=\"async\" src=\"https:\/\/www.alcoawheels.com\/europe\/ro\/wp-content\/themes\/alcoa-wheels\/assets\/build\/js\/blocks\/card-usecase-1\/..\/..\/..\/images\/placeholder-image.db2b4d5c.jpeg\" alt=\"De unde se cump\u0103r\u0103\"\/><div class=\"card-box-v1__box__inner pos-abs\"><div class=\"card-box-v1__box_icon\"><img loading=\"lazy\" decoding=\"async\" width=\"169\" height=\"169\" src=\"https:\/\/www.alcoawheels.com\/europe\/ro\/wp-content\/uploads\/sites\/22\/2023\/06\/where-to-buy.png\" alt=\"\"\/><\/div><div class=\"card-box-v1__box_content\"><h4 style=\"color:#ffffff\">De unde se cump\u0103r\u0103<\/h4><\/div><div class=\"btn-wrap\"><\/div><\/div><a href=\"\/europe\/ro\/de-unde-se-cumpara\" aria-label=\"De unde se cump\u0103r\u0103\"><\/a><\/div><div class=\"card-box-v1__box  with-link \" style=\"background-color:#34bfc7\"><img decoding=\"async\" src=\"https:\/\/www.alcoawheels.com\/europe\/ro\/wp-content\/themes\/alcoa-wheels\/assets\/build\/js\/blocks\/card-usecase-1\/..\/..\/..\/images\/placeholder-image.db2b4d5c.jpeg\" alt=\"Desc\u0103rc\u0103ri\"\/><div class=\"card-box-v1__box__inner pos-abs\"><div class=\"card-box-v1__box_icon\"><img loading=\"lazy\" decoding=\"async\" width=\"169\" height=\"169\" src=\"https:\/\/www.alcoawheels.com\/europe\/ro\/wp-content\/uploads\/sites\/22\/2023\/06\/product-literature.png\" alt=\"\"\/><\/div><div class=\"card-box-v1__box_content\"><h4 style=\"color:#ffffff\">Desc\u0103rc\u0103ri<\/h4><\/div><div class=\"btn-wrap\"><\/div><\/div><a href=\"\/europe\/ro\/descarcari\" aria-label=\"Desc\u0103rc\u0103ri\"><\/a><\/div><\/div><\/div><\/div>\n","protected":false},"excerpt":{"rendered":"<p>Camioane \u0219i remorci pentru sarcini medii \u0219i grele Autobuze urbane, autobuze interurbane \u015fi autocare<\/p>\n","protected":false},"author":44,"featured_media":0,"parent":0,"menu_order":0,"comment_status":"closed","ping_status":"closed","template":"","meta":{"_acf_changed":false,"protected_reviewer_email":"","editor_notices":[],"footnotes":""},"class_list":["post-15","page","type-page","status-publish","hentry"],"acf":[],"yoast_head":"<!-- This site is optimized with the Yoast SEO Premium plugin v27.3 (Yoast SEO v27.3) - https:\/\/yoast.com\/product\/yoast-seo-premium-wordpress\/ -->\n<title>Finish Options for Aluminum Wheels | Alcoa Wheels<\/title>\n<meta name=\"description\" content=\"Alcoa aluminum wheels come in a variety of finish options. No matter what you&#039;re looking for, Alcoa has aluminum wheels perfect for your application.\" \/>\n<meta name=\"robots\" content=\"index, follow, max-snippet:-1, max-image-preview:large, max-video-preview:-1\" \/>\n<link rel=\"canonical\" href=\"https:\/\/www.alcoawheels.com\/europe\/ro\/aplicatii\/\" \/>\n<meta property=\"og:locale\" content=\"en_US\" \/>\n<meta property=\"og:type\" content=\"article\" \/>\n<meta property=\"og:title\" content=\"Aplica\u0163ii\" \/>\n<meta property=\"og:description\" content=\"Alcoa aluminum wheels come in a variety of finish options. No matter what you&#039;re looking for, Alcoa has aluminum wheels perfect for your application.\" \/>\n<meta property=\"og:url\" content=\"https:\/\/www.alcoawheels.com\/europe\/ro\/aplicatii\/\" \/>\n<meta property=\"og:site_name\" content=\"Europe Romanian\" \/>\n<meta property=\"article:modified_time\" content=\"2025-11-20T20:18:09+00:00\" \/>\n<meta property=\"og:image\" content=\"https:\/\/www.alcoawheels.com\/europe\/ro\/wp-content\/uploads\/sites\/22\/2023\/06\/applications-banner.jpeg\" \/>\n<meta name=\"twitter:card\" content=\"summary_large_image\" \/>\n<meta name=\"twitter:label1\" content=\"Est. reading time\" \/>\n\t<meta name=\"twitter:data1\" content=\"4 minutes\" \/>\n<script type=\"application\/ld+json\" class=\"yoast-schema-graph\">{\"@context\":\"https:\\\/\\\/schema.org\",\"@graph\":[{\"@type\":\"WebPage\",\"@id\":\"https:\\\/\\\/www.alcoawheels.com\\\/europe\\\/ro\\\/aplicatii\\\/\",\"url\":\"https:\\\/\\\/www.alcoawheels.com\\\/europe\\\/ro\\\/aplicatii\\\/\",\"name\":\"Finish Options for Aluminum Wheels | Alcoa Wheels\",\"isPartOf\":{\"@id\":\"https:\\\/\\\/www.alcoawheels.com\\\/europe\\\/ro\\\/#website\"},\"primaryImageOfPage\":{\"@id\":\"https:\\\/\\\/www.alcoawheels.com\\\/europe\\\/ro\\\/aplicatii\\\/#primaryimage\"},\"image\":{\"@id\":\"https:\\\/\\\/www.alcoawheels.com\\\/europe\\\/ro\\\/aplicatii\\\/#primaryimage\"},\"thumbnailUrl\":\"https:\\\/\\\/www.alcoawheels.com\\\/europe\\\/ro\\\/wp-content\\\/uploads\\\/sites\\\/22\\\/2023\\\/06\\\/applications-banner.jpeg\",\"datePublished\":\"2023-05-26T14:20:46+00:00\",\"dateModified\":\"2025-11-20T20:18:09+00:00\",\"description\":\"Alcoa aluminum wheels come in a variety of finish options. No matter what you're looking for, Alcoa has aluminum wheels perfect for your application.\",\"breadcrumb\":{\"@id\":\"https:\\\/\\\/www.alcoawheels.com\\\/europe\\\/ro\\\/aplicatii\\\/#breadcrumb\"},\"inLanguage\":\"en-US\",\"potentialAction\":[{\"@type\":\"ReadAction\",\"target\":[\"https:\\\/\\\/www.alcoawheels.com\\\/europe\\\/ro\\\/aplicatii\\\/\"]}]},{\"@type\":\"ImageObject\",\"inLanguage\":\"en-US\",\"@id\":\"https:\\\/\\\/www.alcoawheels.com\\\/europe\\\/ro\\\/aplicatii\\\/#primaryimage\",\"url\":\"https:\\\/\\\/www.alcoawheels.com\\\/europe\\\/ro\\\/wp-content\\\/uploads\\\/sites\\\/22\\\/2023\\\/06\\\/applications-banner.jpeg\",\"contentUrl\":\"https:\\\/\\\/www.alcoawheels.com\\\/europe\\\/ro\\\/wp-content\\\/uploads\\\/sites\\\/22\\\/2023\\\/06\\\/applications-banner.jpeg\",\"width\":1119,\"height\":280,\"caption\":\"Alcoa Wheels application\"},{\"@type\":\"BreadcrumbList\",\"@id\":\"https:\\\/\\\/www.alcoawheels.com\\\/europe\\\/ro\\\/aplicatii\\\/#breadcrumb\",\"itemListElement\":[{\"@type\":\"ListItem\",\"position\":1,\"name\":\"Home\",\"item\":\"https:\\\/\\\/www.alcoawheels.com\\\/europe\\\/ro\\\/\"},{\"@type\":\"ListItem\",\"position\":2,\"name\":\"Aplica\u0163ii\"}]},{\"@type\":\"WebSite\",\"@id\":\"https:\\\/\\\/www.alcoawheels.com\\\/europe\\\/ro\\\/#website\",\"url\":\"https:\\\/\\\/www.alcoawheels.com\\\/europe\\\/ro\\\/\",\"name\":\"Europe Romanian\",\"description\":\"\",\"publisher\":{\"@id\":\"https:\\\/\\\/www.alcoawheels.com\\\/europe\\\/ro\\\/#organization\"},\"potentialAction\":[{\"@type\":\"SearchAction\",\"target\":{\"@type\":\"EntryPoint\",\"urlTemplate\":\"https:\\\/\\\/www.alcoawheels.com\\\/europe\\\/ro\\\/?s={search_term_string}\"},\"query-input\":{\"@type\":\"PropertyValueSpecification\",\"valueRequired\":true,\"valueName\":\"search_term_string\"}}],\"inLanguage\":\"en-US\"},{\"@type\":\"Organization\",\"@id\":\"https:\\\/\\\/www.alcoawheels.com\\\/europe\\\/ro\\\/#organization\",\"name\":\"Europe Romanian\",\"url\":\"https:\\\/\\\/www.alcoawheels.com\\\/europe\\\/ro\\\/\",\"logo\":{\"@type\":\"ImageObject\",\"inLanguage\":\"en-US\",\"@id\":\"https:\\\/\\\/www.alcoawheels.com\\\/europe\\\/ro\\\/#\\\/schema\\\/logo\\\/image\\\/\",\"url\":\"https:\\\/\\\/www.alcoawheels.com\\\/europe\\\/ro\\\/wp-content\\\/uploads\\\/sites\\\/22\\\/2023\\\/05\\\/logo-black.gif\",\"contentUrl\":\"https:\\\/\\\/www.alcoawheels.com\\\/europe\\\/ro\\\/wp-content\\\/uploads\\\/sites\\\/22\\\/2023\\\/05\\\/logo-black.gif\",\"width\":71,\"height\":64,\"caption\":\"Europe Romanian\"},\"image\":{\"@id\":\"https:\\\/\\\/www.alcoawheels.com\\\/europe\\\/ro\\\/#\\\/schema\\\/logo\\\/image\\\/\"}}]}<\/script>\n<!-- \/ Yoast SEO Premium plugin. -->","yoast_head_json":{"title":"Finish Options for Aluminum Wheels | Alcoa Wheels","description":"Alcoa aluminum wheels come in a variety of finish options. No matter what you're looking for, Alcoa has aluminum wheels perfect for your application.","robots":{"index":"index","follow":"follow","max-snippet":"max-snippet:-1","max-image-preview":"max-image-preview:large","max-video-preview":"max-video-preview:-1"},"canonical":"https:\/\/www.alcoawheels.com\/europe\/ro\/aplicatii\/","og_locale":"en_US","og_type":"article","og_title":"Aplica\u0163ii","og_description":"Alcoa aluminum wheels come in a variety of finish options. No matter what you're looking for, Alcoa has aluminum wheels perfect for your application.","og_url":"https:\/\/www.alcoawheels.com\/europe\/ro\/aplicatii\/","og_site_name":"Europe Romanian","article_modified_time":"2025-11-20T20:18:09+00:00","og_image":[{"url":"https:\/\/www.alcoawheels.com\/europe\/ro\/wp-content\/uploads\/sites\/22\/2023\/06\/applications-banner.jpeg","type":"","width":"","height":""}],"twitter_card":"summary_large_image","twitter_misc":{"Est. reading time":"4 minutes"},"schema":{"@context":"https:\/\/schema.org","@graph":[{"@type":"WebPage","@id":"https:\/\/www.alcoawheels.com\/europe\/ro\/aplicatii\/","url":"https:\/\/www.alcoawheels.com\/europe\/ro\/aplicatii\/","name":"Finish Options for Aluminum Wheels | Alcoa Wheels","isPartOf":{"@id":"https:\/\/www.alcoawheels.com\/europe\/ro\/#website"},"primaryImageOfPage":{"@id":"https:\/\/www.alcoawheels.com\/europe\/ro\/aplicatii\/#primaryimage"},"image":{"@id":"https:\/\/www.alcoawheels.com\/europe\/ro\/aplicatii\/#primaryimage"},"thumbnailUrl":"https:\/\/www.alcoawheels.com\/europe\/ro\/wp-content\/uploads\/sites\/22\/2023\/06\/applications-banner.jpeg","datePublished":"2023-05-26T14:20:46+00:00","dateModified":"2025-11-20T20:18:09+00:00","description":"Alcoa aluminum wheels come in a variety of finish options. No matter what you're looking for, Alcoa has aluminum wheels perfect for your application.","breadcrumb":{"@id":"https:\/\/www.alcoawheels.com\/europe\/ro\/aplicatii\/#breadcrumb"},"inLanguage":"en-US","potentialAction":[{"@type":"ReadAction","target":["https:\/\/www.alcoawheels.com\/europe\/ro\/aplicatii\/"]}]},{"@type":"ImageObject","inLanguage":"en-US","@id":"https:\/\/www.alcoawheels.com\/europe\/ro\/aplicatii\/#primaryimage","url":"https:\/\/www.alcoawheels.com\/europe\/ro\/wp-content\/uploads\/sites\/22\/2023\/06\/applications-banner.jpeg","contentUrl":"https:\/\/www.alcoawheels.com\/europe\/ro\/wp-content\/uploads\/sites\/22\/2023\/06\/applications-banner.jpeg","width":1119,"height":280,"caption":"Alcoa Wheels application"},{"@type":"BreadcrumbList","@id":"https:\/\/www.alcoawheels.com\/europe\/ro\/aplicatii\/#breadcrumb","itemListElement":[{"@type":"ListItem","position":1,"name":"Home","item":"https:\/\/www.alcoawheels.com\/europe\/ro\/"},{"@type":"ListItem","position":2,"name":"Aplica\u0163ii"}]},{"@type":"WebSite","@id":"https:\/\/www.alcoawheels.com\/europe\/ro\/#website","url":"https:\/\/www.alcoawheels.com\/europe\/ro\/","name":"Europe Romanian","description":"","publisher":{"@id":"https:\/\/www.alcoawheels.com\/europe\/ro\/#organization"},"potentialAction":[{"@type":"SearchAction","target":{"@type":"EntryPoint","urlTemplate":"https:\/\/www.alcoawheels.com\/europe\/ro\/?s={search_term_string}"},"query-input":{"@type":"PropertyValueSpecification","valueRequired":true,"valueName":"search_term_string"}}],"inLanguage":"en-US"},{"@type":"Organization","@id":"https:\/\/www.alcoawheels.com\/europe\/ro\/#organization","name":"Europe Romanian","url":"https:\/\/www.alcoawheels.com\/europe\/ro\/","logo":{"@type":"ImageObject","inLanguage":"en-US","@id":"https:\/\/www.alcoawheels.com\/europe\/ro\/#\/schema\/logo\/image\/","url":"https:\/\/www.alcoawheels.com\/europe\/ro\/wp-content\/uploads\/sites\/22\/2023\/05\/logo-black.gif","contentUrl":"https:\/\/www.alcoawheels.com\/europe\/ro\/wp-content\/uploads\/sites\/22\/2023\/05\/logo-black.gif","width":71,"height":64,"caption":"Europe Romanian"},"image":{"@id":"https:\/\/www.alcoawheels.com\/europe\/ro\/#\/schema\/logo\/image\/"}}]}},"parsely":{"version":"1.1.0","canonical_url":"https:\/\/alcoawheels.com\/europe\/ro\/aplicatii\/","smart_links":{"inbound":0,"outbound":0},"traffic_boost_suggestions_count":0,"meta":{"@context":"https:\/\/schema.org","@type":"WebPage","headline":"Aplica\u0163ii","url":"http:\/\/www.alcoawheels.com\/europe\/ro\/aplicatii\/","mainEntityOfPage":{"@type":"WebPage","@id":"http:\/\/www.alcoawheels.com\/europe\/ro\/aplicatii\/"},"thumbnailUrl":"","image":{"@type":"ImageObject","url":""},"articleSection":"Uncategorized","author":[{"@type":"Person","name":"howmet"}],"creator":["howmet"],"publisher":{"@type":"Organization","name":"Europe Romanian","logo":""},"keywords":[],"dateCreated":"2023-05-26T14:20:46Z","datePublished":"2023-05-26T14:20:46Z","dateModified":"2025-11-20T20:18:09Z"},"rendered":"<script type=\"application\/ld+json\" class=\"wp-parsely-metadata\">{\"@context\":\"https:\\\/\\\/schema.org\",\"@type\":\"WebPage\",\"headline\":\"Aplica\\u0163ii\",\"url\":\"http:\\\/\\\/www.alcoawheels.com\\\/europe\\\/ro\\\/aplicatii\\\/\",\"mainEntityOfPage\":{\"@type\":\"WebPage\",\"@id\":\"http:\\\/\\\/www.alcoawheels.com\\\/europe\\\/ro\\\/aplicatii\\\/\"},\"thumbnailUrl\":\"\",\"image\":{\"@type\":\"ImageObject\",\"url\":\"\"},\"articleSection\":\"Uncategorized\",\"author\":[{\"@type\":\"Person\",\"name\":\"howmet\"}],\"creator\":[\"howmet\"],\"publisher\":{\"@type\":\"Organization\",\"name\":\"Europe Romanian\",\"logo\":\"\"},\"keywords\":[],\"dateCreated\":\"2023-05-26T14:20:46Z\",\"datePublished\":\"2023-05-26T14:20:46Z\",\"dateModified\":\"2025-11-20T20:18:09Z\"}<\/script>","tracker_url":"https:\/\/cdn.parsely.com\/keys\/alcoawheels.com\/p.js"},"jetpack_sharing_enabled":true,"_links":{"self":[{"href":"https:\/\/www.alcoawheels.com\/europe\/ro\/wp-json\/wp\/v2\/pages\/15","targetHints":{"allow":["GET"]}}],"collection":[{"href":"https:\/\/www.alcoawheels.com\/europe\/ro\/wp-json\/wp\/v2\/pages"}],"about":[{"href":"https:\/\/www.alcoawheels.com\/europe\/ro\/wp-json\/wp\/v2\/types\/page"}],"author":[{"embeddable":true,"href":"https:\/\/www.alcoawheels.com\/europe\/ro\/wp-json\/wp\/v2\/users\/44"}],"replies":[{"embeddable":true,"href":"https:\/\/www.alcoawheels.com\/europe\/ro\/wp-json\/wp\/v2\/comments?post=15"}],"version-history":[{"count":8,"href":"https:\/\/www.alcoawheels.com\/europe\/ro\/wp-json\/wp\/v2\/pages\/15\/revisions"}],"predecessor-version":[{"id":2323,"href":"https:\/\/www.alcoawheels.com\/europe\/ro\/wp-json\/wp\/v2\/pages\/15\/revisions\/2323"}],"wp:attachment":[{"href":"https:\/\/www.alcoawheels.com\/europe\/ro\/wp-json\/wp\/v2\/media?parent=15"}],"curies":[{"name":"wp","href":"https:\/\/api.w.org\/{rel}","templated":true}]}}