{"id":2106,"date":"2024-07-19T17:41:28","date_gmt":"2024-07-19T14:41:28","guid":{"rendered":"https:\/\/www.alcoawheels.com\/europe\/ro\/?page_id=2106"},"modified":"2024-07-19T17:41:29","modified_gmt":"2024-07-19T14:41:29","slug":"test-de-rezistenta","status":"publish","type":"page","link":"https:\/\/www.alcoawheels.com\/europe\/ro\/test-de-rezistenta\/","title":{"rendered":"Test de rezisten\u021b\u0103"},"content":{"rendered":"\n<div class=\"wp-block-alcoa-wheels-hero-banner-innerpage hero-banner with-image layout-2 overlayEnable align- vertical-align- align-center vertical-align-center\" style=\"background-color:#eee\"><img decoding=\"async\" src=\"https:\/\/www.alcoawheels.com\/europe\/ro\/wp-content\/uploads\/sites\/22\/2023\/06\/benefits-banner.jpeg\" alt=\"Why Alcoa Wheels\" class=\"responsiveImage\"\/><div class=\"hero-banner__header\" style=\"text-align:center\"><div class=\"container\"><h1 class=\"hero-banner__header--title\">Test de rezisten\u021b\u0103<\/h1><\/div><\/div><\/div>\n\n\n\n<div style=\"height:50px\" aria-hidden=\"true\" class=\"wp-block-spacer spacer-fifty\"><\/div>\n\n\n\n<p>Janta Alcoa<sup>\u00ae<\/sup> Ultra ONE<sup>\u00ae<\/sup> 22.5\u201d x 9.00\u201d (num\u0103r pies\u0103 89U520) s-a deformat cu 50 mm sub o sarcin\u0103 de 442 kN \/ 45076 kg, demonstr\u00e2nd o performan\u021b\u0103 de 3,4 ori mai puternic\u0103 dec\u00e2t janta din o\u021bel Maxion (num\u0103r pies\u0103 2920841) de aceea\u0219i dimensiune, care s-a deformat cu 50 mm sub o for\u021b\u0103 de 129 kN \/ 13154 kg.<\/p>\n\n\n<div class=\"wp-block-image\">\n<figure class=\"aligncenter size-large is-resized\"><img loading=\"lazy\" decoding=\"async\" height=\"569\" width=\"1024\" src=\"https:\/\/www.alcoawheels.com\/europe\/ro\/wp-content\/uploads\/sites\/22\/2024\/07\/Alcoa-vs.-Steel-high-resolution.png?w=1024\" alt=\"\" class=\"wp-image-2108\" style=\"width:881px\" srcset=\"https:\/\/www.alcoawheels.com\/europe\/ro\/wp-content\/uploads\/sites\/22\/2024\/07\/Alcoa-vs.-Steel-high-resolution.png 4266w, https:\/\/www.alcoawheels.com\/europe\/ro\/wp-content\/uploads\/sites\/22\/2024\/07\/Alcoa-vs.-Steel-high-resolution.png?resize=300,167 300w, https:\/\/www.alcoawheels.com\/europe\/ro\/wp-content\/uploads\/sites\/22\/2024\/07\/Alcoa-vs.-Steel-high-resolution.png?resize=768,427 768w, https:\/\/www.alcoawheels.com\/europe\/ro\/wp-content\/uploads\/sites\/22\/2024\/07\/Alcoa-vs.-Steel-high-resolution.png?resize=1024,569 1024w, https:\/\/www.alcoawheels.com\/europe\/ro\/wp-content\/uploads\/sites\/22\/2024\/07\/Alcoa-vs.-Steel-high-resolution.png?resize=1536,854 1536w, https:\/\/www.alcoawheels.com\/europe\/ro\/wp-content\/uploads\/sites\/22\/2024\/07\/Alcoa-vs.-Steel-high-resolution.png?resize=2048,1139 2048w\" sizes=\"auto, (max-width: 1024px) 100vw, 1024px\" \/><\/figure>\n<\/div>\n\n\n<p>Test de rezisten\u021b\u0103 &#8211; Universitatea Istv\u00e1n Sz\u00e9chenyi, Departamentul de Fabrica\u021bie \u0219i Tehnologie a Vehiculelor, Ungaria, 2024<\/p>\n","protected":false},"excerpt":{"rendered":"<p>Janta Alcoa\u00ae Ultra ONE\u00ae 22.5\u201d x 9.00\u201d (num\u0103r pies\u0103 89U520) s-a deformat cu 50 mm sub o sarcin\u0103 de 442 kN \/ 45076 kg, demonstr\u00e2nd o performan\u021b\u0103 de 3,4 ori mai puternic\u0103 dec\u00e2t janta din o\u021bel Maxion (num\u0103r pies\u0103 2920841) de aceea\u0219i dimensiune, care s-a deformat cu 50 mm sub o for\u021b\u0103 de 129 kN [&hellip;]<\/p>\n","protected":false},"author":62,"featured_media":0,"parent":0,"menu_order":0,"comment_status":"closed","ping_status":"closed","template":"","meta":{"_acf_changed":false,"protected_reviewer_email":"","editor_notices":[],"footnotes":""},"class_list":["post-2106","page","type-page","status-publish","hentry"],"acf":[],"yoast_head":"<!-- This site is optimized with the Yoast SEO Premium plugin v27.3 (Yoast SEO v27.3) - https:\/\/yoast.com\/product\/yoast-seo-premium-wordpress\/ -->\n<title>Test de rezisten\u021b\u0103 - Europe Romanian<\/title>\n<meta name=\"robots\" content=\"index, follow, max-snippet:-1, max-image-preview:large, max-video-preview:-1\" \/>\n<link rel=\"canonical\" href=\"https:\/\/www.alcoawheels.com\/europe\/ro\/test-de-rezistenta\/\" \/>\n<meta property=\"og:locale\" content=\"en_US\" \/>\n<meta property=\"og:type\" content=\"article\" \/>\n<meta property=\"og:title\" content=\"Test de rezisten\u021b\u0103\" \/>\n<meta property=\"og:description\" content=\"Janta Alcoa\u00ae Ultra ONE\u00ae 22.5\u201d x 9.00\u201d (num\u0103r pies\u0103 89U520) s-a deformat cu 50 mm sub o sarcin\u0103 de 442 kN \/ 45076 kg, demonstr\u00e2nd o performan\u021b\u0103 de 3,4 ori mai puternic\u0103 dec\u00e2t janta din o\u021bel Maxion (num\u0103r pies\u0103 2920841) de aceea\u0219i dimensiune, care s-a deformat cu 50 mm sub o for\u021b\u0103 de 129 kN [&hellip;]\" \/>\n<meta property=\"og:url\" content=\"https:\/\/www.alcoawheels.com\/europe\/ro\/test-de-rezistenta\/\" \/>\n<meta property=\"og:site_name\" content=\"Europe Romanian\" \/>\n<meta property=\"article:modified_time\" content=\"2024-07-19T14:41:29+00:00\" \/>\n<meta property=\"og:image\" content=\"https:\/\/www.alcoawheels.com\/europe\/ro\/wp-content\/uploads\/sites\/22\/2023\/06\/benefits-banner.jpeg\" \/>\n<meta name=\"twitter:card\" content=\"summary_large_image\" \/>\n<meta name=\"twitter:label1\" content=\"Est. reading time\" \/>\n\t<meta name=\"twitter:data1\" content=\"1 minute\" \/>\n<script type=\"application\/ld+json\" class=\"yoast-schema-graph\">{\"@context\":\"https:\\\/\\\/schema.org\",\"@graph\":[{\"@type\":\"WebPage\",\"@id\":\"https:\\\/\\\/www.alcoawheels.com\\\/europe\\\/ro\\\/test-de-rezistenta\\\/\",\"url\":\"https:\\\/\\\/www.alcoawheels.com\\\/europe\\\/ro\\\/test-de-rezistenta\\\/\",\"name\":\"Test de rezisten\u021b\u0103 - Europe Romanian\",\"isPartOf\":{\"@id\":\"https:\\\/\\\/www.alcoawheels.com\\\/europe\\\/ro\\\/#website\"},\"primaryImageOfPage\":{\"@id\":\"https:\\\/\\\/www.alcoawheels.com\\\/europe\\\/ro\\\/test-de-rezistenta\\\/#primaryimage\"},\"image\":{\"@id\":\"https:\\\/\\\/www.alcoawheels.com\\\/europe\\\/ro\\\/test-de-rezistenta\\\/#primaryimage\"},\"thumbnailUrl\":\"https:\\\/\\\/www.alcoawheels.com\\\/europe\\\/ro\\\/wp-content\\\/uploads\\\/sites\\\/22\\\/2023\\\/06\\\/benefits-banner.jpeg\",\"datePublished\":\"2024-07-19T14:41:28+00:00\",\"dateModified\":\"2024-07-19T14:41:29+00:00\",\"breadcrumb\":{\"@id\":\"https:\\\/\\\/www.alcoawheels.com\\\/europe\\\/ro\\\/test-de-rezistenta\\\/#breadcrumb\"},\"inLanguage\":\"en-US\",\"potentialAction\":[{\"@type\":\"ReadAction\",\"target\":[\"https:\\\/\\\/www.alcoawheels.com\\\/europe\\\/ro\\\/test-de-rezistenta\\\/\"]}]},{\"@type\":\"ImageObject\",\"inLanguage\":\"en-US\",\"@id\":\"https:\\\/\\\/www.alcoawheels.com\\\/europe\\\/ro\\\/test-de-rezistenta\\\/#primaryimage\",\"url\":\"https:\\\/\\\/www.alcoawheels.com\\\/europe\\\/ro\\\/wp-content\\\/uploads\\\/sites\\\/22\\\/2023\\\/06\\\/benefits-banner.jpeg\",\"contentUrl\":\"https:\\\/\\\/www.alcoawheels.com\\\/europe\\\/ro\\\/wp-content\\\/uploads\\\/sites\\\/22\\\/2023\\\/06\\\/benefits-banner.jpeg\",\"width\":1119,\"height\":280,\"caption\":\"Why Alcoa Wheels\"},{\"@type\":\"BreadcrumbList\",\"@id\":\"https:\\\/\\\/www.alcoawheels.com\\\/europe\\\/ro\\\/test-de-rezistenta\\\/#breadcrumb\",\"itemListElement\":[{\"@type\":\"ListItem\",\"position\":1,\"name\":\"Home\",\"item\":\"https:\\\/\\\/www.alcoawheels.com\\\/europe\\\/ro\\\/\"},{\"@type\":\"ListItem\",\"position\":2,\"name\":\"Test de rezisten\u021b\u0103\"}]},{\"@type\":\"WebSite\",\"@id\":\"https:\\\/\\\/www.alcoawheels.com\\\/europe\\\/ro\\\/#website\",\"url\":\"https:\\\/\\\/www.alcoawheels.com\\\/europe\\\/ro\\\/\",\"name\":\"Europe Romanian\",\"description\":\"\",\"publisher\":{\"@id\":\"https:\\\/\\\/www.alcoawheels.com\\\/europe\\\/ro\\\/#organization\"},\"potentialAction\":[{\"@type\":\"SearchAction\",\"target\":{\"@type\":\"EntryPoint\",\"urlTemplate\":\"https:\\\/\\\/www.alcoawheels.com\\\/europe\\\/ro\\\/?s={search_term_string}\"},\"query-input\":{\"@type\":\"PropertyValueSpecification\",\"valueRequired\":true,\"valueName\":\"search_term_string\"}}],\"inLanguage\":\"en-US\"},{\"@type\":\"Organization\",\"@id\":\"https:\\\/\\\/www.alcoawheels.com\\\/europe\\\/ro\\\/#organization\",\"name\":\"Europe Romanian\",\"url\":\"https:\\\/\\\/www.alcoawheels.com\\\/europe\\\/ro\\\/\",\"logo\":{\"@type\":\"ImageObject\",\"inLanguage\":\"en-US\",\"@id\":\"https:\\\/\\\/www.alcoawheels.com\\\/europe\\\/ro\\\/#\\\/schema\\\/logo\\\/image\\\/\",\"url\":\"https:\\\/\\\/www.alcoawheels.com\\\/europe\\\/ro\\\/wp-content\\\/uploads\\\/sites\\\/22\\\/2023\\\/05\\\/logo-black.gif\",\"contentUrl\":\"https:\\\/\\\/www.alcoawheels.com\\\/europe\\\/ro\\\/wp-content\\\/uploads\\\/sites\\\/22\\\/2023\\\/05\\\/logo-black.gif\",\"width\":71,\"height\":64,\"caption\":\"Europe Romanian\"},\"image\":{\"@id\":\"https:\\\/\\\/www.alcoawheels.com\\\/europe\\\/ro\\\/#\\\/schema\\\/logo\\\/image\\\/\"}}]}<\/script>\n<!-- \/ Yoast SEO Premium plugin. -->","yoast_head_json":{"title":"Test de rezisten\u021b\u0103 - Europe Romanian","robots":{"index":"index","follow":"follow","max-snippet":"max-snippet:-1","max-image-preview":"max-image-preview:large","max-video-preview":"max-video-preview:-1"},"canonical":"https:\/\/www.alcoawheels.com\/europe\/ro\/test-de-rezistenta\/","og_locale":"en_US","og_type":"article","og_title":"Test de rezisten\u021b\u0103","og_description":"Janta Alcoa\u00ae Ultra ONE\u00ae 22.5\u201d x 9.00\u201d (num\u0103r pies\u0103 89U520) s-a deformat cu 50 mm sub o sarcin\u0103 de 442 kN \/ 45076 kg, demonstr\u00e2nd o performan\u021b\u0103 de 3,4 ori mai puternic\u0103 dec\u00e2t janta din o\u021bel Maxion (num\u0103r pies\u0103 2920841) de aceea\u0219i dimensiune, care s-a deformat cu 50 mm sub o for\u021b\u0103 de 129 kN [&hellip;]","og_url":"https:\/\/www.alcoawheels.com\/europe\/ro\/test-de-rezistenta\/","og_site_name":"Europe Romanian","article_modified_time":"2024-07-19T14:41:29+00:00","og_image":[{"url":"https:\/\/www.alcoawheels.com\/europe\/ro\/wp-content\/uploads\/sites\/22\/2023\/06\/benefits-banner.jpeg","type":"","width":"","height":""}],"twitter_card":"summary_large_image","twitter_misc":{"Est. reading time":"1 minute"},"schema":{"@context":"https:\/\/schema.org","@graph":[{"@type":"WebPage","@id":"https:\/\/www.alcoawheels.com\/europe\/ro\/test-de-rezistenta\/","url":"https:\/\/www.alcoawheels.com\/europe\/ro\/test-de-rezistenta\/","name":"Test de rezisten\u021b\u0103 - Europe Romanian","isPartOf":{"@id":"https:\/\/www.alcoawheels.com\/europe\/ro\/#website"},"primaryImageOfPage":{"@id":"https:\/\/www.alcoawheels.com\/europe\/ro\/test-de-rezistenta\/#primaryimage"},"image":{"@id":"https:\/\/www.alcoawheels.com\/europe\/ro\/test-de-rezistenta\/#primaryimage"},"thumbnailUrl":"https:\/\/www.alcoawheels.com\/europe\/ro\/wp-content\/uploads\/sites\/22\/2023\/06\/benefits-banner.jpeg","datePublished":"2024-07-19T14:41:28+00:00","dateModified":"2024-07-19T14:41:29+00:00","breadcrumb":{"@id":"https:\/\/www.alcoawheels.com\/europe\/ro\/test-de-rezistenta\/#breadcrumb"},"inLanguage":"en-US","potentialAction":[{"@type":"ReadAction","target":["https:\/\/www.alcoawheels.com\/europe\/ro\/test-de-rezistenta\/"]}]},{"@type":"ImageObject","inLanguage":"en-US","@id":"https:\/\/www.alcoawheels.com\/europe\/ro\/test-de-rezistenta\/#primaryimage","url":"https:\/\/www.alcoawheels.com\/europe\/ro\/wp-content\/uploads\/sites\/22\/2023\/06\/benefits-banner.jpeg","contentUrl":"https:\/\/www.alcoawheels.com\/europe\/ro\/wp-content\/uploads\/sites\/22\/2023\/06\/benefits-banner.jpeg","width":1119,"height":280,"caption":"Why Alcoa Wheels"},{"@type":"BreadcrumbList","@id":"https:\/\/www.alcoawheels.com\/europe\/ro\/test-de-rezistenta\/#breadcrumb","itemListElement":[{"@type":"ListItem","position":1,"name":"Home","item":"https:\/\/www.alcoawheels.com\/europe\/ro\/"},{"@type":"ListItem","position":2,"name":"Test de rezisten\u021b\u0103"}]},{"@type":"WebSite","@id":"https:\/\/www.alcoawheels.com\/europe\/ro\/#website","url":"https:\/\/www.alcoawheels.com\/europe\/ro\/","name":"Europe Romanian","description":"","publisher":{"@id":"https:\/\/www.alcoawheels.com\/europe\/ro\/#organization"},"potentialAction":[{"@type":"SearchAction","target":{"@type":"EntryPoint","urlTemplate":"https:\/\/www.alcoawheels.com\/europe\/ro\/?s={search_term_string}"},"query-input":{"@type":"PropertyValueSpecification","valueRequired":true,"valueName":"search_term_string"}}],"inLanguage":"en-US"},{"@type":"Organization","@id":"https:\/\/www.alcoawheels.com\/europe\/ro\/#organization","name":"Europe Romanian","url":"https:\/\/www.alcoawheels.com\/europe\/ro\/","logo":{"@type":"ImageObject","inLanguage":"en-US","@id":"https:\/\/www.alcoawheels.com\/europe\/ro\/#\/schema\/logo\/image\/","url":"https:\/\/www.alcoawheels.com\/europe\/ro\/wp-content\/uploads\/sites\/22\/2023\/05\/logo-black.gif","contentUrl":"https:\/\/www.alcoawheels.com\/europe\/ro\/wp-content\/uploads\/sites\/22\/2023\/05\/logo-black.gif","width":71,"height":64,"caption":"Europe Romanian"},"image":{"@id":"https:\/\/www.alcoawheels.com\/europe\/ro\/#\/schema\/logo\/image\/"}}]}},"parsely":{"version":"1.1.0","canonical_url":"https:\/\/alcoawheels.com\/europe\/ro\/test-de-rezistenta\/","smart_links":{"inbound":0,"outbound":0},"traffic_boost_suggestions_count":0,"meta":{"@context":"https:\/\/schema.org","@type":"WebPage","headline":"Test de rezisten\u021b\u0103","url":"http:\/\/www.alcoawheels.com\/europe\/ro\/test-de-rezistenta\/","mainEntityOfPage":{"@type":"WebPage","@id":"http:\/\/www.alcoawheels.com\/europe\/ro\/test-de-rezistenta\/"},"thumbnailUrl":"","image":{"@type":"ImageObject","url":""},"articleSection":"Uncategorized","author":[{"@type":"Person","name":"riccirm"}],"creator":["riccirm"],"publisher":{"@type":"Organization","name":"Europe Romanian","logo":""},"keywords":[],"dateCreated":"2024-07-19T14:41:28Z","datePublished":"2024-07-19T14:41:28Z","dateModified":"2024-07-19T14:41:29Z"},"rendered":"<script type=\"application\/ld+json\" class=\"wp-parsely-metadata\">{\"@context\":\"https:\\\/\\\/schema.org\",\"@type\":\"WebPage\",\"headline\":\"Test de rezisten\\u021b\\u0103\",\"url\":\"http:\\\/\\\/www.alcoawheels.com\\\/europe\\\/ro\\\/test-de-rezistenta\\\/\",\"mainEntityOfPage\":{\"@type\":\"WebPage\",\"@id\":\"http:\\\/\\\/www.alcoawheels.com\\\/europe\\\/ro\\\/test-de-rezistenta\\\/\"},\"thumbnailUrl\":\"\",\"image\":{\"@type\":\"ImageObject\",\"url\":\"\"},\"articleSection\":\"Uncategorized\",\"author\":[{\"@type\":\"Person\",\"name\":\"riccirm\"}],\"creator\":[\"riccirm\"],\"publisher\":{\"@type\":\"Organization\",\"name\":\"Europe Romanian\",\"logo\":\"\"},\"keywords\":[],\"dateCreated\":\"2024-07-19T14:41:28Z\",\"datePublished\":\"2024-07-19T14:41:28Z\",\"dateModified\":\"2024-07-19T14:41:29Z\"}<\/script>","tracker_url":"https:\/\/cdn.parsely.com\/keys\/alcoawheels.com\/p.js"},"jetpack_sharing_enabled":true,"_links":{"self":[{"href":"https:\/\/www.alcoawheels.com\/europe\/ro\/wp-json\/wp\/v2\/pages\/2106","targetHints":{"allow":["GET"]}}],"collection":[{"href":"https:\/\/www.alcoawheels.com\/europe\/ro\/wp-json\/wp\/v2\/pages"}],"about":[{"href":"https:\/\/www.alcoawheels.com\/europe\/ro\/wp-json\/wp\/v2\/types\/page"}],"author":[{"embeddable":true,"href":"https:\/\/www.alcoawheels.com\/europe\/ro\/wp-json\/wp\/v2\/users\/62"}],"replies":[{"embeddable":true,"href":"https:\/\/www.alcoawheels.com\/europe\/ro\/wp-json\/wp\/v2\/comments?post=2106"}],"version-history":[{"count":3,"href":"https:\/\/www.alcoawheels.com\/europe\/ro\/wp-json\/wp\/v2\/pages\/2106\/revisions"}],"predecessor-version":[{"id":2110,"href":"https:\/\/www.alcoawheels.com\/europe\/ro\/wp-json\/wp\/v2\/pages\/2106\/revisions\/2110"}],"wp:attachment":[{"href":"https:\/\/www.alcoawheels.com\/europe\/ro\/wp-json\/wp\/v2\/media?parent=2106"}],"curies":[{"name":"wp","href":"https:\/\/api.w.org\/{rel}","templated":true}]}}