{"id":2130,"date":"2024-09-17T15:31:54","date_gmt":"2024-09-17T12:31:54","guid":{"rendered":"https:\/\/www.alcoawheels.com\/europe\/ro\/?page_id=2130"},"modified":"2025-02-07T16:33:56","modified_gmt":"2025-02-07T14:33:56","slug":"urmarirea-starii-formularului-de-inregistrare-a-rotilor","status":"publish","type":"page","link":"https:\/\/www.alcoawheels.com\/europe\/ro\/urmarirea-starii-formularului-de-inregistrare-a-rotilor\/","title":{"rendered":"Urm\u0103rirea st\u0103rii formularului de \u00eenregistrare a ro\u021bilor"},"content":{"rendered":"\n<div class=\"wp-block-alcoa-wheels-hero-banner-innerpage hero-banner with-image layout-2 overlayEnable align- vertical-align- align-center vertical-align-center\" style=\"background-color:#eee\"><img decoding=\"async\" src=\"https:\/\/www.alcoawheels.com\/europe\/en\/wp-content\/uploads\/sites\/8\/2023\/06\/fsc-intro-banner.jpg\" alt=\"Fleet Service Center for Alcoa Wheels\" class=\"responsiveImage\"\/><div class=\"hero-banner__header\" style=\"text-align:center\"><div class=\"container\"><h1 class=\"hero-banner__header--title\">Urm\u0103rirea st\u0103rii formularului de \u00eenregistrare a ro\u021bilor<\/h1><\/div><\/div><\/div>\n\n\n\n<div style=\"height:50px\" aria-hidden=\"true\" class=\"wp-block-spacer\"><\/div>\n\n\n    <div class=\"lead-status-block-frontend\" data-attributes=\"{&quot;email&quot;:&quot;Introduce\\u021bi adresa dvs. de e-mail&quot;,&quot;leadId&quot;:&quot;Introduce\\u021bi ID-ul cererii&quot;,&quot;status&quot;:&quot;Informa\\u021bii despre stare&quot;,&quot;resetText&quot;:&quot;Golire&quot;,&quot;loading&quot;:&quot;\\u00cenc\\u0103rcarea stadiului  cererii\\u2026&quot;,&quot;noMatch&quot;:&quot;Nu s-a g\\u0103sit nicio cerere corespunz\\u0103toare pentru adresa de e-mail \\u0219i ID-ul furnizate. V\\u0103 rug\\u0103m s\\u0103 verifica\\u021bi datele \\u0219i s\\u0103 \\u00eencerca\\u021bi din nou.&quot;,&quot;dearCustomer&quot;:&quot;Stimate client&quot;,&quot;thankYou&quot;:&quot;Cea mai recent\\u0103 stare a ID-ului dvs. de \\u00eenregistrare a ro\\u021bii o pute\\u021bi g\\u0103si mai jos:&quot;,&quot;customerMessage&quot;:&quot;Cea mai recent\\u0103 stare a \\u00eenregistr\\u0103rii ro\\u021bii dvs. cu ID-ul&quot;,&quot;description&quot;:&quot;Descrierea site-ului&quot;,&quot;followMessage&quot;:&quot;Pentru informa\\u021bii suplimentare, v\\u0103 rug\\u0103m s\\u0103 contacta\\u021bi: &quot;,&quot;followEmail&quot;:&quot;fleet@howmet.com&quot;,&quot;followPhone&quot;:&quot;sau +3622531841 \\u00eentre 8.00-16:30 CET \\u00een zilele lucr\\u0103toare.&quot;,&quot;checkboxText&quot;:&quot;Bifa\\u021bi c\\u0103su\\u021ba pentru a accepta&quot;,&quot;privacyText&quot;:&quot;politica noastr\\u0103 de confiden\\u021bialitate&quot;,&quot;privacyLink&quot;:&quot;\\\/europe\\\/ro\\\/confidentialitate\\\/&quot;,&quot;consentMessage&quot;:&quot;Prin transmiterea acestei cereri, sunt de acord cu transferul datelor mele personale furnizate mai sus c\\u0103tre Howmet Aerospace Inc.\\n\\u0219i c\\u0103tre toate entit\\u0103\\u021bile controlate de aceasta din Statele Unite ale Americii \\u0219i din alte \\u021b\\u0103ri, precum \\u0219i c\\u0103tre contractan\\u021bii sau agen\\u021bii lor ter\\u021bi autoriza\\u021bi, precum \\u0219i la prelucrarea acestor date \\u00een scopul de a r\\u0103spunde solicit\\u0103rii mele. Howmet Aerospace va utiliza informa\\u021biile furnizate numai \\u00een scopul de a r\\u0103spunde cererii \\u0219i va stoca datele at\\u00e2t timp c\\u00e2t este strict necesar pentru a putea finaliza cererea. Confirm c\\u0103 sunt pe deplin informat cu privire la motivele prelucr\\u0103rii \\u0219i transferului datelor mele cu caracter personal \\u0219i c\\u0103 sunt con\\u0219tient de toate drepturile mele cu privire la aceste informa\\u021bii cu caracter personal \\u0219i de toate legile aplicabile. \\u00cen cazul \\u00een care, \\u00een orice moment ulterior, decid c\\u0103 doresc s\\u0103 \\u00eemi retrag consim\\u021b\\u0103m\\u00e2ntul dat mai sus, voi contacta Howmet Aerospace pentru a-i informa cu privire la aceast\\u0103 decizie. De asemenea, am dreptul la rectificarea oric\\u0103ror informa\\u021bii incorecte care sunt stocate de Howmet Aerospace.&quot;,&quot;leadStatus&quot;:&quot;Lead Status&quot;,&quot;leadTime&quot;:&quot;Lead Time&quot;}\">\n        <form class=\"lead_form\">\n            <input type=\"email\" placeholder=\"Introduce\u021bi adresa dvs. de e-mail\" required class=\"email_input\">\n            <input type=\"text\" placeholder=\"Introduce\u021bi ID-ul cererii\" required>\n            <button type=\"submit\" class=\"input-group-addon submit_button\" disabled>Informa\u021bii despre stare<\/button>\n            <button type=\"button\" class=\"input-group-addon reset-button\">Golire<\/button>\n            <p class=\"field-label consent-label\"><strong>Bifa\u021bi c\u0103su\u021ba pentru a accepta<\/strong> <a href=\"\/europe\/ro\/confidentialitate\/\" target=\"_blank\">politica noastr\u0103 de confiden\u021bialitate<\/a>.<\/p>\n            <div class=\"checkbox-group\" id=\"checkbox_group\">\n                <div class=\"formbuilder-checkbox\">\n                    <input type=\"checkbox\" id=\"consent\" name=\"consent_message\" value=\"Prin transmiterea acestei cereri, sunt de acord cu transferul datelor mele personale furnizate mai sus c\u0103tre Howmet Aerospace Inc.\n\u0219i c\u0103tre toate entit\u0103\u021bile controlate de aceasta din Statele Unite ale Americii \u0219i din alte \u021b\u0103ri, precum \u0219i c\u0103tre contractan\u021bii sau agen\u021bii lor ter\u021bi autoriza\u021bi, precum \u0219i la prelucrarea acestor date \u00een scopul de a r\u0103spunde solicit\u0103rii mele. Howmet Aerospace va utiliza informa\u021biile furnizate numai \u00een scopul de a r\u0103spunde cererii \u0219i va stoca datele at\u00e2t timp c\u00e2t este strict necesar pentru a putea finaliza cererea. Confirm c\u0103 sunt pe deplin informat cu privire la motivele prelucr\u0103rii \u0219i transferului datelor mele cu caracter personal \u0219i c\u0103 sunt con\u0219tient de toate drepturile mele cu privire la aceste informa\u021bii cu caracter personal \u0219i de toate legile aplicabile. \u00cen cazul \u00een care, \u00een orice moment ulterior, decid c\u0103 doresc s\u0103 \u00eemi retrag consim\u021b\u0103m\u00e2ntul dat mai sus, voi contacta Howmet Aerospace pentru a-i informa cu privire la aceast\u0103 decizie. De asemenea, am dreptul la rectificarea oric\u0103ror informa\u021bii incorecte care sunt stocate de Howmet Aerospace.\" class=\"consent_message\" required>\n                    <label for=\"consent_message\">Prin transmiterea acestei cereri, sunt de acord cu transferul datelor mele personale furnizate mai sus c\u0103tre Howmet Aerospace Inc.\n\u0219i c\u0103tre toate entit\u0103\u021bile controlate de aceasta din Statele Unite ale Americii \u0219i din alte \u021b\u0103ri, precum \u0219i c\u0103tre contractan\u021bii sau agen\u021bii lor ter\u021bi autoriza\u021bi, precum \u0219i la prelucrarea acestor date \u00een scopul de a r\u0103spunde solicit\u0103rii mele. Howmet Aerospace va utiliza informa\u021biile furnizate numai \u00een scopul de a r\u0103spunde cererii \u0219i va stoca datele at\u00e2t timp c\u00e2t este strict necesar pentru a putea finaliza cererea. Confirm c\u0103 sunt pe deplin informat cu privire la motivele prelucr\u0103rii \u0219i transferului datelor mele cu caracter personal \u0219i c\u0103 sunt con\u0219tient de toate drepturile mele cu privire la aceste informa\u021bii cu caracter personal \u0219i de toate legile aplicabile. \u00cen cazul \u00een care, \u00een orice moment ulterior, decid c\u0103 doresc s\u0103 \u00eemi retrag consim\u021b\u0103m\u00e2ntul dat mai sus, voi contacta Howmet Aerospace pentru a-i informa cu privire la aceast\u0103 decizie. De asemenea, am dreptul la rectificarea oric\u0103ror informa\u021bii incorecte care sunt stocate de Howmet Aerospace.<\/label>\n                <\/div>\n            <\/div>\n        <\/form>\n        <div class=\"lead_section\"><\/div>\n    <\/div>\n\n\n\n<div style=\"height:50px\" aria-hidden=\"true\" class=\"wp-block-spacer\"><\/div>\n\n\n\n<p>Trebuie s\u0103 trimite\u021bi un alt formular de \u00eenregistrare a ro\u021bilor? V\u0103 rug\u0103m s\u0103 face\u021bi clic <a href=\"https:\/\/www.alcoawheels.com\/europe\/ro\/fleet-service-center\/\">aici<\/a><\/p>\n\n\n\n<p>Dac\u0103 \u00eent\u00e2mpina\u021bi probleme sau ave\u021bi \u00eentreb\u0103ri, v\u0103 rug\u0103m s\u0103 vizita\u021bi <a href=\"https:\/\/www.alcoawheels.com\/europe\/ro\/fsc-introducere\/\">Fleet Service Center<\/a> \u0219i\/sau sec\u021biunea noastr\u0103 <a href=\"https:\/\/www.alcoawheels.com\/europe\/ro\/faq\/\">FAQ<\/a>.<\/p>\n\n\n\n<p><\/p>\n","protected":false},"excerpt":{"rendered":"<p>Trebuie s\u0103 trimite\u021bi un alt formular de \u00eenregistrare a ro\u021bilor? V\u0103 rug\u0103m s\u0103 face\u021bi clic aici Dac\u0103 \u00eent\u00e2mpina\u021bi probleme sau ave\u021bi \u00eentreb\u0103ri, v\u0103 rug\u0103m s\u0103 vizita\u021bi Fleet Service Center \u0219i\/sau sec\u021biunea noastr\u0103 FAQ.<\/p>\n","protected":false},"author":62,"featured_media":0,"parent":0,"menu_order":0,"comment_status":"closed","ping_status":"closed","template":"","meta":{"_acf_changed":false,"protected_reviewer_email":"","editor_notices":[],"footnotes":""},"class_list":["post-2130","page","type-page","status-publish","hentry"],"acf":[],"yoast_head":"<!-- This site is optimized with the Yoast SEO Premium plugin v27.2 (Yoast SEO v27.2) - https:\/\/yoast.com\/product\/yoast-seo-premium-wordpress\/ -->\n<title>Urm\u0103rirea st\u0103rii formularului de \u00eenregistrare a ro\u021bilor - Europe Romanian<\/title>\n<meta name=\"robots\" content=\"index, follow, max-snippet:-1, max-image-preview:large, max-video-preview:-1\" \/>\n<link rel=\"canonical\" href=\"https:\/\/www.alcoawheels.com\/europe\/ro\/urmarirea-starii-formularului-de-inregistrare-a-rotilor\/\" \/>\n<meta property=\"og:locale\" content=\"en_US\" \/>\n<meta property=\"og:type\" content=\"article\" \/>\n<meta property=\"og:title\" content=\"Urm\u0103rirea st\u0103rii formularului de \u00eenregistrare a ro\u021bilor\" \/>\n<meta property=\"og:description\" content=\"Trebuie s\u0103 trimite\u021bi un alt formular de \u00eenregistrare a ro\u021bilor? V\u0103 rug\u0103m s\u0103 face\u021bi clic aici Dac\u0103 \u00eent\u00e2mpina\u021bi probleme sau ave\u021bi \u00eentreb\u0103ri, v\u0103 rug\u0103m s\u0103 vizita\u021bi Fleet Service Center \u0219i\/sau sec\u021biunea noastr\u0103 FAQ.\" \/>\n<meta property=\"og:url\" content=\"https:\/\/www.alcoawheels.com\/europe\/ro\/urmarirea-starii-formularului-de-inregistrare-a-rotilor\/\" \/>\n<meta property=\"og:site_name\" content=\"Europe Romanian\" \/>\n<meta property=\"article:modified_time\" content=\"2025-02-07T14:33:56+00:00\" \/>\n<meta property=\"og:image\" content=\"https:\/\/www.alcoawheels.com\/europe\/en\/wp-content\/uploads\/sites\/8\/2023\/06\/fsc-intro-banner.jpg\" \/>\n<meta name=\"twitter:card\" content=\"summary_large_image\" \/>\n<meta name=\"twitter:label1\" content=\"Est. reading time\" \/>\n\t<meta name=\"twitter:data1\" content=\"1 minute\" \/>\n<script type=\"application\/ld+json\" class=\"yoast-schema-graph\">{\"@context\":\"https:\/\/schema.org\",\"@graph\":[{\"@type\":\"WebPage\",\"@id\":\"https:\/\/www.alcoawheels.com\/europe\/ro\/urmarirea-starii-formularului-de-inregistrare-a-rotilor\/\",\"url\":\"https:\/\/www.alcoawheels.com\/europe\/ro\/urmarirea-starii-formularului-de-inregistrare-a-rotilor\/\",\"name\":\"Urm\u0103rirea st\u0103rii formularului de \u00eenregistrare a ro\u021bilor - Europe Romanian\",\"isPartOf\":{\"@id\":\"https:\/\/www.alcoawheels.com\/europe\/ro\/#website\"},\"primaryImageOfPage\":{\"@id\":\"https:\/\/www.alcoawheels.com\/europe\/ro\/urmarirea-starii-formularului-de-inregistrare-a-rotilor\/#primaryimage\"},\"image\":{\"@id\":\"https:\/\/www.alcoawheels.com\/europe\/ro\/urmarirea-starii-formularului-de-inregistrare-a-rotilor\/#primaryimage\"},\"thumbnailUrl\":\"https:\/\/www.alcoawheels.com\/europe\/en\/wp-content\/uploads\/sites\/8\/2023\/06\/fsc-intro-banner.jpg\",\"datePublished\":\"2024-09-17T12:31:54+00:00\",\"dateModified\":\"2025-02-07T14:33:56+00:00\",\"breadcrumb\":{\"@id\":\"https:\/\/www.alcoawheels.com\/europe\/ro\/urmarirea-starii-formularului-de-inregistrare-a-rotilor\/#breadcrumb\"},\"inLanguage\":\"en-US\",\"potentialAction\":[{\"@type\":\"ReadAction\",\"target\":[\"https:\/\/www.alcoawheels.com\/europe\/ro\/urmarirea-starii-formularului-de-inregistrare-a-rotilor\/\"]}]},{\"@type\":\"ImageObject\",\"inLanguage\":\"en-US\",\"@id\":\"https:\/\/www.alcoawheels.com\/europe\/ro\/urmarirea-starii-formularului-de-inregistrare-a-rotilor\/#primaryimage\",\"url\":\"https:\/\/www.alcoawheels.com\/europe\/en\/wp-content\/uploads\/sites\/8\/2023\/06\/fsc-intro-banner.jpg\",\"contentUrl\":\"https:\/\/www.alcoawheels.com\/europe\/en\/wp-content\/uploads\/sites\/8\/2023\/06\/fsc-intro-banner.jpg\"},{\"@type\":\"BreadcrumbList\",\"@id\":\"https:\/\/www.alcoawheels.com\/europe\/ro\/urmarirea-starii-formularului-de-inregistrare-a-rotilor\/#breadcrumb\",\"itemListElement\":[{\"@type\":\"ListItem\",\"position\":1,\"name\":\"Home\",\"item\":\"https:\/\/www.alcoawheels.com\/europe\/ro\/\"},{\"@type\":\"ListItem\",\"position\":2,\"name\":\"Urm\u0103rirea st\u0103rii formularului de \u00eenregistrare a ro\u021bilor\"}]},{\"@type\":\"WebSite\",\"@id\":\"https:\/\/www.alcoawheels.com\/europe\/ro\/#website\",\"url\":\"https:\/\/www.alcoawheels.com\/europe\/ro\/\",\"name\":\"Europe Romanian\",\"description\":\"\",\"publisher\":{\"@id\":\"https:\/\/www.alcoawheels.com\/europe\/ro\/#organization\"},\"potentialAction\":[{\"@type\":\"SearchAction\",\"target\":{\"@type\":\"EntryPoint\",\"urlTemplate\":\"https:\/\/www.alcoawheels.com\/europe\/ro\/?s={search_term_string}\"},\"query-input\":{\"@type\":\"PropertyValueSpecification\",\"valueRequired\":true,\"valueName\":\"search_term_string\"}}],\"inLanguage\":\"en-US\"},{\"@type\":\"Organization\",\"@id\":\"https:\/\/www.alcoawheels.com\/europe\/ro\/#organization\",\"name\":\"Europe Romanian\",\"url\":\"https:\/\/www.alcoawheels.com\/europe\/ro\/\",\"logo\":{\"@type\":\"ImageObject\",\"inLanguage\":\"en-US\",\"@id\":\"https:\/\/www.alcoawheels.com\/europe\/ro\/#\/schema\/logo\/image\/\",\"url\":\"https:\/\/www.alcoawheels.com\/europe\/ro\/wp-content\/uploads\/sites\/22\/2023\/05\/logo-black.gif\",\"contentUrl\":\"https:\/\/www.alcoawheels.com\/europe\/ro\/wp-content\/uploads\/sites\/22\/2023\/05\/logo-black.gif\",\"width\":71,\"height\":64,\"caption\":\"Europe Romanian\"},\"image\":{\"@id\":\"https:\/\/www.alcoawheels.com\/europe\/ro\/#\/schema\/logo\/image\/\"}}]}<\/script>\n<!-- \/ Yoast SEO Premium plugin. -->","yoast_head_json":{"title":"Urm\u0103rirea st\u0103rii formularului de \u00eenregistrare a ro\u021bilor - Europe Romanian","robots":{"index":"index","follow":"follow","max-snippet":"max-snippet:-1","max-image-preview":"max-image-preview:large","max-video-preview":"max-video-preview:-1"},"canonical":"https:\/\/www.alcoawheels.com\/europe\/ro\/urmarirea-starii-formularului-de-inregistrare-a-rotilor\/","og_locale":"en_US","og_type":"article","og_title":"Urm\u0103rirea st\u0103rii formularului de \u00eenregistrare a ro\u021bilor","og_description":"Trebuie s\u0103 trimite\u021bi un alt formular de \u00eenregistrare a ro\u021bilor? V\u0103 rug\u0103m s\u0103 face\u021bi clic aici Dac\u0103 \u00eent\u00e2mpina\u021bi probleme sau ave\u021bi \u00eentreb\u0103ri, v\u0103 rug\u0103m s\u0103 vizita\u021bi Fleet Service Center \u0219i\/sau sec\u021biunea noastr\u0103 FAQ.","og_url":"https:\/\/www.alcoawheels.com\/europe\/ro\/urmarirea-starii-formularului-de-inregistrare-a-rotilor\/","og_site_name":"Europe Romanian","article_modified_time":"2025-02-07T14:33:56+00:00","og_image":[{"url":"https:\/\/www.alcoawheels.com\/europe\/en\/wp-content\/uploads\/sites\/8\/2023\/06\/fsc-intro-banner.jpg","type":"","width":"","height":""}],"twitter_card":"summary_large_image","twitter_misc":{"Est. reading time":"1 minute"},"schema":{"@context":"https:\/\/schema.org","@graph":[{"@type":"WebPage","@id":"https:\/\/www.alcoawheels.com\/europe\/ro\/urmarirea-starii-formularului-de-inregistrare-a-rotilor\/","url":"https:\/\/www.alcoawheels.com\/europe\/ro\/urmarirea-starii-formularului-de-inregistrare-a-rotilor\/","name":"Urm\u0103rirea st\u0103rii formularului de \u00eenregistrare a ro\u021bilor - Europe Romanian","isPartOf":{"@id":"https:\/\/www.alcoawheels.com\/europe\/ro\/#website"},"primaryImageOfPage":{"@id":"https:\/\/www.alcoawheels.com\/europe\/ro\/urmarirea-starii-formularului-de-inregistrare-a-rotilor\/#primaryimage"},"image":{"@id":"https:\/\/www.alcoawheels.com\/europe\/ro\/urmarirea-starii-formularului-de-inregistrare-a-rotilor\/#primaryimage"},"thumbnailUrl":"https:\/\/www.alcoawheels.com\/europe\/en\/wp-content\/uploads\/sites\/8\/2023\/06\/fsc-intro-banner.jpg","datePublished":"2024-09-17T12:31:54+00:00","dateModified":"2025-02-07T14:33:56+00:00","breadcrumb":{"@id":"https:\/\/www.alcoawheels.com\/europe\/ro\/urmarirea-starii-formularului-de-inregistrare-a-rotilor\/#breadcrumb"},"inLanguage":"en-US","potentialAction":[{"@type":"ReadAction","target":["https:\/\/www.alcoawheels.com\/europe\/ro\/urmarirea-starii-formularului-de-inregistrare-a-rotilor\/"]}]},{"@type":"ImageObject","inLanguage":"en-US","@id":"https:\/\/www.alcoawheels.com\/europe\/ro\/urmarirea-starii-formularului-de-inregistrare-a-rotilor\/#primaryimage","url":"https:\/\/www.alcoawheels.com\/europe\/en\/wp-content\/uploads\/sites\/8\/2023\/06\/fsc-intro-banner.jpg","contentUrl":"https:\/\/www.alcoawheels.com\/europe\/en\/wp-content\/uploads\/sites\/8\/2023\/06\/fsc-intro-banner.jpg"},{"@type":"BreadcrumbList","@id":"https:\/\/www.alcoawheels.com\/europe\/ro\/urmarirea-starii-formularului-de-inregistrare-a-rotilor\/#breadcrumb","itemListElement":[{"@type":"ListItem","position":1,"name":"Home","item":"https:\/\/www.alcoawheels.com\/europe\/ro\/"},{"@type":"ListItem","position":2,"name":"Urm\u0103rirea st\u0103rii formularului de \u00eenregistrare a ro\u021bilor"}]},{"@type":"WebSite","@id":"https:\/\/www.alcoawheels.com\/europe\/ro\/#website","url":"https:\/\/www.alcoawheels.com\/europe\/ro\/","name":"Europe Romanian","description":"","publisher":{"@id":"https:\/\/www.alcoawheels.com\/europe\/ro\/#organization"},"potentialAction":[{"@type":"SearchAction","target":{"@type":"EntryPoint","urlTemplate":"https:\/\/www.alcoawheels.com\/europe\/ro\/?s={search_term_string}"},"query-input":{"@type":"PropertyValueSpecification","valueRequired":true,"valueName":"search_term_string"}}],"inLanguage":"en-US"},{"@type":"Organization","@id":"https:\/\/www.alcoawheels.com\/europe\/ro\/#organization","name":"Europe Romanian","url":"https:\/\/www.alcoawheels.com\/europe\/ro\/","logo":{"@type":"ImageObject","inLanguage":"en-US","@id":"https:\/\/www.alcoawheels.com\/europe\/ro\/#\/schema\/logo\/image\/","url":"https:\/\/www.alcoawheels.com\/europe\/ro\/wp-content\/uploads\/sites\/22\/2023\/05\/logo-black.gif","contentUrl":"https:\/\/www.alcoawheels.com\/europe\/ro\/wp-content\/uploads\/sites\/22\/2023\/05\/logo-black.gif","width":71,"height":64,"caption":"Europe Romanian"},"image":{"@id":"https:\/\/www.alcoawheels.com\/europe\/ro\/#\/schema\/logo\/image\/"}}]}},"parsely":{"version":"1.1.0","canonical_url":"https:\/\/alcoawheels.com\/europe\/ro\/urmarirea-starii-formularului-de-inregistrare-a-rotilor\/","smart_links":{"inbound":0,"outbound":0},"traffic_boost_suggestions_count":0,"meta":{"@context":"https:\/\/schema.org","@type":"WebPage","headline":"Urm\u0103rirea st\u0103rii formularului de \u00eenregistrare a ro\u021bilor","url":"http:\/\/www.alcoawheels.com\/europe\/ro\/urmarirea-starii-formularului-de-inregistrare-a-rotilor\/","mainEntityOfPage":{"@type":"WebPage","@id":"http:\/\/www.alcoawheels.com\/europe\/ro\/urmarirea-starii-formularului-de-inregistrare-a-rotilor\/"},"thumbnailUrl":"","image":{"@type":"ImageObject","url":""},"articleSection":"Uncategorized","author":[{"@type":"Person","name":"riccirm"}],"creator":["riccirm"],"publisher":{"@type":"Organization","name":"Europe Romanian","logo":""},"keywords":[],"dateCreated":"2024-09-17T12:31:54Z","datePublished":"2024-09-17T12:31:54Z","dateModified":"2025-02-07T14:33:56Z"},"rendered":"<script type=\"application\/ld+json\" class=\"wp-parsely-metadata\">{\"@context\":\"https:\\\/\\\/schema.org\",\"@type\":\"WebPage\",\"headline\":\"Urm\\u0103rirea st\\u0103rii formularului de \\u00eenregistrare a ro\\u021bilor\",\"url\":\"http:\\\/\\\/www.alcoawheels.com\\\/europe\\\/ro\\\/urmarirea-starii-formularului-de-inregistrare-a-rotilor\\\/\",\"mainEntityOfPage\":{\"@type\":\"WebPage\",\"@id\":\"http:\\\/\\\/www.alcoawheels.com\\\/europe\\\/ro\\\/urmarirea-starii-formularului-de-inregistrare-a-rotilor\\\/\"},\"thumbnailUrl\":\"\",\"image\":{\"@type\":\"ImageObject\",\"url\":\"\"},\"articleSection\":\"Uncategorized\",\"author\":[{\"@type\":\"Person\",\"name\":\"riccirm\"}],\"creator\":[\"riccirm\"],\"publisher\":{\"@type\":\"Organization\",\"name\":\"Europe Romanian\",\"logo\":\"\"},\"keywords\":[],\"dateCreated\":\"2024-09-17T12:31:54Z\",\"datePublished\":\"2024-09-17T12:31:54Z\",\"dateModified\":\"2025-02-07T14:33:56Z\"}<\/script>","tracker_url":"https:\/\/cdn.parsely.com\/keys\/alcoawheels.com\/p.js"},"jetpack_sharing_enabled":true,"_links":{"self":[{"href":"https:\/\/www.alcoawheels.com\/europe\/ro\/wp-json\/wp\/v2\/pages\/2130","targetHints":{"allow":["GET"]}}],"collection":[{"href":"https:\/\/www.alcoawheels.com\/europe\/ro\/wp-json\/wp\/v2\/pages"}],"about":[{"href":"https:\/\/www.alcoawheels.com\/europe\/ro\/wp-json\/wp\/v2\/types\/page"}],"author":[{"embeddable":true,"href":"https:\/\/www.alcoawheels.com\/europe\/ro\/wp-json\/wp\/v2\/users\/62"}],"replies":[{"embeddable":true,"href":"https:\/\/www.alcoawheels.com\/europe\/ro\/wp-json\/wp\/v2\/comments?post=2130"}],"version-history":[{"count":12,"href":"https:\/\/www.alcoawheels.com\/europe\/ro\/wp-json\/wp\/v2\/pages\/2130\/revisions"}],"predecessor-version":[{"id":2177,"href":"https:\/\/www.alcoawheels.com\/europe\/ro\/wp-json\/wp\/v2\/pages\/2130\/revisions\/2177"}],"wp:attachment":[{"href":"https:\/\/www.alcoawheels.com\/europe\/ro\/wp-json\/wp\/v2\/media?parent=2130"}],"curies":[{"name":"wp","href":"https:\/\/api.w.org\/{rel}","templated":true}]}}