{"id":28,"date":"2023-05-26T14:25:38","date_gmt":"2023-05-26T14:25:38","guid":{"rendered":"https:\/\/www.alcoawheels.com\/europe\/ro\/?page_id=28"},"modified":"2025-07-11T22:20:06","modified_gmt":"2025-07-11T19:20:06","slug":"intretinere","status":"publish","type":"page","link":"https:\/\/www.alcoawheels.com\/europe\/ro\/intretinere\/","title":{"rendered":"\u00centre\u0163inere"},"content":{"rendered":"\n<div class=\"wp-block-alcoa-wheels-hero-banner-innerpage hero-banner with-image layout-2 overlayEnable align- vertical-align- align-center vertical-align-center\" style=\"background-color:#eee\"><img decoding=\"async\" src=\"https:\/\/www.alcoawheels.com\/europe\/ro\/wp-content\/uploads\/sites\/22\/2023\/06\/maintenance-banner.jpeg\" alt=\"Maintenance of Alcoa Wheels\" class=\"responsiveImage\"\/><div class=\"hero-banner__header\" style=\"text-align:center\"><div class=\"container\"><h1 class=\"hero-banner__header--title\">\u00centre\u0163inere<\/h1><\/div><\/div><\/div>\n\n\n\n<div style=\"height:50px\" aria-hidden=\"true\" class=\"wp-block-spacer spacer-fifty\"><\/div>\n\n\n\n<h3 class=\"wp-block-heading\" id=\"h-accesorii-pentru-jantele-alcoa\">Accesorii pentru jantele Alcoa<sup>\u00ae<\/sup><\/h3>\n\n\n\n<p>\u00centre\u021binerea ro\u021bilor Alcoa<sup>\u00ae<\/sup> este \u0219i trebuie s\u0103 fie o prioritate absolut\u0103<\/p>\n\n\n\n<p>1. Produsele accesorii pentru ro\u021bile Alcoa<sup>\u00ae<\/sup> au fost dezvoltate \u0219i selectate de-a lungul mai multor ani pentru a men\u021bine ro\u021bile \u00een cea mai bun\u0103 stare posibil\u0103 \u0219i pentru a asigura o durat\u0103 lung\u0103 de via\u021b\u0103.<\/p>\n\n\n\n<p>2. Produsele accesorii pentru ro\u021bile Alcoa<sup>\u00ae<\/sup> sunt disponibile prin re\u021beaua noastr\u0103 de distribuitori autoriza\u021bi<\/p>\n\n\n\n<hr class=\"wp-block-separator has-text-color has-alpha-channel-opacity has-background is-style-wide\" style=\"background-color:#cccccc;color:#cccccc\"\/>\n\n\n\n<div class=\"wp-block-alcoa-wheels-zigzag media-list__body\" id=\"zigzag-main-dd37ab2b-fdde-4f03-8751-426b0a716ec7\"><div class=\"media-list__body_main  vertical-align-center  container row-reverse\">\n<div class=\"wp-block-alcoa-wheels-zigzag-item media-list-item\"><div class=\"media-list-item__box_content\"><div class=\"media-list-item__box_content_inner\">\n<h5 class=\"wp-block-heading\" id=\"h-hubgrease\"><strong>HUBgrease<\/strong><\/h5>\n\n\n\n<p>O unsoare de aplicat la montarea Ro\u021bilor Alcoa<sup>\u00ae<\/sup> pentru a preveni coroziunea \u0219i lipirea, blocarea ro\u021bilor pe butuc. Pentru instruc\u021biuni suplimentare, v\u0103 rug\u0103m s\u0103 consulta\u021bi Manualul de service pentru ro\u021bile Alcoa<sup>\u00ae<\/sup> la sec\u021biunea 10.a-pasul 4<\/p>\n<\/div><\/div><div class=\"media-list-item__box_image\"><img loading=\"lazy\" decoding=\"async\" width=\"450\" height=\"300\" src=\"https:\/\/www.alcoawheels.com\/europe\/ro\/wp-content\/uploads\/sites\/22\/2023\/06\/maintenance-Hubgrease-thumbnail.jpg\" alt=\"HUBgrease\"\/><\/div><\/div>\n\n\n\n<div class=\"wp-block-alcoa-wheels-zigzag-item media-list-item\"><div class=\"media-list-item__box_content\"><div class=\"media-list-item__box_content_inner\">\n<h5 class=\"wp-block-heading has-text-align-right\" id=\"h-valvegrease\"><strong>VALVEgrease<\/strong><\/h5>\n\n\n\n<p class=\"has-text-align-right\">Un lubrifiant care ac\u021bioneaz\u0103 ca inhibitor de coroziune la montarea\/\u00eenlocuirea supapelor. Se recomand\u0103 utilizarea la fiecare schimbare de anvelope \u0219i supape. Pentru instruc\u021biuni suplimentare, v\u0103 rug\u0103m s\u0103 consulta\u021bi Manualul de service pentru ro\u021bile Alcoa<sup>\u00ae<\/sup> la sec\u021biunea 10.a pasul 4.<\/p>\n<\/div><\/div><div class=\"media-list-item__box_image\"><img loading=\"lazy\" decoding=\"async\" width=\"450\" height=\"300\" src=\"https:\/\/www.alcoawheels.com\/europe\/ro\/wp-content\/uploads\/sites\/22\/2023\/06\/maintenance-VALVEgrease-thumbnail.jpg\" alt=\"VALVEgrease\"\/><\/div><\/div>\n\n\n\n<div class=\"wp-block-alcoa-wheels-zigzag-item media-list-item\"><div class=\"media-list-item__box_content\"><div class=\"media-list-item__box_content_inner\">\n<h5 class=\"wp-block-heading\" id=\"h-discuri-si-placute-cu-peri\"><strong><strong><strong><strong><strong><strong><strong><strong>Discuri \u015fi pl\u0103cu\u0163e cu peri<\/strong><\/strong><\/strong><\/strong><\/strong><\/strong><\/strong><\/strong><\/h5>\n\n\n\n<p>Perii abrazive de diferite dimensiuni \u0219i durit\u0103\u021bi pentru cur\u0103\u021barea suprafe\u021belor de contact, locul de a\u0219ezare al anvelopei , stifturilor de ghidaj \u0219i a marginilor de centrare ale butucului.<\/p>\n<\/div><\/div><div class=\"media-list-item__box_image\"><img loading=\"lazy\" decoding=\"async\" width=\"450\" height=\"300\" src=\"https:\/\/www.alcoawheels.com\/europe\/ro\/wp-content\/uploads\/sites\/22\/2023\/06\/maintenance-Bristle-discs-thumbnail.jpg\" alt=\"Bristle discs and pads\"\/><\/div><\/div>\n\n\n\n<div class=\"wp-block-alcoa-wheels-zigzag-item media-list-item\"><div class=\"media-list-item__box_content\"><div class=\"media-list-item__box_content_inner\">\n<h5 class=\"wp-block-heading has-text-align-right\" id=\"h-discmate\"><strong>Discmate<\/strong><\/h5>\n\n\n\n<p class=\"has-text-align-right\">O garnitur\u0103 care ajut\u0103 la prevenirea coroziunii \u00eentre ro\u021bile din o\u021bel \u0219i aluminiu Alcoa<sup>\u00ae<\/sup> \u0219i \u00eentre butucul din o\u021bel \u0219i ro\u021bile din aluminiu.<\/p>\n<\/div><\/div><div class=\"media-list-item__box_image\"><img loading=\"lazy\" decoding=\"async\" width=\"450\" height=\"300\" src=\"https:\/\/www.alcoawheels.com\/europe\/ro\/wp-content\/uploads\/sites\/22\/2023\/06\/maintenance-Discmates-thumbnail.jpg\" alt=\"Discmates\"\/><\/div><\/div>\n<\/div><\/div>\n\n\n\n<hr class=\"wp-block-separator has-text-color has-alpha-channel-opacity has-background is-style-wide\" style=\"background-color:#cccccc;color:#cccccc\"\/>\n\n\n\n<div style=\"height:50px\" aria-hidden=\"true\" class=\"wp-block-spacer spacer-fifty\"><\/div>\n\n\n\n<p class=\"u-margin-b10\">Pentru informa\u0163ii suplimentare:<\/p>\n\n\n\t\t<div class=\"wp-block-alcoa-product-literature\">\n\t\t\t<div class=\"product-literature-columns container wp-block-alcoa-wheels-related-documents\">\n\t\t\t\t\t\t\t\t\t<div class=\"literature-inner\">\n\t\t\t\t\t\t<div class=\"literature-inner-item\">\n\t\t\t\t\t\t\t<div class=\"pdf-lists-items\">\n\t\t\t\t\t\t\t\t\t\t\t\t\t\t\t\t\t\t\t\t\t\t\t\t\t\t<div class=\"pdf-files\">\n\t\t\t\t\t\t\t\t\t\t<a href=\"https:\/\/www.alcoawheels.com\/europe\/ro\/wp-content\/uploads\/sites\/22\/2026\/02\/Alcoa-Wheels-Accessories-RO.pdf\" target=\"_blank\" class=\"pdf-file\">\n\t\t\t\t\t\t\t\t\t\t\tCatalog de produse pentru accesorii pentru ro\u021bi ALCOA<sup>\u00ae<\/sup>\t\t\t\t\t\t\t\t\t\t<\/a>\n\t\t\t\t\t\t\t\t\t\t<div class=\"pdf-size\">2.95 MB<\/div>\n\t\t\t\t\t\t\t\t\t<\/div>\n\t\t\t\t\t\t\t\t\t\t\t\t\t\t\t<\/div>\n\t\t\t\t\t\t<\/div>\n\t\t\t\t\t<\/div>\n\t\t\t\t\t\t\t<\/div>\n\n\t\t<\/div>\n\n\n\n<div id=\"alcoa-wheels-buttons-bf583eb1-f6dd-4231-b30b-69b5247f5db3\" class=\"wp-block-alcoa-wheels-button-group alcoa-wheels-buttons\"><div class=\"button-row\"><div class=\"button-item\" button-item=\"0\"><p class=\"btn-main btn-link-left-arrow\" aria-label=\"<a href=&quot;https:\/\/apps.spheracloud.net\/communicator\/login.aspx?userid=qD3CEfpiugwA&amp;companyid=SzqDqsuXTJwA&amp;method=home&quot;&gt;<a href=&quot;https:\/\/apps.spheracloud.net\/communicator\/login.aspx?userid=qD3CEfpiugwA&amp;companyid=SzqDqsuXTJwA&amp;method=home&quot;&gt;Safety Data (MSDS)<\/a&gt;<\/a&gt;\"><a href=\"https:\/\/apps.spheracloud.net\/communicator\/login.aspx?userid=qD3CEfpiugwA&amp;companyid=SzqDqsuXTJwA&amp;method=home\"><a href=\"https:\/\/apps.spheracloud.net\/communicator\/login.aspx?userid=qD3CEfpiugwA&amp;companyid=SzqDqsuXTJwA&amp;method=home\">Safety Data (MSDS)<\/a><\/a><\/p><\/div><\/div><\/div>\n\n\n\n<div style=\"height:50px\" aria-hidden=\"true\" class=\"wp-block-spacer spacer-fifty\"><\/div>\n\n\n\n<div class=\"wp-block-alcoa-wheels-card-usecase-1 card-box-v1__body with-icon align-center vertical-align-center\" id=\"card_box_v1-fa64e4f3-b880-4bc5-a93a-64d5b2702289\"><div class=\"fullwidthcontainer\"><div class=\"card-box-v1__boxes has-4-columns\"><div class=\"card-box-v1__box  with-link \" style=\"background-color:#00afb9\"><img decoding=\"async\" src=\"https:\/\/www.alcoawheels.com\/europe\/ro\/wp-content\/themes\/alcoa-wheels\/assets\/build\/js\/blocks\/card-usecase-1\/..\/..\/..\/images\/placeholder-image.db2b4d5c.jpeg\" alt=\"Contacta\u0163i\"\/><div class=\"card-box-v1__box__inner pos-abs\"><div class=\"card-box-v1__box_icon\"><img loading=\"lazy\" decoding=\"async\" width=\"171\" height=\"171\" src=\"https:\/\/www.alcoawheels.com\/europe\/ro\/wp-content\/uploads\/sites\/22\/2023\/06\/contact.png\" alt=\"\"\/><\/div><div class=\"card-box-v1__box_content\"><h4 style=\"color:#ffffff\">Contacta\u0163i<\/h4><\/div><div class=\"btn-wrap\"><\/div><\/div><a href=\"\/europe\/ro\/contact\" aria-label=\"Contacta\u0163i\"><\/a><\/div><div class=\"card-box-v1__box  with-link \" style=\"background-color:#34bfc7\"><img decoding=\"async\" src=\"https:\/\/www.alcoawheels.com\/europe\/ro\/wp-content\/themes\/alcoa-wheels\/assets\/build\/js\/blocks\/card-usecase-1\/..\/..\/..\/images\/placeholder-image.db2b4d5c.jpeg\" alt=\"Gama de jante\"\/><div class=\"card-box-v1__box__inner pos-abs\"><div class=\"card-box-v1__box_icon\"><img loading=\"lazy\" decoding=\"async\" width=\"169\" height=\"169\" src=\"https:\/\/www.alcoawheels.com\/europe\/ro\/wp-content\/uploads\/sites\/22\/2023\/06\/product-search.png\" alt=\"\"\/><\/div><div class=\"card-box-v1__box_content\"><h4 style=\"color:#ffffff\">Gama de jante<\/h4><\/div><div class=\"btn-wrap\"><\/div><\/div><a href=\"\/europe\/ro\/gama-de-jante\" aria-label=\"Gama de jante\"><\/a><\/div><div class=\"card-box-v1__box  with-link \" style=\"background-color:#00afb9\"><img decoding=\"async\" src=\"https:\/\/www.alcoawheels.com\/europe\/ro\/wp-content\/themes\/alcoa-wheels\/assets\/build\/js\/blocks\/card-usecase-1\/..\/..\/..\/images\/placeholder-image.db2b4d5c.jpeg\" alt=\"De unde se cump\u0103r\u0103\"\/><div class=\"card-box-v1__box__inner pos-abs\"><div class=\"card-box-v1__box_icon\"><img loading=\"lazy\" decoding=\"async\" width=\"169\" height=\"169\" src=\"https:\/\/www.alcoawheels.com\/europe\/ro\/wp-content\/uploads\/sites\/22\/2023\/06\/where-to-buy.png\" alt=\"\"\/><\/div><div class=\"card-box-v1__box_content\"><h4 style=\"color:#ffffff\">De unde se cump\u0103r\u0103<\/h4><\/div><div class=\"btn-wrap\"><\/div><\/div><a href=\"\/europe\/ro\/de-unde-se-cumpara\" aria-label=\"De unde se cump\u0103r\u0103\"><\/a><\/div><div class=\"card-box-v1__box  with-link \" style=\"background-color:#34bfc7\"><img decoding=\"async\" src=\"https:\/\/www.alcoawheels.com\/europe\/ro\/wp-content\/themes\/alcoa-wheels\/assets\/build\/js\/blocks\/card-usecase-1\/..\/..\/..\/images\/placeholder-image.db2b4d5c.jpeg\" alt=\"Desc\u0103rc\u0103ri\"\/><div class=\"card-box-v1__box__inner pos-abs\"><div class=\"card-box-v1__box_icon\"><img loading=\"lazy\" decoding=\"async\" width=\"169\" height=\"169\" src=\"https:\/\/www.alcoawheels.com\/europe\/ro\/wp-content\/uploads\/sites\/22\/2023\/06\/product-literature.png\" alt=\"\"\/><\/div><div class=\"card-box-v1__box_content\"><h4 style=\"color:#ffffff\">Desc\u0103rc\u0103ri<\/h4><\/div><div class=\"btn-wrap\"><\/div><\/div><a href=\"\/europe\/ro\/descarcari\" aria-label=\"Desc\u0103rc\u0103ri\"><\/a><\/div><\/div><\/div><\/div>\n","protected":false},"excerpt":{"rendered":"<p>Accesorii pentru jantele Alcoa\u00ae \u00centre\u021binerea ro\u021bilor Alcoa\u00ae este \u0219i trebuie s\u0103 fie o prioritate absolut\u0103 1. Produsele accesorii pentru ro\u021bile Alcoa\u00ae au fost dezvoltate \u0219i selectate de-a lungul mai multor ani pentru a men\u021bine ro\u021bile \u00een cea mai bun\u0103 stare posibil\u0103 \u0219i pentru a asigura o durat\u0103 lung\u0103 de via\u021b\u0103. 2. Produsele accesorii pentru ro\u021bile [&hellip;]<\/p>\n","protected":false},"author":44,"featured_media":481,"parent":0,"menu_order":0,"comment_status":"closed","ping_status":"closed","template":"","meta":{"_acf_changed":false,"protected_reviewer_email":"","editor_notices":[],"footnotes":""},"class_list":["post-28","page","type-page","status-publish","has-post-thumbnail","hentry"],"acf":[],"yoast_head":"<!-- This site is optimized with the Yoast SEO Premium plugin v27.2 (Yoast SEO v27.2) - https:\/\/yoast.com\/product\/yoast-seo-premium-wordpress\/ -->\n<title>Alcoa Wheels | Accesorii | \u00centre\u0163inere<\/title>\n<meta name=\"robots\" content=\"index, follow, max-snippet:-1, max-image-preview:large, max-video-preview:-1\" \/>\n<link rel=\"canonical\" href=\"https:\/\/www.alcoawheels.com\/europe\/ro\/intretinere\/\" \/>\n<meta property=\"og:locale\" content=\"en_US\" \/>\n<meta property=\"og:type\" content=\"article\" \/>\n<meta property=\"og:title\" content=\"\u00centre\u0163inere\" \/>\n<meta property=\"og:description\" content=\"Accesorii pentru jantele Alcoa\u00ae \u00centre\u021binerea ro\u021bilor Alcoa\u00ae este \u0219i trebuie s\u0103 fie o prioritate absolut\u0103 1. Produsele accesorii pentru ro\u021bile Alcoa\u00ae au fost dezvoltate \u0219i selectate de-a lungul mai multor ani pentru a men\u021bine ro\u021bile \u00een cea mai bun\u0103 stare posibil\u0103 \u0219i pentru a asigura o durat\u0103 lung\u0103 de via\u021b\u0103. 2. Produsele accesorii pentru ro\u021bile [&hellip;]\" \/>\n<meta property=\"og:url\" content=\"https:\/\/www.alcoawheels.com\/europe\/ro\/intretinere\/\" \/>\n<meta property=\"og:site_name\" content=\"Europe Romanian\" \/>\n<meta property=\"article:modified_time\" content=\"2025-07-11T19:20:06+00:00\" \/>\n<meta property=\"og:image\" content=\"https:\/\/www.alcoawheels.com\/europe\/ro\/wp-content\/uploads\/sites\/22\/2023\/06\/maintenance-Hubgrease-thumbnail.jpg\" \/>\n\t<meta property=\"og:image:width\" content=\"450\" \/>\n\t<meta property=\"og:image:height\" content=\"300\" \/>\n\t<meta property=\"og:image:type\" content=\"image\/jpeg\" \/>\n<meta name=\"twitter:card\" content=\"summary_large_image\" \/>\n<meta name=\"twitter:label1\" content=\"Est. reading time\" \/>\n\t<meta name=\"twitter:data1\" content=\"4 minutes\" \/>\n<script type=\"application\/ld+json\" class=\"yoast-schema-graph\">{\"@context\":\"https:\/\/schema.org\",\"@graph\":[{\"@type\":\"WebPage\",\"@id\":\"https:\/\/www.alcoawheels.com\/europe\/ro\/intretinere\/\",\"url\":\"https:\/\/www.alcoawheels.com\/europe\/ro\/intretinere\/\",\"name\":\"Alcoa Wheels | Accesorii | \u00centre\u0163inere\",\"isPartOf\":{\"@id\":\"https:\/\/www.alcoawheels.com\/europe\/ro\/#website\"},\"primaryImageOfPage\":{\"@id\":\"https:\/\/www.alcoawheels.com\/europe\/ro\/intretinere\/#primaryimage\"},\"image\":{\"@id\":\"https:\/\/www.alcoawheels.com\/europe\/ro\/intretinere\/#primaryimage\"},\"thumbnailUrl\":\"https:\/\/www.alcoawheels.com\/europe\/ro\/wp-content\/uploads\/sites\/22\/2023\/06\/maintenance-Hubgrease-thumbnail.jpg\",\"datePublished\":\"2023-05-26T14:25:38+00:00\",\"dateModified\":\"2025-07-11T19:20:06+00:00\",\"breadcrumb\":{\"@id\":\"https:\/\/www.alcoawheels.com\/europe\/ro\/intretinere\/#breadcrumb\"},\"inLanguage\":\"en-US\",\"potentialAction\":[{\"@type\":\"ReadAction\",\"target\":[\"https:\/\/www.alcoawheels.com\/europe\/ro\/intretinere\/\"]}]},{\"@type\":\"ImageObject\",\"inLanguage\":\"en-US\",\"@id\":\"https:\/\/www.alcoawheels.com\/europe\/ro\/intretinere\/#primaryimage\",\"url\":\"https:\/\/www.alcoawheels.com\/europe\/ro\/wp-content\/uploads\/sites\/22\/2023\/06\/maintenance-Hubgrease-thumbnail.jpg\",\"contentUrl\":\"https:\/\/www.alcoawheels.com\/europe\/ro\/wp-content\/uploads\/sites\/22\/2023\/06\/maintenance-Hubgrease-thumbnail.jpg\",\"width\":450,\"height\":300,\"caption\":\"HUBgrease\"},{\"@type\":\"BreadcrumbList\",\"@id\":\"https:\/\/www.alcoawheels.com\/europe\/ro\/intretinere\/#breadcrumb\",\"itemListElement\":[{\"@type\":\"ListItem\",\"position\":1,\"name\":\"Home\",\"item\":\"https:\/\/www.alcoawheels.com\/europe\/ro\/\"},{\"@type\":\"ListItem\",\"position\":2,\"name\":\"\u00centre\u0163inere\"}]},{\"@type\":\"WebSite\",\"@id\":\"https:\/\/www.alcoawheels.com\/europe\/ro\/#website\",\"url\":\"https:\/\/www.alcoawheels.com\/europe\/ro\/\",\"name\":\"Europe Romanian\",\"description\":\"\",\"publisher\":{\"@id\":\"https:\/\/www.alcoawheels.com\/europe\/ro\/#organization\"},\"potentialAction\":[{\"@type\":\"SearchAction\",\"target\":{\"@type\":\"EntryPoint\",\"urlTemplate\":\"https:\/\/www.alcoawheels.com\/europe\/ro\/?s={search_term_string}\"},\"query-input\":{\"@type\":\"PropertyValueSpecification\",\"valueRequired\":true,\"valueName\":\"search_term_string\"}}],\"inLanguage\":\"en-US\"},{\"@type\":\"Organization\",\"@id\":\"https:\/\/www.alcoawheels.com\/europe\/ro\/#organization\",\"name\":\"Europe Romanian\",\"url\":\"https:\/\/www.alcoawheels.com\/europe\/ro\/\",\"logo\":{\"@type\":\"ImageObject\",\"inLanguage\":\"en-US\",\"@id\":\"https:\/\/www.alcoawheels.com\/europe\/ro\/#\/schema\/logo\/image\/\",\"url\":\"https:\/\/www.alcoawheels.com\/europe\/ro\/wp-content\/uploads\/sites\/22\/2023\/05\/logo-black.gif\",\"contentUrl\":\"https:\/\/www.alcoawheels.com\/europe\/ro\/wp-content\/uploads\/sites\/22\/2023\/05\/logo-black.gif\",\"width\":71,\"height\":64,\"caption\":\"Europe Romanian\"},\"image\":{\"@id\":\"https:\/\/www.alcoawheels.com\/europe\/ro\/#\/schema\/logo\/image\/\"}}]}<\/script>\n<!-- \/ Yoast SEO Premium plugin. -->","yoast_head_json":{"title":"Alcoa Wheels | Accesorii | \u00centre\u0163inere","robots":{"index":"index","follow":"follow","max-snippet":"max-snippet:-1","max-image-preview":"max-image-preview:large","max-video-preview":"max-video-preview:-1"},"canonical":"https:\/\/www.alcoawheels.com\/europe\/ro\/intretinere\/","og_locale":"en_US","og_type":"article","og_title":"\u00centre\u0163inere","og_description":"Accesorii pentru jantele Alcoa\u00ae \u00centre\u021binerea ro\u021bilor Alcoa\u00ae este \u0219i trebuie s\u0103 fie o prioritate absolut\u0103 1. Produsele accesorii pentru ro\u021bile Alcoa\u00ae au fost dezvoltate \u0219i selectate de-a lungul mai multor ani pentru a men\u021bine ro\u021bile \u00een cea mai bun\u0103 stare posibil\u0103 \u0219i pentru a asigura o durat\u0103 lung\u0103 de via\u021b\u0103. 2. Produsele accesorii pentru ro\u021bile [&hellip;]","og_url":"https:\/\/www.alcoawheels.com\/europe\/ro\/intretinere\/","og_site_name":"Europe Romanian","article_modified_time":"2025-07-11T19:20:06+00:00","og_image":[{"width":450,"height":300,"url":"https:\/\/www.alcoawheels.com\/europe\/ro\/wp-content\/uploads\/sites\/22\/2023\/06\/maintenance-Hubgrease-thumbnail.jpg","type":"image\/jpeg"}],"twitter_card":"summary_large_image","twitter_misc":{"Est. reading time":"4 minutes"},"schema":{"@context":"https:\/\/schema.org","@graph":[{"@type":"WebPage","@id":"https:\/\/www.alcoawheels.com\/europe\/ro\/intretinere\/","url":"https:\/\/www.alcoawheels.com\/europe\/ro\/intretinere\/","name":"Alcoa Wheels | Accesorii | \u00centre\u0163inere","isPartOf":{"@id":"https:\/\/www.alcoawheels.com\/europe\/ro\/#website"},"primaryImageOfPage":{"@id":"https:\/\/www.alcoawheels.com\/europe\/ro\/intretinere\/#primaryimage"},"image":{"@id":"https:\/\/www.alcoawheels.com\/europe\/ro\/intretinere\/#primaryimage"},"thumbnailUrl":"https:\/\/www.alcoawheels.com\/europe\/ro\/wp-content\/uploads\/sites\/22\/2023\/06\/maintenance-Hubgrease-thumbnail.jpg","datePublished":"2023-05-26T14:25:38+00:00","dateModified":"2025-07-11T19:20:06+00:00","breadcrumb":{"@id":"https:\/\/www.alcoawheels.com\/europe\/ro\/intretinere\/#breadcrumb"},"inLanguage":"en-US","potentialAction":[{"@type":"ReadAction","target":["https:\/\/www.alcoawheels.com\/europe\/ro\/intretinere\/"]}]},{"@type":"ImageObject","inLanguage":"en-US","@id":"https:\/\/www.alcoawheels.com\/europe\/ro\/intretinere\/#primaryimage","url":"https:\/\/www.alcoawheels.com\/europe\/ro\/wp-content\/uploads\/sites\/22\/2023\/06\/maintenance-Hubgrease-thumbnail.jpg","contentUrl":"https:\/\/www.alcoawheels.com\/europe\/ro\/wp-content\/uploads\/sites\/22\/2023\/06\/maintenance-Hubgrease-thumbnail.jpg","width":450,"height":300,"caption":"HUBgrease"},{"@type":"BreadcrumbList","@id":"https:\/\/www.alcoawheels.com\/europe\/ro\/intretinere\/#breadcrumb","itemListElement":[{"@type":"ListItem","position":1,"name":"Home","item":"https:\/\/www.alcoawheels.com\/europe\/ro\/"},{"@type":"ListItem","position":2,"name":"\u00centre\u0163inere"}]},{"@type":"WebSite","@id":"https:\/\/www.alcoawheels.com\/europe\/ro\/#website","url":"https:\/\/www.alcoawheels.com\/europe\/ro\/","name":"Europe Romanian","description":"","publisher":{"@id":"https:\/\/www.alcoawheels.com\/europe\/ro\/#organization"},"potentialAction":[{"@type":"SearchAction","target":{"@type":"EntryPoint","urlTemplate":"https:\/\/www.alcoawheels.com\/europe\/ro\/?s={search_term_string}"},"query-input":{"@type":"PropertyValueSpecification","valueRequired":true,"valueName":"search_term_string"}}],"inLanguage":"en-US"},{"@type":"Organization","@id":"https:\/\/www.alcoawheels.com\/europe\/ro\/#organization","name":"Europe Romanian","url":"https:\/\/www.alcoawheels.com\/europe\/ro\/","logo":{"@type":"ImageObject","inLanguage":"en-US","@id":"https:\/\/www.alcoawheels.com\/europe\/ro\/#\/schema\/logo\/image\/","url":"https:\/\/www.alcoawheels.com\/europe\/ro\/wp-content\/uploads\/sites\/22\/2023\/05\/logo-black.gif","contentUrl":"https:\/\/www.alcoawheels.com\/europe\/ro\/wp-content\/uploads\/sites\/22\/2023\/05\/logo-black.gif","width":71,"height":64,"caption":"Europe Romanian"},"image":{"@id":"https:\/\/www.alcoawheels.com\/europe\/ro\/#\/schema\/logo\/image\/"}}]}},"parsely":{"version":"1.1.0","canonical_url":"https:\/\/alcoawheels.com\/europe\/ro\/intretinere\/","smart_links":{"inbound":0,"outbound":0},"traffic_boost_suggestions_count":0,"meta":{"@context":"https:\/\/schema.org","@type":"WebPage","headline":"\u00centre\u0163inere","url":"http:\/\/www.alcoawheels.com\/europe\/ro\/intretinere\/","mainEntityOfPage":{"@type":"WebPage","@id":"http:\/\/www.alcoawheels.com\/europe\/ro\/intretinere\/"},"thumbnailUrl":"https:\/\/www.alcoawheels.com\/europe\/ro\/wp-content\/uploads\/sites\/22\/2023\/06\/maintenance-Hubgrease-thumbnail.jpg?w=150&h=150&crop=1","image":{"@type":"ImageObject","url":"https:\/\/www.alcoawheels.com\/europe\/ro\/wp-content\/uploads\/sites\/22\/2023\/06\/maintenance-Hubgrease-thumbnail.jpg"},"articleSection":"Uncategorized","author":[{"@type":"Person","name":"howmet"}],"creator":["howmet"],"publisher":{"@type":"Organization","name":"Europe Romanian","logo":""},"keywords":[],"dateCreated":"2023-05-26T14:25:38Z","datePublished":"2023-05-26T14:25:38Z","dateModified":"2025-07-11T19:20:06Z"},"rendered":"<script type=\"application\/ld+json\" class=\"wp-parsely-metadata\">{\"@context\":\"https:\\\/\\\/schema.org\",\"@type\":\"WebPage\",\"headline\":\"\\u00centre\\u0163inere\",\"url\":\"http:\\\/\\\/www.alcoawheels.com\\\/europe\\\/ro\\\/intretinere\\\/\",\"mainEntityOfPage\":{\"@type\":\"WebPage\",\"@id\":\"http:\\\/\\\/www.alcoawheels.com\\\/europe\\\/ro\\\/intretinere\\\/\"},\"thumbnailUrl\":\"https:\\\/\\\/www.alcoawheels.com\\\/europe\\\/ro\\\/wp-content\\\/uploads\\\/sites\\\/22\\\/2023\\\/06\\\/maintenance-Hubgrease-thumbnail.jpg?w=150&h=150&crop=1\",\"image\":{\"@type\":\"ImageObject\",\"url\":\"https:\\\/\\\/www.alcoawheels.com\\\/europe\\\/ro\\\/wp-content\\\/uploads\\\/sites\\\/22\\\/2023\\\/06\\\/maintenance-Hubgrease-thumbnail.jpg\"},\"articleSection\":\"Uncategorized\",\"author\":[{\"@type\":\"Person\",\"name\":\"howmet\"}],\"creator\":[\"howmet\"],\"publisher\":{\"@type\":\"Organization\",\"name\":\"Europe Romanian\",\"logo\":\"\"},\"keywords\":[],\"dateCreated\":\"2023-05-26T14:25:38Z\",\"datePublished\":\"2023-05-26T14:25:38Z\",\"dateModified\":\"2025-07-11T19:20:06Z\"}<\/script>","tracker_url":"https:\/\/cdn.parsely.com\/keys\/alcoawheels.com\/p.js"},"jetpack_sharing_enabled":true,"_links":{"self":[{"href":"https:\/\/www.alcoawheels.com\/europe\/ro\/wp-json\/wp\/v2\/pages\/28","targetHints":{"allow":["GET"]}}],"collection":[{"href":"https:\/\/www.alcoawheels.com\/europe\/ro\/wp-json\/wp\/v2\/pages"}],"about":[{"href":"https:\/\/www.alcoawheels.com\/europe\/ro\/wp-json\/wp\/v2\/types\/page"}],"author":[{"embeddable":true,"href":"https:\/\/www.alcoawheels.com\/europe\/ro\/wp-json\/wp\/v2\/users\/44"}],"replies":[{"embeddable":true,"href":"https:\/\/www.alcoawheels.com\/europe\/ro\/wp-json\/wp\/v2\/comments?post=28"}],"version-history":[{"count":13,"href":"https:\/\/www.alcoawheels.com\/europe\/ro\/wp-json\/wp\/v2\/pages\/28\/revisions"}],"predecessor-version":[{"id":2256,"href":"https:\/\/www.alcoawheels.com\/europe\/ro\/wp-json\/wp\/v2\/pages\/28\/revisions\/2256"}],"wp:featuredmedia":[{"embeddable":true,"href":"https:\/\/www.alcoawheels.com\/europe\/ro\/wp-json\/wp\/v2\/media\/481"}],"wp:attachment":[{"href":"https:\/\/www.alcoawheels.com\/europe\/ro\/wp-json\/wp\/v2\/media?parent=28"}],"curies":[{"name":"wp","href":"https:\/\/api.w.org\/{rel}","templated":true}]}}