{"id":54,"date":"2023-05-26T14:29:49","date_gmt":"2023-05-26T14:29:49","guid":{"rendered":"https:\/\/www.alcoawheels.com\/europe\/ro\/?page_id=54"},"modified":"2025-06-10T16:09:03","modified_gmt":"2025-06-10T13:09:03","slug":"descarcari","status":"publish","type":"page","link":"https:\/\/www.alcoawheels.com\/europe\/ro\/descarcari\/","title":{"rendered":"Desc\u0103rc\u0103ri"},"content":{"rendered":"\n<div class=\"wp-block-alcoa-wheels-hero-banner-innerpage hero-banner with-image layout-2 overlayEnable align- vertical-align- align-center vertical-align-center\" style=\"background-color:#eee\"><img decoding=\"async\" src=\"https:\/\/www.alcoawheels.com\/europe\/ro\/wp-content\/uploads\/sites\/22\/2023\/06\/downloads-banner.jpeg\" alt=\"Downloads Alcoa Wheels\" class=\"responsiveImage\"\/><div class=\"hero-banner__header\" style=\"text-align:center\"><div class=\"container\"><h1 class=\"hero-banner__header--title\">Desc\u0103rc\u0103ri<\/h1><\/div><\/div><\/div>\n\n\n\n<div style=\"height:50px\" aria-hidden=\"true\" class=\"wp-block-spacer spacer-fifty\"><\/div>\n\n\n\n<h3 class=\"wp-block-heading has-text-align-center\" id=\"h-biblioteca-cu-documente-alcoa-nbsp-wheels\">Biblioteca cu documente ALCOA<sup>\u00ae<\/sup>&nbsp;WHEELS<\/h3>\n\n\n\n<p class=\"has-text-align-center\">Aici pute\u0163i g\u0103si biblioteca complet\u0103 cu documentele \u015fi cataloagele privind jantele din aluminiu ALCOA<sup>\u00ae<\/sup>&nbsp;WHEELS, inclusiv specifica\u0163iile jantelor, instruc\u0163iunile de cur\u0103\u0163are, \u00eendrum\u0103ri tehnice \u015fi informa\u0163ii privind accesoriile.<\/p>\n\n\n\t\t<div class=\"wp-block-alcoa-product-literature\">\n\t\t\t\t\t\t\t<div class=\"product-literature-columns\">\n\t\t\t\t\t\t\t\t\t\t\t\t<div class=\"literature-column\">\n\t\t\t\t\t\t\t\t\t\t\t\t\t\t\t\t\t<div class=\"pdf-list-main-category\">\n\t\t\t\t\t\t\t\t\t\t<h4 class=\"pdf-main-category\">Cataloage de jante<\/h4>\n\t\t\t\t\t\t\t\t\t<\/div>\n\t\t\t\t\t\t\t\t\t\t\t\t\t\t\t\t\t\t\t\t\t\t\t\t\t<div class='literature-inner'>\n\t\t\t\t\t\t\t\t\t\t\t\t\t\t\t\t\t\t\t\t\t<div class=\"literature-inner-item\">\n\t\t\t\t\t\t\t\t\t\t\t\t\t\t\t\t\t\t\t\t\t\t\t\t\t\t<div class=\"pdf-lists-items Array\">\n\t\t\t\t\t\t\t\t\t\t\t\t\t\t\t\t\t\t\t\t\t\t\t\t\t\t\t\t\t\t\t\t<div class=\"pdf-files\">\n\t\t\t\t\t\t\t\t\t\t\t\t\t\t\t\t\t\t<div class=\"image\"><\/div>\t\t\t\t\t\t\t\t\t\t\t\t\t\t\t\t\t\t<a href=\"https:\/\/www.alcoawheels.com\/europe\/ro\/wp-content\/uploads\/sites\/22\/2025\/02\/Alcoa-Wheels-General-Brochure-RO.pdf\" target=\"_blank\" class=\"pdf-file\">Bro\u0219ur\u0103 general\u0103 ALCOA<sup>\u00ae<\/sup> WHEELS<\/a>\n\t\t\t\t\t\t\t\t\t\t\t\t\t\t\t\t\t\t<div class=\"pdf-size\">5.03 MB<\/div>\n\t\t\t\t\t\t\t\t\t\t\t\t\t\t\t\t\t<\/div>\n\t\t\t\t\t\t\t\t\t\t\t\t\t\t\t\t\t\t\t\t\t\t\t\t\t\t\t\t\t\t\t\t<div class=\"pdf-files\">\n\t\t\t\t\t\t\t\t\t\t\t\t\t\t\t\t\t\t<div class=\"image\"><\/div>\t\t\t\t\t\t\t\t\t\t\t\t\t\t\t\t\t\t<a href=\"https:\/\/www.alcoawheels.com\/europe\/ro\/wp-content\/uploads\/sites\/22\/2024\/05\/Alcoa-Wheels-Specification-Sheet-RO.pdf\" target=\"_blank\" class=\"pdf-file\">Foaie de specifica\u021bii a ro\u021bilor Alcoa<sup>\u00ae<\/sup><\/a>\n\t\t\t\t\t\t\t\t\t\t\t\t\t\t\t\t\t\t<div class=\"pdf-size\">1.16 MB<\/div>\n\t\t\t\t\t\t\t\t\t\t\t\t\t\t\t\t\t<\/div>\n\t\t\t\t\t\t\t\t\t\t\t\t\t\t\t\t\t\t\t\t\t\t\t\t\t\t\t\t\t<\/div>\n\t\t\t\t\t\t\t\t\t\t\t\t\t\t\t\t\t\t\t\t\t\t\t<\/div>\n\t\t\t\t\t\t\t\t\t\t\t\t\t\t\t\t\t\t\t<\/div>\n\t\t\t\t\t\t\t\t\t\t\t\t\t\t\t<\/div>\n\t\t\t\t\t\t\t\t\t\t\t\t<div class=\"literature-column\">\n\t\t\t\t\t\t\t\t\t\t\t\t\t\t\t\t\t<div class=\"pdf-list-main-category\">\n\t\t\t\t\t\t\t\t\t\t<h4 class=\"pdf-main-category\">Cataloage de accesorii<\/h4>\n\t\t\t\t\t\t\t\t\t<\/div>\n\t\t\t\t\t\t\t\t\t\t\t\t\t\t\t\t\t\t\t\t\t\t\t\t\t<div class='literature-inner'>\n\t\t\t\t\t\t\t\t\t\t\t\t\t\t\t\t\t\t\t\t\t<div class=\"literature-inner-item\">\n\t\t\t\t\t\t\t\t\t\t\t\t\t\t\t\t\t\t\t\t\t\t\t\t\t\t<div class=\"pdf-lists-items Array\">\n\t\t\t\t\t\t\t\t\t\t\t\t\t\t\t\t\t\t\t\t\t\t\t\t\t\t\t\t\t\t\t\t<div class=\"pdf-files\">\n\t\t\t\t\t\t\t\t\t\t\t\t\t\t\t\t\t\t<div class=\"image\"><\/div>\t\t\t\t\t\t\t\t\t\t\t\t\t\t\t\t\t\t<a href=\"https:\/\/www.alcoawheels.com\/europe\/ro\/wp-content\/uploads\/sites\/22\/2026\/03\/Discmate_Product_Information_Sheet_RO.pdf\" target=\"_blank\" class=\"pdf-file\">Discmate Product Information Sheet<\/a>\n\t\t\t\t\t\t\t\t\t\t\t\t\t\t\t\t\t\t<div class=\"pdf-size\">268.02 KB<\/div>\n\t\t\t\t\t\t\t\t\t\t\t\t\t\t\t\t\t<\/div>\n\t\t\t\t\t\t\t\t\t\t\t\t\t\t\t\t\t\t\t\t\t\t\t\t\t\t\t\t\t\t\t\t<div class=\"pdf-files\">\n\t\t\t\t\t\t\t\t\t\t\t\t\t\t\t\t\t\t<div class=\"image\"><\/div>\t\t\t\t\t\t\t\t\t\t\t\t\t\t\t\t\t\t<a href=\"https:\/\/www.alcoawheels.com\/europe\/ro\/wp-content\/uploads\/sites\/22\/2026\/02\/Alcoa-Wheels-Accessories-RO.pdf\" target=\"_blank\" class=\"pdf-file\">Catalog de produse pentru accesorii pentru ro\u021bi ALCOA<sup>\u00ae<\/sup><\/a>\n\t\t\t\t\t\t\t\t\t\t\t\t\t\t\t\t\t\t<div class=\"pdf-size\">2.95 MB<\/div>\n\t\t\t\t\t\t\t\t\t\t\t\t\t\t\t\t\t<\/div>\n\t\t\t\t\t\t\t\t\t\t\t\t\t\t\t\t\t\t\t\t\t\t\t\t\t\t\t\t\t\t\t\t<div class=\"pdf-files\">\n\t\t\t\t\t\t\t\t\t\t\t\t\t\t\t\t\t\t<div class=\"image\"><\/div>\t\t\t\t\t\t\t\t\t\t\t\t\t\t\t\t\t\t<a href=\"https:\/\/www.alcoawheels.com\/europe\/ro\/wp-content\/uploads\/sites\/22\/2026\/02\/Rim-Flange-Wear-Gauge-Product-Information-Sheet-EN_web.pdf\" target=\"_blank\" class=\"pdf-file\">Rim Flange Wear Gauge Product Information Sheet<\/a>\n\t\t\t\t\t\t\t\t\t\t\t\t\t\t\t\t\t\t<div class=\"pdf-size\">605.24 KB<\/div>\n\t\t\t\t\t\t\t\t\t\t\t\t\t\t\t\t\t<\/div>\n\t\t\t\t\t\t\t\t\t\t\t\t\t\t\t\t\t\t\t\t\t\t\t\t\t\t\t\t\t<\/div>\n\t\t\t\t\t\t\t\t\t\t\t\t\t\t\t\t\t\t\t\t\t\t\t<\/div>\n\t\t\t\t\t\t\t\t\t\t\t\t\t\t\t\t\t\t\t<\/div>\n\t\t\t\t\t\t\t\t\t\t\t\t\t\t\t<\/div>\n\t\t\t\t\t\t\t\t\t\t\t\t<div class=\"literature-column\">\n\t\t\t\t\t\t\t\t\t\t\t\t\t\t\t\t\t<div class=\"pdf-list-main-category\">\n\t\t\t\t\t\t\t\t\t\t<h4 class=\"pdf-main-category\">Cur\u0103\u0163are<\/h4>\n\t\t\t\t\t\t\t\t\t<\/div>\n\t\t\t\t\t\t\t\t\t\t\t\t\t\t\t\t\t\t\t\t\t\t\t\t\t<div class='literature-inner'>\n\t\t\t\t\t\t\t\t\t\t\t\t\t\t\t\t\t\t\t\t\t<div class=\"literature-inner-item\">\n\t\t\t\t\t\t\t\t\t\t\t\t\t\t\t\t\t\t\t\t\t\t\t\t\t\t<div class=\"pdf-lists-items Array\">\n\t\t\t\t\t\t\t\t\t\t\t\t\t\t\t\t\t\t\t\t\t\t\t\t\t\t\t\t\t\t\t\t<div class=\"pdf-files\">\n\t\t\t\t\t\t\t\t\t\t\t\t\t\t\t\t\t\t<div class=\"image\"><\/div>\t\t\t\t\t\t\t\t\t\t\t\t\t\t\t\t\t\t<a href=\"https:\/\/www.alcoawheels.com\/europe\/ro\/wp-content\/uploads\/sites\/22\/2025\/09\/Alcoa-Wheels-Cleaning-leaflet-RO.pdf\" target=\"_blank\" class=\"pdf-file\">Instruc\u0163iuni de cur\u0103\u0163are pentru jantele ALCOA<sup>\u00ae<\/sup> WHEELS<\/a>\n\t\t\t\t\t\t\t\t\t\t\t\t\t\t\t\t\t\t<div class=\"pdf-size\">1.26 MB<\/div>\n\t\t\t\t\t\t\t\t\t\t\t\t\t\t\t\t\t<\/div>\n\t\t\t\t\t\t\t\t\t\t\t\t\t\t\t\t\t\t\t\t\t\t\t\t\t\t\t\t\t<\/div>\n\t\t\t\t\t\t\t\t\t\t\t\t\t\t\t\t\t\t\t\t\t\t\t<\/div>\n\t\t\t\t\t\t\t\t\t\t\t\t\t\t\t\t\t\t\t<\/div>\n\t\t\t\t\t\t\t\t\t\t\t\t\t\t\t<\/div>\n\t\t\t\t\t\t\t\t\t\t\t\t<div class=\"literature-column\">\n\t\t\t\t\t\t\t\t\t\t\t\t\t\t\t\t\t<div class=\"pdf-list-main-category\">\n\t\t\t\t\t\t\t\t\t\t<h4 class=\"pdf-main-category\">Aspecte tehnice<\/h4>\n\t\t\t\t\t\t\t\t\t<\/div>\n\t\t\t\t\t\t\t\t\t\t\t\t\t\t\t\t\t\t\t\t\t\t\t\t\t<div class='literature-inner'>\n\t\t\t\t\t\t\t\t\t\t\t\t\t\t\t\t\t\t\t\t\t<div class=\"literature-inner-item\">\n\t\t\t\t\t\t\t\t\t\t\t\t\t\t\t\t\t\t\t\t\t\t\t\t\t\t<div class=\"pdf-lists-items Array\">\n\t\t\t\t\t\t\t\t\t\t\t\t\t\t\t\t\t\t\t\t\t\t\t\t\t\t\t\t\t\t\t\t<div class=\"pdf-files\">\n\t\t\t\t\t\t\t\t\t\t\t\t\t\t\t\t\t\t<div class=\"image\"><\/div>\t\t\t\t\t\t\t\t\t\t\t\t\t\t\t\t\t\t<a href=\"https:\/\/www.alcoawheels.com\/europe\/ro\/wp-content\/uploads\/sites\/22\/2025\/12\/Technical_Service_Bulletin_88U55X_88U56X_88U57X.pdf\" target=\"_blank\" class=\"pdf-file\">Technical Service Bulletin 88U55X, 88U56X, 88U57X<\/a>\n\t\t\t\t\t\t\t\t\t\t\t\t\t\t\t\t\t\t<div class=\"pdf-size\">715.90 KB<\/div>\n\t\t\t\t\t\t\t\t\t\t\t\t\t\t\t\t\t<\/div>\n\t\t\t\t\t\t\t\t\t\t\t\t\t\t\t\t\t\t\t\t\t\t\t\t\t\t\t\t\t\t\t\t<div class=\"pdf-files\">\n\t\t\t\t\t\t\t\t\t\t\t\t\t\t\t\t\t\t<div class=\"image\"><\/div>\t\t\t\t\t\t\t\t\t\t\t\t\t\t\t\t\t\t<a href=\"https:\/\/www.alcoawheels.com\/europe\/ro\/wp-content\/uploads\/sites\/22\/2023\/10\/Service-manual-for-Alcoa-Wheels-RO.pdf\" target=\"_blank\" class=\"pdf-file\">Manual de service pentru ro\u021bile Alcoa<sup>\u00ae<\/sup><\/a>\n\t\t\t\t\t\t\t\t\t\t\t\t\t\t\t\t\t\t<div class=\"pdf-size\">9.20 MB<\/div>\n\t\t\t\t\t\t\t\t\t\t\t\t\t\t\t\t\t<\/div>\n\t\t\t\t\t\t\t\t\t\t\t\t\t\t\t\t\t\t\t\t\t\t\t\t\t\t\t\t\t\t\t\t<div class=\"pdf-files\">\n\t\t\t\t\t\t\t\t\t\t\t\t\t\t\t\t\t\t<div class=\"image\"><\/div>\t\t\t\t\t\t\t\t\t\t\t\t\t\t\t\t\t\t<a href=\"https:\/\/www.alcoawheels.com\/europe\/ro\/wp-content\/uploads\/sites\/22\/2023\/07\/Alcoa-Wheels-Limited-warranty-RO.pdf\" target=\"_blank\" class=\"pdf-file\">Garantie limitata pentru jantele ALCOA<sup>\u00ae<\/sup> WHEELS<\/a>\n\t\t\t\t\t\t\t\t\t\t\t\t\t\t\t\t\t\t<div class=\"pdf-size\">65.98 KB<\/div>\n\t\t\t\t\t\t\t\t\t\t\t\t\t\t\t\t\t<\/div>\n\t\t\t\t\t\t\t\t\t\t\t\t\t\t\t\t\t\t\t\t\t\t\t\t\t\t\t\t\t<\/div>\n\t\t\t\t\t\t\t\t\t\t\t\t\t\t\t\t\t\t\t\t\t\t\t<\/div>\n\t\t\t\t\t\t\t\t\t\t\t\t\t\t\t\t\t\t\t<\/div>\n\t\t\t\t\t\t\t\t\t\t\t\t\t\t\t<\/div>\n\t\t\t\t\t\t\t\t\t<\/div>\n\t\t\t\t\t\t\t<\/div>\n\t\t\n\n\n<div style=\"height:50px\" aria-hidden=\"true\" class=\"wp-block-spacer spacer-fifty\"><\/div>\n\n\n\n<div class=\"wp-block-alcoa-wheels-card-usecase-1 card-box-v1__body with-icon align-center vertical-align-center\" id=\"card_box_v1-fa64e4f3-b880-4bc5-a93a-64d5b2702289\"><div class=\"fullwidthcontainer\"><div class=\"card-box-v1__boxes has-4-columns\"><div class=\"card-box-v1__box  with-link \" style=\"background-color:#00afb9\"><img decoding=\"async\" src=\"https:\/\/www.alcoawheels.com\/europe\/ro\/wp-content\/themes\/alcoa-wheels\/assets\/build\/js\/blocks\/card-usecase-1\/..\/..\/..\/images\/placeholder-image.db2b4d5c.jpeg\" alt=\"Contacta\u0163i\"\/><div class=\"card-box-v1__box__inner pos-abs\"><div class=\"card-box-v1__box_icon\"><img loading=\"lazy\" decoding=\"async\" width=\"171\" height=\"171\" src=\"https:\/\/www.alcoawheels.com\/europe\/ro\/wp-content\/uploads\/sites\/22\/2023\/06\/contact.png\" alt=\"\"\/><\/div><div class=\"card-box-v1__box_content\"><h4 style=\"color:#ffffff\">Contacta\u0163i<\/h4><\/div><div class=\"btn-wrap\"><\/div><\/div><a href=\"\/europe\/ro\/contact\" aria-label=\"Contacta\u0163i\"><\/a><\/div><div class=\"card-box-v1__box  with-link \" style=\"background-color:#34bfc7\"><img decoding=\"async\" src=\"https:\/\/www.alcoawheels.com\/europe\/ro\/wp-content\/themes\/alcoa-wheels\/assets\/build\/js\/blocks\/card-usecase-1\/..\/..\/..\/images\/placeholder-image.db2b4d5c.jpeg\" alt=\"Gama de jante\"\/><div class=\"card-box-v1__box__inner pos-abs\"><div class=\"card-box-v1__box_icon\"><img loading=\"lazy\" decoding=\"async\" width=\"169\" height=\"169\" src=\"https:\/\/www.alcoawheels.com\/europe\/ro\/wp-content\/uploads\/sites\/22\/2023\/06\/product-search.png\" alt=\"\"\/><\/div><div class=\"card-box-v1__box_content\"><h4 style=\"color:#ffffff\">Gama de jante<\/h4><\/div><div class=\"btn-wrap\"><\/div><\/div><a href=\"\/europe\/ro\/gama-de-jante\" aria-label=\"Gama de jante\"><\/a><\/div><div class=\"card-box-v1__box  with-link \" style=\"background-color:#00afb9\"><img decoding=\"async\" src=\"https:\/\/www.alcoawheels.com\/europe\/ro\/wp-content\/themes\/alcoa-wheels\/assets\/build\/js\/blocks\/card-usecase-1\/..\/..\/..\/images\/placeholder-image.db2b4d5c.jpeg\" alt=\"De unde se cump\u0103r\u0103\"\/><div class=\"card-box-v1__box__inner pos-abs\"><div class=\"card-box-v1__box_icon\"><img loading=\"lazy\" decoding=\"async\" width=\"169\" height=\"169\" src=\"https:\/\/www.alcoawheels.com\/europe\/ro\/wp-content\/uploads\/sites\/22\/2023\/06\/where-to-buy.png\" alt=\"\"\/><\/div><div class=\"card-box-v1__box_content\"><h4 style=\"color:#ffffff\">De unde se cump\u0103r\u0103<\/h4><\/div><div class=\"btn-wrap\"><\/div><\/div><a href=\"\/europe\/ro\/de-unde-se-cumpara\" aria-label=\"De unde se cump\u0103r\u0103\"><\/a><\/div><div class=\"card-box-v1__box  with-link \" style=\"background-color:#34bfc7\"><img decoding=\"async\" src=\"https:\/\/www.alcoawheels.com\/europe\/ro\/wp-content\/themes\/alcoa-wheels\/assets\/build\/js\/blocks\/card-usecase-1\/..\/..\/..\/images\/placeholder-image.db2b4d5c.jpeg\" alt=\"Desc\u0103rc\u0103ri\"\/><div class=\"card-box-v1__box__inner pos-abs\"><div class=\"card-box-v1__box_icon\"><img loading=\"lazy\" decoding=\"async\" width=\"169\" height=\"169\" src=\"https:\/\/www.alcoawheels.com\/europe\/ro\/wp-content\/uploads\/sites\/22\/2023\/06\/product-literature.png\" alt=\"\"\/><\/div><div class=\"card-box-v1__box_content\"><h4 style=\"color:#ffffff\">Desc\u0103rc\u0103ri<\/h4><\/div><div class=\"btn-wrap\"><\/div><\/div><a href=\"\/europe\/ro\/descarcari\" aria-label=\"Desc\u0103rc\u0103ri\"><\/a><\/div><\/div><\/div><\/div>\n","protected":false},"excerpt":{"rendered":"<p>Biblioteca cu documente ALCOA\u00ae&nbsp;WHEELS Aici pute\u0163i g\u0103si biblioteca complet\u0103 cu documentele \u015fi cataloagele privind jantele din aluminiu ALCOA\u00ae&nbsp;WHEELS, inclusiv specifica\u0163iile jantelor, instruc\u0163iunile de cur\u0103\u0163are, \u00eendrum\u0103ri tehnice \u015fi informa\u0163ii privind accesoriile.<\/p>\n","protected":false},"author":44,"featured_media":0,"parent":0,"menu_order":0,"comment_status":"closed","ping_status":"closed","template":"","meta":{"_acf_changed":false,"protected_reviewer_email":"","editor_notices":[],"footnotes":""},"class_list":["post-54","page","type-page","status-publish","hentry"],"acf":[],"yoast_head":"<!-- This site is optimized with the Yoast SEO Premium plugin v27.3 (Yoast SEO v27.3) - https:\/\/yoast.com\/product\/yoast-seo-premium-wordpress\/ -->\n<title>Product Literature | Technical Resources | Alcoa Wheels<\/title>\n<meta name=\"description\" content=\"Alcoa Wheels complete product literature library describing the product options for the full product line of Alcoa Aluminum Wheels.\" \/>\n<meta name=\"robots\" content=\"index, follow, max-snippet:-1, max-image-preview:large, max-video-preview:-1\" \/>\n<link rel=\"canonical\" href=\"https:\/\/www.alcoawheels.com\/europe\/ro\/descarcari\/\" \/>\n<meta property=\"og:locale\" content=\"en_US\" \/>\n<meta property=\"og:type\" content=\"article\" \/>\n<meta property=\"og:title\" content=\"Desc\u0103rc\u0103ri\" \/>\n<meta property=\"og:description\" content=\"Alcoa Wheels complete product literature library describing the product options for the full product line of Alcoa Aluminum Wheels.\" \/>\n<meta property=\"og:url\" content=\"https:\/\/www.alcoawheels.com\/europe\/ro\/descarcari\/\" \/>\n<meta property=\"og:site_name\" content=\"Europe Romanian\" \/>\n<meta property=\"article:modified_time\" content=\"2025-06-10T13:09:03+00:00\" \/>\n<meta property=\"og:image\" content=\"https:\/\/www.alcoawheels.com\/europe\/ro\/wp-content\/uploads\/sites\/22\/2023\/06\/downloads-banner.jpeg\" \/>\n<meta name=\"twitter:card\" content=\"summary_large_image\" \/>\n<meta name=\"twitter:label1\" content=\"Est. reading time\" \/>\n\t<meta name=\"twitter:data1\" content=\"1 minute\" \/>\n<script type=\"application\/ld+json\" class=\"yoast-schema-graph\">{\"@context\":\"https:\\\/\\\/schema.org\",\"@graph\":[{\"@type\":\"WebPage\",\"@id\":\"https:\\\/\\\/www.alcoawheels.com\\\/europe\\\/ro\\\/descarcari\\\/\",\"url\":\"https:\\\/\\\/www.alcoawheels.com\\\/europe\\\/ro\\\/descarcari\\\/\",\"name\":\"Product Literature | Technical Resources | Alcoa Wheels\",\"isPartOf\":{\"@id\":\"https:\\\/\\\/www.alcoawheels.com\\\/europe\\\/ro\\\/#website\"},\"primaryImageOfPage\":{\"@id\":\"https:\\\/\\\/www.alcoawheels.com\\\/europe\\\/ro\\\/descarcari\\\/#primaryimage\"},\"image\":{\"@id\":\"https:\\\/\\\/www.alcoawheels.com\\\/europe\\\/ro\\\/descarcari\\\/#primaryimage\"},\"thumbnailUrl\":\"https:\\\/\\\/www.alcoawheels.com\\\/europe\\\/ro\\\/wp-content\\\/uploads\\\/sites\\\/22\\\/2023\\\/06\\\/downloads-banner.jpeg\",\"datePublished\":\"2023-05-26T14:29:49+00:00\",\"dateModified\":\"2025-06-10T13:09:03+00:00\",\"description\":\"Alcoa Wheels complete product literature library describing the product options for the full product line of Alcoa Aluminum Wheels.\",\"breadcrumb\":{\"@id\":\"https:\\\/\\\/www.alcoawheels.com\\\/europe\\\/ro\\\/descarcari\\\/#breadcrumb\"},\"inLanguage\":\"en-US\",\"potentialAction\":[{\"@type\":\"ReadAction\",\"target\":[\"https:\\\/\\\/www.alcoawheels.com\\\/europe\\\/ro\\\/descarcari\\\/\"]}]},{\"@type\":\"ImageObject\",\"inLanguage\":\"en-US\",\"@id\":\"https:\\\/\\\/www.alcoawheels.com\\\/europe\\\/ro\\\/descarcari\\\/#primaryimage\",\"url\":\"https:\\\/\\\/www.alcoawheels.com\\\/europe\\\/ro\\\/wp-content\\\/uploads\\\/sites\\\/22\\\/2023\\\/06\\\/downloads-banner.jpeg\",\"contentUrl\":\"https:\\\/\\\/www.alcoawheels.com\\\/europe\\\/ro\\\/wp-content\\\/uploads\\\/sites\\\/22\\\/2023\\\/06\\\/downloads-banner.jpeg\",\"width\":1119,\"height\":280,\"caption\":\"Downloads Alcoa Wheels\"},{\"@type\":\"BreadcrumbList\",\"@id\":\"https:\\\/\\\/www.alcoawheels.com\\\/europe\\\/ro\\\/descarcari\\\/#breadcrumb\",\"itemListElement\":[{\"@type\":\"ListItem\",\"position\":1,\"name\":\"Home\",\"item\":\"https:\\\/\\\/www.alcoawheels.com\\\/europe\\\/ro\\\/\"},{\"@type\":\"ListItem\",\"position\":2,\"name\":\"Desc\u0103rc\u0103ri\"}]},{\"@type\":\"WebSite\",\"@id\":\"https:\\\/\\\/www.alcoawheels.com\\\/europe\\\/ro\\\/#website\",\"url\":\"https:\\\/\\\/www.alcoawheels.com\\\/europe\\\/ro\\\/\",\"name\":\"Europe Romanian\",\"description\":\"\",\"publisher\":{\"@id\":\"https:\\\/\\\/www.alcoawheels.com\\\/europe\\\/ro\\\/#organization\"},\"potentialAction\":[{\"@type\":\"SearchAction\",\"target\":{\"@type\":\"EntryPoint\",\"urlTemplate\":\"https:\\\/\\\/www.alcoawheels.com\\\/europe\\\/ro\\\/?s={search_term_string}\"},\"query-input\":{\"@type\":\"PropertyValueSpecification\",\"valueRequired\":true,\"valueName\":\"search_term_string\"}}],\"inLanguage\":\"en-US\"},{\"@type\":\"Organization\",\"@id\":\"https:\\\/\\\/www.alcoawheels.com\\\/europe\\\/ro\\\/#organization\",\"name\":\"Europe Romanian\",\"url\":\"https:\\\/\\\/www.alcoawheels.com\\\/europe\\\/ro\\\/\",\"logo\":{\"@type\":\"ImageObject\",\"inLanguage\":\"en-US\",\"@id\":\"https:\\\/\\\/www.alcoawheels.com\\\/europe\\\/ro\\\/#\\\/schema\\\/logo\\\/image\\\/\",\"url\":\"https:\\\/\\\/www.alcoawheels.com\\\/europe\\\/ro\\\/wp-content\\\/uploads\\\/sites\\\/22\\\/2023\\\/05\\\/logo-black.gif\",\"contentUrl\":\"https:\\\/\\\/www.alcoawheels.com\\\/europe\\\/ro\\\/wp-content\\\/uploads\\\/sites\\\/22\\\/2023\\\/05\\\/logo-black.gif\",\"width\":71,\"height\":64,\"caption\":\"Europe Romanian\"},\"image\":{\"@id\":\"https:\\\/\\\/www.alcoawheels.com\\\/europe\\\/ro\\\/#\\\/schema\\\/logo\\\/image\\\/\"}}]}<\/script>\n<!-- \/ Yoast SEO Premium plugin. -->","yoast_head_json":{"title":"Product Literature | Technical Resources | Alcoa Wheels","description":"Alcoa Wheels complete product literature library describing the product options for the full product line of Alcoa Aluminum Wheels.","robots":{"index":"index","follow":"follow","max-snippet":"max-snippet:-1","max-image-preview":"max-image-preview:large","max-video-preview":"max-video-preview:-1"},"canonical":"https:\/\/www.alcoawheels.com\/europe\/ro\/descarcari\/","og_locale":"en_US","og_type":"article","og_title":"Desc\u0103rc\u0103ri","og_description":"Alcoa Wheels complete product literature library describing the product options for the full product line of Alcoa Aluminum Wheels.","og_url":"https:\/\/www.alcoawheels.com\/europe\/ro\/descarcari\/","og_site_name":"Europe Romanian","article_modified_time":"2025-06-10T13:09:03+00:00","og_image":[{"url":"https:\/\/www.alcoawheels.com\/europe\/ro\/wp-content\/uploads\/sites\/22\/2023\/06\/downloads-banner.jpeg","type":"","width":"","height":""}],"twitter_card":"summary_large_image","twitter_misc":{"Est. reading time":"1 minute"},"schema":{"@context":"https:\/\/schema.org","@graph":[{"@type":"WebPage","@id":"https:\/\/www.alcoawheels.com\/europe\/ro\/descarcari\/","url":"https:\/\/www.alcoawheels.com\/europe\/ro\/descarcari\/","name":"Product Literature | Technical Resources | Alcoa Wheels","isPartOf":{"@id":"https:\/\/www.alcoawheels.com\/europe\/ro\/#website"},"primaryImageOfPage":{"@id":"https:\/\/www.alcoawheels.com\/europe\/ro\/descarcari\/#primaryimage"},"image":{"@id":"https:\/\/www.alcoawheels.com\/europe\/ro\/descarcari\/#primaryimage"},"thumbnailUrl":"https:\/\/www.alcoawheels.com\/europe\/ro\/wp-content\/uploads\/sites\/22\/2023\/06\/downloads-banner.jpeg","datePublished":"2023-05-26T14:29:49+00:00","dateModified":"2025-06-10T13:09:03+00:00","description":"Alcoa Wheels complete product literature library describing the product options for the full product line of Alcoa Aluminum Wheels.","breadcrumb":{"@id":"https:\/\/www.alcoawheels.com\/europe\/ro\/descarcari\/#breadcrumb"},"inLanguage":"en-US","potentialAction":[{"@type":"ReadAction","target":["https:\/\/www.alcoawheels.com\/europe\/ro\/descarcari\/"]}]},{"@type":"ImageObject","inLanguage":"en-US","@id":"https:\/\/www.alcoawheels.com\/europe\/ro\/descarcari\/#primaryimage","url":"https:\/\/www.alcoawheels.com\/europe\/ro\/wp-content\/uploads\/sites\/22\/2023\/06\/downloads-banner.jpeg","contentUrl":"https:\/\/www.alcoawheels.com\/europe\/ro\/wp-content\/uploads\/sites\/22\/2023\/06\/downloads-banner.jpeg","width":1119,"height":280,"caption":"Downloads Alcoa Wheels"},{"@type":"BreadcrumbList","@id":"https:\/\/www.alcoawheels.com\/europe\/ro\/descarcari\/#breadcrumb","itemListElement":[{"@type":"ListItem","position":1,"name":"Home","item":"https:\/\/www.alcoawheels.com\/europe\/ro\/"},{"@type":"ListItem","position":2,"name":"Desc\u0103rc\u0103ri"}]},{"@type":"WebSite","@id":"https:\/\/www.alcoawheels.com\/europe\/ro\/#website","url":"https:\/\/www.alcoawheels.com\/europe\/ro\/","name":"Europe Romanian","description":"","publisher":{"@id":"https:\/\/www.alcoawheels.com\/europe\/ro\/#organization"},"potentialAction":[{"@type":"SearchAction","target":{"@type":"EntryPoint","urlTemplate":"https:\/\/www.alcoawheels.com\/europe\/ro\/?s={search_term_string}"},"query-input":{"@type":"PropertyValueSpecification","valueRequired":true,"valueName":"search_term_string"}}],"inLanguage":"en-US"},{"@type":"Organization","@id":"https:\/\/www.alcoawheels.com\/europe\/ro\/#organization","name":"Europe Romanian","url":"https:\/\/www.alcoawheels.com\/europe\/ro\/","logo":{"@type":"ImageObject","inLanguage":"en-US","@id":"https:\/\/www.alcoawheels.com\/europe\/ro\/#\/schema\/logo\/image\/","url":"https:\/\/www.alcoawheels.com\/europe\/ro\/wp-content\/uploads\/sites\/22\/2023\/05\/logo-black.gif","contentUrl":"https:\/\/www.alcoawheels.com\/europe\/ro\/wp-content\/uploads\/sites\/22\/2023\/05\/logo-black.gif","width":71,"height":64,"caption":"Europe Romanian"},"image":{"@id":"https:\/\/www.alcoawheels.com\/europe\/ro\/#\/schema\/logo\/image\/"}}]}},"parsely":{"version":"1.1.0","canonical_url":"https:\/\/alcoawheels.com\/europe\/ro\/descarcari\/","smart_links":{"inbound":0,"outbound":0},"traffic_boost_suggestions_count":0,"meta":{"@context":"https:\/\/schema.org","@type":"WebPage","headline":"Desc\u0103rc\u0103ri","url":"http:\/\/www.alcoawheels.com\/europe\/ro\/descarcari\/","mainEntityOfPage":{"@type":"WebPage","@id":"http:\/\/www.alcoawheels.com\/europe\/ro\/descarcari\/"},"thumbnailUrl":"","image":{"@type":"ImageObject","url":""},"articleSection":"Uncategorized","author":[{"@type":"Person","name":"howmet"}],"creator":["howmet"],"publisher":{"@type":"Organization","name":"Europe Romanian","logo":""},"keywords":[],"dateCreated":"2023-05-26T14:29:49Z","datePublished":"2023-05-26T14:29:49Z","dateModified":"2025-06-10T13:09:03Z"},"rendered":"<script type=\"application\/ld+json\" class=\"wp-parsely-metadata\">{\"@context\":\"https:\\\/\\\/schema.org\",\"@type\":\"WebPage\",\"headline\":\"Desc\\u0103rc\\u0103ri\",\"url\":\"http:\\\/\\\/www.alcoawheels.com\\\/europe\\\/ro\\\/descarcari\\\/\",\"mainEntityOfPage\":{\"@type\":\"WebPage\",\"@id\":\"http:\\\/\\\/www.alcoawheels.com\\\/europe\\\/ro\\\/descarcari\\\/\"},\"thumbnailUrl\":\"\",\"image\":{\"@type\":\"ImageObject\",\"url\":\"\"},\"articleSection\":\"Uncategorized\",\"author\":[{\"@type\":\"Person\",\"name\":\"howmet\"}],\"creator\":[\"howmet\"],\"publisher\":{\"@type\":\"Organization\",\"name\":\"Europe Romanian\",\"logo\":\"\"},\"keywords\":[],\"dateCreated\":\"2023-05-26T14:29:49Z\",\"datePublished\":\"2023-05-26T14:29:49Z\",\"dateModified\":\"2025-06-10T13:09:03Z\"}<\/script>","tracker_url":"https:\/\/cdn.parsely.com\/keys\/alcoawheels.com\/p.js"},"jetpack_sharing_enabled":true,"_links":{"self":[{"href":"https:\/\/www.alcoawheels.com\/europe\/ro\/wp-json\/wp\/v2\/pages\/54","targetHints":{"allow":["GET"]}}],"collection":[{"href":"https:\/\/www.alcoawheels.com\/europe\/ro\/wp-json\/wp\/v2\/pages"}],"about":[{"href":"https:\/\/www.alcoawheels.com\/europe\/ro\/wp-json\/wp\/v2\/types\/page"}],"author":[{"embeddable":true,"href":"https:\/\/www.alcoawheels.com\/europe\/ro\/wp-json\/wp\/v2\/users\/44"}],"replies":[{"embeddable":true,"href":"https:\/\/www.alcoawheels.com\/europe\/ro\/wp-json\/wp\/v2\/comments?post=54"}],"version-history":[{"count":6,"href":"https:\/\/www.alcoawheels.com\/europe\/ro\/wp-json\/wp\/v2\/pages\/54\/revisions"}],"predecessor-version":[{"id":2206,"href":"https:\/\/www.alcoawheels.com\/europe\/ro\/wp-json\/wp\/v2\/pages\/54\/revisions\/2206"}],"wp:attachment":[{"href":"https:\/\/www.alcoawheels.com\/europe\/ro\/wp-json\/wp\/v2\/media?parent=54"}],"curies":[{"name":"wp","href":"https:\/\/api.w.org\/{rel}","templated":true}]}}