{"id":58,"date":"2023-05-26T14:30:13","date_gmt":"2023-05-26T14:30:13","guid":{"rendered":"https:\/\/www.alcoawheels.com\/europe\/ro\/?page_id=58"},"modified":"2023-08-24T12:04:12","modified_gmt":"2023-08-24T09:04:12","slug":"dezabonare","status":"publish","type":"page","link":"https:\/\/www.alcoawheels.com\/europe\/ro\/dezabonare\/","title":{"rendered":"Dezabonare"},"content":{"rendered":"\n<div style=\"height:50px\" aria-hidden=\"true\" class=\"wp-block-spacer spacer-fifty\"><\/div>\n\n\n\t\t\t<div class= \"wp-block-contact-form individual alcoawheels-contact-form\">\n\t\t\t\t<h1><strong>Dezabonare<\/strong><\/h1>\n\t\t\t\t<div class=\"recaptcha-onetrust-placeholder alert alert-danger\" role=\"alert\">\n\t\t\t\t\t<p class=\"text-danger\"><strong>This website requires Google reCAPTCHA verification to submit inquiry forms. Please <a class=\"optanon-toggle-display\">accept<\/a> cookies in order to view the verification module. You may need to refresh your browser window afterwards.<\/strong><\/p>\r\n\r\n<p class=\"text-danger\"><strong><a href=\"https:\/\/support.google.com\/recaptcha\/?hl=ro\" target=\"_blank\" class=\"with_arrow btn-main btn-link-left-arrow\">reCAPTCHA User Resources<\/a><\/strong><\/p>\t\t\t\t<\/div>\n\t\t\t\t\t<p>Completa\u021bi adresa dvs. de e-mail pentru a v\u0103 dezabona de la alertele noastre.<\/p>\n\t\t\t\t\t\t\t\t\t<form id=\"form1\" name=\"form1\" class=\"contact-form\" action=\"https:\/\/www.alcoawheels.com\/europe\/ro\/dezabonare\/\" method=\"POST\" enctype=\"multipart\/form-data\">\n\t\t\t\t\t<input type=\"hidden\" id=\"form_sitekey\" value=\"6LdJA48nAAAAAOWAQLoNB5JjwSJ1bDI0SoyIZqhW\">\n\t\t\t\t\t<input type=\"hidden\" name=\"form_id\" value=\"1533\">\n\t\t\t\t\t\t\t\t\t\t<input type=\"hidden\" name=\"page_url\" value=\"https:\/\/www.alcoawheels.com\/europe\/ro\/dezabonare\/\">\n\t\t\t\t\t<input type=\"hidden\" name=\"referer_url\" value=\"\">\n\t\t\t\t\t<input type=\"hidden\" name=\"contact_page_id\" value=\"58\">\n\t\t\t\t\t<input type=\"hidden\" name=\"site_id\" value=\"22\">\n\t\t\t\t\t<input type=\"hidden\" name=\"to_emails\" value=\"info.wheels@howmet.com\">\n\t\t\t\t\t<input type=\"hidden\" name=\"action\" value=\"contact_form_response\">\n\t\t\t\t\t<input type=\"hidden\" name=\"contact_form_nonce\" value=\"356ddc740d\">\n\t\t\t\t\t\t\t\t\t\t\t\t\t<div class=\"field-wrap required\">\n\t\t\t\t\t\t\t\t\t<div class=\"field-container\">\n\t\t\t\t\t\t\t\t\t\t<label class=\"field-label\" for=\"email\">*Adres\u0103 de e-mail<\/label>\n\t\t\t\t\t\t\t\t\t\t \n\t\t\t\t\t\t\t\t\t\t<input type=\"email\" name=\"email\" id=\"email\" value=\"\">\n\t\t\t\t\t\t\t\t\t\t\t\t\t\t\t\t\t\t\t<\/div>\n\t\t\t\t\t\t\t\t<\/div>\n\t\t\t\t\t\t\t\t\t\t\t\t\t\t\t<div class=\"field-wrap required\">\n\t\t\t\t\t\t\t\t\t<div class=\"field-inner\">\n\t\t\t\t\t\t\t\t\t\t<div class=\"field-container\">\n\t\t\t\t\t\t\t\t\t\t\t<p class=\"field-label consent-label\">*Bifa\u0163i caseta pentru a accepta&nbsp;<a href=\"..\/confidentialitate\">acordul nostru de confiden\u0163ialitate<\/a><\/p>\n\t\t\t\t\t\t\t\t\t\t\t<div class=\"checkbox-group\">\n\t\t\t\t\t\t\t\t\t\t\t\t<div class=\"formbuilder-checkbox\">\n\t\t\t\t\t\t\t\t\t\t\t\t\t<input name=\"consent\" id=\"consent\" type=\"checkbox\" value=\"y\" >\n\t\t\t\t\t\t\t\t\t\t\t\t\t<label for=\"consent\">Prin trimiterea acestei solicit\u0103ri, sunt de acord cu transferul datelor mele personale, pe care le-am pus mai sus la dispozi\u0163ia Howmet Aerospace Inc \u015fi a&nbsp;tuturor entit\u0103\u0163ilor aflate sub controlul acesteia &icirc;n Statele Unite ale Americii \u015fi &icirc;n afara acestei \u0163\u0103ri, precum \u015fi a contractan\u0163ilor sau agen\u0163ilor ter\u0163i autoriza\u0163i ai acestora, \u015fi cu procesarea acestor date &icirc;n scopul ob\u0163inerii unui r\u0103spuns la solicitarea mea. Howmet Aerospace va utiliza informa\u0163iile puse la dispozi\u0163ie numai &icirc;n scopul trimiterii unui r\u0103spuns la solicitarea mea \u015fi va stoca datele pe o perioad\u0103 strict necesar\u0103 pentru a putea furniza un r\u0103spuns. Confirm c\u0103 sunt pe deplin informat asupra motivelor prelucr\u0103rii \u015fi transferului datelor mele personale \u015fi cunosc toate drepturile mele cu privire la aceste informa\u0163ii personale \u015fi toate legile aplicabile. Dac\u0103, oric&acirc;nd &icirc;n viitor, decid c\u0103 doresc s\u0103 retrag acordul meu dat anterior, voi contacta Howmet Aerospace pentru a-i informa asupra acestei decizii. De asemenea, am dreptul de a mi se permite corectarea oric\u0103rei informa\u0163ii incorecte p\u0103strate de Howmet Aerospace.<\/label>\n\t\t\t\t\t\t\t\t\t\t\t\t<\/div>\n\t\t\t\t\t\t\t\t\t\t\t<\/div>\n\t\t\t\t\t\t\t\t\t\t<\/div>\n\t\t\t\t\t\t\t\t\t<\/div>\n\t\t\t\t\t\t\t\t<\/div>\n\t\t\t\t\t\t\t\t\t\t\t\t\t\t<div class=\"field-wrap google-captcha\">\n\t\t\t\t\t\t\t\t<div class=\"field-container\">\n\t\t\t\t\t\t\t\t\t<div class=\"captcha-field\" id=\"captcha-field\">\n\t\t\t\t\t\t\t\t\t<\/div>\n\t\t\t\t\t\t\t\t\t\t\t\t\t\t\t\t\t\t<div class=\"recaptcha-onetrust-placeholder alert alert-danger\" role=\"alert\">\n\t\t\t\t\t\t\t\t\t\t<p class=\"text-danger\"><strong>This website requires Google reCAPTCHA verification to submit inquiry forms. Please <a class=\"optanon-toggle-display\">accept<\/a> cookies in order to view the verification module. You may need to refresh your browser window afterwards.<\/strong><\/p>\r\n\r\n<p class=\"text-danger\"><strong><a href=\"https:\/\/support.google.com\/recaptcha\/?hl=ro\" target=\"_blank\" class=\"with_arrow btn-main btn-link-left-arrow\">reCAPTCHA User Resources<\/a><\/strong><\/p>\t\t\t\t\t\t\t\t\t<\/div>\n\t\t\t\t\t\t\t\t\t\t\t\t\t\t\t\t\t<\/div>\n\t\t\t\t\t\t\t<\/div>\n\t\t\t\t\t\t\t\t\t\t\t\t\t\t\t<div class=\"button-wrap\">\n\t\t\t\t\t\t\t\t\t\t\t\t\t\t\t<button type=\"submit\" value=\"Expediere\" id=\"Submit1\" name=\"Submit1\" class=\"button btn btn-default\">Expediere\t\t\t\t\t\t\t\t\t\t\t\t\t\t<\/button>\n\t\t\t\t\t\t\t\t\t\t\t\t\t\t<button type=\"reset\" value=\"Resetare\" id=\"Reset1\" name=\"Reset1\" class=\"button btn btn-default\">Resetare\t\t\t\t\t\t\t\t\t\t\t\t\t\t<\/button>\n\t\t\t\t\t\t\t\t\t\t\t\t\t\t\t\t<\/div>\n\t\t\t\t\t\t\t\t\t\t\t\t\t\t\t\t<div class=\"field-wrap text\">\n\t\t\t\t\t\t\t\t<div class=\"field-container\">\n\t\t\t\t\t\t\t\t\t*De completat\t\t\t\t\t\t\t\t<\/div>\n\t\t\t\t\t\t\t<\/div>\n\t\t\t\t\t\t\t\t\t\t\t<\/form>\n\t\t\t<\/div>\n\t\t\t\n\n\n<div style=\"height:20px\" aria-hidden=\"true\" class=\"wp-block-spacer\"><\/div>\n\n\n\n<div class=\"wp-block-alcoa-wheels-card-usecase-1 card-box-v1__body with-icon align-center vertical-align-center\" id=\"card_box_v1-fa64e4f3-b880-4bc5-a93a-64d5b2702289\"><div class=\"fullwidthcontainer\"><div class=\"card-box-v1__boxes has-4-columns\"><div class=\"card-box-v1__box  with-link \" style=\"background-color:#00afb9\"><img decoding=\"async\" src=\"https:\/\/www.alcoawheels.com\/europe\/ro\/wp-content\/themes\/alcoa-wheels\/assets\/build\/js\/blocks\/card-usecase-1\/..\/..\/..\/images\/placeholder-image.db2b4d5c.jpeg\" alt=\"Contacta\u0163i\"\/><div class=\"card-box-v1__box__inner pos-abs\"><div class=\"card-box-v1__box_icon\"><img loading=\"lazy\" decoding=\"async\" width=\"171\" height=\"171\" src=\"https:\/\/www.alcoawheels.com\/europe\/ro\/wp-content\/uploads\/sites\/22\/2023\/06\/contact.png\" alt=\"\"\/><\/div><div class=\"card-box-v1__box_content\"><h4 style=\"color:#ffffff\">Contacta\u0163i<\/h4><\/div><div class=\"btn-wrap\"><\/div><\/div><a href=\"\/europe\/ro\/contact\" aria-label=\"Contacta\u0163i\"><\/a><\/div><div class=\"card-box-v1__box  with-link \" style=\"background-color:#34bfc7\"><img decoding=\"async\" src=\"https:\/\/www.alcoawheels.com\/europe\/ro\/wp-content\/themes\/alcoa-wheels\/assets\/build\/js\/blocks\/card-usecase-1\/..\/..\/..\/images\/placeholder-image.db2b4d5c.jpeg\" alt=\"Gama de jante\"\/><div class=\"card-box-v1__box__inner pos-abs\"><div class=\"card-box-v1__box_icon\"><img loading=\"lazy\" decoding=\"async\" width=\"169\" height=\"169\" src=\"https:\/\/www.alcoawheels.com\/europe\/ro\/wp-content\/uploads\/sites\/22\/2023\/06\/product-search.png\" alt=\"\"\/><\/div><div class=\"card-box-v1__box_content\"><h4 style=\"color:#ffffff\">Gama de jante<\/h4><\/div><div class=\"btn-wrap\"><\/div><\/div><a href=\"\/europe\/ro\/gama-de-jante\" aria-label=\"Gama de jante\"><\/a><\/div><div class=\"card-box-v1__box  with-link \" style=\"background-color:#00afb9\"><img decoding=\"async\" src=\"https:\/\/www.alcoawheels.com\/europe\/ro\/wp-content\/themes\/alcoa-wheels\/assets\/build\/js\/blocks\/card-usecase-1\/..\/..\/..\/images\/placeholder-image.db2b4d5c.jpeg\" alt=\"De unde se cump\u0103r\u0103\"\/><div class=\"card-box-v1__box__inner pos-abs\"><div class=\"card-box-v1__box_icon\"><img loading=\"lazy\" decoding=\"async\" width=\"169\" height=\"169\" src=\"https:\/\/www.alcoawheels.com\/europe\/ro\/wp-content\/uploads\/sites\/22\/2023\/06\/where-to-buy.png\" alt=\"\"\/><\/div><div class=\"card-box-v1__box_content\"><h4 style=\"color:#ffffff\">De unde se cump\u0103r\u0103<\/h4><\/div><div class=\"btn-wrap\"><\/div><\/div><a href=\"\/europe\/ro\/de-unde-se-cumpara\" aria-label=\"De unde se cump\u0103r\u0103\"><\/a><\/div><div class=\"card-box-v1__box  with-link \" style=\"background-color:#34bfc7\"><img decoding=\"async\" src=\"https:\/\/www.alcoawheels.com\/europe\/ro\/wp-content\/themes\/alcoa-wheels\/assets\/build\/js\/blocks\/card-usecase-1\/..\/..\/..\/images\/placeholder-image.db2b4d5c.jpeg\" alt=\"Desc\u0103rc\u0103ri\"\/><div class=\"card-box-v1__box__inner pos-abs\"><div class=\"card-box-v1__box_icon\"><img loading=\"lazy\" decoding=\"async\" width=\"169\" height=\"169\" src=\"https:\/\/www.alcoawheels.com\/europe\/ro\/wp-content\/uploads\/sites\/22\/2023\/06\/product-literature.png\" alt=\"\"\/><\/div><div class=\"card-box-v1__box_content\"><h4 style=\"color:#ffffff\">Desc\u0103rc\u0103ri<\/h4><\/div><div class=\"btn-wrap\"><\/div><\/div><a href=\"\/europe\/ro\/descarcari\" aria-label=\"Desc\u0103rc\u0103ri\"><\/a><\/div><\/div><\/div><\/div>\n","protected":false},"excerpt":{"rendered":"","protected":false},"author":44,"featured_media":0,"parent":0,"menu_order":0,"comment_status":"closed","ping_status":"closed","template":"","meta":{"_acf_changed":false,"protected_reviewer_email":"","editor_notices":[],"footnotes":""},"class_list":["post-58","page","type-page","status-publish","hentry"],"acf":[],"yoast_head":"<!-- This site is optimized with the Yoast SEO Premium plugin v27.3 (Yoast SEO v27.3) - https:\/\/yoast.com\/product\/yoast-seo-premium-wordpress\/ -->\n<title>Alcoa Wheels | Despre | Dezabonare<\/title>\n<meta name=\"robots\" content=\"index, follow, max-snippet:-1, max-image-preview:large, max-video-preview:-1\" \/>\n<link rel=\"canonical\" href=\"https:\/\/www.alcoawheels.com\/europe\/ro\/dezabonare\/\" \/>\n<meta property=\"og:locale\" content=\"en_US\" \/>\n<meta property=\"og:type\" content=\"article\" \/>\n<meta property=\"og:title\" content=\"Dezabonare\" \/>\n<meta property=\"og:url\" content=\"https:\/\/www.alcoawheels.com\/europe\/ro\/dezabonare\/\" \/>\n<meta property=\"og:site_name\" content=\"Europe Romanian\" \/>\n<meta property=\"article:modified_time\" content=\"2023-08-24T09:04:12+00:00\" \/>\n<meta name=\"twitter:card\" content=\"summary_large_image\" \/>\n<script type=\"application\/ld+json\" class=\"yoast-schema-graph\">{\"@context\":\"https:\\\/\\\/schema.org\",\"@graph\":[{\"@type\":\"WebPage\",\"@id\":\"https:\\\/\\\/www.alcoawheels.com\\\/europe\\\/ro\\\/dezabonare\\\/\",\"url\":\"https:\\\/\\\/www.alcoawheels.com\\\/europe\\\/ro\\\/dezabonare\\\/\",\"name\":\"Alcoa Wheels | Despre | Dezabonare\",\"isPartOf\":{\"@id\":\"https:\\\/\\\/www.alcoawheels.com\\\/europe\\\/ro\\\/#website\"},\"datePublished\":\"2023-05-26T14:30:13+00:00\",\"dateModified\":\"2023-08-24T09:04:12+00:00\",\"breadcrumb\":{\"@id\":\"https:\\\/\\\/www.alcoawheels.com\\\/europe\\\/ro\\\/dezabonare\\\/#breadcrumb\"},\"inLanguage\":\"en-US\",\"potentialAction\":[{\"@type\":\"ReadAction\",\"target\":[\"https:\\\/\\\/www.alcoawheels.com\\\/europe\\\/ro\\\/dezabonare\\\/\"]}]},{\"@type\":\"BreadcrumbList\",\"@id\":\"https:\\\/\\\/www.alcoawheels.com\\\/europe\\\/ro\\\/dezabonare\\\/#breadcrumb\",\"itemListElement\":[{\"@type\":\"ListItem\",\"position\":1,\"name\":\"Home\",\"item\":\"https:\\\/\\\/www.alcoawheels.com\\\/europe\\\/ro\\\/\"},{\"@type\":\"ListItem\",\"position\":2,\"name\":\"Dezabonare\"}]},{\"@type\":\"WebSite\",\"@id\":\"https:\\\/\\\/www.alcoawheels.com\\\/europe\\\/ro\\\/#website\",\"url\":\"https:\\\/\\\/www.alcoawheels.com\\\/europe\\\/ro\\\/\",\"name\":\"Europe Romanian\",\"description\":\"\",\"publisher\":{\"@id\":\"https:\\\/\\\/www.alcoawheels.com\\\/europe\\\/ro\\\/#organization\"},\"potentialAction\":[{\"@type\":\"SearchAction\",\"target\":{\"@type\":\"EntryPoint\",\"urlTemplate\":\"https:\\\/\\\/www.alcoawheels.com\\\/europe\\\/ro\\\/?s={search_term_string}\"},\"query-input\":{\"@type\":\"PropertyValueSpecification\",\"valueRequired\":true,\"valueName\":\"search_term_string\"}}],\"inLanguage\":\"en-US\"},{\"@type\":\"Organization\",\"@id\":\"https:\\\/\\\/www.alcoawheels.com\\\/europe\\\/ro\\\/#organization\",\"name\":\"Europe Romanian\",\"url\":\"https:\\\/\\\/www.alcoawheels.com\\\/europe\\\/ro\\\/\",\"logo\":{\"@type\":\"ImageObject\",\"inLanguage\":\"en-US\",\"@id\":\"https:\\\/\\\/www.alcoawheels.com\\\/europe\\\/ro\\\/#\\\/schema\\\/logo\\\/image\\\/\",\"url\":\"https:\\\/\\\/www.alcoawheels.com\\\/europe\\\/ro\\\/wp-content\\\/uploads\\\/sites\\\/22\\\/2023\\\/05\\\/logo-black.gif\",\"contentUrl\":\"https:\\\/\\\/www.alcoawheels.com\\\/europe\\\/ro\\\/wp-content\\\/uploads\\\/sites\\\/22\\\/2023\\\/05\\\/logo-black.gif\",\"width\":71,\"height\":64,\"caption\":\"Europe Romanian\"},\"image\":{\"@id\":\"https:\\\/\\\/www.alcoawheels.com\\\/europe\\\/ro\\\/#\\\/schema\\\/logo\\\/image\\\/\"}}]}<\/script>\n<!-- \/ Yoast SEO Premium plugin. -->","yoast_head_json":{"title":"Alcoa Wheels | Despre | Dezabonare","robots":{"index":"index","follow":"follow","max-snippet":"max-snippet:-1","max-image-preview":"max-image-preview:large","max-video-preview":"max-video-preview:-1"},"canonical":"https:\/\/www.alcoawheels.com\/europe\/ro\/dezabonare\/","og_locale":"en_US","og_type":"article","og_title":"Dezabonare","og_url":"https:\/\/www.alcoawheels.com\/europe\/ro\/dezabonare\/","og_site_name":"Europe Romanian","article_modified_time":"2023-08-24T09:04:12+00:00","twitter_card":"summary_large_image","schema":{"@context":"https:\/\/schema.org","@graph":[{"@type":"WebPage","@id":"https:\/\/www.alcoawheels.com\/europe\/ro\/dezabonare\/","url":"https:\/\/www.alcoawheels.com\/europe\/ro\/dezabonare\/","name":"Alcoa Wheels | Despre | Dezabonare","isPartOf":{"@id":"https:\/\/www.alcoawheels.com\/europe\/ro\/#website"},"datePublished":"2023-05-26T14:30:13+00:00","dateModified":"2023-08-24T09:04:12+00:00","breadcrumb":{"@id":"https:\/\/www.alcoawheels.com\/europe\/ro\/dezabonare\/#breadcrumb"},"inLanguage":"en-US","potentialAction":[{"@type":"ReadAction","target":["https:\/\/www.alcoawheels.com\/europe\/ro\/dezabonare\/"]}]},{"@type":"BreadcrumbList","@id":"https:\/\/www.alcoawheels.com\/europe\/ro\/dezabonare\/#breadcrumb","itemListElement":[{"@type":"ListItem","position":1,"name":"Home","item":"https:\/\/www.alcoawheels.com\/europe\/ro\/"},{"@type":"ListItem","position":2,"name":"Dezabonare"}]},{"@type":"WebSite","@id":"https:\/\/www.alcoawheels.com\/europe\/ro\/#website","url":"https:\/\/www.alcoawheels.com\/europe\/ro\/","name":"Europe Romanian","description":"","publisher":{"@id":"https:\/\/www.alcoawheels.com\/europe\/ro\/#organization"},"potentialAction":[{"@type":"SearchAction","target":{"@type":"EntryPoint","urlTemplate":"https:\/\/www.alcoawheels.com\/europe\/ro\/?s={search_term_string}"},"query-input":{"@type":"PropertyValueSpecification","valueRequired":true,"valueName":"search_term_string"}}],"inLanguage":"en-US"},{"@type":"Organization","@id":"https:\/\/www.alcoawheels.com\/europe\/ro\/#organization","name":"Europe Romanian","url":"https:\/\/www.alcoawheels.com\/europe\/ro\/","logo":{"@type":"ImageObject","inLanguage":"en-US","@id":"https:\/\/www.alcoawheels.com\/europe\/ro\/#\/schema\/logo\/image\/","url":"https:\/\/www.alcoawheels.com\/europe\/ro\/wp-content\/uploads\/sites\/22\/2023\/05\/logo-black.gif","contentUrl":"https:\/\/www.alcoawheels.com\/europe\/ro\/wp-content\/uploads\/sites\/22\/2023\/05\/logo-black.gif","width":71,"height":64,"caption":"Europe Romanian"},"image":{"@id":"https:\/\/www.alcoawheels.com\/europe\/ro\/#\/schema\/logo\/image\/"}}]}},"parsely":{"version":"1.1.0","canonical_url":"https:\/\/alcoawheels.com\/europe\/ro\/dezabonare\/","smart_links":{"inbound":0,"outbound":0},"traffic_boost_suggestions_count":0,"meta":{"@context":"https:\/\/schema.org","@type":"WebPage","headline":"Dezabonare","url":"http:\/\/www.alcoawheels.com\/europe\/ro\/dezabonare\/","mainEntityOfPage":{"@type":"WebPage","@id":"http:\/\/www.alcoawheels.com\/europe\/ro\/dezabonare\/"},"thumbnailUrl":"","image":{"@type":"ImageObject","url":""},"articleSection":"Uncategorized","author":[{"@type":"Person","name":"howmet"}],"creator":["howmet"],"publisher":{"@type":"Organization","name":"Europe Romanian","logo":""},"keywords":[],"dateCreated":"2023-05-26T14:30:13Z","datePublished":"2023-05-26T14:30:13Z","dateModified":"2023-08-24T09:04:12Z"},"rendered":"<script type=\"application\/ld+json\" class=\"wp-parsely-metadata\">{\"@context\":\"https:\\\/\\\/schema.org\",\"@type\":\"WebPage\",\"headline\":\"Dezabonare\",\"url\":\"http:\\\/\\\/www.alcoawheels.com\\\/europe\\\/ro\\\/dezabonare\\\/\",\"mainEntityOfPage\":{\"@type\":\"WebPage\",\"@id\":\"http:\\\/\\\/www.alcoawheels.com\\\/europe\\\/ro\\\/dezabonare\\\/\"},\"thumbnailUrl\":\"\",\"image\":{\"@type\":\"ImageObject\",\"url\":\"\"},\"articleSection\":\"Uncategorized\",\"author\":[{\"@type\":\"Person\",\"name\":\"howmet\"}],\"creator\":[\"howmet\"],\"publisher\":{\"@type\":\"Organization\",\"name\":\"Europe Romanian\",\"logo\":\"\"},\"keywords\":[],\"dateCreated\":\"2023-05-26T14:30:13Z\",\"datePublished\":\"2023-05-26T14:30:13Z\",\"dateModified\":\"2023-08-24T09:04:12Z\"}<\/script>","tracker_url":"https:\/\/cdn.parsely.com\/keys\/alcoawheels.com\/p.js"},"jetpack_sharing_enabled":true,"_links":{"self":[{"href":"https:\/\/www.alcoawheels.com\/europe\/ro\/wp-json\/wp\/v2\/pages\/58","targetHints":{"allow":["GET"]}}],"collection":[{"href":"https:\/\/www.alcoawheels.com\/europe\/ro\/wp-json\/wp\/v2\/pages"}],"about":[{"href":"https:\/\/www.alcoawheels.com\/europe\/ro\/wp-json\/wp\/v2\/types\/page"}],"author":[{"embeddable":true,"href":"https:\/\/www.alcoawheels.com\/europe\/ro\/wp-json\/wp\/v2\/users\/44"}],"replies":[{"embeddable":true,"href":"https:\/\/www.alcoawheels.com\/europe\/ro\/wp-json\/wp\/v2\/comments?post=58"}],"version-history":[{"count":7,"href":"https:\/\/www.alcoawheels.com\/europe\/ro\/wp-json\/wp\/v2\/pages\/58\/revisions"}],"predecessor-version":[{"id":1803,"href":"https:\/\/www.alcoawheels.com\/europe\/ro\/wp-json\/wp\/v2\/pages\/58\/revisions\/1803"}],"wp:attachment":[{"href":"https:\/\/www.alcoawheels.com\/europe\/ro\/wp-json\/wp\/v2\/media?parent=58"}],"curies":[{"name":"wp","href":"https:\/\/api.w.org\/{rel}","templated":true}]}}