{"id":6,"date":"2023-05-26T14:16:46","date_gmt":"2023-05-26T14:16:46","guid":{"rendered":"https:\/\/www.alcoawheels.com\/europe\/ro\/?page_id=6"},"modified":"2025-11-20T15:45:44","modified_gmt":"2025-11-20T13:45:44","slug":"alcoa-wheels","status":"publish","type":"page","link":"https:\/\/www.alcoawheels.com\/europe\/ro\/","title":{"rendered":"Alcoa Wheels Europa"},"content":{"rendered":"\n<div class=\"wp-block-alcoa-wheels-hero-slider hero-slider\" id=\"hero-slider-5c3c1e89-653f-4f4c-82b8-24d272d8a971\"><div class=\"ad-container-fluid\"><div class=\"hero-slider-inner\"><div class=\"hero-slider-body\"><div class=\"hero-slider-main\" data-slide-fade=\"false\" data-slide-autoplay=\"true\" data-slide-interval=\"1000\" data-slide-arrows=\"true\" data-slide-dots=\"true\" data-slide-infinite=\"true\" data-slide-show=\"1\" data-slide-scroll=\"1\"><div class=\"hero-slide-item\" style=\"background-color:#fff\"><div class=\"hero-slide-inner-wrap fullsmallslide valign-center align-left with-link slide-withbg mediaresponsive\"><div class=\"desktopImage hero-slider__bg\"><img loading=\"lazy\" decoding=\"async\" width=\"1920\" height=\"600\" src=\"https:\/\/www.alcoawheels.com\/europe\/ro\/wp-content\/uploads\/sites\/22\/2023\/05\/homepage-ultra-one_large.jpg\" alt=\"Thumbnail\"\/><\/div><div class=\"responsiveImage hero-slider__bg\"><img loading=\"lazy\" decoding=\"async\" width=\"1920\" height=\"600\" src=\"https:\/\/www.alcoawheels.com\/europe\/ro\/wp-content\/uploads\/sites\/22\/2023\/05\/homepage-ultra-one_small.jpg\" alt=\"Thumbnail\"\/><\/div><div class=\"hero-slide-inner\"><div class=\"hero-slide-info\"><\/div><\/div><a href=\"\/europe\/ro\/ultra-one\" aria-label=\"\"><\/a><\/div><\/div><div class=\"hero-slide-item\" style=\"background-color:#fff\"><div class=\"hero-slide-inner-wrap fullsmallslide valign-center align-left with-link slide-withbg mediaresponsive\"><div class=\"desktopImage hero-slider__bg\"><img loading=\"lazy\" decoding=\"async\" width=\"1920\" height=\"600\" src=\"https:\/\/www.alcoawheels.com\/europe\/ro\/wp-content\/uploads\/sites\/22\/2023\/05\/homepage-EVO-slide2_large.jpeg\" alt=\"Thumbnail\"\/><\/div><div class=\"responsiveImage hero-slider__bg\"><img loading=\"lazy\" decoding=\"async\" width=\"1920\" height=\"600\" src=\"https:\/\/www.alcoawheels.com\/europe\/ro\/wp-content\/uploads\/sites\/22\/2023\/05\/homepage-EVO-slide2_small.jpeg\" alt=\"Thumbnail\"\/><\/div><div class=\"hero-slide-inner\"><div class=\"hero-slide-info\"><p class=\"slide-info-desc\" style=\"color:#000\"><strong>Jante Dura-Bright<sup>\u00ae<\/sup> <mark style=\"background-color:rgba(0, 0, 0, 0);color:#49b04b\" class=\"has-inline-color\">EVO<\/mark><\/strong><\/p><h2 class=\"slide-info-title\" style=\"color:#000\">Aspect grozav, \u00eentre\u0163inere facil\u0103<\/h2><p class=\"btn-main btn-primary\">Dura-Bright<sup>\u00ae<\/sup> EVO<\/p><\/div><\/div><a href=\"\/europe\/ro\/tratamente-de-suprafata\/#dura-bright-evo\" aria-label=\"<strong&gt;Jante Dura-Bright<sup&gt;\u00ae<\/sup&gt; <mark style=&quot;background-color:rgba(0, 0, 0, 0);color:#49b04b&quot; class=&quot;has-inline-color&quot;&gt;EVO<\/mark&gt;<\/strong&gt;\"><\/a><\/div><\/div><div class=\"hero-slide-item\" style=\"background-color:#fff\"><div class=\"hero-slide-inner-wrap fullsmallslide valign-center align-left with-link slide-withbg mediaresponsive\"><div class=\"desktopImage hero-slider__bg\"><img loading=\"lazy\" decoding=\"async\" width=\"1920\" height=\"600\" src=\"https:\/\/www.alcoawheels.com\/europe\/ro\/wp-content\/uploads\/sites\/22\/2023\/05\/homepage-range2_large.jpeg\" alt=\"Thumbnail\"\/><\/div><div class=\"responsiveImage hero-slider__bg\"><img loading=\"lazy\" decoding=\"async\" width=\"1920\" height=\"600\" src=\"https:\/\/www.alcoawheels.com\/europe\/ro\/wp-content\/uploads\/sites\/22\/2023\/05\/homepage-range2_small.jpeg\" alt=\"Thumbnail\"\/><\/div><div class=\"hero-slide-inner\"><div class=\"hero-slide-info\"><h2 class=\"slide-info-title\" style=\"color:#000\">ALCOA<sup>\u00ae<\/sup> WHEELS se potrive\u015fte perfect cu afacerea dvs.<\/h2><p class=\"btn-main btn-primary\">Gama de jante<\/p><\/div><\/div><a href=\"\/europe\/ro\/gama-de-jante\" aria-label=\"\"><\/a><\/div><\/div><div class=\"hero-slide-item\" style=\"background-color:#fff\"><div class=\"hero-slide-inner-wrap fullwidthslide valign-center align-right with-link slide-withbg mediaresponsive\"><div class=\"desktopImage hero-slider__bg\"><img loading=\"lazy\" decoding=\"async\" width=\"1920\" height=\"600\" src=\"https:\/\/www.alcoawheels.com\/europe\/ro\/wp-content\/uploads\/sites\/22\/2023\/05\/homepage-youtube-cleaning_large.jpeg\" alt=\"Thumbnail\"\/><\/div><div class=\"responsiveImage hero-slider__bg\"><img loading=\"lazy\" decoding=\"async\" width=\"1920\" height=\"600\" src=\"https:\/\/www.alcoawheels.com\/europe\/ro\/wp-content\/uploads\/sites\/22\/2023\/05\/homepage-youtube-cleaning_small.jpeg\" alt=\"Thumbnail\"\/><\/div><div class=\"hero-slide-inner\"><div class=\"hero-slide-info\"><h2 class=\"slide-info-title\" style=\"color:#ffffff\">Cum se cur\u0103\u0163\u0103 jantele Dura-Bright<sup>\u00ae<\/sup><\/h2><p class=\"btn-main btn-primary\">Video cu cur\u0103\u0163area Dura-Bright<sup>\u00ae<\/sup><\/p><\/div><\/div><a href=\"\/europe\/ro\/cum-se-curata\/#db-video\" aria-label=\"\"><\/a><\/div><\/div><\/div><\/div><\/div><\/div><\/div>\n\n\n\n<h1 class=\"wp-block-heading has-text-align-center\" id=\"h-inovatia-este-in-adn-ul-nostru\">Inova\u0163ia este \u00een ADN-ul nostru.<\/h1>\n\n\n\n<p>Mai \u00eent\u00e2i, am inventat industria aluminiului \u00een 1888, apoi roata din aluminiu forjat\u0103 \u00een 1948. Ast\u0103zi, Howmet avanseaz\u0103 constant tehnologia pentru a oferi solu\u021bii inovatoare. Oferim o gam\u0103 larg\u0103 de dimensiuni de ro\u021bi din aluminiu forjat, de la 17,5\u201d \u0219i 19,5\u201d p\u00e2n\u0103 la o varietate extins\u0103 de ro\u021bi de 22,5\u201d.<\/p>\n\n\n\n<div class=\"wp-block-alcoa-wheels-card-usecase-1 card-box-v1__body with-icon align-center vertical-align-center\" id=\"card_box_v1-fa64e4f3-b880-4bc5-a93a-64d5b2702289\"><div class=\"fullwidthcontainer\"><div class=\"card-box-v1__boxes has-4-columns\"><div class=\"card-box-v1__box  with-link \" style=\"background-color:#00afb9\"><img decoding=\"async\" src=\"https:\/\/www.alcoawheels.com\/europe\/ro\/wp-content\/themes\/alcoa-wheels\/assets\/build\/js\/blocks\/card-usecase-1\/..\/..\/..\/images\/placeholder-image.db2b4d5c.jpeg\" alt=\"Contacta\u0163i\"\/><div class=\"card-box-v1__box__inner pos-abs\"><div class=\"card-box-v1__box_icon\"><img loading=\"lazy\" decoding=\"async\" width=\"171\" height=\"171\" src=\"https:\/\/www.alcoawheels.com\/europe\/ro\/wp-content\/uploads\/sites\/22\/2023\/06\/contact.png\" alt=\"\"\/><\/div><div class=\"card-box-v1__box_content\"><h4 style=\"color:#ffffff\">Contacta\u0163i<\/h4><\/div><div class=\"btn-wrap\"><\/div><\/div><a href=\"\/europe\/ro\/contact\" aria-label=\"Contacta\u0163i\"><\/a><\/div><div class=\"card-box-v1__box  with-link \" style=\"background-color:#34bfc7\"><img decoding=\"async\" src=\"https:\/\/www.alcoawheels.com\/europe\/ro\/wp-content\/themes\/alcoa-wheels\/assets\/build\/js\/blocks\/card-usecase-1\/..\/..\/..\/images\/placeholder-image.db2b4d5c.jpeg\" alt=\"Gama de jante\"\/><div class=\"card-box-v1__box__inner pos-abs\"><div class=\"card-box-v1__box_icon\"><img loading=\"lazy\" decoding=\"async\" width=\"169\" height=\"169\" src=\"https:\/\/www.alcoawheels.com\/europe\/ro\/wp-content\/uploads\/sites\/22\/2023\/06\/product-search.png\" alt=\"\"\/><\/div><div class=\"card-box-v1__box_content\"><h4 style=\"color:#ffffff\">Gama de jante<\/h4><\/div><div class=\"btn-wrap\"><\/div><\/div><a href=\"\/europe\/ro\/gama-de-jante\" aria-label=\"Gama de jante\"><\/a><\/div><div class=\"card-box-v1__box  with-link \" style=\"background-color:#00afb9\"><img decoding=\"async\" src=\"https:\/\/www.alcoawheels.com\/europe\/ro\/wp-content\/themes\/alcoa-wheels\/assets\/build\/js\/blocks\/card-usecase-1\/..\/..\/..\/images\/placeholder-image.db2b4d5c.jpeg\" alt=\"De unde se cump\u0103r\u0103\"\/><div class=\"card-box-v1__box__inner pos-abs\"><div class=\"card-box-v1__box_icon\"><img loading=\"lazy\" decoding=\"async\" width=\"169\" height=\"169\" src=\"https:\/\/www.alcoawheels.com\/europe\/ro\/wp-content\/uploads\/sites\/22\/2023\/06\/where-to-buy.png\" alt=\"\"\/><\/div><div class=\"card-box-v1__box_content\"><h4 style=\"color:#ffffff\">De unde se cump\u0103r\u0103<\/h4><\/div><div class=\"btn-wrap\"><\/div><\/div><a href=\"\/europe\/ro\/de-unde-se-cumpara\" aria-label=\"De unde se cump\u0103r\u0103\"><\/a><\/div><div class=\"card-box-v1__box  with-link \" style=\"background-color:#34bfc7\"><img decoding=\"async\" src=\"https:\/\/www.alcoawheels.com\/europe\/ro\/wp-content\/themes\/alcoa-wheels\/assets\/build\/js\/blocks\/card-usecase-1\/..\/..\/..\/images\/placeholder-image.db2b4d5c.jpeg\" alt=\"Desc\u0103rc\u0103ri\"\/><div class=\"card-box-v1__box__inner pos-abs\"><div class=\"card-box-v1__box_icon\"><img loading=\"lazy\" decoding=\"async\" width=\"169\" height=\"169\" src=\"https:\/\/www.alcoawheels.com\/europe\/ro\/wp-content\/uploads\/sites\/22\/2023\/06\/product-literature.png\" alt=\"\"\/><\/div><div class=\"card-box-v1__box_content\"><h4 style=\"color:#ffffff\">Desc\u0103rc\u0103ri<\/h4><\/div><div class=\"btn-wrap\"><\/div><\/div><a href=\"\/europe\/ro\/descarcari\" aria-label=\"Desc\u0103rc\u0103ri\"><\/a><\/div><\/div><\/div><\/div>\n","protected":false},"excerpt":{"rendered":"<p>Inova\u0163ia este \u00een ADN-ul nostru. Mai \u00eent\u00e2i, am inventat industria aluminiului \u00een 1888, apoi roata din aluminiu forjat\u0103 \u00een 1948. Ast\u0103zi, Howmet avanseaz\u0103 constant tehnologia pentru a oferi solu\u021bii inovatoare. Oferim o gam\u0103 larg\u0103 de dimensiuni de ro\u021bi din aluminiu forjat, de la 17,5\u201d \u0219i 19,5\u201d p\u00e2n\u0103 la o varietate extins\u0103 de ro\u021bi de 22,5\u201d.<\/p>\n","protected":false},"author":44,"featured_media":0,"parent":0,"menu_order":0,"comment_status":"closed","ping_status":"closed","template":"","meta":{"_acf_changed":false,"protected_reviewer_email":"","editor_notices":[],"footnotes":""},"class_list":["post-6","page","type-page","status-publish","hentry"],"acf":[],"yoast_head":"<!-- This site is optimized with the Yoast SEO Premium plugin v27.4 (Yoast SEO v27.4) - https:\/\/yoast.com\/product\/yoast-seo-premium-wordpress\/ -->\n<title>Alcoa\u00ae Wheels Europe | Alcoa Wheels<\/title>\n<meta name=\"robots\" content=\"index, follow, max-snippet:-1, max-image-preview:large, max-video-preview:-1\" \/>\n<link rel=\"canonical\" href=\"https:\/\/www.alcoawheels.com\/europe\/ro\/\" \/>\n<meta property=\"og:locale\" content=\"en_US\" \/>\n<meta property=\"og:type\" content=\"article\" \/>\n<meta property=\"og:title\" content=\"Alcoa Wheels Europa\" \/>\n<meta property=\"og:description\" content=\"Inova\u0163ia este \u00een ADN-ul nostru. Mai \u00eent\u00e2i, am inventat industria aluminiului \u00een 1888, apoi roata din aluminiu forjat\u0103 \u00een 1948. Ast\u0103zi, Howmet avanseaz\u0103 constant tehnologia pentru a oferi solu\u021bii inovatoare. Oferim o gam\u0103 larg\u0103 de dimensiuni de ro\u021bi din aluminiu forjat, de la 17,5\u201d \u0219i 19,5\u201d p\u00e2n\u0103 la o varietate extins\u0103 de ro\u021bi de 22,5\u201d.\" \/>\n<meta property=\"og:url\" content=\"https:\/\/www.alcoawheels.com\/europe\/ro\/\" \/>\n<meta property=\"og:site_name\" content=\"Europe Romanian\" \/>\n<meta property=\"article:modified_time\" content=\"2025-11-20T13:45:44+00:00\" \/>\n<meta property=\"og:image\" content=\"https:\/\/www.alcoawheels.com\/europe\/ro\/wp-content\/uploads\/sites\/22\/2023\/05\/homepage-ultra-one_large.jpg\" \/>\n<meta name=\"twitter:card\" content=\"summary_large_image\" \/>\n<meta name=\"twitter:label1\" content=\"Est. reading time\" \/>\n\t<meta name=\"twitter:data1\" content=\"4 minutes\" \/>\n<script type=\"application\/ld+json\" class=\"yoast-schema-graph\">{\"@context\":\"https:\\\/\\\/schema.org\",\"@graph\":[{\"@type\":\"WebPage\",\"@id\":\"https:\\\/\\\/www.alcoawheels.com\\\/europe\\\/ro\\\/\",\"url\":\"https:\\\/\\\/www.alcoawheels.com\\\/europe\\\/ro\\\/\",\"name\":\"Alcoa\u00ae Wheels Europe | Alcoa Wheels\",\"isPartOf\":{\"@id\":\"https:\\\/\\\/www.alcoawheels.com\\\/europe\\\/ro\\\/#website\"},\"primaryImageOfPage\":{\"@id\":\"https:\\\/\\\/www.alcoawheels.com\\\/europe\\\/ro\\\/#primaryimage\"},\"image\":{\"@id\":\"https:\\\/\\\/www.alcoawheels.com\\\/europe\\\/ro\\\/#primaryimage\"},\"thumbnailUrl\":\"https:\\\/\\\/www.alcoawheels.com\\\/europe\\\/ro\\\/wp-content\\\/uploads\\\/sites\\\/22\\\/2023\\\/05\\\/homepage-ultra-one_large.jpg\",\"datePublished\":\"2023-05-26T14:16:46+00:00\",\"dateModified\":\"2025-11-20T13:45:44+00:00\",\"breadcrumb\":{\"@id\":\"https:\\\/\\\/www.alcoawheels.com\\\/europe\\\/ro\\\/#breadcrumb\"},\"inLanguage\":\"en-US\",\"potentialAction\":[{\"@type\":\"ReadAction\",\"target\":[\"https:\\\/\\\/www.alcoawheels.com\\\/europe\\\/ro\\\/\"]}]},{\"@type\":\"ImageObject\",\"inLanguage\":\"en-US\",\"@id\":\"https:\\\/\\\/www.alcoawheels.com\\\/europe\\\/ro\\\/#primaryimage\",\"url\":\"https:\\\/\\\/www.alcoawheels.com\\\/europe\\\/ro\\\/wp-content\\\/uploads\\\/sites\\\/22\\\/2023\\\/05\\\/homepage-ultra-one_large.jpg\",\"contentUrl\":\"https:\\\/\\\/www.alcoawheels.com\\\/europe\\\/ro\\\/wp-content\\\/uploads\\\/sites\\\/22\\\/2023\\\/05\\\/homepage-ultra-one_large.jpg\",\"width\":1440,\"height\":440,\"caption\":\"Ultra ONE\"},{\"@type\":\"BreadcrumbList\",\"@id\":\"https:\\\/\\\/www.alcoawheels.com\\\/europe\\\/ro\\\/#breadcrumb\",\"itemListElement\":[{\"@type\":\"ListItem\",\"position\":1,\"name\":\"Home\",\"item\":\"https:\\\/\\\/www.alcoawheels.com\\\/europe\\\/ro\\\/\"},{\"@type\":\"ListItem\",\"position\":2,\"name\":\"Alcoa Wheels Europa\"}]},{\"@type\":\"WebSite\",\"@id\":\"https:\\\/\\\/www.alcoawheels.com\\\/europe\\\/ro\\\/#website\",\"url\":\"https:\\\/\\\/www.alcoawheels.com\\\/europe\\\/ro\\\/\",\"name\":\"Europe Romanian\",\"description\":\"\",\"publisher\":{\"@id\":\"https:\\\/\\\/www.alcoawheels.com\\\/europe\\\/ro\\\/#organization\"},\"potentialAction\":[{\"@type\":\"SearchAction\",\"target\":{\"@type\":\"EntryPoint\",\"urlTemplate\":\"https:\\\/\\\/www.alcoawheels.com\\\/europe\\\/ro\\\/?s={search_term_string}\"},\"query-input\":{\"@type\":\"PropertyValueSpecification\",\"valueRequired\":true,\"valueName\":\"search_term_string\"}}],\"inLanguage\":\"en-US\"},{\"@type\":\"Organization\",\"@id\":\"https:\\\/\\\/www.alcoawheels.com\\\/europe\\\/ro\\\/#organization\",\"name\":\"Europe Romanian\",\"url\":\"https:\\\/\\\/www.alcoawheels.com\\\/europe\\\/ro\\\/\",\"logo\":{\"@type\":\"ImageObject\",\"inLanguage\":\"en-US\",\"@id\":\"https:\\\/\\\/www.alcoawheels.com\\\/europe\\\/ro\\\/#\\\/schema\\\/logo\\\/image\\\/\",\"url\":\"https:\\\/\\\/www.alcoawheels.com\\\/europe\\\/ro\\\/wp-content\\\/uploads\\\/sites\\\/22\\\/2023\\\/05\\\/logo-black.gif\",\"contentUrl\":\"https:\\\/\\\/www.alcoawheels.com\\\/europe\\\/ro\\\/wp-content\\\/uploads\\\/sites\\\/22\\\/2023\\\/05\\\/logo-black.gif\",\"width\":71,\"height\":64,\"caption\":\"Europe Romanian\"},\"image\":{\"@id\":\"https:\\\/\\\/www.alcoawheels.com\\\/europe\\\/ro\\\/#\\\/schema\\\/logo\\\/image\\\/\"}}]}<\/script>\n<!-- \/ Yoast SEO Premium plugin. -->","yoast_head_json":{"title":"Alcoa\u00ae Wheels Europe | Alcoa Wheels","robots":{"index":"index","follow":"follow","max-snippet":"max-snippet:-1","max-image-preview":"max-image-preview:large","max-video-preview":"max-video-preview:-1"},"canonical":"https:\/\/www.alcoawheels.com\/europe\/ro\/","og_locale":"en_US","og_type":"article","og_title":"Alcoa Wheels Europa","og_description":"Inova\u0163ia este \u00een ADN-ul nostru. Mai \u00eent\u00e2i, am inventat industria aluminiului \u00een 1888, apoi roata din aluminiu forjat\u0103 \u00een 1948. Ast\u0103zi, Howmet avanseaz\u0103 constant tehnologia pentru a oferi solu\u021bii inovatoare. Oferim o gam\u0103 larg\u0103 de dimensiuni de ro\u021bi din aluminiu forjat, de la 17,5\u201d \u0219i 19,5\u201d p\u00e2n\u0103 la o varietate extins\u0103 de ro\u021bi de 22,5\u201d.","og_url":"https:\/\/www.alcoawheels.com\/europe\/ro\/","og_site_name":"Europe Romanian","article_modified_time":"2025-11-20T13:45:44+00:00","og_image":[{"url":"https:\/\/www.alcoawheels.com\/europe\/ro\/wp-content\/uploads\/sites\/22\/2023\/05\/homepage-ultra-one_large.jpg","type":"","width":"","height":""}],"twitter_card":"summary_large_image","twitter_misc":{"Est. reading time":"4 minutes"},"schema":{"@context":"https:\/\/schema.org","@graph":[{"@type":"WebPage","@id":"https:\/\/www.alcoawheels.com\/europe\/ro\/","url":"https:\/\/www.alcoawheels.com\/europe\/ro\/","name":"Alcoa\u00ae Wheels Europe | Alcoa Wheels","isPartOf":{"@id":"https:\/\/www.alcoawheels.com\/europe\/ro\/#website"},"primaryImageOfPage":{"@id":"https:\/\/www.alcoawheels.com\/europe\/ro\/#primaryimage"},"image":{"@id":"https:\/\/www.alcoawheels.com\/europe\/ro\/#primaryimage"},"thumbnailUrl":"https:\/\/www.alcoawheels.com\/europe\/ro\/wp-content\/uploads\/sites\/22\/2023\/05\/homepage-ultra-one_large.jpg","datePublished":"2023-05-26T14:16:46+00:00","dateModified":"2025-11-20T13:45:44+00:00","breadcrumb":{"@id":"https:\/\/www.alcoawheels.com\/europe\/ro\/#breadcrumb"},"inLanguage":"en-US","potentialAction":[{"@type":"ReadAction","target":["https:\/\/www.alcoawheels.com\/europe\/ro\/"]}]},{"@type":"ImageObject","inLanguage":"en-US","@id":"https:\/\/www.alcoawheels.com\/europe\/ro\/#primaryimage","url":"https:\/\/www.alcoawheels.com\/europe\/ro\/wp-content\/uploads\/sites\/22\/2023\/05\/homepage-ultra-one_large.jpg","contentUrl":"https:\/\/www.alcoawheels.com\/europe\/ro\/wp-content\/uploads\/sites\/22\/2023\/05\/homepage-ultra-one_large.jpg","width":1440,"height":440,"caption":"Ultra ONE"},{"@type":"BreadcrumbList","@id":"https:\/\/www.alcoawheels.com\/europe\/ro\/#breadcrumb","itemListElement":[{"@type":"ListItem","position":1,"name":"Home","item":"https:\/\/www.alcoawheels.com\/europe\/ro\/"},{"@type":"ListItem","position":2,"name":"Alcoa Wheels Europa"}]},{"@type":"WebSite","@id":"https:\/\/www.alcoawheels.com\/europe\/ro\/#website","url":"https:\/\/www.alcoawheels.com\/europe\/ro\/","name":"Europe Romanian","description":"","publisher":{"@id":"https:\/\/www.alcoawheels.com\/europe\/ro\/#organization"},"potentialAction":[{"@type":"SearchAction","target":{"@type":"EntryPoint","urlTemplate":"https:\/\/www.alcoawheels.com\/europe\/ro\/?s={search_term_string}"},"query-input":{"@type":"PropertyValueSpecification","valueRequired":true,"valueName":"search_term_string"}}],"inLanguage":"en-US"},{"@type":"Organization","@id":"https:\/\/www.alcoawheels.com\/europe\/ro\/#organization","name":"Europe Romanian","url":"https:\/\/www.alcoawheels.com\/europe\/ro\/","logo":{"@type":"ImageObject","inLanguage":"en-US","@id":"https:\/\/www.alcoawheels.com\/europe\/ro\/#\/schema\/logo\/image\/","url":"https:\/\/www.alcoawheels.com\/europe\/ro\/wp-content\/uploads\/sites\/22\/2023\/05\/logo-black.gif","contentUrl":"https:\/\/www.alcoawheels.com\/europe\/ro\/wp-content\/uploads\/sites\/22\/2023\/05\/logo-black.gif","width":71,"height":64,"caption":"Europe Romanian"},"image":{"@id":"https:\/\/www.alcoawheels.com\/europe\/ro\/#\/schema\/logo\/image\/"}}]}},"parsely":{"version":"1.1.0","canonical_url":"https:\/\/alcoawheels.com\/europe\/ro\/","smart_links":{"inbound":0,"outbound":0},"traffic_boost_suggestions_count":0,"meta":{"@context":"https:\/\/schema.org","@type":"WebPage","headline":"Alcoa Wheels Europa","url":"http:\/\/www.alcoawheels.com\/europe\/ro\/","mainEntityOfPage":{"@type":"WebPage","@id":"http:\/\/www.alcoawheels.com\/europe\/ro\/"},"thumbnailUrl":"","image":{"@type":"ImageObject","url":""},"articleSection":"Uncategorized","author":[{"@type":"Person","name":"howmet"}],"creator":["howmet"],"publisher":{"@type":"Organization","name":"Europe Romanian","logo":""},"keywords":[],"dateCreated":"2023-05-26T14:16:46Z","datePublished":"2023-05-26T14:16:46Z","dateModified":"2025-11-20T13:45:44Z"},"rendered":"<script type=\"application\/ld+json\" class=\"wp-parsely-metadata\">{\"@context\":\"https:\\\/\\\/schema.org\",\"@type\":\"WebPage\",\"headline\":\"Alcoa Wheels Europa\",\"url\":\"http:\\\/\\\/www.alcoawheels.com\\\/europe\\\/ro\\\/\",\"mainEntityOfPage\":{\"@type\":\"WebPage\",\"@id\":\"http:\\\/\\\/www.alcoawheels.com\\\/europe\\\/ro\\\/\"},\"thumbnailUrl\":\"\",\"image\":{\"@type\":\"ImageObject\",\"url\":\"\"},\"articleSection\":\"Uncategorized\",\"author\":[{\"@type\":\"Person\",\"name\":\"howmet\"}],\"creator\":[\"howmet\"],\"publisher\":{\"@type\":\"Organization\",\"name\":\"Europe Romanian\",\"logo\":\"\"},\"keywords\":[],\"dateCreated\":\"2023-05-26T14:16:46Z\",\"datePublished\":\"2023-05-26T14:16:46Z\",\"dateModified\":\"2025-11-20T13:45:44Z\"}<\/script>","tracker_url":"https:\/\/cdn.parsely.com\/keys\/alcoawheels.com\/p.js"},"jetpack_sharing_enabled":true,"_links":{"self":[{"href":"https:\/\/www.alcoawheels.com\/europe\/ro\/wp-json\/wp\/v2\/pages\/6","targetHints":{"allow":["GET"]}}],"collection":[{"href":"https:\/\/www.alcoawheels.com\/europe\/ro\/wp-json\/wp\/v2\/pages"}],"about":[{"href":"https:\/\/www.alcoawheels.com\/europe\/ro\/wp-json\/wp\/v2\/types\/page"}],"author":[{"embeddable":true,"href":"https:\/\/www.alcoawheels.com\/europe\/ro\/wp-json\/wp\/v2\/users\/44"}],"replies":[{"embeddable":true,"href":"https:\/\/www.alcoawheels.com\/europe\/ro\/wp-json\/wp\/v2\/comments?post=6"}],"version-history":[{"count":11,"href":"https:\/\/www.alcoawheels.com\/europe\/ro\/wp-json\/wp\/v2\/pages\/6\/revisions"}],"predecessor-version":[{"id":2319,"href":"https:\/\/www.alcoawheels.com\/europe\/ro\/wp-json\/wp\/v2\/pages\/6\/revisions\/2319"}],"wp:attachment":[{"href":"https:\/\/www.alcoawheels.com\/europe\/ro\/wp-json\/wp\/v2\/media?parent=6"}],"curies":[{"name":"wp","href":"https:\/\/api.w.org\/{rel}","templated":true}]}}