{"id":19,"date":"2023-05-26T15:08:37","date_gmt":"2023-05-26T15:08:37","guid":{"rendered":"https:\/\/www.alcoawheels.com\/europe\/sv\/?page_id=19"},"modified":"2025-09-04T11:57:41","modified_gmt":"2025-09-04T08:57:41","slug":"finish-alternativ","status":"publish","type":"page","link":"https:\/\/www.alcoawheels.com\/europe\/sv\/finish-alternativ\/","title":{"rendered":"Finish-alternativ"},"content":{"rendered":"\n<div class=\"wp-block-alcoa-wheels-hero-banner-innerpage hero-banner with-image layout-2 overlayEnable align- vertical-align- align-center vertical-align-center\" style=\"background-color:#eee\"><img decoding=\"async\" src=\"https:\/\/www.alcoawheels.com\/europe\/sv\/wp-content\/uploads\/sites\/23\/2023\/06\/finish-banner.jpg\" alt=\"Finish Option Alcoa Wheels\" class=\"responsiveImage\"\/><div class=\"hero-banner__header\" style=\"text-align:center\"><div class=\"container\"><h1 class=\"hero-banner__header--title\">Finish-alternativ<\/h1><\/div><\/div><\/div>\n\n\n\n<div style=\"height:50px\" aria-hidden=\"true\" class=\"wp-block-spacer spacer-fifty\"><\/div>\n\n\n\n<h2 class=\"wp-block-heading has-text-align-center\" id=\"brushed\">Brushed<\/h2>\n\n\n\n<div class=\"wp-block-alcoa-wheels-zigzag media-list__body\" id=\"zigzag-main-f974ec46-6cd0-44b2-a6e5-940f8aa235d4\"><div class=\"media-list__body_main imageFirst vertical-align-center  fullWidth\">\n<div class=\"wp-block-alcoa-wheels-zigzag-item media-list-item\"><div class=\"media-list-item__box_content\"><div class=\"media-list-item__box_content_inner\">\n<p class=\"has-text-align-left\">Borstad \u00e4r en satinfinish p\u00e5 instegsniv\u00e5.<br>&nbsp;<br>Artikelnummer som slutar med 0 avser Brushed-finish.<\/p>\n<\/div><\/div><div class=\"media-list-item__box_image\"><img loading=\"lazy\" decoding=\"async\" width=\"450\" height=\"402\" src=\"https:\/\/www.alcoawheels.com\/europe\/sv\/wp-content\/uploads\/sites\/23\/2023\/05\/finish-brushed.jpg\" alt=\"Thumbnail\"\/><\/div><\/div>\n<\/div><\/div>\n\n\n\n<div style=\"height:50px\" aria-hidden=\"true\" class=\"wp-block-spacer spacer-fifty\"><\/div>\n\n\n\n<hr class=\"wp-block-separator has-text-color has-alpha-channel-opacity has-background is-style-wide\" style=\"background-color:#cccccc;color:#cccccc\"\/>\n\n\n\n<div style=\"height:50px\" aria-hidden=\"true\" class=\"wp-block-spacer spacer-fifty\"><\/div>\n\n\n\n<h2 class=\"wp-block-heading has-text-align-center\" id=\"lvl-one\">LvL ONE<sup>\u00ae<\/sup><\/h2>\n\n\n\n<div style=\"height:50px\" aria-hidden=\"true\" class=\"wp-block-spacer spacer-fifty\"><\/div>\n\n\n\n<div class=\"wp-block-alcoa-wheels-zigzag media-list__body\" id=\"zigzag-main-f974ec46-6cd0-44b2-a6e5-940f8aa235d4\"><div class=\"media-list__body_main  vertical-align-top  fullWidth row-reverse\">\n<div class=\"wp-block-alcoa-wheels-zigzag-item media-list-item\"><div class=\"media-list-item__box_content\"><div class=\"media-list-item__box_content_inner\">\n<h5 class=\"wp-block-heading\" id=\"h-fler-iogonfallande-losningar-for-kunder\"><strong>Fler i\u00f6gonfallande l\u00f6sningar f\u00f6r kunder<\/strong><\/h5>\n\n\n\n<p>Alcoa<sup>\u00ae<\/sup> LvL ONE<sup>\u00ae<\/sup> \u00e4r en polerad finish p\u00e5 instegsniv\u00e5 med en j\u00e4mnare och blankare yta \u00e4n den borstade finishen. LvL ONE<sup>\u00ae<\/sup> f\u00e4lgar kr\u00e4ver vanligt underh\u00e5ll. Om ytan skall gl\u00e4nsa m\u00e5ste den poleras.<\/p>\n<\/div><\/div><div class=\"media-list-item__box_image\"><img loading=\"lazy\" decoding=\"async\" width=\"450\" height=\"404\" src=\"https:\/\/www.alcoawheels.com\/europe\/sv\/wp-content\/uploads\/sites\/23\/2023\/05\/finish-lvl-one.jpg\" alt=\"LvL ONE finish\"\/><\/div><\/div>\n<\/div><\/div>\n\n\n\n<div style=\"height:50px\" aria-hidden=\"true\" class=\"wp-block-spacer spacer-fifty\"><\/div>\n\n\n\n<hr class=\"wp-block-separator has-text-color has-alpha-channel-opacity has-background is-style-wide\" style=\"background-color:#cccccc;color:#cccccc\"\/>\n\n\n\n<div style=\"height:50px\" aria-hidden=\"true\" class=\"wp-block-spacer spacer-fifty\"><\/div>\n\n\n\n<h2 class=\"wp-block-heading has-text-align-center\" id=\"dura-bright-evo\">Dura-Bright<sup>\u00ae<\/sup>&nbsp;EVO<\/h2>\n\n\n\n<div class=\"wp-block-alcoa-wheels-zigzag media-list__body\" id=\"zigzag-main-f974ec46-6cd0-44b2-a6e5-940f8aa235d4\"><div class=\"media-list__body_main imageFirst vertical-align-center  fullWidth\">\n<div class=\"wp-block-alcoa-wheels-zigzag-item media-list-item\"><div class=\"media-list-item__box_content\"><div class=\"media-list-item__box_content_inner\">\n<h5 class=\"wp-block-heading has-text-align-left\" id=\"h-snygg-och-enkel-att-underhalla\"><strong>Snygg och enkel att underh\u00e5lla<\/strong><\/h5>\n\n\n\n<p class=\"has-text-align-left\">Alcoa<sup>\u00ae<\/sup> f\u00e4lgar finns med Dura-Bright<sup>\u00ae<\/sup> EVO ytbehandling som h\u00e5ller f\u00e4lgarna blanka och gl\u00e4nsande i \u00e5ratal utan att de beh\u00f6ver poleras. Tack vare den egenutvecklade tekniken \u00e4r underh\u00e5llet extremt enkelt och kr\u00e4ver endast tv\u00e5l och vatten.<br>\u00a0<br>Dura-Bright\u00ae \u00e4r inte en bel\u00e4ggning, utan en ytbehandling som tr\u00e4nger in i aluminiumet och blir en del av sj\u00e4lva f\u00e4lgen. Den g\u00e5r inte s\u00f6nder, spricker, flagnar eller fr\u00e4ts bort som konventionella bel\u00e4ggningar g\u00f6r.<br>\u00a0<br>Artikelnummer som slutar med DB \u00e4r Dura-Bright<sup>\u00ae<\/sup>-behandlade.\u00a0\u00a0<\/p>\n<\/div><\/div><div class=\"media-list-item__box_image\"><img loading=\"lazy\" decoding=\"async\" width=\"450\" height=\"402\" src=\"https:\/\/www.alcoawheels.com\/europe\/sv\/wp-content\/uploads\/sites\/23\/2023\/05\/finish-dura-bright.jpg\" alt=\"Dura-Bright EVO finish\"\/><\/div><\/div>\n<\/div><\/div>\n\n\n\n<div style=\"height:50px\" aria-hidden=\"true\" class=\"wp-block-spacer spacer-fifty\"><\/div>\n\n\n\n<hr class=\"wp-block-separator has-text-color has-alpha-channel-opacity has-background is-style-wide\" style=\"background-color:#cccccc;color:#cccccc\"\/>\n\n\n\n<div style=\"height:50px\" aria-hidden=\"true\" class=\"wp-block-spacer spacer-fifty\"><\/div>\n\n\n\n<div class=\"wp-block-alcoa-wheels-related-documents card-box-v1__body\" id=\"related-documents-499c2250-f25e-4b1a-99eb-78a0f7b75348\"><div class=\"full-row\"><div class=\"related_documents__boxes\"><div class=\"related_documents__box_content\"><h3>F\u00f6r mer information:<\/h3><\/div><ul><li class=\"show-items-hover-wrap\" name=\"document1\" id=\"document1\"><p><a href=\"https:\/\/www.alcoawheels.com\/europe\/sv\/wp-content\/uploads\/sites\/23\/2024\/05\/Alcoa-Wheels-Specification-Sheet-SV.pdf\">ALCOA<sup>\u00ae<\/sup>\u00a0WHEELS specifikationsblad<\/a><\/p><p><span>841 KB<\/span><\/p><\/li><\/ul><\/div><\/div><\/div>\n\n\n\n<div style=\"height:50px\" aria-hidden=\"true\" class=\"wp-block-spacer spacer-fifty\"><\/div>\n\n\n\n<div class=\"wp-block-alcoa-wheels-card-usecase-1 card-box-v1__body with-icon align-center vertical-align-center\" id=\"card_box_v1-720c79d6-9553-424f-92b0-d7fac709bcea\"><div class=\"fullwidthcontainer\"><div class=\"card-box-v1__boxes has-4-columns\"><div class=\"card-box-v1__box  with-link \" style=\"background-color:#00afb9\"><img decoding=\"async\" src=\"https:\/\/www.alcoawheels.com\/europe\/sv\/wp-content\/themes\/alcoa-wheels\/assets\/build\/js\/blocks\/card-usecase-1\/..\/..\/..\/images\/placeholder-image.db2b4d5c.jpeg\" alt=\"Kontakta\"\/><div class=\"card-box-v1__box__inner pos-abs\"><div class=\"card-box-v1__box_icon\"><img loading=\"lazy\" decoding=\"async\" width=\"171\" height=\"171\" src=\"https:\/\/www.alcoawheels.com\/europe\/cs\/wp-content\/uploads\/sites\/9\/2023\/06\/contact.png\" alt=\"\"\/><\/div><div class=\"card-box-v1__box_content\"><h4 style=\"color:#ffffff\">Kontakta<\/h4><\/div><div class=\"btn-wrap\"><\/div><\/div><a href=\"\/europe\/sv\/kontakt\" aria-label=\"Kontakta\"><\/a><\/div><div class=\"card-box-v1__box  with-link \" style=\"background-color:#34bfc7\"><img decoding=\"async\" src=\"https:\/\/www.alcoawheels.com\/europe\/sv\/wp-content\/themes\/alcoa-wheels\/assets\/build\/js\/blocks\/card-usecase-1\/..\/..\/..\/images\/placeholder-image.db2b4d5c.jpeg\" alt=\"F\u00e4lgsortiment\"\/><div class=\"card-box-v1__box__inner pos-abs\"><div class=\"card-box-v1__box_icon\"><img loading=\"lazy\" decoding=\"async\" width=\"169\" height=\"169\" src=\"https:\/\/www.alcoawheels.com\/europe\/cs\/wp-content\/uploads\/sites\/9\/2023\/06\/product-search.png\" alt=\"\"\/><\/div><div class=\"card-box-v1__box_content\"><h4 style=\"color:#ffffff\">F\u00e4lgsortiment<\/h4><\/div><div class=\"btn-wrap\"><\/div><\/div><a href=\"\/europe\/sv\/falgsortiment\" aria-label=\"F\u00e4lgsortiment\"><\/a><\/div><div class=\"card-box-v1__box  with-link \" style=\"background-color:#00afb9\"><img decoding=\"async\" src=\"https:\/\/www.alcoawheels.com\/europe\/sv\/wp-content\/themes\/alcoa-wheels\/assets\/build\/js\/blocks\/card-usecase-1\/..\/..\/..\/images\/placeholder-image.db2b4d5c.jpeg\" alt=\"\u00c5terf\u00f6rs\u00e4ljare\"\/><div class=\"card-box-v1__box__inner pos-abs\"><div class=\"card-box-v1__box_icon\"><img loading=\"lazy\" decoding=\"async\" width=\"169\" height=\"169\" src=\"https:\/\/www.alcoawheels.com\/europe\/cs\/wp-content\/uploads\/sites\/9\/2023\/06\/where-to-buy.png\" alt=\"\"\/><\/div><div class=\"card-box-v1__box_content\"><h4 style=\"color:#ffffff\">\u00c5terf\u00f6rs\u00e4ljare<\/h4><\/div><div class=\"btn-wrap\"><\/div><\/div><a href=\"\/europe\/sv\/aterforsaljare\" aria-label=\"\u00c5terf\u00f6rs\u00e4ljare\"><\/a><\/div><div class=\"card-box-v1__box  with-link \" style=\"background-color:#34bfc7\"><img decoding=\"async\" src=\"https:\/\/www.alcoawheels.com\/europe\/sv\/wp-content\/themes\/alcoa-wheels\/assets\/build\/js\/blocks\/card-usecase-1\/..\/..\/..\/images\/placeholder-image.db2b4d5c.jpeg\" alt=\"Produktdokumentation\"\/><div class=\"card-box-v1__box__inner pos-abs\"><div class=\"card-box-v1__box_icon\"><img loading=\"lazy\" decoding=\"async\" width=\"169\" height=\"169\" src=\"https:\/\/www.alcoawheels.com\/europe\/cs\/wp-content\/uploads\/sites\/9\/2023\/06\/product-literature.png\" alt=\"\"\/><\/div><div class=\"card-box-v1__box_content\"><h4 style=\"color:#ffffff\">Produktdokumentation<\/h4><\/div><div class=\"btn-wrap\"><\/div><\/div><a href=\"\/europe\/sv\/produktdokumentation\" aria-label=\"Produktdokumentation\"><\/a><\/div><\/div><\/div><\/div>\n","protected":false},"excerpt":{"rendered":"<p>Brushed LvL ONE\u00ae Dura-Bright\u00ae&nbsp;EVO<\/p>\n","protected":false},"author":44,"featured_media":0,"parent":0,"menu_order":0,"comment_status":"closed","ping_status":"closed","template":"","meta":{"_acf_changed":false,"protected_reviewer_email":"","editor_notices":[],"footnotes":""},"class_list":["post-19","page","type-page","status-publish","hentry"],"acf":[],"yoast_head":"<!-- This site is optimized with the Yoast SEO Premium plugin v27.4 (Yoast SEO v27.4) - https:\/\/yoast.com\/product\/yoast-seo-premium-wordpress\/ -->\n<title>Finish-alternativ | Alcoa Wheels<\/title>\n<meta name=\"description\" content=\"Alcoa\u00ae-f\u00e4lgar kommer med olika finish-alternativ: borstad, Dura-Bright EVO och LvL ONE\u00ae.\" \/>\n<meta name=\"robots\" content=\"index, follow, max-snippet:-1, max-image-preview:large, max-video-preview:-1\" \/>\n<link rel=\"canonical\" href=\"https:\/\/www.alcoawheels.com\/europe\/sv\/finish-alternativ\/\" \/>\n<meta property=\"og:locale\" content=\"en_US\" \/>\n<meta property=\"og:type\" content=\"article\" \/>\n<meta property=\"og:title\" content=\"Finish-alternativ\" \/>\n<meta property=\"og:description\" content=\"Alcoa\u00ae-f\u00e4lgar kommer med olika finish-alternativ: borstad, Dura-Bright EVO och LvL ONE\u00ae.\" \/>\n<meta property=\"og:url\" content=\"https:\/\/www.alcoawheels.com\/europe\/sv\/finish-alternativ\/\" \/>\n<meta property=\"og:site_name\" content=\"Europe Swedish\" \/>\n<meta property=\"article:modified_time\" content=\"2025-09-04T08:57:41+00:00\" \/>\n<meta property=\"og:image\" content=\"https:\/\/www.alcoawheels.com\/europe\/sv\/wp-content\/uploads\/sites\/23\/2023\/06\/finish-banner.jpg\" \/>\n<meta name=\"twitter:card\" content=\"summary_large_image\" \/>\n<meta name=\"twitter:label1\" content=\"Est. reading time\" \/>\n\t<meta name=\"twitter:data1\" content=\"4 minutes\" \/>\n<script type=\"application\/ld+json\" class=\"yoast-schema-graph\">{\"@context\":\"https:\\\/\\\/schema.org\",\"@graph\":[{\"@type\":\"WebPage\",\"@id\":\"https:\\\/\\\/www.alcoawheels.com\\\/europe\\\/sv\\\/finish-alternativ\\\/\",\"url\":\"https:\\\/\\\/www.alcoawheels.com\\\/europe\\\/sv\\\/finish-alternativ\\\/\",\"name\":\"Finish-alternativ | Alcoa Wheels\",\"isPartOf\":{\"@id\":\"https:\\\/\\\/www.alcoawheels.com\\\/europe\\\/sv\\\/#website\"},\"primaryImageOfPage\":{\"@id\":\"https:\\\/\\\/www.alcoawheels.com\\\/europe\\\/sv\\\/finish-alternativ\\\/#primaryimage\"},\"image\":{\"@id\":\"https:\\\/\\\/www.alcoawheels.com\\\/europe\\\/sv\\\/finish-alternativ\\\/#primaryimage\"},\"thumbnailUrl\":\"https:\\\/\\\/www.alcoawheels.com\\\/europe\\\/sv\\\/wp-content\\\/uploads\\\/sites\\\/23\\\/2023\\\/06\\\/finish-banner.jpg\",\"datePublished\":\"2023-05-26T15:08:37+00:00\",\"dateModified\":\"2025-09-04T08:57:41+00:00\",\"description\":\"Alcoa\u00ae-f\u00e4lgar kommer med olika finish-alternativ: borstad, Dura-Bright EVO och LvL ONE\u00ae.\",\"breadcrumb\":{\"@id\":\"https:\\\/\\\/www.alcoawheels.com\\\/europe\\\/sv\\\/finish-alternativ\\\/#breadcrumb\"},\"inLanguage\":\"en-US\",\"potentialAction\":[{\"@type\":\"ReadAction\",\"target\":[\"https:\\\/\\\/www.alcoawheels.com\\\/europe\\\/sv\\\/finish-alternativ\\\/\"]}]},{\"@type\":\"ImageObject\",\"inLanguage\":\"en-US\",\"@id\":\"https:\\\/\\\/www.alcoawheels.com\\\/europe\\\/sv\\\/finish-alternativ\\\/#primaryimage\",\"url\":\"https:\\\/\\\/www.alcoawheels.com\\\/europe\\\/sv\\\/wp-content\\\/uploads\\\/sites\\\/23\\\/2023\\\/06\\\/finish-banner.jpg\",\"contentUrl\":\"https:\\\/\\\/www.alcoawheels.com\\\/europe\\\/sv\\\/wp-content\\\/uploads\\\/sites\\\/23\\\/2023\\\/06\\\/finish-banner.jpg\",\"width\":1119,\"height\":280,\"caption\":\"Finish Option Alcoa Wheels\"},{\"@type\":\"BreadcrumbList\",\"@id\":\"https:\\\/\\\/www.alcoawheels.com\\\/europe\\\/sv\\\/finish-alternativ\\\/#breadcrumb\",\"itemListElement\":[{\"@type\":\"ListItem\",\"position\":1,\"name\":\"Home\",\"item\":\"https:\\\/\\\/www.alcoawheels.com\\\/europe\\\/sv\\\/\"},{\"@type\":\"ListItem\",\"position\":2,\"name\":\"Finish-alternativ\"}]},{\"@type\":\"WebSite\",\"@id\":\"https:\\\/\\\/www.alcoawheels.com\\\/europe\\\/sv\\\/#website\",\"url\":\"https:\\\/\\\/www.alcoawheels.com\\\/europe\\\/sv\\\/\",\"name\":\"Europe Swedish\",\"description\":\"\",\"publisher\":{\"@id\":\"https:\\\/\\\/www.alcoawheels.com\\\/europe\\\/sv\\\/#organization\"},\"potentialAction\":[{\"@type\":\"SearchAction\",\"target\":{\"@type\":\"EntryPoint\",\"urlTemplate\":\"https:\\\/\\\/www.alcoawheels.com\\\/europe\\\/sv\\\/?s={search_term_string}\"},\"query-input\":{\"@type\":\"PropertyValueSpecification\",\"valueRequired\":true,\"valueName\":\"search_term_string\"}}],\"inLanguage\":\"en-US\"},{\"@type\":\"Organization\",\"@id\":\"https:\\\/\\\/www.alcoawheels.com\\\/europe\\\/sv\\\/#organization\",\"name\":\"Europe Swedish\",\"url\":\"https:\\\/\\\/www.alcoawheels.com\\\/europe\\\/sv\\\/\",\"logo\":{\"@type\":\"ImageObject\",\"inLanguage\":\"en-US\",\"@id\":\"https:\\\/\\\/www.alcoawheels.com\\\/europe\\\/sv\\\/#\\\/schema\\\/logo\\\/image\\\/\",\"url\":\"https:\\\/\\\/www.alcoawheels.com\\\/europe\\\/sv\\\/wp-content\\\/uploads\\\/sites\\\/23\\\/2023\\\/05\\\/logo-black.gif\",\"contentUrl\":\"https:\\\/\\\/www.alcoawheels.com\\\/europe\\\/sv\\\/wp-content\\\/uploads\\\/sites\\\/23\\\/2023\\\/05\\\/logo-black.gif\",\"width\":71,\"height\":64,\"caption\":\"Europe Swedish\"},\"image\":{\"@id\":\"https:\\\/\\\/www.alcoawheels.com\\\/europe\\\/sv\\\/#\\\/schema\\\/logo\\\/image\\\/\"}}]}<\/script>\n<!-- \/ Yoast SEO Premium plugin. -->","yoast_head_json":{"title":"Finish-alternativ | Alcoa Wheels","description":"Alcoa\u00ae-f\u00e4lgar kommer med olika finish-alternativ: borstad, Dura-Bright EVO och LvL ONE\u00ae.","robots":{"index":"index","follow":"follow","max-snippet":"max-snippet:-1","max-image-preview":"max-image-preview:large","max-video-preview":"max-video-preview:-1"},"canonical":"https:\/\/www.alcoawheels.com\/europe\/sv\/finish-alternativ\/","og_locale":"en_US","og_type":"article","og_title":"Finish-alternativ","og_description":"Alcoa\u00ae-f\u00e4lgar kommer med olika finish-alternativ: borstad, Dura-Bright EVO och LvL ONE\u00ae.","og_url":"https:\/\/www.alcoawheels.com\/europe\/sv\/finish-alternativ\/","og_site_name":"Europe Swedish","article_modified_time":"2025-09-04T08:57:41+00:00","og_image":[{"url":"https:\/\/www.alcoawheels.com\/europe\/sv\/wp-content\/uploads\/sites\/23\/2023\/06\/finish-banner.jpg","type":"","width":"","height":""}],"twitter_card":"summary_large_image","twitter_misc":{"Est. reading time":"4 minutes"},"schema":{"@context":"https:\/\/schema.org","@graph":[{"@type":"WebPage","@id":"https:\/\/www.alcoawheels.com\/europe\/sv\/finish-alternativ\/","url":"https:\/\/www.alcoawheels.com\/europe\/sv\/finish-alternativ\/","name":"Finish-alternativ | Alcoa Wheels","isPartOf":{"@id":"https:\/\/www.alcoawheels.com\/europe\/sv\/#website"},"primaryImageOfPage":{"@id":"https:\/\/www.alcoawheels.com\/europe\/sv\/finish-alternativ\/#primaryimage"},"image":{"@id":"https:\/\/www.alcoawheels.com\/europe\/sv\/finish-alternativ\/#primaryimage"},"thumbnailUrl":"https:\/\/www.alcoawheels.com\/europe\/sv\/wp-content\/uploads\/sites\/23\/2023\/06\/finish-banner.jpg","datePublished":"2023-05-26T15:08:37+00:00","dateModified":"2025-09-04T08:57:41+00:00","description":"Alcoa\u00ae-f\u00e4lgar kommer med olika finish-alternativ: borstad, Dura-Bright EVO och LvL ONE\u00ae.","breadcrumb":{"@id":"https:\/\/www.alcoawheels.com\/europe\/sv\/finish-alternativ\/#breadcrumb"},"inLanguage":"en-US","potentialAction":[{"@type":"ReadAction","target":["https:\/\/www.alcoawheels.com\/europe\/sv\/finish-alternativ\/"]}]},{"@type":"ImageObject","inLanguage":"en-US","@id":"https:\/\/www.alcoawheels.com\/europe\/sv\/finish-alternativ\/#primaryimage","url":"https:\/\/www.alcoawheels.com\/europe\/sv\/wp-content\/uploads\/sites\/23\/2023\/06\/finish-banner.jpg","contentUrl":"https:\/\/www.alcoawheels.com\/europe\/sv\/wp-content\/uploads\/sites\/23\/2023\/06\/finish-banner.jpg","width":1119,"height":280,"caption":"Finish Option Alcoa Wheels"},{"@type":"BreadcrumbList","@id":"https:\/\/www.alcoawheels.com\/europe\/sv\/finish-alternativ\/#breadcrumb","itemListElement":[{"@type":"ListItem","position":1,"name":"Home","item":"https:\/\/www.alcoawheels.com\/europe\/sv\/"},{"@type":"ListItem","position":2,"name":"Finish-alternativ"}]},{"@type":"WebSite","@id":"https:\/\/www.alcoawheels.com\/europe\/sv\/#website","url":"https:\/\/www.alcoawheels.com\/europe\/sv\/","name":"Europe Swedish","description":"","publisher":{"@id":"https:\/\/www.alcoawheels.com\/europe\/sv\/#organization"},"potentialAction":[{"@type":"SearchAction","target":{"@type":"EntryPoint","urlTemplate":"https:\/\/www.alcoawheels.com\/europe\/sv\/?s={search_term_string}"},"query-input":{"@type":"PropertyValueSpecification","valueRequired":true,"valueName":"search_term_string"}}],"inLanguage":"en-US"},{"@type":"Organization","@id":"https:\/\/www.alcoawheels.com\/europe\/sv\/#organization","name":"Europe Swedish","url":"https:\/\/www.alcoawheels.com\/europe\/sv\/","logo":{"@type":"ImageObject","inLanguage":"en-US","@id":"https:\/\/www.alcoawheels.com\/europe\/sv\/#\/schema\/logo\/image\/","url":"https:\/\/www.alcoawheels.com\/europe\/sv\/wp-content\/uploads\/sites\/23\/2023\/05\/logo-black.gif","contentUrl":"https:\/\/www.alcoawheels.com\/europe\/sv\/wp-content\/uploads\/sites\/23\/2023\/05\/logo-black.gif","width":71,"height":64,"caption":"Europe Swedish"},"image":{"@id":"https:\/\/www.alcoawheels.com\/europe\/sv\/#\/schema\/logo\/image\/"}}]}},"parsely":{"version":"1.1.0","canonical_url":"https:\/\/alcoawheels.com\/europe\/sv\/finish-alternativ\/","smart_links":{"inbound":0,"outbound":0},"traffic_boost_suggestions_count":0,"meta":{"@context":"https:\/\/schema.org","@type":"WebPage","headline":"Finish-alternativ","url":"http:\/\/www.alcoawheels.com\/europe\/sv\/finish-alternativ\/","mainEntityOfPage":{"@type":"WebPage","@id":"http:\/\/www.alcoawheels.com\/europe\/sv\/finish-alternativ\/"},"thumbnailUrl":"","image":{"@type":"ImageObject","url":""},"articleSection":"Uncategorized","author":[{"@type":"Person","name":"howmet"}],"creator":["howmet"],"publisher":{"@type":"Organization","name":"Europe Swedish","logo":""},"keywords":[],"dateCreated":"2023-05-26T15:08:37Z","datePublished":"2023-05-26T15:08:37Z","dateModified":"2025-09-04T08:57:41Z"},"rendered":"<script type=\"application\/ld+json\" class=\"wp-parsely-metadata\">{\"@context\":\"https:\\\/\\\/schema.org\",\"@type\":\"WebPage\",\"headline\":\"Finish-alternativ\",\"url\":\"http:\\\/\\\/www.alcoawheels.com\\\/europe\\\/sv\\\/finish-alternativ\\\/\",\"mainEntityOfPage\":{\"@type\":\"WebPage\",\"@id\":\"http:\\\/\\\/www.alcoawheels.com\\\/europe\\\/sv\\\/finish-alternativ\\\/\"},\"thumbnailUrl\":\"\",\"image\":{\"@type\":\"ImageObject\",\"url\":\"\"},\"articleSection\":\"Uncategorized\",\"author\":[{\"@type\":\"Person\",\"name\":\"howmet\"}],\"creator\":[\"howmet\"],\"publisher\":{\"@type\":\"Organization\",\"name\":\"Europe Swedish\",\"logo\":\"\"},\"keywords\":[],\"dateCreated\":\"2023-05-26T15:08:37Z\",\"datePublished\":\"2023-05-26T15:08:37Z\",\"dateModified\":\"2025-09-04T08:57:41Z\"}<\/script>","tracker_url":"https:\/\/cdn.parsely.com\/keys\/alcoawheels.com\/p.js"},"jetpack_sharing_enabled":true,"_links":{"self":[{"href":"https:\/\/www.alcoawheels.com\/europe\/sv\/wp-json\/wp\/v2\/pages\/19","targetHints":{"allow":["GET"]}}],"collection":[{"href":"https:\/\/www.alcoawheels.com\/europe\/sv\/wp-json\/wp\/v2\/pages"}],"about":[{"href":"https:\/\/www.alcoawheels.com\/europe\/sv\/wp-json\/wp\/v2\/types\/page"}],"author":[{"embeddable":true,"href":"https:\/\/www.alcoawheels.com\/europe\/sv\/wp-json\/wp\/v2\/users\/44"}],"replies":[{"embeddable":true,"href":"https:\/\/www.alcoawheels.com\/europe\/sv\/wp-json\/wp\/v2\/comments?post=19"}],"version-history":[{"count":12,"href":"https:\/\/www.alcoawheels.com\/europe\/sv\/wp-json\/wp\/v2\/pages\/19\/revisions"}],"predecessor-version":[{"id":2429,"href":"https:\/\/www.alcoawheels.com\/europe\/sv\/wp-json\/wp\/v2\/pages\/19\/revisions\/2429"}],"wp:attachment":[{"href":"https:\/\/www.alcoawheels.com\/europe\/sv\/wp-json\/wp\/v2\/media?parent=19"}],"curies":[{"name":"wp","href":"https:\/\/api.w.org\/{rel}","templated":true}]}}