{"id":21,"date":"2023-05-26T15:08:51","date_gmt":"2023-05-26T15:08:51","guid":{"rendered":"https:\/\/www.alcoawheels.com\/europe\/sv\/?page_id=21"},"modified":"2025-11-21T23:01:48","modified_gmt":"2025-11-21T21:01:48","slug":"speciella-tillampningar","status":"publish","type":"page","link":"https:\/\/www.alcoawheels.com\/europe\/sv\/speciella-tillampningar\/","title":{"rendered":"Speciella till\u00e4mpningar"},"content":{"rendered":"\n<div class=\"wp-block-alcoa-wheels-hero-banner-innerpage hero-banner with-image layout-2 overlayEnable align- vertical-align- align-center vertical-align-center\" style=\"background-color:#eee\"><img decoding=\"async\" src=\"https:\/\/www.alcoawheels.com\/europe\/sv\/wp-content\/uploads\/sites\/23\/2023\/06\/special-applications-banner.jpg\" alt=\"Special Application Alcoa Wheels\" class=\"responsiveImage\"\/><div class=\"hero-banner__header\" style=\"text-align:center\"><div class=\"container\"><h1 class=\"hero-banner__header--title\">Speciella till\u00e4mpningar<\/h1><\/div><\/div><\/div>\n\n\n\n<div style=\"height:50px\" aria-hidden=\"true\" class=\"wp-block-spacer spacer-fifty\"><\/div>\n\n\n\n<h2 class=\"wp-block-heading has-text-align-center\" id=\"low-deck\">F\u00e4lgar f\u00f6r low deck-sl\u00e4p<\/h2>\n\n\n\n<div style=\"height:50px\" aria-hidden=\"true\" class=\"wp-block-spacer spacer-fifty\"><\/div>\n\n\n\n<div class=\"wp-block-alcoa-wheels-zigzag media-list__body\" id=\"zigzag-main-b45f7650-2f32-49a3-8375-effe2fa2a6e4\"><div class=\"media-list__body_main  vertical-align-center  fullWidth row-reverse\">\n<div class=\"wp-block-alcoa-wheels-zigzag-item media-list-item\"><div class=\"media-list-item__box_content\"><div class=\"media-list-item__box_content_inner\">\n<h5 class=\"wp-block-heading\"><strong>17.5\u201dx6.00\u201d -f\u00e4lg<\/strong><\/h5>\n\n\n\n<p><\/p>\n\n\n\n<h5 class=\"wp-block-heading\">Max belastning 2 500 kg<br>10 monteringsh\u00e5l<br>V\u00e4ger endast 12.6 kg!<\/h5>\n\n\n\n<h5 class=\"wp-block-heading\">&nbsp;<\/h5>\n\n\n\n<h5 class=\"wp-block-heading\"><strong>17.5\u201dX6.75\u201d -f\u00e4lg<\/strong><\/h5>\n\n\n\n<p><\/p>\n\n\n\n<h5 class=\"wp-block-heading\">Max belastning 3 000 kg<br>10 monteringsh\u00e5l<br>V\u00e4ger endast 13.7 kg!<\/h5>\n<\/div><\/div><div class=\"media-list-item__box_image\"><img loading=\"lazy\" decoding=\"async\" width=\"450\" height=\"423\" src=\"https:\/\/www.alcoawheels.com\/europe\/sv\/wp-content\/uploads\/sites\/23\/2023\/06\/special-applications-low-deck-trailer-wheels.jpeg\" alt=\"Low deck trailer wheel 17.5 x 6.75\"\/><\/div><\/div>\n<\/div><\/div>\n\n\n\n<div style=\"height:50px\" aria-hidden=\"true\" class=\"wp-block-spacer spacer-fifty\"><\/div>\n\n\n\n<hr class=\"wp-block-separator has-text-color has-alpha-channel-opacity has-background is-style-wide\" style=\"background-color:#cccccc;color:#cccccc\"\/>\n\n\n\n<div style=\"height:50px\" aria-hidden=\"true\" class=\"wp-block-spacer spacer-fifty\"><\/div>\n\n\n\n<h2 class=\"wp-block-heading has-text-align-center\" id=\"mega-trailer\">F\u00e4lgar f\u00f6r Megatrailers<\/h2>\n\n\n\n<div style=\"height:50px\" aria-hidden=\"true\" class=\"wp-block-spacer spacer-fifty\"><\/div>\n\n\n\n<div class=\"wp-block-alcoa-wheels-zigzag media-list__body\" id=\"zigzag-main-53ab16f1-ef43-44cd-b471-f058add87782\"><div class=\"media-list__body_main  vertical-align-center  container row-reverse\">\n<div class=\"wp-block-alcoa-wheels-zigzag-item media-list-item\"><div class=\"media-list-item__box_content\"><div class=\"media-list-item__box_content_inner\">\n<h5 class=\"wp-block-heading\"><strong>19.5\u201dx14.00\u201d -f\u00e4lg, offset 120 mm<\/strong><br>&nbsp;<br>10 monteringsh\u00e5l<br>L\u00e4ttast i klassen! V\u00e4ger endast 21.6 kg!<br>&nbsp;<br>&nbsp;<br><strong>19.5\u201dx14.00\u201d -f\u00e4lg, offset 0 mm<\/strong><br>&nbsp;<br>8 monteringsh\u00e5l<br>Endast hos Howmet Aerospace!<br>V\u00e4ger&nbsp;23.6 kg.<\/h5>\n<\/div><\/div><div class=\"media-list-item__box_image\"><img loading=\"lazy\" decoding=\"async\" width=\"450\" height=\"422\" src=\"https:\/\/www.alcoawheels.com\/europe\/sv\/wp-content\/uploads\/sites\/23\/2023\/06\/special-applications-wheels-for-megatrailers.jpeg\" alt=\"Wheels for mega trailers 19.5 x 14.00 offset 120 mm\"\/><\/div><\/div>\n<\/div><\/div>\n\n\n\n<div style=\"height:100px\" aria-hidden=\"true\" class=\"wp-block-spacer spacer-fifty\"><\/div>\n\n\n\n<hr class=\"wp-block-separator has-text-color has-alpha-channel-opacity has-background is-style-wide\" style=\"background-color:#cccccc;color:#cccccc\"\/>\n\n\n\n<div style=\"height:50px\" aria-hidden=\"true\" class=\"wp-block-spacer spacer-fifty\"><\/div>\n\n\n\n<h2 class=\"wp-block-heading has-text-align-center\" id=\"dura-flange\">Dura-Flange<sup>\u00ae<\/sup><\/h2>\n\n\n\n<div style=\"height:50px\" aria-hidden=\"true\" class=\"wp-block-spacer spacer-fifty\"><\/div>\n\n\n\n<div class=\"wp-block-alcoa-wheels-zigzag media-list__body\" id=\"zigzag-main-45ea29ee-eb36-4195-af23-94703bac8f49\"><div class=\"media-list__body_main  vertical-align-center  container\">\n<div class=\"wp-block-alcoa-wheels-zigzag-item media-list-item\"><div class=\"media-list-item__box_content\"><div class=\"media-list-item__box_content_inner\">\n<h5 class=\"wp-block-heading\"><strong>Ytterligare skydd f\u00f6r en \u00e4nnu l\u00e4ngre livsl\u00e4ngd<\/strong><\/h5>\n\n\n\n<p>Alcoa<sup>\u00ae<\/sup> Dura-Flange<sup>\u00ae<\/sup>-f\u00e4lg har en patentskyddad behandling p\u00e5 b\u00e5da f\u00e4lgfl\u00e4nsarna som ger ett skyddande lager f\u00f6r att minska slitage p\u00e5 f\u00e4lgfl\u00e4nsar, och kan bidra till en \u00f6kad livsl\u00e4ngd j\u00e4mf\u00f6rt med andra aluminiumf\u00e4lgar under samma f\u00f6rh\u00e5llanden.<\/p>\n<\/div><\/div><div class=\"media-list-item__box_image\"><img loading=\"lazy\" decoding=\"async\" width=\"500\" height=\"333\" src=\"https:\/\/www.alcoawheels.com\/europe\/sv\/wp-content\/uploads\/sites\/23\/2023\/06\/surface-treatments-dura-flange.jpg\" alt=\"Dura-Flange Alcoa felni\"\/><\/div><\/div>\n<\/div><\/div>\n\n\n\n<h5 class=\"wp-block-heading\"><strong>Provk\u00f6rd p\u00e5 v\u00e4gen<\/strong><\/h5>\n\n\n\n<p>Dura-Flange<sup>\u00ae<\/sup>-f\u00e4lgar \u00e4r de mest l\u00e4mpliga f\u00e4lgarna f\u00f6r transport d\u00e4r lasten \u00e4r tung och kan r\u00f6ra sig vilket leder till att vulsten skaver mot fl\u00e4nsen, till exempel:<\/p>\n\n\n\n<div class=\"wp-block-alcoa-wheels-lists alcoa-wheels-lists-block\"><div class=\"list-wrapper\"><ol style=\"list-style-type:none\">\n<div class=\"wp-block-alcoa-wheels-list-items inner-list-item-wrapper  with-icon list-item-wrapper\"><img decoding=\"async\" src=\"https:\/\/www.alcoawheels.com\/europe\/sv\/wp-content\/uploads\/sites\/23\/2023\/05\/wheel-bullet.jpg\" class=\"image-icon\" alt=\"https:\/\/www.alcoawheels.com\/europe\/sv\/wp-content\/uploads\/sites\/23\/2023\/05\/wheel-bullet.jpg\"\/><li class=\"inner-list-item  with-icon\"><span>transport under extrema f\u00f6rh\u00e5llanden, t.ex. gruvdrift<\/span><\/li><\/div>\n\n\n\n<div class=\"wp-block-alcoa-wheels-list-items inner-list-item-wrapper  with-icon list-item-wrapper\"><img decoding=\"async\" src=\"https:\/\/www.alcoawheels.com\/europe\/sv\/wp-content\/uploads\/sites\/23\/2023\/05\/wheel-bullet.jpg\" class=\"image-icon\" alt=\"https:\/\/www.alcoawheels.com\/europe\/sv\/wp-content\/uploads\/sites\/23\/2023\/05\/wheel-bullet.jpg\"\/><li class=\"inner-list-item  with-icon\"><span>tunga transporter, t. ex. timmer<\/span><\/li><\/div>\n\n\n\n<div class=\"wp-block-alcoa-wheels-list-items inner-list-item-wrapper  with-icon list-item-wrapper\"><img decoding=\"async\" src=\"https:\/\/www.alcoawheels.com\/europe\/sv\/wp-content\/uploads\/sites\/23\/2023\/05\/wheel-bullet.jpg\" class=\"image-icon\" alt=\"https:\/\/www.alcoawheels.com\/europe\/sv\/wp-content\/uploads\/sites\/23\/2023\/05\/wheel-bullet.jpg\"\/><li class=\"inner-list-item  with-icon\"><span>tankfordon som k\u00f6rs on- och offroad (t.ex. mj\u00f6lkinsamling, br\u00e4nsledistribution)<\/span><\/li><\/div>\n\n\n\n<div class=\"wp-block-alcoa-wheels-list-items inner-list-item-wrapper  with-icon list-item-wrapper\"><img decoding=\"async\" src=\"https:\/\/www.alcoawheels.com\/europe\/sv\/wp-content\/uploads\/sites\/23\/2023\/05\/wheel-bullet.jpg\" class=\"image-icon\" alt=\"https:\/\/www.alcoawheels.com\/europe\/sv\/wp-content\/uploads\/sites\/23\/2023\/05\/wheel-bullet.jpg\"\/><li class=\"inner-list-item  with-icon\"><span>stadsbuss<\/span><\/li><\/div>\n<\/ol><\/div><\/div>\n\n\n\n<div class=\"wp-block-alcoa-wheels-zigzag media-list__body\" id=\"zigzag-main-3b3b0bea-091c-4d01-a453-e2a068faddd0\"><div class=\"media-list__body_main  vertical-align-center  container\">\n<div class=\"wp-block-alcoa-wheels-zigzag-item media-list-item\"><div class=\"media-list-item__box_content\"><div class=\"media-list-item__box_content_inner\">\n<h5 class=\"wp-block-heading\"><strong>Rim Wear Protected<\/strong><\/h5>\n\n\n\n<p>Dura-Flange<sup>\u00ae<\/sup>-f\u00e4lgar \u00e4r l\u00e4tt att k\u00e4nna igen p\u00e5 dekalen &#8220;Rim Wear Protected&#8221;. Artikelnummer som slutar med DF \u00e4r Dura-Flange<sup>\u00ae<\/sup>-behandlade.<\/p>\n<\/div><\/div><div class=\"media-list-item__box_image\"><img loading=\"lazy\" decoding=\"async\" width=\"410\" height=\"142\" src=\"https:\/\/www.alcoawheels.com\/europe\/sv\/wp-content\/uploads\/sites\/23\/2023\/06\/surface-treatments-dura-flange-sticker.jpg\" alt=\"Dura-Flange matrica\"\/><\/div><\/div>\n<\/div><\/div>\n\n\n\n<div style=\"height:50px\" aria-hidden=\"true\" class=\"wp-block-spacer spacer-fifty\"><\/div>\n\n\n\n<div class=\"wp-block-alcoa-wheels-card-usecase-1 card-box-v1__body with-icon align-center vertical-align-center\" id=\"card_box_v1-720c79d6-9553-424f-92b0-d7fac709bcea\"><div class=\"fullwidthcontainer\"><div class=\"card-box-v1__boxes has-4-columns\"><div class=\"card-box-v1__box  with-link \" style=\"background-color:#00afb9\"><img decoding=\"async\" src=\"https:\/\/www.alcoawheels.com\/europe\/sv\/wp-content\/themes\/alcoa-wheels\/assets\/build\/js\/blocks\/card-usecase-1\/..\/..\/..\/images\/placeholder-image.db2b4d5c.jpeg\" alt=\"Kontakta\"\/><div class=\"card-box-v1__box__inner pos-abs\"><div class=\"card-box-v1__box_icon\"><img loading=\"lazy\" decoding=\"async\" width=\"171\" height=\"171\" src=\"https:\/\/www.alcoawheels.com\/europe\/cs\/wp-content\/uploads\/sites\/9\/2023\/06\/contact.png\" alt=\"\"\/><\/div><div class=\"card-box-v1__box_content\"><h4 style=\"color:#ffffff\">Kontakta<\/h4><\/div><div class=\"btn-wrap\"><\/div><\/div><a href=\"\/europe\/sv\/kontakt\" aria-label=\"Kontakta\"><\/a><\/div><div class=\"card-box-v1__box  with-link \" style=\"background-color:#34bfc7\"><img decoding=\"async\" src=\"https:\/\/www.alcoawheels.com\/europe\/sv\/wp-content\/themes\/alcoa-wheels\/assets\/build\/js\/blocks\/card-usecase-1\/..\/..\/..\/images\/placeholder-image.db2b4d5c.jpeg\" alt=\"F\u00e4lgsortiment\"\/><div class=\"card-box-v1__box__inner pos-abs\"><div class=\"card-box-v1__box_icon\"><img loading=\"lazy\" decoding=\"async\" width=\"169\" height=\"169\" src=\"https:\/\/www.alcoawheels.com\/europe\/cs\/wp-content\/uploads\/sites\/9\/2023\/06\/product-search.png\" alt=\"\"\/><\/div><div class=\"card-box-v1__box_content\"><h4 style=\"color:#ffffff\">F\u00e4lgsortiment<\/h4><\/div><div class=\"btn-wrap\"><\/div><\/div><a href=\"\/europe\/sv\/falgsortiment\" aria-label=\"F\u00e4lgsortiment\"><\/a><\/div><div class=\"card-box-v1__box  with-link \" style=\"background-color:#00afb9\"><img decoding=\"async\" src=\"https:\/\/www.alcoawheels.com\/europe\/sv\/wp-content\/themes\/alcoa-wheels\/assets\/build\/js\/blocks\/card-usecase-1\/..\/..\/..\/images\/placeholder-image.db2b4d5c.jpeg\" alt=\"\u00c5terf\u00f6rs\u00e4ljare\"\/><div class=\"card-box-v1__box__inner pos-abs\"><div class=\"card-box-v1__box_icon\"><img loading=\"lazy\" decoding=\"async\" width=\"169\" height=\"169\" src=\"https:\/\/www.alcoawheels.com\/europe\/cs\/wp-content\/uploads\/sites\/9\/2023\/06\/where-to-buy.png\" alt=\"\"\/><\/div><div class=\"card-box-v1__box_content\"><h4 style=\"color:#ffffff\">\u00c5terf\u00f6rs\u00e4ljare<\/h4><\/div><div class=\"btn-wrap\"><\/div><\/div><a href=\"\/europe\/sv\/aterforsaljare\" aria-label=\"\u00c5terf\u00f6rs\u00e4ljare\"><\/a><\/div><div class=\"card-box-v1__box  with-link \" style=\"background-color:#34bfc7\"><img decoding=\"async\" src=\"https:\/\/www.alcoawheels.com\/europe\/sv\/wp-content\/themes\/alcoa-wheels\/assets\/build\/js\/blocks\/card-usecase-1\/..\/..\/..\/images\/placeholder-image.db2b4d5c.jpeg\" alt=\"Produktdokumentation\"\/><div class=\"card-box-v1__box__inner pos-abs\"><div class=\"card-box-v1__box_icon\"><img loading=\"lazy\" decoding=\"async\" width=\"169\" height=\"169\" src=\"https:\/\/www.alcoawheels.com\/europe\/cs\/wp-content\/uploads\/sites\/9\/2023\/06\/product-literature.png\" alt=\"\"\/><\/div><div class=\"card-box-v1__box_content\"><h4 style=\"color:#ffffff\">Produktdokumentation<\/h4><\/div><div class=\"btn-wrap\"><\/div><\/div><a href=\"\/europe\/sv\/produktdokumentation\" aria-label=\"Produktdokumentation\"><\/a><\/div><\/div><\/div><\/div>\n","protected":false},"excerpt":{"rendered":"<p>F\u00e4lgar f\u00f6r low deck-sl\u00e4p F\u00e4lgar f\u00f6r Megatrailers Dura-Flange\u00ae Provk\u00f6rd p\u00e5 v\u00e4gen Dura-Flange\u00ae-f\u00e4lgar \u00e4r de mest l\u00e4mpliga f\u00e4lgarna f\u00f6r transport d\u00e4r lasten \u00e4r tung och kan r\u00f6ra sig vilket leder till att vulsten skaver mot fl\u00e4nsen, till exempel:<\/p>\n","protected":false},"author":44,"featured_media":0,"parent":0,"menu_order":0,"comment_status":"closed","ping_status":"closed","template":"","meta":{"_acf_changed":false,"protected_reviewer_email":"","editor_notices":[],"footnotes":""},"class_list":["post-21","page","type-page","status-publish","hentry"],"acf":[],"yoast_head":"<!-- This site is optimized with the Yoast SEO Premium plugin v27.2 (Yoast SEO v27.2) - https:\/\/yoast.com\/product\/yoast-seo-premium-wordpress\/ -->\n<title>Speciella till\u00e4mpningar | Alcoa Wheels<\/title>\n<meta name=\"description\" content=\"Alcoa\u00ae-f\u00e4lgar erbjuder l\u00f6sningar f\u00f6r varje till\u00e4mpning, t.ex. WorkHorse\u00ae-f\u00e4lgar, 17,5x6,00- och 17,5x6,75-f\u00e4lgar f\u00f6r low deck-sl\u00e4p, men \u00e4ven f\u00e4lgar f\u00f6r transport av glas och konstruktionselement och f\u00f6r megatrailers i storlek 19,5x14,00, offset 120 mm och 0 mm.\" \/>\n<meta name=\"robots\" content=\"index, follow, max-snippet:-1, max-image-preview:large, max-video-preview:-1\" \/>\n<link rel=\"canonical\" href=\"https:\/\/www.alcoawheels.com\/europe\/sv\/speciella-tillampningar\/\" \/>\n<meta property=\"og:locale\" content=\"en_US\" \/>\n<meta property=\"og:type\" content=\"article\" \/>\n<meta property=\"og:title\" content=\"Speciella till\u00e4mpningar\" \/>\n<meta property=\"og:description\" content=\"Alcoa\u00ae-f\u00e4lgar erbjuder l\u00f6sningar f\u00f6r varje till\u00e4mpning, t.ex. WorkHorse\u00ae-f\u00e4lgar, 17,5x6,00- och 17,5x6,75-f\u00e4lgar f\u00f6r low deck-sl\u00e4p, men \u00e4ven f\u00e4lgar f\u00f6r transport av glas och konstruktionselement och f\u00f6r megatrailers i storlek 19,5x14,00, offset 120 mm och 0 mm.\" \/>\n<meta property=\"og:url\" content=\"https:\/\/www.alcoawheels.com\/europe\/sv\/speciella-tillampningar\/\" \/>\n<meta property=\"og:site_name\" content=\"Europe Swedish\" \/>\n<meta property=\"article:modified_time\" content=\"2025-11-21T21:01:48+00:00\" \/>\n<meta property=\"og:image\" content=\"https:\/\/www.alcoawheels.com\/europe\/sv\/wp-content\/uploads\/sites\/23\/2023\/06\/special-applications-banner.jpg\" \/>\n<meta name=\"twitter:card\" content=\"summary_large_image\" \/>\n<meta name=\"twitter:label1\" content=\"Est. reading time\" \/>\n\t<meta name=\"twitter:data1\" content=\"5 minutes\" \/>\n<script type=\"application\/ld+json\" class=\"yoast-schema-graph\">{\"@context\":\"https:\/\/schema.org\",\"@graph\":[{\"@type\":\"WebPage\",\"@id\":\"https:\/\/www.alcoawheels.com\/europe\/sv\/speciella-tillampningar\/\",\"url\":\"https:\/\/www.alcoawheels.com\/europe\/sv\/speciella-tillampningar\/\",\"name\":\"Speciella till\u00e4mpningar | Alcoa Wheels\",\"isPartOf\":{\"@id\":\"https:\/\/www.alcoawheels.com\/europe\/sv\/#website\"},\"primaryImageOfPage\":{\"@id\":\"https:\/\/www.alcoawheels.com\/europe\/sv\/speciella-tillampningar\/#primaryimage\"},\"image\":{\"@id\":\"https:\/\/www.alcoawheels.com\/europe\/sv\/speciella-tillampningar\/#primaryimage\"},\"thumbnailUrl\":\"https:\/\/www.alcoawheels.com\/europe\/sv\/wp-content\/uploads\/sites\/23\/2023\/06\/special-applications-banner.jpg\",\"datePublished\":\"2023-05-26T15:08:51+00:00\",\"dateModified\":\"2025-11-21T21:01:48+00:00\",\"description\":\"Alcoa\u00ae-f\u00e4lgar erbjuder l\u00f6sningar f\u00f6r varje till\u00e4mpning, t.ex. WorkHorse\u00ae-f\u00e4lgar, 17,5x6,00- och 17,5x6,75-f\u00e4lgar f\u00f6r low deck-sl\u00e4p, men \u00e4ven f\u00e4lgar f\u00f6r transport av glas och konstruktionselement och f\u00f6r megatrailers i storlek 19,5x14,00, offset 120 mm och 0 mm.\",\"breadcrumb\":{\"@id\":\"https:\/\/www.alcoawheels.com\/europe\/sv\/speciella-tillampningar\/#breadcrumb\"},\"inLanguage\":\"en-US\",\"potentialAction\":[{\"@type\":\"ReadAction\",\"target\":[\"https:\/\/www.alcoawheels.com\/europe\/sv\/speciella-tillampningar\/\"]}]},{\"@type\":\"ImageObject\",\"inLanguage\":\"en-US\",\"@id\":\"https:\/\/www.alcoawheels.com\/europe\/sv\/speciella-tillampningar\/#primaryimage\",\"url\":\"https:\/\/www.alcoawheels.com\/europe\/sv\/wp-content\/uploads\/sites\/23\/2023\/06\/special-applications-banner.jpg\",\"contentUrl\":\"https:\/\/www.alcoawheels.com\/europe\/sv\/wp-content\/uploads\/sites\/23\/2023\/06\/special-applications-banner.jpg\",\"width\":1119,\"height\":280,\"caption\":\"Special Application Alcoa Wheels\"},{\"@type\":\"BreadcrumbList\",\"@id\":\"https:\/\/www.alcoawheels.com\/europe\/sv\/speciella-tillampningar\/#breadcrumb\",\"itemListElement\":[{\"@type\":\"ListItem\",\"position\":1,\"name\":\"Home\",\"item\":\"https:\/\/www.alcoawheels.com\/europe\/sv\/\"},{\"@type\":\"ListItem\",\"position\":2,\"name\":\"Speciella till\u00e4mpningar\"}]},{\"@type\":\"WebSite\",\"@id\":\"https:\/\/www.alcoawheels.com\/europe\/sv\/#website\",\"url\":\"https:\/\/www.alcoawheels.com\/europe\/sv\/\",\"name\":\"Europe Swedish\",\"description\":\"\",\"publisher\":{\"@id\":\"https:\/\/www.alcoawheels.com\/europe\/sv\/#organization\"},\"potentialAction\":[{\"@type\":\"SearchAction\",\"target\":{\"@type\":\"EntryPoint\",\"urlTemplate\":\"https:\/\/www.alcoawheels.com\/europe\/sv\/?s={search_term_string}\"},\"query-input\":{\"@type\":\"PropertyValueSpecification\",\"valueRequired\":true,\"valueName\":\"search_term_string\"}}],\"inLanguage\":\"en-US\"},{\"@type\":\"Organization\",\"@id\":\"https:\/\/www.alcoawheels.com\/europe\/sv\/#organization\",\"name\":\"Europe Swedish\",\"url\":\"https:\/\/www.alcoawheels.com\/europe\/sv\/\",\"logo\":{\"@type\":\"ImageObject\",\"inLanguage\":\"en-US\",\"@id\":\"https:\/\/www.alcoawheels.com\/europe\/sv\/#\/schema\/logo\/image\/\",\"url\":\"https:\/\/www.alcoawheels.com\/europe\/sv\/wp-content\/uploads\/sites\/23\/2023\/05\/logo-black.gif\",\"contentUrl\":\"https:\/\/www.alcoawheels.com\/europe\/sv\/wp-content\/uploads\/sites\/23\/2023\/05\/logo-black.gif\",\"width\":71,\"height\":64,\"caption\":\"Europe Swedish\"},\"image\":{\"@id\":\"https:\/\/www.alcoawheels.com\/europe\/sv\/#\/schema\/logo\/image\/\"}}]}<\/script>\n<!-- \/ Yoast SEO Premium plugin. -->","yoast_head_json":{"title":"Speciella till\u00e4mpningar | Alcoa Wheels","description":"Alcoa\u00ae-f\u00e4lgar erbjuder l\u00f6sningar f\u00f6r varje till\u00e4mpning, t.ex. WorkHorse\u00ae-f\u00e4lgar, 17,5x6,00- och 17,5x6,75-f\u00e4lgar f\u00f6r low deck-sl\u00e4p, men \u00e4ven f\u00e4lgar f\u00f6r transport av glas och konstruktionselement och f\u00f6r megatrailers i storlek 19,5x14,00, offset 120 mm och 0 mm.","robots":{"index":"index","follow":"follow","max-snippet":"max-snippet:-1","max-image-preview":"max-image-preview:large","max-video-preview":"max-video-preview:-1"},"canonical":"https:\/\/www.alcoawheels.com\/europe\/sv\/speciella-tillampningar\/","og_locale":"en_US","og_type":"article","og_title":"Speciella till\u00e4mpningar","og_description":"Alcoa\u00ae-f\u00e4lgar erbjuder l\u00f6sningar f\u00f6r varje till\u00e4mpning, t.ex. WorkHorse\u00ae-f\u00e4lgar, 17,5x6,00- och 17,5x6,75-f\u00e4lgar f\u00f6r low deck-sl\u00e4p, men \u00e4ven f\u00e4lgar f\u00f6r transport av glas och konstruktionselement och f\u00f6r megatrailers i storlek 19,5x14,00, offset 120 mm och 0 mm.","og_url":"https:\/\/www.alcoawheels.com\/europe\/sv\/speciella-tillampningar\/","og_site_name":"Europe Swedish","article_modified_time":"2025-11-21T21:01:48+00:00","og_image":[{"url":"https:\/\/www.alcoawheels.com\/europe\/sv\/wp-content\/uploads\/sites\/23\/2023\/06\/special-applications-banner.jpg","type":"","width":"","height":""}],"twitter_card":"summary_large_image","twitter_misc":{"Est. reading time":"5 minutes"},"schema":{"@context":"https:\/\/schema.org","@graph":[{"@type":"WebPage","@id":"https:\/\/www.alcoawheels.com\/europe\/sv\/speciella-tillampningar\/","url":"https:\/\/www.alcoawheels.com\/europe\/sv\/speciella-tillampningar\/","name":"Speciella till\u00e4mpningar | Alcoa Wheels","isPartOf":{"@id":"https:\/\/www.alcoawheels.com\/europe\/sv\/#website"},"primaryImageOfPage":{"@id":"https:\/\/www.alcoawheels.com\/europe\/sv\/speciella-tillampningar\/#primaryimage"},"image":{"@id":"https:\/\/www.alcoawheels.com\/europe\/sv\/speciella-tillampningar\/#primaryimage"},"thumbnailUrl":"https:\/\/www.alcoawheels.com\/europe\/sv\/wp-content\/uploads\/sites\/23\/2023\/06\/special-applications-banner.jpg","datePublished":"2023-05-26T15:08:51+00:00","dateModified":"2025-11-21T21:01:48+00:00","description":"Alcoa\u00ae-f\u00e4lgar erbjuder l\u00f6sningar f\u00f6r varje till\u00e4mpning, t.ex. WorkHorse\u00ae-f\u00e4lgar, 17,5x6,00- och 17,5x6,75-f\u00e4lgar f\u00f6r low deck-sl\u00e4p, men \u00e4ven f\u00e4lgar f\u00f6r transport av glas och konstruktionselement och f\u00f6r megatrailers i storlek 19,5x14,00, offset 120 mm och 0 mm.","breadcrumb":{"@id":"https:\/\/www.alcoawheels.com\/europe\/sv\/speciella-tillampningar\/#breadcrumb"},"inLanguage":"en-US","potentialAction":[{"@type":"ReadAction","target":["https:\/\/www.alcoawheels.com\/europe\/sv\/speciella-tillampningar\/"]}]},{"@type":"ImageObject","inLanguage":"en-US","@id":"https:\/\/www.alcoawheels.com\/europe\/sv\/speciella-tillampningar\/#primaryimage","url":"https:\/\/www.alcoawheels.com\/europe\/sv\/wp-content\/uploads\/sites\/23\/2023\/06\/special-applications-banner.jpg","contentUrl":"https:\/\/www.alcoawheels.com\/europe\/sv\/wp-content\/uploads\/sites\/23\/2023\/06\/special-applications-banner.jpg","width":1119,"height":280,"caption":"Special Application Alcoa Wheels"},{"@type":"BreadcrumbList","@id":"https:\/\/www.alcoawheels.com\/europe\/sv\/speciella-tillampningar\/#breadcrumb","itemListElement":[{"@type":"ListItem","position":1,"name":"Home","item":"https:\/\/www.alcoawheels.com\/europe\/sv\/"},{"@type":"ListItem","position":2,"name":"Speciella till\u00e4mpningar"}]},{"@type":"WebSite","@id":"https:\/\/www.alcoawheels.com\/europe\/sv\/#website","url":"https:\/\/www.alcoawheels.com\/europe\/sv\/","name":"Europe Swedish","description":"","publisher":{"@id":"https:\/\/www.alcoawheels.com\/europe\/sv\/#organization"},"potentialAction":[{"@type":"SearchAction","target":{"@type":"EntryPoint","urlTemplate":"https:\/\/www.alcoawheels.com\/europe\/sv\/?s={search_term_string}"},"query-input":{"@type":"PropertyValueSpecification","valueRequired":true,"valueName":"search_term_string"}}],"inLanguage":"en-US"},{"@type":"Organization","@id":"https:\/\/www.alcoawheels.com\/europe\/sv\/#organization","name":"Europe Swedish","url":"https:\/\/www.alcoawheels.com\/europe\/sv\/","logo":{"@type":"ImageObject","inLanguage":"en-US","@id":"https:\/\/www.alcoawheels.com\/europe\/sv\/#\/schema\/logo\/image\/","url":"https:\/\/www.alcoawheels.com\/europe\/sv\/wp-content\/uploads\/sites\/23\/2023\/05\/logo-black.gif","contentUrl":"https:\/\/www.alcoawheels.com\/europe\/sv\/wp-content\/uploads\/sites\/23\/2023\/05\/logo-black.gif","width":71,"height":64,"caption":"Europe Swedish"},"image":{"@id":"https:\/\/www.alcoawheels.com\/europe\/sv\/#\/schema\/logo\/image\/"}}]}},"parsely":{"version":"1.1.0","canonical_url":"https:\/\/alcoawheels.com\/europe\/sv\/speciella-tillampningar\/","smart_links":{"inbound":0,"outbound":0},"traffic_boost_suggestions_count":0,"meta":{"@context":"https:\/\/schema.org","@type":"WebPage","headline":"Speciella till\u00e4mpningar","url":"http:\/\/www.alcoawheels.com\/europe\/sv\/speciella-tillampningar\/","mainEntityOfPage":{"@type":"WebPage","@id":"http:\/\/www.alcoawheels.com\/europe\/sv\/speciella-tillampningar\/"},"thumbnailUrl":"","image":{"@type":"ImageObject","url":""},"articleSection":"Uncategorized","author":[{"@type":"Person","name":"howmet"}],"creator":["howmet"],"publisher":{"@type":"Organization","name":"Europe Swedish","logo":""},"keywords":[],"dateCreated":"2023-05-26T15:08:51Z","datePublished":"2023-05-26T15:08:51Z","dateModified":"2025-11-21T21:01:48Z"},"rendered":"<script type=\"application\/ld+json\" class=\"wp-parsely-metadata\">{\"@context\":\"https:\\\/\\\/schema.org\",\"@type\":\"WebPage\",\"headline\":\"Speciella till\\u00e4mpningar\",\"url\":\"http:\\\/\\\/www.alcoawheels.com\\\/europe\\\/sv\\\/speciella-tillampningar\\\/\",\"mainEntityOfPage\":{\"@type\":\"WebPage\",\"@id\":\"http:\\\/\\\/www.alcoawheels.com\\\/europe\\\/sv\\\/speciella-tillampningar\\\/\"},\"thumbnailUrl\":\"\",\"image\":{\"@type\":\"ImageObject\",\"url\":\"\"},\"articleSection\":\"Uncategorized\",\"author\":[{\"@type\":\"Person\",\"name\":\"howmet\"}],\"creator\":[\"howmet\"],\"publisher\":{\"@type\":\"Organization\",\"name\":\"Europe Swedish\",\"logo\":\"\"},\"keywords\":[],\"dateCreated\":\"2023-05-26T15:08:51Z\",\"datePublished\":\"2023-05-26T15:08:51Z\",\"dateModified\":\"2025-11-21T21:01:48Z\"}<\/script>","tracker_url":"https:\/\/cdn.parsely.com\/keys\/alcoawheels.com\/p.js"},"jetpack_sharing_enabled":true,"_links":{"self":[{"href":"https:\/\/www.alcoawheels.com\/europe\/sv\/wp-json\/wp\/v2\/pages\/21","targetHints":{"allow":["GET"]}}],"collection":[{"href":"https:\/\/www.alcoawheels.com\/europe\/sv\/wp-json\/wp\/v2\/pages"}],"about":[{"href":"https:\/\/www.alcoawheels.com\/europe\/sv\/wp-json\/wp\/v2\/types\/page"}],"author":[{"embeddable":true,"href":"https:\/\/www.alcoawheels.com\/europe\/sv\/wp-json\/wp\/v2\/users\/44"}],"replies":[{"embeddable":true,"href":"https:\/\/www.alcoawheels.com\/europe\/sv\/wp-json\/wp\/v2\/comments?post=21"}],"version-history":[{"count":16,"href":"https:\/\/www.alcoawheels.com\/europe\/sv\/wp-json\/wp\/v2\/pages\/21\/revisions"}],"predecessor-version":[{"id":2451,"href":"https:\/\/www.alcoawheels.com\/europe\/sv\/wp-json\/wp\/v2\/pages\/21\/revisions\/2451"}],"wp:attachment":[{"href":"https:\/\/www.alcoawheels.com\/europe\/sv\/wp-json\/wp\/v2\/media?parent=21"}],"curies":[{"name":"wp","href":"https:\/\/api.w.org\/{rel}","templated":true}]}}