{"id":2271,"date":"2024-09-17T15:32:03","date_gmt":"2024-09-17T12:32:03","guid":{"rendered":"https:\/\/www.alcoawheels.com\/europe\/sv\/?page_id=2271"},"modified":"2025-05-22T15:17:10","modified_gmt":"2025-05-22T12:17:10","slug":"statuskontroll-for-falgarende","status":"publish","type":"page","link":"https:\/\/www.alcoawheels.com\/europe\/sv\/statuskontroll-for-falgarende\/","title":{"rendered":"Statuskontroll f\u00f6r f\u00e4lg\u00e4rende"},"content":{"rendered":"\n<div class=\"wp-block-alcoa-wheels-hero-banner-innerpage hero-banner with-image layout-2 overlayEnable align- vertical-align- align-center vertical-align-center\" style=\"background-color:#eee\"><img decoding=\"async\" src=\"https:\/\/www.alcoawheels.com\/europe\/en\/wp-content\/uploads\/sites\/8\/2023\/06\/fsc-intro-banner.jpg\" alt=\"Fleet Service Center for Alcoa Wheels\" class=\"responsiveImage\"\/><div class=\"hero-banner__header\" style=\"text-align:center\"><div class=\"container\"><h1 class=\"hero-banner__header--title\">Statuskontroll f\u00f6r f\u00e4lg\u00e4rende<\/h1><\/div><\/div><\/div>\n\n\n\n<div style=\"height:50px\" aria-hidden=\"true\" class=\"wp-block-spacer\"><\/div>\n\n\n    <div class=\"lead-status-block-frontend\" data-attributes=\"{&quot;email&quot;:&quot;Ange din e-post&quot;,&quot;leadId&quot;:&quot;Ange f\\u00e4lg\\u00e4rende-ID&quot;,&quot;status&quot;:&quot;Statusinformation&quot;,&quot;resetText&quot;:&quot;Rensa&quot;,&quot;loading&quot;:&quot;Laddar information om ditt \\u00e4rende\\u2026&quot;,&quot;noMatch&quot;:&quot;Det finns ingen registrering som matchar den angivna e-postadressen och ID:t. Kontrollera dina uppgifter och f\\u00f6rs\\u00f6k igen.&quot;,&quot;dearCustomer&quot;:&quot;K\\u00e4ra kund&quot;,&quot;thankYou&quot;:&quot;Tack f\\u00f6r din registrering. Den senaste statusen f\\u00f6r ditt f\\u00e4lg\\u00e4rende-ID&quot;,&quot;customerMessage&quot;:&quot;Den senaste statusen f\\u00f6r ditt f\\u00e4lg\\u00e4rende-ID&quot;,&quot;followMessage&quot;:&quot;F\\u00f6r ytterligare information, v\\u00e4nligen kontakta oss:&quot;,&quot;followEmail&quot;:&quot;fleet@howmet.com&quot;,&quot;followPhone&quot;:&quot;eller ring +36 22 531 841 p\\u00e5 vardagar mellan kl. 08.00\\u201316.30 (CET).&quot;,&quot;checkboxText&quot;:&quot;Kryssa i rutan f\\u00f6r att godk\\u00e4nna v\\u00e5r&quot;,&quot;privacyText&quot;:&quot; integritetspolicy&quot;,&quot;privacyLink&quot;:&quot;\\\/europe\\\/sv\\\/sekretess\\\/&quot;,&quot;consentMessage&quot;:&quot;Genom att skicka in denna f\\u00f6rfr\\u00e5gan samtycker jag h\\u00e4rmed till att mina ovan angivna personuppgifter \\u00f6verf\\u00f6rs till Howmet Aerospace Inc. och dess kontrollerade enheter i USA och andra l\\u00e4nder, samt till deras auktoriserade tredjepartsleverant\\u00f6rer eller ombud, och att dessa uppgifter behandlas i syfte att besvara min f\\u00f6rfr\\u00e5gan.\\n\\nHowmet Aerospace kommer att anv\\u00e4nda de angivna uppgifterna enbart f\\u00f6r att besvara f\\u00f6rfr\\u00e5gan och lagra dem endast s\\u00e5 l\\u00e4nge det \\u00e4r strikt n\\u00f6dv\\u00e4ndigt f\\u00f6r att kunna slutf\\u00f6ra \\u00e4rendet.\\n\\nJag bekr\\u00e4ftar att jag \\u00e4r fullt informerad om syftet med behandlingen och \\u00f6verf\\u00f6ringen av mina personuppgifter och att jag \\u00e4r medveten om mina r\\u00e4ttigheter enligt g\\u00e4llande dataskyddslagstiftning. Om jag vid n\\u00e5got tillf\\u00e4lle v\\u00e4ljer att \\u00e5terkalla mitt samtycke, kommer jag att kontakta Howmet Aerospace f\\u00f6r att meddela detta. Jag har \\u00e4ven r\\u00e4tt att f\\u00e5 felaktiga uppgifter som lagras av Howmet Aerospace r\\u00e4ttade.&quot;,&quot;leadStatus&quot;:&quot;Lead Status&quot;,&quot;description&quot;:&quot;Description&quot;,&quot;leadTime&quot;:&quot;Lead Time&quot;}\">\n        <form class=\"lead_form\">\n            <input type=\"email\" placeholder=\"Ange din e-post\" required class=\"email_input\">\n            <input type=\"text\" placeholder=\"Ange f\u00e4lg\u00e4rende-ID\" required>\n            <button type=\"submit\" class=\"input-group-addon submit_button\" disabled>Statusinformation<\/button>\n            <button type=\"button\" class=\"input-group-addon reset-button\">Rensa<\/button>\n            <p class=\"field-label consent-label\"><strong>Kryssa i rutan f\u00f6r att godk\u00e4nna v\u00e5r<\/strong> <a href=\"\/europe\/sv\/sekretess\/\" target=\"_blank\"> integritetspolicy<\/a>.<\/p>\n            <div class=\"checkbox-group\" id=\"checkbox_group\">\n                <div class=\"formbuilder-checkbox\">\n                    <input type=\"checkbox\" id=\"consent\" name=\"consent_message\" value=\"Genom att skicka in denna f\u00f6rfr\u00e5gan samtycker jag h\u00e4rmed till att mina ovan angivna personuppgifter \u00f6verf\u00f6rs till Howmet Aerospace Inc. och dess kontrollerade enheter i USA och andra l\u00e4nder, samt till deras auktoriserade tredjepartsleverant\u00f6rer eller ombud, och att dessa uppgifter behandlas i syfte att besvara min f\u00f6rfr\u00e5gan.\n\nHowmet Aerospace kommer att anv\u00e4nda de angivna uppgifterna enbart f\u00f6r att besvara f\u00f6rfr\u00e5gan och lagra dem endast s\u00e5 l\u00e4nge det \u00e4r strikt n\u00f6dv\u00e4ndigt f\u00f6r att kunna slutf\u00f6ra \u00e4rendet.\n\nJag bekr\u00e4ftar att jag \u00e4r fullt informerad om syftet med behandlingen och \u00f6verf\u00f6ringen av mina personuppgifter och att jag \u00e4r medveten om mina r\u00e4ttigheter enligt g\u00e4llande dataskyddslagstiftning. Om jag vid n\u00e5got tillf\u00e4lle v\u00e4ljer att \u00e5terkalla mitt samtycke, kommer jag att kontakta Howmet Aerospace f\u00f6r att meddela detta. Jag har \u00e4ven r\u00e4tt att f\u00e5 felaktiga uppgifter som lagras av Howmet Aerospace r\u00e4ttade.\" class=\"consent_message\" required>\n                    <label for=\"consent_message\">Genom att skicka in denna f\u00f6rfr\u00e5gan samtycker jag h\u00e4rmed till att mina ovan angivna personuppgifter \u00f6verf\u00f6rs till Howmet Aerospace Inc. och dess kontrollerade enheter i USA och andra l\u00e4nder, samt till deras auktoriserade tredjepartsleverant\u00f6rer eller ombud, och att dessa uppgifter behandlas i syfte att besvara min f\u00f6rfr\u00e5gan.\n\nHowmet Aerospace kommer att anv\u00e4nda de angivna uppgifterna enbart f\u00f6r att besvara f\u00f6rfr\u00e5gan och lagra dem endast s\u00e5 l\u00e4nge det \u00e4r strikt n\u00f6dv\u00e4ndigt f\u00f6r att kunna slutf\u00f6ra \u00e4rendet.\n\nJag bekr\u00e4ftar att jag \u00e4r fullt informerad om syftet med behandlingen och \u00f6verf\u00f6ringen av mina personuppgifter och att jag \u00e4r medveten om mina r\u00e4ttigheter enligt g\u00e4llande dataskyddslagstiftning. Om jag vid n\u00e5got tillf\u00e4lle v\u00e4ljer att \u00e5terkalla mitt samtycke, kommer jag att kontakta Howmet Aerospace f\u00f6r att meddela detta. Jag har \u00e4ven r\u00e4tt att f\u00e5 felaktiga uppgifter som lagras av Howmet Aerospace r\u00e4ttade.<\/label>\n                <\/div>\n            <\/div>\n        <\/form>\n        <div class=\"lead_section\"><\/div>\n    <\/div>\n\n\n\n<div style=\"height:50px\" aria-hidden=\"true\" class=\"wp-block-spacer\"><\/div>\n\n\n\n<p>Beh\u00f6ver du registrera ytterligare ett f\u00e4lg\u00e4rende? V\u00e4nligen klicka <a href=\"https:\/\/www.alcoawheels.com\/europe\/sv\/fleet-service-center\/\">h\u00e4r<\/a>.<\/p>\n\n\n\n<p>Om du upplever n\u00e5gra problem eller har fr\u00e5gor, v\u00e4nlligen kontakta <a href=\"https:\/\/www.alcoawheels.com\/europe\/sv\/fsc-introduktion\/\">Fleet Service Center <\/a>och\/eller v\u00e5rt <a href=\"https:\/\/www.alcoawheels.com\/europe\/sv\/vanliga-fragor\/\">FAQ<\/a>-sektion.<\/p>\n\n\n\n<p><\/p>\n","protected":false},"excerpt":{"rendered":"<p>Beh\u00f6ver du registrera ytterligare ett f\u00e4lg\u00e4rende? V\u00e4nligen klicka h\u00e4r. Om du upplever n\u00e5gra problem eller har fr\u00e5gor, v\u00e4nlligen kontakta Fleet Service Center och\/eller v\u00e5rt FAQ-sektion.<\/p>\n","protected":false},"author":62,"featured_media":0,"parent":0,"menu_order":0,"comment_status":"closed","ping_status":"closed","template":"","meta":{"_acf_changed":false,"protected_reviewer_email":"","editor_notices":[],"footnotes":""},"class_list":["post-2271","page","type-page","status-publish","hentry"],"acf":[],"yoast_head":"<!-- This site is optimized with the Yoast SEO Premium plugin v27.4 (Yoast SEO v27.4) - https:\/\/yoast.com\/product\/yoast-seo-premium-wordpress\/ -->\n<title>Statuskontroll f\u00f6r f\u00e4lg\u00e4rende - Europe Swedish<\/title>\n<meta name=\"robots\" content=\"index, follow, max-snippet:-1, max-image-preview:large, max-video-preview:-1\" \/>\n<link rel=\"canonical\" href=\"https:\/\/www.alcoawheels.com\/europe\/sv\/statuskontroll-for-falgarende\/\" \/>\n<meta property=\"og:locale\" content=\"en_US\" \/>\n<meta property=\"og:type\" content=\"article\" \/>\n<meta property=\"og:title\" content=\"Statuskontroll f\u00f6r f\u00e4lg\u00e4rende\" \/>\n<meta property=\"og:description\" content=\"Beh\u00f6ver du registrera ytterligare ett f\u00e4lg\u00e4rende? V\u00e4nligen klicka h\u00e4r. Om du upplever n\u00e5gra problem eller har fr\u00e5gor, v\u00e4nlligen kontakta Fleet Service Center och\/eller v\u00e5rt FAQ-sektion.\" \/>\n<meta property=\"og:url\" content=\"https:\/\/www.alcoawheels.com\/europe\/sv\/statuskontroll-for-falgarende\/\" \/>\n<meta property=\"og:site_name\" content=\"Europe Swedish\" \/>\n<meta property=\"article:modified_time\" content=\"2025-05-22T12:17:10+00:00\" \/>\n<meta property=\"og:image\" content=\"https:\/\/www.alcoawheels.com\/europe\/en\/wp-content\/uploads\/sites\/8\/2023\/06\/fsc-intro-banner.jpg\" \/>\n<meta name=\"twitter:card\" content=\"summary_large_image\" \/>\n<meta name=\"twitter:label1\" content=\"Est. reading time\" \/>\n\t<meta name=\"twitter:data1\" content=\"1 minute\" \/>\n<script type=\"application\/ld+json\" class=\"yoast-schema-graph\">{\"@context\":\"https:\\\/\\\/schema.org\",\"@graph\":[{\"@type\":\"WebPage\",\"@id\":\"https:\\\/\\\/www.alcoawheels.com\\\/europe\\\/sv\\\/statuskontroll-for-falgarende\\\/\",\"url\":\"https:\\\/\\\/www.alcoawheels.com\\\/europe\\\/sv\\\/statuskontroll-for-falgarende\\\/\",\"name\":\"Statuskontroll f\u00f6r f\u00e4lg\u00e4rende - Europe Swedish\",\"isPartOf\":{\"@id\":\"https:\\\/\\\/www.alcoawheels.com\\\/europe\\\/sv\\\/#website\"},\"primaryImageOfPage\":{\"@id\":\"https:\\\/\\\/www.alcoawheels.com\\\/europe\\\/sv\\\/statuskontroll-for-falgarende\\\/#primaryimage\"},\"image\":{\"@id\":\"https:\\\/\\\/www.alcoawheels.com\\\/europe\\\/sv\\\/statuskontroll-for-falgarende\\\/#primaryimage\"},\"thumbnailUrl\":\"https:\\\/\\\/www.alcoawheels.com\\\/europe\\\/en\\\/wp-content\\\/uploads\\\/sites\\\/8\\\/2023\\\/06\\\/fsc-intro-banner.jpg\",\"datePublished\":\"2024-09-17T12:32:03+00:00\",\"dateModified\":\"2025-05-22T12:17:10+00:00\",\"breadcrumb\":{\"@id\":\"https:\\\/\\\/www.alcoawheels.com\\\/europe\\\/sv\\\/statuskontroll-for-falgarende\\\/#breadcrumb\"},\"inLanguage\":\"en-US\",\"potentialAction\":[{\"@type\":\"ReadAction\",\"target\":[\"https:\\\/\\\/www.alcoawheels.com\\\/europe\\\/sv\\\/statuskontroll-for-falgarende\\\/\"]}]},{\"@type\":\"ImageObject\",\"inLanguage\":\"en-US\",\"@id\":\"https:\\\/\\\/www.alcoawheels.com\\\/europe\\\/sv\\\/statuskontroll-for-falgarende\\\/#primaryimage\",\"url\":\"https:\\\/\\\/www.alcoawheels.com\\\/europe\\\/en\\\/wp-content\\\/uploads\\\/sites\\\/8\\\/2023\\\/06\\\/fsc-intro-banner.jpg\",\"contentUrl\":\"https:\\\/\\\/www.alcoawheels.com\\\/europe\\\/en\\\/wp-content\\\/uploads\\\/sites\\\/8\\\/2023\\\/06\\\/fsc-intro-banner.jpg\"},{\"@type\":\"BreadcrumbList\",\"@id\":\"https:\\\/\\\/www.alcoawheels.com\\\/europe\\\/sv\\\/statuskontroll-for-falgarende\\\/#breadcrumb\",\"itemListElement\":[{\"@type\":\"ListItem\",\"position\":1,\"name\":\"Home\",\"item\":\"https:\\\/\\\/www.alcoawheels.com\\\/europe\\\/sv\\\/\"},{\"@type\":\"ListItem\",\"position\":2,\"name\":\"Statuskontroll f\u00f6r f\u00e4lg\u00e4rende\"}]},{\"@type\":\"WebSite\",\"@id\":\"https:\\\/\\\/www.alcoawheels.com\\\/europe\\\/sv\\\/#website\",\"url\":\"https:\\\/\\\/www.alcoawheels.com\\\/europe\\\/sv\\\/\",\"name\":\"Europe Swedish\",\"description\":\"\",\"publisher\":{\"@id\":\"https:\\\/\\\/www.alcoawheels.com\\\/europe\\\/sv\\\/#organization\"},\"potentialAction\":[{\"@type\":\"SearchAction\",\"target\":{\"@type\":\"EntryPoint\",\"urlTemplate\":\"https:\\\/\\\/www.alcoawheels.com\\\/europe\\\/sv\\\/?s={search_term_string}\"},\"query-input\":{\"@type\":\"PropertyValueSpecification\",\"valueRequired\":true,\"valueName\":\"search_term_string\"}}],\"inLanguage\":\"en-US\"},{\"@type\":\"Organization\",\"@id\":\"https:\\\/\\\/www.alcoawheels.com\\\/europe\\\/sv\\\/#organization\",\"name\":\"Europe Swedish\",\"url\":\"https:\\\/\\\/www.alcoawheels.com\\\/europe\\\/sv\\\/\",\"logo\":{\"@type\":\"ImageObject\",\"inLanguage\":\"en-US\",\"@id\":\"https:\\\/\\\/www.alcoawheels.com\\\/europe\\\/sv\\\/#\\\/schema\\\/logo\\\/image\\\/\",\"url\":\"https:\\\/\\\/www.alcoawheels.com\\\/europe\\\/sv\\\/wp-content\\\/uploads\\\/sites\\\/23\\\/2023\\\/05\\\/logo-black.gif\",\"contentUrl\":\"https:\\\/\\\/www.alcoawheels.com\\\/europe\\\/sv\\\/wp-content\\\/uploads\\\/sites\\\/23\\\/2023\\\/05\\\/logo-black.gif\",\"width\":71,\"height\":64,\"caption\":\"Europe Swedish\"},\"image\":{\"@id\":\"https:\\\/\\\/www.alcoawheels.com\\\/europe\\\/sv\\\/#\\\/schema\\\/logo\\\/image\\\/\"}}]}<\/script>\n<!-- \/ Yoast SEO Premium plugin. -->","yoast_head_json":{"title":"Statuskontroll f\u00f6r f\u00e4lg\u00e4rende - Europe Swedish","robots":{"index":"index","follow":"follow","max-snippet":"max-snippet:-1","max-image-preview":"max-image-preview:large","max-video-preview":"max-video-preview:-1"},"canonical":"https:\/\/www.alcoawheels.com\/europe\/sv\/statuskontroll-for-falgarende\/","og_locale":"en_US","og_type":"article","og_title":"Statuskontroll f\u00f6r f\u00e4lg\u00e4rende","og_description":"Beh\u00f6ver du registrera ytterligare ett f\u00e4lg\u00e4rende? V\u00e4nligen klicka h\u00e4r. Om du upplever n\u00e5gra problem eller har fr\u00e5gor, v\u00e4nlligen kontakta Fleet Service Center och\/eller v\u00e5rt FAQ-sektion.","og_url":"https:\/\/www.alcoawheels.com\/europe\/sv\/statuskontroll-for-falgarende\/","og_site_name":"Europe Swedish","article_modified_time":"2025-05-22T12:17:10+00:00","og_image":[{"url":"https:\/\/www.alcoawheels.com\/europe\/en\/wp-content\/uploads\/sites\/8\/2023\/06\/fsc-intro-banner.jpg","type":"","width":"","height":""}],"twitter_card":"summary_large_image","twitter_misc":{"Est. reading time":"1 minute"},"schema":{"@context":"https:\/\/schema.org","@graph":[{"@type":"WebPage","@id":"https:\/\/www.alcoawheels.com\/europe\/sv\/statuskontroll-for-falgarende\/","url":"https:\/\/www.alcoawheels.com\/europe\/sv\/statuskontroll-for-falgarende\/","name":"Statuskontroll f\u00f6r f\u00e4lg\u00e4rende - Europe Swedish","isPartOf":{"@id":"https:\/\/www.alcoawheels.com\/europe\/sv\/#website"},"primaryImageOfPage":{"@id":"https:\/\/www.alcoawheels.com\/europe\/sv\/statuskontroll-for-falgarende\/#primaryimage"},"image":{"@id":"https:\/\/www.alcoawheels.com\/europe\/sv\/statuskontroll-for-falgarende\/#primaryimage"},"thumbnailUrl":"https:\/\/www.alcoawheels.com\/europe\/en\/wp-content\/uploads\/sites\/8\/2023\/06\/fsc-intro-banner.jpg","datePublished":"2024-09-17T12:32:03+00:00","dateModified":"2025-05-22T12:17:10+00:00","breadcrumb":{"@id":"https:\/\/www.alcoawheels.com\/europe\/sv\/statuskontroll-for-falgarende\/#breadcrumb"},"inLanguage":"en-US","potentialAction":[{"@type":"ReadAction","target":["https:\/\/www.alcoawheels.com\/europe\/sv\/statuskontroll-for-falgarende\/"]}]},{"@type":"ImageObject","inLanguage":"en-US","@id":"https:\/\/www.alcoawheels.com\/europe\/sv\/statuskontroll-for-falgarende\/#primaryimage","url":"https:\/\/www.alcoawheels.com\/europe\/en\/wp-content\/uploads\/sites\/8\/2023\/06\/fsc-intro-banner.jpg","contentUrl":"https:\/\/www.alcoawheels.com\/europe\/en\/wp-content\/uploads\/sites\/8\/2023\/06\/fsc-intro-banner.jpg"},{"@type":"BreadcrumbList","@id":"https:\/\/www.alcoawheels.com\/europe\/sv\/statuskontroll-for-falgarende\/#breadcrumb","itemListElement":[{"@type":"ListItem","position":1,"name":"Home","item":"https:\/\/www.alcoawheels.com\/europe\/sv\/"},{"@type":"ListItem","position":2,"name":"Statuskontroll f\u00f6r f\u00e4lg\u00e4rende"}]},{"@type":"WebSite","@id":"https:\/\/www.alcoawheels.com\/europe\/sv\/#website","url":"https:\/\/www.alcoawheels.com\/europe\/sv\/","name":"Europe Swedish","description":"","publisher":{"@id":"https:\/\/www.alcoawheels.com\/europe\/sv\/#organization"},"potentialAction":[{"@type":"SearchAction","target":{"@type":"EntryPoint","urlTemplate":"https:\/\/www.alcoawheels.com\/europe\/sv\/?s={search_term_string}"},"query-input":{"@type":"PropertyValueSpecification","valueRequired":true,"valueName":"search_term_string"}}],"inLanguage":"en-US"},{"@type":"Organization","@id":"https:\/\/www.alcoawheels.com\/europe\/sv\/#organization","name":"Europe Swedish","url":"https:\/\/www.alcoawheels.com\/europe\/sv\/","logo":{"@type":"ImageObject","inLanguage":"en-US","@id":"https:\/\/www.alcoawheels.com\/europe\/sv\/#\/schema\/logo\/image\/","url":"https:\/\/www.alcoawheels.com\/europe\/sv\/wp-content\/uploads\/sites\/23\/2023\/05\/logo-black.gif","contentUrl":"https:\/\/www.alcoawheels.com\/europe\/sv\/wp-content\/uploads\/sites\/23\/2023\/05\/logo-black.gif","width":71,"height":64,"caption":"Europe Swedish"},"image":{"@id":"https:\/\/www.alcoawheels.com\/europe\/sv\/#\/schema\/logo\/image\/"}}]}},"parsely":{"version":"1.1.0","canonical_url":"https:\/\/alcoawheels.com\/europe\/sv\/statuskontroll-for-falgarende\/","smart_links":{"inbound":0,"outbound":0},"traffic_boost_suggestions_count":0,"meta":{"@context":"https:\/\/schema.org","@type":"WebPage","headline":"Statuskontroll f\u00f6r f\u00e4lg\u00e4rende","url":"http:\/\/www.alcoawheels.com\/europe\/sv\/statuskontroll-for-falgarende\/","mainEntityOfPage":{"@type":"WebPage","@id":"http:\/\/www.alcoawheels.com\/europe\/sv\/statuskontroll-for-falgarende\/"},"thumbnailUrl":"","image":{"@type":"ImageObject","url":""},"articleSection":"Uncategorized","author":[{"@type":"Person","name":"riccirm"}],"creator":["riccirm"],"publisher":{"@type":"Organization","name":"Europe Swedish","logo":""},"keywords":[],"dateCreated":"2024-09-17T12:32:03Z","datePublished":"2024-09-17T12:32:03Z","dateModified":"2025-05-22T12:17:10Z"},"rendered":"<script type=\"application\/ld+json\" class=\"wp-parsely-metadata\">{\"@context\":\"https:\\\/\\\/schema.org\",\"@type\":\"WebPage\",\"headline\":\"Statuskontroll f\\u00f6r f\\u00e4lg\\u00e4rende\",\"url\":\"http:\\\/\\\/www.alcoawheels.com\\\/europe\\\/sv\\\/statuskontroll-for-falgarende\\\/\",\"mainEntityOfPage\":{\"@type\":\"WebPage\",\"@id\":\"http:\\\/\\\/www.alcoawheels.com\\\/europe\\\/sv\\\/statuskontroll-for-falgarende\\\/\"},\"thumbnailUrl\":\"\",\"image\":{\"@type\":\"ImageObject\",\"url\":\"\"},\"articleSection\":\"Uncategorized\",\"author\":[{\"@type\":\"Person\",\"name\":\"riccirm\"}],\"creator\":[\"riccirm\"],\"publisher\":{\"@type\":\"Organization\",\"name\":\"Europe Swedish\",\"logo\":\"\"},\"keywords\":[],\"dateCreated\":\"2024-09-17T12:32:03Z\",\"datePublished\":\"2024-09-17T12:32:03Z\",\"dateModified\":\"2025-05-22T12:17:10Z\"}<\/script>","tracker_url":"https:\/\/cdn.parsely.com\/keys\/alcoawheels.com\/p.js"},"jetpack_sharing_enabled":true,"_links":{"self":[{"href":"https:\/\/www.alcoawheels.com\/europe\/sv\/wp-json\/wp\/v2\/pages\/2271","targetHints":{"allow":["GET"]}}],"collection":[{"href":"https:\/\/www.alcoawheels.com\/europe\/sv\/wp-json\/wp\/v2\/pages"}],"about":[{"href":"https:\/\/www.alcoawheels.com\/europe\/sv\/wp-json\/wp\/v2\/types\/page"}],"author":[{"embeddable":true,"href":"https:\/\/www.alcoawheels.com\/europe\/sv\/wp-json\/wp\/v2\/users\/62"}],"replies":[{"embeddable":true,"href":"https:\/\/www.alcoawheels.com\/europe\/sv\/wp-json\/wp\/v2\/comments?post=2271"}],"version-history":[{"count":4,"href":"https:\/\/www.alcoawheels.com\/europe\/sv\/wp-json\/wp\/v2\/pages\/2271\/revisions"}],"predecessor-version":[{"id":2333,"href":"https:\/\/www.alcoawheels.com\/europe\/sv\/wp-json\/wp\/v2\/pages\/2271\/revisions\/2333"}],"wp:attachment":[{"href":"https:\/\/www.alcoawheels.com\/europe\/sv\/wp-json\/wp\/v2\/media?parent=2271"}],"curies":[{"name":"wp","href":"https:\/\/api.w.org\/{rel}","templated":true}]}}