{"id":27,"date":"2023-05-26T15:09:48","date_gmt":"2023-05-26T15:09:48","guid":{"rendered":"https:\/\/www.alcoawheels.com\/europe\/sv\/?page_id=27"},"modified":"2025-01-31T18:00:09","modified_gmt":"2025-01-31T16:00:09","slug":"underhall","status":"publish","type":"page","link":"https:\/\/www.alcoawheels.com\/europe\/sv\/underhall\/","title":{"rendered":"Underh\u00e5ll"},"content":{"rendered":"\n<div class=\"wp-block-alcoa-wheels-hero-banner-innerpage hero-banner with-image layout-2 overlayEnable align- vertical-align- align-center vertical-align-center\" style=\"background-color:#eee\"><img decoding=\"async\" src=\"https:\/\/www.alcoawheels.com\/europe\/sv\/wp-content\/uploads\/sites\/23\/2023\/06\/maintenance-banner.jpeg\" alt=\"Maintenance of Alcoa Wheels\" class=\"responsiveImage\"\/><div class=\"hero-banner__header\" style=\"text-align:center\"><div class=\"container\"><h1 class=\"hero-banner__header--title\">Underh\u00e5ll<\/h1><\/div><\/div><\/div>\n\n\n\n<div style=\"height:50px\" aria-hidden=\"true\" class=\"wp-block-spacer spacer-fifty\"><\/div>\n\n\n\n<h3 class=\"wp-block-heading\">Varf\u00f6r anv\u00e4nda tillbeh\u00f6rsprodukter f\u00f6r Alcoa<sup>\u00ae<\/sup>-f\u00e4lgar?<\/h3>\n\n\n\n<p>Att underh\u00e5lla dina Alcoa<sup>\u00ae<\/sup>-aluminiumf\u00e4lgar och h\u00e5lla dem i b\u00e4sta m\u00f6jliga skick \u00e4r och b\u00f6r vara en av dina fr\u00e4msta prioriteringar. Alcoa<sup>\u00ae<\/sup>-tillbeh\u00f6rsprodukter har utvecklats och valts ut under m\u00e5nga \u00e5r f\u00f6r att hj\u00e4lpa dig h\u00e5lla dina f\u00e4lgar i b\u00e4sta m\u00f6jliga skick s\u00e5 att de h\u00e5ller s\u00e5 l\u00e4nge som m\u00f6jligt.<\/p>\n\n\n\n<p>Alla v\u00e5ra tillbeh\u00f6r kan k\u00f6pas genom v\u00e5rt omfattande n\u00e4tverk av beh\u00f6riga ALCOA<sup>\u00ae<\/sup>&nbsp;WHEELS-distribut\u00f6rer som du hittar&nbsp;<a href=\"\/europe\/sv\/aterforsaljar\">h\u00e4r<\/a>.<\/p>\n\n\n\n<hr class=\"wp-block-separator has-text-color has-alpha-channel-opacity has-background is-style-wide\" style=\"background-color:#cccccc;color:#cccccc\"\/>\n\n\n\n<div class=\"wp-block-alcoa-wheels-zigzag media-list__body\" id=\"zigzag-main-dd37ab2b-fdde-4f03-8751-426b0a716ec7\"><div class=\"media-list__body_main  vertical-align-center  container row-reverse\">\n<div class=\"wp-block-alcoa-wheels-zigzag-item media-list-item\"><div class=\"media-list-item__box_content\"><div class=\"media-list-item__box_content_inner\">\n<h5 class=\"wp-block-heading\" id=\"h-hubgrease\"><strong>HUBgrease<\/strong><\/h5>\n\n\n\n<p>Ett sm\u00f6rjfett som anv\u00e4nds vid montering p\u00e5 Alcoa<sup>\u00ae<\/sup>-f\u00e4lgar f\u00f6r att f\u00f6rebygga rostbildning och att f\u00e4lgen fastnar p\u00e5 navet.<\/p>\n<\/div><\/div><div class=\"media-list-item__box_image\"><img loading=\"lazy\" decoding=\"async\" width=\"450\" height=\"300\" src=\"https:\/\/www.alcoawheels.com\/europe\/sv\/wp-content\/uploads\/sites\/23\/2023\/06\/maintenance-Hubgrease-thumbnail.jpg\" alt=\"HUBgrease\"\/><\/div><\/div>\n\n\n\n<div class=\"wp-block-alcoa-wheels-zigzag-item media-list-item\"><div class=\"media-list-item__box_content\"><div class=\"media-list-item__box_content_inner\">\n<h5 class=\"wp-block-heading has-text-align-right\" id=\"h-valvegrease\"><strong>VALVEgrease<\/strong><\/h5>\n\n\n\n<p class=\"has-text-align-right\">Ett sm\u00f6rjfett som skyddar mot rost n\u00e4r du monterar\/byter ut ventiler. Rekommenderas starkt att anv\u00e4nda vid varje d\u00e4ck- och ventilbyte.<\/p>\n<\/div><\/div><div class=\"media-list-item__box_image\"><img loading=\"lazy\" decoding=\"async\" width=\"450\" height=\"300\" src=\"https:\/\/www.alcoawheels.com\/europe\/sv\/wp-content\/uploads\/sites\/23\/2023\/06\/maintenance-VALVEgrease-thumbnail.jpg\" alt=\"VALVEgrease\"\/><\/div><\/div>\n\n\n\n<div class=\"wp-block-alcoa-wheels-zigzag-item media-list-item\"><div class=\"media-list-item__box_content\"><div class=\"media-list-item__box_content_inner\">\n<h5 class=\"wp-block-heading\" id=\"h-discuri-si-placute-cu-peri\"><strong><strong><strong><strong><strong><strong><strong><strong>Discuri \u015fi pl\u0103cu\u0163e cu peri<\/strong><\/strong><\/strong><\/strong><\/strong><\/strong><\/strong><\/strong><\/h5>\n\n\n\n<p>Slipande borstar och dynor i olika storlekar och h\u00e5rdhet f\u00f6r reng\u00f6ring av kontaktytor, d\u00e4cks\u00e4ten och navets styrklackar och centreringsringar.<\/p>\n<\/div><\/div><div class=\"media-list-item__box_image\"><img loading=\"lazy\" decoding=\"async\" width=\"450\" height=\"300\" src=\"https:\/\/www.alcoawheels.com\/europe\/sv\/wp-content\/uploads\/sites\/23\/2023\/06\/maintenance-Bristle-discs-thumbnail.jpg\" alt=\"Bristle discs and pads\"\/><\/div><\/div>\n\n\n\n<div class=\"wp-block-alcoa-wheels-zigzag-item media-list-item\"><div class=\"media-list-item__box_content\"><div class=\"media-list-item__box_content_inner\">\n<h5 class=\"wp-block-heading has-text-align-right\" id=\"h-discmate\"><strong>Discmate<\/strong><\/h5>\n\n\n\n<p class=\"has-text-align-right\">En packning som f\u00f6rhindrar att rost byggs upp mellan st\u00e5l och aluminiumf\u00e4lgar och mellan st\u00e5lnav och aluminiumf\u00e4lgar.<\/p>\n<\/div><\/div><div class=\"media-list-item__box_image\"><img loading=\"lazy\" decoding=\"async\" width=\"450\" height=\"300\" src=\"https:\/\/www.alcoawheels.com\/europe\/sv\/wp-content\/uploads\/sites\/23\/2023\/06\/maintenance-Discmates-thumbnail.jpg\" alt=\"Discmates\"\/><\/div><\/div>\n<\/div><\/div>\n\n\n\n<hr class=\"wp-block-separator has-text-color has-alpha-channel-opacity has-background is-style-wide\" style=\"background-color:#cccccc;color:#cccccc\"\/>\n\n\n\n<div style=\"height:50px\" aria-hidden=\"true\" class=\"wp-block-spacer spacer-fifty\"><\/div>\n\n\n\n<p class=\"u-margin-b10\">F\u00f6r mer information:<\/p>\n\n\n\t\t<div class=\"wp-block-alcoa-product-literature\">\n\t\t\t<div class=\"product-literature-columns container wp-block-alcoa-wheels-related-documents\">\n\t\t\t\t\t\t\t\t\t<div class=\"literature-inner\">\n\t\t\t\t\t\t<div class=\"literature-inner-item\">\n\t\t\t\t\t\t\t<div class=\"pdf-lists-items\">\n\t\t\t\t\t\t\t\t\t\t\t\t\t\t\t\t\t\t\t\t\t\t\t\t\t\t<div class=\"pdf-files\">\n\t\t\t\t\t\t\t\t\t\t<a href=\"https:\/\/www.alcoawheels.com\/europe\/sv\/wp-content\/uploads\/sites\/23\/2026\/02\/Alcoa-Wheels-Accessories-EN.pdf\" target=\"_blank\" class=\"pdf-file\">\n\t\t\t\t\t\t\t\t\t\t\tProduktkatalog f\u00f6r ALCOA<sup>\u00ae<\/sup>-tillbeh\u00f6r\t\t\t\t\t\t\t\t\t\t<\/a>\n\t\t\t\t\t\t\t\t\t\t<div class=\"pdf-size\">2.93 MB<\/div>\n\t\t\t\t\t\t\t\t\t<\/div>\n\t\t\t\t\t\t\t\t\t\t\t\t\t\t\t<\/div>\n\t\t\t\t\t\t<\/div>\n\t\t\t\t\t<\/div>\n\t\t\t\t\t\t\t<\/div>\n\n\t\t<\/div>\n\n\n\n<div id=\"alcoa-wheels-buttons-aa3c7953-fc29-4364-91c6-0143ea951f15\" class=\"wp-block-alcoa-wheels-button-group alcoa-wheels-buttons\"><div class=\"button-row\"><div class=\"button-item\" button-item=\"0\"><p class=\"btn-main btn-link-left-arrow\" aria-label=\"<a href=&quot;https:\/\/apps.spheracloud.net\/communicator\/login.aspx?userid=qD3CEfpiugwA&amp;companyid=SzqDqsuXTJwA&amp;method=home&quot;&gt;Safety Data (MSDS)<\/a&gt;\"><a href=\"https:\/\/apps.spheracloud.net\/communicator\/login.aspx?userid=qD3CEfpiugwA&amp;companyid=SzqDqsuXTJwA&amp;method=home\">Safety Data (MSDS)<\/a><\/p><\/div><\/div><\/div>\n\n\n\n<div style=\"height:50px\" aria-hidden=\"true\" class=\"wp-block-spacer spacer-fifty\"><\/div>\n\n\n\n<div class=\"wp-block-alcoa-wheels-card-usecase-1 card-box-v1__body with-icon align-center vertical-align-center\" id=\"card_box_v1-720c79d6-9553-424f-92b0-d7fac709bcea\"><div class=\"fullwidthcontainer\"><div class=\"card-box-v1__boxes has-4-columns\"><div class=\"card-box-v1__box  with-link \" style=\"background-color:#00afb9\"><img decoding=\"async\" src=\"https:\/\/www.alcoawheels.com\/europe\/sv\/wp-content\/themes\/alcoa-wheels\/assets\/build\/js\/blocks\/card-usecase-1\/..\/..\/..\/images\/placeholder-image.db2b4d5c.jpeg\" alt=\"Kontakta\"\/><div class=\"card-box-v1__box__inner pos-abs\"><div class=\"card-box-v1__box_icon\"><img loading=\"lazy\" decoding=\"async\" width=\"171\" height=\"171\" src=\"https:\/\/www.alcoawheels.com\/europe\/cs\/wp-content\/uploads\/sites\/9\/2023\/06\/contact.png\" alt=\"\"\/><\/div><div class=\"card-box-v1__box_content\"><h4 style=\"color:#ffffff\">Kontakta<\/h4><\/div><div class=\"btn-wrap\"><\/div><\/div><a href=\"\/europe\/sv\/kontakt\" aria-label=\"Kontakta\"><\/a><\/div><div class=\"card-box-v1__box  with-link \" style=\"background-color:#34bfc7\"><img decoding=\"async\" src=\"https:\/\/www.alcoawheels.com\/europe\/sv\/wp-content\/themes\/alcoa-wheels\/assets\/build\/js\/blocks\/card-usecase-1\/..\/..\/..\/images\/placeholder-image.db2b4d5c.jpeg\" alt=\"F\u00e4lgsortiment\"\/><div class=\"card-box-v1__box__inner pos-abs\"><div class=\"card-box-v1__box_icon\"><img loading=\"lazy\" decoding=\"async\" width=\"169\" height=\"169\" src=\"https:\/\/www.alcoawheels.com\/europe\/cs\/wp-content\/uploads\/sites\/9\/2023\/06\/product-search.png\" alt=\"\"\/><\/div><div class=\"card-box-v1__box_content\"><h4 style=\"color:#ffffff\">F\u00e4lgsortiment<\/h4><\/div><div class=\"btn-wrap\"><\/div><\/div><a href=\"\/europe\/sv\/falgsortiment\" aria-label=\"F\u00e4lgsortiment\"><\/a><\/div><div class=\"card-box-v1__box  with-link \" style=\"background-color:#00afb9\"><img decoding=\"async\" src=\"https:\/\/www.alcoawheels.com\/europe\/sv\/wp-content\/themes\/alcoa-wheels\/assets\/build\/js\/blocks\/card-usecase-1\/..\/..\/..\/images\/placeholder-image.db2b4d5c.jpeg\" alt=\"\u00c5terf\u00f6rs\u00e4ljare\"\/><div class=\"card-box-v1__box__inner pos-abs\"><div class=\"card-box-v1__box_icon\"><img loading=\"lazy\" decoding=\"async\" width=\"169\" height=\"169\" src=\"https:\/\/www.alcoawheels.com\/europe\/cs\/wp-content\/uploads\/sites\/9\/2023\/06\/where-to-buy.png\" alt=\"\"\/><\/div><div class=\"card-box-v1__box_content\"><h4 style=\"color:#ffffff\">\u00c5terf\u00f6rs\u00e4ljare<\/h4><\/div><div class=\"btn-wrap\"><\/div><\/div><a href=\"\/europe\/sv\/aterforsaljare\" aria-label=\"\u00c5terf\u00f6rs\u00e4ljare\"><\/a><\/div><div class=\"card-box-v1__box  with-link \" style=\"background-color:#34bfc7\"><img decoding=\"async\" src=\"https:\/\/www.alcoawheels.com\/europe\/sv\/wp-content\/themes\/alcoa-wheels\/assets\/build\/js\/blocks\/card-usecase-1\/..\/..\/..\/images\/placeholder-image.db2b4d5c.jpeg\" alt=\"Produktdokumentation\"\/><div class=\"card-box-v1__box__inner pos-abs\"><div class=\"card-box-v1__box_icon\"><img loading=\"lazy\" decoding=\"async\" width=\"169\" height=\"169\" src=\"https:\/\/www.alcoawheels.com\/europe\/cs\/wp-content\/uploads\/sites\/9\/2023\/06\/product-literature.png\" alt=\"\"\/><\/div><div class=\"card-box-v1__box_content\"><h4 style=\"color:#ffffff\">Produktdokumentation<\/h4><\/div><div class=\"btn-wrap\"><\/div><\/div><a href=\"\/europe\/sv\/produktdokumentation\" aria-label=\"Produktdokumentation\"><\/a><\/div><\/div><\/div><\/div>\n","protected":false},"excerpt":{"rendered":"<p>Varf\u00f6r anv\u00e4nda tillbeh\u00f6rsprodukter f\u00f6r Alcoa\u00ae-f\u00e4lgar? Att underh\u00e5lla dina Alcoa\u00ae-aluminiumf\u00e4lgar och h\u00e5lla dem i b\u00e4sta m\u00f6jliga skick \u00e4r och b\u00f6r vara en av dina fr\u00e4msta prioriteringar. Alcoa\u00ae-tillbeh\u00f6rsprodukter har utvecklats och valts ut under m\u00e5nga \u00e5r f\u00f6r att hj\u00e4lpa dig h\u00e5lla dina f\u00e4lgar i b\u00e4sta m\u00f6jliga skick s\u00e5 att de h\u00e5ller s\u00e5 l\u00e4nge som m\u00f6jligt. Alla v\u00e5ra [&hellip;]<\/p>\n","protected":false},"author":44,"featured_media":481,"parent":0,"menu_order":0,"comment_status":"closed","ping_status":"closed","template":"","meta":{"_acf_changed":false,"protected_reviewer_email":"","editor_notices":[],"footnotes":""},"class_list":["post-27","page","type-page","status-publish","has-post-thumbnail","hentry"],"acf":[],"yoast_head":"<!-- This site is optimized with the Yoast SEO Premium plugin v27.3 (Yoast SEO v27.3) - https:\/\/yoast.com\/product\/yoast-seo-premium-wordpress\/ -->\n<title>Underh\u00e5ll | Alcoa Wheels<\/title>\n<meta name=\"description\" content=\"Tillbeh\u00f6rsprodukter f\u00f6r att h\u00e5lla Alcoa\u00ae-f\u00e4lgar i b\u00e4sta m\u00f6jliga skick. Vi erbjuder HUBgrease, VALVEgrease, Discmates, borstrondeller och dynor.\" \/>\n<meta name=\"robots\" content=\"index, follow, max-snippet:-1, max-image-preview:large, max-video-preview:-1\" \/>\n<link rel=\"canonical\" href=\"https:\/\/www.alcoawheels.com\/europe\/sv\/underhall\/\" \/>\n<meta property=\"og:locale\" content=\"en_US\" \/>\n<meta property=\"og:type\" content=\"article\" \/>\n<meta property=\"og:title\" content=\"Underh\u00e5ll\" \/>\n<meta property=\"og:description\" content=\"Tillbeh\u00f6rsprodukter f\u00f6r att h\u00e5lla Alcoa\u00ae-f\u00e4lgar i b\u00e4sta m\u00f6jliga skick. Vi erbjuder HUBgrease, VALVEgrease, Discmates, borstrondeller och dynor.\" \/>\n<meta property=\"og:url\" content=\"https:\/\/www.alcoawheels.com\/europe\/sv\/underhall\/\" \/>\n<meta property=\"og:site_name\" content=\"Europe Swedish\" \/>\n<meta property=\"article:modified_time\" content=\"2025-01-31T16:00:09+00:00\" \/>\n<meta property=\"og:image\" content=\"https:\/\/www.alcoawheels.com\/europe\/sv\/wp-content\/uploads\/sites\/23\/2023\/06\/maintenance-Hubgrease-thumbnail.jpg\" \/>\n\t<meta property=\"og:image:width\" content=\"450\" \/>\n\t<meta property=\"og:image:height\" content=\"300\" \/>\n\t<meta property=\"og:image:type\" content=\"image\/jpeg\" \/>\n<meta name=\"twitter:card\" content=\"summary_large_image\" \/>\n<meta name=\"twitter:label1\" content=\"Est. reading time\" \/>\n\t<meta name=\"twitter:data1\" content=\"4 minutes\" \/>\n<script type=\"application\/ld+json\" class=\"yoast-schema-graph\">{\"@context\":\"https:\\\/\\\/schema.org\",\"@graph\":[{\"@type\":\"WebPage\",\"@id\":\"https:\\\/\\\/www.alcoawheels.com\\\/europe\\\/sv\\\/underhall\\\/\",\"url\":\"https:\\\/\\\/www.alcoawheels.com\\\/europe\\\/sv\\\/underhall\\\/\",\"name\":\"Underh\u00e5ll | Alcoa Wheels\",\"isPartOf\":{\"@id\":\"https:\\\/\\\/www.alcoawheels.com\\\/europe\\\/sv\\\/#website\"},\"primaryImageOfPage\":{\"@id\":\"https:\\\/\\\/www.alcoawheels.com\\\/europe\\\/sv\\\/underhall\\\/#primaryimage\"},\"image\":{\"@id\":\"https:\\\/\\\/www.alcoawheels.com\\\/europe\\\/sv\\\/underhall\\\/#primaryimage\"},\"thumbnailUrl\":\"https:\\\/\\\/www.alcoawheels.com\\\/europe\\\/sv\\\/wp-content\\\/uploads\\\/sites\\\/23\\\/2023\\\/06\\\/maintenance-Hubgrease-thumbnail.jpg\",\"datePublished\":\"2023-05-26T15:09:48+00:00\",\"dateModified\":\"2025-01-31T16:00:09+00:00\",\"description\":\"Tillbeh\u00f6rsprodukter f\u00f6r att h\u00e5lla Alcoa\u00ae-f\u00e4lgar i b\u00e4sta m\u00f6jliga skick. Vi erbjuder HUBgrease, VALVEgrease, Discmates, borstrondeller och dynor.\",\"breadcrumb\":{\"@id\":\"https:\\\/\\\/www.alcoawheels.com\\\/europe\\\/sv\\\/underhall\\\/#breadcrumb\"},\"inLanguage\":\"en-US\",\"potentialAction\":[{\"@type\":\"ReadAction\",\"target\":[\"https:\\\/\\\/www.alcoawheels.com\\\/europe\\\/sv\\\/underhall\\\/\"]}]},{\"@type\":\"ImageObject\",\"inLanguage\":\"en-US\",\"@id\":\"https:\\\/\\\/www.alcoawheels.com\\\/europe\\\/sv\\\/underhall\\\/#primaryimage\",\"url\":\"https:\\\/\\\/www.alcoawheels.com\\\/europe\\\/sv\\\/wp-content\\\/uploads\\\/sites\\\/23\\\/2023\\\/06\\\/maintenance-Hubgrease-thumbnail.jpg\",\"contentUrl\":\"https:\\\/\\\/www.alcoawheels.com\\\/europe\\\/sv\\\/wp-content\\\/uploads\\\/sites\\\/23\\\/2023\\\/06\\\/maintenance-Hubgrease-thumbnail.jpg\",\"width\":450,\"height\":300,\"caption\":\"HUBgrease\"},{\"@type\":\"BreadcrumbList\",\"@id\":\"https:\\\/\\\/www.alcoawheels.com\\\/europe\\\/sv\\\/underhall\\\/#breadcrumb\",\"itemListElement\":[{\"@type\":\"ListItem\",\"position\":1,\"name\":\"Home\",\"item\":\"https:\\\/\\\/www.alcoawheels.com\\\/europe\\\/sv\\\/\"},{\"@type\":\"ListItem\",\"position\":2,\"name\":\"Underh\u00e5ll\"}]},{\"@type\":\"WebSite\",\"@id\":\"https:\\\/\\\/www.alcoawheels.com\\\/europe\\\/sv\\\/#website\",\"url\":\"https:\\\/\\\/www.alcoawheels.com\\\/europe\\\/sv\\\/\",\"name\":\"Europe Swedish\",\"description\":\"\",\"publisher\":{\"@id\":\"https:\\\/\\\/www.alcoawheels.com\\\/europe\\\/sv\\\/#organization\"},\"potentialAction\":[{\"@type\":\"SearchAction\",\"target\":{\"@type\":\"EntryPoint\",\"urlTemplate\":\"https:\\\/\\\/www.alcoawheels.com\\\/europe\\\/sv\\\/?s={search_term_string}\"},\"query-input\":{\"@type\":\"PropertyValueSpecification\",\"valueRequired\":true,\"valueName\":\"search_term_string\"}}],\"inLanguage\":\"en-US\"},{\"@type\":\"Organization\",\"@id\":\"https:\\\/\\\/www.alcoawheels.com\\\/europe\\\/sv\\\/#organization\",\"name\":\"Europe Swedish\",\"url\":\"https:\\\/\\\/www.alcoawheels.com\\\/europe\\\/sv\\\/\",\"logo\":{\"@type\":\"ImageObject\",\"inLanguage\":\"en-US\",\"@id\":\"https:\\\/\\\/www.alcoawheels.com\\\/europe\\\/sv\\\/#\\\/schema\\\/logo\\\/image\\\/\",\"url\":\"https:\\\/\\\/www.alcoawheels.com\\\/europe\\\/sv\\\/wp-content\\\/uploads\\\/sites\\\/23\\\/2023\\\/05\\\/logo-black.gif\",\"contentUrl\":\"https:\\\/\\\/www.alcoawheels.com\\\/europe\\\/sv\\\/wp-content\\\/uploads\\\/sites\\\/23\\\/2023\\\/05\\\/logo-black.gif\",\"width\":71,\"height\":64,\"caption\":\"Europe Swedish\"},\"image\":{\"@id\":\"https:\\\/\\\/www.alcoawheels.com\\\/europe\\\/sv\\\/#\\\/schema\\\/logo\\\/image\\\/\"}}]}<\/script>\n<!-- \/ Yoast SEO Premium plugin. -->","yoast_head_json":{"title":"Underh\u00e5ll | Alcoa Wheels","description":"Tillbeh\u00f6rsprodukter f\u00f6r att h\u00e5lla Alcoa\u00ae-f\u00e4lgar i b\u00e4sta m\u00f6jliga skick. Vi erbjuder HUBgrease, VALVEgrease, Discmates, borstrondeller och dynor.","robots":{"index":"index","follow":"follow","max-snippet":"max-snippet:-1","max-image-preview":"max-image-preview:large","max-video-preview":"max-video-preview:-1"},"canonical":"https:\/\/www.alcoawheels.com\/europe\/sv\/underhall\/","og_locale":"en_US","og_type":"article","og_title":"Underh\u00e5ll","og_description":"Tillbeh\u00f6rsprodukter f\u00f6r att h\u00e5lla Alcoa\u00ae-f\u00e4lgar i b\u00e4sta m\u00f6jliga skick. Vi erbjuder HUBgrease, VALVEgrease, Discmates, borstrondeller och dynor.","og_url":"https:\/\/www.alcoawheels.com\/europe\/sv\/underhall\/","og_site_name":"Europe Swedish","article_modified_time":"2025-01-31T16:00:09+00:00","og_image":[{"width":450,"height":300,"url":"https:\/\/www.alcoawheels.com\/europe\/sv\/wp-content\/uploads\/sites\/23\/2023\/06\/maintenance-Hubgrease-thumbnail.jpg","type":"image\/jpeg"}],"twitter_card":"summary_large_image","twitter_misc":{"Est. reading time":"4 minutes"},"schema":{"@context":"https:\/\/schema.org","@graph":[{"@type":"WebPage","@id":"https:\/\/www.alcoawheels.com\/europe\/sv\/underhall\/","url":"https:\/\/www.alcoawheels.com\/europe\/sv\/underhall\/","name":"Underh\u00e5ll | Alcoa Wheels","isPartOf":{"@id":"https:\/\/www.alcoawheels.com\/europe\/sv\/#website"},"primaryImageOfPage":{"@id":"https:\/\/www.alcoawheels.com\/europe\/sv\/underhall\/#primaryimage"},"image":{"@id":"https:\/\/www.alcoawheels.com\/europe\/sv\/underhall\/#primaryimage"},"thumbnailUrl":"https:\/\/www.alcoawheels.com\/europe\/sv\/wp-content\/uploads\/sites\/23\/2023\/06\/maintenance-Hubgrease-thumbnail.jpg","datePublished":"2023-05-26T15:09:48+00:00","dateModified":"2025-01-31T16:00:09+00:00","description":"Tillbeh\u00f6rsprodukter f\u00f6r att h\u00e5lla Alcoa\u00ae-f\u00e4lgar i b\u00e4sta m\u00f6jliga skick. Vi erbjuder HUBgrease, VALVEgrease, Discmates, borstrondeller och dynor.","breadcrumb":{"@id":"https:\/\/www.alcoawheels.com\/europe\/sv\/underhall\/#breadcrumb"},"inLanguage":"en-US","potentialAction":[{"@type":"ReadAction","target":["https:\/\/www.alcoawheels.com\/europe\/sv\/underhall\/"]}]},{"@type":"ImageObject","inLanguage":"en-US","@id":"https:\/\/www.alcoawheels.com\/europe\/sv\/underhall\/#primaryimage","url":"https:\/\/www.alcoawheels.com\/europe\/sv\/wp-content\/uploads\/sites\/23\/2023\/06\/maintenance-Hubgrease-thumbnail.jpg","contentUrl":"https:\/\/www.alcoawheels.com\/europe\/sv\/wp-content\/uploads\/sites\/23\/2023\/06\/maintenance-Hubgrease-thumbnail.jpg","width":450,"height":300,"caption":"HUBgrease"},{"@type":"BreadcrumbList","@id":"https:\/\/www.alcoawheels.com\/europe\/sv\/underhall\/#breadcrumb","itemListElement":[{"@type":"ListItem","position":1,"name":"Home","item":"https:\/\/www.alcoawheels.com\/europe\/sv\/"},{"@type":"ListItem","position":2,"name":"Underh\u00e5ll"}]},{"@type":"WebSite","@id":"https:\/\/www.alcoawheels.com\/europe\/sv\/#website","url":"https:\/\/www.alcoawheels.com\/europe\/sv\/","name":"Europe Swedish","description":"","publisher":{"@id":"https:\/\/www.alcoawheels.com\/europe\/sv\/#organization"},"potentialAction":[{"@type":"SearchAction","target":{"@type":"EntryPoint","urlTemplate":"https:\/\/www.alcoawheels.com\/europe\/sv\/?s={search_term_string}"},"query-input":{"@type":"PropertyValueSpecification","valueRequired":true,"valueName":"search_term_string"}}],"inLanguage":"en-US"},{"@type":"Organization","@id":"https:\/\/www.alcoawheels.com\/europe\/sv\/#organization","name":"Europe Swedish","url":"https:\/\/www.alcoawheels.com\/europe\/sv\/","logo":{"@type":"ImageObject","inLanguage":"en-US","@id":"https:\/\/www.alcoawheels.com\/europe\/sv\/#\/schema\/logo\/image\/","url":"https:\/\/www.alcoawheels.com\/europe\/sv\/wp-content\/uploads\/sites\/23\/2023\/05\/logo-black.gif","contentUrl":"https:\/\/www.alcoawheels.com\/europe\/sv\/wp-content\/uploads\/sites\/23\/2023\/05\/logo-black.gif","width":71,"height":64,"caption":"Europe Swedish"},"image":{"@id":"https:\/\/www.alcoawheels.com\/europe\/sv\/#\/schema\/logo\/image\/"}}]}},"parsely":{"version":"1.1.0","canonical_url":"https:\/\/alcoawheels.com\/europe\/sv\/underhall\/","smart_links":{"inbound":0,"outbound":0},"traffic_boost_suggestions_count":0,"meta":{"@context":"https:\/\/schema.org","@type":"WebPage","headline":"Underh\u00e5ll","url":"http:\/\/www.alcoawheels.com\/europe\/sv\/underhall\/","mainEntityOfPage":{"@type":"WebPage","@id":"http:\/\/www.alcoawheels.com\/europe\/sv\/underhall\/"},"thumbnailUrl":"https:\/\/www.alcoawheels.com\/europe\/sv\/wp-content\/uploads\/sites\/23\/2023\/06\/maintenance-Hubgrease-thumbnail.jpg?w=150&h=150&crop=1","image":{"@type":"ImageObject","url":"https:\/\/www.alcoawheels.com\/europe\/sv\/wp-content\/uploads\/sites\/23\/2023\/06\/maintenance-Hubgrease-thumbnail.jpg"},"articleSection":"Uncategorized","author":[{"@type":"Person","name":"howmet"}],"creator":["howmet"],"publisher":{"@type":"Organization","name":"Europe Swedish","logo":""},"keywords":[],"dateCreated":"2023-05-26T15:09:48Z","datePublished":"2023-05-26T15:09:48Z","dateModified":"2025-01-31T16:00:09Z"},"rendered":"<script type=\"application\/ld+json\" class=\"wp-parsely-metadata\">{\"@context\":\"https:\\\/\\\/schema.org\",\"@type\":\"WebPage\",\"headline\":\"Underh\\u00e5ll\",\"url\":\"http:\\\/\\\/www.alcoawheels.com\\\/europe\\\/sv\\\/underhall\\\/\",\"mainEntityOfPage\":{\"@type\":\"WebPage\",\"@id\":\"http:\\\/\\\/www.alcoawheels.com\\\/europe\\\/sv\\\/underhall\\\/\"},\"thumbnailUrl\":\"https:\\\/\\\/www.alcoawheels.com\\\/europe\\\/sv\\\/wp-content\\\/uploads\\\/sites\\\/23\\\/2023\\\/06\\\/maintenance-Hubgrease-thumbnail.jpg?w=150&h=150&crop=1\",\"image\":{\"@type\":\"ImageObject\",\"url\":\"https:\\\/\\\/www.alcoawheels.com\\\/europe\\\/sv\\\/wp-content\\\/uploads\\\/sites\\\/23\\\/2023\\\/06\\\/maintenance-Hubgrease-thumbnail.jpg\"},\"articleSection\":\"Uncategorized\",\"author\":[{\"@type\":\"Person\",\"name\":\"howmet\"}],\"creator\":[\"howmet\"],\"publisher\":{\"@type\":\"Organization\",\"name\":\"Europe Swedish\",\"logo\":\"\"},\"keywords\":[],\"dateCreated\":\"2023-05-26T15:09:48Z\",\"datePublished\":\"2023-05-26T15:09:48Z\",\"dateModified\":\"2025-01-31T16:00:09Z\"}<\/script>","tracker_url":"https:\/\/cdn.parsely.com\/keys\/alcoawheels.com\/p.js"},"jetpack_sharing_enabled":true,"_links":{"self":[{"href":"https:\/\/www.alcoawheels.com\/europe\/sv\/wp-json\/wp\/v2\/pages\/27","targetHints":{"allow":["GET"]}}],"collection":[{"href":"https:\/\/www.alcoawheels.com\/europe\/sv\/wp-json\/wp\/v2\/pages"}],"about":[{"href":"https:\/\/www.alcoawheels.com\/europe\/sv\/wp-json\/wp\/v2\/types\/page"}],"author":[{"embeddable":true,"href":"https:\/\/www.alcoawheels.com\/europe\/sv\/wp-json\/wp\/v2\/users\/44"}],"replies":[{"embeddable":true,"href":"https:\/\/www.alcoawheels.com\/europe\/sv\/wp-json\/wp\/v2\/comments?post=27"}],"version-history":[{"count":11,"href":"https:\/\/www.alcoawheels.com\/europe\/sv\/wp-json\/wp\/v2\/pages\/27\/revisions"}],"predecessor-version":[{"id":2341,"href":"https:\/\/www.alcoawheels.com\/europe\/sv\/wp-json\/wp\/v2\/pages\/27\/revisions\/2341"}],"wp:featuredmedia":[{"embeddable":true,"href":"https:\/\/www.alcoawheels.com\/europe\/sv\/wp-json\/wp\/v2\/media\/481"}],"wp:attachment":[{"href":"https:\/\/www.alcoawheels.com\/europe\/sv\/wp-json\/wp\/v2\/media?parent=27"}],"curies":[{"name":"wp","href":"https:\/\/api.w.org\/{rel}","templated":true}]}}