{"id":55,"date":"2023-05-26T15:17:16","date_gmt":"2023-05-26T15:17:16","guid":{"rendered":"https:\/\/www.alcoawheels.com\/europe\/sv\/?page_id=55"},"modified":"2023-08-24T12:04:23","modified_gmt":"2023-08-24T09:04:23","slug":"prenumerera","status":"publish","type":"page","link":"https:\/\/www.alcoawheels.com\/europe\/sv\/prenumerera\/","title":{"rendered":"Prenumerera"},"content":{"rendered":"\n<div style=\"height:50px\" aria-hidden=\"true\" class=\"wp-block-spacer spacer-fifty\"><\/div>\n\n\n\t\t\t<div class= \"wp-block-contact-form individual alcoawheels-contact-form\">\n\t\t\t\t<h1><strong>Prenumerera<\/strong><\/h1>\n\t\t\t\t<div class=\"recaptcha-onetrust-placeholder alert alert-danger\" role=\"alert\">\n\t\t\t\t\t<p class=\"text-danger\"><strong>This website requires Google reCAPTCHA verification to submit inquiry forms. Please <a class=\"optanon-toggle-display\">accept<\/a> cookies in order to view the verification module. You may need to refresh your browser window afterwards.<\/strong><\/p>\r\n\r\n<p class=\"text-danger\"><strong><a href=\"https:\/\/support.google.com\/recaptcha\/?hl=sv\" target=\"_blank\" class=\"with_arrow btn-main btn-link-left-arrow\">reCAPTCHA User Resources<\/a><\/strong><\/p>\t\t\t\t<\/div>\n\t\t\t\t\t<p>Fyll i formul\u00e4ret f\u00f6r att prenumerera och f\u00e5 mer information om v\u00e5ra produkter.<\/p>\n\t\t\t\t\t\t\t\t\t<form id=\"form1\" name=\"form1\" class=\"contact-form\" action=\"https:\/\/www.alcoawheels.com\/europe\/sv\/prenumerera\/\" method=\"POST\" enctype=\"multipart\/form-data\">\n\t\t\t\t\t<input type=\"hidden\" id=\"form_sitekey\" value=\"6LdJA48nAAAAAOWAQLoNB5JjwSJ1bDI0SoyIZqhW\">\n\t\t\t\t\t<input type=\"hidden\" name=\"form_id\" value=\"1590\">\n\t\t\t\t\t\t\t\t\t\t<input type=\"hidden\" name=\"page_url\" value=\"https:\/\/www.alcoawheels.com\/europe\/sv\/prenumerera\/\">\n\t\t\t\t\t<input type=\"hidden\" name=\"referer_url\" value=\"\">\n\t\t\t\t\t<input type=\"hidden\" name=\"contact_page_id\" value=\"55\">\n\t\t\t\t\t<input type=\"hidden\" name=\"site_id\" value=\"23\">\n\t\t\t\t\t<input type=\"hidden\" name=\"to_emails\" value=\"info.wheels@howmet.com\">\n\t\t\t\t\t<input type=\"hidden\" name=\"action\" value=\"contact_form_response\">\n\t\t\t\t\t<input type=\"hidden\" name=\"contact_form_nonce\" value=\"8afa682036\">\n\t\t\t\t\t\t\t\t\t\t\t\t\t<div class=\"field-wrap required\">\n\t\t\t\t\t\t\t\t\t<div class=\"field-container\">\n\t\t\t\t\t\t\t\t\t\t<label class=\"field-label\" for=\"first_name\">*F\u00f6rnamn<\/label>\n\t\t\t\t\t\t\t\t\t\t \n\t\t\t\t\t\t\t\t\t\t<input type=\"text\" name=\"first_name\" id=\"first_name\" value=\"\">\n\t\t\t\t\t\t\t\t\t\t\t\t\t\t\t\t\t\t\t<\/div>\n\t\t\t\t\t\t\t\t<\/div>\n\t\t\t\t\t\t\t\t\t\t\t\t\t\t\t<div class=\"field-wrap required\">\n\t\t\t\t\t\t\t\t\t<div class=\"field-container\">\n\t\t\t\t\t\t\t\t\t\t<label class=\"field-label\" for=\"last_name\">*Efternamn<\/label>\n\t\t\t\t\t\t\t\t\t\t \n\t\t\t\t\t\t\t\t\t\t<input type=\"text\" name=\"last_name\" id=\"last_name\" value=\"\">\n\t\t\t\t\t\t\t\t\t\t\t\t\t\t\t\t\t\t\t<\/div>\n\t\t\t\t\t\t\t\t<\/div>\n\t\t\t\t\t\t\t\t\t\t\t\t\t\t\t<div class=\"field-wrap\">\n\t\t\t\t\t\t\t\t\t<div class=\"field-container\">\n\t\t\t\t\t\t\t\t\t\t<label class=\"field-label\" for=\"title\">Titel<\/label>\n\t\t\t\t\t\t\t\t\t\t \n\t\t\t\t\t\t\t\t\t\t<input type=\"text\" name=\"title\" id=\"title\" value=\"\">\n\t\t\t\t\t\t\t\t\t\t\t\t\t\t\t\t\t\t\t<\/div>\n\t\t\t\t\t\t\t\t<\/div>\n\t\t\t\t\t\t\t\t\t\t\t\t\t\t\t<div class=\"field-wrap required\">\n\t\t\t\t\t\t\t\t\t<div class=\"field-container\">\n\t\t\t\t\t\t\t\t\t\t<label class=\"field-label\" for=\"company\">*F\u00f6retagsnamn<\/label>\n\t\t\t\t\t\t\t\t\t\t \n\t\t\t\t\t\t\t\t\t\t<input type=\"text\" name=\"company\" id=\"company\" value=\"\">\n\t\t\t\t\t\t\t\t\t\t\t\t\t\t\t\t\t\t\t<\/div>\n\t\t\t\t\t\t\t\t<\/div>\n\t\t\t\t\t\t\t\t\t\t\t\t\t\t\t<div class=\"field-wrap required\">\n\t\t\t\t\t\t\t\t\t<div class=\"field-container\">\n\t\t\t\t\t\t\t\t\t\t<label class=\"field-label\" for=\"address1\">*Adressrad 1<\/label>\n\t\t\t\t\t\t\t\t\t\t \n\t\t\t\t\t\t\t\t\t\t<input type=\"text\" name=\"address1\" id=\"address1\" value=\"\">\n\t\t\t\t\t\t\t\t\t\t\t\t\t\t\t\t\t\t\t<\/div>\n\t\t\t\t\t\t\t\t<\/div>\n\t\t\t\t\t\t\t\t\t\t\t\t\t\t\t<div class=\"field-wrap\">\n\t\t\t\t\t\t\t\t\t<div class=\"field-container\">\n\t\t\t\t\t\t\t\t\t\t<label class=\"field-label\" for=\"address2\">Adressrad 2<\/label>\n\t\t\t\t\t\t\t\t\t\t \n\t\t\t\t\t\t\t\t\t\t<input type=\"text\" name=\"address2\" id=\"address2\" value=\"\">\n\t\t\t\t\t\t\t\t\t\t\t\t\t\t\t\t\t\t\t<\/div>\n\t\t\t\t\t\t\t\t<\/div>\n\t\t\t\t\t\t\t\t\t\t\t\t\t\t\t<div class=\"field-wrap required\">\n\t\t\t\t\t\t\t\t\t<div class=\"field-container\">\n\t\t\t\t\t\t\t\t\t\t<label class=\"field-label\" for=\"city\">*Ort<\/label>\n\t\t\t\t\t\t\t\t\t\t \n\t\t\t\t\t\t\t\t\t\t<input type=\"text\" name=\"city\" id=\"city\" value=\"\">\n\t\t\t\t\t\t\t\t\t\t\t\t\t\t\t\t\t\t\t<\/div>\n\t\t\t\t\t\t\t\t<\/div>\n\t\t\t\t\t\t\t\t\t\t\t\t\t\t\t<div class=\"field-wrap required\">\n\t\t\t\t\t\t\t\t\t<div class=\"field-container\">\n\t\t\t\t\t\t\t\t\t\t<label class=\"field-label\" for=\"postal_code\">*Postnummer<\/label>\n\t\t\t\t\t\t\t\t\t\t \n\t\t\t\t\t\t\t\t\t\t<input type=\"text\" name=\"postal_code\" id=\"postal_code\" value=\"\">\n\t\t\t\t\t\t\t\t\t\t\t\t\t\t\t\t\t\t\t<\/div>\n\t\t\t\t\t\t\t\t<\/div>\n\t\t\t\t\t\t\t\t\t\t\t\t\t\t\t<div class=\"field-wrap required\">\n\t\t\t\t\t\t\t\t\t<div class=\"field-container\">\n\t\t\t\t\t\t\t\t\t\t<label class=\"field-label\" for=\"country\">*Land<\/label>\n\t\t\t\t\t\t\t\t\t\t \n\t\t\t\t\t\t\t\t\t\t<input type=\"text\" name=\"country\" id=\"country\" value=\"\">\n\t\t\t\t\t\t\t\t\t\t\t\t\t\t\t\t\t\t\t<\/div>\n\t\t\t\t\t\t\t\t<\/div>\n\t\t\t\t\t\t\t\t\t\t\t\t\t\t\t<div class=\"field-wrap\">\n\t\t\t\t\t\t\t\t\t<div class=\"field-container\">\n\t\t\t\t\t\t\t\t\t\t<label class=\"field-label\" for=\"phone\">Tel-nummer<\/label>\n\t\t\t\t\t\t\t\t\t\t \n\t\t\t\t\t\t\t\t\t\t<input type=\"text\" name=\"phone\" id=\"phone\" value=\"\">\n\t\t\t\t\t\t\t\t\t\t\t\t\t\t\t\t\t\t\t<\/div>\n\t\t\t\t\t\t\t\t<\/div>\n\t\t\t\t\t\t\t\t\t\t\t\t\t\t\t<div class=\"field-wrap required\">\n\t\t\t\t\t\t\t\t\t<div class=\"field-container\">\n\t\t\t\t\t\t\t\t\t\t<label class=\"field-label\" for=\"email\">*E-postadress<\/label>\n\t\t\t\t\t\t\t\t\t\t \n\t\t\t\t\t\t\t\t\t\t<input type=\"email\" name=\"email\" id=\"email\" value=\"\">\n\t\t\t\t\t\t\t\t\t\t\t\t\t\t\t\t\t\t\t<\/div>\n\t\t\t\t\t\t\t\t<\/div>\n\t\t\t\t\t\t\t\t\t\t\t\t\t\t\t\t<div class=\"field-wrap required\">\n\t\t\t\t\t\t\t\t\t\t\t<div class=\"field-container\">\n\t\t\t\t\t\t\t\t\t\t\t\t<label class=\"field-label\" for=\"activity\">*Verksamhet<\/label>\n\t\t\t\t\t\t\t\t\t\t\t\t<select name=\"activity\" id=\"activity\">\n\t\t\t\t\t\t\t\t\t\t\t\t\t\t\t\t\t\t\t\t\t\t\t\t\t\t<option value=\"\" >[V\u00e4lj en verksamhet]<\/option>\n\t\t\t\t\t\t\t\t\t\t\t\t\t\t\t\t\t\t\t\t\t\t\t\t\t\t\t<option value=\"Buss\u00e5terf\u00f6rs\u00e4ljare\" >Buss\u00e5terf\u00f6rs\u00e4ljare<\/option>\n\t\t\t\t\t\t\t\t\t\t\t\t\t\t\t\t\t\t\t\t\t\t\t\t\t\t\t<option value=\"OEM-tillverkare av bussar\" >OEM-tillverkare av bussar<\/option>\n\t\t\t\t\t\t\t\t\t\t\t\t\t\t\t\t\t\t\t\t\t\t\t\t\t\t\t<option value=\"\u00c5keri\" >\u00c5keri<\/option>\n\t\t\t\t\t\t\t\t\t\t\t\t\t\t\t\t\t\t\t\t\t\t\t\t\t\t\t<option value=\"Annat\" >Annat<\/option>\n\t\t\t\t\t\t\t\t\t\t\t\t\t\t\t\t\t\t\t\t\t\t\t\t\t\t\t<option value=\"D\u00e4ck\u00e5terf\u00f6rs\u00e4ljare\" >D\u00e4ck\u00e5terf\u00f6rs\u00e4ljare<\/option>\n\t\t\t\t\t\t\t\t\t\t\t\t\t\t\t\t\t\t\t\t\t\t\t\t\t\t\t<option value=\"OEM-tillverkare av d\u00e4ck\" >OEM-tillverkare av d\u00e4ck<\/option>\n\t\t\t\t\t\t\t\t\t\t\t\t\t\t\t\t\t\t\t\t\t\t\t\t\t\t\t<option value=\"Trailer\u00e5terf\u00f6rs\u00e4ljare\" >Trailer\u00e5terf\u00f6rs\u00e4ljare<\/option>\n\t\t\t\t\t\t\t\t\t\t\t\t\t\t\t\t\t\t\t\t\t\t\t\t\t\t\t<option value=\"OEM-tillverkare av trailers\" >OEM-tillverkare av trailers<\/option>\n\t\t\t\t\t\t\t\t\t\t\t\t\t\t\t\t\t\t\t\t\t\t\t\t\t\t\t<option value=\"Lastbils\u00e5terf\u00f6rs\u00e4ljare\" >Lastbils\u00e5terf\u00f6rs\u00e4ljare<\/option>\n\t\t\t\t\t\t\t\t\t\t\t\t\t\t\t\t\t\t\t\t\t\t\t\t\t\t\t<option value=\"OEM-\u00e5terf\u00f6rs\u00e4ljare av lastbilar\" >OEM-\u00e5terf\u00f6rs\u00e4ljare av lastbilar<\/option>\n\t\t\t\t\t\t\t\t\t\t\t\t\t\t\t\t\t\t\t\t\t\t\t\t\t<\/select>\n\t\t\t\t\t\t\t\t\t\t\t<\/div>\n\t\t\t\t\t\t\t\t\t<\/div>\n\t\t\t\t\t\t\t\t\t\t\t\t\t\t\t\t\t<div class=\"field-wrap\">\n\t\t\t\t\t\t\t\t\t\t\t<div class=\"field-container\">\n\t\t\t\t\t\t\t\t\t\t\t\t<label class=\"field-label\" for=\"activity_segment\">Verksamhetssegment<\/label>\n\t\t\t\t\t\t\t\t\t\t\t\t<select name=\"activity_segment\" id=\"activity_segment\">\n\t\t\t\t\t\t\t\t\t\t\t\t\t\t\t\t\t\t\t\t\t\t\t\t\t\t<option value=\"\" >[V\u00e4lj ett segment]<\/option>\n\t\t\t\t\t\t\t\t\t\t\t\t\t\t\t\t\t\t\t\t\t\t\t\t\t\t\t<option value=\"Stadsbussar\" >Stadsbussar<\/option>\n\t\t\t\t\t\t\t\t\t\t\t\t\t\t\t\t\t\t\t\t\t\t\t\t\t\t\t<option value=\"L\u00e5ngf\u00e4rdsbussar\" >L\u00e5ngf\u00e4rdsbussar<\/option>\n\t\t\t\t\t\t\t\t\t\t\t\t\t\t\t\t\t\t\t\t\t\t\t\t\t\t\t<option value=\"Entreprenadmaskiner\" >Entreprenadmaskiner<\/option>\n\t\t\t\t\t\t\t\t\t\t\t\t\t\t\t\t\t\t\t\t\t\t\t\t\t\t\t<option value=\"Containerbilar\" >Containerbilar<\/option>\n\t\t\t\t\t\t\t\t\t\t\t\t\t\t\t\t\t\t\t\t\t\t\t\t\t\t\t<option value=\"Allm\u00e4nt gods\" >Allm\u00e4nt gods<\/option>\n\t\t\t\t\t\t\t\t\t\t\t\t\t\t\t\t\t\t\t\t\t\t\t\t\t\t\t<option value=\"Intercitybussar\" >Intercitybussar<\/option>\n\t\t\t\t\t\t\t\t\t\t\t\t\t\t\t\t\t\t\t\t\t\t\t\t\t\t\t<option value=\"Annat\" >Annat<\/option>\n\t\t\t\t\t\t\t\t\t\t\t\t\t\t\t\t\t\t\t\t\t\t\t\t\t\t\t<option value=\"F\u00f6r kyltransporter\" >F\u00f6r kyltransporter<\/option>\n\t\t\t\t\t\t\t\t\t\t\t\t\t\t\t\t\t\t\t\t\t\t\t\t\t\t\t<option value=\"Fasta bulkmaterial\" >Fasta bulkmaterial<\/option>\n\t\t\t\t\t\t\t\t\t\t\t\t\t\t\t\t\t\t\t\t\t\t\t\t\t\t\t<option value=\"Tankbilar\" >Tankbilar<\/option>\n\t\t\t\t\t\t\t\t\t\t\t\t\t\t\t\t\t\t\t\t\t\t\t\t\t<\/select>\n\t\t\t\t\t\t\t\t\t\t\t<\/div>\n\t\t\t\t\t\t\t\t\t<\/div>\n\t\t\t\t\t\t\t\t\t\t\t\t\t\t\t\t<div class=\"field-wrap required\">\n\t\t\t\t\t\t\t\t\t<div class=\"field-inner\">\n\t\t\t\t\t\t\t\t\t\t<div class=\"field-container\">\n\t\t\t\t\t\t\t\t\t\t\t<p class=\"field-label consent-label\">*Markera rutan f&ouml;r att godk&auml;nna v&aring;rt&nbsp;<a href=\"..\/sekretess\">sekretessavtal<\/a>.<\/p>\n\t\t\t\t\t\t\t\t\t\t\t<div class=\"checkbox-group\">\n\t\t\t\t\t\t\t\t\t\t\t\t<div class=\"formbuilder-checkbox\">\n\t\t\t\t\t\t\t\t\t\t\t\t\t<input name=\"consent\" id=\"consent\" type=\"checkbox\" value=\"y\" >\n\t\t\t\t\t\t\t\t\t\t\t\t\t<label for=\"consent\">Genom att skicka denna ans&ouml;kan godk&auml;nner jag att mina personuppgifter som har l&auml;mnats ovan skickas till Howmet Aerospace Inc och alla dess kontrollerade f&ouml;retag i USA och p&aring; andra h&aring;ll, till deras utomst&aring;ende avtalspartners eller agenter, samt att s&aring;dan data behandlas med syfte att besvara min ans&ouml;kan. Howmet Aerospace ska anv&auml;nda informationen endast f&ouml;r att besvara f&ouml;rfr&aring;gan och ska lagra uppgifterna endast s&aring; l&auml;nge som kr&auml;vs f&ouml;r att slutf&ouml;ra &auml;rendet. Jag intygar att jag &auml;r fullst&auml;ndigt informerad om anledningarna till bearbetning och &ouml;verf&ouml;ring av mina personuppgifter och &auml;r medveten om mina r&auml;ttigheter g&auml;llande s&aring;dan personlig information och alla g&auml;llande lagar. Om jag vid n&aring;gon tidpunkt h&auml;refter beslutar att jag vill &aring;terta ovan givna samtycke, ska jag kontakta Howmet Aerospace och meddela mitt beslut. Jag har ocks&aring; r&auml;ttighet att beg&auml;ra korrigering av felaktig information som lagras av Howmet Aerospace.<\/label>\n\t\t\t\t\t\t\t\t\t\t\t\t<\/div>\n\t\t\t\t\t\t\t\t\t\t\t<\/div>\n\t\t\t\t\t\t\t\t\t\t<\/div>\n\t\t\t\t\t\t\t\t\t<\/div>\n\t\t\t\t\t\t\t\t<\/div>\n\t\t\t\t\t\t\t\t\t\t\t\t\t\t<div class=\"field-wrap google-captcha\">\n\t\t\t\t\t\t\t\t<div class=\"field-container\">\n\t\t\t\t\t\t\t\t\t<div class=\"captcha-field\" id=\"captcha-field\">\n\t\t\t\t\t\t\t\t\t<\/div>\n\t\t\t\t\t\t\t\t\t\t\t\t\t\t\t\t\t\t<div class=\"recaptcha-onetrust-placeholder alert alert-danger\" role=\"alert\">\n\t\t\t\t\t\t\t\t\t\t<p class=\"text-danger\"><strong>This website requires Google reCAPTCHA verification to submit inquiry forms. Please <a class=\"optanon-toggle-display\">accept<\/a> cookies in order to view the verification module. You may need to refresh your browser window afterwards.<\/strong><\/p>\r\n\r\n<p class=\"text-danger\"><strong><a href=\"https:\/\/support.google.com\/recaptcha\/?hl=sv\" target=\"_blank\" class=\"with_arrow btn-main btn-link-left-arrow\">reCAPTCHA User Resources<\/a><\/strong><\/p>\t\t\t\t\t\t\t\t\t<\/div>\n\t\t\t\t\t\t\t\t\t\t\t\t\t\t\t\t\t<\/div>\n\t\t\t\t\t\t\t<\/div>\n\t\t\t\t\t\t\t\t\t\t\t\t\t\t\t<div class=\"button-wrap\">\n\t\t\t\t\t\t\t\t\t\t\t\t\t\t\t<button type=\"submit\" value=\"Skicka\" id=\"Submit1\" name=\"Submit1\" class=\"button btn btn-default\">Skicka\t\t\t\t\t\t\t\t\t\t\t\t\t\t<\/button>\n\t\t\t\t\t\t\t\t\t\t\t\t\t\t<button type=\"reset\" value=\"\u00c5terst\u00e4ll\" id=\"Reset1\" name=\"Reset1\" class=\"button btn btn-default\">\u00c5terst\u00e4ll\t\t\t\t\t\t\t\t\t\t\t\t\t\t<\/button>\n\t\t\t\t\t\t\t\t\t\t\t\t\t\t\t\t<\/div>\n\t\t\t\t\t\t\t\t\t\t\t\t\t\t\t\t<div class=\"field-wrap text\">\n\t\t\t\t\t\t\t\t<div class=\"field-container\">\n\t\t\t\t\t\t\t\t\t*Erfordras\t\t\t\t\t\t\t\t<\/div>\n\t\t\t\t\t\t\t<\/div>\n\t\t\t\t\t\t\t\t\t\t\t<\/form>\n\t\t\t<\/div>\n\t\t\t\n\n\n<div style=\"height:20px\" aria-hidden=\"true\" class=\"wp-block-spacer\"><\/div>\n\n\n\n<div class=\"wp-block-alcoa-wheels-card-usecase-1 card-box-v1__body with-icon align-center vertical-align-center\" id=\"card_box_v1-720c79d6-9553-424f-92b0-d7fac709bcea\"><div class=\"fullwidthcontainer\"><div class=\"card-box-v1__boxes has-4-columns\"><div class=\"card-box-v1__box  with-link \" style=\"background-color:#00afb9\"><img decoding=\"async\" src=\"https:\/\/www.alcoawheels.com\/europe\/sv\/wp-content\/themes\/alcoa-wheels\/assets\/build\/js\/blocks\/card-usecase-1\/..\/..\/..\/images\/placeholder-image.db2b4d5c.jpeg\" alt=\"Kontakta\"\/><div class=\"card-box-v1__box__inner pos-abs\"><div class=\"card-box-v1__box_icon\"><img loading=\"lazy\" decoding=\"async\" width=\"171\" height=\"171\" src=\"https:\/\/www.alcoawheels.com\/europe\/cs\/wp-content\/uploads\/sites\/9\/2023\/06\/contact.png\" alt=\"\"\/><\/div><div class=\"card-box-v1__box_content\"><h4 style=\"color:#ffffff\">Kontakta<\/h4><\/div><div class=\"btn-wrap\"><\/div><\/div><a href=\"\/europe\/sv\/kontakt\" aria-label=\"Kontakta\"><\/a><\/div><div class=\"card-box-v1__box  with-link \" style=\"background-color:#34bfc7\"><img decoding=\"async\" src=\"https:\/\/www.alcoawheels.com\/europe\/sv\/wp-content\/themes\/alcoa-wheels\/assets\/build\/js\/blocks\/card-usecase-1\/..\/..\/..\/images\/placeholder-image.db2b4d5c.jpeg\" alt=\"F\u00e4lgsortiment\"\/><div class=\"card-box-v1__box__inner pos-abs\"><div class=\"card-box-v1__box_icon\"><img loading=\"lazy\" decoding=\"async\" width=\"169\" height=\"169\" src=\"https:\/\/www.alcoawheels.com\/europe\/cs\/wp-content\/uploads\/sites\/9\/2023\/06\/product-search.png\" alt=\"\"\/><\/div><div class=\"card-box-v1__box_content\"><h4 style=\"color:#ffffff\">F\u00e4lgsortiment<\/h4><\/div><div class=\"btn-wrap\"><\/div><\/div><a href=\"\/europe\/sv\/falgsortiment\" aria-label=\"F\u00e4lgsortiment\"><\/a><\/div><div class=\"card-box-v1__box  with-link \" style=\"background-color:#00afb9\"><img decoding=\"async\" src=\"https:\/\/www.alcoawheels.com\/europe\/sv\/wp-content\/themes\/alcoa-wheels\/assets\/build\/js\/blocks\/card-usecase-1\/..\/..\/..\/images\/placeholder-image.db2b4d5c.jpeg\" alt=\"\u00c5terf\u00f6rs\u00e4ljare\"\/><div class=\"card-box-v1__box__inner pos-abs\"><div class=\"card-box-v1__box_icon\"><img loading=\"lazy\" decoding=\"async\" width=\"169\" height=\"169\" src=\"https:\/\/www.alcoawheels.com\/europe\/cs\/wp-content\/uploads\/sites\/9\/2023\/06\/where-to-buy.png\" alt=\"\"\/><\/div><div class=\"card-box-v1__box_content\"><h4 style=\"color:#ffffff\">\u00c5terf\u00f6rs\u00e4ljare<\/h4><\/div><div class=\"btn-wrap\"><\/div><\/div><a href=\"\/europe\/sv\/aterforsaljare\" aria-label=\"\u00c5terf\u00f6rs\u00e4ljare\"><\/a><\/div><div class=\"card-box-v1__box  with-link \" style=\"background-color:#34bfc7\"><img decoding=\"async\" src=\"https:\/\/www.alcoawheels.com\/europe\/sv\/wp-content\/themes\/alcoa-wheels\/assets\/build\/js\/blocks\/card-usecase-1\/..\/..\/..\/images\/placeholder-image.db2b4d5c.jpeg\" alt=\"Produktdokumentation\"\/><div class=\"card-box-v1__box__inner pos-abs\"><div class=\"card-box-v1__box_icon\"><img loading=\"lazy\" decoding=\"async\" width=\"169\" height=\"169\" src=\"https:\/\/www.alcoawheels.com\/europe\/cs\/wp-content\/uploads\/sites\/9\/2023\/06\/product-literature.png\" alt=\"\"\/><\/div><div class=\"card-box-v1__box_content\"><h4 style=\"color:#ffffff\">Produktdokumentation<\/h4><\/div><div class=\"btn-wrap\"><\/div><\/div><a href=\"\/europe\/sv\/produktdokumentation\" aria-label=\"Produktdokumentation\"><\/a><\/div><\/div><\/div><\/div>\n","protected":false},"excerpt":{"rendered":"","protected":false},"author":44,"featured_media":0,"parent":0,"menu_order":0,"comment_status":"closed","ping_status":"closed","template":"","meta":{"_acf_changed":false,"protected_reviewer_email":"","editor_notices":[],"footnotes":""},"class_list":["post-55","page","type-page","status-publish","hentry"],"acf":[],"yoast_head":"<!-- This site is optimized with the Yoast SEO Premium plugin v27.4 (Yoast SEO v27.4) - https:\/\/yoast.com\/product\/yoast-seo-premium-wordpress\/ -->\n<title>Alcoa Wheels | Om | Prenumerera<\/title>\n<meta name=\"robots\" content=\"index, follow, max-snippet:-1, max-image-preview:large, max-video-preview:-1\" \/>\n<link rel=\"canonical\" href=\"https:\/\/www.alcoawheels.com\/europe\/sv\/prenumerera\/\" \/>\n<meta property=\"og:locale\" content=\"en_US\" \/>\n<meta property=\"og:type\" content=\"article\" \/>\n<meta property=\"og:title\" content=\"Prenumerera\" \/>\n<meta property=\"og:url\" content=\"https:\/\/www.alcoawheels.com\/europe\/sv\/prenumerera\/\" \/>\n<meta property=\"og:site_name\" content=\"Europe Swedish\" \/>\n<meta property=\"article:modified_time\" content=\"2023-08-24T09:04:23+00:00\" \/>\n<meta name=\"twitter:card\" content=\"summary_large_image\" \/>\n<script type=\"application\/ld+json\" class=\"yoast-schema-graph\">{\"@context\":\"https:\\\/\\\/schema.org\",\"@graph\":[{\"@type\":\"WebPage\",\"@id\":\"https:\\\/\\\/www.alcoawheels.com\\\/europe\\\/sv\\\/prenumerera\\\/\",\"url\":\"https:\\\/\\\/www.alcoawheels.com\\\/europe\\\/sv\\\/prenumerera\\\/\",\"name\":\"Alcoa Wheels | Om | Prenumerera\",\"isPartOf\":{\"@id\":\"https:\\\/\\\/www.alcoawheels.com\\\/europe\\\/sv\\\/#website\"},\"datePublished\":\"2023-05-26T15:17:16+00:00\",\"dateModified\":\"2023-08-24T09:04:23+00:00\",\"breadcrumb\":{\"@id\":\"https:\\\/\\\/www.alcoawheels.com\\\/europe\\\/sv\\\/prenumerera\\\/#breadcrumb\"},\"inLanguage\":\"en-US\",\"potentialAction\":[{\"@type\":\"ReadAction\",\"target\":[\"https:\\\/\\\/www.alcoawheels.com\\\/europe\\\/sv\\\/prenumerera\\\/\"]}]},{\"@type\":\"BreadcrumbList\",\"@id\":\"https:\\\/\\\/www.alcoawheels.com\\\/europe\\\/sv\\\/prenumerera\\\/#breadcrumb\",\"itemListElement\":[{\"@type\":\"ListItem\",\"position\":1,\"name\":\"Home\",\"item\":\"https:\\\/\\\/www.alcoawheels.com\\\/europe\\\/sv\\\/\"},{\"@type\":\"ListItem\",\"position\":2,\"name\":\"Prenumerera\"}]},{\"@type\":\"WebSite\",\"@id\":\"https:\\\/\\\/www.alcoawheels.com\\\/europe\\\/sv\\\/#website\",\"url\":\"https:\\\/\\\/www.alcoawheels.com\\\/europe\\\/sv\\\/\",\"name\":\"Europe Swedish\",\"description\":\"\",\"publisher\":{\"@id\":\"https:\\\/\\\/www.alcoawheels.com\\\/europe\\\/sv\\\/#organization\"},\"potentialAction\":[{\"@type\":\"SearchAction\",\"target\":{\"@type\":\"EntryPoint\",\"urlTemplate\":\"https:\\\/\\\/www.alcoawheels.com\\\/europe\\\/sv\\\/?s={search_term_string}\"},\"query-input\":{\"@type\":\"PropertyValueSpecification\",\"valueRequired\":true,\"valueName\":\"search_term_string\"}}],\"inLanguage\":\"en-US\"},{\"@type\":\"Organization\",\"@id\":\"https:\\\/\\\/www.alcoawheels.com\\\/europe\\\/sv\\\/#organization\",\"name\":\"Europe Swedish\",\"url\":\"https:\\\/\\\/www.alcoawheels.com\\\/europe\\\/sv\\\/\",\"logo\":{\"@type\":\"ImageObject\",\"inLanguage\":\"en-US\",\"@id\":\"https:\\\/\\\/www.alcoawheels.com\\\/europe\\\/sv\\\/#\\\/schema\\\/logo\\\/image\\\/\",\"url\":\"https:\\\/\\\/www.alcoawheels.com\\\/europe\\\/sv\\\/wp-content\\\/uploads\\\/sites\\\/23\\\/2023\\\/05\\\/logo-black.gif\",\"contentUrl\":\"https:\\\/\\\/www.alcoawheels.com\\\/europe\\\/sv\\\/wp-content\\\/uploads\\\/sites\\\/23\\\/2023\\\/05\\\/logo-black.gif\",\"width\":71,\"height\":64,\"caption\":\"Europe Swedish\"},\"image\":{\"@id\":\"https:\\\/\\\/www.alcoawheels.com\\\/europe\\\/sv\\\/#\\\/schema\\\/logo\\\/image\\\/\"}}]}<\/script>\n<!-- \/ Yoast SEO Premium plugin. -->","yoast_head_json":{"title":"Alcoa Wheels | Om | Prenumerera","robots":{"index":"index","follow":"follow","max-snippet":"max-snippet:-1","max-image-preview":"max-image-preview:large","max-video-preview":"max-video-preview:-1"},"canonical":"https:\/\/www.alcoawheels.com\/europe\/sv\/prenumerera\/","og_locale":"en_US","og_type":"article","og_title":"Prenumerera","og_url":"https:\/\/www.alcoawheels.com\/europe\/sv\/prenumerera\/","og_site_name":"Europe Swedish","article_modified_time":"2023-08-24T09:04:23+00:00","twitter_card":"summary_large_image","schema":{"@context":"https:\/\/schema.org","@graph":[{"@type":"WebPage","@id":"https:\/\/www.alcoawheels.com\/europe\/sv\/prenumerera\/","url":"https:\/\/www.alcoawheels.com\/europe\/sv\/prenumerera\/","name":"Alcoa Wheels | Om | Prenumerera","isPartOf":{"@id":"https:\/\/www.alcoawheels.com\/europe\/sv\/#website"},"datePublished":"2023-05-26T15:17:16+00:00","dateModified":"2023-08-24T09:04:23+00:00","breadcrumb":{"@id":"https:\/\/www.alcoawheels.com\/europe\/sv\/prenumerera\/#breadcrumb"},"inLanguage":"en-US","potentialAction":[{"@type":"ReadAction","target":["https:\/\/www.alcoawheels.com\/europe\/sv\/prenumerera\/"]}]},{"@type":"BreadcrumbList","@id":"https:\/\/www.alcoawheels.com\/europe\/sv\/prenumerera\/#breadcrumb","itemListElement":[{"@type":"ListItem","position":1,"name":"Home","item":"https:\/\/www.alcoawheels.com\/europe\/sv\/"},{"@type":"ListItem","position":2,"name":"Prenumerera"}]},{"@type":"WebSite","@id":"https:\/\/www.alcoawheels.com\/europe\/sv\/#website","url":"https:\/\/www.alcoawheels.com\/europe\/sv\/","name":"Europe Swedish","description":"","publisher":{"@id":"https:\/\/www.alcoawheels.com\/europe\/sv\/#organization"},"potentialAction":[{"@type":"SearchAction","target":{"@type":"EntryPoint","urlTemplate":"https:\/\/www.alcoawheels.com\/europe\/sv\/?s={search_term_string}"},"query-input":{"@type":"PropertyValueSpecification","valueRequired":true,"valueName":"search_term_string"}}],"inLanguage":"en-US"},{"@type":"Organization","@id":"https:\/\/www.alcoawheels.com\/europe\/sv\/#organization","name":"Europe Swedish","url":"https:\/\/www.alcoawheels.com\/europe\/sv\/","logo":{"@type":"ImageObject","inLanguage":"en-US","@id":"https:\/\/www.alcoawheels.com\/europe\/sv\/#\/schema\/logo\/image\/","url":"https:\/\/www.alcoawheels.com\/europe\/sv\/wp-content\/uploads\/sites\/23\/2023\/05\/logo-black.gif","contentUrl":"https:\/\/www.alcoawheels.com\/europe\/sv\/wp-content\/uploads\/sites\/23\/2023\/05\/logo-black.gif","width":71,"height":64,"caption":"Europe Swedish"},"image":{"@id":"https:\/\/www.alcoawheels.com\/europe\/sv\/#\/schema\/logo\/image\/"}}]}},"parsely":{"version":"1.1.0","canonical_url":"https:\/\/alcoawheels.com\/europe\/sv\/prenumerera\/","smart_links":{"inbound":0,"outbound":0},"traffic_boost_suggestions_count":0,"meta":{"@context":"https:\/\/schema.org","@type":"WebPage","headline":"Prenumerera","url":"http:\/\/www.alcoawheels.com\/europe\/sv\/prenumerera\/","mainEntityOfPage":{"@type":"WebPage","@id":"http:\/\/www.alcoawheels.com\/europe\/sv\/prenumerera\/"},"thumbnailUrl":"","image":{"@type":"ImageObject","url":""},"articleSection":"Uncategorized","author":[{"@type":"Person","name":"howmet"}],"creator":["howmet"],"publisher":{"@type":"Organization","name":"Europe Swedish","logo":""},"keywords":[],"dateCreated":"2023-05-26T15:17:16Z","datePublished":"2023-05-26T15:17:16Z","dateModified":"2023-08-24T09:04:23Z"},"rendered":"<script type=\"application\/ld+json\" class=\"wp-parsely-metadata\">{\"@context\":\"https:\\\/\\\/schema.org\",\"@type\":\"WebPage\",\"headline\":\"Prenumerera\",\"url\":\"http:\\\/\\\/www.alcoawheels.com\\\/europe\\\/sv\\\/prenumerera\\\/\",\"mainEntityOfPage\":{\"@type\":\"WebPage\",\"@id\":\"http:\\\/\\\/www.alcoawheels.com\\\/europe\\\/sv\\\/prenumerera\\\/\"},\"thumbnailUrl\":\"\",\"image\":{\"@type\":\"ImageObject\",\"url\":\"\"},\"articleSection\":\"Uncategorized\",\"author\":[{\"@type\":\"Person\",\"name\":\"howmet\"}],\"creator\":[\"howmet\"],\"publisher\":{\"@type\":\"Organization\",\"name\":\"Europe Swedish\",\"logo\":\"\"},\"keywords\":[],\"dateCreated\":\"2023-05-26T15:17:16Z\",\"datePublished\":\"2023-05-26T15:17:16Z\",\"dateModified\":\"2023-08-24T09:04:23Z\"}<\/script>","tracker_url":"https:\/\/cdn.parsely.com\/keys\/alcoawheels.com\/p.js"},"jetpack_sharing_enabled":true,"_links":{"self":[{"href":"https:\/\/www.alcoawheels.com\/europe\/sv\/wp-json\/wp\/v2\/pages\/55","targetHints":{"allow":["GET"]}}],"collection":[{"href":"https:\/\/www.alcoawheels.com\/europe\/sv\/wp-json\/wp\/v2\/pages"}],"about":[{"href":"https:\/\/www.alcoawheels.com\/europe\/sv\/wp-json\/wp\/v2\/types\/page"}],"author":[{"embeddable":true,"href":"https:\/\/www.alcoawheels.com\/europe\/sv\/wp-json\/wp\/v2\/users\/44"}],"replies":[{"embeddable":true,"href":"https:\/\/www.alcoawheels.com\/europe\/sv\/wp-json\/wp\/v2\/comments?post=55"}],"version-history":[{"count":4,"href":"https:\/\/www.alcoawheels.com\/europe\/sv\/wp-json\/wp\/v2\/pages\/55\/revisions"}],"predecessor-version":[{"id":1961,"href":"https:\/\/www.alcoawheels.com\/europe\/sv\/wp-json\/wp\/v2\/pages\/55\/revisions\/1961"}],"wp:attachment":[{"href":"https:\/\/www.alcoawheels.com\/europe\/sv\/wp-json\/wp\/v2\/media?parent=55"}],"curies":[{"name":"wp","href":"https:\/\/api.w.org\/{rel}","templated":true}]}}