{"id":65,"date":"2023-05-26T15:18:42","date_gmt":"2023-05-26T15:18:42","guid":{"rendered":"https:\/\/www.alcoawheels.com\/europe\/sv\/?page_id=65"},"modified":"2023-08-24T12:04:23","modified_gmt":"2023-08-24T09:04:23","slug":"rattsligt","status":"publish","type":"page","link":"https:\/\/www.alcoawheels.com\/europe\/sv\/rattsligt\/","title":{"rendered":"R\u00e4ttsliga meddelanden"},"content":{"rendered":"\n<div style=\"height:50px\" aria-hidden=\"true\" class=\"wp-block-spacer spacer-fifty\"><\/div>\n\n\n\n<div class=\"wp-block-columns padded-columns is-layout-flex wp-container-core-columns-is-layout-9d6595d7 wp-block-columns-is-layout-flex\">\n<div class=\"wp-block-column is-layout-flow wp-block-column-is-layout-flow\">\n<h3 class=\"wp-block-heading\" id=\"h-howmet-aerospace-rattsliga-kungorelser-online\">Howmet Aerospace r\u00e4ttsliga kung\u00f6relser online<\/h3>\n\n\n\n<p>Howmet Aerospace Inc. och dess dotterbolag och n\u00e4rst\u00e5ende f\u00f6retag (h\u00e4ri tillsammans \u201dHowmet Aerospace\u201d) har skapat denna webbplats f\u00f6r att ge dig information, utbildning och kommunikation. Om inte annat anges, kan du ladda ner material som visas p\u00e5 den h\u00e4r webbplatsen f\u00f6r icke-kommersiellt, personligt bruk, f\u00f6rutsatt att du ocks\u00e5 bibeh\u00e5ller alla kung\u00f6relser om upphovsr\u00e4tt och andra \u00e4gander\u00e4ttsliga skydd som finns i materialet. Du f\u00e5r dock inte distribuera, modifiera, \u00f6verf\u00f6ra, \u00e5teranv\u00e4nda, dela eller anv\u00e4nda inneh\u00e5llet p\u00e5 denna webbplats f\u00f6r offentliga eller kommersiella \u00e4ndam\u00e5l, inklusive all data, text, bilder, ljud eller videoklipp utan f\u00f6reg\u00e5ende skriftligt tillst\u00e5nd fr\u00e5n Howmet Aerospace. Vissa avsnitt p\u00e5 denna webbplats kan inneh\u00e5lla ytterligare begr\u00e4nsningar vad g\u00e4ller anv\u00e4ndning eller \u00e5tkomst. Anv\u00e4ndning av denna webbplats och \u00e5tkomst till materialet som den inneh\u00e5ller \u00e4r f\u00f6rem\u00e5l f\u00f6r f\u00f6ljande villkor och f\u00f6r alla till\u00e4mpliga lagar. Din \u00e5tkomst till och anv\u00e4ndning av denna webbplats utg\u00f6r ditt fullst\u00e4ndiga godk\u00e4nnande av dessa villkor<\/p>\n\n\n\n<ol class=\"wp-block-list\">\n<li>Om inte annat anges \u00e4r allt material p\u00e5 denna webbplats skyddat av upphovsr\u00e4tten. Materialet f\u00e5r endast anv\u00e4ndas med f\u00f6reg\u00e5ende skriftligt tillst\u00e5nd fr\u00e5n Howmet Aerospace, enligt vad som anges i dessa Villkor eller i texten p\u00e5 denna webbplats. Howmet Aerospace garanterar inte att din anv\u00e4ndning av information eller grafik som visas p\u00e5 denna webbplats inte bryter mot r\u00e4ttigheterna f\u00f6r tredje parter som inte \u00e4r relaterade till Howmet Aerospace. Fr\u00e5gor ang\u00e5ende upphovsr\u00e4ttsskyddat material p\u00e5 denna webbplats ska skickas till f\u00f6ljande e-postadress:&nbsp;<a href=\"mailto:howmet-editor@howmet.com\">howmet-editor@howmet.com<\/a>.<\/li>\n\n\n\n<li>Informationen p\u00e5 denna webbplats kan inneh\u00e5lla tekniska felaktigheter eller skrivfel. Information kan \u00e4ndras eller uppdateras utan f\u00f6reg\u00e5ende meddelande. Howmet Aerospace kan ocks\u00e5 g\u00f6ra f\u00f6rb\u00e4ttringar och\/eller f\u00f6r\u00e4ndringar av de produkter som beskrivs i denna information n\u00e4r som helst utan f\u00f6reg\u00e5ende meddelande.<\/li>\n\n\n\n<li>Allt p\u00e5 den h\u00e4r webbplatsen tillhandah\u00e5lls dig \u201dI BEFINTLIGT SKICK\u201d UTAN GARANTIER AV N\u00c5GOT SLAG, VARKEN UTTRYCKLIGA ELLER UNDERF\u00d6RST\u00c5DDA, INKLUSIVE, MEN INTE BEGR\u00c4NSAT TILL, DE UNDERF\u00d6RST\u00c5DDA GARANTIERNA F\u00d6R S\u00c4LJBARHET, L\u00c4MPLIGHET F\u00d6R ETT VISST \u00c4NDAM\u00c5L, ELLER FASTST\u00c4LLELSE AV ATT INTR\u00c5NG INTE F\u00d6RELIGGER. VISSA JURISDIKTIONER TILL\u00c5TER INTE UNDANTAG F\u00d6R UNDERF\u00d6RST\u00c5DDA GARANTIER, S\u00c5 OVANST\u00c5ENDE ANSVARSFRISKRIVNING G\u00c4LLER EVENTUELLT INTE F\u00d6R DIG.<\/li>\n\n\n\n<li>Howmet Aerospace \u00e5tar sig inget ansvar och kan inte h\u00e5llas ansvarigt f\u00f6r skador p\u00e5 eller virus som kan infektera din datorutrustning eller annan egendom p\u00e5 grund av din \u00e5tkomst till, anv\u00e4ndning av eller surfning p\u00e5 denna webbplats eller nedladdning av material, data, text, bilder, videoklipp eller ljud fr\u00e5n webbplatsen.<\/li>\n\n\n\n<li>Howmet Aerospace l\u00e4mnar inga som helst rekommendationer f\u00f6r n\u00e5gon annan tredjepartswebbplats som du eventuellt har \u00e5tkomst till via den h\u00e4r. Var medveten om att tredjepartswebbplatser som du \u00f6ppnar \u00e4r frist\u00e5ende fr\u00e5n Howmet Aerospace, och att Howmet Aerospace inte har n\u00e5gon kontroll \u00f6ver inneh\u00e5llet p\u00e5 den webbplatsen. Dessutom \u00e4r en l\u00e4nk till en annan webbplats \u00e4n Howmet Aerospace:s webbplats inte en indikation p\u00e5 att Howmet Aerospace st\u00f6der eller tar p\u00e5 sig n\u00e5got ansvar f\u00f6r inneh\u00e5llet eller anv\u00e4ndningen av s\u00e5dan webbplats. UNDER INGA OMST\u00c4NDIGHETER KOMMER Howmet Aerospace ATT VARA ANSVARSSKYLDIG INF\u00d6R N\u00c5GON PART ELLER F\u00d6R N\u00c5GRA SOM HELST DIREKTA, INDIREKTA, TILLF\u00c4LLIGA, STRAFFLIKNANDE ELLER S\u00c4RSKILDA SKADOR ELLER F\u00d6LJDSKADOR VID ANV\u00c4NDNING AV DENNA WEBBPLATS, ELLER AV N\u00c5GON ANNAN HYPERL\u00c4NKAD WEBBPLATS, INKLUSIVE, UTAN BEGR\u00c4NSNING, EVENTUELLA VINSTF\u00d6RLUSTER, AFF\u00c4RSAVBROTT, F\u00d6RLUST AV PROGRAM ELLER ANNAN DATA I DITT INFORMATIONSHANTERINGSSYSTEM ELLER LIKNANDE, \u00c4VEN OM Howmet Aerospace UTTRYCKLIGEN HAR MEDDELATS OM RISKEN F\u00d6R S\u00c5DANA SKADOR.<\/li>\n\n\n\n<li>Howmet Aerospace vill inte ta emot konfidentiell eller \u00e4gander\u00e4ttsskyddad information fr\u00e5n dig via denna webbplats. Observera att eventuell information eller material som skickas till Howmet Aerospace via n\u00e5gon l\u00e4nk som tillhandah\u00e5lls p\u00e5 denna webbplats kommer att betraktas som ICKE konfidentiellt. Genom att skicka information eller material till Howmet Aerospace p\u00e5 detta s\u00e4tt, ger du o\u00e5terkalleligen Howmet Aerospace ett obegr\u00e4nsat, v\u00e4rldsomsp\u00e4nnande tillst\u00e5nd att anv\u00e4nda, distribuera, visa, reproducera, utf\u00f6ra, modifiera och \u00f6verf\u00f6ra dessa material eller information, och du godk\u00e4nner ocks\u00e5 att Howmet Aerospace har r\u00e4tt att anv\u00e4nda eventuella id\u00e9er, begrepp, kunskap eller tekniker som du skickar till oss oavsett syfte. Om du vill att din konfidentiella eller \u00e4gander\u00e4ttsliga information ska behandlas av Howmet Aerospace, m\u00e5ste du f\u00f6rst underteckna ett avtal om icke-konfidentialitet innan informationen granskas av en teknisk person p\u00e5 Howmet Aerospace. F\u00f6r att f\u00e5 ett icke-konfidentialitetsavtal, skriv till IPLD \u2013 Unsolicited Ideas, Howmet Aerospace Communications Department, 201 Isabella Street, Suite 200, Pittsburgh, PA 15212, USA.<\/li>\n\n\n\n<li>P\u00e5 hela denna webbplats hittar du ett antal varum\u00e4rken, logotyper och servicem\u00e4rken (tillsammans \u201dM\u00e4rken\u201d). M\u00e4rkena \u00e4r registrerade och oregistrerade varum\u00e4rken som tillh\u00f6r Howmet Aerospace och andra. De varum\u00e4rken som f\u00f6ljs av \u201d\u00ae\u201d \u00e4r registrerade varum\u00e4rken i USA. Alla andra varum\u00e4rken \u00e4r varum\u00e4rken i USA eller i utlandet. Ingenting p\u00e5 denna webbplats b\u00f6r tolkas som att det ger n\u00e5got tillst\u00e5nd eller n\u00e5gon r\u00e4ttighet att anv\u00e4nda ett s\u00e5dant M\u00e4rke som visas p\u00e5 webbplatsen utan skriftligt tillst\u00e5nd fr\u00e5n Howmet Aerospace eller fr\u00e5n en tredje part som \u00e4ger de M\u00e4rken som visas. Alla fr\u00e5gor som r\u00f6r anv\u00e4ndningen av M\u00e4rken eller om ett namn faktiskt \u00e4r ett varum\u00e4rke f\u00f6r Howmet Aerospace b\u00f6r s\u00e4ndas till f\u00f6ljande e-postadress:&nbsp;<a href=\"mailto:howmet-editor@howmet.com\">howmet-editor@howmet.com<\/a>.<\/li>\n\n\n\n<li>Howmet Aerospace f\u00f6rbeh\u00e5ller sig r\u00e4tten att n\u00e4r som helst \u00e4ndra eller modifiera n\u00e5got av dessa villkor enligt eget gottfinnande. Eventuella \u00e4ndringar eller modifieringar kommer att tr\u00e4da i kraft n\u00e4r \u00e4ndringarna offentligg\u00f6rs p\u00e5 denna webbplats. Din fortsatta anv\u00e4ndning av denna webbplats efter att s\u00e5dana \u00e4ndringar eller modifieringar har gjorts, utg\u00f6r ditt godk\u00e4nnande av s\u00e5dana \u00e4ndringar eller modifieringar.<\/li>\n<\/ol>\n\n\n\n<div id=\"alcoa-wheels-buttons-2f1d3835-1361-4bfa-a3fe-b2273c04c863\" class=\"wp-block-alcoa-wheels-button-group alcoa-wheels-buttons\"><div class=\"button-row\"><div class=\"button-item\" button-item=\"0\"><p class=\"btn-main btn-link-pdf\"><a href=\"\/europe\/sv\/wp-content\/uploads\/sites\/23\/2023\/06\/howmet-european-legal-entities.pdf\">View European Legal Entities<\/a><\/p><\/div><div class=\"button-item\" button-item=\"1\"><p class=\"btn-main btn-link-pdf\"><a href=\"\/europe\/sv\/wp-content\/uploads\/sites\/23\/2023\/06\/uk-slavery-and-human-trafficking-statement.pdf\">UK Slavery and Human Trafficking Statement<\/a><\/p><\/div><div class=\"button-item\" button-item=\"2\"><p class=\"btn-main btn-link-pdf\"><a href=\"\/europe\/sv\/wp-content\/uploads\/sites\/23\/2023\/06\/California-Transparency-in-Supply-Chains-Act-Statement.pdf\">California Transparency in Supply Chains Act Statement<\/a><\/p><\/div><\/div><\/div>\n<\/div>\n\n\n\n<div class=\"wp-block-column is-layout-flow wp-block-column-is-layout-flow\">\n<h3 class=\"wp-block-heading\" id=\"h-framatblickande-uttalanden\">Fram\u00e5tblickande uttalanden<\/h3>\n\n\n\n<p>Vissa uttalanden p\u00e5 denna webbplats av Howmet Aerospace Inc. handlar om framtida h\u00e4ndelser och f\u00f6rv\u00e4ntningar, och utg\u00f6r d\u00e4rmed fram\u00e5tblickande uttalanden i den mening som avses i USA:s lag om den privata v\u00e4rdepappersmarknaden (Private Securities Litigation Reform Act) fr\u00e5n 1995. Fram\u00e5tblickande uttalanden inkluderar uttalanden som inneh\u00e5ller ord som \u201df\u00f6rutser\u201d, \u201dtror\u201d, \u201dkunde\u201d, \u201duppskattar\u201d, \u201df\u00f6rv\u00e4ntar sig\u201d, \u201dprognoser\u201d, \u201dm\u00e5l\u201d, \u201dv\u00e4gledning\u201d, \u201davser\u201d, \u201dkan\u201d, \u201dutsikter\u201d, \u201dplanerar\u201d, \u201dprojekt\u201d, \u201ds\u00f6ker\u201d, \u201dser\u201d, \u201dborde\u201d, \u201dm\u00e5l\u201d, \u201dkommer\u201d, \u201dskulle\u201d eller andra ord av liknande betydelse. Alla uttalanden som \u00e5terspeglar Howmet Aerospaces f\u00f6rv\u00e4ntningar, antaganden eller prognoser om framtiden, f\u00f6rutom uttalanden om historiska fakta, \u00e4r fram\u00e5tblickande uttalanden, inklusive, utan begr\u00e4nsning, uttalanden, prognoser och utsikter relaterade till slutmarknadens tillst\u00e5nd; framtida finansiella resultat eller r\u00f6relseresultat, framtida strategiska \u00e5tg\u00e4rder, Howmet Aerospace:s strategier, utsikter och ekonomiska och finansiella m\u00f6jligheter; och eventuella framtida av skulder eller aktier och v\u00e4rdepapper. Dessa uttalanden \u00e5terspeglar trosuppfattningar och antaganden som grundar sig p\u00e5 Howards Aerospace uppfattning om historiska trender, nuvarande f\u00f6rh\u00e5llanden och f\u00f6rv\u00e4ntad framtida utveckling samt andra faktorer som Howmet Aerospace anser vara l\u00e4mpliga under r\u00e5dande omst\u00e4ndigheter. Fram\u00e5tblickande uttalanden \u00e4r inte garantier f\u00f6r framtida resultat och omfattas av risker, os\u00e4kerheter och f\u00f6r\u00e4ndringar av omst\u00e4ndigheter som \u00e4r sv\u00e5ra att f\u00f6ruts\u00e4ga, vilket skulle kunna f\u00e5 faktiska resultat att skilja sig v\u00e4sentligt fr\u00e5n dem som anges i dessa uttalanden. S\u00e5dana risker och os\u00e4kerheter inbegriper, men \u00e4r inte begr\u00e4nsade till: (a) f\u00f6rs\u00e4mrade f\u00f6rh\u00e5llanden p\u00e5 de globala ekonomiska och finansiella marknaderna; (b) ogynnsamma \u00e4ndringar p\u00e5 marknaderna som Howmet Aerospace \u00e4r verksam; (c) effekter fr\u00e5n potentiella cyberattacker och IT- eller dataintr\u00e5ng; (d) f\u00f6rlust av betydande kunder eller negativa \u00e4ndringar i kunders verksamheter eller finansiella f\u00f6rh\u00e5llanden; (e) produktionssv\u00e5righeter och andra problem som p\u00e5verkar produktprestandan, -kvaliteten eller -s\u00e4kerheten; (f) leverant\u00f6rers of\u00f6rm\u00e5ga att uppfylla deras f\u00f6rpliktelser p\u00e5 grund av st\u00f6rningar i f\u00f6rs\u00f6rjningskedjan eller liknande; (g) of\u00f6rm\u00e5ga att locka till sig och bibeh\u00e5lla kompetent arbetsstyrka och nyckelpersonal; (h) os\u00e4kerhet om varaktigheten, omfattningen och effekten av COVID-19-pandemin f\u00f6r Howmet Aerospace:s aff\u00e4rsverksamhet, verksamhetsresultat och finansiella tillst\u00e5nd, (i) of\u00f6rm\u00e5ga att uppn\u00e5 int\u00e4kts\u00f6kningar, kassafl\u00f6de, kostnadsbesparingar, omstruktureringsplaner, kostnadsminskningar, f\u00f6rb\u00e4ttrad l\u00f6nsamhet eller st\u00e4rkt konkurrenskraft och f\u00f6rv\u00e4ntade eller riktade \u00e5tg\u00e4rder, (j) of\u00f6rm\u00e5ga att uppfylla \u00f6kad efterfr\u00e5gan, produktionsm\u00e5l eller \u00e5taganden; (k) konkurrens fr\u00e5n nya produkterbjudanden, st\u00f6rande teknik eller annan utveckling, (l) geopolitiska, ekonomiska och regleringsm\u00e4ssiga risker i f\u00f6rh\u00e5llande till Howmet Aerospace:s globala verksamhet, inklusive geopolitiska och diplomatiska sp\u00e4nningar, of\u00f6rm\u00e5gor och konflikter, samt efterlevnad av amerikanska och utl\u00e4ndska handels- och skattelagar, sanktioner, embargon och andra best\u00e4mmelser, (m) resultatet av of\u00f6rutsedda h\u00e4ndelser, inklusive r\u00e4ttsliga f\u00f6rfaranden, statliga eller r\u00e4ttsliga unders\u00f6kningar, och milj\u00f6sanering, som kan medf\u00f6ra betydande kostnader och skulder f\u00f6r Howmet Aerospace, (n) underl\u00e5tenhet att f\u00f6lja offentliga upphandlingsregler, (o) negativa f\u00f6r\u00e4ndringar i diskonteringssatser eller avkastning p\u00e5 pensionstillg\u00e5ngar, och (p) \u00f6vriga riskfaktorer som sammanfattas i Howmet Aerospace:s formul\u00e4r 10-K f\u00f6r \u00e5ret som slutade den 31 december 2022 och andra rapporter som l\u00e4mnats in till USA:s v\u00e4rdepappersinspektion (U.S. Securities and Exchange Commission). \u00a0Marknadsprognoserna \u00e4r f\u00f6rem\u00e5l f\u00f6r de risker som diskuteras ovan och andra risker p\u00e5 marknaden. Uttalanden i en presentation eller handling g\u00f6rs utg\u00e5endet fr\u00e5n datumet f\u00f6r s\u00e5dan presentation eller handling. Howmet Aerospace f\u00f6rnekar all avsikt eller skyldighet att offentligg\u00f6ra eventuella fram\u00e5tblickande uttalanden, antingen f\u00f6r att bem\u00f6ta ny information, framtida h\u00e4ndelser eller p\u00e5 annat s\u00e4tt, f\u00f6rutom i enlighet med vad som kr\u00e4vs enligt g\u00e4llande lagstiftning.<\/p>\n<\/div>\n<\/div>\n\n\n","protected":false},"excerpt":{"rendered":"<p>Howmet Aerospace r\u00e4ttsliga kung\u00f6relser online Howmet Aerospace Inc. och dess dotterbolag och n\u00e4rst\u00e5ende f\u00f6retag (h\u00e4ri tillsammans \u201dHowmet Aerospace\u201d) har skapat denna webbplats f\u00f6r att ge dig information, utbildning och kommunikation. Om inte annat anges, kan du ladda ner material som visas p\u00e5 den h\u00e4r webbplatsen f\u00f6r icke-kommersiellt, personligt bruk, f\u00f6rutsatt att du ocks\u00e5 bibeh\u00e5ller alla [&hellip;]<\/p>\n","protected":false},"author":44,"featured_media":0,"parent":0,"menu_order":0,"comment_status":"closed","ping_status":"closed","template":"","meta":{"_acf_changed":false,"protected_reviewer_email":"","editor_notices":[],"footnotes":""},"class_list":["post-65","page","type-page","status-publish","hentry"],"acf":[],"yoast_head":"<!-- This site is optimized with the Yoast SEO Premium plugin v27.4 (Yoast SEO v27.4) - https:\/\/yoast.com\/product\/yoast-seo-premium-wordpress\/ -->\n<title>Howmet Aerospace r\u00e4ttsliga kung\u00f6relser online<\/title>\n<meta name=\"robots\" content=\"index, follow, max-snippet:-1, max-image-preview:large, max-video-preview:-1\" \/>\n<link rel=\"canonical\" href=\"https:\/\/www.alcoawheels.com\/europe\/sv\/rattsligt\/\" \/>\n<meta property=\"og:locale\" content=\"en_US\" \/>\n<meta property=\"og:type\" content=\"article\" \/>\n<meta property=\"og:title\" content=\"R\u00e4ttsliga meddelanden\" \/>\n<meta property=\"og:description\" content=\"Howmet Aerospace r\u00e4ttsliga kung\u00f6relser online Howmet Aerospace Inc. och dess dotterbolag och n\u00e4rst\u00e5ende f\u00f6retag (h\u00e4ri tillsammans \u201dHowmet Aerospace\u201d) har skapat denna webbplats f\u00f6r att ge dig information, utbildning och kommunikation. Om inte annat anges, kan du ladda ner material som visas p\u00e5 den h\u00e4r webbplatsen f\u00f6r icke-kommersiellt, personligt bruk, f\u00f6rutsatt att du ocks\u00e5 bibeh\u00e5ller alla [&hellip;]\" \/>\n<meta property=\"og:url\" content=\"https:\/\/www.alcoawheels.com\/europe\/sv\/rattsligt\/\" \/>\n<meta property=\"og:site_name\" content=\"Europe Swedish\" \/>\n<meta property=\"article:modified_time\" content=\"2023-08-24T09:04:23+00:00\" \/>\n<meta name=\"twitter:card\" content=\"summary_large_image\" \/>\n<meta name=\"twitter:label1\" content=\"Est. reading time\" \/>\n\t<meta name=\"twitter:data1\" content=\"7 minutes\" \/>\n<script type=\"application\/ld+json\" class=\"yoast-schema-graph\">{\"@context\":\"https:\\\/\\\/schema.org\",\"@graph\":[{\"@type\":\"WebPage\",\"@id\":\"https:\\\/\\\/www.alcoawheels.com\\\/europe\\\/sv\\\/rattsligt\\\/\",\"url\":\"https:\\\/\\\/www.alcoawheels.com\\\/europe\\\/sv\\\/rattsligt\\\/\",\"name\":\"Howmet Aerospace r\u00e4ttsliga kung\u00f6relser online\",\"isPartOf\":{\"@id\":\"https:\\\/\\\/www.alcoawheels.com\\\/europe\\\/sv\\\/#website\"},\"datePublished\":\"2023-05-26T15:18:42+00:00\",\"dateModified\":\"2023-08-24T09:04:23+00:00\",\"breadcrumb\":{\"@id\":\"https:\\\/\\\/www.alcoawheels.com\\\/europe\\\/sv\\\/rattsligt\\\/#breadcrumb\"},\"inLanguage\":\"en-US\",\"potentialAction\":[{\"@type\":\"ReadAction\",\"target\":[\"https:\\\/\\\/www.alcoawheels.com\\\/europe\\\/sv\\\/rattsligt\\\/\"]}]},{\"@type\":\"BreadcrumbList\",\"@id\":\"https:\\\/\\\/www.alcoawheels.com\\\/europe\\\/sv\\\/rattsligt\\\/#breadcrumb\",\"itemListElement\":[{\"@type\":\"ListItem\",\"position\":1,\"name\":\"Home\",\"item\":\"https:\\\/\\\/www.alcoawheels.com\\\/europe\\\/sv\\\/\"},{\"@type\":\"ListItem\",\"position\":2,\"name\":\"R\u00e4ttsliga meddelanden\"}]},{\"@type\":\"WebSite\",\"@id\":\"https:\\\/\\\/www.alcoawheels.com\\\/europe\\\/sv\\\/#website\",\"url\":\"https:\\\/\\\/www.alcoawheels.com\\\/europe\\\/sv\\\/\",\"name\":\"Europe Swedish\",\"description\":\"\",\"publisher\":{\"@id\":\"https:\\\/\\\/www.alcoawheels.com\\\/europe\\\/sv\\\/#organization\"},\"potentialAction\":[{\"@type\":\"SearchAction\",\"target\":{\"@type\":\"EntryPoint\",\"urlTemplate\":\"https:\\\/\\\/www.alcoawheels.com\\\/europe\\\/sv\\\/?s={search_term_string}\"},\"query-input\":{\"@type\":\"PropertyValueSpecification\",\"valueRequired\":true,\"valueName\":\"search_term_string\"}}],\"inLanguage\":\"en-US\"},{\"@type\":\"Organization\",\"@id\":\"https:\\\/\\\/www.alcoawheels.com\\\/europe\\\/sv\\\/#organization\",\"name\":\"Europe Swedish\",\"url\":\"https:\\\/\\\/www.alcoawheels.com\\\/europe\\\/sv\\\/\",\"logo\":{\"@type\":\"ImageObject\",\"inLanguage\":\"en-US\",\"@id\":\"https:\\\/\\\/www.alcoawheels.com\\\/europe\\\/sv\\\/#\\\/schema\\\/logo\\\/image\\\/\",\"url\":\"https:\\\/\\\/www.alcoawheels.com\\\/europe\\\/sv\\\/wp-content\\\/uploads\\\/sites\\\/23\\\/2023\\\/05\\\/logo-black.gif\",\"contentUrl\":\"https:\\\/\\\/www.alcoawheels.com\\\/europe\\\/sv\\\/wp-content\\\/uploads\\\/sites\\\/23\\\/2023\\\/05\\\/logo-black.gif\",\"width\":71,\"height\":64,\"caption\":\"Europe Swedish\"},\"image\":{\"@id\":\"https:\\\/\\\/www.alcoawheels.com\\\/europe\\\/sv\\\/#\\\/schema\\\/logo\\\/image\\\/\"}}]}<\/script>\n<!-- \/ Yoast SEO Premium plugin. -->","yoast_head_json":{"title":"Howmet Aerospace r\u00e4ttsliga kung\u00f6relser online","robots":{"index":"index","follow":"follow","max-snippet":"max-snippet:-1","max-image-preview":"max-image-preview:large","max-video-preview":"max-video-preview:-1"},"canonical":"https:\/\/www.alcoawheels.com\/europe\/sv\/rattsligt\/","og_locale":"en_US","og_type":"article","og_title":"R\u00e4ttsliga meddelanden","og_description":"Howmet Aerospace r\u00e4ttsliga kung\u00f6relser online Howmet Aerospace Inc. och dess dotterbolag och n\u00e4rst\u00e5ende f\u00f6retag (h\u00e4ri tillsammans \u201dHowmet Aerospace\u201d) har skapat denna webbplats f\u00f6r att ge dig information, utbildning och kommunikation. Om inte annat anges, kan du ladda ner material som visas p\u00e5 den h\u00e4r webbplatsen f\u00f6r icke-kommersiellt, personligt bruk, f\u00f6rutsatt att du ocks\u00e5 bibeh\u00e5ller alla [&hellip;]","og_url":"https:\/\/www.alcoawheels.com\/europe\/sv\/rattsligt\/","og_site_name":"Europe Swedish","article_modified_time":"2023-08-24T09:04:23+00:00","twitter_card":"summary_large_image","twitter_misc":{"Est. reading time":"7 minutes"},"schema":{"@context":"https:\/\/schema.org","@graph":[{"@type":"WebPage","@id":"https:\/\/www.alcoawheels.com\/europe\/sv\/rattsligt\/","url":"https:\/\/www.alcoawheels.com\/europe\/sv\/rattsligt\/","name":"Howmet Aerospace r\u00e4ttsliga kung\u00f6relser online","isPartOf":{"@id":"https:\/\/www.alcoawheels.com\/europe\/sv\/#website"},"datePublished":"2023-05-26T15:18:42+00:00","dateModified":"2023-08-24T09:04:23+00:00","breadcrumb":{"@id":"https:\/\/www.alcoawheels.com\/europe\/sv\/rattsligt\/#breadcrumb"},"inLanguage":"en-US","potentialAction":[{"@type":"ReadAction","target":["https:\/\/www.alcoawheels.com\/europe\/sv\/rattsligt\/"]}]},{"@type":"BreadcrumbList","@id":"https:\/\/www.alcoawheels.com\/europe\/sv\/rattsligt\/#breadcrumb","itemListElement":[{"@type":"ListItem","position":1,"name":"Home","item":"https:\/\/www.alcoawheels.com\/europe\/sv\/"},{"@type":"ListItem","position":2,"name":"R\u00e4ttsliga meddelanden"}]},{"@type":"WebSite","@id":"https:\/\/www.alcoawheels.com\/europe\/sv\/#website","url":"https:\/\/www.alcoawheels.com\/europe\/sv\/","name":"Europe Swedish","description":"","publisher":{"@id":"https:\/\/www.alcoawheels.com\/europe\/sv\/#organization"},"potentialAction":[{"@type":"SearchAction","target":{"@type":"EntryPoint","urlTemplate":"https:\/\/www.alcoawheels.com\/europe\/sv\/?s={search_term_string}"},"query-input":{"@type":"PropertyValueSpecification","valueRequired":true,"valueName":"search_term_string"}}],"inLanguage":"en-US"},{"@type":"Organization","@id":"https:\/\/www.alcoawheels.com\/europe\/sv\/#organization","name":"Europe Swedish","url":"https:\/\/www.alcoawheels.com\/europe\/sv\/","logo":{"@type":"ImageObject","inLanguage":"en-US","@id":"https:\/\/www.alcoawheels.com\/europe\/sv\/#\/schema\/logo\/image\/","url":"https:\/\/www.alcoawheels.com\/europe\/sv\/wp-content\/uploads\/sites\/23\/2023\/05\/logo-black.gif","contentUrl":"https:\/\/www.alcoawheels.com\/europe\/sv\/wp-content\/uploads\/sites\/23\/2023\/05\/logo-black.gif","width":71,"height":64,"caption":"Europe Swedish"},"image":{"@id":"https:\/\/www.alcoawheels.com\/europe\/sv\/#\/schema\/logo\/image\/"}}]}},"parsely":{"version":"1.1.0","canonical_url":"https:\/\/alcoawheels.com\/europe\/sv\/rattsligt\/","smart_links":{"inbound":0,"outbound":0},"traffic_boost_suggestions_count":0,"meta":{"@context":"https:\/\/schema.org","@type":"WebPage","headline":"R\u00e4ttsliga meddelanden","url":"http:\/\/www.alcoawheels.com\/europe\/sv\/rattsligt\/","mainEntityOfPage":{"@type":"WebPage","@id":"http:\/\/www.alcoawheels.com\/europe\/sv\/rattsligt\/"},"thumbnailUrl":"","image":{"@type":"ImageObject","url":""},"articleSection":"Uncategorized","author":[{"@type":"Person","name":"howmet"}],"creator":["howmet"],"publisher":{"@type":"Organization","name":"Europe Swedish","logo":""},"keywords":[],"dateCreated":"2023-05-26T15:18:42Z","datePublished":"2023-05-26T15:18:42Z","dateModified":"2023-08-24T09:04:23Z"},"rendered":"<script type=\"application\/ld+json\" class=\"wp-parsely-metadata\">{\"@context\":\"https:\\\/\\\/schema.org\",\"@type\":\"WebPage\",\"headline\":\"R\\u00e4ttsliga meddelanden\",\"url\":\"http:\\\/\\\/www.alcoawheels.com\\\/europe\\\/sv\\\/rattsligt\\\/\",\"mainEntityOfPage\":{\"@type\":\"WebPage\",\"@id\":\"http:\\\/\\\/www.alcoawheels.com\\\/europe\\\/sv\\\/rattsligt\\\/\"},\"thumbnailUrl\":\"\",\"image\":{\"@type\":\"ImageObject\",\"url\":\"\"},\"articleSection\":\"Uncategorized\",\"author\":[{\"@type\":\"Person\",\"name\":\"howmet\"}],\"creator\":[\"howmet\"],\"publisher\":{\"@type\":\"Organization\",\"name\":\"Europe Swedish\",\"logo\":\"\"},\"keywords\":[],\"dateCreated\":\"2023-05-26T15:18:42Z\",\"datePublished\":\"2023-05-26T15:18:42Z\",\"dateModified\":\"2023-08-24T09:04:23Z\"}<\/script>","tracker_url":"https:\/\/cdn.parsely.com\/keys\/alcoawheels.com\/p.js"},"jetpack_sharing_enabled":true,"_links":{"self":[{"href":"https:\/\/www.alcoawheels.com\/europe\/sv\/wp-json\/wp\/v2\/pages\/65","targetHints":{"allow":["GET"]}}],"collection":[{"href":"https:\/\/www.alcoawheels.com\/europe\/sv\/wp-json\/wp\/v2\/pages"}],"about":[{"href":"https:\/\/www.alcoawheels.com\/europe\/sv\/wp-json\/wp\/v2\/types\/page"}],"author":[{"embeddable":true,"href":"https:\/\/www.alcoawheels.com\/europe\/sv\/wp-json\/wp\/v2\/users\/44"}],"replies":[{"embeddable":true,"href":"https:\/\/www.alcoawheels.com\/europe\/sv\/wp-json\/wp\/v2\/comments?post=65"}],"version-history":[{"count":3,"href":"https:\/\/www.alcoawheels.com\/europe\/sv\/wp-json\/wp\/v2\/pages\/65\/revisions"}],"predecessor-version":[{"id":1575,"href":"https:\/\/www.alcoawheels.com\/europe\/sv\/wp-json\/wp\/v2\/pages\/65\/revisions\/1575"}],"wp:attachment":[{"href":"https:\/\/www.alcoawheels.com\/europe\/sv\/wp-json\/wp\/v2\/media?parent=65"}],"curies":[{"name":"wp","href":"https:\/\/api.w.org\/{rel}","templated":true}]}}