{"id":22,"date":"2023-05-26T19:00:28","date_gmt":"2023-05-26T19:00:28","guid":{"rendered":"https:\/\/www.alcoawheels.com\/europe\/tr\/?page_id=22"},"modified":"2025-11-22T00:03:27","modified_gmt":"2025-11-21T21:03:27","slug":"ozel-uygulamalar","status":"publish","type":"page","link":"https:\/\/www.alcoawheels.com\/europe\/tr\/ozel-uygulamalar\/","title":{"rendered":"\u00d6zel Uygulamalar"},"content":{"rendered":"\n<div class=\"wp-block-alcoa-wheels-hero-banner-innerpage hero-banner with-image layout-2 overlayEnable align- vertical-align- align-center vertical-align-center\" style=\"background-color:#eee\"><img decoding=\"async\" src=\"https:\/\/www.alcoawheels.com\/europe\/tr\/wp-content\/uploads\/sites\/24\/2023\/06\/special-applications-banner.jpg\" alt=\"Special Application Alcoa Wheels\" class=\"responsiveImage\"\/><div class=\"hero-banner__header\" style=\"text-align:center\"><div class=\"container\"><h1 class=\"hero-banner__header--title\">\u00d6zel Uygulamalar<\/h1><\/div><\/div><\/div>\n\n\n\n<div style=\"height:50px\" aria-hidden=\"true\" class=\"wp-block-spacer spacer-fifty\"><\/div>\n\n\n\n<h2 class=\"wp-block-heading has-text-align-center\" id=\"alcak-govdeli\">Al\u00e7ak G\u00f6vdeli Treyler Jantlar\u0131<\/h2>\n\n\n\n<div style=\"height:50px\" aria-hidden=\"true\" class=\"wp-block-spacer spacer-fifty\"><\/div>\n\n\n\n<div class=\"wp-block-alcoa-wheels-zigzag media-list__body\" id=\"zigzag-main-b45f7650-2f32-49a3-8375-effe2fa2a6e4\"><div class=\"media-list__body_main  vertical-align-center  fullWidth row-reverse\">\n<div class=\"wp-block-alcoa-wheels-zigzag-item media-list-item\"><div class=\"media-list-item__box_content\"><div class=\"media-list-item__box_content_inner\">\n<h5 class=\"wp-block-heading\"><strong>17.5\u201dx6.00\u201d jant<\/strong><br>&nbsp;<br>Maksimum y\u00fck 2500 kg&#8217;d\u0131r<br>10 bijon deli\u011fi<br>Yaln\u0131zca 12.6 kg a\u011f\u0131rl\u0131\u011f\u0131nda!<br>&nbsp;<br>&nbsp;<br><strong>17.5\u201dX6.75\u201d jant<\/strong><br>&nbsp;<br>Maksimum y\u00fck&nbsp;3000 kg<br>10 bijon deli\u011fi<br>Yaln\u0131zca 13.7 kg a\u011f\u0131rl\u0131\u011f\u0131nda!<\/h5>\n<\/div><\/div><div class=\"media-list-item__box_image\"><img loading=\"lazy\" decoding=\"async\" width=\"450\" height=\"423\" src=\"https:\/\/www.alcoawheels.com\/europe\/tr\/wp-content\/uploads\/sites\/24\/2023\/06\/special-applications-low-deck-trailer-wheels.jpeg\" alt=\"Low deck trailer wheel 17.5 x 6.75\"\/><\/div><\/div>\n<\/div><\/div>\n\n\n\n<div style=\"height:50px\" aria-hidden=\"true\" class=\"wp-block-spacer spacer-fifty\"><\/div>\n\n\n\n<hr class=\"wp-block-separator has-text-color has-alpha-channel-opacity has-background is-style-wide\" style=\"background-color:#cccccc;color:#cccccc\"\/>\n\n\n\n<div style=\"height:50px\" aria-hidden=\"true\" class=\"wp-block-spacer spacer-fifty\"><\/div>\n\n\n\n<h2 class=\"wp-block-heading has-text-align-center\" id=\"mega-treyler\">Mega Treylerler i\u00e7in Jantlar<\/h2>\n\n\n\n<div style=\"height:50px\" aria-hidden=\"true\" class=\"wp-block-spacer spacer-fifty\"><\/div>\n\n\n\n<div class=\"wp-block-alcoa-wheels-zigzag media-list__body\" id=\"zigzag-main-53ab16f1-ef43-44cd-b471-f058add87782\"><div class=\"media-list__body_main  vertical-align-center  container row-reverse\">\n<div class=\"wp-block-alcoa-wheels-zigzag-item media-list-item\"><div class=\"media-list-item__box_content\"><div class=\"media-list-item__box_content_inner\">\n<h5 class=\"wp-block-heading\"><strong>19.5\u201dx14.00\u201d jant, 120 mm offset<\/strong><br>&nbsp;<br>10 bijon deli\u011fi<br>S\u0131n\u0131f\u0131n\u0131n en hafifi! Yaln\u0131zca 21.6 kg a\u011f\u0131rl\u0131\u011f\u0131nda!<br>&nbsp;<br>&nbsp;<br><strong>19.5\u201dx14.00\u201d jant, 0 mm offset<\/strong><br>&nbsp;<br>8 bijon deli\u011fi<br>Howmet Aerospace&#8217;e \u00f6zel!<br>23.6 kg a\u011f\u0131rl\u0131\u011f\u0131nda.<\/h5>\n<\/div><\/div><div class=\"media-list-item__box_image\"><img loading=\"lazy\" decoding=\"async\" width=\"450\" height=\"422\" src=\"https:\/\/www.alcoawheels.com\/europe\/tr\/wp-content\/uploads\/sites\/24\/2023\/06\/special-applications-wheels-for-megatrailers.jpeg\" alt=\"Wheels for mega trailers 19.5 x 14.00 offset 120 mm\"\/><\/div><\/div>\n<\/div><\/div>\n\n\n\n<div style=\"height:100px\" aria-hidden=\"true\" class=\"wp-block-spacer spacer-fifty\"><\/div>\n\n\n\n<hr class=\"wp-block-separator has-text-color has-alpha-channel-opacity has-background is-style-wide\" style=\"background-color:#cccccc;color:#cccccc\"\/>\n\n\n\n<div style=\"height:50px\" aria-hidden=\"true\" class=\"wp-block-spacer spacer-fifty\"><\/div>\n\n\n\n<h2 class=\"wp-block-heading has-text-align-center\" id=\"dura-flange\">Dura-Flange<sup>\u00ae<\/sup><\/h2>\n\n\n\n<div style=\"height:50px\" aria-hidden=\"true\" class=\"wp-block-spacer spacer-fifty\"><\/div>\n\n\n\n<div class=\"wp-block-alcoa-wheels-zigzag media-list__body\" id=\"zigzag-main-45ea29ee-eb36-4195-af23-94703bac8f49\"><div class=\"media-list__body_main  vertical-align-center  container\">\n<div class=\"wp-block-alcoa-wheels-zigzag-item media-list-item\"><div class=\"media-list-item__box_content\"><div class=\"media-list-item__box_content_inner\">\n<h5 class=\"wp-block-heading\"><strong>Daha da uzun bir servis \u00f6mr\u00fc i\u00e7in ek koruma<\/strong><\/h5>\n\n\n\n<p>Alcoa<sup>\u00ae<\/sup> Dura-Flange<sup>\u00ae<\/sup> jantlar\u0131n her iki jant flan\u015f\u0131nda a\u015f\u0131nmay\u0131 azaltan koruyucu bir tabaka sa\u011flayan \u00f6zel bir i\u015flem bulunur ve ayn\u0131 ko\u015fullar alt\u0131nda di\u011fer al\u00fcminyum jantlara k\u0131yasla kullan\u0131m \u00f6mr\u00fcn\u00fcn artmas\u0131na katk\u0131da bulunabilir.<\/p>\n<\/div><\/div><div class=\"media-list-item__box_image\"><img loading=\"lazy\" decoding=\"async\" width=\"500\" height=\"333\" src=\"https:\/\/www.alcoawheels.com\/europe\/tr\/wp-content\/uploads\/sites\/24\/2023\/06\/surface-treatments-dura-flange.jpg\" alt=\"Dura-Flange Alcoa felni\"\/><\/div><\/div>\n<\/div><\/div>\n\n\n\n<h5 class=\"wp-block-heading\"><strong>Yolda test edildi<\/strong><\/h5>\n\n\n\n<p>Dura-Flange<sup>\u00ae<\/sup>&nbsp;jantlar, lastik dama\u011f\u0131n\u0131n jant flan\u015f\u0131na s\u00fcrt\u00fcnmesine neden olan, y\u00fcklerin a\u011f\u0131r oldu\u011fu ve kaymaya meyilli yerlerde ta\u015f\u0131maya en uygundur, \u00f6rne\u011fin:<\/p>\n\n\n\n<div class=\"wp-block-alcoa-wheels-lists alcoa-wheels-lists-block\"><div class=\"list-wrapper\"><ol style=\"list-style-type:none\">\n<div class=\"wp-block-alcoa-wheels-list-items inner-list-item-wrapper  with-icon list-item-wrapper\"><img decoding=\"async\" src=\"https:\/\/www.alcoawheels.com\/europe\/tr\/wp-content\/uploads\/sites\/24\/2023\/05\/wheel-bullet.jpg\" class=\"image-icon\" alt=\"https:\/\/www.alcoawheels.com\/europe\/tr\/wp-content\/uploads\/sites\/24\/2023\/05\/wheel-bullet.jpg\"\/><li class=\"inner-list-item  with-icon\"><span>A\u015f\u0131r\u0131 ko\u015fullar alt\u0131nda ta\u015f\u0131mac\u0131l\u0131k, \u00f6rne\u011fin madencilik<\/span><\/li><\/div>\n\n\n\n<div class=\"wp-block-alcoa-wheels-list-items inner-list-item-wrapper  with-icon list-item-wrapper\"><img decoding=\"async\" src=\"https:\/\/www.alcoawheels.com\/europe\/tr\/wp-content\/uploads\/sites\/24\/2023\/05\/wheel-bullet.jpg\" class=\"image-icon\" alt=\"https:\/\/www.alcoawheels.com\/europe\/tr\/wp-content\/uploads\/sites\/24\/2023\/05\/wheel-bullet.jpg\"\/><li class=\"inner-list-item  with-icon\"><span>A\u011f\u0131r nakliye, \u00f6rne\u011fin kerestecilik<\/span><\/li><\/div>\n\n\n\n<div class=\"wp-block-alcoa-wheels-list-items inner-list-item-wrapper  with-icon list-item-wrapper\"><img decoding=\"async\" src=\"https:\/\/www.alcoawheels.com\/europe\/tr\/wp-content\/uploads\/sites\/24\/2023\/05\/wheel-bullet.jpg\" class=\"image-icon\" alt=\"https:\/\/www.alcoawheels.com\/europe\/tr\/wp-content\/uploads\/sites\/24\/2023\/05\/wheel-bullet.jpg\"\/><li class=\"inner-list-item  with-icon\"><span>Yolda ve arazide \u00e7al\u0131\u015fan tankerler (\u00f6rne\u011fin s\u00fct toplama, yak\u0131t da\u011f\u0131t\u0131m\u0131)<\/span><\/li><\/div>\n\n\n\n<div class=\"wp-block-alcoa-wheels-list-items inner-list-item-wrapper  with-icon list-item-wrapper\"><img decoding=\"async\" src=\"https:\/\/www.alcoawheels.com\/europe\/tr\/wp-content\/uploads\/sites\/24\/2023\/05\/wheel-bullet.jpg\" class=\"image-icon\" alt=\"https:\/\/www.alcoawheels.com\/europe\/tr\/wp-content\/uploads\/sites\/24\/2023\/05\/wheel-bullet.jpg\"\/><li class=\"inner-list-item  with-icon\"><span>\u015eehir i\u00e7i otob\u00fcs<\/span><\/li><\/div>\n<\/ol><\/div><\/div>\n\n\n\n<div class=\"wp-block-alcoa-wheels-zigzag media-list__body\" id=\"zigzag-main-3b3b0bea-091c-4d01-a453-e2a068faddd0\"><div class=\"media-list__body_main  vertical-align-center  container\">\n<div class=\"wp-block-alcoa-wheels-zigzag-item media-list-item\"><div class=\"media-list-item__box_content\"><div class=\"media-list-item__box_content_inner\">\n<h5 class=\"wp-block-heading\"><strong>Jant A\u015f\u0131nmas\u0131na Kar\u015f\u0131 Korumal\u0131<\/strong><\/h5>\n\n\n\n<p>Dura-Flange<sup>\u00ae<\/sup> jantlar, &#8220;Jant A\u015f\u0131nmas\u0131na Kar\u015f\u0131 Korumal\u0131&#8221; etiketiyle kolayca tan\u0131n\u0131r. DF ile biten par\u00e7a numaralar\u0131 Dura-Flange<sup>\u00ae<\/sup> ile i\u015flenmi\u015ftir.<\/p>\n<\/div><\/div><div class=\"media-list-item__box_image\"><img loading=\"lazy\" decoding=\"async\" width=\"410\" height=\"142\" src=\"https:\/\/www.alcoawheels.com\/europe\/tr\/wp-content\/uploads\/sites\/24\/2023\/06\/surface-treatments-dura-flange-sticker.jpg\" alt=\"Dura-Flange matrica\"\/><\/div><\/div>\n<\/div><\/div>\n\n\n\n<div style=\"height:50px\" aria-hidden=\"true\" class=\"wp-block-spacer spacer-fifty\"><\/div>\n\n\n\n<div class=\"wp-block-alcoa-wheels-card-usecase-1 card-box-v1__body with-icon align-center vertical-align-center\" id=\"card_box_v1-9bf6a0d0-16e6-4067-ac64-df2809798dfd\"><div class=\"fullwidthcontainer\"><div class=\"card-box-v1__boxes has-4-columns\"><div class=\"card-box-v1__box  with-link \" style=\"background-color:#00afb9\"><img decoding=\"async\" src=\"https:\/\/www.alcoawheels.com\/europe\/tr\/wp-content\/themes\/alcoa-wheels\/assets\/build\/js\/blocks\/card-usecase-1\/..\/..\/..\/images\/placeholder-image.db2b4d5c.jpeg\" alt=\"\u0130leti\u015fim\"\/><div class=\"card-box-v1__box__inner pos-abs\"><div class=\"card-box-v1__box_icon\"><img loading=\"lazy\" decoding=\"async\" width=\"171\" height=\"171\" src=\"https:\/\/www.alcoawheels.com\/europe\/tr\/wp-content\/uploads\/sites\/24\/2023\/06\/contact.png\" alt=\"\"\/><\/div><div class=\"card-box-v1__box_content\"><h4 style=\"color:#ffffff\">\u0130leti\u015fim<\/h4><\/div><div class=\"btn-wrap\"><\/div><\/div><a href=\"\/europe\/tr\/iletisim\" aria-label=\"\u0130leti\u015fim\"><\/a><\/div><div class=\"card-box-v1__box  with-link \" style=\"background-color:#34bfc7\"><img decoding=\"async\" src=\"https:\/\/www.alcoawheels.com\/europe\/tr\/wp-content\/themes\/alcoa-wheels\/assets\/build\/js\/blocks\/card-usecase-1\/..\/..\/..\/images\/placeholder-image.db2b4d5c.jpeg\" alt=\"Jant \u00c7e\u015fitleri\"\/><div class=\"card-box-v1__box__inner pos-abs\"><div class=\"card-box-v1__box_icon\"><img loading=\"lazy\" decoding=\"async\" width=\"169\" height=\"169\" src=\"https:\/\/www.alcoawheels.com\/europe\/tr\/wp-content\/uploads\/sites\/24\/2023\/06\/product-search.png\" alt=\"\"\/><\/div><div class=\"card-box-v1__box_content\"><h4 style=\"color:#ffffff\">Jant \u00c7e\u015fitleri<\/h4><\/div><div class=\"btn-wrap\"><\/div><\/div><a href=\"\/europe\/tr\/jant-cesitleri\" aria-label=\"Jant \u00c7e\u015fitleri\"><\/a><\/div><div class=\"card-box-v1__box  with-link \" style=\"background-color:#00afb9\"><img decoding=\"async\" src=\"https:\/\/www.alcoawheels.com\/europe\/tr\/wp-content\/themes\/alcoa-wheels\/assets\/build\/js\/blocks\/card-usecase-1\/..\/..\/..\/images\/placeholder-image.db2b4d5c.jpeg\" alt=\"Y\u00fczey \u0130\u015flemleri\"\/><div class=\"card-box-v1__box__inner pos-abs\"><div class=\"card-box-v1__box_icon\"><img loading=\"lazy\" decoding=\"async\" width=\"169\" height=\"169\" src=\"https:\/\/www.alcoawheels.com\/europe\/tr\/wp-content\/uploads\/sites\/24\/2023\/06\/where-to-buy.png\" alt=\"\"\/><\/div><div class=\"card-box-v1__box_content\"><h4 style=\"color:#ffffff\">Y\u00fczey \u0130\u015flemleri<\/h4><\/div><div class=\"btn-wrap\"><\/div><\/div><a href=\"\/europe\/tr\/nereden-alinir\" aria-label=\"Y\u00fczey \u0130\u015flemleri\"><\/a><\/div><div class=\"card-box-v1__box  with-link \" style=\"background-color:#34bfc7\"><img decoding=\"async\" src=\"https:\/\/www.alcoawheels.com\/europe\/tr\/wp-content\/themes\/alcoa-wheels\/assets\/build\/js\/blocks\/card-usecase-1\/..\/..\/..\/images\/placeholder-image.db2b4d5c.jpeg\" alt=\"\u0130ndirmeler\"\/><div class=\"card-box-v1__box__inner pos-abs\"><div class=\"card-box-v1__box_icon\"><img loading=\"lazy\" decoding=\"async\" width=\"169\" height=\"169\" src=\"https:\/\/www.alcoawheels.com\/europe\/tr\/wp-content\/uploads\/sites\/24\/2023\/06\/product-literature.png\" alt=\"\"\/><\/div><div class=\"card-box-v1__box_content\"><h4 style=\"color:#ffffff\">\u0130ndirmeler<\/h4><\/div><div class=\"btn-wrap\"><\/div><\/div><a href=\"\/europe\/tr\/urun-bilgileri\" aria-label=\"\u0130ndirmeler\"><\/a><\/div><\/div><\/div><\/div>\n","protected":false},"excerpt":{"rendered":"<p>Al\u00e7ak G\u00f6vdeli Treyler Jantlar\u0131 Mega Treylerler i\u00e7in Jantlar Dura-Flange\u00ae Yolda test edildi Dura-Flange\u00ae&nbsp;jantlar, lastik dama\u011f\u0131n\u0131n jant flan\u015f\u0131na s\u00fcrt\u00fcnmesine neden olan, y\u00fcklerin a\u011f\u0131r oldu\u011fu ve kaymaya meyilli yerlerde ta\u015f\u0131maya en uygundur, \u00f6rne\u011fin:<\/p>\n","protected":false},"author":44,"featured_media":0,"parent":0,"menu_order":0,"comment_status":"closed","ping_status":"closed","template":"","meta":{"_acf_changed":false,"protected_reviewer_email":"","editor_notices":[],"footnotes":""},"class_list":["post-22","page","type-page","status-publish","hentry"],"acf":[],"yoast_head":"<!-- This site is optimized with the Yoast SEO Premium plugin v27.4 (Yoast SEO v27.4) - https:\/\/yoast.com\/product\/yoast-seo-premium-wordpress\/ -->\n<title>Finish Options for Aluminum Wheels | Alcoa Wheels<\/title>\n<meta name=\"description\" content=\"Alcoa aluminum wheels come in a variety of finish options. No matter what you&#039;re looking for, Alcoa has aluminum wheels perfect for your application.\" \/>\n<meta name=\"robots\" content=\"index, follow, max-snippet:-1, max-image-preview:large, max-video-preview:-1\" \/>\n<link rel=\"canonical\" href=\"https:\/\/www.alcoawheels.com\/europe\/tr\/ozel-uygulamalar\/\" \/>\n<meta property=\"og:locale\" content=\"en_US\" \/>\n<meta property=\"og:type\" content=\"article\" \/>\n<meta property=\"og:title\" content=\"\u00d6zel Uygulamalar\" \/>\n<meta property=\"og:description\" content=\"Alcoa aluminum wheels come in a variety of finish options. No matter what you&#039;re looking for, Alcoa has aluminum wheels perfect for your application.\" \/>\n<meta property=\"og:url\" content=\"https:\/\/www.alcoawheels.com\/europe\/tr\/ozel-uygulamalar\/\" \/>\n<meta property=\"og:site_name\" content=\"Europe Turkish\" \/>\n<meta property=\"article:modified_time\" content=\"2025-11-21T21:03:27+00:00\" \/>\n<meta property=\"og:image\" content=\"https:\/\/www.alcoawheels.com\/europe\/tr\/wp-content\/uploads\/sites\/24\/2023\/06\/special-applications-banner.jpg\" \/>\n<meta name=\"twitter:card\" content=\"summary_large_image\" \/>\n<meta name=\"twitter:label1\" content=\"Est. reading time\" \/>\n\t<meta name=\"twitter:data1\" content=\"5 minutes\" \/>\n<script type=\"application\/ld+json\" class=\"yoast-schema-graph\">{\"@context\":\"https:\\\/\\\/schema.org\",\"@graph\":[{\"@type\":\"WebPage\",\"@id\":\"https:\\\/\\\/www.alcoawheels.com\\\/europe\\\/tr\\\/ozel-uygulamalar\\\/\",\"url\":\"https:\\\/\\\/www.alcoawheels.com\\\/europe\\\/tr\\\/ozel-uygulamalar\\\/\",\"name\":\"Finish Options for Aluminum Wheels | Alcoa Wheels\",\"isPartOf\":{\"@id\":\"https:\\\/\\\/www.alcoawheels.com\\\/europe\\\/tr\\\/#website\"},\"primaryImageOfPage\":{\"@id\":\"https:\\\/\\\/www.alcoawheels.com\\\/europe\\\/tr\\\/ozel-uygulamalar\\\/#primaryimage\"},\"image\":{\"@id\":\"https:\\\/\\\/www.alcoawheels.com\\\/europe\\\/tr\\\/ozel-uygulamalar\\\/#primaryimage\"},\"thumbnailUrl\":\"https:\\\/\\\/www.alcoawheels.com\\\/europe\\\/tr\\\/wp-content\\\/uploads\\\/sites\\\/24\\\/2023\\\/06\\\/special-applications-banner.jpg\",\"datePublished\":\"2023-05-26T19:00:28+00:00\",\"dateModified\":\"2025-11-21T21:03:27+00:00\",\"description\":\"Alcoa aluminum wheels come in a variety of finish options. No matter what you're looking for, Alcoa has aluminum wheels perfect for your application.\",\"breadcrumb\":{\"@id\":\"https:\\\/\\\/www.alcoawheels.com\\\/europe\\\/tr\\\/ozel-uygulamalar\\\/#breadcrumb\"},\"inLanguage\":\"en-US\",\"potentialAction\":[{\"@type\":\"ReadAction\",\"target\":[\"https:\\\/\\\/www.alcoawheels.com\\\/europe\\\/tr\\\/ozel-uygulamalar\\\/\"]}]},{\"@type\":\"ImageObject\",\"inLanguage\":\"en-US\",\"@id\":\"https:\\\/\\\/www.alcoawheels.com\\\/europe\\\/tr\\\/ozel-uygulamalar\\\/#primaryimage\",\"url\":\"https:\\\/\\\/www.alcoawheels.com\\\/europe\\\/tr\\\/wp-content\\\/uploads\\\/sites\\\/24\\\/2023\\\/06\\\/special-applications-banner.jpg\",\"contentUrl\":\"https:\\\/\\\/www.alcoawheels.com\\\/europe\\\/tr\\\/wp-content\\\/uploads\\\/sites\\\/24\\\/2023\\\/06\\\/special-applications-banner.jpg\",\"width\":1119,\"height\":280,\"caption\":\"Special Application Alcoa Wheels\"},{\"@type\":\"BreadcrumbList\",\"@id\":\"https:\\\/\\\/www.alcoawheels.com\\\/europe\\\/tr\\\/ozel-uygulamalar\\\/#breadcrumb\",\"itemListElement\":[{\"@type\":\"ListItem\",\"position\":1,\"name\":\"Home\",\"item\":\"https:\\\/\\\/www.alcoawheels.com\\\/europe\\\/tr\\\/\"},{\"@type\":\"ListItem\",\"position\":2,\"name\":\"\u00d6zel Uygulamalar\"}]},{\"@type\":\"WebSite\",\"@id\":\"https:\\\/\\\/www.alcoawheels.com\\\/europe\\\/tr\\\/#website\",\"url\":\"https:\\\/\\\/www.alcoawheels.com\\\/europe\\\/tr\\\/\",\"name\":\"Europe Turkish\",\"description\":\"\",\"publisher\":{\"@id\":\"https:\\\/\\\/www.alcoawheels.com\\\/europe\\\/tr\\\/#organization\"},\"potentialAction\":[{\"@type\":\"SearchAction\",\"target\":{\"@type\":\"EntryPoint\",\"urlTemplate\":\"https:\\\/\\\/www.alcoawheels.com\\\/europe\\\/tr\\\/?s={search_term_string}\"},\"query-input\":{\"@type\":\"PropertyValueSpecification\",\"valueRequired\":true,\"valueName\":\"search_term_string\"}}],\"inLanguage\":\"en-US\"},{\"@type\":\"Organization\",\"@id\":\"https:\\\/\\\/www.alcoawheels.com\\\/europe\\\/tr\\\/#organization\",\"name\":\"Europe Turkish\",\"url\":\"https:\\\/\\\/www.alcoawheels.com\\\/europe\\\/tr\\\/\",\"logo\":{\"@type\":\"ImageObject\",\"inLanguage\":\"en-US\",\"@id\":\"https:\\\/\\\/www.alcoawheels.com\\\/europe\\\/tr\\\/#\\\/schema\\\/logo\\\/image\\\/\",\"url\":\"https:\\\/\\\/www.alcoawheels.com\\\/europe\\\/tr\\\/wp-content\\\/uploads\\\/sites\\\/24\\\/2023\\\/05\\\/logo-black.gif\",\"contentUrl\":\"https:\\\/\\\/www.alcoawheels.com\\\/europe\\\/tr\\\/wp-content\\\/uploads\\\/sites\\\/24\\\/2023\\\/05\\\/logo-black.gif\",\"width\":71,\"height\":64,\"caption\":\"Europe Turkish\"},\"image\":{\"@id\":\"https:\\\/\\\/www.alcoawheels.com\\\/europe\\\/tr\\\/#\\\/schema\\\/logo\\\/image\\\/\"}}]}<\/script>\n<!-- \/ Yoast SEO Premium plugin. -->","yoast_head_json":{"title":"Finish Options for Aluminum Wheels | Alcoa Wheels","description":"Alcoa aluminum wheels come in a variety of finish options. No matter what you're looking for, Alcoa has aluminum wheels perfect for your application.","robots":{"index":"index","follow":"follow","max-snippet":"max-snippet:-1","max-image-preview":"max-image-preview:large","max-video-preview":"max-video-preview:-1"},"canonical":"https:\/\/www.alcoawheels.com\/europe\/tr\/ozel-uygulamalar\/","og_locale":"en_US","og_type":"article","og_title":"\u00d6zel Uygulamalar","og_description":"Alcoa aluminum wheels come in a variety of finish options. No matter what you're looking for, Alcoa has aluminum wheels perfect for your application.","og_url":"https:\/\/www.alcoawheels.com\/europe\/tr\/ozel-uygulamalar\/","og_site_name":"Europe Turkish","article_modified_time":"2025-11-21T21:03:27+00:00","og_image":[{"url":"https:\/\/www.alcoawheels.com\/europe\/tr\/wp-content\/uploads\/sites\/24\/2023\/06\/special-applications-banner.jpg","type":"","width":"","height":""}],"twitter_card":"summary_large_image","twitter_misc":{"Est. reading time":"5 minutes"},"schema":{"@context":"https:\/\/schema.org","@graph":[{"@type":"WebPage","@id":"https:\/\/www.alcoawheels.com\/europe\/tr\/ozel-uygulamalar\/","url":"https:\/\/www.alcoawheels.com\/europe\/tr\/ozel-uygulamalar\/","name":"Finish Options for Aluminum Wheels | Alcoa Wheels","isPartOf":{"@id":"https:\/\/www.alcoawheels.com\/europe\/tr\/#website"},"primaryImageOfPage":{"@id":"https:\/\/www.alcoawheels.com\/europe\/tr\/ozel-uygulamalar\/#primaryimage"},"image":{"@id":"https:\/\/www.alcoawheels.com\/europe\/tr\/ozel-uygulamalar\/#primaryimage"},"thumbnailUrl":"https:\/\/www.alcoawheels.com\/europe\/tr\/wp-content\/uploads\/sites\/24\/2023\/06\/special-applications-banner.jpg","datePublished":"2023-05-26T19:00:28+00:00","dateModified":"2025-11-21T21:03:27+00:00","description":"Alcoa aluminum wheels come in a variety of finish options. No matter what you're looking for, Alcoa has aluminum wheels perfect for your application.","breadcrumb":{"@id":"https:\/\/www.alcoawheels.com\/europe\/tr\/ozel-uygulamalar\/#breadcrumb"},"inLanguage":"en-US","potentialAction":[{"@type":"ReadAction","target":["https:\/\/www.alcoawheels.com\/europe\/tr\/ozel-uygulamalar\/"]}]},{"@type":"ImageObject","inLanguage":"en-US","@id":"https:\/\/www.alcoawheels.com\/europe\/tr\/ozel-uygulamalar\/#primaryimage","url":"https:\/\/www.alcoawheels.com\/europe\/tr\/wp-content\/uploads\/sites\/24\/2023\/06\/special-applications-banner.jpg","contentUrl":"https:\/\/www.alcoawheels.com\/europe\/tr\/wp-content\/uploads\/sites\/24\/2023\/06\/special-applications-banner.jpg","width":1119,"height":280,"caption":"Special Application Alcoa Wheels"},{"@type":"BreadcrumbList","@id":"https:\/\/www.alcoawheels.com\/europe\/tr\/ozel-uygulamalar\/#breadcrumb","itemListElement":[{"@type":"ListItem","position":1,"name":"Home","item":"https:\/\/www.alcoawheels.com\/europe\/tr\/"},{"@type":"ListItem","position":2,"name":"\u00d6zel Uygulamalar"}]},{"@type":"WebSite","@id":"https:\/\/www.alcoawheels.com\/europe\/tr\/#website","url":"https:\/\/www.alcoawheels.com\/europe\/tr\/","name":"Europe Turkish","description":"","publisher":{"@id":"https:\/\/www.alcoawheels.com\/europe\/tr\/#organization"},"potentialAction":[{"@type":"SearchAction","target":{"@type":"EntryPoint","urlTemplate":"https:\/\/www.alcoawheels.com\/europe\/tr\/?s={search_term_string}"},"query-input":{"@type":"PropertyValueSpecification","valueRequired":true,"valueName":"search_term_string"}}],"inLanguage":"en-US"},{"@type":"Organization","@id":"https:\/\/www.alcoawheels.com\/europe\/tr\/#organization","name":"Europe Turkish","url":"https:\/\/www.alcoawheels.com\/europe\/tr\/","logo":{"@type":"ImageObject","inLanguage":"en-US","@id":"https:\/\/www.alcoawheels.com\/europe\/tr\/#\/schema\/logo\/image\/","url":"https:\/\/www.alcoawheels.com\/europe\/tr\/wp-content\/uploads\/sites\/24\/2023\/05\/logo-black.gif","contentUrl":"https:\/\/www.alcoawheels.com\/europe\/tr\/wp-content\/uploads\/sites\/24\/2023\/05\/logo-black.gif","width":71,"height":64,"caption":"Europe Turkish"},"image":{"@id":"https:\/\/www.alcoawheels.com\/europe\/tr\/#\/schema\/logo\/image\/"}}]}},"parsely":{"version":"1.1.0","canonical_url":"https:\/\/alcoawheels.com\/europe\/tr\/ozel-uygulamalar\/","smart_links":{"inbound":0,"outbound":0},"traffic_boost_suggestions_count":0,"meta":{"@context":"https:\/\/schema.org","@type":"WebPage","headline":"\u00d6zel Uygulamalar","url":"http:\/\/www.alcoawheels.com\/europe\/tr\/ozel-uygulamalar\/","mainEntityOfPage":{"@type":"WebPage","@id":"http:\/\/www.alcoawheels.com\/europe\/tr\/ozel-uygulamalar\/"},"thumbnailUrl":"","image":{"@type":"ImageObject","url":""},"articleSection":"Uncategorized","author":[{"@type":"Person","name":"howmet"}],"creator":["howmet"],"publisher":{"@type":"Organization","name":"Europe Turkish","logo":""},"keywords":[],"dateCreated":"2023-05-26T19:00:28Z","datePublished":"2023-05-26T19:00:28Z","dateModified":"2025-11-21T21:03:27Z"},"rendered":"<script type=\"application\/ld+json\" class=\"wp-parsely-metadata\">{\"@context\":\"https:\\\/\\\/schema.org\",\"@type\":\"WebPage\",\"headline\":\"\\u00d6zel Uygulamalar\",\"url\":\"http:\\\/\\\/www.alcoawheels.com\\\/europe\\\/tr\\\/ozel-uygulamalar\\\/\",\"mainEntityOfPage\":{\"@type\":\"WebPage\",\"@id\":\"http:\\\/\\\/www.alcoawheels.com\\\/europe\\\/tr\\\/ozel-uygulamalar\\\/\"},\"thumbnailUrl\":\"\",\"image\":{\"@type\":\"ImageObject\",\"url\":\"\"},\"articleSection\":\"Uncategorized\",\"author\":[{\"@type\":\"Person\",\"name\":\"howmet\"}],\"creator\":[\"howmet\"],\"publisher\":{\"@type\":\"Organization\",\"name\":\"Europe Turkish\",\"logo\":\"\"},\"keywords\":[],\"dateCreated\":\"2023-05-26T19:00:28Z\",\"datePublished\":\"2023-05-26T19:00:28Z\",\"dateModified\":\"2025-11-21T21:03:27Z\"}<\/script>","tracker_url":"https:\/\/cdn.parsely.com\/keys\/alcoawheels.com\/p.js"},"jetpack_sharing_enabled":true,"_links":{"self":[{"href":"https:\/\/www.alcoawheels.com\/europe\/tr\/wp-json\/wp\/v2\/pages\/22","targetHints":{"allow":["GET"]}}],"collection":[{"href":"https:\/\/www.alcoawheels.com\/europe\/tr\/wp-json\/wp\/v2\/pages"}],"about":[{"href":"https:\/\/www.alcoawheels.com\/europe\/tr\/wp-json\/wp\/v2\/types\/page"}],"author":[{"embeddable":true,"href":"https:\/\/www.alcoawheels.com\/europe\/tr\/wp-json\/wp\/v2\/users\/44"}],"replies":[{"embeddable":true,"href":"https:\/\/www.alcoawheels.com\/europe\/tr\/wp-json\/wp\/v2\/comments?post=22"}],"version-history":[{"count":14,"href":"https:\/\/www.alcoawheels.com\/europe\/tr\/wp-json\/wp\/v2\/pages\/22\/revisions"}],"predecessor-version":[{"id":2432,"href":"https:\/\/www.alcoawheels.com\/europe\/tr\/wp-json\/wp\/v2\/pages\/22\/revisions\/2432"}],"wp:attachment":[{"href":"https:\/\/www.alcoawheels.com\/europe\/tr\/wp-json\/wp\/v2\/media?parent=22"}],"curies":[{"name":"wp","href":"https:\/\/api.w.org\/{rel}","templated":true}]}}