{"id":2243,"date":"2024-09-17T15:32:16","date_gmt":"2024-09-17T12:32:16","guid":{"rendered":"https:\/\/www.alcoawheels.com\/europe\/tr\/?page_id=2243"},"modified":"2025-02-07T17:34:51","modified_gmt":"2025-02-07T14:34:51","slug":"jant-kayit-formu-durum-takibi","status":"publish","type":"page","link":"https:\/\/www.alcoawheels.com\/europe\/tr\/jant-kayit-formu-durum-takibi\/","title":{"rendered":"Jant Kay\u0131t Formu Durum Takibi"},"content":{"rendered":"\n<div class=\"wp-block-alcoa-wheels-hero-banner-innerpage hero-banner with-image layout-2 overlayEnable align- vertical-align- align-center vertical-align-center\" style=\"background-color:#eee\"><img decoding=\"async\" src=\"https:\/\/www.alcoawheels.com\/europe\/en\/wp-content\/uploads\/sites\/8\/2023\/06\/fsc-intro-banner.jpg\" alt=\"Fleet Service Center for Alcoa Wheels\" class=\"responsiveImage\"\/><div class=\"hero-banner__header\" style=\"text-align:center\"><div class=\"container\"><h1 class=\"hero-banner__header--title\">Jant Kay\u0131t Formu Durum Takibi<\/h1><\/div><\/div><\/div>\n\n\n\n<div style=\"height:50px\" aria-hidden=\"true\" class=\"wp-block-spacer\"><\/div>\n\n\n    <div class=\"lead-status-block-frontend\" data-attributes=\"{&quot;email&quot;:&quot;E-postan\\u0131z\\u0131 girin&quot;,&quot;leadId&quot;:&quot;M\\u00fc\\u015fteri aday\\u0131 kimli\\u011fini girin&quot;,&quot;status&quot;:&quot;Durum bilgisi&quot;,&quot;resetText&quot;:&quot;Temizle&quot;,&quot;loading&quot;:&quot;Durum y\\u00fckleniyor\\u2026&quot;,&quot;noMatch&quot;:&quot;Verilen e-posta adresi ve kimlik i\\u00e7in e\\u015fle\\u015fen bir m\\u00fc\\u015fteri aday\\u0131 bulunamad\\u0131. L\\u00fctfen bilgilerinizi do\\u011frulay\\u0131n ve tekrar deneyin.&quot;,&quot;dearCustomer&quot;:&quot;Say\\u0131n M\\u00fc\\u015fterimiz&quot;,&quot;thankYou&quot;:&quot;Jant kay\\u0131t kimli\\u011finizin son durumunu a\\u015fa\\u011f\\u0131da bulabilirsiniz:&quot;,&quot;customerMessage&quot;:&quot;Jant tescil kimli\\u011finizin son durumu&quot;,&quot;leadStatus&quot;:&quot;SON DURUM&quot;,&quot;description&quot;:&quot;Web sitesi a\\u00e7\\u0131klamas\\u0131&quot;,&quot;followMessage&quot;:&quot;Daha fazla bilgi i\\u00e7in ileti\\u015fime ge\\u00e7ebilirsiniz: &quot;,&quot;followEmail&quot;:&quot;fleet@howmet.com&quot;,&quot;followPhone&quot;:&quot;veya +3622531841 telefonundan i\\u015f g\\u00fcnlerinde 8.00-16:30 CET saatleri aras\\u0131nda ula\\u015fabilirsiniz.&quot;,&quot;checkboxText&quot;:&quot;&quot;,&quot;privacyText&quot;:&quot;Gizlilik politikam\\u0131z\\u0131 kabul etmek i\\u00e7in kutuyu i\\u015faretleyin.&quot;,&quot;privacyLink&quot;:&quot;\\\/europe\\\/tr\\\/gizlilik\\\/&quot;,&quot;consentMessage&quot;:&quot;Bu talebi g\\u00f6ndererek, yukar\\u0131da sa\\u011flanan ki\\u015fisel verilerimin Howmet Aerospace Inc. \\nve Amerika Birle\\u015fik Devletleri&#039;ndeki ve ba\\u015fka yerlerdeki t\\u00fcm kontroll\\u00fc kurulu\\u015flar\\u0131na ve yetkili \\u00fc\\u00e7\\u00fcnc\\u00fc taraf y\\u00fcklenicilerine veya temsilcilerine aktar\\u0131lmas\\u0131na ve bu verilerin talebime cevap vermek amac\\u0131yla i\\u015flenmesine izin veriyorum. Howmet Aerospace, sa\\u011flanan bilgileri yaln\\u0131zca talebi yan\\u0131tlamak amac\\u0131yla kullanacak ve verileri talebi tamamlayabilmek i\\u00e7in kesinlikle gerekli oldu\\u011fu s\\u00fcrece saklayacakt\\u0131r. Ki\\u015fisel verilerimin i\\u015flenmesi ve aktar\\u0131lmas\\u0131n\\u0131n nedenleri hakk\\u0131nda tam olarak bilgilendirildi\\u011fimi ve bu t\\u00fcr ki\\u015fisel bilgilerle ilgili t\\u00fcm haklar\\u0131m\\u0131n ve y\\u00fcr\\u00fcrl\\u00fckteki t\\u00fcm yasalar\\u0131n fark\\u0131nda oldu\\u011fumu onayl\\u0131yorum. Bundan sonra herhangi bir zamanda yukar\\u0131da verdi\\u011fim izni geri \\u00e7ekmek istedi\\u011fime karar verirsem, bu karar\\u0131m\\u0131 bildirmek i\\u00e7in Howmet Aerospace ile ileti\\u015fime ge\\u00e7ece\\u011fim. Ayr\\u0131ca Howmet Aerospace taraf\\u0131ndan saklanan herhangi bir yanl\\u0131\\u015f bilginin d\\u00fczeltilmesini isteme hakk\\u0131na da sahibim.&quot;,&quot;leadTime&quot;:&quot;Lead Time&quot;}\">\n        <form class=\"lead_form\">\n            <input type=\"email\" placeholder=\"E-postan\u0131z\u0131 girin\" required class=\"email_input\">\n            <input type=\"text\" placeholder=\"M\u00fc\u015fteri aday\u0131 kimli\u011fini girin\" required>\n            <button type=\"submit\" class=\"input-group-addon submit_button\" disabled>Durum bilgisi<\/button>\n            <button type=\"button\" class=\"input-group-addon reset-button\">Temizle<\/button>\n            <p class=\"field-label consent-label\"><strong><\/strong> <a href=\"\/europe\/tr\/gizlilik\/\" target=\"_blank\">Gizlilik politikam\u0131z\u0131 kabul etmek i\u00e7in kutuyu i\u015faretleyin.<\/a>.<\/p>\n            <div class=\"checkbox-group\" id=\"checkbox_group\">\n                <div class=\"formbuilder-checkbox\">\n                    <input type=\"checkbox\" id=\"consent\" name=\"consent_message\" value=\"Bu talebi g\u00f6ndererek, yukar\u0131da sa\u011flanan ki\u015fisel verilerimin Howmet Aerospace Inc. \nve Amerika Birle\u015fik Devletleri&#039;ndeki ve ba\u015fka yerlerdeki t\u00fcm kontroll\u00fc kurulu\u015flar\u0131na ve yetkili \u00fc\u00e7\u00fcnc\u00fc taraf y\u00fcklenicilerine veya temsilcilerine aktar\u0131lmas\u0131na ve bu verilerin talebime cevap vermek amac\u0131yla i\u015flenmesine izin veriyorum. Howmet Aerospace, sa\u011flanan bilgileri yaln\u0131zca talebi yan\u0131tlamak amac\u0131yla kullanacak ve verileri talebi tamamlayabilmek i\u00e7in kesinlikle gerekli oldu\u011fu s\u00fcrece saklayacakt\u0131r. Ki\u015fisel verilerimin i\u015flenmesi ve aktar\u0131lmas\u0131n\u0131n nedenleri hakk\u0131nda tam olarak bilgilendirildi\u011fimi ve bu t\u00fcr ki\u015fisel bilgilerle ilgili t\u00fcm haklar\u0131m\u0131n ve y\u00fcr\u00fcrl\u00fckteki t\u00fcm yasalar\u0131n fark\u0131nda oldu\u011fumu onayl\u0131yorum. Bundan sonra herhangi bir zamanda yukar\u0131da verdi\u011fim izni geri \u00e7ekmek istedi\u011fime karar verirsem, bu karar\u0131m\u0131 bildirmek i\u00e7in Howmet Aerospace ile ileti\u015fime ge\u00e7ece\u011fim. Ayr\u0131ca Howmet Aerospace taraf\u0131ndan saklanan herhangi bir yanl\u0131\u015f bilginin d\u00fczeltilmesini isteme hakk\u0131na da sahibim.\" class=\"consent_message\" required>\n                    <label for=\"consent_message\">Bu talebi g\u00f6ndererek, yukar\u0131da sa\u011flanan ki\u015fisel verilerimin Howmet Aerospace Inc. \nve Amerika Birle\u015fik Devletleri&#039;ndeki ve ba\u015fka yerlerdeki t\u00fcm kontroll\u00fc kurulu\u015flar\u0131na ve yetkili \u00fc\u00e7\u00fcnc\u00fc taraf y\u00fcklenicilerine veya temsilcilerine aktar\u0131lmas\u0131na ve bu verilerin talebime cevap vermek amac\u0131yla i\u015flenmesine izin veriyorum. Howmet Aerospace, sa\u011flanan bilgileri yaln\u0131zca talebi yan\u0131tlamak amac\u0131yla kullanacak ve verileri talebi tamamlayabilmek i\u00e7in kesinlikle gerekli oldu\u011fu s\u00fcrece saklayacakt\u0131r. Ki\u015fisel verilerimin i\u015flenmesi ve aktar\u0131lmas\u0131n\u0131n nedenleri hakk\u0131nda tam olarak bilgilendirildi\u011fimi ve bu t\u00fcr ki\u015fisel bilgilerle ilgili t\u00fcm haklar\u0131m\u0131n ve y\u00fcr\u00fcrl\u00fckteki t\u00fcm yasalar\u0131n fark\u0131nda oldu\u011fumu onayl\u0131yorum. Bundan sonra herhangi bir zamanda yukar\u0131da verdi\u011fim izni geri \u00e7ekmek istedi\u011fime karar verirsem, bu karar\u0131m\u0131 bildirmek i\u00e7in Howmet Aerospace ile ileti\u015fime ge\u00e7ece\u011fim. Ayr\u0131ca Howmet Aerospace taraf\u0131ndan saklanan herhangi bir yanl\u0131\u015f bilginin d\u00fczeltilmesini isteme hakk\u0131na da sahibim.<\/label>\n                <\/div>\n            <\/div>\n        <\/form>\n        <div class=\"lead_section\"><\/div>\n    <\/div>\n\n\n\n<div style=\"height:50px\" aria-hidden=\"true\" class=\"wp-block-spacer\"><\/div>\n\n\n\n<p>Ba\u015fka bir jant kay\u0131t formu g\u00f6ndermeniz mi gerekiyor? L\u00fctfen <a href=\"https:\/\/www.alcoawheels.com\/europe\/tr\/filo-servis-merkezi\/\">buraya<\/a> t\u0131klay\u0131n<\/p>\n\n\n\n<p>Herhangi bir sorun ya\u015f\u0131yorsan\u0131z veya sorular\u0131n\u0131z varsa, l\u00fctfen <a href=\"https:\/\/www.alcoawheels.com\/europe\/tr\/fsm-giris\/\">Filo Servis Merkezini<\/a> ve\/veya <a href=\"https:\/\/www.alcoawheels.com\/europe\/tr\/sss\/\">SSS<\/a> b\u00f6l\u00fcm\u00fcm\u00fcz\u00fc ziyaret edin.<\/p>\n\n\n\n<p><\/p>\n","protected":false},"excerpt":{"rendered":"<p>Ba\u015fka bir jant kay\u0131t formu g\u00f6ndermeniz mi gerekiyor? L\u00fctfen buraya t\u0131klay\u0131n Herhangi bir sorun ya\u015f\u0131yorsan\u0131z veya sorular\u0131n\u0131z varsa, l\u00fctfen Filo Servis Merkezini ve\/veya SSS b\u00f6l\u00fcm\u00fcm\u00fcz\u00fc ziyaret edin.<\/p>\n","protected":false},"author":62,"featured_media":0,"parent":0,"menu_order":0,"comment_status":"closed","ping_status":"closed","template":"","meta":{"_acf_changed":false,"protected_reviewer_email":"","editor_notices":[],"footnotes":""},"class_list":["post-2243","page","type-page","status-publish","hentry"],"acf":[],"yoast_head":"<!-- This site is optimized with the Yoast SEO Premium plugin v27.4 (Yoast SEO v27.4) - https:\/\/yoast.com\/product\/yoast-seo-premium-wordpress\/ -->\n<title>Jant Kay\u0131t Formu Durum Takibi - Europe Turkish<\/title>\n<meta name=\"robots\" content=\"index, follow, max-snippet:-1, max-image-preview:large, max-video-preview:-1\" \/>\n<link rel=\"canonical\" href=\"https:\/\/www.alcoawheels.com\/europe\/tr\/jant-kayit-formu-durum-takibi\/\" \/>\n<meta property=\"og:locale\" content=\"en_US\" \/>\n<meta property=\"og:type\" content=\"article\" \/>\n<meta property=\"og:title\" content=\"Jant Kay\u0131t Formu Durum Takibi\" \/>\n<meta property=\"og:description\" content=\"Ba\u015fka bir jant kay\u0131t formu g\u00f6ndermeniz mi gerekiyor? L\u00fctfen buraya t\u0131klay\u0131n Herhangi bir sorun ya\u015f\u0131yorsan\u0131z veya sorular\u0131n\u0131z varsa, l\u00fctfen Filo Servis Merkezini ve\/veya SSS b\u00f6l\u00fcm\u00fcm\u00fcz\u00fc ziyaret edin.\" \/>\n<meta property=\"og:url\" content=\"https:\/\/www.alcoawheels.com\/europe\/tr\/jant-kayit-formu-durum-takibi\/\" \/>\n<meta property=\"og:site_name\" content=\"Europe Turkish\" \/>\n<meta property=\"article:modified_time\" content=\"2025-02-07T14:34:51+00:00\" \/>\n<meta property=\"og:image\" content=\"https:\/\/www.alcoawheels.com\/europe\/en\/wp-content\/uploads\/sites\/8\/2023\/06\/fsc-intro-banner.jpg\" \/>\n<meta name=\"twitter:card\" content=\"summary_large_image\" \/>\n<meta name=\"twitter:label1\" content=\"Est. reading time\" \/>\n\t<meta name=\"twitter:data1\" content=\"1 minute\" \/>\n<script type=\"application\/ld+json\" class=\"yoast-schema-graph\">{\"@context\":\"https:\\\/\\\/schema.org\",\"@graph\":[{\"@type\":\"WebPage\",\"@id\":\"https:\\\/\\\/www.alcoawheels.com\\\/europe\\\/tr\\\/jant-kayit-formu-durum-takibi\\\/\",\"url\":\"https:\\\/\\\/www.alcoawheels.com\\\/europe\\\/tr\\\/jant-kayit-formu-durum-takibi\\\/\",\"name\":\"Jant Kay\u0131t Formu Durum Takibi - Europe Turkish\",\"isPartOf\":{\"@id\":\"https:\\\/\\\/www.alcoawheels.com\\\/europe\\\/tr\\\/#website\"},\"primaryImageOfPage\":{\"@id\":\"https:\\\/\\\/www.alcoawheels.com\\\/europe\\\/tr\\\/jant-kayit-formu-durum-takibi\\\/#primaryimage\"},\"image\":{\"@id\":\"https:\\\/\\\/www.alcoawheels.com\\\/europe\\\/tr\\\/jant-kayit-formu-durum-takibi\\\/#primaryimage\"},\"thumbnailUrl\":\"https:\\\/\\\/www.alcoawheels.com\\\/europe\\\/en\\\/wp-content\\\/uploads\\\/sites\\\/8\\\/2023\\\/06\\\/fsc-intro-banner.jpg\",\"datePublished\":\"2024-09-17T12:32:16+00:00\",\"dateModified\":\"2025-02-07T14:34:51+00:00\",\"breadcrumb\":{\"@id\":\"https:\\\/\\\/www.alcoawheels.com\\\/europe\\\/tr\\\/jant-kayit-formu-durum-takibi\\\/#breadcrumb\"},\"inLanguage\":\"en-US\",\"potentialAction\":[{\"@type\":\"ReadAction\",\"target\":[\"https:\\\/\\\/www.alcoawheels.com\\\/europe\\\/tr\\\/jant-kayit-formu-durum-takibi\\\/\"]}]},{\"@type\":\"ImageObject\",\"inLanguage\":\"en-US\",\"@id\":\"https:\\\/\\\/www.alcoawheels.com\\\/europe\\\/tr\\\/jant-kayit-formu-durum-takibi\\\/#primaryimage\",\"url\":\"https:\\\/\\\/www.alcoawheels.com\\\/europe\\\/en\\\/wp-content\\\/uploads\\\/sites\\\/8\\\/2023\\\/06\\\/fsc-intro-banner.jpg\",\"contentUrl\":\"https:\\\/\\\/www.alcoawheels.com\\\/europe\\\/en\\\/wp-content\\\/uploads\\\/sites\\\/8\\\/2023\\\/06\\\/fsc-intro-banner.jpg\"},{\"@type\":\"BreadcrumbList\",\"@id\":\"https:\\\/\\\/www.alcoawheels.com\\\/europe\\\/tr\\\/jant-kayit-formu-durum-takibi\\\/#breadcrumb\",\"itemListElement\":[{\"@type\":\"ListItem\",\"position\":1,\"name\":\"Home\",\"item\":\"https:\\\/\\\/www.alcoawheels.com\\\/europe\\\/tr\\\/\"},{\"@type\":\"ListItem\",\"position\":2,\"name\":\"Jant Kay\u0131t Formu Durum Takibi\"}]},{\"@type\":\"WebSite\",\"@id\":\"https:\\\/\\\/www.alcoawheels.com\\\/europe\\\/tr\\\/#website\",\"url\":\"https:\\\/\\\/www.alcoawheels.com\\\/europe\\\/tr\\\/\",\"name\":\"Europe Turkish\",\"description\":\"\",\"publisher\":{\"@id\":\"https:\\\/\\\/www.alcoawheels.com\\\/europe\\\/tr\\\/#organization\"},\"potentialAction\":[{\"@type\":\"SearchAction\",\"target\":{\"@type\":\"EntryPoint\",\"urlTemplate\":\"https:\\\/\\\/www.alcoawheels.com\\\/europe\\\/tr\\\/?s={search_term_string}\"},\"query-input\":{\"@type\":\"PropertyValueSpecification\",\"valueRequired\":true,\"valueName\":\"search_term_string\"}}],\"inLanguage\":\"en-US\"},{\"@type\":\"Organization\",\"@id\":\"https:\\\/\\\/www.alcoawheels.com\\\/europe\\\/tr\\\/#organization\",\"name\":\"Europe Turkish\",\"url\":\"https:\\\/\\\/www.alcoawheels.com\\\/europe\\\/tr\\\/\",\"logo\":{\"@type\":\"ImageObject\",\"inLanguage\":\"en-US\",\"@id\":\"https:\\\/\\\/www.alcoawheels.com\\\/europe\\\/tr\\\/#\\\/schema\\\/logo\\\/image\\\/\",\"url\":\"https:\\\/\\\/www.alcoawheels.com\\\/europe\\\/tr\\\/wp-content\\\/uploads\\\/sites\\\/24\\\/2023\\\/05\\\/logo-black.gif\",\"contentUrl\":\"https:\\\/\\\/www.alcoawheels.com\\\/europe\\\/tr\\\/wp-content\\\/uploads\\\/sites\\\/24\\\/2023\\\/05\\\/logo-black.gif\",\"width\":71,\"height\":64,\"caption\":\"Europe Turkish\"},\"image\":{\"@id\":\"https:\\\/\\\/www.alcoawheels.com\\\/europe\\\/tr\\\/#\\\/schema\\\/logo\\\/image\\\/\"}}]}<\/script>\n<!-- \/ Yoast SEO Premium plugin. -->","yoast_head_json":{"title":"Jant Kay\u0131t Formu Durum Takibi - Europe Turkish","robots":{"index":"index","follow":"follow","max-snippet":"max-snippet:-1","max-image-preview":"max-image-preview:large","max-video-preview":"max-video-preview:-1"},"canonical":"https:\/\/www.alcoawheels.com\/europe\/tr\/jant-kayit-formu-durum-takibi\/","og_locale":"en_US","og_type":"article","og_title":"Jant Kay\u0131t Formu Durum Takibi","og_description":"Ba\u015fka bir jant kay\u0131t formu g\u00f6ndermeniz mi gerekiyor? L\u00fctfen buraya t\u0131klay\u0131n Herhangi bir sorun ya\u015f\u0131yorsan\u0131z veya sorular\u0131n\u0131z varsa, l\u00fctfen Filo Servis Merkezini ve\/veya SSS b\u00f6l\u00fcm\u00fcm\u00fcz\u00fc ziyaret edin.","og_url":"https:\/\/www.alcoawheels.com\/europe\/tr\/jant-kayit-formu-durum-takibi\/","og_site_name":"Europe Turkish","article_modified_time":"2025-02-07T14:34:51+00:00","og_image":[{"url":"https:\/\/www.alcoawheels.com\/europe\/en\/wp-content\/uploads\/sites\/8\/2023\/06\/fsc-intro-banner.jpg","type":"","width":"","height":""}],"twitter_card":"summary_large_image","twitter_misc":{"Est. reading time":"1 minute"},"schema":{"@context":"https:\/\/schema.org","@graph":[{"@type":"WebPage","@id":"https:\/\/www.alcoawheels.com\/europe\/tr\/jant-kayit-formu-durum-takibi\/","url":"https:\/\/www.alcoawheels.com\/europe\/tr\/jant-kayit-formu-durum-takibi\/","name":"Jant Kay\u0131t Formu Durum Takibi - Europe Turkish","isPartOf":{"@id":"https:\/\/www.alcoawheels.com\/europe\/tr\/#website"},"primaryImageOfPage":{"@id":"https:\/\/www.alcoawheels.com\/europe\/tr\/jant-kayit-formu-durum-takibi\/#primaryimage"},"image":{"@id":"https:\/\/www.alcoawheels.com\/europe\/tr\/jant-kayit-formu-durum-takibi\/#primaryimage"},"thumbnailUrl":"https:\/\/www.alcoawheels.com\/europe\/en\/wp-content\/uploads\/sites\/8\/2023\/06\/fsc-intro-banner.jpg","datePublished":"2024-09-17T12:32:16+00:00","dateModified":"2025-02-07T14:34:51+00:00","breadcrumb":{"@id":"https:\/\/www.alcoawheels.com\/europe\/tr\/jant-kayit-formu-durum-takibi\/#breadcrumb"},"inLanguage":"en-US","potentialAction":[{"@type":"ReadAction","target":["https:\/\/www.alcoawheels.com\/europe\/tr\/jant-kayit-formu-durum-takibi\/"]}]},{"@type":"ImageObject","inLanguage":"en-US","@id":"https:\/\/www.alcoawheels.com\/europe\/tr\/jant-kayit-formu-durum-takibi\/#primaryimage","url":"https:\/\/www.alcoawheels.com\/europe\/en\/wp-content\/uploads\/sites\/8\/2023\/06\/fsc-intro-banner.jpg","contentUrl":"https:\/\/www.alcoawheels.com\/europe\/en\/wp-content\/uploads\/sites\/8\/2023\/06\/fsc-intro-banner.jpg"},{"@type":"BreadcrumbList","@id":"https:\/\/www.alcoawheels.com\/europe\/tr\/jant-kayit-formu-durum-takibi\/#breadcrumb","itemListElement":[{"@type":"ListItem","position":1,"name":"Home","item":"https:\/\/www.alcoawheels.com\/europe\/tr\/"},{"@type":"ListItem","position":2,"name":"Jant Kay\u0131t Formu Durum Takibi"}]},{"@type":"WebSite","@id":"https:\/\/www.alcoawheels.com\/europe\/tr\/#website","url":"https:\/\/www.alcoawheels.com\/europe\/tr\/","name":"Europe Turkish","description":"","publisher":{"@id":"https:\/\/www.alcoawheels.com\/europe\/tr\/#organization"},"potentialAction":[{"@type":"SearchAction","target":{"@type":"EntryPoint","urlTemplate":"https:\/\/www.alcoawheels.com\/europe\/tr\/?s={search_term_string}"},"query-input":{"@type":"PropertyValueSpecification","valueRequired":true,"valueName":"search_term_string"}}],"inLanguage":"en-US"},{"@type":"Organization","@id":"https:\/\/www.alcoawheels.com\/europe\/tr\/#organization","name":"Europe Turkish","url":"https:\/\/www.alcoawheels.com\/europe\/tr\/","logo":{"@type":"ImageObject","inLanguage":"en-US","@id":"https:\/\/www.alcoawheels.com\/europe\/tr\/#\/schema\/logo\/image\/","url":"https:\/\/www.alcoawheels.com\/europe\/tr\/wp-content\/uploads\/sites\/24\/2023\/05\/logo-black.gif","contentUrl":"https:\/\/www.alcoawheels.com\/europe\/tr\/wp-content\/uploads\/sites\/24\/2023\/05\/logo-black.gif","width":71,"height":64,"caption":"Europe Turkish"},"image":{"@id":"https:\/\/www.alcoawheels.com\/europe\/tr\/#\/schema\/logo\/image\/"}}]}},"parsely":{"version":"1.1.0","canonical_url":"https:\/\/alcoawheels.com\/europe\/tr\/jant-kayit-formu-durum-takibi\/","smart_links":{"inbound":0,"outbound":0},"traffic_boost_suggestions_count":0,"meta":{"@context":"https:\/\/schema.org","@type":"WebPage","headline":"Jant Kay\u0131t Formu Durum Takibi","url":"http:\/\/www.alcoawheels.com\/europe\/tr\/jant-kayit-formu-durum-takibi\/","mainEntityOfPage":{"@type":"WebPage","@id":"http:\/\/www.alcoawheels.com\/europe\/tr\/jant-kayit-formu-durum-takibi\/"},"thumbnailUrl":"","image":{"@type":"ImageObject","url":""},"articleSection":"Uncategorized","author":[{"@type":"Person","name":"riccirm"}],"creator":["riccirm"],"publisher":{"@type":"Organization","name":"Europe Turkish","logo":""},"keywords":[],"dateCreated":"2024-09-17T12:32:16Z","datePublished":"2024-09-17T12:32:16Z","dateModified":"2025-02-07T14:34:51Z"},"rendered":"<script type=\"application\/ld+json\" class=\"wp-parsely-metadata\">{\"@context\":\"https:\\\/\\\/schema.org\",\"@type\":\"WebPage\",\"headline\":\"Jant Kay\\u0131t Formu Durum Takibi\",\"url\":\"http:\\\/\\\/www.alcoawheels.com\\\/europe\\\/tr\\\/jant-kayit-formu-durum-takibi\\\/\",\"mainEntityOfPage\":{\"@type\":\"WebPage\",\"@id\":\"http:\\\/\\\/www.alcoawheels.com\\\/europe\\\/tr\\\/jant-kayit-formu-durum-takibi\\\/\"},\"thumbnailUrl\":\"\",\"image\":{\"@type\":\"ImageObject\",\"url\":\"\"},\"articleSection\":\"Uncategorized\",\"author\":[{\"@type\":\"Person\",\"name\":\"riccirm\"}],\"creator\":[\"riccirm\"],\"publisher\":{\"@type\":\"Organization\",\"name\":\"Europe Turkish\",\"logo\":\"\"},\"keywords\":[],\"dateCreated\":\"2024-09-17T12:32:16Z\",\"datePublished\":\"2024-09-17T12:32:16Z\",\"dateModified\":\"2025-02-07T14:34:51Z\"}<\/script>","tracker_url":"https:\/\/cdn.parsely.com\/keys\/alcoawheels.com\/p.js"},"jetpack_sharing_enabled":true,"_links":{"self":[{"href":"https:\/\/www.alcoawheels.com\/europe\/tr\/wp-json\/wp\/v2\/pages\/2243","targetHints":{"allow":["GET"]}}],"collection":[{"href":"https:\/\/www.alcoawheels.com\/europe\/tr\/wp-json\/wp\/v2\/pages"}],"about":[{"href":"https:\/\/www.alcoawheels.com\/europe\/tr\/wp-json\/wp\/v2\/types\/page"}],"author":[{"embeddable":true,"href":"https:\/\/www.alcoawheels.com\/europe\/tr\/wp-json\/wp\/v2\/users\/62"}],"replies":[{"embeddable":true,"href":"https:\/\/www.alcoawheels.com\/europe\/tr\/wp-json\/wp\/v2\/comments?post=2243"}],"version-history":[{"count":13,"href":"https:\/\/www.alcoawheels.com\/europe\/tr\/wp-json\/wp\/v2\/pages\/2243\/revisions"}],"predecessor-version":[{"id":2290,"href":"https:\/\/www.alcoawheels.com\/europe\/tr\/wp-json\/wp\/v2\/pages\/2243\/revisions\/2290"}],"wp:attachment":[{"href":"https:\/\/www.alcoawheels.com\/europe\/tr\/wp-json\/wp\/v2\/media?parent=2243"}],"curies":[{"name":"wp","href":"https:\/\/api.w.org\/{rel}","templated":true}]}}