{"id":24,"date":"2023-05-26T19:00:55","date_gmt":"2023-05-26T19:00:55","guid":{"rendered":"https:\/\/www.alcoawheels.com\/europe\/tr\/?page_id=24"},"modified":"2025-11-24T16:30:10","modified_gmt":"2025-11-24T13:30:10","slug":"ultra-one","status":"publish","type":"page","link":"https:\/\/www.alcoawheels.com\/europe\/tr\/ultra-one\/","title":{"rendered":"Ultra ONE<sup>\u00ae<\/sup>"},"content":{"rendered":"\n<div class=\"wp-block-alcoa-wheels-hero-slider hero-slider\" id=\"hero-slider-bc4e678d-e05f-4e95-88f0-561a6e89fbf1\"><div class=\"ad-container-fluid\"><div class=\"hero-slider-inner\"><div class=\"hero-slider-body\"><div class=\"hero-slider-main\" data-slide-fade=\"false\" data-slide-autoplay=\"true\" data-slide-interval=\"1000\" data-slide-arrows=\"true\" data-slide-dots=\"false\" data-slide-infinite=\"false\" data-slide-show=\"1\" data-slide-scroll=\"1\"><div class=\"hero-slide-item\" style=\"background-color:#fff\"><div class=\"hero-slide-inner-wrap fullsmallslide valign-center align-left  slide-withbg mediaresponsive\"><div class=\"desktopImage hero-slider__bg\"><img loading=\"lazy\" decoding=\"async\" width=\"1920\" height=\"600\" src=\"https:\/\/www.alcoawheels.com\/europe\/tr\/wp-content\/uploads\/sites\/24\/2023\/05\/homepage-ultra-one_large.jpg\" alt=\"Thumbnail\"\/><\/div><div class=\"responsiveImage hero-slider__bg\"><img loading=\"lazy\" decoding=\"async\" width=\"1920\" height=\"600\" src=\"https:\/\/www.alcoawheels.com\/europe\/tr\/wp-content\/uploads\/sites\/24\/2023\/05\/homepage-ultra-one_small.jpg\" alt=\"Thumbnail\"\/><\/div><div class=\"hero-slide-inner\"><div class=\"hero-slide-info\"><\/div><\/div><\/div><\/div><\/div><\/div><\/div><\/div><\/div>\n\n\n\n<div class=\"wp-block-alcoa-wheels-youtube-video youtube-video-main\"><div class=\"youtube-Videos container\"><div class=\"youtube-Videos-item\"><div class=\"videoWrapper privacyEnable\"><div class=\"onetrust-placeholder\"><p class=\"onetrust-message text-center vertical-center\"><span class=\"onetrust-unavailable-notice\">This content requires certain cookies to function. Please <a class=\"optanon-toggle\">accept<\/a> cookies in order to continue. You may need to refresh your browser window afterwards.<\/span><\/p><\/div><div class=\"youtube-video-wrapper\"><iframe data-src=\"\/\/www.youtube.com\/embed\/djpeFlb9S9Q?rel=0\" class=\"youtube-iframe\" title=\"video\"><\/iframe><\/div><\/div><\/div><\/div><\/div>\n\n\n\n<div style=\"height:30px\" aria-hidden=\"true\" class=\"wp-block-spacer\"><\/div>\n\n\n\n<h3 class=\"wp-block-heading\" id=\"h-her-zaman-yola-devam-ediyoruz\"><strong><em>Her zaman yola devam ediyoruz<\/em><\/strong><\/h3>\n\n\n\n<p>Alcoa<sup>\u00ae<\/sup> Ultra ONE<sup>\u00ae<\/sup> jantlar, en hafif ve en g\u00fc\u00e7l\u00fc jantlar\u0131m\u0131zd\u0131r. Tescilli MagnaForce<sup>\u00ae<\/sup> ala\u015f\u0131m teknolojisiyle \u00fcretilmi\u015ftir. Bu ala\u015f\u0131m, mevcut end\u00fcstri standard\u0131ndan daha g\u00fc\u00e7l\u00fcd\u00fcr ve mukavemetten \u00f6d\u00fcn vermeden daha hafif jantlar \u00fcretmemizi sa\u011flar.<\/p>\n\n\n\n<h3 class=\"wp-block-heading\" id=\"h-ailenin-bir-uyesi-olmak-icin-tasarlandi\"><strong><em>Ailenin bir \u00fcyesi olmak i\u00e7in tasarland\u0131<\/em><\/strong><\/h3>\n\n\n\n<p>Alcoa<sup>\u00ae<\/sup> Ultra ONE<sup>\u00ae<\/sup> jantlar Brushed, LvL ONE<sup>\u00ae<\/sup>, Dura-Bright<sup>\u00ae<\/sup> EVO, Dura-Flange<sup>\u00ae<\/sup> ve Dura-Bright<sup>\u00ae<\/sup>\/Dura-Flange<sup>\u00ae<\/sup> kaplamalar\u0131yla mevcuttur.<\/p>\n\n\n\n<p>T\u00fcm Alcoa<sup>\u00ae<\/sup> Ultra ONE<sup>\u00ae<\/sup> jantlar\u0131nda oldu\u011fu gibi:<\/p>\n\n\n\n<div class=\"wp-block-alcoa-wheels-lists alcoa-wheels-lists-block\"><div class=\"list-wrapper\"><ol style=\"list-style-type:none\">\n<div class=\"wp-block-alcoa-wheels-list-items inner-list-item-wrapper  with-icon list-item-wrapper\"><img decoding=\"async\" src=\"https:\/\/www.alcoawheels.com\/europe\/tr\/wp-content\/uploads\/sites\/24\/2023\/05\/wheel-bullet.jpg\" class=\"image-icon\" alt=\"https:\/\/www.alcoawheels.com\/europe\/tr\/wp-content\/uploads\/sites\/24\/2023\/05\/wheel-bullet.jpg\"\/><li class=\"inner-list-item  with-icon\"><span>M\u00fckemmel d\u00fczeyde \u0131s\u0131 da\u011f\u0131l\u0131m\u0131 sunarak daha d\u00fc\u015f\u00fck \u00e7al\u0131\u015fma s\u0131cakl\u0131\u011f\u0131 sa\u011flar, fren ve lastik \u00f6mr\u00fcn\u00fc uzat\u0131r.<\/span><\/li><\/div>\n\n\n\n<div class=\"wp-block-alcoa-wheels-list-items inner-list-item-wrapper  with-icon list-item-wrapper\"><img decoding=\"async\" src=\"https:\/\/www.alcoawheels.com\/europe\/tr\/wp-content\/uploads\/sites\/24\/2023\/05\/wheel-bullet.jpg\" class=\"image-icon\" alt=\"https:\/\/www.alcoawheels.com\/europe\/tr\/wp-content\/uploads\/sites\/24\/2023\/05\/wheel-bullet.jpg\"\/><li class=\"inner-list-item  with-icon\"><span>Daha hafif olmas\u0131 sayesinde azalt\u0131lm\u0131\u015f CO<sub>2<\/sub>\u00a0emisyonlar\u0131 ve daha d\u00fc\u015f\u00fck yak\u0131t t\u00fcketimi sunar.<\/span><\/li><\/div>\n<\/ol><\/div><\/div>\n\n\n\n<p>Mevcut Ultra ONE<sup>\u00ae<\/sup>&nbsp;ebatlar\u0131 hakk\u0131nda buradanbilgi al\u0131n:<\/p>\n\n\n\n<div class=\"wp-block-alcoa-wheels-columns-with-button columns-with-button\"><div class=\"fullcolumn\"><div class=\"columns-with-button__boxes\"><div class=\"columns-with-button__box\"><p class=\"btn-main btn-primary\"><a href=\"https:\/\/www.alcoawheels.com\/alcoawheels\/europe\/en\/products\/product.asp?prod_id=4702\"><\/a><a href=\"\/europe\/tr\/products\/alcoa-wheel-88u51x-88u52x\/\">22.5 x 8.25<\/a><\/p><\/div><div class=\"columns-with-button__box\"><p class=\"btn-main btn-primary\"><a href=\"\/europe\/tr\/products\/alcoa-wheel-88u55x-88u56x\/\">22.5 x 8.25 | 4.1 t y\u00fck<\/a><\/p><\/div><div class=\"columns-with-button__box\"><p class=\"btn-main btn-primary\"><a href=\"\/europe\/tr\/products\/alcoa-wheel-89u5xx\/\">22.5 x 9.00<\/a><\/p><\/div><div class=\"columns-with-button__box\"><p class=\"btn-main btn-primary\"><a href=\"\/europe\/tr\/products\/alcoa-wheel-81u55x-81u56x\/\">22.5 x 11.75 | 0 ET | 5 t y\u00fck<\/a><\/p><\/div><div class=\"columns-with-button__box\"><p class=\"btn-main btn-primary\"><a href=\"\/europe\/tr\/products\/alcoa-wheel-81u51x-81u52x\/\">22.5 x 11.75 | 120 ET<\/a><\/p><\/div><div class=\"columns-with-button__box\"><p class=\"btn-main btn-primary\"><a href=\"\/europe\/tr\/products\/alcoa-wheel-87u51x-87u52x\/\">22.5 x 7.5 | 4 t y\u00fck<\/a><\/p><\/div><div class=\"columns-with-button__box\"><p class=\"btn-main btn-primary\"><a href=\"\/europe\/tr\/products\/alcoa-wheel-77u4xx\/\"><strong>YENI! 19.5 x 7.5 | 3.15 t y\u00fck<\/strong><\/a><\/p><\/div><\/div><\/div><\/div>\n\n\n\n<figure class=\"wp-block-gallery alignfull has-nested-images columns-default is-cropped wp-block-gallery-1 is-layout-flex wp-block-gallery-is-layout-flex\">\n<figure class=\"wp-block-image size-large\"><img decoding=\"async\" data-id=\"271\" src=\"https:\/\/www.alcoawheels.com\/europe\/tr\/wp-content\/uploads\/sites\/24\/2023\/06\/ultra-one-1.jpg?w=720\" alt=\"Ultra ONE\" class=\"wp-image-271\"\/><\/figure>\n\n\n\n<figure class=\"wp-block-image size-large\"><img decoding=\"async\" data-id=\"272\" src=\"https:\/\/www.alcoawheels.com\/europe\/tr\/wp-content\/uploads\/sites\/24\/2023\/06\/ultra-one-2.jpg?w=720\" alt=\"Ultra ONE\" class=\"wp-image-272\"\/><\/figure>\n\n\n\n<figure class=\"wp-block-image size-large\"><img decoding=\"async\" data-id=\"273\" src=\"https:\/\/www.alcoawheels.com\/europe\/tr\/wp-content\/uploads\/sites\/24\/2023\/06\/ultra-one-3.jpg?w=720\" alt=\"Ultra ONE\" class=\"wp-image-273\"\/><\/figure>\n<\/figure>\n\n\n\n<div class=\"wp-block-alcoa-wheels-card-usecase-1 card-box-v1__body with-icon align-center vertical-align-center\" id=\"card_box_v1-9bf6a0d0-16e6-4067-ac64-df2809798dfd\"><div class=\"fullwidthcontainer\"><div class=\"card-box-v1__boxes has-4-columns\"><div class=\"card-box-v1__box  with-link \" style=\"background-color:#00afb9\"><img decoding=\"async\" src=\"https:\/\/www.alcoawheels.com\/europe\/tr\/wp-content\/themes\/alcoa-wheels\/assets\/build\/js\/blocks\/card-usecase-1\/..\/..\/..\/images\/placeholder-image.db2b4d5c.jpeg\" alt=\"\u0130leti\u015fim\"\/><div class=\"card-box-v1__box__inner pos-abs\"><div class=\"card-box-v1__box_icon\"><img loading=\"lazy\" decoding=\"async\" width=\"171\" height=\"171\" src=\"https:\/\/www.alcoawheels.com\/europe\/tr\/wp-content\/uploads\/sites\/24\/2023\/06\/contact.png\" alt=\"\"\/><\/div><div class=\"card-box-v1__box_content\"><h4 style=\"color:#ffffff\">\u0130leti\u015fim<\/h4><\/div><div class=\"btn-wrap\"><\/div><\/div><a href=\"\/europe\/tr\/iletisim\" aria-label=\"\u0130leti\u015fim\"><\/a><\/div><div class=\"card-box-v1__box  with-link \" style=\"background-color:#34bfc7\"><img decoding=\"async\" src=\"https:\/\/www.alcoawheels.com\/europe\/tr\/wp-content\/themes\/alcoa-wheels\/assets\/build\/js\/blocks\/card-usecase-1\/..\/..\/..\/images\/placeholder-image.db2b4d5c.jpeg\" alt=\"Jant \u00c7e\u015fitleri\"\/><div class=\"card-box-v1__box__inner pos-abs\"><div class=\"card-box-v1__box_icon\"><img loading=\"lazy\" decoding=\"async\" width=\"169\" height=\"169\" src=\"https:\/\/www.alcoawheels.com\/europe\/tr\/wp-content\/uploads\/sites\/24\/2023\/06\/product-search.png\" alt=\"\"\/><\/div><div class=\"card-box-v1__box_content\"><h4 style=\"color:#ffffff\">Jant \u00c7e\u015fitleri<\/h4><\/div><div class=\"btn-wrap\"><\/div><\/div><a href=\"\/europe\/tr\/jant-cesitleri\" aria-label=\"Jant \u00c7e\u015fitleri\"><\/a><\/div><div class=\"card-box-v1__box  with-link \" style=\"background-color:#00afb9\"><img decoding=\"async\" src=\"https:\/\/www.alcoawheels.com\/europe\/tr\/wp-content\/themes\/alcoa-wheels\/assets\/build\/js\/blocks\/card-usecase-1\/..\/..\/..\/images\/placeholder-image.db2b4d5c.jpeg\" alt=\"Y\u00fczey \u0130\u015flemleri\"\/><div class=\"card-box-v1__box__inner pos-abs\"><div class=\"card-box-v1__box_icon\"><img loading=\"lazy\" decoding=\"async\" width=\"169\" height=\"169\" src=\"https:\/\/www.alcoawheels.com\/europe\/tr\/wp-content\/uploads\/sites\/24\/2023\/06\/where-to-buy.png\" alt=\"\"\/><\/div><div class=\"card-box-v1__box_content\"><h4 style=\"color:#ffffff\">Y\u00fczey \u0130\u015flemleri<\/h4><\/div><div class=\"btn-wrap\"><\/div><\/div><a href=\"\/europe\/tr\/nereden-alinir\" aria-label=\"Y\u00fczey \u0130\u015flemleri\"><\/a><\/div><div class=\"card-box-v1__box  with-link \" style=\"background-color:#34bfc7\"><img decoding=\"async\" src=\"https:\/\/www.alcoawheels.com\/europe\/tr\/wp-content\/themes\/alcoa-wheels\/assets\/build\/js\/blocks\/card-usecase-1\/..\/..\/..\/images\/placeholder-image.db2b4d5c.jpeg\" alt=\"\u0130ndirmeler\"\/><div class=\"card-box-v1__box__inner pos-abs\"><div class=\"card-box-v1__box_icon\"><img loading=\"lazy\" decoding=\"async\" width=\"169\" height=\"169\" src=\"https:\/\/www.alcoawheels.com\/europe\/tr\/wp-content\/uploads\/sites\/24\/2023\/06\/product-literature.png\" alt=\"\"\/><\/div><div class=\"card-box-v1__box_content\"><h4 style=\"color:#ffffff\">\u0130ndirmeler<\/h4><\/div><div class=\"btn-wrap\"><\/div><\/div><a href=\"\/europe\/tr\/urun-bilgileri\" aria-label=\"\u0130ndirmeler\"><\/a><\/div><\/div><\/div><\/div>\n","protected":false},"excerpt":{"rendered":"<p>Her zaman yola devam ediyoruz Alcoa\u00ae Ultra ONE\u00ae jantlar, en hafif ve en g\u00fc\u00e7l\u00fc jantlar\u0131m\u0131zd\u0131r. Tescilli MagnaForce\u00ae ala\u015f\u0131m teknolojisiyle \u00fcretilmi\u015ftir. Bu ala\u015f\u0131m, mevcut end\u00fcstri standard\u0131ndan daha g\u00fc\u00e7l\u00fcd\u00fcr ve mukavemetten \u00f6d\u00fcn vermeden daha hafif jantlar \u00fcretmemizi sa\u011flar. Ailenin bir \u00fcyesi olmak i\u00e7in tasarland\u0131 Alcoa\u00ae Ultra ONE\u00ae jantlar Brushed, LvL ONE\u00ae, Dura-Bright\u00ae EVO, Dura-Flange\u00ae ve Dura-Bright\u00ae\/Dura-Flange\u00ae kaplamalar\u0131yla [&hellip;]<\/p>\n","protected":false},"author":44,"featured_media":0,"parent":0,"menu_order":0,"comment_status":"closed","ping_status":"closed","template":"","meta":{"_acf_changed":false,"protected_reviewer_email":"","editor_notices":[],"footnotes":""},"class_list":["post-24","page","type-page","status-publish","hentry"],"acf":[],"yoast_head":"<!-- This site is optimized with the Yoast SEO Premium plugin v27.4 (Yoast SEO v27.4) - https:\/\/yoast.com\/product\/yoast-seo-premium-wordpress\/ -->\n<title>Alcoa Wheels | Jantlar | Teknoloji | Ultra ONE \u00ae<\/title>\n<meta name=\"robots\" content=\"index, follow, max-snippet:-1, max-image-preview:large, max-video-preview:-1\" \/>\n<link rel=\"canonical\" href=\"https:\/\/www.alcoawheels.com\/europe\/tr\/ultra-one\/\" \/>\n<meta property=\"og:locale\" content=\"en_US\" \/>\n<meta property=\"og:type\" content=\"article\" \/>\n<meta property=\"og:title\" content=\"Ultra ONE\u00ae\" \/>\n<meta property=\"og:description\" content=\"Her zaman yola devam ediyoruz Alcoa\u00ae Ultra ONE\u00ae jantlar, en hafif ve en g\u00fc\u00e7l\u00fc jantlar\u0131m\u0131zd\u0131r. Tescilli MagnaForce\u00ae ala\u015f\u0131m teknolojisiyle \u00fcretilmi\u015ftir. Bu ala\u015f\u0131m, mevcut end\u00fcstri standard\u0131ndan daha g\u00fc\u00e7l\u00fcd\u00fcr ve mukavemetten \u00f6d\u00fcn vermeden daha hafif jantlar \u00fcretmemizi sa\u011flar. Ailenin bir \u00fcyesi olmak i\u00e7in tasarland\u0131 Alcoa\u00ae Ultra ONE\u00ae jantlar Brushed, LvL ONE\u00ae, Dura-Bright\u00ae EVO, Dura-Flange\u00ae ve Dura-Bright\u00ae\/Dura-Flange\u00ae kaplamalar\u0131yla [&hellip;]\" \/>\n<meta property=\"og:url\" content=\"https:\/\/www.alcoawheels.com\/europe\/tr\/ultra-one\/\" \/>\n<meta property=\"og:site_name\" content=\"Europe Turkish\" \/>\n<meta property=\"article:modified_time\" content=\"2025-11-24T13:30:10+00:00\" \/>\n<meta property=\"og:image\" content=\"https:\/\/www.alcoawheels.com\/europe\/tr\/wp-content\/uploads\/sites\/24\/2023\/05\/homepage-ultra-one_large.jpg\" \/>\n<meta name=\"twitter:card\" content=\"summary_large_image\" \/>\n<meta name=\"twitter:label1\" content=\"Est. reading time\" \/>\n\t<meta name=\"twitter:data1\" content=\"4 minutes\" \/>\n<script type=\"application\/ld+json\" class=\"yoast-schema-graph\">{\"@context\":\"https:\\\/\\\/schema.org\",\"@graph\":[{\"@type\":\"WebPage\",\"@id\":\"https:\\\/\\\/www.alcoawheels.com\\\/europe\\\/tr\\\/ultra-one\\\/\",\"url\":\"https:\\\/\\\/www.alcoawheels.com\\\/europe\\\/tr\\\/ultra-one\\\/\",\"name\":\"Alcoa Wheels | Jantlar | Teknoloji | Ultra ONE \u00ae\",\"isPartOf\":{\"@id\":\"https:\\\/\\\/www.alcoawheels.com\\\/europe\\\/tr\\\/#website\"},\"primaryImageOfPage\":{\"@id\":\"https:\\\/\\\/www.alcoawheels.com\\\/europe\\\/tr\\\/ultra-one\\\/#primaryimage\"},\"image\":{\"@id\":\"https:\\\/\\\/www.alcoawheels.com\\\/europe\\\/tr\\\/ultra-one\\\/#primaryimage\"},\"thumbnailUrl\":\"https:\\\/\\\/www.alcoawheels.com\\\/europe\\\/tr\\\/wp-content\\\/uploads\\\/sites\\\/24\\\/2023\\\/05\\\/homepage-ultra-one_large.jpg\",\"datePublished\":\"2023-05-26T19:00:55+00:00\",\"dateModified\":\"2025-11-24T13:30:10+00:00\",\"breadcrumb\":{\"@id\":\"https:\\\/\\\/www.alcoawheels.com\\\/europe\\\/tr\\\/ultra-one\\\/#breadcrumb\"},\"inLanguage\":\"en-US\",\"potentialAction\":[{\"@type\":\"ReadAction\",\"target\":[\"https:\\\/\\\/www.alcoawheels.com\\\/europe\\\/tr\\\/ultra-one\\\/\"]}]},{\"@type\":\"ImageObject\",\"inLanguage\":\"en-US\",\"@id\":\"https:\\\/\\\/www.alcoawheels.com\\\/europe\\\/tr\\\/ultra-one\\\/#primaryimage\",\"url\":\"https:\\\/\\\/www.alcoawheels.com\\\/europe\\\/tr\\\/wp-content\\\/uploads\\\/sites\\\/24\\\/2023\\\/05\\\/homepage-ultra-one_large.jpg\",\"contentUrl\":\"https:\\\/\\\/www.alcoawheels.com\\\/europe\\\/tr\\\/wp-content\\\/uploads\\\/sites\\\/24\\\/2023\\\/05\\\/homepage-ultra-one_large.jpg\",\"width\":1440,\"height\":440,\"caption\":\"Ultra ONE\"},{\"@type\":\"BreadcrumbList\",\"@id\":\"https:\\\/\\\/www.alcoawheels.com\\\/europe\\\/tr\\\/ultra-one\\\/#breadcrumb\",\"itemListElement\":[{\"@type\":\"ListItem\",\"position\":1,\"name\":\"Home\",\"item\":\"https:\\\/\\\/www.alcoawheels.com\\\/europe\\\/tr\\\/\"},{\"@type\":\"ListItem\",\"position\":2,\"name\":\"Ultra ONE\u00ae\"}]},{\"@type\":\"WebSite\",\"@id\":\"https:\\\/\\\/www.alcoawheels.com\\\/europe\\\/tr\\\/#website\",\"url\":\"https:\\\/\\\/www.alcoawheels.com\\\/europe\\\/tr\\\/\",\"name\":\"Europe Turkish\",\"description\":\"\",\"publisher\":{\"@id\":\"https:\\\/\\\/www.alcoawheels.com\\\/europe\\\/tr\\\/#organization\"},\"potentialAction\":[{\"@type\":\"SearchAction\",\"target\":{\"@type\":\"EntryPoint\",\"urlTemplate\":\"https:\\\/\\\/www.alcoawheels.com\\\/europe\\\/tr\\\/?s={search_term_string}\"},\"query-input\":{\"@type\":\"PropertyValueSpecification\",\"valueRequired\":true,\"valueName\":\"search_term_string\"}}],\"inLanguage\":\"en-US\"},{\"@type\":\"Organization\",\"@id\":\"https:\\\/\\\/www.alcoawheels.com\\\/europe\\\/tr\\\/#organization\",\"name\":\"Europe Turkish\",\"url\":\"https:\\\/\\\/www.alcoawheels.com\\\/europe\\\/tr\\\/\",\"logo\":{\"@type\":\"ImageObject\",\"inLanguage\":\"en-US\",\"@id\":\"https:\\\/\\\/www.alcoawheels.com\\\/europe\\\/tr\\\/#\\\/schema\\\/logo\\\/image\\\/\",\"url\":\"https:\\\/\\\/www.alcoawheels.com\\\/europe\\\/tr\\\/wp-content\\\/uploads\\\/sites\\\/24\\\/2023\\\/05\\\/logo-black.gif\",\"contentUrl\":\"https:\\\/\\\/www.alcoawheels.com\\\/europe\\\/tr\\\/wp-content\\\/uploads\\\/sites\\\/24\\\/2023\\\/05\\\/logo-black.gif\",\"width\":71,\"height\":64,\"caption\":\"Europe Turkish\"},\"image\":{\"@id\":\"https:\\\/\\\/www.alcoawheels.com\\\/europe\\\/tr\\\/#\\\/schema\\\/logo\\\/image\\\/\"}}]}<\/script>\n<!-- \/ Yoast SEO Premium plugin. -->","yoast_head_json":{"title":"Alcoa Wheels | Jantlar | Teknoloji | Ultra ONE \u00ae","robots":{"index":"index","follow":"follow","max-snippet":"max-snippet:-1","max-image-preview":"max-image-preview:large","max-video-preview":"max-video-preview:-1"},"canonical":"https:\/\/www.alcoawheels.com\/europe\/tr\/ultra-one\/","og_locale":"en_US","og_type":"article","og_title":"Ultra ONE\u00ae","og_description":"Her zaman yola devam ediyoruz Alcoa\u00ae Ultra ONE\u00ae jantlar, en hafif ve en g\u00fc\u00e7l\u00fc jantlar\u0131m\u0131zd\u0131r. Tescilli MagnaForce\u00ae ala\u015f\u0131m teknolojisiyle \u00fcretilmi\u015ftir. Bu ala\u015f\u0131m, mevcut end\u00fcstri standard\u0131ndan daha g\u00fc\u00e7l\u00fcd\u00fcr ve mukavemetten \u00f6d\u00fcn vermeden daha hafif jantlar \u00fcretmemizi sa\u011flar. Ailenin bir \u00fcyesi olmak i\u00e7in tasarland\u0131 Alcoa\u00ae Ultra ONE\u00ae jantlar Brushed, LvL ONE\u00ae, Dura-Bright\u00ae EVO, Dura-Flange\u00ae ve Dura-Bright\u00ae\/Dura-Flange\u00ae kaplamalar\u0131yla [&hellip;]","og_url":"https:\/\/www.alcoawheels.com\/europe\/tr\/ultra-one\/","og_site_name":"Europe Turkish","article_modified_time":"2025-11-24T13:30:10+00:00","og_image":[{"url":"https:\/\/www.alcoawheels.com\/europe\/tr\/wp-content\/uploads\/sites\/24\/2023\/05\/homepage-ultra-one_large.jpg","type":"","width":"","height":""}],"twitter_card":"summary_large_image","twitter_misc":{"Est. reading time":"4 minutes"},"schema":{"@context":"https:\/\/schema.org","@graph":[{"@type":"WebPage","@id":"https:\/\/www.alcoawheels.com\/europe\/tr\/ultra-one\/","url":"https:\/\/www.alcoawheels.com\/europe\/tr\/ultra-one\/","name":"Alcoa Wheels | Jantlar | Teknoloji | Ultra ONE \u00ae","isPartOf":{"@id":"https:\/\/www.alcoawheels.com\/europe\/tr\/#website"},"primaryImageOfPage":{"@id":"https:\/\/www.alcoawheels.com\/europe\/tr\/ultra-one\/#primaryimage"},"image":{"@id":"https:\/\/www.alcoawheels.com\/europe\/tr\/ultra-one\/#primaryimage"},"thumbnailUrl":"https:\/\/www.alcoawheels.com\/europe\/tr\/wp-content\/uploads\/sites\/24\/2023\/05\/homepage-ultra-one_large.jpg","datePublished":"2023-05-26T19:00:55+00:00","dateModified":"2025-11-24T13:30:10+00:00","breadcrumb":{"@id":"https:\/\/www.alcoawheels.com\/europe\/tr\/ultra-one\/#breadcrumb"},"inLanguage":"en-US","potentialAction":[{"@type":"ReadAction","target":["https:\/\/www.alcoawheels.com\/europe\/tr\/ultra-one\/"]}]},{"@type":"ImageObject","inLanguage":"en-US","@id":"https:\/\/www.alcoawheels.com\/europe\/tr\/ultra-one\/#primaryimage","url":"https:\/\/www.alcoawheels.com\/europe\/tr\/wp-content\/uploads\/sites\/24\/2023\/05\/homepage-ultra-one_large.jpg","contentUrl":"https:\/\/www.alcoawheels.com\/europe\/tr\/wp-content\/uploads\/sites\/24\/2023\/05\/homepage-ultra-one_large.jpg","width":1440,"height":440,"caption":"Ultra ONE"},{"@type":"BreadcrumbList","@id":"https:\/\/www.alcoawheels.com\/europe\/tr\/ultra-one\/#breadcrumb","itemListElement":[{"@type":"ListItem","position":1,"name":"Home","item":"https:\/\/www.alcoawheels.com\/europe\/tr\/"},{"@type":"ListItem","position":2,"name":"Ultra ONE\u00ae"}]},{"@type":"WebSite","@id":"https:\/\/www.alcoawheels.com\/europe\/tr\/#website","url":"https:\/\/www.alcoawheels.com\/europe\/tr\/","name":"Europe Turkish","description":"","publisher":{"@id":"https:\/\/www.alcoawheels.com\/europe\/tr\/#organization"},"potentialAction":[{"@type":"SearchAction","target":{"@type":"EntryPoint","urlTemplate":"https:\/\/www.alcoawheels.com\/europe\/tr\/?s={search_term_string}"},"query-input":{"@type":"PropertyValueSpecification","valueRequired":true,"valueName":"search_term_string"}}],"inLanguage":"en-US"},{"@type":"Organization","@id":"https:\/\/www.alcoawheels.com\/europe\/tr\/#organization","name":"Europe Turkish","url":"https:\/\/www.alcoawheels.com\/europe\/tr\/","logo":{"@type":"ImageObject","inLanguage":"en-US","@id":"https:\/\/www.alcoawheels.com\/europe\/tr\/#\/schema\/logo\/image\/","url":"https:\/\/www.alcoawheels.com\/europe\/tr\/wp-content\/uploads\/sites\/24\/2023\/05\/logo-black.gif","contentUrl":"https:\/\/www.alcoawheels.com\/europe\/tr\/wp-content\/uploads\/sites\/24\/2023\/05\/logo-black.gif","width":71,"height":64,"caption":"Europe Turkish"},"image":{"@id":"https:\/\/www.alcoawheels.com\/europe\/tr\/#\/schema\/logo\/image\/"}}]}},"parsely":{"version":"1.1.0","canonical_url":"https:\/\/alcoawheels.com\/europe\/tr\/ultra-one\/","smart_links":{"inbound":0,"outbound":0},"traffic_boost_suggestions_count":0,"meta":{"@context":"https:\/\/schema.org","@type":"WebPage","headline":"Ultra ONE\u00ae","url":"http:\/\/www.alcoawheels.com\/europe\/tr\/ultra-one\/","mainEntityOfPage":{"@type":"WebPage","@id":"http:\/\/www.alcoawheels.com\/europe\/tr\/ultra-one\/"},"thumbnailUrl":"","image":{"@type":"ImageObject","url":""},"articleSection":"Uncategorized","author":[{"@type":"Person","name":"howmet"}],"creator":["howmet"],"publisher":{"@type":"Organization","name":"Europe Turkish","logo":""},"keywords":[],"dateCreated":"2023-05-26T19:00:55Z","datePublished":"2023-05-26T19:00:55Z","dateModified":"2025-11-24T13:30:10Z"},"rendered":"<script type=\"application\/ld+json\" class=\"wp-parsely-metadata\">{\"@context\":\"https:\\\/\\\/schema.org\",\"@type\":\"WebPage\",\"headline\":\"Ultra ONE\\u00ae\",\"url\":\"http:\\\/\\\/www.alcoawheels.com\\\/europe\\\/tr\\\/ultra-one\\\/\",\"mainEntityOfPage\":{\"@type\":\"WebPage\",\"@id\":\"http:\\\/\\\/www.alcoawheels.com\\\/europe\\\/tr\\\/ultra-one\\\/\"},\"thumbnailUrl\":\"\",\"image\":{\"@type\":\"ImageObject\",\"url\":\"\"},\"articleSection\":\"Uncategorized\",\"author\":[{\"@type\":\"Person\",\"name\":\"howmet\"}],\"creator\":[\"howmet\"],\"publisher\":{\"@type\":\"Organization\",\"name\":\"Europe Turkish\",\"logo\":\"\"},\"keywords\":[],\"dateCreated\":\"2023-05-26T19:00:55Z\",\"datePublished\":\"2023-05-26T19:00:55Z\",\"dateModified\":\"2025-11-24T13:30:10Z\"}<\/script>","tracker_url":"https:\/\/cdn.parsely.com\/keys\/alcoawheels.com\/p.js"},"jetpack_sharing_enabled":true,"_links":{"self":[{"href":"https:\/\/www.alcoawheels.com\/europe\/tr\/wp-json\/wp\/v2\/pages\/24","targetHints":{"allow":["GET"]}}],"collection":[{"href":"https:\/\/www.alcoawheels.com\/europe\/tr\/wp-json\/wp\/v2\/pages"}],"about":[{"href":"https:\/\/www.alcoawheels.com\/europe\/tr\/wp-json\/wp\/v2\/types\/page"}],"author":[{"embeddable":true,"href":"https:\/\/www.alcoawheels.com\/europe\/tr\/wp-json\/wp\/v2\/users\/44"}],"replies":[{"embeddable":true,"href":"https:\/\/www.alcoawheels.com\/europe\/tr\/wp-json\/wp\/v2\/comments?post=24"}],"version-history":[{"count":9,"href":"https:\/\/www.alcoawheels.com\/europe\/tr\/wp-json\/wp\/v2\/pages\/24\/revisions"}],"predecessor-version":[{"id":2435,"href":"https:\/\/www.alcoawheels.com\/europe\/tr\/wp-json\/wp\/v2\/pages\/24\/revisions\/2435"}],"wp:attachment":[{"href":"https:\/\/www.alcoawheels.com\/europe\/tr\/wp-json\/wp\/v2\/media?parent=24"}],"curies":[{"name":"wp","href":"https:\/\/api.w.org\/{rel}","templated":true}]}}