{"id":53,"date":"2023-05-28T13:04:47","date_gmt":"2023-05-28T13:04:47","guid":{"rendered":"https:\/\/www.alcoawheels.com\/europe\/tr\/?page_id=53"},"modified":"2025-11-24T18:02:58","modified_gmt":"2025-11-24T15:02:58","slug":"gorunum","status":"publish","type":"page","link":"https:\/\/www.alcoawheels.com\/europe\/tr\/gorunum\/","title":{"rendered":"G\u00f6r\u00fcn\u00fcm"},"content":{"rendered":"\n<div class=\"wp-block-alcoa-wheels-hero-banner-innerpage hero-banner with-image layout-2 overlayEnable align- vertical-align- align-center vertical-align-center\" style=\"background-color:#eee\"><img decoding=\"async\" src=\"https:\/\/www.alcoawheels.com\/europe\/tr\/wp-content\/uploads\/sites\/24\/2023\/06\/appearance-banner.jpeg\" alt=\"Appearance Alcoa Wheels\" class=\"responsiveImage\"\/><div class=\"hero-banner__header\" style=\"text-align:center\"><div class=\"container\"><h1 class=\"hero-banner__header--title\">G\u00f6r\u00fcn\u00fcm<\/h1><\/div><\/div><\/div>\n\n\n\n<div style=\"height:50px\" aria-hidden=\"true\" class=\"wp-block-spacer spacer-fifty\"><\/div>\n\n\n\n<h3 class=\"wp-block-heading\" id=\"h-alcoa-jantlar-icin-aksesuar-urunleri\">Alcoa<sup>\u00ae<\/sup> jantlar i\u00e7in aksesuar \u00fcr\u00fcnleri<\/h3>\n\n\n\n<p>Alcoa<sup>\u00ae<\/sup> jantlar\u0131n\u0131z\u0131n bak\u0131m\u0131 en \u00f6nemli \u00f6nceli\u011finiz olmal\u0131d\u0131r<\/p>\n\n\n\n<p>1. Alcoa<sup>\u00ae<\/sup> jantlar i\u00e7in aksesuar \u00fcr\u00fcnleri, jantlar\u0131 en iyi durumda tutmak ve uzun hizmet \u00f6mr\u00fc sa\u011flamak i\u00e7in y\u0131llar boyunca geli\u015ftirilmi\u015f ve se\u00e7ilmi\u015ftir.<\/p>\n\n\n\n<p>2. Alcoa<sup>\u00ae<\/sup> jantlar i\u00e7in aksesuar \u00fcr\u00fcnleri, yetkili distrib\u00fct\u00f6r a\u011f\u0131m\u0131zdan temin edilebilir.<\/p>\n\n\n\n<hr class=\"wp-block-separator has-text-color has-alpha-channel-opacity has-background is-style-wide\" style=\"background-color:#cccccc;color:#cccccc\"\/>\n\n\n\n<div class=\"wp-block-alcoa-wheels-zigzag media-list__body\" id=\"zigzag-main-dd37ab2b-fdde-4f03-8751-426b0a716ec7\"><div class=\"media-list__body_main  vertical-align-center  container row-reverse\">\n<div class=\"wp-block-alcoa-wheels-zigzag-item media-list-item\"><div class=\"media-list-item__box_content\"><div class=\"media-list-item__box_content_inner\">\n<h5 class=\"wp-block-heading\" id=\"h-alcover-krom-kapli-abs-alcover\"><strong>Alcover: Krom kapl\u0131 ABS Alcover+<\/strong><\/h5>\n\n\n\n<p>Alcoa<sup>\u00ae<\/sup> Jantlar i\u00e7in 32 ve 33 mm alt\u0131gen somunlu evrensel man\u015fonlu somunlar.<\/p>\n<\/div><\/div><div class=\"media-list-item__box_image\"><img loading=\"lazy\" decoding=\"async\" width=\"450\" height=\"323\" src=\"https:\/\/www.alcoawheels.com\/europe\/tr\/wp-content\/uploads\/sites\/24\/2025\/08\/Alcover_chrome_plastic_web_450x323.jpg\" alt=\"Alcover: Krom kapl\u0131 ABS Alcover\"\/><\/div><\/div>\n\n\n\n<div class=\"wp-block-alcoa-wheels-zigzag-item media-list-item\"><div class=\"media-list-item__box_content\"><div class=\"media-list-item__box_content_inner\">\n<h5 class=\"wp-block-heading has-text-align-right\"><strong>ALcover: paslanmaz \u00e7elik<\/strong><\/h5>\n\n\n\n<p class=\"has-text-align-right\">Alcoa<sup>\u00ae<\/sup> logosu kabartmal\u0131, y\u00fcksek kaliteli paslanmaz \u00e7elik jant somun kapaklar\u0131. Alcoa<sup>\u00ae<\/sup> jantlar i\u00e7in kovanl\u0131 somunlar i\u00e7in mevcuttur. 32 ve 33 mm alt\u0131gen. \u00c7elik somun kapaklar\u0131n\u0131 takmak veya \u00e7\u0131karmak i\u00e7in kullan\u0131lan Algrip ayr\u0131 olarak sipari\u015f edilebilir.<\/p>\n<\/div><\/div><div class=\"media-list-item__box_image\"><img loading=\"lazy\" decoding=\"async\" width=\"450\" height=\"300\" src=\"https:\/\/www.alcoawheels.com\/europe\/tr\/wp-content\/uploads\/sites\/24\/2025\/08\/ALcover-standard-steel-2025-web-resize.jpg\" alt=\"ALcover standard steel\"\/><\/div><\/div>\n\n\n\n<div class=\"wp-block-alcoa-wheels-zigzag-item media-list-item\"><div class=\"media-list-item__box_content\"><div class=\"media-list-item__box_content_inner\">\n<h5 class=\"wp-block-heading\" id=\"h-alcover-paslanmaz-celik-ekstra-yuksek\"><strong>ALcover+ paslanmaz \u00e7elik, ekstra y\u00fcksek<\/strong><\/h5>\n\n\n\n<p>Kabartmal\u0131 Alcoa<sup>\u00ae<\/sup> logolu, y\u00fcksek kaliteli paslanmaz \u00e7elik ekstra y\u00fcksek somun kapaklar\u0131.<\/p>\n\n\n\n<p>Daha uzun bijonlu ara\u00e7lar i\u00e7in \u0130DEAL. 32 mm ve 33 mm alt\u0131gen bijon somunlar\u0131 i\u00e7in mevcuttur.<\/p>\n<\/div><\/div><div class=\"media-list-item__box_image\"><img loading=\"lazy\" decoding=\"async\" width=\"450\" height=\"300\" src=\"https:\/\/www.alcoawheels.com\/europe\/tr\/wp-content\/uploads\/sites\/24\/2025\/08\/ALcover_stainless_steel_nut_cover_box_1_450x300.jpg\" alt=\"ALcover+_stainless steelnut cover box\"\/><\/div><\/div>\n\n\n\n<div class=\"wp-block-alcoa-wheels-zigzag-item media-list-item\"><div class=\"media-list-item__box_content\"><div class=\"media-list-item__box_content_inner\">\n<h5 class=\"wp-block-heading\" id=\"h-algrip\"><strong>ALgrip<\/strong><\/h5>\n\n\n\n<p>Paslanmaz \u00e7elik bijon kapaklar\u0131n\u0131 takmak ve \u00e7\u0131karmak i\u00e7in pense. \u00c7elik somun kapaklar\u0131n\u0131 takmak veya \u00e7\u0131karmak i\u00e7in kullan\u0131lan Algrip ayr\u0131 olarak sipari\u015f edilebilir.<\/p>\n<\/div><\/div><div class=\"media-list-item__box_image\"><img loading=\"lazy\" decoding=\"async\" width=\"450\" height=\"300\" src=\"https:\/\/www.alcoawheels.com\/europe\/tr\/wp-content\/uploads\/sites\/24\/2023\/06\/appearance-ALgrip-thumbnail.jpg\" alt=\"ALgrip\"\/><\/div><\/div>\n<\/div><\/div>\n\n\n\n<hr class=\"wp-block-separator has-text-color has-alpha-channel-opacity has-background is-style-wide\" style=\"background-color:#cccccc;color:#cccccc\"\/>\n\n\n\n<div style=\"height:50px\" aria-hidden=\"true\" class=\"wp-block-spacer spacer-fifty\"><\/div>\n\n\n\n<p class=\"u-margin-b10\">Daha fazla bilgi i\u00e7in:<\/p>\n\n\n\t\t<div class=\"wp-block-alcoa-product-literature\">\n\t\t\t<div class=\"product-literature-columns container wp-block-alcoa-wheels-related-documents\">\n\t\t\t\t\t\t\t\t\t<div class=\"literature-inner\">\n\t\t\t\t\t\t<div class=\"literature-inner-item\">\n\t\t\t\t\t\t\t<div class=\"pdf-lists-items\">\n\t\t\t\t\t\t\t\t\t\t\t\t\t\t\t\t\t\t\t\t\t\t\t\t\t\t<div class=\"pdf-files\">\n\t\t\t\t\t\t\t\t\t\t<a href=\"https:\/\/www.alcoawheels.com\/europe\/tr\/wp-content\/uploads\/sites\/24\/2026\/02\/Alcoa-Wheels-Accessories-TR.pdf\" target=\"_blank\" class=\"pdf-file\">\n\t\t\t\t\t\t\t\t\t\t\tALCOA<sup>\u00ae<\/sup> Aksesuar \u00dcr\u00fcnleri\t\t\t\t\t\t\t\t\t\t<\/a>\n\t\t\t\t\t\t\t\t\t\t<div class=\"pdf-size\">2.95 MB<\/div>\n\t\t\t\t\t\t\t\t\t<\/div>\n\t\t\t\t\t\t\t\t\t\t\t\t\t\t\t<\/div>\n\t\t\t\t\t\t<\/div>\n\t\t\t\t\t<\/div>\n\t\t\t\t\t\t\t<\/div>\n\n\t\t<\/div>\n\n\n\n<div style=\"height:50px\" aria-hidden=\"true\" class=\"wp-block-spacer spacer-fifty\"><\/div>\n\n\n\n<div class=\"wp-block-alcoa-wheels-card-usecase-1 card-box-v1__body with-icon align-center vertical-align-center\" id=\"card_box_v1-9bf6a0d0-16e6-4067-ac64-df2809798dfd\"><div class=\"fullwidthcontainer\"><div class=\"card-box-v1__boxes has-4-columns\"><div class=\"card-box-v1__box  with-link \" style=\"background-color:#00afb9\"><img decoding=\"async\" src=\"https:\/\/www.alcoawheels.com\/europe\/tr\/wp-content\/themes\/alcoa-wheels\/assets\/build\/js\/blocks\/card-usecase-1\/..\/..\/..\/images\/placeholder-image.db2b4d5c.jpeg\" alt=\"\u0130leti\u015fim\"\/><div class=\"card-box-v1__box__inner pos-abs\"><div class=\"card-box-v1__box_icon\"><img loading=\"lazy\" decoding=\"async\" width=\"171\" height=\"171\" src=\"https:\/\/www.alcoawheels.com\/europe\/tr\/wp-content\/uploads\/sites\/24\/2023\/06\/contact.png\" alt=\"\"\/><\/div><div class=\"card-box-v1__box_content\"><h4 style=\"color:#ffffff\">\u0130leti\u015fim<\/h4><\/div><div class=\"btn-wrap\"><\/div><\/div><a href=\"\/europe\/tr\/iletisim\" aria-label=\"\u0130leti\u015fim\"><\/a><\/div><div class=\"card-box-v1__box  with-link \" style=\"background-color:#34bfc7\"><img decoding=\"async\" src=\"https:\/\/www.alcoawheels.com\/europe\/tr\/wp-content\/themes\/alcoa-wheels\/assets\/build\/js\/blocks\/card-usecase-1\/..\/..\/..\/images\/placeholder-image.db2b4d5c.jpeg\" alt=\"Jant \u00c7e\u015fitleri\"\/><div class=\"card-box-v1__box__inner pos-abs\"><div class=\"card-box-v1__box_icon\"><img loading=\"lazy\" decoding=\"async\" width=\"169\" height=\"169\" src=\"https:\/\/www.alcoawheels.com\/europe\/tr\/wp-content\/uploads\/sites\/24\/2023\/06\/product-search.png\" alt=\"\"\/><\/div><div class=\"card-box-v1__box_content\"><h4 style=\"color:#ffffff\">Jant \u00c7e\u015fitleri<\/h4><\/div><div class=\"btn-wrap\"><\/div><\/div><a href=\"\/europe\/tr\/jant-cesitleri\" aria-label=\"Jant \u00c7e\u015fitleri\"><\/a><\/div><div class=\"card-box-v1__box  with-link \" style=\"background-color:#00afb9\"><img decoding=\"async\" src=\"https:\/\/www.alcoawheels.com\/europe\/tr\/wp-content\/themes\/alcoa-wheels\/assets\/build\/js\/blocks\/card-usecase-1\/..\/..\/..\/images\/placeholder-image.db2b4d5c.jpeg\" alt=\"Y\u00fczey \u0130\u015flemleri\"\/><div class=\"card-box-v1__box__inner pos-abs\"><div class=\"card-box-v1__box_icon\"><img loading=\"lazy\" decoding=\"async\" width=\"169\" height=\"169\" src=\"https:\/\/www.alcoawheels.com\/europe\/tr\/wp-content\/uploads\/sites\/24\/2023\/06\/where-to-buy.png\" alt=\"\"\/><\/div><div class=\"card-box-v1__box_content\"><h4 style=\"color:#ffffff\">Y\u00fczey \u0130\u015flemleri<\/h4><\/div><div class=\"btn-wrap\"><\/div><\/div><a href=\"\/europe\/tr\/nereden-alinir\" aria-label=\"Y\u00fczey \u0130\u015flemleri\"><\/a><\/div><div class=\"card-box-v1__box  with-link \" style=\"background-color:#34bfc7\"><img decoding=\"async\" src=\"https:\/\/www.alcoawheels.com\/europe\/tr\/wp-content\/themes\/alcoa-wheels\/assets\/build\/js\/blocks\/card-usecase-1\/..\/..\/..\/images\/placeholder-image.db2b4d5c.jpeg\" alt=\"\u0130ndirmeler\"\/><div class=\"card-box-v1__box__inner pos-abs\"><div class=\"card-box-v1__box_icon\"><img loading=\"lazy\" decoding=\"async\" width=\"169\" height=\"169\" src=\"https:\/\/www.alcoawheels.com\/europe\/tr\/wp-content\/uploads\/sites\/24\/2023\/06\/product-literature.png\" alt=\"\"\/><\/div><div class=\"card-box-v1__box_content\"><h4 style=\"color:#ffffff\">\u0130ndirmeler<\/h4><\/div><div class=\"btn-wrap\"><\/div><\/div><a href=\"\/europe\/tr\/urun-bilgileri\" aria-label=\"\u0130ndirmeler\"><\/a><\/div><\/div><\/div><\/div>\n","protected":false},"excerpt":{"rendered":"<p>Alcoa\u00ae jantlar i\u00e7in aksesuar \u00fcr\u00fcnleri Alcoa\u00ae jantlar\u0131n\u0131z\u0131n bak\u0131m\u0131 en \u00f6nemli \u00f6nceli\u011finiz olmal\u0131d\u0131r 1. Alcoa\u00ae jantlar i\u00e7in aksesuar \u00fcr\u00fcnleri, jantlar\u0131 en iyi durumda tutmak ve uzun hizmet \u00f6mr\u00fc sa\u011flamak i\u00e7in y\u0131llar boyunca geli\u015ftirilmi\u015f ve se\u00e7ilmi\u015ftir. 2. Alcoa\u00ae jantlar i\u00e7in aksesuar \u00fcr\u00fcnleri, yetkili distrib\u00fct\u00f6r a\u011f\u0131m\u0131zdan temin edilebilir. Daha fazla bilgi i\u00e7in:<\/p>\n","protected":false},"author":44,"featured_media":2436,"parent":0,"menu_order":0,"comment_status":"closed","ping_status":"closed","template":"","meta":{"_acf_changed":false,"protected_reviewer_email":"","editor_notices":[],"footnotes":""},"class_list":["post-53","page","type-page","status-publish","has-post-thumbnail","hentry"],"acf":[],"yoast_head":"<!-- This site is optimized with the Yoast SEO Premium plugin v27.3 (Yoast SEO v27.3) - https:\/\/yoast.com\/product\/yoast-seo-premium-wordpress\/ -->\n<title>Alcoa Wheels | Aksesuarlar | G\u00f6r\u00fcn\u00fcm<\/title>\n<meta name=\"robots\" content=\"index, follow, max-snippet:-1, max-image-preview:large, max-video-preview:-1\" \/>\n<link rel=\"canonical\" href=\"https:\/\/www.alcoawheels.com\/europe\/tr\/gorunum\/\" \/>\n<meta property=\"og:locale\" content=\"en_US\" \/>\n<meta property=\"og:type\" content=\"article\" \/>\n<meta property=\"og:title\" content=\"G\u00f6r\u00fcn\u00fcm\" \/>\n<meta property=\"og:description\" content=\"Alcoa\u00ae jantlar i\u00e7in aksesuar \u00fcr\u00fcnleri Alcoa\u00ae jantlar\u0131n\u0131z\u0131n bak\u0131m\u0131 en \u00f6nemli \u00f6nceli\u011finiz olmal\u0131d\u0131r 1. Alcoa\u00ae jantlar i\u00e7in aksesuar \u00fcr\u00fcnleri, jantlar\u0131 en iyi durumda tutmak ve uzun hizmet \u00f6mr\u00fc sa\u011flamak i\u00e7in y\u0131llar boyunca geli\u015ftirilmi\u015f ve se\u00e7ilmi\u015ftir. 2. Alcoa\u00ae jantlar i\u00e7in aksesuar \u00fcr\u00fcnleri, yetkili distrib\u00fct\u00f6r a\u011f\u0131m\u0131zdan temin edilebilir. Daha fazla bilgi i\u00e7in:\" \/>\n<meta property=\"og:url\" content=\"https:\/\/www.alcoawheels.com\/europe\/tr\/gorunum\/\" \/>\n<meta property=\"og:site_name\" content=\"Europe Turkish\" \/>\n<meta property=\"article:modified_time\" content=\"2025-11-24T15:02:58+00:00\" \/>\n<meta property=\"og:image\" content=\"https:\/\/www.alcoawheels.com\/europe\/tr\/wp-content\/uploads\/sites\/24\/2025\/11\/Alcover_chrome_plastic_box_and_Alcover_3pc_low-resize.jpg\" \/>\n\t<meta property=\"og:image:width\" content=\"450\" \/>\n\t<meta property=\"og:image:height\" content=\"300\" \/>\n\t<meta property=\"og:image:type\" content=\"image\/jpeg\" \/>\n<meta name=\"twitter:card\" content=\"summary_large_image\" \/>\n<meta name=\"twitter:label1\" content=\"Est. reading time\" \/>\n\t<meta name=\"twitter:data1\" content=\"4 minutes\" \/>\n<script type=\"application\/ld+json\" class=\"yoast-schema-graph\">{\"@context\":\"https:\\\/\\\/schema.org\",\"@graph\":[{\"@type\":\"WebPage\",\"@id\":\"https:\\\/\\\/www.alcoawheels.com\\\/europe\\\/tr\\\/gorunum\\\/\",\"url\":\"https:\\\/\\\/www.alcoawheels.com\\\/europe\\\/tr\\\/gorunum\\\/\",\"name\":\"Alcoa Wheels | Aksesuarlar | G\u00f6r\u00fcn\u00fcm\",\"isPartOf\":{\"@id\":\"https:\\\/\\\/www.alcoawheels.com\\\/europe\\\/tr\\\/#website\"},\"primaryImageOfPage\":{\"@id\":\"https:\\\/\\\/www.alcoawheels.com\\\/europe\\\/tr\\\/gorunum\\\/#primaryimage\"},\"image\":{\"@id\":\"https:\\\/\\\/www.alcoawheels.com\\\/europe\\\/tr\\\/gorunum\\\/#primaryimage\"},\"thumbnailUrl\":\"https:\\\/\\\/www.alcoawheels.com\\\/europe\\\/tr\\\/wp-content\\\/uploads\\\/sites\\\/24\\\/2025\\\/11\\\/Alcover_chrome_plastic_box_and_Alcover_3pc_low-resize.jpg\",\"datePublished\":\"2023-05-28T13:04:47+00:00\",\"dateModified\":\"2025-11-24T15:02:58+00:00\",\"breadcrumb\":{\"@id\":\"https:\\\/\\\/www.alcoawheels.com\\\/europe\\\/tr\\\/gorunum\\\/#breadcrumb\"},\"inLanguage\":\"en-US\",\"potentialAction\":[{\"@type\":\"ReadAction\",\"target\":[\"https:\\\/\\\/www.alcoawheels.com\\\/europe\\\/tr\\\/gorunum\\\/\"]}]},{\"@type\":\"ImageObject\",\"inLanguage\":\"en-US\",\"@id\":\"https:\\\/\\\/www.alcoawheels.com\\\/europe\\\/tr\\\/gorunum\\\/#primaryimage\",\"url\":\"https:\\\/\\\/www.alcoawheels.com\\\/europe\\\/tr\\\/wp-content\\\/uploads\\\/sites\\\/24\\\/2025\\\/11\\\/Alcover_chrome_plastic_box_and_Alcover_3pc_low-resize.jpg\",\"contentUrl\":\"https:\\\/\\\/www.alcoawheels.com\\\/europe\\\/tr\\\/wp-content\\\/uploads\\\/sites\\\/24\\\/2025\\\/11\\\/Alcover_chrome_plastic_box_and_Alcover_3pc_low-resize.jpg\",\"width\":450,\"height\":300,\"caption\":\"Chromed plastic Alcovers\"},{\"@type\":\"BreadcrumbList\",\"@id\":\"https:\\\/\\\/www.alcoawheels.com\\\/europe\\\/tr\\\/gorunum\\\/#breadcrumb\",\"itemListElement\":[{\"@type\":\"ListItem\",\"position\":1,\"name\":\"Home\",\"item\":\"https:\\\/\\\/www.alcoawheels.com\\\/europe\\\/tr\\\/\"},{\"@type\":\"ListItem\",\"position\":2,\"name\":\"G\u00f6r\u00fcn\u00fcm\"}]},{\"@type\":\"WebSite\",\"@id\":\"https:\\\/\\\/www.alcoawheels.com\\\/europe\\\/tr\\\/#website\",\"url\":\"https:\\\/\\\/www.alcoawheels.com\\\/europe\\\/tr\\\/\",\"name\":\"Europe Turkish\",\"description\":\"\",\"publisher\":{\"@id\":\"https:\\\/\\\/www.alcoawheels.com\\\/europe\\\/tr\\\/#organization\"},\"potentialAction\":[{\"@type\":\"SearchAction\",\"target\":{\"@type\":\"EntryPoint\",\"urlTemplate\":\"https:\\\/\\\/www.alcoawheels.com\\\/europe\\\/tr\\\/?s={search_term_string}\"},\"query-input\":{\"@type\":\"PropertyValueSpecification\",\"valueRequired\":true,\"valueName\":\"search_term_string\"}}],\"inLanguage\":\"en-US\"},{\"@type\":\"Organization\",\"@id\":\"https:\\\/\\\/www.alcoawheels.com\\\/europe\\\/tr\\\/#organization\",\"name\":\"Europe Turkish\",\"url\":\"https:\\\/\\\/www.alcoawheels.com\\\/europe\\\/tr\\\/\",\"logo\":{\"@type\":\"ImageObject\",\"inLanguage\":\"en-US\",\"@id\":\"https:\\\/\\\/www.alcoawheels.com\\\/europe\\\/tr\\\/#\\\/schema\\\/logo\\\/image\\\/\",\"url\":\"https:\\\/\\\/www.alcoawheels.com\\\/europe\\\/tr\\\/wp-content\\\/uploads\\\/sites\\\/24\\\/2023\\\/05\\\/logo-black.gif\",\"contentUrl\":\"https:\\\/\\\/www.alcoawheels.com\\\/europe\\\/tr\\\/wp-content\\\/uploads\\\/sites\\\/24\\\/2023\\\/05\\\/logo-black.gif\",\"width\":71,\"height\":64,\"caption\":\"Europe Turkish\"},\"image\":{\"@id\":\"https:\\\/\\\/www.alcoawheels.com\\\/europe\\\/tr\\\/#\\\/schema\\\/logo\\\/image\\\/\"}}]}<\/script>\n<!-- \/ Yoast SEO Premium plugin. -->","yoast_head_json":{"title":"Alcoa Wheels | Aksesuarlar | G\u00f6r\u00fcn\u00fcm","robots":{"index":"index","follow":"follow","max-snippet":"max-snippet:-1","max-image-preview":"max-image-preview:large","max-video-preview":"max-video-preview:-1"},"canonical":"https:\/\/www.alcoawheels.com\/europe\/tr\/gorunum\/","og_locale":"en_US","og_type":"article","og_title":"G\u00f6r\u00fcn\u00fcm","og_description":"Alcoa\u00ae jantlar i\u00e7in aksesuar \u00fcr\u00fcnleri Alcoa\u00ae jantlar\u0131n\u0131z\u0131n bak\u0131m\u0131 en \u00f6nemli \u00f6nceli\u011finiz olmal\u0131d\u0131r 1. Alcoa\u00ae jantlar i\u00e7in aksesuar \u00fcr\u00fcnleri, jantlar\u0131 en iyi durumda tutmak ve uzun hizmet \u00f6mr\u00fc sa\u011flamak i\u00e7in y\u0131llar boyunca geli\u015ftirilmi\u015f ve se\u00e7ilmi\u015ftir. 2. Alcoa\u00ae jantlar i\u00e7in aksesuar \u00fcr\u00fcnleri, yetkili distrib\u00fct\u00f6r a\u011f\u0131m\u0131zdan temin edilebilir. Daha fazla bilgi i\u00e7in:","og_url":"https:\/\/www.alcoawheels.com\/europe\/tr\/gorunum\/","og_site_name":"Europe Turkish","article_modified_time":"2025-11-24T15:02:58+00:00","og_image":[{"width":450,"height":300,"url":"https:\/\/www.alcoawheels.com\/europe\/tr\/wp-content\/uploads\/sites\/24\/2025\/11\/Alcover_chrome_plastic_box_and_Alcover_3pc_low-resize.jpg","type":"image\/jpeg"}],"twitter_card":"summary_large_image","twitter_misc":{"Est. reading time":"4 minutes"},"schema":{"@context":"https:\/\/schema.org","@graph":[{"@type":"WebPage","@id":"https:\/\/www.alcoawheels.com\/europe\/tr\/gorunum\/","url":"https:\/\/www.alcoawheels.com\/europe\/tr\/gorunum\/","name":"Alcoa Wheels | Aksesuarlar | G\u00f6r\u00fcn\u00fcm","isPartOf":{"@id":"https:\/\/www.alcoawheels.com\/europe\/tr\/#website"},"primaryImageOfPage":{"@id":"https:\/\/www.alcoawheels.com\/europe\/tr\/gorunum\/#primaryimage"},"image":{"@id":"https:\/\/www.alcoawheels.com\/europe\/tr\/gorunum\/#primaryimage"},"thumbnailUrl":"https:\/\/www.alcoawheels.com\/europe\/tr\/wp-content\/uploads\/sites\/24\/2025\/11\/Alcover_chrome_plastic_box_and_Alcover_3pc_low-resize.jpg","datePublished":"2023-05-28T13:04:47+00:00","dateModified":"2025-11-24T15:02:58+00:00","breadcrumb":{"@id":"https:\/\/www.alcoawheels.com\/europe\/tr\/gorunum\/#breadcrumb"},"inLanguage":"en-US","potentialAction":[{"@type":"ReadAction","target":["https:\/\/www.alcoawheels.com\/europe\/tr\/gorunum\/"]}]},{"@type":"ImageObject","inLanguage":"en-US","@id":"https:\/\/www.alcoawheels.com\/europe\/tr\/gorunum\/#primaryimage","url":"https:\/\/www.alcoawheels.com\/europe\/tr\/wp-content\/uploads\/sites\/24\/2025\/11\/Alcover_chrome_plastic_box_and_Alcover_3pc_low-resize.jpg","contentUrl":"https:\/\/www.alcoawheels.com\/europe\/tr\/wp-content\/uploads\/sites\/24\/2025\/11\/Alcover_chrome_plastic_box_and_Alcover_3pc_low-resize.jpg","width":450,"height":300,"caption":"Chromed plastic Alcovers"},{"@type":"BreadcrumbList","@id":"https:\/\/www.alcoawheels.com\/europe\/tr\/gorunum\/#breadcrumb","itemListElement":[{"@type":"ListItem","position":1,"name":"Home","item":"https:\/\/www.alcoawheels.com\/europe\/tr\/"},{"@type":"ListItem","position":2,"name":"G\u00f6r\u00fcn\u00fcm"}]},{"@type":"WebSite","@id":"https:\/\/www.alcoawheels.com\/europe\/tr\/#website","url":"https:\/\/www.alcoawheels.com\/europe\/tr\/","name":"Europe Turkish","description":"","publisher":{"@id":"https:\/\/www.alcoawheels.com\/europe\/tr\/#organization"},"potentialAction":[{"@type":"SearchAction","target":{"@type":"EntryPoint","urlTemplate":"https:\/\/www.alcoawheels.com\/europe\/tr\/?s={search_term_string}"},"query-input":{"@type":"PropertyValueSpecification","valueRequired":true,"valueName":"search_term_string"}}],"inLanguage":"en-US"},{"@type":"Organization","@id":"https:\/\/www.alcoawheels.com\/europe\/tr\/#organization","name":"Europe Turkish","url":"https:\/\/www.alcoawheels.com\/europe\/tr\/","logo":{"@type":"ImageObject","inLanguage":"en-US","@id":"https:\/\/www.alcoawheels.com\/europe\/tr\/#\/schema\/logo\/image\/","url":"https:\/\/www.alcoawheels.com\/europe\/tr\/wp-content\/uploads\/sites\/24\/2023\/05\/logo-black.gif","contentUrl":"https:\/\/www.alcoawheels.com\/europe\/tr\/wp-content\/uploads\/sites\/24\/2023\/05\/logo-black.gif","width":71,"height":64,"caption":"Europe Turkish"},"image":{"@id":"https:\/\/www.alcoawheels.com\/europe\/tr\/#\/schema\/logo\/image\/"}}]}},"parsely":{"version":"1.1.0","canonical_url":"https:\/\/alcoawheels.com\/europe\/tr\/gorunum\/","smart_links":{"inbound":0,"outbound":0},"traffic_boost_suggestions_count":0,"meta":{"@context":"https:\/\/schema.org","@type":"WebPage","headline":"G\u00f6r\u00fcn\u00fcm","url":"http:\/\/www.alcoawheels.com\/europe\/tr\/gorunum\/","mainEntityOfPage":{"@type":"WebPage","@id":"http:\/\/www.alcoawheels.com\/europe\/tr\/gorunum\/"},"thumbnailUrl":"https:\/\/www.alcoawheels.com\/europe\/tr\/wp-content\/uploads\/sites\/24\/2025\/11\/Alcover_chrome_plastic_box_and_Alcover_3pc_low-resize.jpg?w=150&h=150&crop=1","image":{"@type":"ImageObject","url":"https:\/\/www.alcoawheels.com\/europe\/tr\/wp-content\/uploads\/sites\/24\/2025\/11\/Alcover_chrome_plastic_box_and_Alcover_3pc_low-resize.jpg"},"articleSection":"Uncategorized","author":[{"@type":"Person","name":"howmet"}],"creator":["howmet"],"publisher":{"@type":"Organization","name":"Europe Turkish","logo":""},"keywords":[],"dateCreated":"2023-05-28T13:04:47Z","datePublished":"2023-05-28T13:04:47Z","dateModified":"2025-11-24T15:02:58Z"},"rendered":"<script type=\"application\/ld+json\" class=\"wp-parsely-metadata\">{\"@context\":\"https:\\\/\\\/schema.org\",\"@type\":\"WebPage\",\"headline\":\"G\\u00f6r\\u00fcn\\u00fcm\",\"url\":\"http:\\\/\\\/www.alcoawheels.com\\\/europe\\\/tr\\\/gorunum\\\/\",\"mainEntityOfPage\":{\"@type\":\"WebPage\",\"@id\":\"http:\\\/\\\/www.alcoawheels.com\\\/europe\\\/tr\\\/gorunum\\\/\"},\"thumbnailUrl\":\"https:\\\/\\\/www.alcoawheels.com\\\/europe\\\/tr\\\/wp-content\\\/uploads\\\/sites\\\/24\\\/2025\\\/11\\\/Alcover_chrome_plastic_box_and_Alcover_3pc_low-resize.jpg?w=150&h=150&crop=1\",\"image\":{\"@type\":\"ImageObject\",\"url\":\"https:\\\/\\\/www.alcoawheels.com\\\/europe\\\/tr\\\/wp-content\\\/uploads\\\/sites\\\/24\\\/2025\\\/11\\\/Alcover_chrome_plastic_box_and_Alcover_3pc_low-resize.jpg\"},\"articleSection\":\"Uncategorized\",\"author\":[{\"@type\":\"Person\",\"name\":\"howmet\"}],\"creator\":[\"howmet\"],\"publisher\":{\"@type\":\"Organization\",\"name\":\"Europe Turkish\",\"logo\":\"\"},\"keywords\":[],\"dateCreated\":\"2023-05-28T13:04:47Z\",\"datePublished\":\"2023-05-28T13:04:47Z\",\"dateModified\":\"2025-11-24T15:02:58Z\"}<\/script>","tracker_url":"https:\/\/cdn.parsely.com\/keys\/alcoawheels.com\/p.js"},"jetpack_sharing_enabled":true,"_links":{"self":[{"href":"https:\/\/www.alcoawheels.com\/europe\/tr\/wp-json\/wp\/v2\/pages\/53","targetHints":{"allow":["GET"]}}],"collection":[{"href":"https:\/\/www.alcoawheels.com\/europe\/tr\/wp-json\/wp\/v2\/pages"}],"about":[{"href":"https:\/\/www.alcoawheels.com\/europe\/tr\/wp-json\/wp\/v2\/types\/page"}],"author":[{"embeddable":true,"href":"https:\/\/www.alcoawheels.com\/europe\/tr\/wp-json\/wp\/v2\/users\/44"}],"replies":[{"embeddable":true,"href":"https:\/\/www.alcoawheels.com\/europe\/tr\/wp-json\/wp\/v2\/comments?post=53"}],"version-history":[{"count":17,"href":"https:\/\/www.alcoawheels.com\/europe\/tr\/wp-json\/wp\/v2\/pages\/53\/revisions"}],"predecessor-version":[{"id":2408,"href":"https:\/\/www.alcoawheels.com\/europe\/tr\/wp-json\/wp\/v2\/pages\/53\/revisions\/2408"}],"wp:featuredmedia":[{"embeddable":true,"href":"https:\/\/www.alcoawheels.com\/europe\/tr\/wp-json\/wp\/v2\/media\/2436"}],"wp:attachment":[{"href":"https:\/\/www.alcoawheels.com\/europe\/tr\/wp-json\/wp\/v2\/media?parent=53"}],"curies":[{"name":"wp","href":"https:\/\/api.w.org\/{rel}","templated":true}]}}