{"id":71,"date":"2023-05-28T13:07:46","date_gmt":"2023-05-28T13:07:46","guid":{"rendered":"https:\/\/www.alcoawheels.com\/europe\/tr\/?page_id=71"},"modified":"2023-08-24T12:08:06","modified_gmt":"2023-08-24T09:08:06","slug":"hakkinda","status":"publish","type":"page","link":"https:\/\/www.alcoawheels.com\/europe\/tr\/hakkinda\/","title":{"rendered":"ALCOA<sup>\u00ae<\/sup>\u00a0WHEELS"},"content":{"rendered":"\n<div class=\"wp-block-alcoa-wheels-hero-banner-innerpage hero-banner with-image layout-2 overlayEnable align- vertical-align- align-center vertical-align-center\" style=\"background-color:#eee\"><img decoding=\"async\" src=\"https:\/\/www.alcoawheels.com\/europe\/tr\/wp-content\/uploads\/sites\/24\/2023\/06\/about-banner.jpg\" alt=\"About Alcoa Wheels Arconic\" class=\"responsiveImage\"\/><div class=\"hero-banner__header\" style=\"text-align:center\"><div class=\"container\"><h1 class=\"hero-banner__header--title\">ALCOA<sup>\u00ae<\/sup>\u00a0WHEELS Hakk\u0131nda<\/h1><\/div><\/div><\/div>\n\n\n\n<div style=\"height:50px\" aria-hidden=\"true\" class=\"wp-block-spacer spacer-fifty\"><\/div>\n\n\n\n<h3 class=\"wp-block-heading has-text-align-center\">Lider al\u00fcminyum jant markas\u0131<\/h3>\n\n\n\n<h4 class=\"wp-block-heading has-text-align-center\">1948 y\u0131l\u0131nda ilk d\u00f6vme al\u00fcminyum jant ile ta\u015f\u0131mac\u0131l\u0131k sekt\u00f6r\u00fcn\u00fc geli\u015ftirdik ve o zamandan beri sekt\u00f6re yeniden \u015fekil veriyoruz.<\/h4>\n\n\n\n<h5 class=\"wp-block-heading\">ALCOA<sup>\u00ae<\/sup>&nbsp;WHEELS, Howmet Aerospace Inc.&#8217;in (eski ad\u0131yla Arconic Inc) bir par\u00e7as\u0131 olan Howmet Wheel Systems i\u015f biriminin markas\u0131 ve \u00fcr\u00fcn\u00fcd\u00fcr.<br>&nbsp;<br>2020&#8217;de Arconic Inc. iki ba\u011f\u0131ms\u0131z \u015firkete (Howmet Aerospace Inc. ve Arconic Corporation) ayr\u0131ld\u0131. Avrupa pazarlar\u0131 i\u00e7in Howmet, Macaristan&#8217;daki \u00fcretim tesisinde ALCOA<sup>\u00ae<\/sup>&nbsp;WHEELS \u00fcretiyor.<\/h5>\n\n\n\n<div style=\"height:20px\" aria-hidden=\"true\" class=\"wp-block-spacer\"><\/div>\n\n\n\n<div class=\"wp-block-alcoa-wheels-zigzag media-list__body\" id=\"zigzag-main-76175082-45f2-4aa1-a2eb-4a34676fe245\"><div class=\"media-list__body_main  vertical-align-top  container row-reverse\">\n<div class=\"wp-block-alcoa-wheels-zigzag-item media-list-item\"><div class=\"media-list-item__box_content\"><div class=\"media-list-item__box_content_inner\">\n<h4 class=\"wp-block-heading\" id=\"h-1948\">1948<\/h4>\n\n\n\n<h5 class=\"wp-block-heading\" id=\"h-ilk-dovme-aluminyum-kamyon-janti-icat-edildi\">\u0130lk d\u00f6vme al\u00fcminyum kamyon jant\u0131 icat edildi.<\/h5>\n<\/div><\/div><div class=\"media-list-item__box_image\"><img loading=\"lazy\" decoding=\"async\" width=\"748\" height=\"581\" src=\"https:\/\/www.alcoawheels.com\/europe\/tr\/wp-content\/uploads\/sites\/24\/2023\/06\/about-1948-europe.jpeg\" alt=\"first forged aluminium truck wheel\"\/><\/div><\/div>\n\n\n\n<div class=\"wp-block-alcoa-wheels-zigzag-item media-list-item\"><div class=\"media-list-item__box_content\"><div class=\"media-list-item__box_content_inner\">\n<h4 class=\"wp-block-heading has-text-align-right\" id=\"h-1978\">1978<\/h4>\n\n\n\n<h5 class=\"wp-block-heading has-text-align-right\" id=\"h-avrupa-da-ilk-aluminyum-kamyon-janti-uretime-dahil-edildi\">Avrupa&#8217;da ilk al\u00fcminyum kamyon jant\u0131 \u00fcretime dahil edildi.<\/h5>\n<\/div><\/div><div class=\"media-list-item__box_image\"><img loading=\"lazy\" decoding=\"async\" width=\"751\" height=\"580\" src=\"https:\/\/www.alcoawheels.com\/europe\/tr\/wp-content\/uploads\/sites\/24\/2023\/06\/about-1978-europe.jpeg\" alt=\"first forged aluminium truck wheel Europe\"\/><\/div><\/div>\n\n\n\n<div class=\"wp-block-alcoa-wheels-zigzag-item media-list-item\"><div class=\"media-list-item__box_content\"><div class=\"media-list-item__box_content_inner\">\n<h4 class=\"wp-block-heading\" id=\"h-1997\">1997<\/h4>\n\n\n\n<h5 class=\"wp-block-heading\" id=\"h-macaristan-da-yer-alan-avrupa-uretim-tesisi-kapilarini-acti\">Macaristan&#8217;da yer alan Avrupa \u00fcretim tesisi kap\u0131lar\u0131n\u0131 a\u00e7t\u0131.<\/h5>\n<\/div><\/div><div class=\"media-list-item__box_image\"><img loading=\"lazy\" decoding=\"async\" width=\"748\" height=\"580\" src=\"https:\/\/www.alcoawheels.com\/europe\/tr\/wp-content\/uploads\/sites\/24\/2023\/06\/about-1997-europe.jpeg\" alt=\"Production facility Hungary 1997\"\/><\/div><\/div>\n\n\n\n<div class=\"wp-block-alcoa-wheels-zigzag-item media-list-item\"><div class=\"media-list-item__box_content\"><div class=\"media-list-item__box_content_inner\">\n<h4 class=\"wp-block-heading has-text-align-right\" id=\"h-2005\">2005<\/h4>\n\n\n\n<h5 class=\"wp-block-heading has-text-align-right\" id=\"h-jant-flansi-asinmasina-karsi-ekstra-koruma-icin-dura-flange-jantlarinin-uretime-dahil-edilmesi\">Jant flan\u015f\u0131 a\u015f\u0131nmas\u0131na kar\u015f\u0131 ekstra koruma i\u00e7in Dura-Flange<sup>\u00ae<\/sup>&nbsp;jantlar\u0131n\u0131n \u00fcretime dahil edilmesi.<\/h5>\n<\/div><\/div><div class=\"media-list-item__box_image\"><img loading=\"lazy\" decoding=\"async\" width=\"748\" height=\"582\" src=\"https:\/\/www.alcoawheels.com\/europe\/tr\/wp-content\/uploads\/sites\/24\/2023\/06\/about-2005-europe.jpeg\" alt=\"Production facility Hungary 1997\"\/><\/div><\/div>\n\n\n\n<div class=\"wp-block-alcoa-wheels-zigzag-item media-list-item\"><div class=\"media-list-item__box_content\"><div class=\"media-list-item__box_content_inner\">\n<h4 class=\"wp-block-heading\" id=\"h-2006\">2006<\/h4>\n\n\n\n<h5 class=\"wp-block-heading\" id=\"h-avrupa-da-bakimi-kolay-dura-bright-jantlarin-ilk-satislari\">Avrupa&#8217;da bak\u0131m\u0131 kolay Dura-Bright<sup>\u00ae<\/sup>&nbsp;jantlar\u0131n ilk sat\u0131\u015flar\u0131.<\/h5>\n<\/div><\/div><div class=\"media-list-item__box_image\"><img loading=\"lazy\" decoding=\"async\" width=\"751\" height=\"581\" src=\"https:\/\/www.alcoawheels.com\/europe\/tr\/wp-content\/uploads\/sites\/24\/2023\/06\/about-2006-europe.jpeg\" alt=\"easy maintenance Dura-Bright wheels\"\/><\/div><\/div>\n\n\n\n<div class=\"wp-block-alcoa-wheels-zigzag-item media-list-item\"><div class=\"media-list-item__box_content\"><div class=\"media-list-item__box_content_inner\">\n<h4 class=\"wp-block-heading has-text-align-right\" id=\"h-2013\">2013<\/h4>\n\n\n\n<h5 class=\"wp-block-heading has-text-align-right\" id=\"h-avrupa-da-yeni-nesil-dura-bright-evo-jantlarinin-piyasaya-surulmesi\">Avrupa&#8217;da yeni nesil Dura-Bright<sup>\u00ae<\/sup>&nbsp;EVO jantlar\u0131n\u0131n piyasaya s\u00fcr\u00fclmesi.<\/h5>\n<\/div><\/div><div class=\"media-list-item__box_image\"><img loading=\"lazy\" decoding=\"async\" width=\"748\" height=\"581\" src=\"https:\/\/www.alcoawheels.com\/europe\/tr\/wp-content\/uploads\/sites\/24\/2023\/06\/about-2013-europe.jpeg\" alt=\"next generation Dura-Bright EVO wheels\"\/><\/div><\/div>\n\n\n\n<div class=\"wp-block-alcoa-wheels-zigzag-item media-list-item\"><div class=\"media-list-item__box_content\"><div class=\"media-list-item__box_content_inner\">\n<h4 class=\"wp-block-heading\" id=\"h-2015\">2015<\/h4>\n\n\n\n<h5 class=\"wp-block-heading\" id=\"h-avrupa-da-lvl-one-cilasinin-uretime-dahil-edilmesi\">Avrupa&#8217;da LvL ONE<sup>\u00ae<\/sup>&nbsp;cilas\u0131n\u0131n \u00fcretime dahil edilmesi.<\/h5>\n<\/div><\/div><div class=\"media-list-item__box_image\"><img loading=\"lazy\" decoding=\"async\" width=\"749\" height=\"580\" src=\"https:\/\/www.alcoawheels.com\/europe\/tr\/wp-content\/uploads\/sites\/24\/2023\/06\/about-2015-europe.jpeg\" alt=\"LvL ONE finish\"\/><\/div><\/div>\n\n\n\n<div class=\"wp-block-alcoa-wheels-zigzag-item media-list-item\"><div class=\"media-list-item__box_content\"><div class=\"media-list-item__box_content_inner\">\n<h4 class=\"wp-block-heading has-text-align-right\" id=\"h-2016\">2016<\/h4>\n\n\n\n<h5 class=\"wp-block-heading has-text-align-right\" id=\"h-alcoa-iki-gelismis-sirkete-ayrildi-alcoa-inc-ve-arconic-inc-alcoa-wheels-arconic-wheels-and-transportation-products-tarafindan-uretilen-arconic-urun-markasi-haline-geldi\">Alcoa iki geli\u015fmi\u015f \u015firkete ayr\u0131ld\u0131: Alcoa Inc. ve Arconic Inc. ALCOA<sup>\u00ae<\/sup>&nbsp;WHEELS, Arconic Wheels and Transportation Products taraf\u0131ndan \u00fcretilen Arconic \u00fcr\u00fcn markas\u0131 haline geldi.<\/h5>\n<\/div><\/div><div class=\"media-list-item__box_image\"><img loading=\"lazy\" decoding=\"async\" width=\"362\" height=\"282\" src=\"https:\/\/www.alcoawheels.com\/europe\/tr\/wp-content\/uploads\/sites\/24\/2023\/06\/about-2016-europe.jpeg\" alt=\"Arconic logo\"\/><\/div><\/div>\n\n\n\n<div class=\"wp-block-alcoa-wheels-zigzag-item media-list-item\"><div class=\"media-list-item__box_content\"><div class=\"media-list-item__box_content_inner\">\n<h4 class=\"wp-block-heading\" id=\"h-2019\">2019<\/h4>\n\n\n\n<h5 class=\"wp-block-heading\" id=\"h-avrupa-da-magnaforce-alasim-teknolojisine-sahip-ultra-one-alcoa-jantlarinin-piyasaya-surulmesi\">Avrupa&#8217;da MagnaForce<sup>\u00ae<\/sup>&nbsp;ala\u015f\u0131m teknolojisine sahip Ultra ONE<sup>\u00ae<\/sup>&nbsp;Alcoa<sup>\u00ae<\/sup>&nbsp;Jantlar\u0131n\u0131n piyasaya s\u00fcr\u00fclmesi.<\/h5>\n<\/div><\/div><div class=\"media-list-item__box_image\"><img loading=\"lazy\" decoding=\"async\" width=\"1500\" height=\"998\" src=\"https:\/\/www.alcoawheels.com\/europe\/tr\/wp-content\/uploads\/sites\/24\/2023\/06\/about-2019-europe.jpeg\" alt=\"ultra one\"\/><\/div><\/div>\n\n\n\n<div class=\"wp-block-alcoa-wheels-zigzag-item media-list-item\"><div class=\"media-list-item__box_content\"><div class=\"media-list-item__box_content_inner\">\n<h4 class=\"wp-block-heading has-text-align-right\" id=\"h-2020\">2020<\/h4>\n\n\n\n<h5 class=\"wp-block-heading has-text-align-right\" id=\"h-arconic-inc-halka-acik-iki-bagimsiz-sirket-olan-howmet-aerospace-inc-ve-arconic-corporation-a-ayrilmistir-alcoa-wheels-howmet-wheel-systems-tarafindan-uretilen-howmet-aerospace-in-bir-urun-markasi-haline-geldi\">Arconic Inc., halka a\u00e7\u0131k iki ba\u011f\u0131ms\u0131z \u015firket olan Howmet Aerospace Inc. ve Arconic Corporation&#8217;a ayr\u0131lm\u0131\u015ft\u0131r. ALCOA<sup>\u00ae<\/sup>&nbsp;WHEELS, Howmet Wheel Systems taraf\u0131ndan \u00fcretilen Howmet Aerospace&#8217;in bir \u00fcr\u00fcn markas\u0131 haline geldi.<\/h5>\n<\/div><\/div><div class=\"media-list-item__box_image\"><img loading=\"lazy\" decoding=\"async\" width=\"500\" height=\"250\" src=\"https:\/\/www.alcoawheels.com\/europe\/tr\/wp-content\/uploads\/sites\/24\/2023\/06\/about-2020-europe.png\" alt=\"Howmet logo\"\/><\/div><\/div>\n<\/div><\/div>\n\n\n\n<div style=\"height:50px\" aria-hidden=\"true\" class=\"wp-block-spacer spacer-fifty\"><\/div>\n\n\n\n<div class=\"wp-block-alcoa-wheels-card-usecase-1 card-box-v1__body with-icon align-center vertical-align-center\" id=\"card_box_v1-9bf6a0d0-16e6-4067-ac64-df2809798dfd\"><div class=\"fullwidthcontainer\"><div class=\"card-box-v1__boxes has-4-columns\"><div class=\"card-box-v1__box  with-link \" style=\"background-color:#00afb9\"><img decoding=\"async\" src=\"https:\/\/www.alcoawheels.com\/europe\/tr\/wp-content\/themes\/alcoa-wheels\/assets\/build\/js\/blocks\/card-usecase-1\/..\/..\/..\/images\/placeholder-image.db2b4d5c.jpeg\" alt=\"\u0130leti\u015fim\"\/><div class=\"card-box-v1__box__inner pos-abs\"><div class=\"card-box-v1__box_icon\"><img loading=\"lazy\" decoding=\"async\" width=\"171\" height=\"171\" src=\"https:\/\/www.alcoawheels.com\/europe\/tr\/wp-content\/uploads\/sites\/24\/2023\/06\/contact.png\" alt=\"\"\/><\/div><div class=\"card-box-v1__box_content\"><h4 style=\"color:#ffffff\">\u0130leti\u015fim<\/h4><\/div><div class=\"btn-wrap\"><\/div><\/div><a href=\"\/europe\/tr\/iletisim\" aria-label=\"\u0130leti\u015fim\"><\/a><\/div><div class=\"card-box-v1__box  with-link \" style=\"background-color:#34bfc7\"><img decoding=\"async\" src=\"https:\/\/www.alcoawheels.com\/europe\/tr\/wp-content\/themes\/alcoa-wheels\/assets\/build\/js\/blocks\/card-usecase-1\/..\/..\/..\/images\/placeholder-image.db2b4d5c.jpeg\" alt=\"Jant \u00c7e\u015fitleri\"\/><div class=\"card-box-v1__box__inner pos-abs\"><div class=\"card-box-v1__box_icon\"><img loading=\"lazy\" decoding=\"async\" width=\"169\" height=\"169\" src=\"https:\/\/www.alcoawheels.com\/europe\/tr\/wp-content\/uploads\/sites\/24\/2023\/06\/product-search.png\" alt=\"\"\/><\/div><div class=\"card-box-v1__box_content\"><h4 style=\"color:#ffffff\">Jant \u00c7e\u015fitleri<\/h4><\/div><div class=\"btn-wrap\"><\/div><\/div><a href=\"\/europe\/tr\/jant-cesitleri\" aria-label=\"Jant \u00c7e\u015fitleri\"><\/a><\/div><div class=\"card-box-v1__box  with-link \" style=\"background-color:#00afb9\"><img decoding=\"async\" src=\"https:\/\/www.alcoawheels.com\/europe\/tr\/wp-content\/themes\/alcoa-wheels\/assets\/build\/js\/blocks\/card-usecase-1\/..\/..\/..\/images\/placeholder-image.db2b4d5c.jpeg\" alt=\"Y\u00fczey \u0130\u015flemleri\"\/><div class=\"card-box-v1__box__inner pos-abs\"><div class=\"card-box-v1__box_icon\"><img loading=\"lazy\" decoding=\"async\" width=\"169\" height=\"169\" src=\"https:\/\/www.alcoawheels.com\/europe\/tr\/wp-content\/uploads\/sites\/24\/2023\/06\/where-to-buy.png\" alt=\"\"\/><\/div><div class=\"card-box-v1__box_content\"><h4 style=\"color:#ffffff\">Y\u00fczey \u0130\u015flemleri<\/h4><\/div><div class=\"btn-wrap\"><\/div><\/div><a href=\"\/europe\/tr\/nereden-alinir\" aria-label=\"Y\u00fczey \u0130\u015flemleri\"><\/a><\/div><div class=\"card-box-v1__box  with-link \" style=\"background-color:#34bfc7\"><img decoding=\"async\" src=\"https:\/\/www.alcoawheels.com\/europe\/tr\/wp-content\/themes\/alcoa-wheels\/assets\/build\/js\/blocks\/card-usecase-1\/..\/..\/..\/images\/placeholder-image.db2b4d5c.jpeg\" alt=\"\u0130ndirmeler\"\/><div class=\"card-box-v1__box__inner pos-abs\"><div class=\"card-box-v1__box_icon\"><img loading=\"lazy\" decoding=\"async\" width=\"169\" height=\"169\" src=\"https:\/\/www.alcoawheels.com\/europe\/tr\/wp-content\/uploads\/sites\/24\/2023\/06\/product-literature.png\" alt=\"\"\/><\/div><div class=\"card-box-v1__box_content\"><h4 style=\"color:#ffffff\">\u0130ndirmeler<\/h4><\/div><div class=\"btn-wrap\"><\/div><\/div><a href=\"\/europe\/tr\/urun-bilgileri\" aria-label=\"\u0130ndirmeler\"><\/a><\/div><\/div><\/div><\/div>\n","protected":false},"excerpt":{"rendered":"<p>Lider al\u00fcminyum jant markas\u0131 1948 y\u0131l\u0131nda ilk d\u00f6vme al\u00fcminyum jant ile ta\u015f\u0131mac\u0131l\u0131k sekt\u00f6r\u00fcn\u00fc geli\u015ftirdik ve o zamandan beri sekt\u00f6re yeniden \u015fekil veriyoruz. ALCOA\u00ae&nbsp;WHEELS, Howmet Aerospace Inc.&#8217;in (eski ad\u0131yla Arconic Inc) bir par\u00e7as\u0131 olan Howmet Wheel Systems i\u015f biriminin markas\u0131 ve \u00fcr\u00fcn\u00fcd\u00fcr.&nbsp;2020&#8217;de Arconic Inc. iki ba\u011f\u0131ms\u0131z \u015firkete (Howmet Aerospace Inc. ve Arconic Corporation) ayr\u0131ld\u0131. Avrupa pazarlar\u0131 [&hellip;]<\/p>\n","protected":false},"author":44,"featured_media":0,"parent":0,"menu_order":0,"comment_status":"closed","ping_status":"closed","template":"","meta":{"_acf_changed":false,"protected_reviewer_email":"","editor_notices":[],"footnotes":""},"class_list":["post-71","page","type-page","status-publish","hentry"],"acf":[],"yoast_head":"<!-- This site is optimized with the Yoast SEO Premium plugin v27.3 (Yoast SEO v27.3) - https:\/\/yoast.com\/product\/yoast-seo-premium-wordpress\/ -->\n<title>About | Alcoa Wheels<\/title>\n<meta name=\"description\" content=\"Alcoa Wheels are the leading brand of forged aluminum wheels in the transportation industry. In fact, we started the industry.\" \/>\n<meta name=\"robots\" content=\"index, follow, max-snippet:-1, max-image-preview:large, max-video-preview:-1\" \/>\n<link rel=\"canonical\" href=\"https:\/\/www.alcoawheels.com\/europe\/tr\/hakkinda\/\" \/>\n<meta property=\"og:locale\" content=\"en_US\" \/>\n<meta property=\"og:type\" content=\"article\" \/>\n<meta property=\"og:title\" content=\"ALCOA\u00ae\u00a0WHEELS\" \/>\n<meta property=\"og:description\" content=\"Alcoa Wheels are the leading brand of forged aluminum wheels in the transportation industry. In fact, we started the industry.\" \/>\n<meta property=\"og:url\" content=\"https:\/\/www.alcoawheels.com\/europe\/tr\/hakkinda\/\" \/>\n<meta property=\"og:site_name\" content=\"Europe Turkish\" \/>\n<meta property=\"article:modified_time\" content=\"2023-08-24T09:08:06+00:00\" \/>\n<meta property=\"og:image\" content=\"https:\/\/www.alcoawheels.com\/europe\/tr\/wp-content\/uploads\/sites\/24\/2023\/06\/about-banner.jpg\" \/>\n<meta name=\"twitter:card\" content=\"summary_large_image\" \/>\n<meta name=\"twitter:label1\" content=\"Est. reading time\" \/>\n\t<meta name=\"twitter:data1\" content=\"4 minutes\" \/>\n<script type=\"application\/ld+json\" class=\"yoast-schema-graph\">{\"@context\":\"https:\\\/\\\/schema.org\",\"@graph\":[{\"@type\":\"WebPage\",\"@id\":\"https:\\\/\\\/www.alcoawheels.com\\\/europe\\\/tr\\\/hakkinda\\\/\",\"url\":\"https:\\\/\\\/www.alcoawheels.com\\\/europe\\\/tr\\\/hakkinda\\\/\",\"name\":\"About | Alcoa Wheels\",\"isPartOf\":{\"@id\":\"https:\\\/\\\/www.alcoawheels.com\\\/europe\\\/tr\\\/#website\"},\"primaryImageOfPage\":{\"@id\":\"https:\\\/\\\/www.alcoawheels.com\\\/europe\\\/tr\\\/hakkinda\\\/#primaryimage\"},\"image\":{\"@id\":\"https:\\\/\\\/www.alcoawheels.com\\\/europe\\\/tr\\\/hakkinda\\\/#primaryimage\"},\"thumbnailUrl\":\"https:\\\/\\\/www.alcoawheels.com\\\/europe\\\/tr\\\/wp-content\\\/uploads\\\/sites\\\/24\\\/2023\\\/06\\\/about-banner.jpg\",\"datePublished\":\"2023-05-28T13:07:46+00:00\",\"dateModified\":\"2023-08-24T09:08:06+00:00\",\"description\":\"Alcoa Wheels are the leading brand of forged aluminum wheels in the transportation industry. In fact, we started the industry.\",\"breadcrumb\":{\"@id\":\"https:\\\/\\\/www.alcoawheels.com\\\/europe\\\/tr\\\/hakkinda\\\/#breadcrumb\"},\"inLanguage\":\"en-US\",\"potentialAction\":[{\"@type\":\"ReadAction\",\"target\":[\"https:\\\/\\\/www.alcoawheels.com\\\/europe\\\/tr\\\/hakkinda\\\/\"]}]},{\"@type\":\"ImageObject\",\"inLanguage\":\"en-US\",\"@id\":\"https:\\\/\\\/www.alcoawheels.com\\\/europe\\\/tr\\\/hakkinda\\\/#primaryimage\",\"url\":\"https:\\\/\\\/www.alcoawheels.com\\\/europe\\\/tr\\\/wp-content\\\/uploads\\\/sites\\\/24\\\/2023\\\/06\\\/about-banner.jpg\",\"contentUrl\":\"https:\\\/\\\/www.alcoawheels.com\\\/europe\\\/tr\\\/wp-content\\\/uploads\\\/sites\\\/24\\\/2023\\\/06\\\/about-banner.jpg\",\"width\":1440,\"height\":400,\"caption\":\"About Alcoa Wheels Arconic\"},{\"@type\":\"BreadcrumbList\",\"@id\":\"https:\\\/\\\/www.alcoawheels.com\\\/europe\\\/tr\\\/hakkinda\\\/#breadcrumb\",\"itemListElement\":[{\"@type\":\"ListItem\",\"position\":1,\"name\":\"Home\",\"item\":\"https:\\\/\\\/www.alcoawheels.com\\\/europe\\\/tr\\\/\"},{\"@type\":\"ListItem\",\"position\":2,\"name\":\"ALCOA\u00ae\u00a0WHEELS\"}]},{\"@type\":\"WebSite\",\"@id\":\"https:\\\/\\\/www.alcoawheels.com\\\/europe\\\/tr\\\/#website\",\"url\":\"https:\\\/\\\/www.alcoawheels.com\\\/europe\\\/tr\\\/\",\"name\":\"Europe Turkish\",\"description\":\"\",\"publisher\":{\"@id\":\"https:\\\/\\\/www.alcoawheels.com\\\/europe\\\/tr\\\/#organization\"},\"potentialAction\":[{\"@type\":\"SearchAction\",\"target\":{\"@type\":\"EntryPoint\",\"urlTemplate\":\"https:\\\/\\\/www.alcoawheels.com\\\/europe\\\/tr\\\/?s={search_term_string}\"},\"query-input\":{\"@type\":\"PropertyValueSpecification\",\"valueRequired\":true,\"valueName\":\"search_term_string\"}}],\"inLanguage\":\"en-US\"},{\"@type\":\"Organization\",\"@id\":\"https:\\\/\\\/www.alcoawheels.com\\\/europe\\\/tr\\\/#organization\",\"name\":\"Europe Turkish\",\"url\":\"https:\\\/\\\/www.alcoawheels.com\\\/europe\\\/tr\\\/\",\"logo\":{\"@type\":\"ImageObject\",\"inLanguage\":\"en-US\",\"@id\":\"https:\\\/\\\/www.alcoawheels.com\\\/europe\\\/tr\\\/#\\\/schema\\\/logo\\\/image\\\/\",\"url\":\"https:\\\/\\\/www.alcoawheels.com\\\/europe\\\/tr\\\/wp-content\\\/uploads\\\/sites\\\/24\\\/2023\\\/05\\\/logo-black.gif\",\"contentUrl\":\"https:\\\/\\\/www.alcoawheels.com\\\/europe\\\/tr\\\/wp-content\\\/uploads\\\/sites\\\/24\\\/2023\\\/05\\\/logo-black.gif\",\"width\":71,\"height\":64,\"caption\":\"Europe Turkish\"},\"image\":{\"@id\":\"https:\\\/\\\/www.alcoawheels.com\\\/europe\\\/tr\\\/#\\\/schema\\\/logo\\\/image\\\/\"}}]}<\/script>\n<!-- \/ Yoast SEO Premium plugin. -->","yoast_head_json":{"title":"About | Alcoa Wheels","description":"Alcoa Wheels are the leading brand of forged aluminum wheels in the transportation industry. In fact, we started the industry.","robots":{"index":"index","follow":"follow","max-snippet":"max-snippet:-1","max-image-preview":"max-image-preview:large","max-video-preview":"max-video-preview:-1"},"canonical":"https:\/\/www.alcoawheels.com\/europe\/tr\/hakkinda\/","og_locale":"en_US","og_type":"article","og_title":"ALCOA\u00ae\u00a0WHEELS","og_description":"Alcoa Wheels are the leading brand of forged aluminum wheels in the transportation industry. In fact, we started the industry.","og_url":"https:\/\/www.alcoawheels.com\/europe\/tr\/hakkinda\/","og_site_name":"Europe Turkish","article_modified_time":"2023-08-24T09:08:06+00:00","og_image":[{"url":"https:\/\/www.alcoawheels.com\/europe\/tr\/wp-content\/uploads\/sites\/24\/2023\/06\/about-banner.jpg","type":"","width":"","height":""}],"twitter_card":"summary_large_image","twitter_misc":{"Est. reading time":"4 minutes"},"schema":{"@context":"https:\/\/schema.org","@graph":[{"@type":"WebPage","@id":"https:\/\/www.alcoawheels.com\/europe\/tr\/hakkinda\/","url":"https:\/\/www.alcoawheels.com\/europe\/tr\/hakkinda\/","name":"About | Alcoa Wheels","isPartOf":{"@id":"https:\/\/www.alcoawheels.com\/europe\/tr\/#website"},"primaryImageOfPage":{"@id":"https:\/\/www.alcoawheels.com\/europe\/tr\/hakkinda\/#primaryimage"},"image":{"@id":"https:\/\/www.alcoawheels.com\/europe\/tr\/hakkinda\/#primaryimage"},"thumbnailUrl":"https:\/\/www.alcoawheels.com\/europe\/tr\/wp-content\/uploads\/sites\/24\/2023\/06\/about-banner.jpg","datePublished":"2023-05-28T13:07:46+00:00","dateModified":"2023-08-24T09:08:06+00:00","description":"Alcoa Wheels are the leading brand of forged aluminum wheels in the transportation industry. In fact, we started the industry.","breadcrumb":{"@id":"https:\/\/www.alcoawheels.com\/europe\/tr\/hakkinda\/#breadcrumb"},"inLanguage":"en-US","potentialAction":[{"@type":"ReadAction","target":["https:\/\/www.alcoawheels.com\/europe\/tr\/hakkinda\/"]}]},{"@type":"ImageObject","inLanguage":"en-US","@id":"https:\/\/www.alcoawheels.com\/europe\/tr\/hakkinda\/#primaryimage","url":"https:\/\/www.alcoawheels.com\/europe\/tr\/wp-content\/uploads\/sites\/24\/2023\/06\/about-banner.jpg","contentUrl":"https:\/\/www.alcoawheels.com\/europe\/tr\/wp-content\/uploads\/sites\/24\/2023\/06\/about-banner.jpg","width":1440,"height":400,"caption":"About Alcoa Wheels Arconic"},{"@type":"BreadcrumbList","@id":"https:\/\/www.alcoawheels.com\/europe\/tr\/hakkinda\/#breadcrumb","itemListElement":[{"@type":"ListItem","position":1,"name":"Home","item":"https:\/\/www.alcoawheels.com\/europe\/tr\/"},{"@type":"ListItem","position":2,"name":"ALCOA\u00ae\u00a0WHEELS"}]},{"@type":"WebSite","@id":"https:\/\/www.alcoawheels.com\/europe\/tr\/#website","url":"https:\/\/www.alcoawheels.com\/europe\/tr\/","name":"Europe Turkish","description":"","publisher":{"@id":"https:\/\/www.alcoawheels.com\/europe\/tr\/#organization"},"potentialAction":[{"@type":"SearchAction","target":{"@type":"EntryPoint","urlTemplate":"https:\/\/www.alcoawheels.com\/europe\/tr\/?s={search_term_string}"},"query-input":{"@type":"PropertyValueSpecification","valueRequired":true,"valueName":"search_term_string"}}],"inLanguage":"en-US"},{"@type":"Organization","@id":"https:\/\/www.alcoawheels.com\/europe\/tr\/#organization","name":"Europe Turkish","url":"https:\/\/www.alcoawheels.com\/europe\/tr\/","logo":{"@type":"ImageObject","inLanguage":"en-US","@id":"https:\/\/www.alcoawheels.com\/europe\/tr\/#\/schema\/logo\/image\/","url":"https:\/\/www.alcoawheels.com\/europe\/tr\/wp-content\/uploads\/sites\/24\/2023\/05\/logo-black.gif","contentUrl":"https:\/\/www.alcoawheels.com\/europe\/tr\/wp-content\/uploads\/sites\/24\/2023\/05\/logo-black.gif","width":71,"height":64,"caption":"Europe Turkish"},"image":{"@id":"https:\/\/www.alcoawheels.com\/europe\/tr\/#\/schema\/logo\/image\/"}}]}},"parsely":{"version":"1.1.0","canonical_url":"https:\/\/alcoawheels.com\/europe\/tr\/hakkinda\/","smart_links":{"inbound":0,"outbound":0},"traffic_boost_suggestions_count":0,"meta":{"@context":"https:\/\/schema.org","@type":"WebPage","headline":"ALCOA\u00ae\u00a0WHEELS","url":"http:\/\/www.alcoawheels.com\/europe\/tr\/hakkinda\/","mainEntityOfPage":{"@type":"WebPage","@id":"http:\/\/www.alcoawheels.com\/europe\/tr\/hakkinda\/"},"thumbnailUrl":"","image":{"@type":"ImageObject","url":""},"articleSection":"Uncategorized","author":[{"@type":"Person","name":"howmet"}],"creator":["howmet"],"publisher":{"@type":"Organization","name":"Europe Turkish","logo":""},"keywords":[],"dateCreated":"2023-05-28T13:07:46Z","datePublished":"2023-05-28T13:07:46Z","dateModified":"2023-08-24T09:08:06Z"},"rendered":"<script type=\"application\/ld+json\" class=\"wp-parsely-metadata\">{\"@context\":\"https:\\\/\\\/schema.org\",\"@type\":\"WebPage\",\"headline\":\"ALCOA\\u00ae\\u00a0WHEELS\",\"url\":\"http:\\\/\\\/www.alcoawheels.com\\\/europe\\\/tr\\\/hakkinda\\\/\",\"mainEntityOfPage\":{\"@type\":\"WebPage\",\"@id\":\"http:\\\/\\\/www.alcoawheels.com\\\/europe\\\/tr\\\/hakkinda\\\/\"},\"thumbnailUrl\":\"\",\"image\":{\"@type\":\"ImageObject\",\"url\":\"\"},\"articleSection\":\"Uncategorized\",\"author\":[{\"@type\":\"Person\",\"name\":\"howmet\"}],\"creator\":[\"howmet\"],\"publisher\":{\"@type\":\"Organization\",\"name\":\"Europe Turkish\",\"logo\":\"\"},\"keywords\":[],\"dateCreated\":\"2023-05-28T13:07:46Z\",\"datePublished\":\"2023-05-28T13:07:46Z\",\"dateModified\":\"2023-08-24T09:08:06Z\"}<\/script>","tracker_url":"https:\/\/cdn.parsely.com\/keys\/alcoawheels.com\/p.js"},"jetpack_sharing_enabled":true,"_links":{"self":[{"href":"https:\/\/www.alcoawheels.com\/europe\/tr\/wp-json\/wp\/v2\/pages\/71","targetHints":{"allow":["GET"]}}],"collection":[{"href":"https:\/\/www.alcoawheels.com\/europe\/tr\/wp-json\/wp\/v2\/pages"}],"about":[{"href":"https:\/\/www.alcoawheels.com\/europe\/tr\/wp-json\/wp\/v2\/types\/page"}],"author":[{"embeddable":true,"href":"https:\/\/www.alcoawheels.com\/europe\/tr\/wp-json\/wp\/v2\/users\/44"}],"replies":[{"embeddable":true,"href":"https:\/\/www.alcoawheels.com\/europe\/tr\/wp-json\/wp\/v2\/comments?post=71"}],"version-history":[{"count":5,"href":"https:\/\/www.alcoawheels.com\/europe\/tr\/wp-json\/wp\/v2\/pages\/71\/revisions"}],"predecessor-version":[{"id":1935,"href":"https:\/\/www.alcoawheels.com\/europe\/tr\/wp-json\/wp\/v2\/pages\/71\/revisions\/1935"}],"wp:attachment":[{"href":"https:\/\/www.alcoawheels.com\/europe\/tr\/wp-json\/wp\/v2\/media?parent=71"}],"curies":[{"name":"wp","href":"https:\/\/api.w.org\/{rel}","templated":true}]}}