{"id":12,"date":"2023-07-20T10:59:51","date_gmt":"2023-07-20T10:59:51","guid":{"rendered":"https:\/\/www.alcoawheels.com\/south-america\/pt\/?page_id=12"},"modified":"2025-06-10T14:40:23","modified_gmt":"2025-06-10T14:40:23","slug":"alcoa-wheels-south-america","status":"publish","type":"page","link":"https:\/\/www.alcoawheels.com\/south-america\/pt\/","title":{"rendered":"Alcoa Wheels South America"},"content":{"rendered":"\n<div class=\"wp-block-alcoa-wheels-hero-slider hero-slider\" id=\"hero-slider-ad72a6a9-e639-4353-9e48-572f2d4e4d0e\"><div class=\"ad-container-fluid\"><div class=\"hero-slider-inner\"><div class=\"hero-slider-body\"><div class=\"hero-slider-main\" data-slide-fade=\"false\" data-slide-autoplay=\"true\" data-slide-interval=\"2000\" data-slide-arrows=\"true\" data-slide-dots=\"true\" data-slide-infinite=\"true\" data-slide-show=\"1\" data-slide-scroll=\"1\"><div class=\"hero-slide-item\" style=\"background-color:#fff\"><div class=\"hero-slide-inner-wrap fullsmallslide valign-center align-left with-link slide-withbg mediaresponsiveZoom\"><div class=\"desktopImage hero-slider__bg\"><img loading=\"lazy\" decoding=\"async\" width=\"1920\" height=\"600\" src=\"https:\/\/www.alcoawheels.com\/south-america\/pt\/wp-content\/uploads\/sites\/28\/2024\/08\/Banner-Lancamento-2.png\" alt=\"Thumbnail\"\/><\/div><div class=\"hero-slide-inner\"><div class=\"hero-slide-info\"><\/div><\/div><a href=\"https:\/\/www.alcoawheels.com\/south-america\/pt\/durabright-evo\/\" aria-label=\"\"><\/a><\/div><\/div><div class=\"hero-slide-item\" style=\"background-color:#fff\"><div class=\"hero-slide-inner-wrap fullsmallslide valign-center align-left with-link slide-withbg mediaresponsive\"><div class=\"desktopImage hero-slider__bg\"><img loading=\"lazy\" decoding=\"async\" width=\"1920\" height=\"600\" src=\"https:\/\/www.alcoawheels.com\/south-america\/pt\/wp-content\/uploads\/sites\/28\/2023\/07\/ultra-one-banner_large.jpg\" alt=\"Thumbnail\"\/><\/div><div class=\"responsiveImage hero-slider__bg\"><img loading=\"lazy\" decoding=\"async\" width=\"1920\" height=\"600\" src=\"https:\/\/www.alcoawheels.com\/south-america\/pt\/wp-content\/uploads\/sites\/28\/2023\/07\/ultra-one-banner_small.jpg\" alt=\"Thumbnail\"\/><\/div><div class=\"hero-slide-inner\"><div class=\"hero-slide-info\"><h2 class=\"slide-info-title\" style=\"color:#000\"><strong>Novas rodas Ultra ONE<sup>\u00ae<\/sup><\/strong><\/h2><p class=\"slide-info-desc\" style=\"color:#000\">Elevando seu neg\u00f3cio<br>a um novo patamar<\/p><p class=\"btn-main btn-primary\">Saiba mais<\/p><\/div><\/div><a href=\"\/south-america\/pt\/ultra-one\" aria-label=\"\"><\/a><\/div><\/div><div class=\"hero-slide-item\" style=\"background-color:#fff\"><div class=\"hero-slide-inner-wrap fullsmallslide valign-center align-left with-link slide-withbg mediaresponsive\"><div class=\"desktopImage hero-slider__bg\"><img loading=\"lazy\" decoding=\"async\" width=\"1920\" height=\"600\" src=\"https:\/\/www.alcoawheels.com\/south-america\/pt\/wp-content\/uploads\/sites\/28\/2023\/07\/banner-allpolish_large.jpg\" alt=\"Thumbnail\"\/><\/div><div class=\"responsiveImage hero-slider__bg\"><img loading=\"lazy\" decoding=\"async\" width=\"1920\" height=\"600\" src=\"https:\/\/www.alcoawheels.com\/south-america\/pt\/wp-content\/uploads\/sites\/28\/2023\/07\/banner-allpolish_small.jpg\" alt=\"Thumbnail\"\/><\/div><div class=\"hero-slide-inner\"><div class=\"hero-slide-info\"><p class=\"slide-info-desc\" style=\"color:#000\">Atendendo a pedidos\u2026<\/p><h2 class=\"slide-info-title\" style=\"color:#000\"><strong>Chegou a t\u00e3o esperada Alpolish<sup>\u00ae<\/sup>, nossa pasta de polimento para rodas de alum\u00ednio.<\/strong><\/h2><p class=\"btn-main btn-primary\">Saiba mais<\/p><\/div><\/div><a href=\"\/south-america\/pt\/acessorios\" aria-label=\"Atendendo a pedidos\u2026\"><\/a><\/div><\/div><div class=\"hero-slide-item\" style=\"background-color:#fff\"><div class=\"hero-slide-inner-wrap fullsmallslide valign-center align-left with-link slide-withbg mediaresponsive\"><div class=\"desktopImage hero-slider__bg\"><img loading=\"lazy\" decoding=\"async\" width=\"1920\" height=\"600\" src=\"https:\/\/www.alcoawheels.com\/south-america\/pt\/wp-content\/uploads\/sites\/28\/2023\/07\/banner-principal_large.jpg\" alt=\"Thumbnail\"\/><\/div><div class=\"responsiveImage hero-slider__bg\"><img loading=\"lazy\" decoding=\"async\" width=\"1920\" height=\"600\" src=\"https:\/\/www.alcoawheels.com\/south-america\/pt\/wp-content\/uploads\/sites\/28\/2023\/07\/banner-principal_small.jpg\" alt=\"Thumbnail\"\/><\/div><div class=\"hero-slide-inner\"><div class=\"hero-slide-info\"><p class=\"slide-info-desc\" style=\"color:#000\">Rodas Alcoa\u00ae: Brilho e Leveza<\/p><h2 class=\"slide-info-title\" style=\"color:#000\"><strong>Um caminho mais forte para melhores neg\u00f3cios<\/strong><\/h2><p class=\"slide-info-desc\" style=\"color:#000\">Veja os principais benef\u00edcios das rodas forjadas de alum\u00ednio Alcoa<sup>\u00ae<\/sup><\/p><\/div><\/div><a href=\"\/south-america\/pt\/sobre\" aria-label=\"Rodas Alcoa\u00ae: Brilho e Leveza\"><\/a><\/div><\/div><div class=\"hero-slide-item\" style=\"background-color:#fff\"><div class=\"hero-slide-inner-wrap fullsmallslide valign-center align-left with-link slide-withbg mediaresponsive\"><div class=\"desktopImage hero-slider__bg\"><img loading=\"lazy\" decoding=\"async\" width=\"1920\" height=\"600\" src=\"https:\/\/www.alcoawheels.com\/south-america\/pt\/wp-content\/uploads\/sites\/28\/2023\/07\/banner-resistencia_large.jpg\" alt=\"Thumbnail\"\/><\/div><div class=\"responsiveImage hero-slider__bg\"><img loading=\"lazy\" decoding=\"async\" width=\"1920\" height=\"600\" src=\"https:\/\/www.alcoawheels.com\/south-america\/pt\/wp-content\/uploads\/sites\/28\/2023\/07\/banner-resistencia_small.jpg\" alt=\"Thumbnail\"\/><\/div><div class=\"hero-slide-inner\"><div class=\"hero-slide-info\"><h2 class=\"slide-info-title\" style=\"color:#000\"><strong>Rodas Alcoa<sup>\u00ae<\/sup>: 47% mais leves e 5X mais resistentes<\/strong><\/h2><p class=\"slide-info-desc\" style=\"color:#000\">Conhe\u00e7a o processo de produ\u00e7\u00e3o<\/p><\/div><\/div><a href=\"\/south-america\/pt\/processo-de-producao\" aria-label=\"\"><\/a><\/div><\/div><div class=\"hero-slide-item\" style=\"background-color:#fff\"><div class=\"hero-slide-inner-wrap fullsmallslide valign-center align-left with-link slide-withbg mediaresponsive\"><div class=\"desktopImage hero-slider__bg\"><img loading=\"lazy\" decoding=\"async\" width=\"1920\" height=\"600\" src=\"https:\/\/www.alcoawheels.com\/south-america\/pt\/wp-content\/uploads\/sites\/28\/2023\/07\/banner-FAQ_large.jpg\" alt=\"Thumbnail\"\/><\/div><div class=\"responsiveImage hero-slider__bg\"><img loading=\"lazy\" decoding=\"async\" width=\"1920\" height=\"600\" src=\"https:\/\/www.alcoawheels.com\/south-america\/pt\/wp-content\/uploads\/sites\/28\/2023\/07\/banner-FAQ_small.jpg\" alt=\"Thumbnail\"\/><\/div><div class=\"hero-slide-inner\"><div class=\"hero-slide-info\"><p class=\"slide-info-desc\" style=\"color:#000000\">FAQ<\/p><h2 class=\"slide-info-title\" style=\"color:#000000\"><strong>Perguntas e Respostas<\/strong><\/h2><p class=\"slide-info-desc\" style=\"color:#000000\">Esclare\u00e7a suas d\u00favidas sobre as rodas forjadas de alum\u00ednio Alcoa<sup>\u00ae<\/sup><\/p><\/div><\/div><a href=\"\/south-america\/pt\/faq\" aria-label=\"FAQ\"><\/a><\/div><\/div><div class=\"hero-slide-item\" style=\"background-color:#fff\"><div class=\"hero-slide-inner-wrap fullsmallslide valign-center align-left with-link slide-withbg mediaresponsive\"><div class=\"desktopImage hero-slider__bg\"><img loading=\"lazy\" decoding=\"async\" width=\"1920\" height=\"600\" src=\"https:\/\/www.alcoawheels.com\/south-america\/pt\/wp-content\/uploads\/sites\/28\/2023\/07\/banner-produtividade_large.jpg\" alt=\"Thumbnail\"\/><\/div><div class=\"responsiveImage hero-slider__bg\"><img loading=\"lazy\" decoding=\"async\" width=\"1920\" height=\"600\" src=\"https:\/\/www.alcoawheels.com\/south-america\/pt\/wp-content\/uploads\/sites\/28\/2023\/07\/banner-produtividade_small.jpg\" alt=\"Thumbnail\"\/><\/div><div class=\"hero-slide-inner\"><div class=\"hero-slide-info\"><p class=\"slide-info-desc\" style=\"color:#ffffff\">Rodas de F\u00e1brica<\/p><h2 class=\"slide-info-title\" style=\"color:#ffffff\"><strong>Solicite o seu ve\u00edculo de f\u00e1brica com rodas de alum\u00ednio Alcoa<sup>\u00ae<\/sup><\/strong><\/h2><p class=\"btn-main btn-primary\">Saiba mais<\/p><\/div><\/div><a href=\"\/south-america\/pt\/contato\" aria-label=\"Rodas de F\u00e1brica\"><\/a><\/div><\/div><div class=\"hero-slide-item\" style=\"background-color:#fff\"><div class=\"hero-slide-inner-wrap fullsmallslide valign-center align-left with-link slide-withbg mediaresponsive\"><div class=\"desktopImage hero-slider__bg\"><img loading=\"lazy\" decoding=\"async\" width=\"1920\" height=\"600\" src=\"https:\/\/www.alcoawheels.com\/south-america\/pt\/wp-content\/uploads\/sites\/28\/2023\/07\/banner-onde-comprar_large.jpg\" alt=\"Thumbnail\"\/><\/div><div class=\"responsiveImage hero-slider__bg\"><img loading=\"lazy\" decoding=\"async\" width=\"1920\" height=\"600\" src=\"https:\/\/www.alcoawheels.com\/south-america\/pt\/wp-content\/uploads\/sites\/28\/2023\/07\/banner-onde-comprar_small.jpg\" alt=\"Thumbnail\"\/><\/div><div class=\"hero-slide-inner\"><div class=\"hero-slide-info\"><p class=\"slide-info-desc\" style=\"color:#000\">Onde Comprar<\/p><h2 class=\"slide-info-title\" style=\"color:#000\"><strong>Encontre o ponto de venda mais pr\u00f3ximo de voc\u00ea<\/strong><\/h2><p class=\"btn-main btn-primary\">Saiba mais<\/p><\/div><\/div><a href=\"\/south-america\/pt\/onde-comprar\" aria-label=\"Onde Comprar\"><\/a><\/div><\/div><\/div><\/div><\/div><\/div><\/div>\n\n\n\n<div style=\"height:50px\" aria-hidden=\"true\" class=\"wp-block-spacer spacer-fifty\"><\/div>\n\n\n\n<h1 class=\"wp-block-heading has-text-align-center\" id=\"h-por-dentro-da-inovacao-alcoa\">Por dentro da inova\u00e7\u00e3o Alcoa<sup>\u00ae<\/sup><\/h1>\n\n\n\n<h4 class=\"wp-block-heading has-text-align-center\" id=\"h-ha-mais-sobre-as-rodas-alcoa-nbsp-do-que-os-olhos-podem-ver\">H\u00e1 mais sobre as rodas Alcoa<sup>\u00ae<\/sup>&nbsp;do que os olhos podem ver<\/h4>\n\n\n\n<p class=\"has-text-align-center\">A Alcoa<sup>\u00ae<\/sup>&nbsp;inventou a ind\u00fastria do alum\u00ednio e, em 1948, sua primeira roda forjada de alum\u00ednio. Desde ent\u00e3o, lan\u00e7amos in\u00fameras inova\u00e7\u00f5es que aumentam a produtividade do seu neg\u00f3cio.<\/p>\n\n\n\n<div class=\"wp-block-alcoa-wheels-image-overlay-text-grid image-overlay-text-grid__section\"><div class=\"fullcontainer  \"><div class=\"grid-items box-threeCol\">\n<div class=\"wp-block-alcoa-wheels-grid-item image-overlay-text-grid-item__section\"><div class=\"grid-items-wrapper\"><a href=\"\/south-america\/pt\/caminhoes-e-implementos\" class=\"item-link\"><div class=\"grid-image\"><img decoding=\"async\" src=\"https:\/\/www.alcoawheels.com\/south-america\/pt\/wp-content\/uploads\/sites\/28\/2023\/07\/gallery-tile-wheels.jpg\" alt=\"Rodas para caminh\u00f5es e implementos\"\/><\/div><div class=\"overlay-items\"><h3 class=\"item-heading\">Rodas para caminh\u00f5es e implementos<\/h3><a href=\"\/south-america\/pt\/caminhoes-e-implementos\" class=\"item-button btn-main btn-primary\" title=\"Saiba mais\">Saiba mais<\/a><\/div><\/a><\/div><\/div>\n\n\n\n<div class=\"wp-block-alcoa-wheels-grid-item image-overlay-text-grid-item__section\"><div class=\"grid-items-wrapper\"><a href=\"\/south-america\/pt\/caminhoes-leves\" class=\"item-link\"><div class=\"grid-image\"><img decoding=\"async\" src=\"https:\/\/www.alcoawheels.com\/south-america\/pt\/wp-content\/uploads\/sites\/28\/2023\/07\/gallery-tile-caminhoes.jpg\" alt=\"Rodas para caminh\u00f5es leves e micro-\u00f4nibus\"\/><\/div><div class=\"overlay-items\"><h3 class=\"item-heading\">Rodas para caminh\u00f5es leves e micro-\u00f4nibus<\/h3><a href=\"\/south-america\/pt\/caminhoes-leves\" class=\"item-button btn-main btn-primary\" title=\"Saiba mais\">Saiba mais<\/a><\/div><\/a><\/div><\/div>\n\n\n\n<div class=\"wp-block-alcoa-wheels-grid-item image-overlay-text-grid-item__section\"><div class=\"grid-items-wrapper\"><a href=\"\/south-america\/pt\/onibus\" class=\"item-link\"><div class=\"grid-image\"><img decoding=\"async\" src=\"https:\/\/www.alcoawheels.com\/south-america\/pt\/wp-content\/uploads\/sites\/28\/2023\/07\/gallery-tile-onibus-rodoviario.jpg\" alt=\"Rodas para \u00f4nibus\"\/><\/div><div class=\"overlay-items\"><h3 class=\"item-heading\">Rodas para \u00f4nibus<\/h3><a href=\"\/south-america\/pt\/onibus\" class=\"item-button btn-main btn-primary\" title=\"Saiba mais\">Saiba mais<\/a><\/div><\/a><\/div><\/div>\n<\/div><\/div><\/div>\n","protected":false},"excerpt":{"rendered":"<p>Por dentro da inova\u00e7\u00e3o Alcoa\u00ae H\u00e1 mais sobre as rodas Alcoa\u00ae&nbsp;do que os olhos podem ver A Alcoa\u00ae&nbsp;inventou a ind\u00fastria do alum\u00ednio e, em 1948, sua primeira roda forjada de alum\u00ednio. Desde ent\u00e3o, lan\u00e7amos in\u00fameras inova\u00e7\u00f5es que aumentam a produtividade do seu neg\u00f3cio.<\/p>\n","protected":false},"author":44,"featured_media":0,"parent":0,"menu_order":0,"comment_status":"closed","ping_status":"closed","template":"","meta":{"_acf_changed":false,"protected_reviewer_email":"","editor_notices":[],"footnotes":""},"class_list":["post-12","page","type-page","status-publish","hentry"],"acf":[],"yoast_head":"<!-- This site is optimized with the Yoast SEO Premium plugin v27.4 (Yoast SEO v27.4) - https:\/\/yoast.com\/product\/yoast-seo-premium-wordpress\/ -->\n<title>Alcoa Rodas \u2013 Rodas de Alum\u00ednio para Caminh\u00f5es, Implementos e \u00d4nibus | Alcoa Wheels<\/title>\n<meta name=\"description\" content=\"Um dos maiores fabricantes de rodas forjadas de alum\u00ednio para caminh\u00f5es, implementos e \u00f4nibus.\" \/>\n<meta name=\"robots\" content=\"index, follow, max-snippet:-1, max-image-preview:large, max-video-preview:-1\" \/>\n<link rel=\"canonical\" href=\"https:\/\/www.alcoawheels.com\/south-america\/pt\/\" \/>\n<meta property=\"og:locale\" content=\"en_US\" \/>\n<meta property=\"og:type\" content=\"article\" \/>\n<meta property=\"og:title\" content=\"Alcoa Wheels South America\" \/>\n<meta property=\"og:description\" content=\"Um dos maiores fabricantes de rodas forjadas de alum\u00ednio para caminh\u00f5es, implementos e \u00f4nibus.\" \/>\n<meta property=\"og:url\" content=\"https:\/\/www.alcoawheels.com\/south-america\/pt\/\" \/>\n<meta property=\"og:site_name\" content=\"South America\" \/>\n<meta property=\"article:modified_time\" content=\"2025-06-10T14:40:23+00:00\" \/>\n<meta property=\"og:image\" content=\"https:\/\/www.alcoawheels.com\/south-america\/pt\/wp-content\/uploads\/sites\/28\/2024\/08\/Banner-Lancamento-2.png\" \/>\n<meta name=\"twitter:card\" content=\"summary_large_image\" \/>\n<meta name=\"twitter:label1\" content=\"Est. reading time\" \/>\n\t<meta name=\"twitter:data1\" content=\"5 minutes\" \/>\n<script type=\"application\/ld+json\" class=\"yoast-schema-graph\">{\"@context\":\"https:\\\/\\\/schema.org\",\"@graph\":[{\"@type\":\"WebPage\",\"@id\":\"https:\\\/\\\/www.alcoawheels.com\\\/south-america\\\/pt\\\/\",\"url\":\"https:\\\/\\\/www.alcoawheels.com\\\/south-america\\\/pt\\\/\",\"name\":\"Alcoa Rodas \u2013 Rodas de Alum\u00ednio para Caminh\u00f5es, Implementos e \u00d4nibus | Alcoa Wheels\",\"isPartOf\":{\"@id\":\"https:\\\/\\\/www.alcoawheels.com\\\/south-america\\\/pt\\\/#website\"},\"primaryImageOfPage\":{\"@id\":\"https:\\\/\\\/www.alcoawheels.com\\\/south-america\\\/pt\\\/#primaryimage\"},\"image\":{\"@id\":\"https:\\\/\\\/www.alcoawheels.com\\\/south-america\\\/pt\\\/#primaryimage\"},\"thumbnailUrl\":\"https:\\\/\\\/www.alcoawheels.com\\\/south-america\\\/pt\\\/wp-content\\\/uploads\\\/sites\\\/28\\\/2024\\\/08\\\/Banner-Lancamento-2.png\",\"datePublished\":\"2023-07-20T10:59:51+00:00\",\"dateModified\":\"2025-06-10T14:40:23+00:00\",\"description\":\"Um dos maiores fabricantes de rodas forjadas de alum\u00ednio para caminh\u00f5es, implementos e \u00f4nibus.\",\"breadcrumb\":{\"@id\":\"https:\\\/\\\/www.alcoawheels.com\\\/south-america\\\/pt\\\/#breadcrumb\"},\"inLanguage\":\"en-US\",\"potentialAction\":[{\"@type\":\"ReadAction\",\"target\":[\"https:\\\/\\\/www.alcoawheels.com\\\/south-america\\\/pt\\\/\"]}]},{\"@type\":\"ImageObject\",\"inLanguage\":\"en-US\",\"@id\":\"https:\\\/\\\/www.alcoawheels.com\\\/south-america\\\/pt\\\/#primaryimage\",\"url\":\"https:\\\/\\\/www.alcoawheels.com\\\/south-america\\\/pt\\\/wp-content\\\/uploads\\\/sites\\\/28\\\/2024\\\/08\\\/Banner-Lancamento-2.png\",\"contentUrl\":\"https:\\\/\\\/www.alcoawheels.com\\\/south-america\\\/pt\\\/wp-content\\\/uploads\\\/sites\\\/28\\\/2024\\\/08\\\/Banner-Lancamento-2.png\",\"width\":2000,\"height\":608},{\"@type\":\"BreadcrumbList\",\"@id\":\"https:\\\/\\\/www.alcoawheels.com\\\/south-america\\\/pt\\\/#breadcrumb\",\"itemListElement\":[{\"@type\":\"ListItem\",\"position\":1,\"name\":\"Home\",\"item\":\"https:\\\/\\\/www.alcoawheels.com\\\/south-america\\\/pt\\\/\"},{\"@type\":\"ListItem\",\"position\":2,\"name\":\"Alcoa Wheels South America\"}]},{\"@type\":\"WebSite\",\"@id\":\"https:\\\/\\\/www.alcoawheels.com\\\/south-america\\\/pt\\\/#website\",\"url\":\"https:\\\/\\\/www.alcoawheels.com\\\/south-america\\\/pt\\\/\",\"name\":\"South America\",\"description\":\"\",\"publisher\":{\"@id\":\"https:\\\/\\\/www.alcoawheels.com\\\/south-america\\\/pt\\\/#organization\"},\"potentialAction\":[{\"@type\":\"SearchAction\",\"target\":{\"@type\":\"EntryPoint\",\"urlTemplate\":\"https:\\\/\\\/www.alcoawheels.com\\\/south-america\\\/pt\\\/?s={search_term_string}\"},\"query-input\":{\"@type\":\"PropertyValueSpecification\",\"valueRequired\":true,\"valueName\":\"search_term_string\"}}],\"inLanguage\":\"en-US\"},{\"@type\":\"Organization\",\"@id\":\"https:\\\/\\\/www.alcoawheels.com\\\/south-america\\\/pt\\\/#organization\",\"name\":\"South America\",\"url\":\"https:\\\/\\\/www.alcoawheels.com\\\/south-america\\\/pt\\\/\",\"logo\":{\"@type\":\"ImageObject\",\"inLanguage\":\"en-US\",\"@id\":\"https:\\\/\\\/www.alcoawheels.com\\\/south-america\\\/pt\\\/#\\\/schema\\\/logo\\\/image\\\/\",\"url\":\"https:\\\/\\\/www.alcoawheels.com\\\/south-america\\\/pt\\\/wp-content\\\/uploads\\\/sites\\\/28\\\/2023\\\/07\\\/logo-black.gif\",\"contentUrl\":\"https:\\\/\\\/www.alcoawheels.com\\\/south-america\\\/pt\\\/wp-content\\\/uploads\\\/sites\\\/28\\\/2023\\\/07\\\/logo-black.gif\",\"width\":71,\"height\":64,\"caption\":\"South America\"},\"image\":{\"@id\":\"https:\\\/\\\/www.alcoawheels.com\\\/south-america\\\/pt\\\/#\\\/schema\\\/logo\\\/image\\\/\"}}]}<\/script>\n<!-- \/ Yoast SEO Premium plugin. -->","yoast_head_json":{"title":"Alcoa Rodas \u2013 Rodas de Alum\u00ednio para Caminh\u00f5es, Implementos e \u00d4nibus | Alcoa Wheels","description":"Um dos maiores fabricantes de rodas forjadas de alum\u00ednio para caminh\u00f5es, implementos e \u00f4nibus.","robots":{"index":"index","follow":"follow","max-snippet":"max-snippet:-1","max-image-preview":"max-image-preview:large","max-video-preview":"max-video-preview:-1"},"canonical":"https:\/\/www.alcoawheels.com\/south-america\/pt\/","og_locale":"en_US","og_type":"article","og_title":"Alcoa Wheels South America","og_description":"Um dos maiores fabricantes de rodas forjadas de alum\u00ednio para caminh\u00f5es, implementos e \u00f4nibus.","og_url":"https:\/\/www.alcoawheels.com\/south-america\/pt\/","og_site_name":"South America","article_modified_time":"2025-06-10T14:40:23+00:00","og_image":[{"url":"https:\/\/www.alcoawheels.com\/south-america\/pt\/wp-content\/uploads\/sites\/28\/2024\/08\/Banner-Lancamento-2.png","type":"","width":"","height":""}],"twitter_card":"summary_large_image","twitter_misc":{"Est. reading time":"5 minutes"},"schema":{"@context":"https:\/\/schema.org","@graph":[{"@type":"WebPage","@id":"https:\/\/www.alcoawheels.com\/south-america\/pt\/","url":"https:\/\/www.alcoawheels.com\/south-america\/pt\/","name":"Alcoa Rodas \u2013 Rodas de Alum\u00ednio para Caminh\u00f5es, Implementos e \u00d4nibus | Alcoa Wheels","isPartOf":{"@id":"https:\/\/www.alcoawheels.com\/south-america\/pt\/#website"},"primaryImageOfPage":{"@id":"https:\/\/www.alcoawheels.com\/south-america\/pt\/#primaryimage"},"image":{"@id":"https:\/\/www.alcoawheels.com\/south-america\/pt\/#primaryimage"},"thumbnailUrl":"https:\/\/www.alcoawheels.com\/south-america\/pt\/wp-content\/uploads\/sites\/28\/2024\/08\/Banner-Lancamento-2.png","datePublished":"2023-07-20T10:59:51+00:00","dateModified":"2025-06-10T14:40:23+00:00","description":"Um dos maiores fabricantes de rodas forjadas de alum\u00ednio para caminh\u00f5es, implementos e \u00f4nibus.","breadcrumb":{"@id":"https:\/\/www.alcoawheels.com\/south-america\/pt\/#breadcrumb"},"inLanguage":"en-US","potentialAction":[{"@type":"ReadAction","target":["https:\/\/www.alcoawheels.com\/south-america\/pt\/"]}]},{"@type":"ImageObject","inLanguage":"en-US","@id":"https:\/\/www.alcoawheels.com\/south-america\/pt\/#primaryimage","url":"https:\/\/www.alcoawheels.com\/south-america\/pt\/wp-content\/uploads\/sites\/28\/2024\/08\/Banner-Lancamento-2.png","contentUrl":"https:\/\/www.alcoawheels.com\/south-america\/pt\/wp-content\/uploads\/sites\/28\/2024\/08\/Banner-Lancamento-2.png","width":2000,"height":608},{"@type":"BreadcrumbList","@id":"https:\/\/www.alcoawheels.com\/south-america\/pt\/#breadcrumb","itemListElement":[{"@type":"ListItem","position":1,"name":"Home","item":"https:\/\/www.alcoawheels.com\/south-america\/pt\/"},{"@type":"ListItem","position":2,"name":"Alcoa Wheels South America"}]},{"@type":"WebSite","@id":"https:\/\/www.alcoawheels.com\/south-america\/pt\/#website","url":"https:\/\/www.alcoawheels.com\/south-america\/pt\/","name":"South America","description":"","publisher":{"@id":"https:\/\/www.alcoawheels.com\/south-america\/pt\/#organization"},"potentialAction":[{"@type":"SearchAction","target":{"@type":"EntryPoint","urlTemplate":"https:\/\/www.alcoawheels.com\/south-america\/pt\/?s={search_term_string}"},"query-input":{"@type":"PropertyValueSpecification","valueRequired":true,"valueName":"search_term_string"}}],"inLanguage":"en-US"},{"@type":"Organization","@id":"https:\/\/www.alcoawheels.com\/south-america\/pt\/#organization","name":"South America","url":"https:\/\/www.alcoawheels.com\/south-america\/pt\/","logo":{"@type":"ImageObject","inLanguage":"en-US","@id":"https:\/\/www.alcoawheels.com\/south-america\/pt\/#\/schema\/logo\/image\/","url":"https:\/\/www.alcoawheels.com\/south-america\/pt\/wp-content\/uploads\/sites\/28\/2023\/07\/logo-black.gif","contentUrl":"https:\/\/www.alcoawheels.com\/south-america\/pt\/wp-content\/uploads\/sites\/28\/2023\/07\/logo-black.gif","width":71,"height":64,"caption":"South America"},"image":{"@id":"https:\/\/www.alcoawheels.com\/south-america\/pt\/#\/schema\/logo\/image\/"}}]}},"parsely":{"version":"1.1.0","canonical_url":"https:\/\/alcoawheels.com\/south-america\/pt\/","smart_links":{"inbound":0,"outbound":0},"traffic_boost_suggestions_count":0,"meta":{"@context":"https:\/\/schema.org","@type":"WebPage","headline":"Alcoa Wheels South America","url":"http:\/\/www.alcoawheels.com\/south-america\/pt\/","mainEntityOfPage":{"@type":"WebPage","@id":"http:\/\/www.alcoawheels.com\/south-america\/pt\/"},"thumbnailUrl":"","image":{"@type":"ImageObject","url":""},"articleSection":"Uncategorized","author":[{"@type":"Person","name":"howmet"}],"creator":["howmet"],"publisher":{"@type":"Organization","name":"South America","logo":""},"keywords":[],"dateCreated":"2023-07-20T10:59:51Z","datePublished":"2023-07-20T10:59:51Z","dateModified":"2025-06-10T14:40:23Z"},"rendered":"<script type=\"application\/ld+json\" class=\"wp-parsely-metadata\">{\"@context\":\"https:\\\/\\\/schema.org\",\"@type\":\"WebPage\",\"headline\":\"Alcoa Wheels South America\",\"url\":\"http:\\\/\\\/www.alcoawheels.com\\\/south-america\\\/pt\\\/\",\"mainEntityOfPage\":{\"@type\":\"WebPage\",\"@id\":\"http:\\\/\\\/www.alcoawheels.com\\\/south-america\\\/pt\\\/\"},\"thumbnailUrl\":\"\",\"image\":{\"@type\":\"ImageObject\",\"url\":\"\"},\"articleSection\":\"Uncategorized\",\"author\":[{\"@type\":\"Person\",\"name\":\"howmet\"}],\"creator\":[\"howmet\"],\"publisher\":{\"@type\":\"Organization\",\"name\":\"South America\",\"logo\":\"\"},\"keywords\":[],\"dateCreated\":\"2023-07-20T10:59:51Z\",\"datePublished\":\"2023-07-20T10:59:51Z\",\"dateModified\":\"2025-06-10T14:40:23Z\"}<\/script>","tracker_url":"https:\/\/cdn.parsely.com\/keys\/alcoawheels.com\/p.js"},"jetpack_sharing_enabled":true,"_links":{"self":[{"href":"https:\/\/www.alcoawheels.com\/south-america\/pt\/wp-json\/wp\/v2\/pages\/12","targetHints":{"allow":["GET"]}}],"collection":[{"href":"https:\/\/www.alcoawheels.com\/south-america\/pt\/wp-json\/wp\/v2\/pages"}],"about":[{"href":"https:\/\/www.alcoawheels.com\/south-america\/pt\/wp-json\/wp\/v2\/types\/page"}],"author":[{"embeddable":true,"href":"https:\/\/www.alcoawheels.com\/south-america\/pt\/wp-json\/wp\/v2\/users\/44"}],"replies":[{"embeddable":true,"href":"https:\/\/www.alcoawheels.com\/south-america\/pt\/wp-json\/wp\/v2\/comments?post=12"}],"version-history":[{"count":18,"href":"https:\/\/www.alcoawheels.com\/south-america\/pt\/wp-json\/wp\/v2\/pages\/12\/revisions"}],"predecessor-version":[{"id":1334,"href":"https:\/\/www.alcoawheels.com\/south-america\/pt\/wp-json\/wp\/v2\/pages\/12\/revisions\/1334"}],"wp:attachment":[{"href":"https:\/\/www.alcoawheels.com\/south-america\/pt\/wp-json\/wp\/v2\/media?parent=12"}],"curies":[{"name":"wp","href":"https:\/\/api.w.org\/{rel}","templated":true}]}}