{"id":45,"date":"2023-07-25T14:48:37","date_gmt":"2023-07-25T14:48:37","guid":{"rendered":"https:\/\/www.alcoawheels.com\/south-america\/pt\/?page_id=45"},"modified":"2025-06-10T14:40:46","modified_gmt":"2025-06-10T14:40:46","slug":"visao-geral-rodas","status":"publish","type":"page","link":"https:\/\/www.alcoawheels.com\/south-america\/pt\/visao-geral-rodas\/","title":{"rendered":"Rodas de Alum\u00ednio"},"content":{"rendered":"\n<div style=\"height:50px\" aria-hidden=\"true\" class=\"wp-block-spacer spacer-fifty\"><\/div>\n\n\n\n<h3 class=\"wp-block-heading has-text-align-center\" id=\"h-reduza-peso-e-aumente-seus-lucros\">Reduza peso e aumente seus lucros.<\/h3>\n\n\n\n<p class=\"has-text-align-center\">As rodas forjadas de alum\u00ednio Alcoa<sup>\u00ae<\/sup>&nbsp;s\u00e3o 50% mais leves e 5 vezes mais resistentes quando comparadas as rodas fabricadas em a\u00e7o.<\/p>\n\n\n\n<div style=\"height:50px\" aria-hidden=\"true\" id=\"technologies\" class=\"wp-block-spacer spacer-fifty\"><\/div>\n\n\n\n<h3 class=\"wp-block-heading has-text-align-center\">Tecnologias<\/h3>\n\n\n\n<div class=\"wp-block-alcoa-wheels-image-overlay-text-grid image-overlay-text-grid__section\"><div class=\"container  \"><div class=\"grid-items box-twoCol\">\n<div class=\"wp-block-alcoa-wheels-grid-item image-overlay-text-grid-item__section\"><div class=\"grid-items-wrapper\"><a href=\"\/south-america\/pt\/LvL-one\" class=\"item-link\"><div class=\"grid-image\"><img decoding=\"async\" src=\"https:\/\/www.alcoawheels.com\/south-america\/pt\/wp-content\/uploads\/sites\/28\/2023\/07\/gallery-LvL-one.jpeg\" alt=\"LvL ONE<sup&gt;\u00ae<\/sup&gt;\"\/><\/div><div class=\"overlay-items\"><h3 class=\"item-heading\">LvL ONE<sup>\u00ae<\/sup><\/h3><a href=\"\/south-america\/pt\/LvL-one\" class=\"item-button btn-main btn-primary\" title=\"Saiba mais\">Saiba mais<\/a><\/div><\/a><\/div><\/div>\n\n\n\n<div class=\"wp-block-alcoa-wheels-grid-item image-overlay-text-grid-item__section\"><div class=\"grid-items-wrapper\"><a href=\"\/south-america\/pt\/ultra-one\" class=\"item-link\"><div class=\"grid-image\"><img decoding=\"async\" src=\"https:\/\/www.alcoawheels.com\/south-america\/pt\/wp-content\/uploads\/sites\/28\/2023\/07\/gallery-ultra-one.jpg\" alt=\"Ultra ONE<sup&gt;\u00ae<\/sup&gt;\"\/><\/div><div class=\"overlay-items\"><h3 class=\"item-heading\">Ultra ONE<sup>\u00ae<\/sup><\/h3><a href=\"\/south-america\/pt\/ultra-one\" class=\"item-button btn-main btn-primary\" title=\"Saiba mais\">Saiba mais<\/a><\/div><\/a><\/div><\/div>\n<\/div><\/div><\/div>\n\n\n\n<div style=\"height:50px\" aria-hidden=\"true\" id=\"applications\" class=\"wp-block-spacer spacer-fifty\"><\/div>\n\n\n\n<h3 class=\"wp-block-heading has-text-align-center\">Aplica\u00e7\u00f5es<\/h3>\n\n\n\n<div class=\"wp-block-alcoa-wheels-image-overlay-text-grid image-overlay-text-grid__section\"><div class=\"fullcontainer  blackLayout\"><div class=\"grid-items box-threeCol\">\n<div class=\"wp-block-alcoa-wheels-grid-item image-overlay-text-grid-item__section\"><div class=\"grid-items-wrapper\"><a href=\"\/south-america\/pt\/caminhoes-e-implementos\" class=\"item-link\"><div class=\"grid-image\"><img decoding=\"async\" src=\"https:\/\/www.alcoawheels.com\/south-america\/pt\/wp-content\/uploads\/sites\/28\/2023\/07\/gallery-heavy-duty.jpg\" alt=\"Caminh\u00f5es e Implementos\"\/><\/div><div class=\"overlay-items\"><h3 class=\"item-heading\">Caminh\u00f5es e Implementos<\/h3><a href=\"\/south-america\/pt\/caminhoes-e-implementos\" class=\"item-button btn-main btn-primary\" title=\"Saiba mais\">Saiba mais<\/a><\/div><\/a><\/div><\/div>\n\n\n\n<div class=\"wp-block-alcoa-wheels-grid-item image-overlay-text-grid-item__section\"><div class=\"grid-items-wrapper\"><a href=\"\/south-america\/pt\/caminhoes-leves\" class=\"item-link\"><div class=\"grid-image\"><img decoding=\"async\" src=\"https:\/\/www.alcoawheels.com\/south-america\/pt\/wp-content\/uploads\/sites\/28\/2023\/08\/gallery-medium-duty-brazil.jpg\" alt=\"Caminh\u00f5es leves e Micro-\u00f4nibus \u2013 VUC\"\/><\/div><div class=\"overlay-items\"><h3 class=\"item-heading\">Caminh\u00f5es leves e Micro-\u00f4nibus \u2013 VUC<\/h3><a href=\"\/south-america\/pt\/caminhoes-leves\" class=\"item-button btn-main btn-primary\" title=\"Saiba mais\">Saiba mais<\/a><\/div><\/a><\/div><\/div>\n\n\n\n<div class=\"wp-block-alcoa-wheels-grid-item image-overlay-text-grid-item__section\"><div class=\"grid-items-wrapper\"><a href=\"\/south-america\/pt\/onibus\" class=\"item-link\"><div class=\"grid-image\"><img decoding=\"async\" src=\"https:\/\/www.alcoawheels.com\/south-america\/pt\/wp-content\/uploads\/sites\/28\/2023\/08\/gallery-bus-and-motor-coach.jpg\" alt=\"\u00d4nibus\"\/><\/div><div class=\"overlay-items\"><h3 class=\"item-heading\">\u00d4nibus<\/h3><a href=\"\/south-america\/pt\/onibus\" class=\"item-button btn-main btn-primary\" title=\"Saiba mais\">Saiba mais<\/a><\/div><\/a><\/div><\/div>\n<\/div><\/div><\/div>\n\n\n\n<div style=\"height:50px\" aria-hidden=\"true\" class=\"wp-block-spacer spacer-fifty\"><\/div>\n\n\n\n<h3 class=\"wp-block-heading has-text-align-center\">Tamanhos<\/h3>\n\n\n\n<div class=\"wp-block-alcoa-wheels-image-overlay-text-grid image-overlay-text-grid__section\"><div class=\"container  \"><div class=\"grid-items box-twoCol\">\n<div class=\"wp-block-alcoa-wheels-grid-item image-overlay-text-grid-item__section\"><div class=\"grid-items-wrapper\"><a href=\"\/south-america\/pt\/caminhoes-e-implementos\/#22.5-wheels\" class=\"item-link\"><div class=\"grid-image\"><img decoding=\"async\" src=\"https:\/\/www.alcoawheels.com\/south-america\/pt\/wp-content\/uploads\/sites\/28\/2023\/07\/gallery-225.jpg\" alt=\"22,5&quot;\"\/><\/div><div class=\"overlay-items\"><h3 class=\"item-heading\">22,5&#8243;<\/h3><a href=\"\/south-america\/pt\/caminhoes-e-implementos\/#22.5-wheels\" class=\"item-button btn-main btn-primary\" title=\"Saiba mais\">Saiba mais<\/a><\/div><\/a><\/div><\/div>\n\n\n\n<div class=\"wp-block-alcoa-wheels-grid-item image-overlay-text-grid-item__section\"><div class=\"grid-items-wrapper\"><a href=\"\/south-america\/pt\/caminhoes-leves\/#17.5-wheels\" class=\"item-link\"><div class=\"grid-image\"><img decoding=\"async\" src=\"https:\/\/www.alcoawheels.com\/south-america\/pt\/wp-content\/uploads\/sites\/28\/2023\/07\/gallery-175.jpg\" alt=\"17,5&quot;\"\/><\/div><div class=\"overlay-items\"><h3 class=\"item-heading\">17,5&#8243;<\/h3><a href=\"\/south-america\/pt\/caminhoes-leves\/#17.5-wheels\" class=\"item-button btn-main btn-primary\" title=\"Saiba mais\">Saiba mais<\/a><\/div><\/a><\/div><\/div>\n<\/div><\/div><\/div>\n\n\n\n<div style=\"height:50px\" aria-hidden=\"true\" class=\"wp-block-spacer spacer-fifty\"><\/div>\n\n\n\n<h3 class=\"wp-block-heading has-text-align-center\">Op\u00e7\u00f5es de Acabamento<\/h3>\n\n\n\n<div class=\"wp-block-alcoa-wheels-image-overlay-text-grid image-overlay-text-grid__section\"><div class=\"fullcontainer  \"><div class=\"grid-items box-threeCol\">\n<div class=\"wp-block-alcoa-wheels-grid-item image-overlay-text-grid-item__section\"><div class=\"grid-items-wrapper\"><a href=\"\/south-america\/pt\/opcoes-de-acabamento\/#brush-finish\" class=\"item-link\"><div class=\"grid-image\"><img decoding=\"async\" src=\"https:\/\/www.alcoawheels.com\/south-america\/pt\/wp-content\/uploads\/sites\/28\/2023\/07\/gallery-brush-finish.jpg\" alt=\"Semi-Brilho\"\/><\/div><div class=\"overlay-items\"><h3 class=\"item-heading\">Semi-Brilho<\/h3><a href=\"\/south-america\/pt\/opcoes-de-acabamento\/#brush-finish\" class=\"item-button btn-main btn-primary\" title=\"Saiba mais\">Saiba mais<\/a><\/div><\/a><\/div><\/div>\n\n\n\n<div class=\"wp-block-alcoa-wheels-grid-item image-overlay-text-grid-item__section\"><div class=\"grid-items-wrapper\"><a href=\"\/south-america\/pt\/opcoes-de-acabamento\/#clean-buff\" class=\"item-link\"><div class=\"grid-image\"><img decoding=\"async\" src=\"https:\/\/www.alcoawheels.com\/south-america\/pt\/wp-content\/uploads\/sites\/28\/2023\/07\/gallery-clean-buff.jpg\" alt=\"LvL ONE<sup&gt;\u00ae<\/sup&gt; - Polida\"\/><\/div><div class=\"overlay-items\"><h3 class=\"item-heading\">LvL ONE<sup>\u00ae<\/sup> &#8211; Polida<\/h3><a href=\"\/south-america\/pt\/opcoes-de-acabamento\/#clean-buff\" class=\"item-button btn-main btn-primary\" title=\"Saiba mais\">Saiba mais<\/a><\/div><\/a><\/div><\/div>\n\n\n\n<div class=\"wp-block-alcoa-wheels-grid-item image-overlay-text-grid-item__section\"><div class=\"grid-items-wrapper\"><a href=\"\/south-america\/pt\/opcoes-de-acabamento\/#mirror-polish\" class=\"item-link\"><div class=\"grid-image\"><img decoding=\"async\" src=\"https:\/\/www.alcoawheels.com\/south-america\/pt\/wp-content\/uploads\/sites\/28\/2023\/07\/gallery-mirror-polish.jpg\" alt=\"Mirror Polish - Super Polida\"\/><\/div><div class=\"overlay-items\"><h3 class=\"item-heading\">Mirror Polish &#8211; Super Polida<\/h3><a href=\"\/south-america\/pt\/opcoes-de-acabamento\/#mirror-polish\" class=\"item-button btn-main btn-primary\" title=\"Saiba mais\">Saiba mais<\/a><\/div><\/a><\/div><\/div>\n<\/div><\/div><\/div>\n\n\n\n<div style=\"height:50px\" aria-hidden=\"true\" id=\"surface-treatments\" class=\"wp-block-spacer spacer-fifty\"><\/div>\n\n\n\n<h3 class=\"wp-block-heading has-text-align-center\">Tratamento Superficial<\/h3>\n\n\n\n<div class=\"wp-block-alcoa-wheels-image-overlay-text-grid image-overlay-text-grid__section\"><div class=\"container  \"><div class=\"grid-items box-twoCol\">\n<div class=\"wp-block-alcoa-wheels-grid-item image-overlay-text-grid-item__section\"><div class=\"grid-items-wrapper\"><a href=\"\/south-america\/pt\/durabright-evo\" class=\"item-link\"><div class=\"grid-image\"><img decoding=\"async\" src=\"https:\/\/www.alcoawheels.com\/south-america\/pt\/wp-content\/uploads\/sites\/28\/2023\/07\/gallery-dura-bright.jpg\" alt=\"Dura-Bright<sup&gt;\u00ae<\/sup&gt;\"\/><\/div><div class=\"overlay-items\"><h3 class=\"item-heading\">Dura-Bright<sup>\u00ae<\/sup><\/h3><a href=\"\/south-america\/pt\/durabright-evo\" class=\"item-button btn-main btn-primary\" title=\"Saiba mais\">Saiba mais<\/a><\/div><\/a><\/div><\/div>\n\n\n\n<div class=\"wp-block-alcoa-wheels-grid-item image-overlay-text-grid-item__section\"><div class=\"grid-items-wrapper\"><a href=\"\/south-america\/pt\/dura-flange\" class=\"item-link\"><div class=\"grid-image\"><img decoding=\"async\" src=\"https:\/\/www.alcoawheels.com\/south-america\/pt\/wp-content\/uploads\/sites\/28\/2023\/07\/gallery-dura-flange.jpg\" alt=\"Dura-Flange<sup&gt;\u00ae<\/sup&gt;\"\/><\/div><div class=\"overlay-items\"><h3 class=\"item-heading\">Dura-Flange<sup>\u00ae<\/sup><\/h3><a href=\"\/south-america\/pt\/dura-flange\" class=\"item-button btn-main btn-primary\" title=\"Saiba mais\">Saiba mais<\/a><\/div><\/a><\/div><\/div>\n<\/div><\/div><\/div>\n\n\n\n<div style=\"height:50px\" aria-hidden=\"true\" class=\"wp-block-spacer spacer-fifty\"><\/div>\n\n\n\n<div class=\"wp-block-alcoa-wheels-card-usecase-1 card-box-v1__body with-icon align-center vertical-align-center\" id=\"card_box_v1-bfaee044-7a49-4cfa-afc6-ff3781fa29e0\"><div class=\"fullwidthcontainer\"><div class=\"card-box-v1__boxes has-3-columns\"><div class=\"card-box-v1__box  with-link \" style=\"background-color:#02afba\"><img decoding=\"async\" src=\"https:\/\/www.alcoawheels.com\/south-america\/pt\/wp-content\/themes\/alcoa-wheels\/assets\/build\/js\/blocks\/card-usecase-1\/..\/..\/..\/images\/placeholder-image.db2b4d5c.jpeg\" alt=\"Contato\"\/><div class=\"card-box-v1__box__inner pos-abs\"><div class=\"card-box-v1__box_icon\"><img loading=\"lazy\" decoding=\"async\" width=\"171\" height=\"171\" src=\"https:\/\/www.alcoawheels.com\/south-america\/pt\/wp-content\/uploads\/sites\/28\/2023\/07\/contact.png\" alt=\"contact\"\/><\/div><div class=\"card-box-v1__box_content\"><h4 style=\"color:#ffffff\">Contato<\/h4><\/div><div class=\"btn-wrap\"><\/div><\/div><a href=\"\/south-america\/pt\/contato\" aria-label=\"Contato\"><\/a><\/div><div class=\"card-box-v1__box  with-link \" style=\"background-color:#02afba\"><img decoding=\"async\" src=\"https:\/\/www.alcoawheels.com\/south-america\/pt\/wp-content\/themes\/alcoa-wheels\/assets\/build\/js\/blocks\/card-usecase-1\/..\/..\/..\/images\/placeholder-image.db2b4d5c.jpeg\" alt=\"Onde Comprar\"\/><div class=\"card-box-v1__box__inner pos-abs\"><div class=\"card-box-v1__box_icon\"><img loading=\"lazy\" decoding=\"async\" width=\"169\" height=\"169\" src=\"https:\/\/www.alcoawheels.com\/south-america\/pt\/wp-content\/uploads\/sites\/28\/2023\/07\/where-to-buy.png\" alt=\"where-to-buy\"\/><\/div><div class=\"card-box-v1__box_content\"><h4 style=\"color:#ffffff\">Onde Comprar<\/h4><\/div><div class=\"btn-wrap\"><\/div><\/div><a href=\"\/south-america\/pt\/onde-comprar\" aria-label=\"Onde Comprar\"><\/a><\/div><div class=\"card-box-v1__box  with-link \" style=\"background-color:#02afba\"><img decoding=\"async\" src=\"https:\/\/www.alcoawheels.com\/south-america\/pt\/wp-content\/themes\/alcoa-wheels\/assets\/build\/js\/blocks\/card-usecase-1\/..\/..\/..\/images\/placeholder-image.db2b4d5c.jpeg\" alt=\"Cat\u00e1logos\"\/><div class=\"card-box-v1__box__inner pos-abs\"><div class=\"card-box-v1__box_icon\"><img loading=\"lazy\" decoding=\"async\" width=\"169\" height=\"169\" src=\"https:\/\/www.alcoawheels.com\/south-america\/pt\/wp-content\/uploads\/sites\/28\/2023\/07\/product-literature.png\" alt=\"product-literature\"\/><\/div><div class=\"card-box-v1__box_content\"><h4 style=\"color:#ffffff\">Cat\u00e1logos<\/h4><\/div><div class=\"btn-wrap\"><\/div><\/div><a href=\"\/south-america\/pt\/catalogos\" aria-label=\"Cat\u00e1logos\"><\/a><\/div><\/div><\/div><\/div>\n","protected":false},"excerpt":{"rendered":"<p>Reduza peso e aumente seus lucros. As rodas forjadas de alum\u00ednio Alcoa\u00ae&nbsp;s\u00e3o 50% mais leves e 5 vezes mais resistentes quando comparadas as rodas fabricadas em a\u00e7o. Tecnologias Aplica\u00e7\u00f5es Tamanhos Op\u00e7\u00f5es de Acabamento Tratamento Superficial<\/p>\n","protected":false},"author":44,"featured_media":0,"parent":0,"menu_order":0,"comment_status":"closed","ping_status":"closed","template":"","meta":{"_acf_changed":false,"protected_reviewer_email":"","editor_notices":[],"footnotes":""},"class_list":["post-45","page","type-page","status-publish","hentry"],"acf":[],"yoast_head":"<!-- This site is optimized with the Yoast SEO Premium plugin v27.3 (Yoast SEO v27.3) - https:\/\/yoast.com\/product\/yoast-seo-premium-wordpress\/ -->\n<title>Rodas de Alum\u00ednio | Alcoa Wheels<\/title>\n<meta name=\"description\" content=\"Rodas Forjadas de Alum\u00ednio para Caminh\u00f5es, Carretas e \u00d4nibus.\" \/>\n<meta name=\"robots\" content=\"index, follow, max-snippet:-1, max-image-preview:large, max-video-preview:-1\" \/>\n<link rel=\"canonical\" href=\"https:\/\/www.alcoawheels.com\/south-america\/pt\/visao-geral-rodas\/\" \/>\n<meta property=\"og:locale\" content=\"en_US\" \/>\n<meta property=\"og:type\" content=\"article\" \/>\n<meta property=\"og:title\" content=\"Rodas de Alum\u00ednio\" \/>\n<meta property=\"og:description\" content=\"Rodas Forjadas de Alum\u00ednio para Caminh\u00f5es, Carretas e \u00d4nibus.\" \/>\n<meta property=\"og:url\" content=\"https:\/\/www.alcoawheels.com\/south-america\/pt\/visao-geral-rodas\/\" \/>\n<meta property=\"og:site_name\" content=\"South America\" \/>\n<meta property=\"article:modified_time\" content=\"2025-06-10T14:40:46+00:00\" \/>\n<meta property=\"og:image\" content=\"https:\/\/www.alcoawheels.com\/south-america\/pt\/wp-content\/uploads\/sites\/28\/2023\/07\/gallery-LvL-one.jpeg\" \/>\n<meta name=\"twitter:card\" content=\"summary_large_image\" \/>\n<meta name=\"twitter:label1\" content=\"Est. reading time\" \/>\n\t<meta name=\"twitter:data1\" content=\"5 minutes\" \/>\n<script type=\"application\/ld+json\" class=\"yoast-schema-graph\">{\"@context\":\"https:\\\/\\\/schema.org\",\"@graph\":[{\"@type\":\"WebPage\",\"@id\":\"https:\\\/\\\/www.alcoawheels.com\\\/south-america\\\/pt\\\/visao-geral-rodas\\\/\",\"url\":\"https:\\\/\\\/www.alcoawheels.com\\\/south-america\\\/pt\\\/visao-geral-rodas\\\/\",\"name\":\"Rodas de Alum\u00ednio | Alcoa Wheels\",\"isPartOf\":{\"@id\":\"https:\\\/\\\/www.alcoawheels.com\\\/south-america\\\/pt\\\/#website\"},\"primaryImageOfPage\":{\"@id\":\"https:\\\/\\\/www.alcoawheels.com\\\/south-america\\\/pt\\\/visao-geral-rodas\\\/#primaryimage\"},\"image\":{\"@id\":\"https:\\\/\\\/www.alcoawheels.com\\\/south-america\\\/pt\\\/visao-geral-rodas\\\/#primaryimage\"},\"thumbnailUrl\":\"https:\\\/\\\/www.alcoawheels.com\\\/south-america\\\/pt\\\/wp-content\\\/uploads\\\/sites\\\/28\\\/2023\\\/07\\\/gallery-LvL-one.jpeg\",\"datePublished\":\"2023-07-25T14:48:37+00:00\",\"dateModified\":\"2025-06-10T14:40:46+00:00\",\"description\":\"Rodas Forjadas de Alum\u00ednio para Caminh\u00f5es, Carretas e \u00d4nibus.\",\"breadcrumb\":{\"@id\":\"https:\\\/\\\/www.alcoawheels.com\\\/south-america\\\/pt\\\/visao-geral-rodas\\\/#breadcrumb\"},\"inLanguage\":\"en-US\",\"potentialAction\":[{\"@type\":\"ReadAction\",\"target\":[\"https:\\\/\\\/www.alcoawheels.com\\\/south-america\\\/pt\\\/visao-geral-rodas\\\/\"]}]},{\"@type\":\"ImageObject\",\"inLanguage\":\"en-US\",\"@id\":\"https:\\\/\\\/www.alcoawheels.com\\\/south-america\\\/pt\\\/visao-geral-rodas\\\/#primaryimage\",\"url\":\"https:\\\/\\\/www.alcoawheels.com\\\/south-america\\\/pt\\\/wp-content\\\/uploads\\\/sites\\\/28\\\/2023\\\/07\\\/gallery-LvL-one.jpeg\",\"contentUrl\":\"https:\\\/\\\/www.alcoawheels.com\\\/south-america\\\/pt\\\/wp-content\\\/uploads\\\/sites\\\/28\\\/2023\\\/07\\\/gallery-LvL-one.jpeg\",\"width\":480,\"height\":400,\"caption\":\"Close da marca Alcoa LvL ONE\"},{\"@type\":\"BreadcrumbList\",\"@id\":\"https:\\\/\\\/www.alcoawheels.com\\\/south-america\\\/pt\\\/visao-geral-rodas\\\/#breadcrumb\",\"itemListElement\":[{\"@type\":\"ListItem\",\"position\":1,\"name\":\"Home\",\"item\":\"https:\\\/\\\/www.alcoawheels.com\\\/south-america\\\/pt\\\/\"},{\"@type\":\"ListItem\",\"position\":2,\"name\":\"Rodas de Alum\u00ednio\"}]},{\"@type\":\"WebSite\",\"@id\":\"https:\\\/\\\/www.alcoawheels.com\\\/south-america\\\/pt\\\/#website\",\"url\":\"https:\\\/\\\/www.alcoawheels.com\\\/south-america\\\/pt\\\/\",\"name\":\"South America\",\"description\":\"\",\"publisher\":{\"@id\":\"https:\\\/\\\/www.alcoawheels.com\\\/south-america\\\/pt\\\/#organization\"},\"potentialAction\":[{\"@type\":\"SearchAction\",\"target\":{\"@type\":\"EntryPoint\",\"urlTemplate\":\"https:\\\/\\\/www.alcoawheels.com\\\/south-america\\\/pt\\\/?s={search_term_string}\"},\"query-input\":{\"@type\":\"PropertyValueSpecification\",\"valueRequired\":true,\"valueName\":\"search_term_string\"}}],\"inLanguage\":\"en-US\"},{\"@type\":\"Organization\",\"@id\":\"https:\\\/\\\/www.alcoawheels.com\\\/south-america\\\/pt\\\/#organization\",\"name\":\"South America\",\"url\":\"https:\\\/\\\/www.alcoawheels.com\\\/south-america\\\/pt\\\/\",\"logo\":{\"@type\":\"ImageObject\",\"inLanguage\":\"en-US\",\"@id\":\"https:\\\/\\\/www.alcoawheels.com\\\/south-america\\\/pt\\\/#\\\/schema\\\/logo\\\/image\\\/\",\"url\":\"https:\\\/\\\/www.alcoawheels.com\\\/south-america\\\/pt\\\/wp-content\\\/uploads\\\/sites\\\/28\\\/2023\\\/07\\\/logo-black.gif\",\"contentUrl\":\"https:\\\/\\\/www.alcoawheels.com\\\/south-america\\\/pt\\\/wp-content\\\/uploads\\\/sites\\\/28\\\/2023\\\/07\\\/logo-black.gif\",\"width\":71,\"height\":64,\"caption\":\"South America\"},\"image\":{\"@id\":\"https:\\\/\\\/www.alcoawheels.com\\\/south-america\\\/pt\\\/#\\\/schema\\\/logo\\\/image\\\/\"}}]}<\/script>\n<!-- \/ Yoast SEO Premium plugin. -->","yoast_head_json":{"title":"Rodas de Alum\u00ednio | Alcoa Wheels","description":"Rodas Forjadas de Alum\u00ednio para Caminh\u00f5es, Carretas e \u00d4nibus.","robots":{"index":"index","follow":"follow","max-snippet":"max-snippet:-1","max-image-preview":"max-image-preview:large","max-video-preview":"max-video-preview:-1"},"canonical":"https:\/\/www.alcoawheels.com\/south-america\/pt\/visao-geral-rodas\/","og_locale":"en_US","og_type":"article","og_title":"Rodas de Alum\u00ednio","og_description":"Rodas Forjadas de Alum\u00ednio para Caminh\u00f5es, Carretas e \u00d4nibus.","og_url":"https:\/\/www.alcoawheels.com\/south-america\/pt\/visao-geral-rodas\/","og_site_name":"South America","article_modified_time":"2025-06-10T14:40:46+00:00","og_image":[{"url":"https:\/\/www.alcoawheels.com\/south-america\/pt\/wp-content\/uploads\/sites\/28\/2023\/07\/gallery-LvL-one.jpeg","type":"","width":"","height":""}],"twitter_card":"summary_large_image","twitter_misc":{"Est. reading time":"5 minutes"},"schema":{"@context":"https:\/\/schema.org","@graph":[{"@type":"WebPage","@id":"https:\/\/www.alcoawheels.com\/south-america\/pt\/visao-geral-rodas\/","url":"https:\/\/www.alcoawheels.com\/south-america\/pt\/visao-geral-rodas\/","name":"Rodas de Alum\u00ednio | Alcoa Wheels","isPartOf":{"@id":"https:\/\/www.alcoawheels.com\/south-america\/pt\/#website"},"primaryImageOfPage":{"@id":"https:\/\/www.alcoawheels.com\/south-america\/pt\/visao-geral-rodas\/#primaryimage"},"image":{"@id":"https:\/\/www.alcoawheels.com\/south-america\/pt\/visao-geral-rodas\/#primaryimage"},"thumbnailUrl":"https:\/\/www.alcoawheels.com\/south-america\/pt\/wp-content\/uploads\/sites\/28\/2023\/07\/gallery-LvL-one.jpeg","datePublished":"2023-07-25T14:48:37+00:00","dateModified":"2025-06-10T14:40:46+00:00","description":"Rodas Forjadas de Alum\u00ednio para Caminh\u00f5es, Carretas e \u00d4nibus.","breadcrumb":{"@id":"https:\/\/www.alcoawheels.com\/south-america\/pt\/visao-geral-rodas\/#breadcrumb"},"inLanguage":"en-US","potentialAction":[{"@type":"ReadAction","target":["https:\/\/www.alcoawheels.com\/south-america\/pt\/visao-geral-rodas\/"]}]},{"@type":"ImageObject","inLanguage":"en-US","@id":"https:\/\/www.alcoawheels.com\/south-america\/pt\/visao-geral-rodas\/#primaryimage","url":"https:\/\/www.alcoawheels.com\/south-america\/pt\/wp-content\/uploads\/sites\/28\/2023\/07\/gallery-LvL-one.jpeg","contentUrl":"https:\/\/www.alcoawheels.com\/south-america\/pt\/wp-content\/uploads\/sites\/28\/2023\/07\/gallery-LvL-one.jpeg","width":480,"height":400,"caption":"Close da marca Alcoa LvL ONE"},{"@type":"BreadcrumbList","@id":"https:\/\/www.alcoawheels.com\/south-america\/pt\/visao-geral-rodas\/#breadcrumb","itemListElement":[{"@type":"ListItem","position":1,"name":"Home","item":"https:\/\/www.alcoawheels.com\/south-america\/pt\/"},{"@type":"ListItem","position":2,"name":"Rodas de Alum\u00ednio"}]},{"@type":"WebSite","@id":"https:\/\/www.alcoawheels.com\/south-america\/pt\/#website","url":"https:\/\/www.alcoawheels.com\/south-america\/pt\/","name":"South America","description":"","publisher":{"@id":"https:\/\/www.alcoawheels.com\/south-america\/pt\/#organization"},"potentialAction":[{"@type":"SearchAction","target":{"@type":"EntryPoint","urlTemplate":"https:\/\/www.alcoawheels.com\/south-america\/pt\/?s={search_term_string}"},"query-input":{"@type":"PropertyValueSpecification","valueRequired":true,"valueName":"search_term_string"}}],"inLanguage":"en-US"},{"@type":"Organization","@id":"https:\/\/www.alcoawheels.com\/south-america\/pt\/#organization","name":"South America","url":"https:\/\/www.alcoawheels.com\/south-america\/pt\/","logo":{"@type":"ImageObject","inLanguage":"en-US","@id":"https:\/\/www.alcoawheels.com\/south-america\/pt\/#\/schema\/logo\/image\/","url":"https:\/\/www.alcoawheels.com\/south-america\/pt\/wp-content\/uploads\/sites\/28\/2023\/07\/logo-black.gif","contentUrl":"https:\/\/www.alcoawheels.com\/south-america\/pt\/wp-content\/uploads\/sites\/28\/2023\/07\/logo-black.gif","width":71,"height":64,"caption":"South America"},"image":{"@id":"https:\/\/www.alcoawheels.com\/south-america\/pt\/#\/schema\/logo\/image\/"}}]}},"parsely":{"version":"1.1.0","canonical_url":"https:\/\/alcoawheels.com\/south-america\/pt\/visao-geral-rodas\/","smart_links":{"inbound":0,"outbound":0},"traffic_boost_suggestions_count":0,"meta":{"@context":"https:\/\/schema.org","@type":"WebPage","headline":"Rodas de Alum\u00ednio","url":"http:\/\/www.alcoawheels.com\/south-america\/pt\/visao-geral-rodas\/","mainEntityOfPage":{"@type":"WebPage","@id":"http:\/\/www.alcoawheels.com\/south-america\/pt\/visao-geral-rodas\/"},"thumbnailUrl":"","image":{"@type":"ImageObject","url":""},"articleSection":"Uncategorized","author":[{"@type":"Person","name":"howmet"}],"creator":["howmet"],"publisher":{"@type":"Organization","name":"South America","logo":""},"keywords":[],"dateCreated":"2023-07-25T14:48:37Z","datePublished":"2023-07-25T14:48:37Z","dateModified":"2025-06-10T14:40:46Z"},"rendered":"<script type=\"application\/ld+json\" class=\"wp-parsely-metadata\">{\"@context\":\"https:\\\/\\\/schema.org\",\"@type\":\"WebPage\",\"headline\":\"Rodas de Alum\\u00ednio\",\"url\":\"http:\\\/\\\/www.alcoawheels.com\\\/south-america\\\/pt\\\/visao-geral-rodas\\\/\",\"mainEntityOfPage\":{\"@type\":\"WebPage\",\"@id\":\"http:\\\/\\\/www.alcoawheels.com\\\/south-america\\\/pt\\\/visao-geral-rodas\\\/\"},\"thumbnailUrl\":\"\",\"image\":{\"@type\":\"ImageObject\",\"url\":\"\"},\"articleSection\":\"Uncategorized\",\"author\":[{\"@type\":\"Person\",\"name\":\"howmet\"}],\"creator\":[\"howmet\"],\"publisher\":{\"@type\":\"Organization\",\"name\":\"South America\",\"logo\":\"\"},\"keywords\":[],\"dateCreated\":\"2023-07-25T14:48:37Z\",\"datePublished\":\"2023-07-25T14:48:37Z\",\"dateModified\":\"2025-06-10T14:40:46Z\"}<\/script>","tracker_url":"https:\/\/cdn.parsely.com\/keys\/alcoawheels.com\/p.js"},"jetpack_sharing_enabled":true,"_links":{"self":[{"href":"https:\/\/www.alcoawheels.com\/south-america\/pt\/wp-json\/wp\/v2\/pages\/45","targetHints":{"allow":["GET"]}}],"collection":[{"href":"https:\/\/www.alcoawheels.com\/south-america\/pt\/wp-json\/wp\/v2\/pages"}],"about":[{"href":"https:\/\/www.alcoawheels.com\/south-america\/pt\/wp-json\/wp\/v2\/types\/page"}],"author":[{"embeddable":true,"href":"https:\/\/www.alcoawheels.com\/south-america\/pt\/wp-json\/wp\/v2\/users\/44"}],"replies":[{"embeddable":true,"href":"https:\/\/www.alcoawheels.com\/south-america\/pt\/wp-json\/wp\/v2\/comments?post=45"}],"version-history":[{"count":22,"href":"https:\/\/www.alcoawheels.com\/south-america\/pt\/wp-json\/wp\/v2\/pages\/45\/revisions"}],"predecessor-version":[{"id":1317,"href":"https:\/\/www.alcoawheels.com\/south-america\/pt\/wp-json\/wp\/v2\/pages\/45\/revisions\/1317"}],"wp:attachment":[{"href":"https:\/\/www.alcoawheels.com\/south-america\/pt\/wp-json\/wp\/v2\/media?parent=45"}],"curies":[{"name":"wp","href":"https:\/\/api.w.org\/{rel}","templated":true}]}}