{"id":47,"date":"2023-07-25T14:49:08","date_gmt":"2023-07-25T14:49:08","guid":{"rendered":"https:\/\/www.alcoawheels.com\/south-america\/pt\/?page_id=47"},"modified":"2023-08-24T08:34:17","modified_gmt":"2023-08-24T08:34:17","slug":"opcoes-de-acabamento","status":"publish","type":"page","link":"https:\/\/www.alcoawheels.com\/south-america\/pt\/opcoes-de-acabamento\/","title":{"rendered":"Op\u00e7\u00f5es de Acabamento"},"content":{"rendered":"\n<div style=\"height:50px\" aria-hidden=\"true\" class=\"wp-block-spacer spacer-fifty\"><\/div>\n\n\n\n<div class=\"wp-block-group full-row\"><div class=\"wp-block-group__inner-container is-layout-constrained wp-block-group-is-layout-constrained\">\n<h3 class=\"wp-block-heading\" id=\"h-opcoes-de-acabamento\">Op\u00e7\u00f5es de acabamento&nbsp;<\/h3>\n\n\n\n<p>Atualmente, a Alcoa<sup>\u00ae<\/sup>&nbsp;oferece um portf\u00f3lio completo de op\u00e7\u00f5es de acabamento para as rodas forjadas de alum\u00ednio. As vantagens em termos de apar\u00eancia, durabilidade e manuten\u00e7\u00e3o destacam as rodas Alcoa<sup>\u00ae<\/sup>&nbsp;dos demais fabricantes.<\/p>\n\n\n\n<p>Al\u00e9m de melhorar a est\u00e9tica do ve\u00edculo e reduzir a necessidade de manuten\u00e7\u00e3o em compara\u00e7\u00e3o com uma roda de a\u00e7o, cada roda forjada de alum\u00ednio Alcoa<sup>\u00ae<\/sup>&nbsp;oferece uma s\u00e9rie de vantagens sobre as demais rodas de alum\u00ednio dispon\u00edveis no mercado.<\/p>\n\n\n\n<p>De nosso inovador tratamento superficial Dura-Bright<sup>\u00ae<\/sup>&nbsp;\u00e0s diversas op\u00e7\u00f5es de n\u00edvel de polimento, cada roda Alcoa<sup>\u00ae<\/sup>&nbsp;resiste ao teste do tempo, al\u00e9m de melhorar a apar\u00eancia de seu ve\u00edculo e reduzir seus custos operacionais.<\/p>\n<\/div><\/div>\n\n\n\n<div style=\"height:20px\" aria-hidden=\"true\" class=\"wp-block-spacer spacer-fifty\"><\/div>\n\n\n\n<div id=\"imagecover-9153c7a2-bc2d-4535-8c78-edaa0b411711\" class=\"wp-block-alcoa-wheels-image-cover imagecover fullwidthcontainer\">\n<div class=\"wp-block-cover is-light\" id=\"brush-finish\"><span aria-hidden=\"true\" class=\"wp-block-cover__background has-background-dim-0 has-background-dim\"><\/span><img loading=\"lazy\" decoding=\"async\" width=\"1263\" height=\"332\" class=\"wp-block-cover__image-background wp-image-297\" alt=\"brush-finish\" src=\"https:\/\/www.alcoawheels.com\/south-america\/pt\/wp-content\/uploads\/sites\/28\/2023\/07\/brush-finish-background.jpeg\" style=\"object-position:0% 0%\" data-object-fit=\"cover\" data-object-position=\"0% 0%\" srcset=\"https:\/\/www.alcoawheels.com\/south-america\/pt\/wp-content\/uploads\/sites\/28\/2023\/07\/brush-finish-background.jpeg 1263w, https:\/\/www.alcoawheels.com\/south-america\/pt\/wp-content\/uploads\/sites\/28\/2023\/07\/brush-finish-background.jpeg?resize=300,79 300w, https:\/\/www.alcoawheels.com\/south-america\/pt\/wp-content\/uploads\/sites\/28\/2023\/07\/brush-finish-background.jpeg?resize=768,202 768w, https:\/\/www.alcoawheels.com\/south-america\/pt\/wp-content\/uploads\/sites\/28\/2023\/07\/brush-finish-background.jpeg?resize=1024,269 1024w\" sizes=\"auto, (max-width: 1263px) 100vw, 1263px\" \/><div class=\"wp-block-cover__inner-container is-layout-flow wp-block-cover-is-layout-flow\">\n<div class=\"wp-block-columns is-layout-flex wp-container-core-columns-is-layout-9d6595d7 wp-block-columns-is-layout-flex\">\n<div class=\"wp-block-column is-layout-flow wp-block-column-is-layout-flow\" style=\"flex-basis:66.66%\">\n<h4 class=\"wp-block-heading has-white-color has-text-color\"><strong>Acabamento Semi-Brilho<\/strong><\/h4>\n\n\n\n<p class=\"has-white-color has-text-color\">A op\u00e7\u00e3o de acabamento semi-brilho combina uma apar\u00eancia limpa e acetinada com bom custo-benef\u00edcio.<\/p>\n\n\n\n<p class=\"has-white-color has-text-color\">&nbsp;Todas as rodas Semi-Brilho da Alcoa<sup>\u00ae<\/sup>&nbsp;t\u00eam acabamento nas superf\u00edcies interna e externa. Esse tipo de acabamento t\u00eam apar\u00eancia brilhante, mas n\u00e3o reflexiva.<\/p>\n<\/div>\n\n\n\n<div class=\"wp-block-column is-layout-flow wp-block-column-is-layout-flow\" style=\"flex-basis:33.33%\"><\/div>\n<\/div>\n<\/div><\/div>\n<\/div>\n\n\n\n<div style=\"height:50px\" aria-hidden=\"true\" class=\"wp-block-spacer spacer-fifty\"><\/div>\n\n\n\n<div id=\"imagecover-9153c7a2-bc2d-4535-8c78-edaa0b411711\" class=\"wp-block-alcoa-wheels-image-cover imagecover fullwidthcontainer\">\n<div class=\"wp-block-cover\" id=\"clean-buff\"><span aria-hidden=\"true\" class=\"wp-block-cover__background has-background-dim-0 has-background-dim\"><\/span><img loading=\"lazy\" decoding=\"async\" width=\"1263\" height=\"332\" class=\"wp-block-cover__image-background wp-image-298\" alt=\"clean-buff\" src=\"https:\/\/www.alcoawheels.com\/south-america\/pt\/wp-content\/uploads\/sites\/28\/2023\/07\/clean-buff-background.jpeg\" style=\"object-position:0% 0%\" data-object-fit=\"cover\" data-object-position=\"0% 0%\" srcset=\"https:\/\/www.alcoawheels.com\/south-america\/pt\/wp-content\/uploads\/sites\/28\/2023\/07\/clean-buff-background.jpeg 1263w, https:\/\/www.alcoawheels.com\/south-america\/pt\/wp-content\/uploads\/sites\/28\/2023\/07\/clean-buff-background.jpeg?resize=300,79 300w, https:\/\/www.alcoawheels.com\/south-america\/pt\/wp-content\/uploads\/sites\/28\/2023\/07\/clean-buff-background.jpeg?resize=768,202 768w, https:\/\/www.alcoawheels.com\/south-america\/pt\/wp-content\/uploads\/sites\/28\/2023\/07\/clean-buff-background.jpeg?resize=1024,269 1024w\" sizes=\"auto, (max-width: 1263px) 100vw, 1263px\" \/><div class=\"wp-block-cover__inner-container is-layout-flow wp-block-cover-is-layout-flow\">\n<div class=\"wp-block-columns is-layout-flex wp-container-core-columns-is-layout-9d6595d7 wp-block-columns-is-layout-flex\">\n<div class=\"wp-block-column is-layout-flow wp-block-column-is-layout-flow\" style=\"flex-basis:66.66%\">\n<h4 class=\"wp-block-heading has-white-color has-text-color\"><strong>Acabamento LvL ONE<sup>\u00ae<\/sup>&nbsp;&#8211; Polida<\/strong><\/h4>\n\n\n\n<h4 class=\"wp-block-heading has-white-color has-text-color\">Seis vezes mais brilhante<\/h4>\n\n\n\n<p class=\"has-white-color has-text-color\">A op\u00e7\u00e3o de acabamento LvL ONE<sup>\u00ae<\/sup>&nbsp;\u00e9 a solu\u00e7\u00e3o perfeita para aplica\u00e7\u00f5es que visam redu\u00e7\u00e3o de peso aliada a est\u00e9tica do ve\u00edculo. Com esse tipo de polimento, o resultado \u00e9 uma roda seis vezes mais brilhante que as rodas comuns com acabamento convencional.<\/p>\n\n\n\n<p class=\"has-white-color has-text-color\">A&nbsp;LvL ONE<sup>\u00ae<\/sup>&nbsp;(que se pronuncia Level One) ainda reflete a paix\u00e3o que voc\u00ea tem por seu ve\u00edculo e a import\u00e2ncia da imagem de sua empresa.<\/p>\n<\/div>\n\n\n\n<div class=\"wp-block-column is-layout-flow wp-block-column-is-layout-flow\" style=\"flex-basis:33.33%\"><\/div>\n<\/div>\n<\/div><\/div>\n<\/div>\n\n\n\n<div style=\"height:50px\" aria-hidden=\"true\" class=\"wp-block-spacer spacer-fifty\"><\/div>\n\n\n\n<div id=\"imagecover-9153c7a2-bc2d-4535-8c78-edaa0b411711\" class=\"wp-block-alcoa-wheels-image-cover imagecover fullwidthcontainer\">\n<div class=\"wp-block-cover is-light\" id=\"mirror-polish\"><span aria-hidden=\"true\" class=\"wp-block-cover__background has-background-dim-0 has-background-dim\"><\/span><img loading=\"lazy\" decoding=\"async\" width=\"1263\" height=\"332\" class=\"wp-block-cover__image-background wp-image-299\" alt=\"mirror-polish\" src=\"https:\/\/www.alcoawheels.com\/south-america\/pt\/wp-content\/uploads\/sites\/28\/2023\/07\/mirror-polish-background.jpeg\" style=\"object-position:0% 0%\" data-object-fit=\"cover\" data-object-position=\"0% 0%\" srcset=\"https:\/\/www.alcoawheels.com\/south-america\/pt\/wp-content\/uploads\/sites\/28\/2023\/07\/mirror-polish-background.jpeg 1263w, https:\/\/www.alcoawheels.com\/south-america\/pt\/wp-content\/uploads\/sites\/28\/2023\/07\/mirror-polish-background.jpeg?resize=300,79 300w, https:\/\/www.alcoawheels.com\/south-america\/pt\/wp-content\/uploads\/sites\/28\/2023\/07\/mirror-polish-background.jpeg?resize=768,202 768w, https:\/\/www.alcoawheels.com\/south-america\/pt\/wp-content\/uploads\/sites\/28\/2023\/07\/mirror-polish-background.jpeg?resize=1024,269 1024w\" sizes=\"auto, (max-width: 1263px) 100vw, 1263px\" \/><div class=\"wp-block-cover__inner-container is-layout-flow wp-block-cover-is-layout-flow\">\n<div class=\"wp-block-columns is-layout-flex wp-container-core-columns-is-layout-9d6595d7 wp-block-columns-is-layout-flex\">\n<div class=\"wp-block-column is-layout-flow wp-block-column-is-layout-flow\" style=\"flex-basis:66.66%\">\n<h4 class=\"wp-block-heading has-white-color has-text-color\"><strong>Mirror Polish &#8211; Polimento com acabamento espelhado<\/strong><\/h4>\n\n\n\n<h4 class=\"wp-block-heading has-white-color has-text-color\">Reflete seu melhor lado.<\/h4>\n\n\n\n<p class=\"has-white-color has-text-color\">Nenhuma outra roda dispon\u00edvel no mercado brilha mais do que a roda Alcoa<sup>\u00ae<\/sup>&nbsp;com acabamento Mirror Polish. A Alcoa<sup>\u00ae<\/sup>&nbsp;pule esta roda com o mais alto padr\u00e3o de tecnologia e qualidade, o que garante um resultado de brilho similar ao de um espelho, para refletir o melhor de sua empresa e de seu ve\u00edculo. A Alcoa<sup>\u00ae<\/sup>&nbsp;fornece rodas com o acabamento espelhado Mirror Polish para caminh\u00f5es, carretas e \u00f4nibus.<\/p>\n\n\n\n<p class=\"has-white-color has-text-color\">Orgulhe-se de seu ve\u00edculo e use rodas de alum\u00ednio Alcoa<sup>\u00ae<\/sup>.<\/p>\n<\/div>\n\n\n\n<div class=\"wp-block-column is-layout-flow wp-block-column-is-layout-flow\" style=\"flex-basis:33.33%\"><\/div>\n<\/div>\n<\/div><\/div>\n<\/div>\n\n\n\n<div style=\"height:50px\" aria-hidden=\"true\" class=\"wp-block-spacer spacer-fifty\"><\/div>\n\n\n\n<div class=\"wp-block-alcoa-wheels-card-usecase-1 card-box-v1__body with-icon align-center vertical-align-center\" id=\"card_box_v1-bfaee044-7a49-4cfa-afc6-ff3781fa29e0\"><div class=\"fullwidthcontainer\"><div class=\"card-box-v1__boxes has-3-columns\"><div class=\"card-box-v1__box  with-link \" style=\"background-color:#02afba\"><img decoding=\"async\" src=\"https:\/\/www.alcoawheels.com\/south-america\/pt\/wp-content\/themes\/alcoa-wheels\/assets\/build\/js\/blocks\/card-usecase-1\/..\/..\/..\/images\/placeholder-image.db2b4d5c.jpeg\" alt=\"Contato\"\/><div class=\"card-box-v1__box__inner pos-abs\"><div class=\"card-box-v1__box_icon\"><img loading=\"lazy\" decoding=\"async\" width=\"171\" height=\"171\" src=\"https:\/\/www.alcoawheels.com\/south-america\/pt\/wp-content\/uploads\/sites\/28\/2023\/07\/contact.png\" alt=\"contact\"\/><\/div><div class=\"card-box-v1__box_content\"><h4 style=\"color:#ffffff\">Contato<\/h4><\/div><div class=\"btn-wrap\"><\/div><\/div><a href=\"\/south-america\/pt\/contato\" aria-label=\"Contato\"><\/a><\/div><div class=\"card-box-v1__box  with-link \" style=\"background-color:#02afba\"><img decoding=\"async\" src=\"https:\/\/www.alcoawheels.com\/south-america\/pt\/wp-content\/themes\/alcoa-wheels\/assets\/build\/js\/blocks\/card-usecase-1\/..\/..\/..\/images\/placeholder-image.db2b4d5c.jpeg\" alt=\"Onde Comprar\"\/><div class=\"card-box-v1__box__inner pos-abs\"><div class=\"card-box-v1__box_icon\"><img loading=\"lazy\" decoding=\"async\" width=\"169\" height=\"169\" src=\"https:\/\/www.alcoawheels.com\/south-america\/pt\/wp-content\/uploads\/sites\/28\/2023\/07\/where-to-buy.png\" alt=\"where-to-buy\"\/><\/div><div class=\"card-box-v1__box_content\"><h4 style=\"color:#ffffff\">Onde Comprar<\/h4><\/div><div class=\"btn-wrap\"><\/div><\/div><a href=\"\/south-america\/pt\/onde-comprar\" aria-label=\"Onde Comprar\"><\/a><\/div><div class=\"card-box-v1__box  with-link \" style=\"background-color:#02afba\"><img decoding=\"async\" src=\"https:\/\/www.alcoawheels.com\/south-america\/pt\/wp-content\/themes\/alcoa-wheels\/assets\/build\/js\/blocks\/card-usecase-1\/..\/..\/..\/images\/placeholder-image.db2b4d5c.jpeg\" alt=\"Cat\u00e1logos\"\/><div class=\"card-box-v1__box__inner pos-abs\"><div class=\"card-box-v1__box_icon\"><img loading=\"lazy\" decoding=\"async\" width=\"169\" height=\"169\" src=\"https:\/\/www.alcoawheels.com\/south-america\/pt\/wp-content\/uploads\/sites\/28\/2023\/07\/product-literature.png\" alt=\"product-literature\"\/><\/div><div class=\"card-box-v1__box_content\"><h4 style=\"color:#ffffff\">Cat\u00e1logos<\/h4><\/div><div class=\"btn-wrap\"><\/div><\/div><a href=\"\/south-america\/pt\/catalogos\" aria-label=\"Cat\u00e1logos\"><\/a><\/div><\/div><\/div><\/div>\n","protected":false},"excerpt":{"rendered":"<p>Op\u00e7\u00f5es de acabamento&nbsp; Atualmente, a Alcoa\u00ae&nbsp;oferece um portf\u00f3lio completo de op\u00e7\u00f5es de acabamento para as rodas forjadas de alum\u00ednio. As vantagens em termos de apar\u00eancia, durabilidade e manuten\u00e7\u00e3o destacam as rodas Alcoa\u00ae&nbsp;dos demais fabricantes. Al\u00e9m de melhorar a est\u00e9tica do ve\u00edculo e reduzir a necessidade de manuten\u00e7\u00e3o em compara\u00e7\u00e3o com uma roda de a\u00e7o, cada [&hellip;]<\/p>\n","protected":false},"author":44,"featured_media":0,"parent":0,"menu_order":0,"comment_status":"closed","ping_status":"closed","template":"","meta":{"_acf_changed":false,"protected_reviewer_email":"","editor_notices":[],"footnotes":""},"class_list":["post-47","page","type-page","status-publish","hentry"],"acf":[],"yoast_head":"<!-- This site is optimized with the Yoast SEO Premium plugin v27.4 (Yoast SEO v27.4) - https:\/\/yoast.com\/product\/yoast-seo-premium-wordpress\/ -->\n<title>Op\u00e7\u00f5es de Acabamento | Alcoa Wheels<\/title>\n<meta name=\"description\" content=\"A Alcoa tem um portf\u00f3lio complete de polimento das rodas.\" \/>\n<meta name=\"robots\" content=\"index, follow, max-snippet:-1, max-image-preview:large, max-video-preview:-1\" \/>\n<link rel=\"canonical\" href=\"https:\/\/www.alcoawheels.com\/south-america\/pt\/opcoes-de-acabamento\/\" \/>\n<meta property=\"og:locale\" content=\"en_US\" \/>\n<meta property=\"og:type\" content=\"article\" \/>\n<meta property=\"og:title\" content=\"Op\u00e7\u00f5es de Acabamento\" \/>\n<meta property=\"og:description\" content=\"A Alcoa tem um portf\u00f3lio complete de polimento das rodas.\" \/>\n<meta property=\"og:url\" content=\"https:\/\/www.alcoawheels.com\/south-america\/pt\/opcoes-de-acabamento\/\" \/>\n<meta property=\"og:site_name\" content=\"South America\" \/>\n<meta property=\"article:modified_time\" content=\"2023-08-24T08:34:17+00:00\" \/>\n<meta property=\"og:image\" content=\"https:\/\/www.alcoawheels.com\/south-america\/pt\/wp-content\/uploads\/sites\/28\/2023\/07\/brush-finish-background.jpeg\" \/>\n<meta name=\"twitter:card\" content=\"summary_large_image\" \/>\n<meta name=\"twitter:label1\" content=\"Est. reading time\" \/>\n\t<meta name=\"twitter:data1\" content=\"3 minutes\" \/>\n<script type=\"application\/ld+json\" class=\"yoast-schema-graph\">{\"@context\":\"https:\\\/\\\/schema.org\",\"@graph\":[{\"@type\":\"WebPage\",\"@id\":\"https:\\\/\\\/www.alcoawheels.com\\\/south-america\\\/pt\\\/opcoes-de-acabamento\\\/\",\"url\":\"https:\\\/\\\/www.alcoawheels.com\\\/south-america\\\/pt\\\/opcoes-de-acabamento\\\/\",\"name\":\"Op\u00e7\u00f5es de Acabamento | Alcoa Wheels\",\"isPartOf\":{\"@id\":\"https:\\\/\\\/www.alcoawheels.com\\\/south-america\\\/pt\\\/#website\"},\"primaryImageOfPage\":{\"@id\":\"https:\\\/\\\/www.alcoawheels.com\\\/south-america\\\/pt\\\/opcoes-de-acabamento\\\/#primaryimage\"},\"image\":{\"@id\":\"https:\\\/\\\/www.alcoawheels.com\\\/south-america\\\/pt\\\/opcoes-de-acabamento\\\/#primaryimage\"},\"thumbnailUrl\":\"https:\\\/\\\/www.alcoawheels.com\\\/south-america\\\/pt\\\/wp-content\\\/uploads\\\/sites\\\/28\\\/2023\\\/07\\\/brush-finish-background.jpeg\",\"datePublished\":\"2023-07-25T14:49:08+00:00\",\"dateModified\":\"2023-08-24T08:34:17+00:00\",\"description\":\"A Alcoa tem um portf\u00f3lio complete de polimento das rodas.\",\"breadcrumb\":{\"@id\":\"https:\\\/\\\/www.alcoawheels.com\\\/south-america\\\/pt\\\/opcoes-de-acabamento\\\/#breadcrumb\"},\"inLanguage\":\"en-US\",\"potentialAction\":[{\"@type\":\"ReadAction\",\"target\":[\"https:\\\/\\\/www.alcoawheels.com\\\/south-america\\\/pt\\\/opcoes-de-acabamento\\\/\"]}]},{\"@type\":\"ImageObject\",\"inLanguage\":\"en-US\",\"@id\":\"https:\\\/\\\/www.alcoawheels.com\\\/south-america\\\/pt\\\/opcoes-de-acabamento\\\/#primaryimage\",\"url\":\"https:\\\/\\\/www.alcoawheels.com\\\/south-america\\\/pt\\\/wp-content\\\/uploads\\\/sites\\\/28\\\/2023\\\/07\\\/brush-finish-background.jpeg\",\"contentUrl\":\"https:\\\/\\\/www.alcoawheels.com\\\/south-america\\\/pt\\\/wp-content\\\/uploads\\\/sites\\\/28\\\/2023\\\/07\\\/brush-finish-background.jpeg\",\"width\":1263,\"height\":332,\"caption\":\"brush-finish\"},{\"@type\":\"BreadcrumbList\",\"@id\":\"https:\\\/\\\/www.alcoawheels.com\\\/south-america\\\/pt\\\/opcoes-de-acabamento\\\/#breadcrumb\",\"itemListElement\":[{\"@type\":\"ListItem\",\"position\":1,\"name\":\"Home\",\"item\":\"https:\\\/\\\/www.alcoawheels.com\\\/south-america\\\/pt\\\/\"},{\"@type\":\"ListItem\",\"position\":2,\"name\":\"Op\u00e7\u00f5es de Acabamento\"}]},{\"@type\":\"WebSite\",\"@id\":\"https:\\\/\\\/www.alcoawheels.com\\\/south-america\\\/pt\\\/#website\",\"url\":\"https:\\\/\\\/www.alcoawheels.com\\\/south-america\\\/pt\\\/\",\"name\":\"South America\",\"description\":\"\",\"publisher\":{\"@id\":\"https:\\\/\\\/www.alcoawheels.com\\\/south-america\\\/pt\\\/#organization\"},\"potentialAction\":[{\"@type\":\"SearchAction\",\"target\":{\"@type\":\"EntryPoint\",\"urlTemplate\":\"https:\\\/\\\/www.alcoawheels.com\\\/south-america\\\/pt\\\/?s={search_term_string}\"},\"query-input\":{\"@type\":\"PropertyValueSpecification\",\"valueRequired\":true,\"valueName\":\"search_term_string\"}}],\"inLanguage\":\"en-US\"},{\"@type\":\"Organization\",\"@id\":\"https:\\\/\\\/www.alcoawheels.com\\\/south-america\\\/pt\\\/#organization\",\"name\":\"South America\",\"url\":\"https:\\\/\\\/www.alcoawheels.com\\\/south-america\\\/pt\\\/\",\"logo\":{\"@type\":\"ImageObject\",\"inLanguage\":\"en-US\",\"@id\":\"https:\\\/\\\/www.alcoawheels.com\\\/south-america\\\/pt\\\/#\\\/schema\\\/logo\\\/image\\\/\",\"url\":\"https:\\\/\\\/www.alcoawheels.com\\\/south-america\\\/pt\\\/wp-content\\\/uploads\\\/sites\\\/28\\\/2023\\\/07\\\/logo-black.gif\",\"contentUrl\":\"https:\\\/\\\/www.alcoawheels.com\\\/south-america\\\/pt\\\/wp-content\\\/uploads\\\/sites\\\/28\\\/2023\\\/07\\\/logo-black.gif\",\"width\":71,\"height\":64,\"caption\":\"South America\"},\"image\":{\"@id\":\"https:\\\/\\\/www.alcoawheels.com\\\/south-america\\\/pt\\\/#\\\/schema\\\/logo\\\/image\\\/\"}}]}<\/script>\n<!-- \/ Yoast SEO Premium plugin. -->","yoast_head_json":{"title":"Op\u00e7\u00f5es de Acabamento | Alcoa Wheels","description":"A Alcoa tem um portf\u00f3lio complete de polimento das rodas.","robots":{"index":"index","follow":"follow","max-snippet":"max-snippet:-1","max-image-preview":"max-image-preview:large","max-video-preview":"max-video-preview:-1"},"canonical":"https:\/\/www.alcoawheels.com\/south-america\/pt\/opcoes-de-acabamento\/","og_locale":"en_US","og_type":"article","og_title":"Op\u00e7\u00f5es de Acabamento","og_description":"A Alcoa tem um portf\u00f3lio complete de polimento das rodas.","og_url":"https:\/\/www.alcoawheels.com\/south-america\/pt\/opcoes-de-acabamento\/","og_site_name":"South America","article_modified_time":"2023-08-24T08:34:17+00:00","og_image":[{"url":"https:\/\/www.alcoawheels.com\/south-america\/pt\/wp-content\/uploads\/sites\/28\/2023\/07\/brush-finish-background.jpeg","type":"","width":"","height":""}],"twitter_card":"summary_large_image","twitter_misc":{"Est. reading time":"3 minutes"},"schema":{"@context":"https:\/\/schema.org","@graph":[{"@type":"WebPage","@id":"https:\/\/www.alcoawheels.com\/south-america\/pt\/opcoes-de-acabamento\/","url":"https:\/\/www.alcoawheels.com\/south-america\/pt\/opcoes-de-acabamento\/","name":"Op\u00e7\u00f5es de Acabamento | Alcoa Wheels","isPartOf":{"@id":"https:\/\/www.alcoawheels.com\/south-america\/pt\/#website"},"primaryImageOfPage":{"@id":"https:\/\/www.alcoawheels.com\/south-america\/pt\/opcoes-de-acabamento\/#primaryimage"},"image":{"@id":"https:\/\/www.alcoawheels.com\/south-america\/pt\/opcoes-de-acabamento\/#primaryimage"},"thumbnailUrl":"https:\/\/www.alcoawheels.com\/south-america\/pt\/wp-content\/uploads\/sites\/28\/2023\/07\/brush-finish-background.jpeg","datePublished":"2023-07-25T14:49:08+00:00","dateModified":"2023-08-24T08:34:17+00:00","description":"A Alcoa tem um portf\u00f3lio complete de polimento das rodas.","breadcrumb":{"@id":"https:\/\/www.alcoawheels.com\/south-america\/pt\/opcoes-de-acabamento\/#breadcrumb"},"inLanguage":"en-US","potentialAction":[{"@type":"ReadAction","target":["https:\/\/www.alcoawheels.com\/south-america\/pt\/opcoes-de-acabamento\/"]}]},{"@type":"ImageObject","inLanguage":"en-US","@id":"https:\/\/www.alcoawheels.com\/south-america\/pt\/opcoes-de-acabamento\/#primaryimage","url":"https:\/\/www.alcoawheels.com\/south-america\/pt\/wp-content\/uploads\/sites\/28\/2023\/07\/brush-finish-background.jpeg","contentUrl":"https:\/\/www.alcoawheels.com\/south-america\/pt\/wp-content\/uploads\/sites\/28\/2023\/07\/brush-finish-background.jpeg","width":1263,"height":332,"caption":"brush-finish"},{"@type":"BreadcrumbList","@id":"https:\/\/www.alcoawheels.com\/south-america\/pt\/opcoes-de-acabamento\/#breadcrumb","itemListElement":[{"@type":"ListItem","position":1,"name":"Home","item":"https:\/\/www.alcoawheels.com\/south-america\/pt\/"},{"@type":"ListItem","position":2,"name":"Op\u00e7\u00f5es de Acabamento"}]},{"@type":"WebSite","@id":"https:\/\/www.alcoawheels.com\/south-america\/pt\/#website","url":"https:\/\/www.alcoawheels.com\/south-america\/pt\/","name":"South America","description":"","publisher":{"@id":"https:\/\/www.alcoawheels.com\/south-america\/pt\/#organization"},"potentialAction":[{"@type":"SearchAction","target":{"@type":"EntryPoint","urlTemplate":"https:\/\/www.alcoawheels.com\/south-america\/pt\/?s={search_term_string}"},"query-input":{"@type":"PropertyValueSpecification","valueRequired":true,"valueName":"search_term_string"}}],"inLanguage":"en-US"},{"@type":"Organization","@id":"https:\/\/www.alcoawheels.com\/south-america\/pt\/#organization","name":"South America","url":"https:\/\/www.alcoawheels.com\/south-america\/pt\/","logo":{"@type":"ImageObject","inLanguage":"en-US","@id":"https:\/\/www.alcoawheels.com\/south-america\/pt\/#\/schema\/logo\/image\/","url":"https:\/\/www.alcoawheels.com\/south-america\/pt\/wp-content\/uploads\/sites\/28\/2023\/07\/logo-black.gif","contentUrl":"https:\/\/www.alcoawheels.com\/south-america\/pt\/wp-content\/uploads\/sites\/28\/2023\/07\/logo-black.gif","width":71,"height":64,"caption":"South America"},"image":{"@id":"https:\/\/www.alcoawheels.com\/south-america\/pt\/#\/schema\/logo\/image\/"}}]}},"parsely":{"version":"1.1.0","canonical_url":"https:\/\/alcoawheels.com\/south-america\/pt\/opcoes-de-acabamento\/","smart_links":{"inbound":0,"outbound":0},"traffic_boost_suggestions_count":0,"meta":{"@context":"https:\/\/schema.org","@type":"WebPage","headline":"Op\u00e7\u00f5es de Acabamento","url":"http:\/\/www.alcoawheels.com\/south-america\/pt\/opcoes-de-acabamento\/","mainEntityOfPage":{"@type":"WebPage","@id":"http:\/\/www.alcoawheels.com\/south-america\/pt\/opcoes-de-acabamento\/"},"thumbnailUrl":"","image":{"@type":"ImageObject","url":""},"articleSection":"Uncategorized","author":[{"@type":"Person","name":"howmet"}],"creator":["howmet"],"publisher":{"@type":"Organization","name":"South America","logo":""},"keywords":[],"dateCreated":"2023-07-25T14:49:08Z","datePublished":"2023-07-25T14:49:08Z","dateModified":"2023-08-24T08:34:17Z"},"rendered":"<script type=\"application\/ld+json\" class=\"wp-parsely-metadata\">{\"@context\":\"https:\\\/\\\/schema.org\",\"@type\":\"WebPage\",\"headline\":\"Op\\u00e7\\u00f5es de Acabamento\",\"url\":\"http:\\\/\\\/www.alcoawheels.com\\\/south-america\\\/pt\\\/opcoes-de-acabamento\\\/\",\"mainEntityOfPage\":{\"@type\":\"WebPage\",\"@id\":\"http:\\\/\\\/www.alcoawheels.com\\\/south-america\\\/pt\\\/opcoes-de-acabamento\\\/\"},\"thumbnailUrl\":\"\",\"image\":{\"@type\":\"ImageObject\",\"url\":\"\"},\"articleSection\":\"Uncategorized\",\"author\":[{\"@type\":\"Person\",\"name\":\"howmet\"}],\"creator\":[\"howmet\"],\"publisher\":{\"@type\":\"Organization\",\"name\":\"South America\",\"logo\":\"\"},\"keywords\":[],\"dateCreated\":\"2023-07-25T14:49:08Z\",\"datePublished\":\"2023-07-25T14:49:08Z\",\"dateModified\":\"2023-08-24T08:34:17Z\"}<\/script>","tracker_url":"https:\/\/cdn.parsely.com\/keys\/alcoawheels.com\/p.js"},"jetpack_sharing_enabled":true,"_links":{"self":[{"href":"https:\/\/www.alcoawheels.com\/south-america\/pt\/wp-json\/wp\/v2\/pages\/47","targetHints":{"allow":["GET"]}}],"collection":[{"href":"https:\/\/www.alcoawheels.com\/south-america\/pt\/wp-json\/wp\/v2\/pages"}],"about":[{"href":"https:\/\/www.alcoawheels.com\/south-america\/pt\/wp-json\/wp\/v2\/types\/page"}],"author":[{"embeddable":true,"href":"https:\/\/www.alcoawheels.com\/south-america\/pt\/wp-json\/wp\/v2\/users\/44"}],"replies":[{"embeddable":true,"href":"https:\/\/www.alcoawheels.com\/south-america\/pt\/wp-json\/wp\/v2\/comments?post=47"}],"version-history":[{"count":11,"href":"https:\/\/www.alcoawheels.com\/south-america\/pt\/wp-json\/wp\/v2\/pages\/47\/revisions"}],"predecessor-version":[{"id":1023,"href":"https:\/\/www.alcoawheels.com\/south-america\/pt\/wp-json\/wp\/v2\/pages\/47\/revisions\/1023"}],"wp:attachment":[{"href":"https:\/\/www.alcoawheels.com\/south-america\/pt\/wp-json\/wp\/v2\/media?parent=47"}],"curies":[{"name":"wp","href":"https:\/\/api.w.org\/{rel}","templated":true}]}}