{"id":51,"date":"2023-07-25T14:52:41","date_gmt":"2023-07-25T14:52:41","guid":{"rendered":"https:\/\/www.alcoawheels.com\/south-america\/pt\/?page_id=51"},"modified":"2025-06-10T14:44:00","modified_gmt":"2025-06-10T14:44:00","slug":"dura-flange","status":"publish","type":"page","link":"https:\/\/www.alcoawheels.com\/south-america\/pt\/dura-flange\/","title":{"rendered":"Dura-Flange\u00ae"},"content":{"rendered":"\n<div style=\"height:50px\" aria-hidden=\"true\" class=\"wp-block-spacer spacer-fifty\"><\/div>\n\n\n\n<div class=\"wp-block-alcoa-wheels-zigzag media-list__body\" id=\"zigzag-main-d454b32d-c7fe-48c5-9bd7-27cca5f37285\"><div class=\"media-list__body_main  vertical-align-top  fullWidth\">\n<div class=\"wp-block-alcoa-wheels-zigzag-item media-list-item\"><div class=\"media-list-item__box_content\"><div class=\"media-list-item__box_content_inner\">\n<h3 class=\"wp-block-heading has-text-align-right\" id=\"h-rodas-dura-flange\">Rodas Dura-Flange<sup>\u00ae<\/sup><\/h3>\n\n\n\n<h5 class=\"wp-block-heading\" id=\"h-tratamento-especial-para-reduzir-ou-eliminar-o-desgaste-do-flange\">Tratamento especial para reduzir ou eliminar o desgaste do flange.<\/h5>\n\n\n\n<p class=\"has-text-align-right\">&nbsp;As rodas Alcoa<sup>\u00ae<\/sup>&nbsp;Dura-Flange<sup>\u00ae<\/sup>&nbsp;possuem um tratamento especial no flange do aro para reduzir o desgaste e prolongar a vida \u00fatil das rodas. Essa tecnologia foi desenvolvida para aplica\u00e7\u00f5es severas, tais como ve\u00edculos urbanos e transporte de cargas l\u00edquidas, uma vez que nessas condi\u00e7\u00f5es h\u00e1 um alto n\u00edvel de atrito entre o tal\u00e3o do pneu e o aro da roda.<\/p>\n<\/div><\/div><div class=\"media-list-item__box_image\"><img loading=\"lazy\" decoding=\"async\" width=\"720\" height=\"500\" src=\"https:\/\/www.alcoawheels.com\/south-america\/pt\/wp-content\/uploads\/sites\/28\/2023\/07\/dura-flange-img-cropped.jpg\" alt=\"Thumbnail\"\/><\/div><\/div>\n<\/div><\/div>\n\n\n\n<div style=\"height:50px\" aria-hidden=\"true\" class=\"wp-block-spacer spacer-fifty\"><\/div>\n\n\n\n<hr class=\"wp-block-separator has-text-color has-black-color has-alpha-channel-opacity has-black-background-color has-background is-style-wide\"\/>\n\n\n\n<div style=\"height:50px\" aria-hidden=\"true\" class=\"wp-block-spacer spacer-fifty\"><\/div>\n\n\n\n<div class=\"wp-block-alcoa-wheels-zigzag media-list__body\" id=\"zigzag-main-7cdb0ea7-ef73-410f-9cdf-6904c6a48714\"><div class=\"media-list__body_main  vertical-align-top  fullWidth row-reverse\">\n<div class=\"wp-block-alcoa-wheels-zigzag-item media-list-item\"><div class=\"media-list-item__box_content\"><div class=\"media-list-item__box_content_inner\">\n<p>O tratamento Alcoa<sup>\u00ae<\/sup>&nbsp;Dura-Flange<sup>\u00ae<\/sup>&nbsp;\u00e9 a \u00fanica solu\u00e7\u00e3o no mercado que protege contra este tipo de desgaste, o que proporciona uma vida \u00fatil no m\u00ednimo duas vezes maior que as outras rodas de alum\u00ednio nos mesmos tipos de aplica\u00e7\u00f5es.<\/p>\n\n\n\n<p>Com refor\u00e7o extra na \u00e1rea do flange, o acabamento Dura-Flange<sup>\u00ae<\/sup>, garante uma performance melhor e evita a manuten\u00e7\u00e3o precoce. Testes realizados em condi\u00e7\u00f5es severas, comprovaram que o tratamento Dura-Flange<sup>\u00ae<\/sup>&nbsp;pode garantir at\u00e9 386.000 km sem a necessidade de manuten\u00e7\u00e3o do flange.<\/p>\n<\/div><\/div><div class=\"media-list-item__box_image\"><img loading=\"lazy\" decoding=\"async\" width=\"720\" height=\"363\" src=\"https:\/\/www.alcoawheels.com\/south-america\/pt\/wp-content\/uploads\/sites\/28\/2023\/07\/dura-flange-treatment-area-cropped.jpg\" alt=\"Roda com Dura Flange\"\/><\/div><\/div>\n<\/div><\/div>\n\n\n\n<div style=\"height:50px\" aria-hidden=\"true\" class=\"wp-block-spacer spacer-fifty\"><\/div>\n\n\n\n<hr class=\"wp-block-separator has-text-color has-black-color has-alpha-channel-opacity has-black-background-color has-background is-style-wide\"\/>\n\n\n\n<div style=\"height:50px\" aria-hidden=\"true\" class=\"wp-block-spacer spacer-fifty\"><\/div>\n\n\n\n<div class=\"wp-block-alcoa-wheels-related-documents card-box-v1__body\" id=\"related-documents-48153554-361c-4be6-9015-28e437105262\"><div class=\"full-row\"><div class=\"related_documents__boxes\"><div class=\"related_documents__box_content\"><h3>Guias e Folhetos<\/h3><\/div><ul><li class=\"show-items-hover-wrap\" name=\"document1\" id=\"document1\"><p><a href=\"\/south-america\/pt\/wp-content\/uploads\/sites\/28\/2023\/07\/catalogo-alcoa-dura-flange.pdf\">Folheto Alcoa<sup>\u00ae<\/sup>\u00a0Dura-Flange<sup>\u00ae<\/sup><\/a><\/p><p><span>700 KB<\/span><\/p><\/li><\/ul><\/div><\/div><\/div>\n\n\n\n<div style=\"height:50px\" aria-hidden=\"true\" class=\"wp-block-spacer spacer-fifty\"><\/div>\n\n\n\n<div class=\"wp-block-alcoa-wheels-card-usecase-1 card-box-v1__body with-icon align-center vertical-align-center\" id=\"card_box_v1-bfaee044-7a49-4cfa-afc6-ff3781fa29e0\"><div class=\"fullwidthcontainer\"><div class=\"card-box-v1__boxes has-3-columns\"><div class=\"card-box-v1__box  with-link \" style=\"background-color:#02afba\"><img decoding=\"async\" src=\"https:\/\/www.alcoawheels.com\/south-america\/pt\/wp-content\/themes\/alcoa-wheels\/assets\/build\/js\/blocks\/card-usecase-1\/..\/..\/..\/images\/placeholder-image.db2b4d5c.jpeg\" alt=\"Contato\"\/><div class=\"card-box-v1__box__inner pos-abs\"><div class=\"card-box-v1__box_icon\"><img loading=\"lazy\" decoding=\"async\" width=\"171\" height=\"171\" src=\"https:\/\/www.alcoawheels.com\/south-america\/pt\/wp-content\/uploads\/sites\/28\/2023\/07\/contact.png\" alt=\"contact\"\/><\/div><div class=\"card-box-v1__box_content\"><h4 style=\"color:#ffffff\">Contato<\/h4><\/div><div class=\"btn-wrap\"><\/div><\/div><a href=\"\/south-america\/pt\/contato\" aria-label=\"Contato\"><\/a><\/div><div class=\"card-box-v1__box  with-link \" style=\"background-color:#02afba\"><img decoding=\"async\" src=\"https:\/\/www.alcoawheels.com\/south-america\/pt\/wp-content\/themes\/alcoa-wheels\/assets\/build\/js\/blocks\/card-usecase-1\/..\/..\/..\/images\/placeholder-image.db2b4d5c.jpeg\" alt=\"Onde Comprar\"\/><div class=\"card-box-v1__box__inner pos-abs\"><div class=\"card-box-v1__box_icon\"><img loading=\"lazy\" decoding=\"async\" width=\"169\" height=\"169\" src=\"https:\/\/www.alcoawheels.com\/south-america\/pt\/wp-content\/uploads\/sites\/28\/2023\/07\/where-to-buy.png\" alt=\"where-to-buy\"\/><\/div><div class=\"card-box-v1__box_content\"><h4 style=\"color:#ffffff\">Onde Comprar<\/h4><\/div><div class=\"btn-wrap\"><\/div><\/div><a href=\"\/south-america\/pt\/onde-comprar\" aria-label=\"Onde Comprar\"><\/a><\/div><div class=\"card-box-v1__box  with-link \" style=\"background-color:#02afba\"><img decoding=\"async\" src=\"https:\/\/www.alcoawheels.com\/south-america\/pt\/wp-content\/themes\/alcoa-wheels\/assets\/build\/js\/blocks\/card-usecase-1\/..\/..\/..\/images\/placeholder-image.db2b4d5c.jpeg\" alt=\"Cat\u00e1logos\"\/><div class=\"card-box-v1__box__inner pos-abs\"><div class=\"card-box-v1__box_icon\"><img loading=\"lazy\" decoding=\"async\" width=\"169\" height=\"169\" src=\"https:\/\/www.alcoawheels.com\/south-america\/pt\/wp-content\/uploads\/sites\/28\/2023\/07\/product-literature.png\" alt=\"product-literature\"\/><\/div><div class=\"card-box-v1__box_content\"><h4 style=\"color:#ffffff\">Cat\u00e1logos<\/h4><\/div><div class=\"btn-wrap\"><\/div><\/div><a href=\"\/south-america\/pt\/catalogos\" aria-label=\"Cat\u00e1logos\"><\/a><\/div><\/div><\/div><\/div>\n","protected":false},"excerpt":{"rendered":"","protected":false},"author":44,"featured_media":0,"parent":0,"menu_order":0,"comment_status":"closed","ping_status":"closed","template":"","meta":{"_acf_changed":false,"protected_reviewer_email":"","editor_notices":[],"footnotes":""},"class_list":["post-51","page","type-page","status-publish","hentry"],"acf":[],"yoast_head":"<!-- This site is optimized with the Yoast SEO Premium plugin v27.4 (Yoast SEO v27.4) - https:\/\/yoast.com\/product\/yoast-seo-premium-wordpress\/ -->\n<title>Rodas de Alumin\u00ednio com Tratamento Dura-Flange\u00ae | Alcoa Wheels<\/title>\n<meta name=\"description\" content=\"Rodas com tratamento especial no flange. Evitando desgaste prematuro.\" \/>\n<meta name=\"robots\" content=\"index, follow, max-snippet:-1, max-image-preview:large, max-video-preview:-1\" \/>\n<link rel=\"canonical\" href=\"https:\/\/www.alcoawheels.com\/south-america\/pt\/dura-flange\/\" \/>\n<meta property=\"og:locale\" content=\"en_US\" \/>\n<meta property=\"og:type\" content=\"article\" \/>\n<meta property=\"og:title\" content=\"Dura-Flange\u00ae\" \/>\n<meta property=\"og:description\" content=\"Rodas com tratamento especial no flange. Evitando desgaste prematuro.\" \/>\n<meta property=\"og:url\" content=\"https:\/\/www.alcoawheels.com\/south-america\/pt\/dura-flange\/\" \/>\n<meta property=\"og:site_name\" content=\"South America\" \/>\n<meta property=\"article:modified_time\" content=\"2025-06-10T14:44:00+00:00\" \/>\n<meta property=\"og:image\" content=\"https:\/\/www.alcoawheels.com\/south-america\/pt\/wp-content\/uploads\/sites\/28\/2023\/07\/dura-flange-img-cropped.jpg\" \/>\n<meta name=\"twitter:card\" content=\"summary_large_image\" \/>\n<meta name=\"twitter:label1\" content=\"Est. reading time\" \/>\n\t<meta name=\"twitter:data1\" content=\"3 minutes\" \/>\n<script type=\"application\/ld+json\" class=\"yoast-schema-graph\">{\"@context\":\"https:\\\/\\\/schema.org\",\"@graph\":[{\"@type\":\"WebPage\",\"@id\":\"https:\\\/\\\/www.alcoawheels.com\\\/south-america\\\/pt\\\/dura-flange\\\/\",\"url\":\"https:\\\/\\\/www.alcoawheels.com\\\/south-america\\\/pt\\\/dura-flange\\\/\",\"name\":\"Rodas de Alumin\u00ednio com Tratamento Dura-Flange\u00ae | Alcoa Wheels\",\"isPartOf\":{\"@id\":\"https:\\\/\\\/www.alcoawheels.com\\\/south-america\\\/pt\\\/#website\"},\"primaryImageOfPage\":{\"@id\":\"https:\\\/\\\/www.alcoawheels.com\\\/south-america\\\/pt\\\/dura-flange\\\/#primaryimage\"},\"image\":{\"@id\":\"https:\\\/\\\/www.alcoawheels.com\\\/south-america\\\/pt\\\/dura-flange\\\/#primaryimage\"},\"thumbnailUrl\":\"https:\\\/\\\/www.alcoawheels.com\\\/south-america\\\/pt\\\/wp-content\\\/uploads\\\/sites\\\/28\\\/2023\\\/07\\\/dura-flange-img-cropped.jpg\",\"datePublished\":\"2023-07-25T14:52:41+00:00\",\"dateModified\":\"2025-06-10T14:44:00+00:00\",\"description\":\"Rodas com tratamento especial no flange. Evitando desgaste prematuro.\",\"breadcrumb\":{\"@id\":\"https:\\\/\\\/www.alcoawheels.com\\\/south-america\\\/pt\\\/dura-flange\\\/#breadcrumb\"},\"inLanguage\":\"en-US\",\"potentialAction\":[{\"@type\":\"ReadAction\",\"target\":[\"https:\\\/\\\/www.alcoawheels.com\\\/south-america\\\/pt\\\/dura-flange\\\/\"]}]},{\"@type\":\"ImageObject\",\"inLanguage\":\"en-US\",\"@id\":\"https:\\\/\\\/www.alcoawheels.com\\\/south-america\\\/pt\\\/dura-flange\\\/#primaryimage\",\"url\":\"https:\\\/\\\/www.alcoawheels.com\\\/south-america\\\/pt\\\/wp-content\\\/uploads\\\/sites\\\/28\\\/2023\\\/07\\\/dura-flange-img-cropped.jpg\",\"contentUrl\":\"https:\\\/\\\/www.alcoawheels.com\\\/south-america\\\/pt\\\/wp-content\\\/uploads\\\/sites\\\/28\\\/2023\\\/07\\\/dura-flange-img-cropped.jpg\",\"width\":720,\"height\":500},{\"@type\":\"BreadcrumbList\",\"@id\":\"https:\\\/\\\/www.alcoawheels.com\\\/south-america\\\/pt\\\/dura-flange\\\/#breadcrumb\",\"itemListElement\":[{\"@type\":\"ListItem\",\"position\":1,\"name\":\"Home\",\"item\":\"https:\\\/\\\/www.alcoawheels.com\\\/south-america\\\/pt\\\/\"},{\"@type\":\"ListItem\",\"position\":2,\"name\":\"Dura-Flange\u00ae\"}]},{\"@type\":\"WebSite\",\"@id\":\"https:\\\/\\\/www.alcoawheels.com\\\/south-america\\\/pt\\\/#website\",\"url\":\"https:\\\/\\\/www.alcoawheels.com\\\/south-america\\\/pt\\\/\",\"name\":\"South America\",\"description\":\"\",\"publisher\":{\"@id\":\"https:\\\/\\\/www.alcoawheels.com\\\/south-america\\\/pt\\\/#organization\"},\"potentialAction\":[{\"@type\":\"SearchAction\",\"target\":{\"@type\":\"EntryPoint\",\"urlTemplate\":\"https:\\\/\\\/www.alcoawheels.com\\\/south-america\\\/pt\\\/?s={search_term_string}\"},\"query-input\":{\"@type\":\"PropertyValueSpecification\",\"valueRequired\":true,\"valueName\":\"search_term_string\"}}],\"inLanguage\":\"en-US\"},{\"@type\":\"Organization\",\"@id\":\"https:\\\/\\\/www.alcoawheels.com\\\/south-america\\\/pt\\\/#organization\",\"name\":\"South America\",\"url\":\"https:\\\/\\\/www.alcoawheels.com\\\/south-america\\\/pt\\\/\",\"logo\":{\"@type\":\"ImageObject\",\"inLanguage\":\"en-US\",\"@id\":\"https:\\\/\\\/www.alcoawheels.com\\\/south-america\\\/pt\\\/#\\\/schema\\\/logo\\\/image\\\/\",\"url\":\"https:\\\/\\\/www.alcoawheels.com\\\/south-america\\\/pt\\\/wp-content\\\/uploads\\\/sites\\\/28\\\/2023\\\/07\\\/logo-black.gif\",\"contentUrl\":\"https:\\\/\\\/www.alcoawheels.com\\\/south-america\\\/pt\\\/wp-content\\\/uploads\\\/sites\\\/28\\\/2023\\\/07\\\/logo-black.gif\",\"width\":71,\"height\":64,\"caption\":\"South America\"},\"image\":{\"@id\":\"https:\\\/\\\/www.alcoawheels.com\\\/south-america\\\/pt\\\/#\\\/schema\\\/logo\\\/image\\\/\"}}]}<\/script>\n<!-- \/ Yoast SEO Premium plugin. -->","yoast_head_json":{"title":"Rodas de Alumin\u00ednio com Tratamento Dura-Flange\u00ae | Alcoa Wheels","description":"Rodas com tratamento especial no flange. Evitando desgaste prematuro.","robots":{"index":"index","follow":"follow","max-snippet":"max-snippet:-1","max-image-preview":"max-image-preview:large","max-video-preview":"max-video-preview:-1"},"canonical":"https:\/\/www.alcoawheels.com\/south-america\/pt\/dura-flange\/","og_locale":"en_US","og_type":"article","og_title":"Dura-Flange\u00ae","og_description":"Rodas com tratamento especial no flange. Evitando desgaste prematuro.","og_url":"https:\/\/www.alcoawheels.com\/south-america\/pt\/dura-flange\/","og_site_name":"South America","article_modified_time":"2025-06-10T14:44:00+00:00","og_image":[{"url":"https:\/\/www.alcoawheels.com\/south-america\/pt\/wp-content\/uploads\/sites\/28\/2023\/07\/dura-flange-img-cropped.jpg","type":"","width":"","height":""}],"twitter_card":"summary_large_image","twitter_misc":{"Est. reading time":"3 minutes"},"schema":{"@context":"https:\/\/schema.org","@graph":[{"@type":"WebPage","@id":"https:\/\/www.alcoawheels.com\/south-america\/pt\/dura-flange\/","url":"https:\/\/www.alcoawheels.com\/south-america\/pt\/dura-flange\/","name":"Rodas de Alumin\u00ednio com Tratamento Dura-Flange\u00ae | Alcoa Wheels","isPartOf":{"@id":"https:\/\/www.alcoawheels.com\/south-america\/pt\/#website"},"primaryImageOfPage":{"@id":"https:\/\/www.alcoawheels.com\/south-america\/pt\/dura-flange\/#primaryimage"},"image":{"@id":"https:\/\/www.alcoawheels.com\/south-america\/pt\/dura-flange\/#primaryimage"},"thumbnailUrl":"https:\/\/www.alcoawheels.com\/south-america\/pt\/wp-content\/uploads\/sites\/28\/2023\/07\/dura-flange-img-cropped.jpg","datePublished":"2023-07-25T14:52:41+00:00","dateModified":"2025-06-10T14:44:00+00:00","description":"Rodas com tratamento especial no flange. Evitando desgaste prematuro.","breadcrumb":{"@id":"https:\/\/www.alcoawheels.com\/south-america\/pt\/dura-flange\/#breadcrumb"},"inLanguage":"en-US","potentialAction":[{"@type":"ReadAction","target":["https:\/\/www.alcoawheels.com\/south-america\/pt\/dura-flange\/"]}]},{"@type":"ImageObject","inLanguage":"en-US","@id":"https:\/\/www.alcoawheels.com\/south-america\/pt\/dura-flange\/#primaryimage","url":"https:\/\/www.alcoawheels.com\/south-america\/pt\/wp-content\/uploads\/sites\/28\/2023\/07\/dura-flange-img-cropped.jpg","contentUrl":"https:\/\/www.alcoawheels.com\/south-america\/pt\/wp-content\/uploads\/sites\/28\/2023\/07\/dura-flange-img-cropped.jpg","width":720,"height":500},{"@type":"BreadcrumbList","@id":"https:\/\/www.alcoawheels.com\/south-america\/pt\/dura-flange\/#breadcrumb","itemListElement":[{"@type":"ListItem","position":1,"name":"Home","item":"https:\/\/www.alcoawheels.com\/south-america\/pt\/"},{"@type":"ListItem","position":2,"name":"Dura-Flange\u00ae"}]},{"@type":"WebSite","@id":"https:\/\/www.alcoawheels.com\/south-america\/pt\/#website","url":"https:\/\/www.alcoawheels.com\/south-america\/pt\/","name":"South America","description":"","publisher":{"@id":"https:\/\/www.alcoawheels.com\/south-america\/pt\/#organization"},"potentialAction":[{"@type":"SearchAction","target":{"@type":"EntryPoint","urlTemplate":"https:\/\/www.alcoawheels.com\/south-america\/pt\/?s={search_term_string}"},"query-input":{"@type":"PropertyValueSpecification","valueRequired":true,"valueName":"search_term_string"}}],"inLanguage":"en-US"},{"@type":"Organization","@id":"https:\/\/www.alcoawheels.com\/south-america\/pt\/#organization","name":"South America","url":"https:\/\/www.alcoawheels.com\/south-america\/pt\/","logo":{"@type":"ImageObject","inLanguage":"en-US","@id":"https:\/\/www.alcoawheels.com\/south-america\/pt\/#\/schema\/logo\/image\/","url":"https:\/\/www.alcoawheels.com\/south-america\/pt\/wp-content\/uploads\/sites\/28\/2023\/07\/logo-black.gif","contentUrl":"https:\/\/www.alcoawheels.com\/south-america\/pt\/wp-content\/uploads\/sites\/28\/2023\/07\/logo-black.gif","width":71,"height":64,"caption":"South America"},"image":{"@id":"https:\/\/www.alcoawheels.com\/south-america\/pt\/#\/schema\/logo\/image\/"}}]}},"parsely":{"version":"1.1.0","canonical_url":"https:\/\/alcoawheels.com\/south-america\/pt\/dura-flange\/","smart_links":{"inbound":0,"outbound":0},"traffic_boost_suggestions_count":0,"meta":{"@context":"https:\/\/schema.org","@type":"WebPage","headline":"Dura-Flange\u00ae","url":"http:\/\/www.alcoawheels.com\/south-america\/pt\/dura-flange\/","mainEntityOfPage":{"@type":"WebPage","@id":"http:\/\/www.alcoawheels.com\/south-america\/pt\/dura-flange\/"},"thumbnailUrl":"","image":{"@type":"ImageObject","url":""},"articleSection":"Uncategorized","author":[{"@type":"Person","name":"howmet"}],"creator":["howmet"],"publisher":{"@type":"Organization","name":"South America","logo":""},"keywords":[],"dateCreated":"2023-07-25T14:52:41Z","datePublished":"2023-07-25T14:52:41Z","dateModified":"2025-06-10T14:44:00Z"},"rendered":"<script type=\"application\/ld+json\" class=\"wp-parsely-metadata\">{\"@context\":\"https:\\\/\\\/schema.org\",\"@type\":\"WebPage\",\"headline\":\"Dura-Flange\\u00ae\",\"url\":\"http:\\\/\\\/www.alcoawheels.com\\\/south-america\\\/pt\\\/dura-flange\\\/\",\"mainEntityOfPage\":{\"@type\":\"WebPage\",\"@id\":\"http:\\\/\\\/www.alcoawheels.com\\\/south-america\\\/pt\\\/dura-flange\\\/\"},\"thumbnailUrl\":\"\",\"image\":{\"@type\":\"ImageObject\",\"url\":\"\"},\"articleSection\":\"Uncategorized\",\"author\":[{\"@type\":\"Person\",\"name\":\"howmet\"}],\"creator\":[\"howmet\"],\"publisher\":{\"@type\":\"Organization\",\"name\":\"South America\",\"logo\":\"\"},\"keywords\":[],\"dateCreated\":\"2023-07-25T14:52:41Z\",\"datePublished\":\"2023-07-25T14:52:41Z\",\"dateModified\":\"2025-06-10T14:44:00Z\"}<\/script>","tracker_url":"https:\/\/cdn.parsely.com\/keys\/alcoawheels.com\/p.js"},"jetpack_sharing_enabled":true,"_links":{"self":[{"href":"https:\/\/www.alcoawheels.com\/south-america\/pt\/wp-json\/wp\/v2\/pages\/51","targetHints":{"allow":["GET"]}}],"collection":[{"href":"https:\/\/www.alcoawheels.com\/south-america\/pt\/wp-json\/wp\/v2\/pages"}],"about":[{"href":"https:\/\/www.alcoawheels.com\/south-america\/pt\/wp-json\/wp\/v2\/types\/page"}],"author":[{"embeddable":true,"href":"https:\/\/www.alcoawheels.com\/south-america\/pt\/wp-json\/wp\/v2\/users\/44"}],"replies":[{"embeddable":true,"href":"https:\/\/www.alcoawheels.com\/south-america\/pt\/wp-json\/wp\/v2\/comments?post=51"}],"version-history":[{"count":31,"href":"https:\/\/www.alcoawheels.com\/south-america\/pt\/wp-json\/wp\/v2\/pages\/51\/revisions"}],"predecessor-version":[{"id":1326,"href":"https:\/\/www.alcoawheels.com\/south-america\/pt\/wp-json\/wp\/v2\/pages\/51\/revisions\/1326"}],"wp:attachment":[{"href":"https:\/\/www.alcoawheels.com\/south-america\/pt\/wp-json\/wp\/v2\/media?parent=51"}],"curies":[{"name":"wp","href":"https:\/\/api.w.org\/{rel}","templated":true}]}}