{"id":53,"date":"2023-07-25T14:53:56","date_gmt":"2023-07-25T14:53:56","guid":{"rendered":"https:\/\/www.alcoawheels.com\/south-america\/pt\/?page_id=53"},"modified":"2023-08-24T08:34:18","modified_gmt":"2023-08-24T08:34:18","slug":"processo-de-producao","status":"publish","type":"page","link":"https:\/\/www.alcoawheels.com\/south-america\/pt\/processo-de-producao\/","title":{"rendered":"Processo de Produ\u00e7\u00e3o"},"content":{"rendered":"\n<div id=\"imagecover-89efea29-b6bc-4adf-85c8-9e4ac0e3c642\" class=\"wp-block-alcoa-wheels-image-cover imagecover fullwidthcontainer\">\n<div class=\"wp-block-cover\"><span aria-hidden=\"true\" class=\"wp-block-cover__background has-background-dim-0 has-background-dim\"><\/span><img loading=\"lazy\" decoding=\"async\" width=\"1440\" height=\"1028\" class=\"wp-block-cover__image-background wp-image-248\" alt=\"subhero-dealer-resource-center_large\" src=\"https:\/\/www.alcoawheels.com\/south-america\/pt\/wp-content\/uploads\/sites\/28\/2023\/07\/subhero-dealer-resource-center_large.jpg\" style=\"object-position:0% 0%\" data-object-fit=\"cover\" data-object-position=\"0% 0%\" srcset=\"https:\/\/www.alcoawheels.com\/south-america\/pt\/wp-content\/uploads\/sites\/28\/2023\/07\/subhero-dealer-resource-center_large.jpg 1440w, https:\/\/www.alcoawheels.com\/south-america\/pt\/wp-content\/uploads\/sites\/28\/2023\/07\/subhero-dealer-resource-center_large.jpg?resize=300,214 300w, https:\/\/www.alcoawheels.com\/south-america\/pt\/wp-content\/uploads\/sites\/28\/2023\/07\/subhero-dealer-resource-center_large.jpg?resize=768,548 768w, https:\/\/www.alcoawheels.com\/south-america\/pt\/wp-content\/uploads\/sites\/28\/2023\/07\/subhero-dealer-resource-center_large.jpg?resize=1024,731 1024w\" sizes=\"auto, (max-width: 1440px) 100vw, 1440px\" \/><div class=\"wp-block-cover__inner-container is-layout-flow wp-block-cover-is-layout-flow\">\n<div class=\"wp-block-columns padded-columns is-layout-flex wp-container-core-columns-is-layout-9d6595d7 wp-block-columns-is-layout-flex\">\n<div class=\"wp-block-column is-layout-flow wp-block-column-is-layout-flow\">\n<h3 class=\"wp-block-heading\" id=\"h-processo-de-producao\"><strong>Processo de Produ\u00e7\u00e3o<\/strong><\/h3>\n\n\n\n<p>O processo de produ\u00e7\u00e3o em forja proporciona uma resist\u00eancia 5x maior comparada as rodas fabricadas em a\u00e7o. Al\u00e9m disso, as rodas Alcoa<sup>\u00ae<\/sup>&nbsp;possuem metade do peso de uma roda de a\u00e7o. Dessa forma, dependendo da quantidade de rodas no ve\u00edculo, com a substitui\u00e7\u00e3o por rodas forjadas de alum\u00ednio, \u00e9 poss\u00edvel reduzir at\u00e9&nbsp;790 kg do peso total do ve\u00edculo.<\/p>\n<\/div>\n\n\n\n<div class=\"wp-block-column is-layout-flow wp-block-column-is-layout-flow\">\n<div class=\"wp-block-alcoa-wheels-youtube-video youtube-video-main\"><div class=\"youtube-Videos \"><div class=\"youtube-Videos-item\"><div class=\"videoWrapper privacyEnable\"><div class=\"onetrust-placeholder\"><p class=\"onetrust-message text-center vertical-center\"><span class=\"onetrust-unavailable-notice\">This content requires certain cookies to function. Please <a class=\"optanon-toggle\">accept<\/a> cookies in order to continue. You may need to refresh your browser window afterwards.<\/span><\/p><\/div><div class=\"youtube-video-wrapper\"><iframe data-src=\"\/\/www.youtube.com\/embed\/i3VhFdYVqS8?rel=0\" class=\"youtube-iframe\" title=\"video\"><\/iframe><\/div><\/div><\/div><\/div><\/div>\n<\/div>\n<\/div>\n<\/div><\/div>\n<\/div>\n\n\n\n<div style=\"height:50px\" aria-hidden=\"true\" class=\"wp-block-spacer spacer-fifty\"><\/div>\n\n\n\n<h3 class=\"wp-block-heading has-text-align-center\">Etapas do Processo de Produ\u00e7\u00e3o<\/h3>\n\n\n\n<p class=\"has-text-align-center\">O processo de forja garante \u00e0s rodas Alcoa<sup>\u00ae<\/sup>&nbsp;uma resist\u00eancia 5x maior.<\/p>\n\n\n\n<div class=\"wp-block-alcoa-wheels-news news-list\"><div class=\"container\"><div class=\"news-list__boxes\"><div class=\"news-list__box  shadowOverlay\"><img loading=\"lazy\" decoding=\"async\" class=\"news-bg-img\" src=\"https:\/\/www.alcoawheels.com\/south-america\/pt\/wp-content\/uploads\/sites\/28\/2023\/08\/processo-producao-01.jpg\" alt=\"Processo de Produ\u00e7\u00e3o 01\" height=\"195\" width=\"280\"\/><div class=\"news-list__box__inner\"><p class=\"news-title\" style=\"color:#fff\">1. Tarugos<\/p><\/div><\/div><div class=\"news-list__box  shadowOverlay\"><img loading=\"lazy\" decoding=\"async\" class=\"news-bg-img\" src=\"https:\/\/www.alcoawheels.com\/south-america\/pt\/wp-content\/uploads\/sites\/28\/2023\/08\/processo-producao-02.jpg\" alt=\"Processo de Produ\u00e7\u00e3o 02\" height=\"195\" width=\"280\"\/><div class=\"news-list__box__inner\"><p class=\"news-title\" style=\"color:#fff\">2. Corte do tarugo<\/p><\/div><\/div><div class=\"news-list__box  shadowOverlay\"><img loading=\"lazy\" decoding=\"async\" class=\"news-bg-img\" src=\"https:\/\/www.alcoawheels.com\/south-america\/pt\/wp-content\/uploads\/sites\/28\/2023\/08\/processo-producao-03.jpg\" alt=\"Processo de Produ\u00e7\u00e3o 03\" height=\"195\" width=\"280\"\/><div class=\"news-list__box__inner\"><p class=\"news-title\" style=\"color:#fff\">3. Prensa 1<\/p><\/div><\/div><div class=\"news-list__box  shadowOverlay\"><img loading=\"lazy\" decoding=\"async\" class=\"news-bg-img\" src=\"https:\/\/www.alcoawheels.com\/south-america\/pt\/wp-content\/uploads\/sites\/28\/2023\/08\/processo-producao-04.jpg\" alt=\"Processo de Produ\u00e7\u00e3o 04\" height=\"195\" width=\"280\"\/><div class=\"news-list__box__inner\"><p class=\"news-title\" style=\"color:#fff\">4. Prensa 2<\/p><\/div><\/div><div class=\"news-list__box  shadowOverlay\"><img loading=\"lazy\" decoding=\"async\" class=\"news-bg-img\" src=\"https:\/\/www.alcoawheels.com\/south-america\/pt\/wp-content\/uploads\/sites\/28\/2023\/08\/processo-producao-05.jpg\" alt=\"Processo de Produ\u00e7\u00e3o 05\" height=\"195\" width=\"280\"\/><div class=\"news-list__box__inner\"><p class=\"news-title\" style=\"color:#fff\">5. Prensa 3<\/p><\/div><\/div><div class=\"news-list__box  shadowOverlay\"><img loading=\"lazy\" decoding=\"async\" class=\"news-bg-img\" src=\"https:\/\/www.alcoawheels.com\/south-america\/pt\/wp-content\/uploads\/sites\/28\/2023\/08\/processo-producao-06.jpg\" alt=\"Processo de Produ\u00e7\u00e3o 06\" height=\"195\" width=\"280\"\/><div class=\"news-list__box__inner\"><p class=\"news-title\" style=\"color:#fff\">6. Tratamento t\u00e9rmico<\/p><\/div><\/div><div class=\"news-list__box  shadowOverlay\"><img loading=\"lazy\" decoding=\"async\" class=\"news-bg-img\" src=\"https:\/\/www.alcoawheels.com\/south-america\/pt\/wp-content\/uploads\/sites\/28\/2023\/08\/processo-producao-07.jpg\" alt=\"Processo de Produ\u00e7\u00e3o 07\" height=\"195\" width=\"280\"\/><div class=\"news-list__box__inner\"><p class=\"news-title\" style=\"color:#fff\">7. Centro de usinagem<\/p><\/div><\/div><div class=\"news-list__box  shadowOverlay\"><img loading=\"lazy\" decoding=\"async\" class=\"news-bg-img\" src=\"https:\/\/www.alcoawheels.com\/south-america\/pt\/wp-content\/uploads\/sites\/28\/2023\/08\/processo-producao-08.jpg\" alt=\"Processo de Produ\u00e7\u00e3o 08\" height=\"195\" width=\"280\"\/><div class=\"news-list__box__inner\"><p class=\"news-title\" style=\"color:#fff\">8. Polimento automatizado<\/p><\/div><\/div><\/div><\/div><\/div>\n\n\n\n<hr class=\"wp-block-separator has-text-color has-alpha-channel-opacity has-background is-style-wide\" style=\"background-color:#00afba;color:#00afba\"\/>\n\n\n\n<div id=\"columnsV1-66009c90-9abe-4bb8-977a-3516880fee0c\" class=\"wp-block-alcoa-wheels-columns-v1 columnsV1 fullwidthcontainer with-gap withOutBorder\">\n<div class=\"wp-block-columns is-layout-flex wp-container-core-columns-is-layout-9d6595d7 wp-block-columns-is-layout-flex\">\n<div class=\"wp-block-column is-layout-flow wp-block-column-is-layout-flow\" style=\"flex-basis:33.33%\">\n<div class=\"wp-block-alcoa-wheels-youtube-video youtube-video-main\"><div class=\"youtube-Videos \"><div class=\"youtube-Videos-item\"><div class=\"videoWrapper privacyEnable\"><div class=\"onetrust-placeholder\"><p class=\"onetrust-message text-center vertical-center\"><span class=\"onetrust-unavailable-notice\">This content requires certain cookies to function. Please <a class=\"optanon-toggle\">accept<\/a> cookies in order to continue. You may need to refresh your browser window afterwards.<\/span><\/p><\/div><div class=\"youtube-video-wrapper\"><iframe data-src=\"\/\/www.youtube.com\/embed\/Ti5Vv4TZ67U?rel=0\" class=\"youtube-iframe\" title=\"video\"><\/iframe><\/div><\/div><\/div><\/div><\/div>\n<\/div>\n\n\n\n<div class=\"wp-block-column is-layout-flow wp-block-column-is-layout-flow\" style=\"flex-basis:66.66%\">\n<h3 class=\"wp-block-heading\"><strong>Teste de Impacto<\/strong><\/h3>\n\n\n\n<p>O objetivo do teste de impacto \u00e9 avaliar uma poss\u00edvel colis\u00e3o no meio fio com um ve\u00edculo a 50 Km\/h. Um peso de 990 Kg \u00e9 solto a 1m de altura sobre a roda.<\/p>\n\n\n\n<p>As Rodas Alcoa<sup>\u00ae<\/sup>&nbsp;s\u00e3o as \u00fanicas que n\u00e3o sofrem nenhuma avaria com o impacto. Resist\u00eancia superior em compara\u00e7\u00e3o as rodas de a\u00e7o e rodas de alum\u00ednio asi\u00e1ticas.<\/p>\n<\/div>\n<\/div>\n<\/div>\n\n\n\n<div class=\"wp-block-alcoa-wheels-card-usecase-1 card-box-v1__body with-icon align-center vertical-align-center\" id=\"card_box_v1-bfaee044-7a49-4cfa-afc6-ff3781fa29e0\"><div class=\"fullwidthcontainer\"><div class=\"card-box-v1__boxes has-3-columns\"><div class=\"card-box-v1__box  with-link \" style=\"background-color:#02afba\"><img decoding=\"async\" src=\"https:\/\/www.alcoawheels.com\/south-america\/pt\/wp-content\/themes\/alcoa-wheels\/assets\/build\/js\/blocks\/card-usecase-1\/..\/..\/..\/images\/placeholder-image.db2b4d5c.jpeg\" alt=\"Contato\"\/><div class=\"card-box-v1__box__inner pos-abs\"><div class=\"card-box-v1__box_icon\"><img loading=\"lazy\" decoding=\"async\" width=\"171\" height=\"171\" src=\"https:\/\/www.alcoawheels.com\/south-america\/pt\/wp-content\/uploads\/sites\/28\/2023\/07\/contact.png\" alt=\"contact\"\/><\/div><div class=\"card-box-v1__box_content\"><h4 style=\"color:#ffffff\">Contato<\/h4><\/div><div class=\"btn-wrap\"><\/div><\/div><a href=\"\/south-america\/pt\/contato\" aria-label=\"Contato\"><\/a><\/div><div class=\"card-box-v1__box  with-link \" style=\"background-color:#02afba\"><img decoding=\"async\" src=\"https:\/\/www.alcoawheels.com\/south-america\/pt\/wp-content\/themes\/alcoa-wheels\/assets\/build\/js\/blocks\/card-usecase-1\/..\/..\/..\/images\/placeholder-image.db2b4d5c.jpeg\" alt=\"Onde Comprar\"\/><div class=\"card-box-v1__box__inner pos-abs\"><div class=\"card-box-v1__box_icon\"><img loading=\"lazy\" decoding=\"async\" width=\"169\" height=\"169\" src=\"https:\/\/www.alcoawheels.com\/south-america\/pt\/wp-content\/uploads\/sites\/28\/2023\/07\/where-to-buy.png\" alt=\"where-to-buy\"\/><\/div><div class=\"card-box-v1__box_content\"><h4 style=\"color:#ffffff\">Onde Comprar<\/h4><\/div><div class=\"btn-wrap\"><\/div><\/div><a href=\"\/south-america\/pt\/onde-comprar\" aria-label=\"Onde Comprar\"><\/a><\/div><div class=\"card-box-v1__box  with-link \" style=\"background-color:#02afba\"><img decoding=\"async\" src=\"https:\/\/www.alcoawheels.com\/south-america\/pt\/wp-content\/themes\/alcoa-wheels\/assets\/build\/js\/blocks\/card-usecase-1\/..\/..\/..\/images\/placeholder-image.db2b4d5c.jpeg\" alt=\"Cat\u00e1logos\"\/><div class=\"card-box-v1__box__inner pos-abs\"><div class=\"card-box-v1__box_icon\"><img loading=\"lazy\" decoding=\"async\" width=\"169\" height=\"169\" src=\"https:\/\/www.alcoawheels.com\/south-america\/pt\/wp-content\/uploads\/sites\/28\/2023\/07\/product-literature.png\" alt=\"product-literature\"\/><\/div><div class=\"card-box-v1__box_content\"><h4 style=\"color:#ffffff\">Cat\u00e1logos<\/h4><\/div><div class=\"btn-wrap\"><\/div><\/div><a href=\"\/south-america\/pt\/catalogos\" aria-label=\"Cat\u00e1logos\"><\/a><\/div><\/div><\/div><\/div>\n","protected":false},"excerpt":{"rendered":"<p>Etapas do Processo de Produ\u00e7\u00e3o O processo de forja garante \u00e0s rodas Alcoa\u00ae&nbsp;uma resist\u00eancia 5x maior.<\/p>\n","protected":false},"author":44,"featured_media":0,"parent":0,"menu_order":0,"comment_status":"closed","ping_status":"closed","template":"","meta":{"_acf_changed":false,"protected_reviewer_email":"","editor_notices":[],"footnotes":""},"class_list":["post-53","page","type-page","status-publish","hentry"],"acf":[],"yoast_head":"<!-- This site is optimized with the Yoast SEO Premium plugin v27.4 (Yoast SEO v27.4) - https:\/\/yoast.com\/product\/yoast-seo-premium-wordpress\/ -->\n<title>Processo de Produ\u00e7\u00e3o Rodas de Alum\u00ednio Alcoa\u00ae | Alcoa Wheels<\/title>\n<meta name=\"description\" content=\"As rodas forjadas de alum\u00ednio Alcoa\u00ae s\u00e3o 5x mais resistentes quando comparadas as fabricadas em a\u00e7o.\" \/>\n<meta name=\"robots\" content=\"index, follow, max-snippet:-1, max-image-preview:large, max-video-preview:-1\" \/>\n<link rel=\"canonical\" href=\"https:\/\/www.alcoawheels.com\/south-america\/pt\/processo-de-producao\/\" \/>\n<meta property=\"og:locale\" content=\"en_US\" \/>\n<meta property=\"og:type\" content=\"article\" \/>\n<meta property=\"og:title\" content=\"Processo de Produ\u00e7\u00e3o\" \/>\n<meta property=\"og:description\" content=\"As rodas forjadas de alum\u00ednio Alcoa\u00ae s\u00e3o 5x mais resistentes quando comparadas as fabricadas em a\u00e7o.\" \/>\n<meta property=\"og:url\" content=\"https:\/\/www.alcoawheels.com\/south-america\/pt\/processo-de-producao\/\" \/>\n<meta property=\"og:site_name\" content=\"South America\" \/>\n<meta property=\"article:modified_time\" content=\"2023-08-24T08:34:18+00:00\" \/>\n<meta property=\"og:image\" content=\"https:\/\/www.alcoawheels.com\/south-america\/pt\/wp-content\/uploads\/sites\/28\/2023\/07\/subhero-dealer-resource-center_large.jpg\" \/>\n<meta name=\"twitter:card\" content=\"summary_large_image\" \/>\n<meta name=\"twitter:label1\" content=\"Est. reading time\" \/>\n\t<meta name=\"twitter:data1\" content=\"3 minutes\" \/>\n<script type=\"application\/ld+json\" class=\"yoast-schema-graph\">{\"@context\":\"https:\\\/\\\/schema.org\",\"@graph\":[{\"@type\":\"WebPage\",\"@id\":\"https:\\\/\\\/www.alcoawheels.com\\\/south-america\\\/pt\\\/processo-de-producao\\\/\",\"url\":\"https:\\\/\\\/www.alcoawheels.com\\\/south-america\\\/pt\\\/processo-de-producao\\\/\",\"name\":\"Processo de Produ\u00e7\u00e3o Rodas de Alum\u00ednio Alcoa\u00ae | Alcoa Wheels\",\"isPartOf\":{\"@id\":\"https:\\\/\\\/www.alcoawheels.com\\\/south-america\\\/pt\\\/#website\"},\"primaryImageOfPage\":{\"@id\":\"https:\\\/\\\/www.alcoawheels.com\\\/south-america\\\/pt\\\/processo-de-producao\\\/#primaryimage\"},\"image\":{\"@id\":\"https:\\\/\\\/www.alcoawheels.com\\\/south-america\\\/pt\\\/processo-de-producao\\\/#primaryimage\"},\"thumbnailUrl\":\"https:\\\/\\\/www.alcoawheels.com\\\/south-america\\\/pt\\\/wp-content\\\/uploads\\\/sites\\\/28\\\/2023\\\/07\\\/subhero-dealer-resource-center_large.jpg\",\"datePublished\":\"2023-07-25T14:53:56+00:00\",\"dateModified\":\"2023-08-24T08:34:18+00:00\",\"description\":\"As rodas forjadas de alum\u00ednio Alcoa\u00ae s\u00e3o 5x mais resistentes quando comparadas as fabricadas em a\u00e7o.\",\"breadcrumb\":{\"@id\":\"https:\\\/\\\/www.alcoawheels.com\\\/south-america\\\/pt\\\/processo-de-producao\\\/#breadcrumb\"},\"inLanguage\":\"en-US\",\"potentialAction\":[{\"@type\":\"ReadAction\",\"target\":[\"https:\\\/\\\/www.alcoawheels.com\\\/south-america\\\/pt\\\/processo-de-producao\\\/\"]}]},{\"@type\":\"ImageObject\",\"inLanguage\":\"en-US\",\"@id\":\"https:\\\/\\\/www.alcoawheels.com\\\/south-america\\\/pt\\\/processo-de-producao\\\/#primaryimage\",\"url\":\"https:\\\/\\\/www.alcoawheels.com\\\/south-america\\\/pt\\\/wp-content\\\/uploads\\\/sites\\\/28\\\/2023\\\/07\\\/subhero-dealer-resource-center_large.jpg\",\"contentUrl\":\"https:\\\/\\\/www.alcoawheels.com\\\/south-america\\\/pt\\\/wp-content\\\/uploads\\\/sites\\\/28\\\/2023\\\/07\\\/subhero-dealer-resource-center_large.jpg\",\"width\":1440,\"height\":1028,\"caption\":\"subhero-dealer-resource-center_large\"},{\"@type\":\"BreadcrumbList\",\"@id\":\"https:\\\/\\\/www.alcoawheels.com\\\/south-america\\\/pt\\\/processo-de-producao\\\/#breadcrumb\",\"itemListElement\":[{\"@type\":\"ListItem\",\"position\":1,\"name\":\"Home\",\"item\":\"https:\\\/\\\/www.alcoawheels.com\\\/south-america\\\/pt\\\/\"},{\"@type\":\"ListItem\",\"position\":2,\"name\":\"Processo de Produ\u00e7\u00e3o\"}]},{\"@type\":\"WebSite\",\"@id\":\"https:\\\/\\\/www.alcoawheels.com\\\/south-america\\\/pt\\\/#website\",\"url\":\"https:\\\/\\\/www.alcoawheels.com\\\/south-america\\\/pt\\\/\",\"name\":\"South America\",\"description\":\"\",\"publisher\":{\"@id\":\"https:\\\/\\\/www.alcoawheels.com\\\/south-america\\\/pt\\\/#organization\"},\"potentialAction\":[{\"@type\":\"SearchAction\",\"target\":{\"@type\":\"EntryPoint\",\"urlTemplate\":\"https:\\\/\\\/www.alcoawheels.com\\\/south-america\\\/pt\\\/?s={search_term_string}\"},\"query-input\":{\"@type\":\"PropertyValueSpecification\",\"valueRequired\":true,\"valueName\":\"search_term_string\"}}],\"inLanguage\":\"en-US\"},{\"@type\":\"Organization\",\"@id\":\"https:\\\/\\\/www.alcoawheels.com\\\/south-america\\\/pt\\\/#organization\",\"name\":\"South America\",\"url\":\"https:\\\/\\\/www.alcoawheels.com\\\/south-america\\\/pt\\\/\",\"logo\":{\"@type\":\"ImageObject\",\"inLanguage\":\"en-US\",\"@id\":\"https:\\\/\\\/www.alcoawheels.com\\\/south-america\\\/pt\\\/#\\\/schema\\\/logo\\\/image\\\/\",\"url\":\"https:\\\/\\\/www.alcoawheels.com\\\/south-america\\\/pt\\\/wp-content\\\/uploads\\\/sites\\\/28\\\/2023\\\/07\\\/logo-black.gif\",\"contentUrl\":\"https:\\\/\\\/www.alcoawheels.com\\\/south-america\\\/pt\\\/wp-content\\\/uploads\\\/sites\\\/28\\\/2023\\\/07\\\/logo-black.gif\",\"width\":71,\"height\":64,\"caption\":\"South America\"},\"image\":{\"@id\":\"https:\\\/\\\/www.alcoawheels.com\\\/south-america\\\/pt\\\/#\\\/schema\\\/logo\\\/image\\\/\"}}]}<\/script>\n<!-- \/ Yoast SEO Premium plugin. -->","yoast_head_json":{"title":"Processo de Produ\u00e7\u00e3o Rodas de Alum\u00ednio Alcoa\u00ae | Alcoa Wheels","description":"As rodas forjadas de alum\u00ednio Alcoa\u00ae s\u00e3o 5x mais resistentes quando comparadas as fabricadas em a\u00e7o.","robots":{"index":"index","follow":"follow","max-snippet":"max-snippet:-1","max-image-preview":"max-image-preview:large","max-video-preview":"max-video-preview:-1"},"canonical":"https:\/\/www.alcoawheels.com\/south-america\/pt\/processo-de-producao\/","og_locale":"en_US","og_type":"article","og_title":"Processo de Produ\u00e7\u00e3o","og_description":"As rodas forjadas de alum\u00ednio Alcoa\u00ae s\u00e3o 5x mais resistentes quando comparadas as fabricadas em a\u00e7o.","og_url":"https:\/\/www.alcoawheels.com\/south-america\/pt\/processo-de-producao\/","og_site_name":"South America","article_modified_time":"2023-08-24T08:34:18+00:00","og_image":[{"url":"https:\/\/www.alcoawheels.com\/south-america\/pt\/wp-content\/uploads\/sites\/28\/2023\/07\/subhero-dealer-resource-center_large.jpg","type":"","width":"","height":""}],"twitter_card":"summary_large_image","twitter_misc":{"Est. reading time":"3 minutes"},"schema":{"@context":"https:\/\/schema.org","@graph":[{"@type":"WebPage","@id":"https:\/\/www.alcoawheels.com\/south-america\/pt\/processo-de-producao\/","url":"https:\/\/www.alcoawheels.com\/south-america\/pt\/processo-de-producao\/","name":"Processo de Produ\u00e7\u00e3o Rodas de Alum\u00ednio Alcoa\u00ae | Alcoa Wheels","isPartOf":{"@id":"https:\/\/www.alcoawheels.com\/south-america\/pt\/#website"},"primaryImageOfPage":{"@id":"https:\/\/www.alcoawheels.com\/south-america\/pt\/processo-de-producao\/#primaryimage"},"image":{"@id":"https:\/\/www.alcoawheels.com\/south-america\/pt\/processo-de-producao\/#primaryimage"},"thumbnailUrl":"https:\/\/www.alcoawheels.com\/south-america\/pt\/wp-content\/uploads\/sites\/28\/2023\/07\/subhero-dealer-resource-center_large.jpg","datePublished":"2023-07-25T14:53:56+00:00","dateModified":"2023-08-24T08:34:18+00:00","description":"As rodas forjadas de alum\u00ednio Alcoa\u00ae s\u00e3o 5x mais resistentes quando comparadas as fabricadas em a\u00e7o.","breadcrumb":{"@id":"https:\/\/www.alcoawheels.com\/south-america\/pt\/processo-de-producao\/#breadcrumb"},"inLanguage":"en-US","potentialAction":[{"@type":"ReadAction","target":["https:\/\/www.alcoawheels.com\/south-america\/pt\/processo-de-producao\/"]}]},{"@type":"ImageObject","inLanguage":"en-US","@id":"https:\/\/www.alcoawheels.com\/south-america\/pt\/processo-de-producao\/#primaryimage","url":"https:\/\/www.alcoawheels.com\/south-america\/pt\/wp-content\/uploads\/sites\/28\/2023\/07\/subhero-dealer-resource-center_large.jpg","contentUrl":"https:\/\/www.alcoawheels.com\/south-america\/pt\/wp-content\/uploads\/sites\/28\/2023\/07\/subhero-dealer-resource-center_large.jpg","width":1440,"height":1028,"caption":"subhero-dealer-resource-center_large"},{"@type":"BreadcrumbList","@id":"https:\/\/www.alcoawheels.com\/south-america\/pt\/processo-de-producao\/#breadcrumb","itemListElement":[{"@type":"ListItem","position":1,"name":"Home","item":"https:\/\/www.alcoawheels.com\/south-america\/pt\/"},{"@type":"ListItem","position":2,"name":"Processo de Produ\u00e7\u00e3o"}]},{"@type":"WebSite","@id":"https:\/\/www.alcoawheels.com\/south-america\/pt\/#website","url":"https:\/\/www.alcoawheels.com\/south-america\/pt\/","name":"South America","description":"","publisher":{"@id":"https:\/\/www.alcoawheels.com\/south-america\/pt\/#organization"},"potentialAction":[{"@type":"SearchAction","target":{"@type":"EntryPoint","urlTemplate":"https:\/\/www.alcoawheels.com\/south-america\/pt\/?s={search_term_string}"},"query-input":{"@type":"PropertyValueSpecification","valueRequired":true,"valueName":"search_term_string"}}],"inLanguage":"en-US"},{"@type":"Organization","@id":"https:\/\/www.alcoawheels.com\/south-america\/pt\/#organization","name":"South America","url":"https:\/\/www.alcoawheels.com\/south-america\/pt\/","logo":{"@type":"ImageObject","inLanguage":"en-US","@id":"https:\/\/www.alcoawheels.com\/south-america\/pt\/#\/schema\/logo\/image\/","url":"https:\/\/www.alcoawheels.com\/south-america\/pt\/wp-content\/uploads\/sites\/28\/2023\/07\/logo-black.gif","contentUrl":"https:\/\/www.alcoawheels.com\/south-america\/pt\/wp-content\/uploads\/sites\/28\/2023\/07\/logo-black.gif","width":71,"height":64,"caption":"South America"},"image":{"@id":"https:\/\/www.alcoawheels.com\/south-america\/pt\/#\/schema\/logo\/image\/"}}]}},"parsely":{"version":"1.1.0","canonical_url":"https:\/\/alcoawheels.com\/south-america\/pt\/processo-de-producao\/","smart_links":{"inbound":0,"outbound":0},"traffic_boost_suggestions_count":0,"meta":{"@context":"https:\/\/schema.org","@type":"WebPage","headline":"Processo de Produ\u00e7\u00e3o","url":"http:\/\/www.alcoawheels.com\/south-america\/pt\/processo-de-producao\/","mainEntityOfPage":{"@type":"WebPage","@id":"http:\/\/www.alcoawheels.com\/south-america\/pt\/processo-de-producao\/"},"thumbnailUrl":"","image":{"@type":"ImageObject","url":""},"articleSection":"Uncategorized","author":[{"@type":"Person","name":"howmet"}],"creator":["howmet"],"publisher":{"@type":"Organization","name":"South America","logo":""},"keywords":[],"dateCreated":"2023-07-25T14:53:56Z","datePublished":"2023-07-25T14:53:56Z","dateModified":"2023-08-24T08:34:18Z"},"rendered":"<script type=\"application\/ld+json\" class=\"wp-parsely-metadata\">{\"@context\":\"https:\\\/\\\/schema.org\",\"@type\":\"WebPage\",\"headline\":\"Processo de Produ\\u00e7\\u00e3o\",\"url\":\"http:\\\/\\\/www.alcoawheels.com\\\/south-america\\\/pt\\\/processo-de-producao\\\/\",\"mainEntityOfPage\":{\"@type\":\"WebPage\",\"@id\":\"http:\\\/\\\/www.alcoawheels.com\\\/south-america\\\/pt\\\/processo-de-producao\\\/\"},\"thumbnailUrl\":\"\",\"image\":{\"@type\":\"ImageObject\",\"url\":\"\"},\"articleSection\":\"Uncategorized\",\"author\":[{\"@type\":\"Person\",\"name\":\"howmet\"}],\"creator\":[\"howmet\"],\"publisher\":{\"@type\":\"Organization\",\"name\":\"South America\",\"logo\":\"\"},\"keywords\":[],\"dateCreated\":\"2023-07-25T14:53:56Z\",\"datePublished\":\"2023-07-25T14:53:56Z\",\"dateModified\":\"2023-08-24T08:34:18Z\"}<\/script>","tracker_url":"https:\/\/cdn.parsely.com\/keys\/alcoawheels.com\/p.js"},"jetpack_sharing_enabled":true,"_links":{"self":[{"href":"https:\/\/www.alcoawheels.com\/south-america\/pt\/wp-json\/wp\/v2\/pages\/53","targetHints":{"allow":["GET"]}}],"collection":[{"href":"https:\/\/www.alcoawheels.com\/south-america\/pt\/wp-json\/wp\/v2\/pages"}],"about":[{"href":"https:\/\/www.alcoawheels.com\/south-america\/pt\/wp-json\/wp\/v2\/types\/page"}],"author":[{"embeddable":true,"href":"https:\/\/www.alcoawheels.com\/south-america\/pt\/wp-json\/wp\/v2\/users\/44"}],"replies":[{"embeddable":true,"href":"https:\/\/www.alcoawheels.com\/south-america\/pt\/wp-json\/wp\/v2\/comments?post=53"}],"version-history":[{"count":11,"href":"https:\/\/www.alcoawheels.com\/south-america\/pt\/wp-json\/wp\/v2\/pages\/53\/revisions"}],"predecessor-version":[{"id":1037,"href":"https:\/\/www.alcoawheels.com\/south-america\/pt\/wp-json\/wp\/v2\/pages\/53\/revisions\/1037"}],"wp:attachment":[{"href":"https:\/\/www.alcoawheels.com\/south-america\/pt\/wp-json\/wp\/v2\/media?parent=53"}],"curies":[{"name":"wp","href":"https:\/\/api.w.org\/{rel}","templated":true}]}}