		{"id":58,"date":"2023-07-25T14:55:50","date_gmt":"2023-07-25T14:55:50","guid":{"rendered":"https:\/\/www.alcoawheels.com\/south-america\/pt\/?page_id=58"},"modified":"2024-11-27T15:53:20","modified_gmt":"2024-11-27T15:53:20","slug":"onde-comprar","status":"publish","type":"page","link":"https:\/\/www.alcoawheels.com\/south-america\/pt\/onde-comprar\/","title":{"rendered":"Encontre um Distribuidor"},"content":{"rendered":"\n<div class=\"wp-block-alcoa-wheels-banner-with-whatsapp-button banner-whatsapp-main\"><div class=\"banner-whatsapp\"><div class=\"column-list-item__box__media\"><div class=\"image-preview image-controle-visible-hover\"><img loading=\"lazy\" decoding=\"async\" src=\"https:\/\/www.alcoawheels.com\/south-america\/pt\/wp-content\/uploads\/sites\/28\/2023\/07\/contato_image.png\" alt=\"Wheels LvL One\" width=\"820\" height=\"427\"\/><\/div><h3 class=\"banner-title\">Clique no bot\u00e3o da sua regi\u00e3o e fale com um consultor de vendas<br>Alcoa<sup>\u00ae<\/sup>\u00a0Rodas<\/h3><\/div><div class=\"column-list-item__box__buttons appenderStyle\"><div class=\"contact-details-main\"><div class=\"button-details-item show-items-hover-wrap\"><p class=\"btn-main btn-with-whatsapp\"><strong><strong><strong><a href=\"https:\/\/api.whatsapp.com\/send?l=pt-BR&amp;phone=5511915898314&amp;text=Ol%C3%A1!%20Cliquei%20no%20link%20do%20site!\">\u00a0Nordeste e Norte<\/a><\/strong><\/strong><\/strong><\/p><\/div><div class=\"button-details-item show-items-hover-wrap\"><p class=\"btn-main btn-with-whatsapp\"><strong><strong><strong><a href=\"https:\/\/api.whatsapp.com\/send?l=pt-BR&amp;phone=5511915898314&amp;text=Ol%C3%A1!%20Cliquei%20no%20link%20do%20site!\">\u00a0Centro Oeste<\/a><\/strong><\/strong><\/strong><\/p><\/div><div class=\"button-details-item show-items-hover-wrap\"><p class=\"btn-main btn-with-whatsapp\"><a href=\"https:\/\/api.whatsapp.com\/send?l=pt-BR&amp;phone=5548996775788&amp;text=Ol%C3%A1!%20Cliquei%20no%20link%20do%20site!\"><strong>Sul e Minas Gerais<\/strong><\/a><\/p><\/div><div class=\"button-details-item show-items-hover-wrap\"><p class=\"btn-main btn-with-whatsapp\"><strong><a href=\"https:\/\/api.whatsapp.com\/send?l=pt-BR&amp;phone=5511915898314&amp;text=Ol%C3%A1!%20Cliquei%20no%20link%20do%20site!\">Sudeste<\/a><\/strong><\/p><\/div><div class=\"button-details-item show-items-hover-wrap\"><p class=\"btn-main btn-primary\"><strong><strong><a href=\"tel:0800-724-7632\" target=\"_blank\" rel=\"noreferrer noopener\"><strong>Liga\u00e7\u00e3o Gratuita 0800 724 7632<\/strong><\/a><\/strong><\/strong><\/p><\/div><\/div><\/div><\/div><\/div>\n\n\n\n<div style=\"height:50px\" aria-hidden=\"true\" class=\"wp-block-spacer spacer-fifty\"><\/div>\n\n\n\n<div class=\"wp-block-group container-md\"><div class=\"wp-block-group__inner-container is-layout-constrained wp-block-group-is-layout-constrained\">\n<h5 class=\"wp-block-heading\" id=\"h-encontre-um-distribuidor\"><strong>Encontre um distribuidor<\/strong><\/h5>\n\n\n\n<p>As rodas forjadas de alum\u00ednio Alcoa s\u00e3o disponibilizadas por uma variedade enorme de revendedores e fabricantes de equipamentos originais para caminh\u00f5es e carrocerias, incluindo a maioria dos revendedores de pneus de todo o pa\u00eds.<\/p>\n\n\n\n<p>Para encontrar o ponto de venda mais pr\u00f3ximo de voc\u00ea, por favor entre em contato com nossa central de atendimento no telefone&nbsp;<a href=\"tel:0800-724-7632\">0800 724 7632<\/a>&nbsp;ou por meio da lista de distribuidores relacionados abaixo.<\/p>\n\n\n\n<p>Se preferir, fale com um consultor de vendas Alcoa<sup>\u00ae<\/sup>&nbsp;:<\/p>\n<\/div><\/div>\n\n\n\n<div class=\"wp-block-alcoa-wheels-columns-with-button columns-with-button\"><div class=\"container-md\"><div class=\"columns-with-button__boxes\"><div class=\"columns-with-button__box\"><p class=\"btn-main btn-link-with-whatsapp\"><a href=\"https:\/\/api.whatsapp.com\/send?l=pt-BR&amp;phone=5511915898314&amp;text=Ol%C3%A1!%20Cliquei%20no%20link%20do%20site!\">\u00a0Centro Oeste<\/a><\/p><\/div><div class=\"columns-with-button__box\"><p class=\"btn-main btn-link-with-whatsapp\"><a href=\"https:\/\/api.whatsapp.com\/send?l=pt-BR&amp;phone=5511915898314&amp;text=Ol%C3%A1!%20Cliquei%20no%20link%20do%20site!\">\u00a0Nordeste e Norte<\/a><\/p><\/div><div class=\"columns-with-button__box\"><p class=\"btn-main btn-link-with-whatsapp\"><a href=\"https:\/\/api.whatsapp.com\/send?l=pt-BR&amp;phone=5548996775788&amp;text=Ol%C3%A1!%20Cliquei%20no%20link%20do%20site!\">Sul e Minas Gerais<\/a><\/p><\/div><div class=\"columns-with-button__box\"><p class=\"btn-main btn-link-with-whatsapp\"><a href=\"https:\/\/api.whatsapp.com\/send?l=pt-BR&amp;phone=5511915898314&amp;text=Ol%C3%A1!%20Cliquei%20no%20link%20do%20site!\">Sudeste<\/a><\/p><\/div><\/div><\/div><\/div>\n\n\n\n<hr class=\"wp-block-separator has-text-color has-black-color has-alpha-channel-opacity has-black-background-color has-background is-style-wide\"\/>\n\n\n\n<div style=\"height:50px\" aria-hidden=\"true\" class=\"wp-block-spacer spacer-fifty\"><\/div>\n\n\n\t\t<div class=\"wp-block-aw-distributor-distributors-location full-row\" data-nonce=\"6a9539a255\">\n\t\t\t\t\t\t\t\t<div class=\"distributor-tool single\">\n\t\t\t\t\t\t<div class=\"row-master-style row padded-columns\">\n\t\t\t\t\t\t\t<div class=\"column-master-style col-xs-12 col-sm-4\">\n\t\t\t\t\t\t\t\t<div class=\"body-master-style distributor-country-select\">\n\t\t\t\t\t\t\t\t\t<div class=\"form-group\">\n\t\t\t\t\t\t\t\t\t\t\t\t\t\t\t\t\t\t\t\t\t<select id=\"state\" name=\"state\" size=\"1\" class=\"form-control\">\n\t\t\t\t\t\t\t\t\t\t\t\t<option value=\"\">Estado<\/option>\n\t\t\t\t\t\t\t\t\t\t\t\t\t\t\t\t\t\t\t\t\t\t\t\t\t<option value=\"alagoas\">Alagoas<\/option>\n\t\t\t\t\t\t\t\t\t\t\t\t\t\t\t\t\t\t\t\t\t\t\t\t\t<option value=\"amazonas\">Amazonas<\/option>\n\t\t\t\t\t\t\t\t\t\t\t\t\t\t\t\t\t\t\t\t\t\t\t\t\t<option value=\"bahia\">Bahia<\/option>\n\t\t\t\t\t\t\t\t\t\t\t\t\t\t\t\t\t\t\t\t\t\t\t\t\t<option value=\"distrito-federal\">Distrito Federal<\/option>\n\t\t\t\t\t\t\t\t\t\t\t\t\t\t\t\t\t\t\t\t\t\t\t\t\t<option value=\"espirito-santo\">Espirito Santo<\/option>\n\t\t\t\t\t\t\t\t\t\t\t\t\t\t\t\t\t\t\t\t\t\t\t\t\t<option value=\"goias\">Goias<\/option>\n\t\t\t\t\t\t\t\t\t\t\t\t\t\t\t\t\t\t\t\t\t\t\t\t\t<option value=\"mato-grosso-do-sul\">Mato Grosso do Sul<\/option>\n\t\t\t\t\t\t\t\t\t\t\t\t\t\t\t\t\t\t\t\t\t\t\t\t\t<option value=\"minas-gerais\">Minas Gerais<\/option>\n\t\t\t\t\t\t\t\t\t\t\t\t\t\t\t\t\t\t\t\t\t\t\t\t\t<option value=\"paraiba\">Para\u00edba<\/option>\n\t\t\t\t\t\t\t\t\t\t\t\t\t\t\t\t\t\t\t\t\t\t\t\t\t<option value=\"parana\">Paran\u00e1<\/option>\n\t\t\t\t\t\t\t\t\t\t\t\t\t\t\t\t\t\t\t\t\t\t\t\t\t<option value=\"pernambuco\">Pernambuco<\/option>\n\t\t\t\t\t\t\t\t\t\t\t\t\t\t\t\t\t\t\t\t\t\t\t\t\t<option value=\"rio-de-janeiro\">Rio de Janeiro<\/option>\n\t\t\t\t\t\t\t\t\t\t\t\t\t\t\t\t\t\t\t\t\t\t\t\t\t<option value=\"rio-grande-do-norte\">Rio Grande do Norte<\/option>\n\t\t\t\t\t\t\t\t\t\t\t\t\t\t\t\t\t\t\t\t\t\t\t\t\t<option value=\"rio-grande-do-sul\">Rio Grande do Sul<\/option>\n\t\t\t\t\t\t\t\t\t\t\t\t\t\t\t\t\t\t\t\t\t\t\t\t\t<option value=\"santa-catarina\">Santa Catarina<\/option>\n\t\t\t\t\t\t\t\t\t\t\t\t\t\t\t\t\t\t\t\t\t\t\t\t\t<option value=\"sao-paulo\">S\u00e3o Paulo<\/option>\n\t\t\t\t\t\t\t\t\t\t\t\t\t\t\t\t\t\t\t\t\t\t\t\t\t<option value=\"sergipe\">Sergipe<\/option>\n\t\t\t\t\t\t\t\t\t\t\t\t\t\t\t\t\t\t\t\t\t\t\t<\/select>\n\t\t\t\t\t\t\t\t\t\t\t\t\t\t\t\t\t\t\t<\/div>\n\t\t\t\t\t\t\t\t<\/div>\n\t\t\t\t\t\t\t<\/div>\n\t\t\t\t\t\t\t<div class=\"column-master-style col-xs-12 col-sm-4\">\n\t\t\t\t\t\t\t\t<div class=\"body-master-style distributor-submit\">\n\t\t\t\t\t\t\t\t\t<div class=\"form-group\">\n\t\t\t\t\t\t\t\t\t\t<button type=\"submit\" value=\"Submit\" class=\"button btn btn-default form-control\" id=\"action\" name=\"action\">ENVIAR<\/button>\n\t\t\t\t\t\t\t\t\t<\/div>\n\t\t\t\t\t\t\t\t<\/div>\n\t\t\t\t\t\t\t<\/div>\n\t\t\t\t\t\t<\/div>\n\t\t\t\t\t\t<div class=\"row-master-style row pad-top\">\n\t\t\t\t\t\t\t<div class=\"column-master-style col-xs-12\">\n\t\t\t\t\t\t\t\t<div class=\"body-master-style\">\n\t\t\t\t\t\t\t\t\t<h5><strong>Clique no logo para acessar o site do distribuidor:<\/strong><\/h5>\n\t\t\t\t\t\t\t\t\t<div class=\"row gallery\">\n\t\t\t\t\t\t\t\t\t\t<div class=\"col-xs-12 col-sm-6 col-md-3 text-center\">\n\t\t\t\t\t\t\t\t\t\t\t<img decoding=\"async\" src=\"https:\/\/www.alcoawheels.com\/south-america\/pt\/wp-content\/plugins\/aw-distributors\/\/assets\/images\/campneus.png\" alt=\"campneus\">\n\t\t\t\t\t\t\t\t\t\t\t<a href=\"https:\/\/www.campneus.com.br\/paginainstitucional\/nossas-lojas-de-pneus\" target=\"_blank\"><\/a>\n\t\t\t\t\t\t\t\t\t\t\t<div class=\"hover\">\n\t\t\t\t\t\t\t\t\t\t\t<\/div>\n\t\t\t\t\t\t\t\t\t\t<\/div>\n\t\t\t\t\t\t\t\t\t<\/div>\n\t\t\t\t\t\t\t\t<\/div>\n\t\t\t\t\t\t\t<\/div>\n\t\t\t\t\t\t<\/div>\n\t\t\t\t\t<\/div>\n\t\t\t\t\t<\/div>\n\t\t\n\n\n<div class=\"wp-block-alcoa-wheels-card-usecase-1 card-box-v1__body with-icon align-center vertical-align-center\" id=\"card_box_v1-bfaee044-7a49-4cfa-afc6-ff3781fa29e0\"><div class=\"fullwidthcontainer\"><div class=\"card-box-v1__boxes has-3-columns\"><div class=\"card-box-v1__box  with-link \" style=\"background-color:#02afba\"><img decoding=\"async\" src=\"https:\/\/www.alcoawheels.com\/south-america\/pt\/wp-content\/themes\/alcoa-wheels\/assets\/build\/js\/blocks\/card-usecase-1\/..\/..\/..\/images\/placeholder-image.db2b4d5c.jpeg\" alt=\"Contato\"\/><div class=\"card-box-v1__box__inner pos-abs\"><div class=\"card-box-v1__box_icon\"><img loading=\"lazy\" decoding=\"async\" width=\"171\" height=\"171\" src=\"https:\/\/www.alcoawheels.com\/south-america\/pt\/wp-content\/uploads\/sites\/28\/2023\/07\/contact.png\" alt=\"contact\"\/><\/div><div class=\"card-box-v1__box_content\"><h4 style=\"color:#ffffff\">Contato<\/h4><\/div><div class=\"btn-wrap\"><\/div><\/div><a href=\"\/south-america\/pt\/contato\" aria-label=\"Contato\"><\/a><\/div><div class=\"card-box-v1__box  with-link \" style=\"background-color:#02afba\"><img decoding=\"async\" src=\"https:\/\/www.alcoawheels.com\/south-america\/pt\/wp-content\/themes\/alcoa-wheels\/assets\/build\/js\/blocks\/card-usecase-1\/..\/..\/..\/images\/placeholder-image.db2b4d5c.jpeg\" alt=\"Onde Comprar\"\/><div class=\"card-box-v1__box__inner pos-abs\"><div class=\"card-box-v1__box_icon\"><img loading=\"lazy\" decoding=\"async\" width=\"169\" height=\"169\" src=\"https:\/\/www.alcoawheels.com\/south-america\/pt\/wp-content\/uploads\/sites\/28\/2023\/07\/where-to-buy.png\" alt=\"where-to-buy\"\/><\/div><div class=\"card-box-v1__box_content\"><h4 style=\"color:#ffffff\">Onde Comprar<\/h4><\/div><div class=\"btn-wrap\"><\/div><\/div><a href=\"\/south-america\/pt\/onde-comprar\" aria-label=\"Onde Comprar\"><\/a><\/div><div class=\"card-box-v1__box  with-link \" style=\"background-color:#02afba\"><img decoding=\"async\" src=\"https:\/\/www.alcoawheels.com\/south-america\/pt\/wp-content\/themes\/alcoa-wheels\/assets\/build\/js\/blocks\/card-usecase-1\/..\/..\/..\/images\/placeholder-image.db2b4d5c.jpeg\" alt=\"Cat\u00e1logos\"\/><div class=\"card-box-v1__box__inner pos-abs\"><div class=\"card-box-v1__box_icon\"><img loading=\"lazy\" decoding=\"async\" width=\"169\" height=\"169\" src=\"https:\/\/www.alcoawheels.com\/south-america\/pt\/wp-content\/uploads\/sites\/28\/2023\/07\/product-literature.png\" alt=\"product-literature\"\/><\/div><div class=\"card-box-v1__box_content\"><h4 style=\"color:#ffffff\">Cat\u00e1logos<\/h4><\/div><div class=\"btn-wrap\"><\/div><\/div><a href=\"\/south-america\/pt\/catalogos\" aria-label=\"Cat\u00e1logos\"><\/a><\/div><\/div><\/div><\/div>\n","protected":false},"excerpt":{"rendered":"<p>Encontre um distribuidor As rodas forjadas de alum\u00ednio Alcoa s\u00e3o disponibilizadas por uma variedade enorme de revendedores e fabricantes de equipamentos originais para caminh\u00f5es e carrocerias, incluindo a maioria dos revendedores de pneus de todo o pa\u00eds. Para encontrar o ponto de venda mais pr\u00f3ximo de voc\u00ea, por favor entre em contato com nossa central [&hellip;]<\/p>\n","protected":false},"author":44,"featured_media":0,"parent":0,"menu_order":0,"comment_status":"closed","ping_status":"closed","template":"","meta":{"_acf_changed":false,"protected_reviewer_email":"","editor_notices":[],"footnotes":""},"class_list":["post-58","page","type-page","status-publish","hentry"],"acf":[],"yoast_head":"<!-- This site is optimized with the Yoast SEO Premium plugin v27.2 (Yoast SEO v27.2) - https:\/\/yoast.com\/product\/yoast-seo-premium-wordpress\/ -->\n<title>Onde Comprar Rodas de Alum\u00ednio Alcoa<\/title>\n<meta name=\"description\" content=\"Entre em contato com um dos nossos consultores de vendas\" \/>\n<meta name=\"robots\" content=\"index, follow, max-snippet:-1, max-image-preview:large, max-video-preview:-1\" \/>\n<link rel=\"canonical\" href=\"https:\/\/www.alcoawheels.com\/south-america\/pt\/onde-comprar\/\" \/>\n<meta property=\"og:locale\" content=\"en_US\" \/>\n<meta property=\"og:type\" content=\"article\" \/>\n<meta property=\"og:title\" content=\"Encontre um Distribuidor\" \/>\n<meta property=\"og:description\" content=\"Entre em contato com um dos nossos consultores de vendas\" \/>\n<meta property=\"og:url\" content=\"https:\/\/www.alcoawheels.com\/south-america\/pt\/onde-comprar\/\" \/>\n<meta property=\"og:site_name\" content=\"South America\" \/>\n<meta property=\"article:modified_time\" content=\"2024-11-27T15:53:20+00:00\" \/>\n<meta property=\"og:image\" content=\"https:\/\/www.alcoawheels.com\/south-america\/pt\/wp-content\/uploads\/sites\/28\/2023\/07\/contato_image.png\" \/>\n<meta name=\"twitter:card\" content=\"summary_large_image\" \/>\n<meta name=\"twitter:label1\" content=\"Est. reading time\" \/>\n\t<meta name=\"twitter:data1\" content=\"2 minutes\" \/>\n<script type=\"application\/ld+json\" class=\"yoast-schema-graph\">{\"@context\":\"https:\/\/schema.org\",\"@graph\":[{\"@type\":\"WebPage\",\"@id\":\"https:\/\/www.alcoawheels.com\/south-america\/pt\/onde-comprar\/\",\"url\":\"https:\/\/www.alcoawheels.com\/south-america\/pt\/onde-comprar\/\",\"name\":\"Onde Comprar Rodas de Alum\u00ednio Alcoa\",\"isPartOf\":{\"@id\":\"https:\/\/www.alcoawheels.com\/south-america\/pt\/#website\"},\"primaryImageOfPage\":{\"@id\":\"https:\/\/www.alcoawheels.com\/south-america\/pt\/onde-comprar\/#primaryimage\"},\"image\":{\"@id\":\"https:\/\/www.alcoawheels.com\/south-america\/pt\/onde-comprar\/#primaryimage\"},\"thumbnailUrl\":\"https:\/\/www.alcoawheels.com\/south-america\/pt\/wp-content\/uploads\/sites\/28\/2023\/07\/contato_image.png\",\"datePublished\":\"2023-07-25T14:55:50+00:00\",\"dateModified\":\"2024-11-27T15:53:20+00:00\",\"description\":\"Entre em contato com um dos nossos consultores de vendas\",\"breadcrumb\":{\"@id\":\"https:\/\/www.alcoawheels.com\/south-america\/pt\/onde-comprar\/#breadcrumb\"},\"inLanguage\":\"en-US\",\"potentialAction\":[{\"@type\":\"ReadAction\",\"target\":[\"https:\/\/www.alcoawheels.com\/south-america\/pt\/onde-comprar\/\"]}]},{\"@type\":\"ImageObject\",\"inLanguage\":\"en-US\",\"@id\":\"https:\/\/www.alcoawheels.com\/south-america\/pt\/onde-comprar\/#primaryimage\",\"url\":\"https:\/\/www.alcoawheels.com\/south-america\/pt\/wp-content\/uploads\/sites\/28\/2023\/07\/contato_image.png\",\"contentUrl\":\"https:\/\/www.alcoawheels.com\/south-america\/pt\/wp-content\/uploads\/sites\/28\/2023\/07\/contato_image.png\",\"width\":820,\"height\":427,\"caption\":\"Wheels LvL One\"},{\"@type\":\"BreadcrumbList\",\"@id\":\"https:\/\/www.alcoawheels.com\/south-america\/pt\/onde-comprar\/#breadcrumb\",\"itemListElement\":[{\"@type\":\"ListItem\",\"position\":1,\"name\":\"Home\",\"item\":\"https:\/\/www.alcoawheels.com\/south-america\/pt\/\"},{\"@type\":\"ListItem\",\"position\":2,\"name\":\"Encontre um Distribuidor\"}]},{\"@type\":\"WebSite\",\"@id\":\"https:\/\/www.alcoawheels.com\/south-america\/pt\/#website\",\"url\":\"https:\/\/www.alcoawheels.com\/south-america\/pt\/\",\"name\":\"South America\",\"description\":\"\",\"publisher\":{\"@id\":\"https:\/\/www.alcoawheels.com\/south-america\/pt\/#organization\"},\"potentialAction\":[{\"@type\":\"SearchAction\",\"target\":{\"@type\":\"EntryPoint\",\"urlTemplate\":\"https:\/\/www.alcoawheels.com\/south-america\/pt\/?s={search_term_string}\"},\"query-input\":{\"@type\":\"PropertyValueSpecification\",\"valueRequired\":true,\"valueName\":\"search_term_string\"}}],\"inLanguage\":\"en-US\"},{\"@type\":\"Organization\",\"@id\":\"https:\/\/www.alcoawheels.com\/south-america\/pt\/#organization\",\"name\":\"South America\",\"url\":\"https:\/\/www.alcoawheels.com\/south-america\/pt\/\",\"logo\":{\"@type\":\"ImageObject\",\"inLanguage\":\"en-US\",\"@id\":\"https:\/\/www.alcoawheels.com\/south-america\/pt\/#\/schema\/logo\/image\/\",\"url\":\"https:\/\/www.alcoawheels.com\/south-america\/pt\/wp-content\/uploads\/sites\/28\/2023\/07\/logo-black.gif\",\"contentUrl\":\"https:\/\/www.alcoawheels.com\/south-america\/pt\/wp-content\/uploads\/sites\/28\/2023\/07\/logo-black.gif\",\"width\":71,\"height\":64,\"caption\":\"South America\"},\"image\":{\"@id\":\"https:\/\/www.alcoawheels.com\/south-america\/pt\/#\/schema\/logo\/image\/\"}}]}<\/script>\n<!-- \/ Yoast SEO Premium plugin. -->","yoast_head_json":{"title":"Onde Comprar Rodas de Alum\u00ednio Alcoa","description":"Entre em contato com um dos nossos consultores de vendas","robots":{"index":"index","follow":"follow","max-snippet":"max-snippet:-1","max-image-preview":"max-image-preview:large","max-video-preview":"max-video-preview:-1"},"canonical":"https:\/\/www.alcoawheels.com\/south-america\/pt\/onde-comprar\/","og_locale":"en_US","og_type":"article","og_title":"Encontre um Distribuidor","og_description":"Entre em contato com um dos nossos consultores de vendas","og_url":"https:\/\/www.alcoawheels.com\/south-america\/pt\/onde-comprar\/","og_site_name":"South America","article_modified_time":"2024-11-27T15:53:20+00:00","og_image":[{"url":"https:\/\/www.alcoawheels.com\/south-america\/pt\/wp-content\/uploads\/sites\/28\/2023\/07\/contato_image.png","type":"","width":"","height":""}],"twitter_card":"summary_large_image","twitter_misc":{"Est. reading time":"2 minutes"},"schema":{"@context":"https:\/\/schema.org","@graph":[{"@type":"WebPage","@id":"https:\/\/www.alcoawheels.com\/south-america\/pt\/onde-comprar\/","url":"https:\/\/www.alcoawheels.com\/south-america\/pt\/onde-comprar\/","name":"Onde Comprar Rodas de Alum\u00ednio Alcoa","isPartOf":{"@id":"https:\/\/www.alcoawheels.com\/south-america\/pt\/#website"},"primaryImageOfPage":{"@id":"https:\/\/www.alcoawheels.com\/south-america\/pt\/onde-comprar\/#primaryimage"},"image":{"@id":"https:\/\/www.alcoawheels.com\/south-america\/pt\/onde-comprar\/#primaryimage"},"thumbnailUrl":"https:\/\/www.alcoawheels.com\/south-america\/pt\/wp-content\/uploads\/sites\/28\/2023\/07\/contato_image.png","datePublished":"2023-07-25T14:55:50+00:00","dateModified":"2024-11-27T15:53:20+00:00","description":"Entre em contato com um dos nossos consultores de vendas","breadcrumb":{"@id":"https:\/\/www.alcoawheels.com\/south-america\/pt\/onde-comprar\/#breadcrumb"},"inLanguage":"en-US","potentialAction":[{"@type":"ReadAction","target":["https:\/\/www.alcoawheels.com\/south-america\/pt\/onde-comprar\/"]}]},{"@type":"ImageObject","inLanguage":"en-US","@id":"https:\/\/www.alcoawheels.com\/south-america\/pt\/onde-comprar\/#primaryimage","url":"https:\/\/www.alcoawheels.com\/south-america\/pt\/wp-content\/uploads\/sites\/28\/2023\/07\/contato_image.png","contentUrl":"https:\/\/www.alcoawheels.com\/south-america\/pt\/wp-content\/uploads\/sites\/28\/2023\/07\/contato_image.png","width":820,"height":427,"caption":"Wheels LvL One"},{"@type":"BreadcrumbList","@id":"https:\/\/www.alcoawheels.com\/south-america\/pt\/onde-comprar\/#breadcrumb","itemListElement":[{"@type":"ListItem","position":1,"name":"Home","item":"https:\/\/www.alcoawheels.com\/south-america\/pt\/"},{"@type":"ListItem","position":2,"name":"Encontre um Distribuidor"}]},{"@type":"WebSite","@id":"https:\/\/www.alcoawheels.com\/south-america\/pt\/#website","url":"https:\/\/www.alcoawheels.com\/south-america\/pt\/","name":"South America","description":"","publisher":{"@id":"https:\/\/www.alcoawheels.com\/south-america\/pt\/#organization"},"potentialAction":[{"@type":"SearchAction","target":{"@type":"EntryPoint","urlTemplate":"https:\/\/www.alcoawheels.com\/south-america\/pt\/?s={search_term_string}"},"query-input":{"@type":"PropertyValueSpecification","valueRequired":true,"valueName":"search_term_string"}}],"inLanguage":"en-US"},{"@type":"Organization","@id":"https:\/\/www.alcoawheels.com\/south-america\/pt\/#organization","name":"South America","url":"https:\/\/www.alcoawheels.com\/south-america\/pt\/","logo":{"@type":"ImageObject","inLanguage":"en-US","@id":"https:\/\/www.alcoawheels.com\/south-america\/pt\/#\/schema\/logo\/image\/","url":"https:\/\/www.alcoawheels.com\/south-america\/pt\/wp-content\/uploads\/sites\/28\/2023\/07\/logo-black.gif","contentUrl":"https:\/\/www.alcoawheels.com\/south-america\/pt\/wp-content\/uploads\/sites\/28\/2023\/07\/logo-black.gif","width":71,"height":64,"caption":"South America"},"image":{"@id":"https:\/\/www.alcoawheels.com\/south-america\/pt\/#\/schema\/logo\/image\/"}}]}},"parsely":{"version":"1.1.0","canonical_url":"https:\/\/alcoawheels.com\/south-america\/pt\/onde-comprar\/","smart_links":{"inbound":0,"outbound":0},"traffic_boost_suggestions_count":0,"meta":{"@context":"https:\/\/schema.org","@type":"WebPage","headline":"Encontre um Distribuidor","url":"http:\/\/www.alcoawheels.com\/south-america\/pt\/onde-comprar\/","mainEntityOfPage":{"@type":"WebPage","@id":"http:\/\/www.alcoawheels.com\/south-america\/pt\/onde-comprar\/"},"thumbnailUrl":"","image":{"@type":"ImageObject","url":""},"articleSection":"Uncategorized","author":[{"@type":"Person","name":"howmet"}],"creator":["howmet"],"publisher":{"@type":"Organization","name":"South America","logo":""},"keywords":[],"dateCreated":"2023-07-25T14:55:50Z","datePublished":"2023-07-25T14:55:50Z","dateModified":"2024-11-27T15:53:20Z"},"rendered":"<script type=\"application\/ld+json\" class=\"wp-parsely-metadata\">{\"@context\":\"https:\\\/\\\/schema.org\",\"@type\":\"WebPage\",\"headline\":\"Encontre um Distribuidor\",\"url\":\"http:\\\/\\\/www.alcoawheels.com\\\/south-america\\\/pt\\\/onde-comprar\\\/\",\"mainEntityOfPage\":{\"@type\":\"WebPage\",\"@id\":\"http:\\\/\\\/www.alcoawheels.com\\\/south-america\\\/pt\\\/onde-comprar\\\/\"},\"thumbnailUrl\":\"\",\"image\":{\"@type\":\"ImageObject\",\"url\":\"\"},\"articleSection\":\"Uncategorized\",\"author\":[{\"@type\":\"Person\",\"name\":\"howmet\"}],\"creator\":[\"howmet\"],\"publisher\":{\"@type\":\"Organization\",\"name\":\"South America\",\"logo\":\"\"},\"keywords\":[],\"dateCreated\":\"2023-07-25T14:55:50Z\",\"datePublished\":\"2023-07-25T14:55:50Z\",\"dateModified\":\"2024-11-27T15:53:20Z\"}<\/script>","tracker_url":"https:\/\/cdn.parsely.com\/keys\/alcoawheels.com\/p.js"},"jetpack_sharing_enabled":true,"_links":{"self":[{"href":"https:\/\/www.alcoawheels.com\/south-america\/pt\/wp-json\/wp\/v2\/pages\/58","targetHints":{"allow":["GET"]}}],"collection":[{"href":"https:\/\/www.alcoawheels.com\/south-america\/pt\/wp-json\/wp\/v2\/pages"}],"about":[{"href":"https:\/\/www.alcoawheels.com\/south-america\/pt\/wp-json\/wp\/v2\/types\/page"}],"author":[{"embeddable":true,"href":"https:\/\/www.alcoawheels.com\/south-america\/pt\/wp-json\/wp\/v2\/users\/44"}],"replies":[{"embeddable":true,"href":"https:\/\/www.alcoawheels.com\/south-america\/pt\/wp-json\/wp\/v2\/comments?post=58"}],"version-history":[{"count":25,"href":"https:\/\/www.alcoawheels.com\/south-america\/pt\/wp-json\/wp\/v2\/pages\/58\/revisions"}],"predecessor-version":[{"id":1295,"href":"https:\/\/www.alcoawheels.com\/south-america\/pt\/wp-json\/wp\/v2\/pages\/58\/revisions\/1295"}],"wp:attachment":[{"href":"https:\/\/www.alcoawheels.com\/south-america\/pt\/wp-json\/wp\/v2\/media?parent=58"}],"curies":[{"name":"wp","href":"https:\/\/api.w.org\/{rel}","templated":true}]}}