{"id":60,"date":"2023-07-25T14:56:40","date_gmt":"2023-07-25T14:56:40","guid":{"rendered":"https:\/\/www.alcoawheels.com\/south-america\/pt\/?page_id=60"},"modified":"2025-03-11T19:20:17","modified_gmt":"2025-03-11T19:20:17","slug":"manual-de-servico-e-seguranca-alcoa-rodas","status":"publish","type":"page","link":"https:\/\/www.alcoawheels.com\/south-america\/pt\/manual-de-servico-e-seguranca-alcoa-rodas\/","title":{"rendered":"Manual de Servi\u00e7o de Rodas Alcoa"},"content":{"rendered":"\n<div id=\"imagecover-8c8187e0-84ae-4cc2-9010-413719d47400\" class=\"wp-block-alcoa-wheels-image-cover imagecover fullwidthcontainer\">\n<div class=\"wp-block-cover u-padding-0\"><span aria-hidden=\"true\" class=\"wp-block-cover__background has-background-dim-0 has-background-dim\"><\/span><img loading=\"lazy\" decoding=\"async\" width=\"1440\" height=\"1028\" class=\"wp-block-cover__image-background wp-image-248\" alt=\"subhero-dealer-resource-center_large\" src=\"https:\/\/www.alcoawheels.com\/south-america\/pt\/wp-content\/uploads\/sites\/28\/2023\/07\/subhero-dealer-resource-center_large.jpg\" style=\"object-position:0% 0%\" data-object-fit=\"cover\" data-object-position=\"0% 0%\" srcset=\"https:\/\/www.alcoawheels.com\/south-america\/pt\/wp-content\/uploads\/sites\/28\/2023\/07\/subhero-dealer-resource-center_large.jpg 1440w, https:\/\/www.alcoawheels.com\/south-america\/pt\/wp-content\/uploads\/sites\/28\/2023\/07\/subhero-dealer-resource-center_large.jpg?resize=300,214 300w, https:\/\/www.alcoawheels.com\/south-america\/pt\/wp-content\/uploads\/sites\/28\/2023\/07\/subhero-dealer-resource-center_large.jpg?resize=768,548 768w, https:\/\/www.alcoawheels.com\/south-america\/pt\/wp-content\/uploads\/sites\/28\/2023\/07\/subhero-dealer-resource-center_large.jpg?resize=1024,731 1024w\" sizes=\"auto, (max-width: 1440px) 100vw, 1440px\" \/><div class=\"wp-block-cover__inner-container is-layout-flow wp-block-cover-is-layout-flow\">\n<div id=\"columnsV1-c00d8e51-7956-4be9-8ef9-3c54b2a2d740\" class=\"wp-block-alcoa-wheels-columns-v1 columnsV1 fullwidthcontainer with-gap withOutBorder\">\n<div class=\"wp-block-columns is-layout-flex wp-container-core-columns-is-layout-9d6595d7 wp-block-columns-is-layout-flex\">\n<div class=\"wp-block-column is-vertically-aligned-top is-layout-flow wp-block-column-is-layout-flow\" style=\"flex-basis:36%\">\n<figure class=\"wp-block-image size-full is-resized img-w-100\"><img loading=\"lazy\" decoding=\"async\" width=\"326\" height=\"441\" src=\"https:\/\/www.alcoawheels.com\/south-america\/pt\/wp-content\/uploads\/sites\/28\/2023\/07\/manuals-img.jpg\" alt=\"manuals-img\" class=\"wp-image-439\" style=\"width:326px;height:441px\" srcset=\"https:\/\/www.alcoawheels.com\/south-america\/pt\/wp-content\/uploads\/sites\/28\/2023\/07\/manuals-img.jpg 326w, https:\/\/www.alcoawheels.com\/south-america\/pt\/wp-content\/uploads\/sites\/28\/2023\/07\/manuals-img.jpg?resize=222,300 222w\" sizes=\"auto, (max-width: 326px) 100vw, 326px\" \/><\/figure>\n<\/div>\n\n\n\n<div class=\"wp-block-column is-layout-flow wp-block-column-is-layout-flow\" style=\"flex-basis:64%\">\n<h3 class=\"wp-block-heading\" id=\"h-manual-de-servico-para-rodas-forjadas-de-aluminio-alcoa\">Manual de Servi\u00e7o para Rodas Forjadas de Alum\u00ednio Alcoa<sup>\u00ae<\/sup><\/h3>\n\n\n\n<p>Para caminh\u00f5es, implementos e \u00f4nibus. Este manual de servi\u00e7o concede detalhes t\u00e9cnicos das rodas Alcoa<sup>\u00ae<\/sup>, incluindo montagem e desmontagem das rodas. O manual usa gr\u00e1ficos, cabe\u00e7alhos de temas e r\u00f3tulos de assunto para orientar o leitor atrav\u00e9s de blocos de informa\u00e7\u00f5es. Esta estrutura permite que as informa\u00e7\u00f5es sejam encontradas rapidamente.<\/p>\n\n\n\n<p><\/p>\n\n\n\n<div class=\"wp-block-alcoa-wheels-related-documents card-box-v1__body\" id=\"related-documents-8b2aedc5-c8bc-4a80-8d46-a5296bb63c46\"><div class=\"container\"><div class=\"related_documents__boxes\"><ul><li class=\"show-items-hover-wrap\" name=\"document1\" id=\"document1\"><p><a href=\"https:\/\/www.alcoawheels.com\/south-america\/pt\/wp-content\/uploads\/sites\/28\/2025\/03\/Manual-de-servicos1.pdf\">Download PDF<\/a><\/p><p><span>13 MB<\/span><\/p><\/li><\/ul><\/div><\/div><\/div>\n<\/div>\n<\/div>\n<\/div>\n<\/div><\/div>\n<\/div>\n\n\n\n<div style=\"height:50px\" aria-hidden=\"true\" class=\"wp-block-spacer spacer-fifty\"><\/div>\n\n\n\n<h3 class=\"wp-block-heading has-text-align-center\" id=\"h-pneus-recomendados-para-as-rodas-alcoa\">Pneus recomendados para as Rodas Alcoa<sup>\u00ae<\/sup><\/h3>\n\n\n\n<p><\/p>\n\n\n\n<figure class=\"wp-block-table aligncenter is-style-stripes\"><table><thead><tr><th class=\"has-text-align-left\" data-align=\"left\"><strong>Pneus<\/strong><\/th><th class=\"has-text-align-left\" data-align=\"left\"><strong>Roda Alcoa<sup>\u00ae<\/sup>&nbsp;Recomendada<\/strong><\/th><\/tr><\/thead><tbody><tr><td class=\"has-text-align-left\" data-align=\"left\">275 \/ 80 R22,5<\/td><td class=\"has-text-align-left\" data-align=\"left\">22,5&#8243; X 7,50&#8243; &#8211; 22,5&#8243; X 8,25&#8243;<\/td><\/tr><tr><td class=\"has-text-align-left\" data-align=\"left\">295 \/ 80 R22,5<\/td><td class=\"has-text-align-left\" data-align=\"left\">22,5&#8243; X 8,25&#8243; &#8211; 22,5&#8243; X 9,00&#8243;<\/td><\/tr><tr><td class=\"has-text-align-left\" data-align=\"left\">11 R22,5<\/td><td class=\"has-text-align-left\" data-align=\"left\">22,5&#8243; X 7,50&#8243; &#8211; 22,5&#8243; X 8,25&#8243;<\/td><\/tr><tr><td class=\"has-text-align-left\" data-align=\"left\">275 \/ 70 R22,5<\/td><td class=\"has-text-align-left\" data-align=\"left\">22,5&#8243; X 7,50&#8243; &#8211; 22,5&#8243; X 8,25&#8243;<\/td><\/tr><tr><td class=\"has-text-align-left\" data-align=\"left\">12 R22,5<\/td><td class=\"has-text-align-left\" data-align=\"left\">22,5&#8243; X 8,25&#8243; &#8211; 22,5&#8243; X 9,00&#8243;<\/td><\/tr><tr><td class=\"has-text-align-left\" data-align=\"left\">385 \/ 65 R22,5<\/td><td class=\"has-text-align-left\" data-align=\"left\">22,5&#8243; X 11,75&#8243;<\/td><\/tr><tr><td class=\"has-text-align-left\" data-align=\"left\">215 \/ 75 R17,5<\/td><td class=\"has-text-align-left\" data-align=\"left\">17,5&#8243; X 6,0&#8243; &#8211; 17,5&#8243; X 6,75&#8243;<\/td><\/tr><tr><td class=\"has-text-align-left\" data-align=\"left\">235 \/ 75 R17,5<\/td><td class=\"has-text-align-left\" data-align=\"left\">17,5&#8243; X 6,75&#8243;<\/td><\/tr><\/tbody><\/table><\/figure>\n\n\n\n<div style=\"height:50px\" aria-hidden=\"true\" class=\"wp-block-spacer spacer-fifty\"><\/div>\n\n\n\n<div class=\"wp-block-alcoa-wheels-card-usecase-1 card-box-v1__body with-icon align-center vertical-align-center\" id=\"card_box_v1-bfaee044-7a49-4cfa-afc6-ff3781fa29e0\"><div class=\"fullwidthcontainer\"><div class=\"card-box-v1__boxes has-3-columns\"><div class=\"card-box-v1__box  with-link \" style=\"background-color:#02afba\"><img decoding=\"async\" src=\"https:\/\/www.alcoawheels.com\/south-america\/pt\/wp-content\/themes\/alcoa-wheels\/assets\/build\/js\/blocks\/card-usecase-1\/..\/..\/..\/images\/placeholder-image.db2b4d5c.jpeg\" alt=\"Contato\"\/><div class=\"card-box-v1__box__inner pos-abs\"><div class=\"card-box-v1__box_icon\"><img loading=\"lazy\" decoding=\"async\" width=\"171\" height=\"171\" src=\"https:\/\/www.alcoawheels.com\/south-america\/pt\/wp-content\/uploads\/sites\/28\/2023\/07\/contact.png\" alt=\"contact\"\/><\/div><div class=\"card-box-v1__box_content\"><h4 style=\"color:#ffffff\">Contato<\/h4><\/div><div class=\"btn-wrap\"><\/div><\/div><a href=\"\/south-america\/pt\/contato\" aria-label=\"Contato\"><\/a><\/div><div class=\"card-box-v1__box  with-link \" style=\"background-color:#02afba\"><img decoding=\"async\" src=\"https:\/\/www.alcoawheels.com\/south-america\/pt\/wp-content\/themes\/alcoa-wheels\/assets\/build\/js\/blocks\/card-usecase-1\/..\/..\/..\/images\/placeholder-image.db2b4d5c.jpeg\" alt=\"Onde Comprar\"\/><div class=\"card-box-v1__box__inner pos-abs\"><div class=\"card-box-v1__box_icon\"><img loading=\"lazy\" decoding=\"async\" width=\"169\" height=\"169\" src=\"https:\/\/www.alcoawheels.com\/south-america\/pt\/wp-content\/uploads\/sites\/28\/2023\/07\/where-to-buy.png\" alt=\"where-to-buy\"\/><\/div><div class=\"card-box-v1__box_content\"><h4 style=\"color:#ffffff\">Onde Comprar<\/h4><\/div><div class=\"btn-wrap\"><\/div><\/div><a href=\"\/south-america\/pt\/onde-comprar\" aria-label=\"Onde Comprar\"><\/a><\/div><div class=\"card-box-v1__box  with-link \" style=\"background-color:#02afba\"><img decoding=\"async\" src=\"https:\/\/www.alcoawheels.com\/south-america\/pt\/wp-content\/themes\/alcoa-wheels\/assets\/build\/js\/blocks\/card-usecase-1\/..\/..\/..\/images\/placeholder-image.db2b4d5c.jpeg\" alt=\"Cat\u00e1logos\"\/><div class=\"card-box-v1__box__inner pos-abs\"><div class=\"card-box-v1__box_icon\"><img loading=\"lazy\" decoding=\"async\" width=\"169\" height=\"169\" src=\"https:\/\/www.alcoawheels.com\/south-america\/pt\/wp-content\/uploads\/sites\/28\/2023\/07\/product-literature.png\" alt=\"product-literature\"\/><\/div><div class=\"card-box-v1__box_content\"><h4 style=\"color:#ffffff\">Cat\u00e1logos<\/h4><\/div><div class=\"btn-wrap\"><\/div><\/div><a href=\"\/south-america\/pt\/catalogos\" aria-label=\"Cat\u00e1logos\"><\/a><\/div><\/div><\/div><\/div>\n","protected":false},"excerpt":{"rendered":"<p>Pneus recomendados para as Rodas Alcoa\u00ae Pneus Roda Alcoa\u00ae&nbsp;Recomendada 275 \/ 80 R22,5 22,5&#8243; X 7,50&#8243; &#8211; 22,5&#8243; X 8,25&#8243; 295 \/ 80 R22,5 22,5&#8243; X 8,25&#8243; &#8211; 22,5&#8243; X 9,00&#8243; 11 R22,5 22,5&#8243; X 7,50&#8243; &#8211; 22,5&#8243; X 8,25&#8243; 275 \/ 70 R22,5 22,5&#8243; X 7,50&#8243; &#8211; 22,5&#8243; X 8,25&#8243; 12 R22,5 22,5&#8243; X [&hellip;]<\/p>\n","protected":false},"author":44,"featured_media":0,"parent":0,"menu_order":0,"comment_status":"closed","ping_status":"closed","template":"","meta":{"_acf_changed":false,"protected_reviewer_email":"","editor_notices":[],"footnotes":""},"class_list":["post-60","page","type-page","status-publish","hentry"],"acf":[],"yoast_head":"<!-- This site is optimized with the Yoast SEO Premium plugin v27.4 (Yoast SEO v27.4) - https:\/\/yoast.com\/product\/yoast-seo-premium-wordpress\/ -->\n<title>Manual de Servi\u00e7o Rodas de Alum\u00ednio Alcoa\u00ae | Alcoa Wheels<\/title>\n<meta name=\"description\" content=\"Aqui voc\u00ea poder\u00e1 encontrar todas as informa\u00e7\u00f5es t\u00e9cnicas das Rodas forjadas de alum\u00ednio Alcoa\u00ae.\" \/>\n<meta name=\"robots\" content=\"index, follow, max-snippet:-1, max-image-preview:large, max-video-preview:-1\" \/>\n<link rel=\"canonical\" href=\"https:\/\/www.alcoawheels.com\/south-america\/pt\/manual-de-servico-e-seguranca-alcoa-rodas\/\" \/>\n<meta property=\"og:locale\" content=\"en_US\" \/>\n<meta property=\"og:type\" content=\"article\" \/>\n<meta property=\"og:title\" content=\"Manual de Servi\u00e7o de Rodas Alcoa\" \/>\n<meta property=\"og:description\" content=\"Aqui voc\u00ea poder\u00e1 encontrar todas as informa\u00e7\u00f5es t\u00e9cnicas das Rodas forjadas de alum\u00ednio Alcoa\u00ae.\" \/>\n<meta property=\"og:url\" content=\"https:\/\/www.alcoawheels.com\/south-america\/pt\/manual-de-servico-e-seguranca-alcoa-rodas\/\" \/>\n<meta property=\"og:site_name\" content=\"South America\" \/>\n<meta property=\"article:modified_time\" content=\"2025-03-11T19:20:17+00:00\" \/>\n<meta property=\"og:image\" content=\"https:\/\/www.alcoawheels.com\/south-america\/pt\/wp-content\/uploads\/sites\/28\/2023\/07\/subhero-dealer-resource-center_large.jpg\" \/>\n\t<meta property=\"og:image:width\" content=\"1440\" \/>\n\t<meta property=\"og:image:height\" content=\"1028\" \/>\n\t<meta property=\"og:image:type\" content=\"image\/jpeg\" \/>\n<meta name=\"twitter:card\" content=\"summary_large_image\" \/>\n<meta name=\"twitter:label1\" content=\"Est. reading time\" \/>\n\t<meta name=\"twitter:data1\" content=\"3 minutes\" \/>\n<script type=\"application\/ld+json\" class=\"yoast-schema-graph\">{\"@context\":\"https:\\\/\\\/schema.org\",\"@graph\":[{\"@type\":\"WebPage\",\"@id\":\"https:\\\/\\\/www.alcoawheels.com\\\/south-america\\\/pt\\\/manual-de-servico-e-seguranca-alcoa-rodas\\\/\",\"url\":\"https:\\\/\\\/www.alcoawheels.com\\\/south-america\\\/pt\\\/manual-de-servico-e-seguranca-alcoa-rodas\\\/\",\"name\":\"Manual de Servi\u00e7o Rodas de Alum\u00ednio Alcoa\u00ae | Alcoa Wheels\",\"isPartOf\":{\"@id\":\"https:\\\/\\\/www.alcoawheels.com\\\/south-america\\\/pt\\\/#website\"},\"primaryImageOfPage\":{\"@id\":\"https:\\\/\\\/www.alcoawheels.com\\\/south-america\\\/pt\\\/manual-de-servico-e-seguranca-alcoa-rodas\\\/#primaryimage\"},\"image\":{\"@id\":\"https:\\\/\\\/www.alcoawheels.com\\\/south-america\\\/pt\\\/manual-de-servico-e-seguranca-alcoa-rodas\\\/#primaryimage\"},\"thumbnailUrl\":\"https:\\\/\\\/www.alcoawheels.com\\\/south-america\\\/pt\\\/wp-content\\\/uploads\\\/sites\\\/28\\\/2023\\\/07\\\/subhero-dealer-resource-center_large.jpg\",\"datePublished\":\"2023-07-25T14:56:40+00:00\",\"dateModified\":\"2025-03-11T19:20:17+00:00\",\"description\":\"Aqui voc\u00ea poder\u00e1 encontrar todas as informa\u00e7\u00f5es t\u00e9cnicas das Rodas forjadas de alum\u00ednio Alcoa\u00ae.\",\"breadcrumb\":{\"@id\":\"https:\\\/\\\/www.alcoawheels.com\\\/south-america\\\/pt\\\/manual-de-servico-e-seguranca-alcoa-rodas\\\/#breadcrumb\"},\"inLanguage\":\"en-US\",\"potentialAction\":[{\"@type\":\"ReadAction\",\"target\":[\"https:\\\/\\\/www.alcoawheels.com\\\/south-america\\\/pt\\\/manual-de-servico-e-seguranca-alcoa-rodas\\\/\"]}]},{\"@type\":\"ImageObject\",\"inLanguage\":\"en-US\",\"@id\":\"https:\\\/\\\/www.alcoawheels.com\\\/south-america\\\/pt\\\/manual-de-servico-e-seguranca-alcoa-rodas\\\/#primaryimage\",\"url\":\"https:\\\/\\\/www.alcoawheels.com\\\/south-america\\\/pt\\\/wp-content\\\/uploads\\\/sites\\\/28\\\/2023\\\/07\\\/subhero-dealer-resource-center_large.jpg\",\"contentUrl\":\"https:\\\/\\\/www.alcoawheels.com\\\/south-america\\\/pt\\\/wp-content\\\/uploads\\\/sites\\\/28\\\/2023\\\/07\\\/subhero-dealer-resource-center_large.jpg\",\"width\":1440,\"height\":1028,\"caption\":\"subhero-dealer-resource-center_large\"},{\"@type\":\"BreadcrumbList\",\"@id\":\"https:\\\/\\\/www.alcoawheels.com\\\/south-america\\\/pt\\\/manual-de-servico-e-seguranca-alcoa-rodas\\\/#breadcrumb\",\"itemListElement\":[{\"@type\":\"ListItem\",\"position\":1,\"name\":\"Home\",\"item\":\"https:\\\/\\\/www.alcoawheels.com\\\/south-america\\\/pt\\\/\"},{\"@type\":\"ListItem\",\"position\":2,\"name\":\"Manual de Servi\u00e7o de Rodas Alcoa\"}]},{\"@type\":\"WebSite\",\"@id\":\"https:\\\/\\\/www.alcoawheels.com\\\/south-america\\\/pt\\\/#website\",\"url\":\"https:\\\/\\\/www.alcoawheels.com\\\/south-america\\\/pt\\\/\",\"name\":\"South America\",\"description\":\"\",\"publisher\":{\"@id\":\"https:\\\/\\\/www.alcoawheels.com\\\/south-america\\\/pt\\\/#organization\"},\"potentialAction\":[{\"@type\":\"SearchAction\",\"target\":{\"@type\":\"EntryPoint\",\"urlTemplate\":\"https:\\\/\\\/www.alcoawheels.com\\\/south-america\\\/pt\\\/?s={search_term_string}\"},\"query-input\":{\"@type\":\"PropertyValueSpecification\",\"valueRequired\":true,\"valueName\":\"search_term_string\"}}],\"inLanguage\":\"en-US\"},{\"@type\":\"Organization\",\"@id\":\"https:\\\/\\\/www.alcoawheels.com\\\/south-america\\\/pt\\\/#organization\",\"name\":\"South America\",\"url\":\"https:\\\/\\\/www.alcoawheels.com\\\/south-america\\\/pt\\\/\",\"logo\":{\"@type\":\"ImageObject\",\"inLanguage\":\"en-US\",\"@id\":\"https:\\\/\\\/www.alcoawheels.com\\\/south-america\\\/pt\\\/#\\\/schema\\\/logo\\\/image\\\/\",\"url\":\"https:\\\/\\\/www.alcoawheels.com\\\/south-america\\\/pt\\\/wp-content\\\/uploads\\\/sites\\\/28\\\/2023\\\/07\\\/logo-black.gif\",\"contentUrl\":\"https:\\\/\\\/www.alcoawheels.com\\\/south-america\\\/pt\\\/wp-content\\\/uploads\\\/sites\\\/28\\\/2023\\\/07\\\/logo-black.gif\",\"width\":71,\"height\":64,\"caption\":\"South America\"},\"image\":{\"@id\":\"https:\\\/\\\/www.alcoawheels.com\\\/south-america\\\/pt\\\/#\\\/schema\\\/logo\\\/image\\\/\"}}]}<\/script>\n<!-- \/ Yoast SEO Premium plugin. -->","yoast_head_json":{"title":"Manual de Servi\u00e7o Rodas de Alum\u00ednio Alcoa\u00ae | Alcoa Wheels","description":"Aqui voc\u00ea poder\u00e1 encontrar todas as informa\u00e7\u00f5es t\u00e9cnicas das Rodas forjadas de alum\u00ednio Alcoa\u00ae.","robots":{"index":"index","follow":"follow","max-snippet":"max-snippet:-1","max-image-preview":"max-image-preview:large","max-video-preview":"max-video-preview:-1"},"canonical":"https:\/\/www.alcoawheels.com\/south-america\/pt\/manual-de-servico-e-seguranca-alcoa-rodas\/","og_locale":"en_US","og_type":"article","og_title":"Manual de Servi\u00e7o de Rodas Alcoa","og_description":"Aqui voc\u00ea poder\u00e1 encontrar todas as informa\u00e7\u00f5es t\u00e9cnicas das Rodas forjadas de alum\u00ednio Alcoa\u00ae.","og_url":"https:\/\/www.alcoawheels.com\/south-america\/pt\/manual-de-servico-e-seguranca-alcoa-rodas\/","og_site_name":"South America","article_modified_time":"2025-03-11T19:20:17+00:00","og_image":[{"width":1440,"height":1028,"url":"https:\/\/www.alcoawheels.com\/south-america\/pt\/wp-content\/uploads\/sites\/28\/2023\/07\/subhero-dealer-resource-center_large.jpg","type":"image\/jpeg"}],"twitter_card":"summary_large_image","twitter_misc":{"Est. reading time":"3 minutes"},"schema":{"@context":"https:\/\/schema.org","@graph":[{"@type":"WebPage","@id":"https:\/\/www.alcoawheels.com\/south-america\/pt\/manual-de-servico-e-seguranca-alcoa-rodas\/","url":"https:\/\/www.alcoawheels.com\/south-america\/pt\/manual-de-servico-e-seguranca-alcoa-rodas\/","name":"Manual de Servi\u00e7o Rodas de Alum\u00ednio Alcoa\u00ae | Alcoa Wheels","isPartOf":{"@id":"https:\/\/www.alcoawheels.com\/south-america\/pt\/#website"},"primaryImageOfPage":{"@id":"https:\/\/www.alcoawheels.com\/south-america\/pt\/manual-de-servico-e-seguranca-alcoa-rodas\/#primaryimage"},"image":{"@id":"https:\/\/www.alcoawheels.com\/south-america\/pt\/manual-de-servico-e-seguranca-alcoa-rodas\/#primaryimage"},"thumbnailUrl":"https:\/\/www.alcoawheels.com\/south-america\/pt\/wp-content\/uploads\/sites\/28\/2023\/07\/subhero-dealer-resource-center_large.jpg","datePublished":"2023-07-25T14:56:40+00:00","dateModified":"2025-03-11T19:20:17+00:00","description":"Aqui voc\u00ea poder\u00e1 encontrar todas as informa\u00e7\u00f5es t\u00e9cnicas das Rodas forjadas de alum\u00ednio Alcoa\u00ae.","breadcrumb":{"@id":"https:\/\/www.alcoawheels.com\/south-america\/pt\/manual-de-servico-e-seguranca-alcoa-rodas\/#breadcrumb"},"inLanguage":"en-US","potentialAction":[{"@type":"ReadAction","target":["https:\/\/www.alcoawheels.com\/south-america\/pt\/manual-de-servico-e-seguranca-alcoa-rodas\/"]}]},{"@type":"ImageObject","inLanguage":"en-US","@id":"https:\/\/www.alcoawheels.com\/south-america\/pt\/manual-de-servico-e-seguranca-alcoa-rodas\/#primaryimage","url":"https:\/\/www.alcoawheels.com\/south-america\/pt\/wp-content\/uploads\/sites\/28\/2023\/07\/subhero-dealer-resource-center_large.jpg","contentUrl":"https:\/\/www.alcoawheels.com\/south-america\/pt\/wp-content\/uploads\/sites\/28\/2023\/07\/subhero-dealer-resource-center_large.jpg","width":1440,"height":1028,"caption":"subhero-dealer-resource-center_large"},{"@type":"BreadcrumbList","@id":"https:\/\/www.alcoawheels.com\/south-america\/pt\/manual-de-servico-e-seguranca-alcoa-rodas\/#breadcrumb","itemListElement":[{"@type":"ListItem","position":1,"name":"Home","item":"https:\/\/www.alcoawheels.com\/south-america\/pt\/"},{"@type":"ListItem","position":2,"name":"Manual de Servi\u00e7o de Rodas Alcoa"}]},{"@type":"WebSite","@id":"https:\/\/www.alcoawheels.com\/south-america\/pt\/#website","url":"https:\/\/www.alcoawheels.com\/south-america\/pt\/","name":"South America","description":"","publisher":{"@id":"https:\/\/www.alcoawheels.com\/south-america\/pt\/#organization"},"potentialAction":[{"@type":"SearchAction","target":{"@type":"EntryPoint","urlTemplate":"https:\/\/www.alcoawheels.com\/south-america\/pt\/?s={search_term_string}"},"query-input":{"@type":"PropertyValueSpecification","valueRequired":true,"valueName":"search_term_string"}}],"inLanguage":"en-US"},{"@type":"Organization","@id":"https:\/\/www.alcoawheels.com\/south-america\/pt\/#organization","name":"South America","url":"https:\/\/www.alcoawheels.com\/south-america\/pt\/","logo":{"@type":"ImageObject","inLanguage":"en-US","@id":"https:\/\/www.alcoawheels.com\/south-america\/pt\/#\/schema\/logo\/image\/","url":"https:\/\/www.alcoawheels.com\/south-america\/pt\/wp-content\/uploads\/sites\/28\/2023\/07\/logo-black.gif","contentUrl":"https:\/\/www.alcoawheels.com\/south-america\/pt\/wp-content\/uploads\/sites\/28\/2023\/07\/logo-black.gif","width":71,"height":64,"caption":"South America"},"image":{"@id":"https:\/\/www.alcoawheels.com\/south-america\/pt\/#\/schema\/logo\/image\/"}}]}},"parsely":{"version":"1.1.0","canonical_url":"https:\/\/alcoawheels.com\/south-america\/pt\/manual-de-servico-e-seguranca-alcoa-rodas\/","smart_links":{"inbound":0,"outbound":0},"traffic_boost_suggestions_count":0,"meta":{"@context":"https:\/\/schema.org","@type":"WebPage","headline":"Manual de Servi\u00e7o de Rodas Alcoa","url":"http:\/\/www.alcoawheels.com\/south-america\/pt\/manual-de-servico-e-seguranca-alcoa-rodas\/","mainEntityOfPage":{"@type":"WebPage","@id":"http:\/\/www.alcoawheels.com\/south-america\/pt\/manual-de-servico-e-seguranca-alcoa-rodas\/"},"thumbnailUrl":"","image":{"@type":"ImageObject","url":""},"articleSection":"Uncategorized","author":[{"@type":"Person","name":"howmet"}],"creator":["howmet"],"publisher":{"@type":"Organization","name":"South America","logo":""},"keywords":[],"dateCreated":"2023-07-25T14:56:40Z","datePublished":"2023-07-25T14:56:40Z","dateModified":"2025-03-11T19:20:17Z"},"rendered":"<script type=\"application\/ld+json\" class=\"wp-parsely-metadata\">{\"@context\":\"https:\\\/\\\/schema.org\",\"@type\":\"WebPage\",\"headline\":\"Manual de Servi\\u00e7o de Rodas Alcoa\",\"url\":\"http:\\\/\\\/www.alcoawheels.com\\\/south-america\\\/pt\\\/manual-de-servico-e-seguranca-alcoa-rodas\\\/\",\"mainEntityOfPage\":{\"@type\":\"WebPage\",\"@id\":\"http:\\\/\\\/www.alcoawheels.com\\\/south-america\\\/pt\\\/manual-de-servico-e-seguranca-alcoa-rodas\\\/\"},\"thumbnailUrl\":\"\",\"image\":{\"@type\":\"ImageObject\",\"url\":\"\"},\"articleSection\":\"Uncategorized\",\"author\":[{\"@type\":\"Person\",\"name\":\"howmet\"}],\"creator\":[\"howmet\"],\"publisher\":{\"@type\":\"Organization\",\"name\":\"South America\",\"logo\":\"\"},\"keywords\":[],\"dateCreated\":\"2023-07-25T14:56:40Z\",\"datePublished\":\"2023-07-25T14:56:40Z\",\"dateModified\":\"2025-03-11T19:20:17Z\"}<\/script>","tracker_url":"https:\/\/cdn.parsely.com\/keys\/alcoawheels.com\/p.js"},"jetpack_sharing_enabled":true,"_links":{"self":[{"href":"https:\/\/www.alcoawheels.com\/south-america\/pt\/wp-json\/wp\/v2\/pages\/60","targetHints":{"allow":["GET"]}}],"collection":[{"href":"https:\/\/www.alcoawheels.com\/south-america\/pt\/wp-json\/wp\/v2\/pages"}],"about":[{"href":"https:\/\/www.alcoawheels.com\/south-america\/pt\/wp-json\/wp\/v2\/types\/page"}],"author":[{"embeddable":true,"href":"https:\/\/www.alcoawheels.com\/south-america\/pt\/wp-json\/wp\/v2\/users\/44"}],"replies":[{"embeddable":true,"href":"https:\/\/www.alcoawheels.com\/south-america\/pt\/wp-json\/wp\/v2\/comments?post=60"}],"version-history":[{"count":50,"href":"https:\/\/www.alcoawheels.com\/south-america\/pt\/wp-json\/wp\/v2\/pages\/60\/revisions"}],"predecessor-version":[{"id":1313,"href":"https:\/\/www.alcoawheels.com\/south-america\/pt\/wp-json\/wp\/v2\/pages\/60\/revisions\/1313"}],"wp:attachment":[{"href":"https:\/\/www.alcoawheels.com\/south-america\/pt\/wp-json\/wp\/v2\/media?parent=60"}],"curies":[{"name":"wp","href":"https:\/\/api.w.org\/{rel}","templated":true}]}}