{"id":84,"date":"2023-07-25T15:05:11","date_gmt":"2023-07-25T15:05:11","guid":{"rendered":"https:\/\/www.alcoawheels.com\/south-america\/pt\/?page_id=84"},"modified":"2025-06-10T14:42:24","modified_gmt":"2025-06-10T14:42:24","slug":"ultra-one","status":"publish","type":"page","link":"https:\/\/www.alcoawheels.com\/south-america\/pt\/ultra-one\/","title":{"rendered":"Ultra ONE\u00ae"},"content":{"rendered":"\n<div class=\"wp-block-alcoa-wheels-hero-banner-innerpage hero-banner with-image layout-3 align-left vertical-align-\" style=\"background-color:#eee\"><img decoding=\"async\" src=\"https:\/\/www.alcoawheels.com\/south-america\/pt\/wp-content\/uploads\/sites\/28\/2023\/07\/ultra-one-banner_large.jpg\" alt=\"Rodas de Alum\u00ednio Ultra ONE\u00ae\" class=\"desktopbannerImage\"\/><img decoding=\"async\" src=\"https:\/\/www.alcoawheels.com\/south-america\/pt\/wp-content\/uploads\/sites\/28\/2023\/07\/ultra-one-banner_small.jpg\" alt=\"Rodas de Alum\u00ednio Ultra ONE\u00ae\" class=\"mobilebannerImage\"\/><div class=\"hero-banner__header\" style=\"text-align:center\"><div class=\"full-row\"><h1 class=\"hero-banner__header--title\">Novas rodas Ultra ONE<sup>\u00ae<\/sup><\/h1><h2 class=\"subtitleText\"><mark style=\"background-color:rgba(0, 0, 0, 0)\" class=\"has-inline-color has-black-color\">Elevando seu neg\u00f3cio<br>a um novo patamar<\/mark><\/h2><p class=\"content__bg--black hero-banner__header--content\">Melhor que Alcoa<sup>\u00ae<\/sup>, s\u00f3 Alcoa<sup>\u00ae<\/sup><\/p><\/div><\/div><\/div>\n\n\n\n<div id=\"columnsV1-7c0a6cde-3e92-4394-a717-d47b2f3141b5\" class=\"wp-block-alcoa-wheels-columns-v1 columnsV1 fullwidthcontainer with-gap withOutBorder\">\n<div class=\"wp-block-columns are-vertically-aligned-top u-margin-0 is-layout-flex wp-container-core-columns-is-layout-9d6595d7 wp-block-columns-is-layout-flex\">\n<div class=\"wp-block-column is-vertically-aligned-top is-layout-flow wp-block-column-is-layout-flow\">\n<div class=\"wp-block-alcoa-wheels-youtube-video youtube-video-main\"><div class=\"youtube-Videos \"><div class=\"youtube-Videos-item\"><div class=\"videoWrapper privacyEnable\"><div class=\"onetrust-placeholder\"><p class=\"onetrust-message text-center vertical-center\"><span class=\"onetrust-unavailable-notice\">This content requires certain cookies to function. Please <a class=\"optanon-toggle\">accept<\/a> cookies in order to continue. You may need to refresh your browser window afterwards.<\/span><\/p><\/div><div class=\"youtube-video-wrapper\"><iframe data-src=\"\/\/www.youtube.com\/embed\/ZhR-6l1Srmc?rel=0\" class=\"youtube-iframe\" title=\"video\"><\/iframe><\/div><\/div><\/div><\/div><\/div>\n<\/div>\n\n\n\n<div class=\"wp-block-column is-vertically-aligned-top is-layout-flow wp-block-column-is-layout-flow\">\n<p>Pesando em m\u00e9dia 47% menos que uma roda de a\u00e7o e 3Kg&nbsp; a menos do que a atual gera\u00e7\u00e3o de rodas, a roda Ultra-ONE<sup>\u00ae<\/sup>&nbsp;define um novo padr\u00e3o de tecnologia para ve\u00edculos comerciais.<\/p>\n\n\n\n<div id=\"alcoa-wheels-buttons-033ae82a-db48-4dda-81d7-6673d8fa7baa\" class=\"wp-block-alcoa-wheels-button-group alcoa-wheels-buttons\"><div class=\"button-row\"><div class=\"button-item\" button-item=\"0\"><p class=\"btn-main btn-primary\" aria-label=\"<a href=&quot;https:\/\/api.whatsapp.com\/send?l=pt-BR&amp;phone=5511958315028&amp;text=Ol%C3%A1!%20Quero%20saber%20mais%20sobre%20as%20rodas%20Ultra%20ONE.%20Cliquei%20no%20link%20do%20site!&quot; target=&quot;_blank&quot; rel=&quot;noreferrer noopener&quot;&gt;Entrar em Contato<\/a&gt;\"><a href=\"https:\/\/api.whatsapp.com\/send?l=pt-BR&amp;phone=5511958315028&amp;text=Ol%C3%A1!%20Quero%20saber%20mais%20sobre%20as%20rodas%20Ultra%20ONE.%20Cliquei%20no%20link%20do%20site!\" target=\"_blank\" rel=\"noreferrer noopener\">Entrar em Contato<\/a><\/p><\/div><\/div><\/div>\n<\/div>\n<\/div>\n<\/div>\n\n\n\n<div class=\"wp-block-alcoa-wheels-image-with-content-v2 image-with-content-v2-main has-background\" style=\"background-color:#d6d3d4\"><div class=\"image-with-content-v2-inner\"><div class=\"image-with-content-v2-inner-left\"><div class=\"main-info\"><h3>Liga de alum\u00ednio MagnaForce<sup>\u00ae<\/sup>, 17% mais resistente<\/h3><p>A nova liga patenteada Alcoa<sup>\u00ae<\/sup>\u00a0MagnaForce<sup>\u00ae<\/sup>\u00a0\u00e9 17% mais resistente que as atuais ligas dispon\u00edveis no mercado, o que permite a redu\u00e7\u00e3o do peso do produto sem comprometer sua capacidade m\u00e1xima de carga.<\/p><\/div><div class=\"more-info\"><div class=\"more-info image\"><div class=\"image-item__box__media\"><img loading=\"lazy\" decoding=\"async\" class=\"img-responsive\" src=\"https:\/\/www.alcoawheels.com\/south-america\/pt\/wp-content\/uploads\/sites\/28\/2023\/07\/ultra-one-valvula.png\" alt=\"ultra-one-valvula\" width=\"350\" height=\"350\"\/><\/div><\/div><div class=\"more-info-heading\"><h3>V\u00e1lvula a 90\u00b0 que permite f\u00e1cil manuten\u00e7\u00e3o<\/h3><\/div><\/div><\/div><div class=\"image-with-content-v2-inner-right\"><div class=\"image-item__box__media\"><img loading=\"lazy\" decoding=\"async\" class=\"img-responsive\" src=\"https:\/\/www.alcoawheels.com\/south-america\/pt\/wp-content\/uploads\/sites\/28\/2023\/07\/ultra-one-force.png\" alt=\"ultra-one-force\" width=\"753\" height=\"555\"\/><\/div><\/div><\/div><\/div>\n\n\n\n<div id=\"columnsV1-fe60a7aa-b748-4a3a-93c6-f4aab21b29b5\" class=\"wp-block-alcoa-wheels-columns-v1 columnsV1 fullwidthcontainer with-gap withOutBorder\">\n<div class=\"wp-block-columns is-layout-flex wp-container-core-columns-is-layout-9d6595d7 wp-block-columns-is-layout-flex\">\n<div class=\"wp-block-column is-layout-flow wp-block-column-is-layout-flow\" style=\"flex-basis:60%\">\n<h3 class=\"wp-block-heading\" id=\"h-ate-nbsp-55-toneladas-de-carga-adicionais-por-mes\">At\u00e9&nbsp;55 toneladas de carga adicionais por m\u00eas<\/h3>\n\n\n\n<p>As novas rodas de alum\u00ednio Ultra ONE, s\u00e3o 47% mais leves que as rodas de a\u00e7o e pesam 3kg a menos em compara\u00e7\u00e3o a gera\u00e7\u00e3o atual. Com a redu\u00e7\u00e3o de peso das novas rodas ultra leves, \u00e9 poss\u00edvel aumentar a capacidade de carga e transportar at\u00e9 55 toneladas a mais por m\u00eas, em um ve\u00edculo de 9 eixos.<\/p>\n<\/div>\n\n\n\n<div class=\"wp-block-column is-layout-flow wp-block-column-is-layout-flow\" style=\"flex-basis:40%\">\n<figure class=\"wp-block-image size-large\"><img loading=\"lazy\" decoding=\"async\" width=\"450\" height=\"180\" src=\"https:\/\/www.alcoawheels.com\/south-america\/pt\/wp-content\/uploads\/sites\/28\/2023\/07\/ultra-one-truck.png?w=450\" alt=\"ultra-one-truck\" class=\"wp-image-356\" srcset=\"https:\/\/www.alcoawheels.com\/south-america\/pt\/wp-content\/uploads\/sites\/28\/2023\/07\/ultra-one-truck.png 450w, https:\/\/www.alcoawheels.com\/south-america\/pt\/wp-content\/uploads\/sites\/28\/2023\/07\/ultra-one-truck.png?resize=300,120 300w\" sizes=\"auto, (max-width: 450px) 100vw, 450px\" \/><\/figure>\n\n\n\n<p class=\"has-text-align-center\">Clique no bot\u00e3o abaixo e saiba como<br>especificar as rodas ULTRA-ONE<sup>\u00ae<\/sup>&nbsp;no seu<br>caminh\u00e3o ou implemento 0 km<\/p>\n\n\n\n<p><\/p>\n\n\n\n<div id=\"alcoa-wheels-buttons-5cad86f6-7934-4f37-8729-cac55d34ff17\" class=\"wp-block-alcoa-wheels-button-group alcoa-wheels-buttons\"><div class=\"button-row u-justify-content-center\"><div class=\"button-item\" button-item=\"0\"><p class=\"btn-main btn-primary\" aria-label=\"<a href=&quot;https:\/\/api.whatsapp.com\/send?l=pt-BR&amp;phone=5511958315028&amp;text=Ol%C3%A1!%20Quero%20saber%20mais%20sobre%20as%20rodas%20Ultra%20ONE.%20Cliquei%20no%20link%20do%20site!&quot; target=&quot;_blank&quot; rel=&quot;noreferrer noopener&quot;&gt;Entrar em Contato<\/a&gt;\"><a href=\"https:\/\/api.whatsapp.com\/send?l=pt-BR&amp;phone=5511958315028&amp;text=Ol%C3%A1!%20Quero%20saber%20mais%20sobre%20as%20rodas%20Ultra%20ONE.%20Cliquei%20no%20link%20do%20site!\" target=\"_blank\" rel=\"noreferrer noopener\">Entrar em Contato<\/a><\/p><\/div><\/div><\/div>\n<\/div>\n<\/div>\n<\/div>\n\n\n\n<div id=\"imagecover-937b7067-9a97-4562-81d4-cae2ea7a4679\" class=\"wp-block-alcoa-wheels-image-cover imagecover fullwidthcontainer\">\n<div class=\"wp-block-cover\"><span aria-hidden=\"true\" class=\"wp-block-cover__background has-background-dim-0 has-background-dim\"><\/span><img loading=\"lazy\" decoding=\"async\" width=\"1440\" height=\"500\" class=\"wp-block-cover__image-background wp-image-563\" alt=\"contact-banner\" src=\"https:\/\/www.alcoawheels.com\/south-america\/pt\/wp-content\/uploads\/sites\/28\/2023\/07\/contact-banner.png\" style=\"object-position:0% 0%\" data-object-fit=\"cover\" data-object-position=\"0% 0%\" srcset=\"https:\/\/www.alcoawheels.com\/south-america\/pt\/wp-content\/uploads\/sites\/28\/2023\/07\/contact-banner.png 1440w, https:\/\/www.alcoawheels.com\/south-america\/pt\/wp-content\/uploads\/sites\/28\/2023\/07\/contact-banner.png?resize=300,104 300w, https:\/\/www.alcoawheels.com\/south-america\/pt\/wp-content\/uploads\/sites\/28\/2023\/07\/contact-banner.png?resize=768,267 768w, https:\/\/www.alcoawheels.com\/south-america\/pt\/wp-content\/uploads\/sites\/28\/2023\/07\/contact-banner.png?resize=1024,356 1024w\" sizes=\"auto, (max-width: 1440px) 100vw, 1440px\" \/><div class=\"wp-block-cover__inner-container is-layout-flow wp-block-cover-is-layout-flow\">\n<h3 class=\"wp-block-heading has-text-align-center\">A roda de alum\u00ednio mais leve e tecnol\u00f3gica do Brasil<\/h3>\n\n\n\n<div class=\"wp-block-columns is-layout-flex wp-container-core-columns-is-layout-9d6595d7 wp-block-columns-is-layout-flex\">\n<div class=\"wp-block-column is-layout-flow wp-block-column-is-layout-flow\" style=\"flex-basis:60%\">\n<p>Especifica\u00e7\u00f5es t\u00e9cnicas Rodas forjadas de alum\u00ednio Alcoa<sup>\u00ae<\/sup><\/p>\n\n\n\n<figure class=\"wp-block-table white-border-table\"><table><tbody><tr><td>PN Alcoa<sup>\u00ae<\/sup><\/td><td><strong>889517<\/strong><\/td><td><strong>889527<\/strong><\/td><\/tr><tr><td>Medida<\/td><td>22,5\u201d X 8,25\u201d<\/td><td>22,5\u201d X 8,25\u201d<\/td><\/tr><tr><td>Acabamento<\/td><td>Polido LvL ONE<sup>\u00ae<\/sup><\/td><td>Polido LvL ONE<sup>\u00ae<\/sup><\/td><\/tr><tr><td>Peso (Kg)<\/td><td>20<\/td><td>20<\/td><\/tr><tr><td>Capacidade de carga (kg)<\/td><td>3.65<\/td><td>3.65<\/td><\/tr><tr><td>Inset (mm)<\/td><td>168<\/td><td>168<\/td><\/tr><tr><td>Espessura do Disco<\/td><td>21,7<\/td><td>21,7<\/td><\/tr><tr><td>Di\u00e2metro do furo de fixa\u00e7\u00e3o (mm)<\/td><td>32<\/td><td>26<\/td><\/tr><tr><td>N\u00fameros do furo de fixa\u00e7\u00e3o<\/td><td>10<\/td><td>10<\/td><\/tr><tr><td>Di\u00e2metro C\u00edrculo Central central da roda (mm)<\/td><td>281<\/td><td>281<\/td><\/tr><tr><td>Dist\u00e2ncia entre Furos (mm)<\/td><td>335<\/td><td>335<\/td><\/tr><\/tbody><\/table><\/figure>\n\n\n\n<div class=\"wp-block-alcoa-wheels-related-documents card-box-v1__body\" id=\"related-documents-5d2b4b5d-141c-4e72-b924-bd693f0c82bb\"><div class=\"container\"><div class=\"related_documents__boxes\"><ul><li class=\"show-items-hover-wrap\" name=\"document1\" id=\"document1\"><p><a href=\"\/south-america\/pt\/wp-content\/uploads\/sites\/28\/2023\/07\/catalogo-rodas-alcoa-ultra-one.pdf\">Cat\u00e1logo Ultra-ONE<sup>\u00ae<\/sup><\/a><\/p><p><span>1.99 MB<\/span><\/p><\/li><\/ul><\/div><\/div><\/div>\n<\/div>\n\n\n\n<div class=\"wp-block-column is-layout-flow wp-block-column-is-layout-flow\" style=\"flex-basis:40%\"><div class=\"wp-block-image\">\n<figure class=\"aligncenter size-large\"><img loading=\"lazy\" decoding=\"async\" width=\"720\" height=\"720\" src=\"https:\/\/www.alcoawheels.com\/south-america\/pt\/wp-content\/uploads\/sites\/28\/2023\/07\/ultra-one-frontal.png?w=720\" alt=\"ultra-one-frontal\" class=\"wp-image-565\" srcset=\"https:\/\/www.alcoawheels.com\/south-america\/pt\/wp-content\/uploads\/sites\/28\/2023\/07\/ultra-one-frontal.png 720w, https:\/\/www.alcoawheels.com\/south-america\/pt\/wp-content\/uploads\/sites\/28\/2023\/07\/ultra-one-frontal.png?resize=150,150 150w, https:\/\/www.alcoawheels.com\/south-america\/pt\/wp-content\/uploads\/sites\/28\/2023\/07\/ultra-one-frontal.png?resize=300,300 300w\" sizes=\"auto, (max-width: 720px) 100vw, 720px\" \/><\/figure>\n<\/div><\/div>\n<\/div>\n<\/div><\/div>\n<\/div>\n\n\n\n<div class=\"wp-block-alcoa-wheels-card-usecase-1 card-box-v1__body with-icon align-center vertical-align-center\" id=\"card_box_v1-bfaee044-7a49-4cfa-afc6-ff3781fa29e0\"><div class=\"fullwidthcontainer\"><div class=\"card-box-v1__boxes has-3-columns\"><div class=\"card-box-v1__box  with-link \" style=\"background-color:#02afba\"><img decoding=\"async\" src=\"https:\/\/www.alcoawheels.com\/south-america\/pt\/wp-content\/themes\/alcoa-wheels\/assets\/build\/js\/blocks\/card-usecase-1\/..\/..\/..\/images\/placeholder-image.db2b4d5c.jpeg\" alt=\"Contato\"\/><div class=\"card-box-v1__box__inner pos-abs\"><div class=\"card-box-v1__box_icon\"><img loading=\"lazy\" decoding=\"async\" width=\"171\" height=\"171\" src=\"https:\/\/www.alcoawheels.com\/south-america\/pt\/wp-content\/uploads\/sites\/28\/2023\/07\/contact.png\" alt=\"contact\"\/><\/div><div class=\"card-box-v1__box_content\"><h4 style=\"color:#ffffff\">Contato<\/h4><\/div><div class=\"btn-wrap\"><\/div><\/div><a href=\"\/south-america\/pt\/contato\" aria-label=\"Contato\"><\/a><\/div><div class=\"card-box-v1__box  with-link \" style=\"background-color:#02afba\"><img decoding=\"async\" src=\"https:\/\/www.alcoawheels.com\/south-america\/pt\/wp-content\/themes\/alcoa-wheels\/assets\/build\/js\/blocks\/card-usecase-1\/..\/..\/..\/images\/placeholder-image.db2b4d5c.jpeg\" alt=\"Onde Comprar\"\/><div class=\"card-box-v1__box__inner pos-abs\"><div class=\"card-box-v1__box_icon\"><img loading=\"lazy\" decoding=\"async\" width=\"169\" height=\"169\" src=\"https:\/\/www.alcoawheels.com\/south-america\/pt\/wp-content\/uploads\/sites\/28\/2023\/07\/where-to-buy.png\" alt=\"where-to-buy\"\/><\/div><div class=\"card-box-v1__box_content\"><h4 style=\"color:#ffffff\">Onde Comprar<\/h4><\/div><div class=\"btn-wrap\"><\/div><\/div><a href=\"\/south-america\/pt\/onde-comprar\" aria-label=\"Onde Comprar\"><\/a><\/div><div class=\"card-box-v1__box  with-link \" style=\"background-color:#02afba\"><img decoding=\"async\" src=\"https:\/\/www.alcoawheels.com\/south-america\/pt\/wp-content\/themes\/alcoa-wheels\/assets\/build\/js\/blocks\/card-usecase-1\/..\/..\/..\/images\/placeholder-image.db2b4d5c.jpeg\" alt=\"Cat\u00e1logos\"\/><div class=\"card-box-v1__box__inner pos-abs\"><div class=\"card-box-v1__box_icon\"><img loading=\"lazy\" decoding=\"async\" width=\"169\" height=\"169\" src=\"https:\/\/www.alcoawheels.com\/south-america\/pt\/wp-content\/uploads\/sites\/28\/2023\/07\/product-literature.png\" alt=\"product-literature\"\/><\/div><div class=\"card-box-v1__box_content\"><h4 style=\"color:#ffffff\">Cat\u00e1logos<\/h4><\/div><div class=\"btn-wrap\"><\/div><\/div><a href=\"\/south-america\/pt\/catalogos\" aria-label=\"Cat\u00e1logos\"><\/a><\/div><\/div><\/div><\/div>\n","protected":false},"excerpt":{"rendered":"","protected":false},"author":44,"featured_media":0,"parent":0,"menu_order":0,"comment_status":"closed","ping_status":"closed","template":"","meta":{"_acf_changed":false,"protected_reviewer_email":"","editor_notices":[],"footnotes":""},"class_list":["post-84","page","type-page","status-publish","hentry"],"acf":[],"yoast_head":"<!-- This site is optimized with the Yoast SEO Premium plugin v27.3 (Yoast SEO v27.3) - https:\/\/yoast.com\/product\/yoast-seo-premium-wordpress\/ -->\n<title>Rodas de Alum\u00ednio Ultra ONE\u00ae | Alcoa Wheels<\/title>\n<meta name=\"description\" content=\"Rodas Forjadas de Alum\u00ednio para Caminh\u00f5es, Carretas e \u00d4nibus.\" \/>\n<meta name=\"robots\" content=\"index, follow, max-snippet:-1, max-image-preview:large, max-video-preview:-1\" \/>\n<link rel=\"canonical\" href=\"https:\/\/www.alcoawheels.com\/south-america\/pt\/ultra-one\/\" \/>\n<meta property=\"og:locale\" content=\"en_US\" \/>\n<meta property=\"og:type\" content=\"article\" \/>\n<meta property=\"og:title\" content=\"Ultra ONE\u00ae\" \/>\n<meta property=\"og:description\" content=\"Rodas Forjadas de Alum\u00ednio para Caminh\u00f5es, Carretas e \u00d4nibus.\" \/>\n<meta property=\"og:url\" content=\"https:\/\/www.alcoawheels.com\/south-america\/pt\/ultra-one\/\" \/>\n<meta property=\"og:site_name\" content=\"South America\" \/>\n<meta property=\"article:modified_time\" content=\"2025-06-10T14:42:24+00:00\" \/>\n<meta property=\"og:image\" content=\"https:\/\/www.alcoawheels.com\/south-america\/pt\/wp-content\/uploads\/sites\/28\/2023\/07\/ultra-one-banner_large.jpg\" \/>\n<meta name=\"twitter:card\" content=\"summary_large_image\" \/>\n<meta name=\"twitter:label1\" content=\"Est. reading time\" \/>\n\t<meta name=\"twitter:data1\" content=\"3 minutes\" \/>\n<script type=\"application\/ld+json\" class=\"yoast-schema-graph\">{\"@context\":\"https:\\\/\\\/schema.org\",\"@graph\":[{\"@type\":\"WebPage\",\"@id\":\"https:\\\/\\\/www.alcoawheels.com\\\/south-america\\\/pt\\\/ultra-one\\\/\",\"url\":\"https:\\\/\\\/www.alcoawheels.com\\\/south-america\\\/pt\\\/ultra-one\\\/\",\"name\":\"Rodas de Alum\u00ednio Ultra ONE\u00ae | Alcoa Wheels\",\"isPartOf\":{\"@id\":\"https:\\\/\\\/www.alcoawheels.com\\\/south-america\\\/pt\\\/#website\"},\"primaryImageOfPage\":{\"@id\":\"https:\\\/\\\/www.alcoawheels.com\\\/south-america\\\/pt\\\/ultra-one\\\/#primaryimage\"},\"image\":{\"@id\":\"https:\\\/\\\/www.alcoawheels.com\\\/south-america\\\/pt\\\/ultra-one\\\/#primaryimage\"},\"thumbnailUrl\":\"https:\\\/\\\/www.alcoawheels.com\\\/south-america\\\/pt\\\/wp-content\\\/uploads\\\/sites\\\/28\\\/2023\\\/07\\\/ultra-one-banner_large.jpg\",\"datePublished\":\"2023-07-25T15:05:11+00:00\",\"dateModified\":\"2025-06-10T14:42:24+00:00\",\"description\":\"Rodas Forjadas de Alum\u00ednio para Caminh\u00f5es, Carretas e \u00d4nibus.\",\"breadcrumb\":{\"@id\":\"https:\\\/\\\/www.alcoawheels.com\\\/south-america\\\/pt\\\/ultra-one\\\/#breadcrumb\"},\"inLanguage\":\"en-US\",\"potentialAction\":[{\"@type\":\"ReadAction\",\"target\":[\"https:\\\/\\\/www.alcoawheels.com\\\/south-america\\\/pt\\\/ultra-one\\\/\"]}]},{\"@type\":\"ImageObject\",\"inLanguage\":\"en-US\",\"@id\":\"https:\\\/\\\/www.alcoawheels.com\\\/south-america\\\/pt\\\/ultra-one\\\/#primaryimage\",\"url\":\"https:\\\/\\\/www.alcoawheels.com\\\/south-america\\\/pt\\\/wp-content\\\/uploads\\\/sites\\\/28\\\/2023\\\/07\\\/ultra-one-banner_large.jpg\",\"contentUrl\":\"https:\\\/\\\/www.alcoawheels.com\\\/south-america\\\/pt\\\/wp-content\\\/uploads\\\/sites\\\/28\\\/2023\\\/07\\\/ultra-one-banner_large.jpg\",\"width\":1440,\"height\":440,\"caption\":\"Rodas de Alum\u00ednio Ultra ONE\u00ae\"},{\"@type\":\"BreadcrumbList\",\"@id\":\"https:\\\/\\\/www.alcoawheels.com\\\/south-america\\\/pt\\\/ultra-one\\\/#breadcrumb\",\"itemListElement\":[{\"@type\":\"ListItem\",\"position\":1,\"name\":\"Home\",\"item\":\"https:\\\/\\\/www.alcoawheels.com\\\/south-america\\\/pt\\\/\"},{\"@type\":\"ListItem\",\"position\":2,\"name\":\"Ultra ONE\u00ae\"}]},{\"@type\":\"WebSite\",\"@id\":\"https:\\\/\\\/www.alcoawheels.com\\\/south-america\\\/pt\\\/#website\",\"url\":\"https:\\\/\\\/www.alcoawheels.com\\\/south-america\\\/pt\\\/\",\"name\":\"South America\",\"description\":\"\",\"publisher\":{\"@id\":\"https:\\\/\\\/www.alcoawheels.com\\\/south-america\\\/pt\\\/#organization\"},\"potentialAction\":[{\"@type\":\"SearchAction\",\"target\":{\"@type\":\"EntryPoint\",\"urlTemplate\":\"https:\\\/\\\/www.alcoawheels.com\\\/south-america\\\/pt\\\/?s={search_term_string}\"},\"query-input\":{\"@type\":\"PropertyValueSpecification\",\"valueRequired\":true,\"valueName\":\"search_term_string\"}}],\"inLanguage\":\"en-US\"},{\"@type\":\"Organization\",\"@id\":\"https:\\\/\\\/www.alcoawheels.com\\\/south-america\\\/pt\\\/#organization\",\"name\":\"South America\",\"url\":\"https:\\\/\\\/www.alcoawheels.com\\\/south-america\\\/pt\\\/\",\"logo\":{\"@type\":\"ImageObject\",\"inLanguage\":\"en-US\",\"@id\":\"https:\\\/\\\/www.alcoawheels.com\\\/south-america\\\/pt\\\/#\\\/schema\\\/logo\\\/image\\\/\",\"url\":\"https:\\\/\\\/www.alcoawheels.com\\\/south-america\\\/pt\\\/wp-content\\\/uploads\\\/sites\\\/28\\\/2023\\\/07\\\/logo-black.gif\",\"contentUrl\":\"https:\\\/\\\/www.alcoawheels.com\\\/south-america\\\/pt\\\/wp-content\\\/uploads\\\/sites\\\/28\\\/2023\\\/07\\\/logo-black.gif\",\"width\":71,\"height\":64,\"caption\":\"South America\"},\"image\":{\"@id\":\"https:\\\/\\\/www.alcoawheels.com\\\/south-america\\\/pt\\\/#\\\/schema\\\/logo\\\/image\\\/\"}}]}<\/script>\n<!-- \/ Yoast SEO Premium plugin. -->","yoast_head_json":{"title":"Rodas de Alum\u00ednio Ultra ONE\u00ae | Alcoa Wheels","description":"Rodas Forjadas de Alum\u00ednio para Caminh\u00f5es, Carretas e \u00d4nibus.","robots":{"index":"index","follow":"follow","max-snippet":"max-snippet:-1","max-image-preview":"max-image-preview:large","max-video-preview":"max-video-preview:-1"},"canonical":"https:\/\/www.alcoawheels.com\/south-america\/pt\/ultra-one\/","og_locale":"en_US","og_type":"article","og_title":"Ultra ONE\u00ae","og_description":"Rodas Forjadas de Alum\u00ednio para Caminh\u00f5es, Carretas e \u00d4nibus.","og_url":"https:\/\/www.alcoawheels.com\/south-america\/pt\/ultra-one\/","og_site_name":"South America","article_modified_time":"2025-06-10T14:42:24+00:00","og_image":[{"url":"https:\/\/www.alcoawheels.com\/south-america\/pt\/wp-content\/uploads\/sites\/28\/2023\/07\/ultra-one-banner_large.jpg","type":"","width":"","height":""}],"twitter_card":"summary_large_image","twitter_misc":{"Est. reading time":"3 minutes"},"schema":{"@context":"https:\/\/schema.org","@graph":[{"@type":"WebPage","@id":"https:\/\/www.alcoawheels.com\/south-america\/pt\/ultra-one\/","url":"https:\/\/www.alcoawheels.com\/south-america\/pt\/ultra-one\/","name":"Rodas de Alum\u00ednio Ultra ONE\u00ae | Alcoa Wheels","isPartOf":{"@id":"https:\/\/www.alcoawheels.com\/south-america\/pt\/#website"},"primaryImageOfPage":{"@id":"https:\/\/www.alcoawheels.com\/south-america\/pt\/ultra-one\/#primaryimage"},"image":{"@id":"https:\/\/www.alcoawheels.com\/south-america\/pt\/ultra-one\/#primaryimage"},"thumbnailUrl":"https:\/\/www.alcoawheels.com\/south-america\/pt\/wp-content\/uploads\/sites\/28\/2023\/07\/ultra-one-banner_large.jpg","datePublished":"2023-07-25T15:05:11+00:00","dateModified":"2025-06-10T14:42:24+00:00","description":"Rodas Forjadas de Alum\u00ednio para Caminh\u00f5es, Carretas e \u00d4nibus.","breadcrumb":{"@id":"https:\/\/www.alcoawheels.com\/south-america\/pt\/ultra-one\/#breadcrumb"},"inLanguage":"en-US","potentialAction":[{"@type":"ReadAction","target":["https:\/\/www.alcoawheels.com\/south-america\/pt\/ultra-one\/"]}]},{"@type":"ImageObject","inLanguage":"en-US","@id":"https:\/\/www.alcoawheels.com\/south-america\/pt\/ultra-one\/#primaryimage","url":"https:\/\/www.alcoawheels.com\/south-america\/pt\/wp-content\/uploads\/sites\/28\/2023\/07\/ultra-one-banner_large.jpg","contentUrl":"https:\/\/www.alcoawheels.com\/south-america\/pt\/wp-content\/uploads\/sites\/28\/2023\/07\/ultra-one-banner_large.jpg","width":1440,"height":440,"caption":"Rodas de Alum\u00ednio Ultra ONE\u00ae"},{"@type":"BreadcrumbList","@id":"https:\/\/www.alcoawheels.com\/south-america\/pt\/ultra-one\/#breadcrumb","itemListElement":[{"@type":"ListItem","position":1,"name":"Home","item":"https:\/\/www.alcoawheels.com\/south-america\/pt\/"},{"@type":"ListItem","position":2,"name":"Ultra ONE\u00ae"}]},{"@type":"WebSite","@id":"https:\/\/www.alcoawheels.com\/south-america\/pt\/#website","url":"https:\/\/www.alcoawheels.com\/south-america\/pt\/","name":"South America","description":"","publisher":{"@id":"https:\/\/www.alcoawheels.com\/south-america\/pt\/#organization"},"potentialAction":[{"@type":"SearchAction","target":{"@type":"EntryPoint","urlTemplate":"https:\/\/www.alcoawheels.com\/south-america\/pt\/?s={search_term_string}"},"query-input":{"@type":"PropertyValueSpecification","valueRequired":true,"valueName":"search_term_string"}}],"inLanguage":"en-US"},{"@type":"Organization","@id":"https:\/\/www.alcoawheels.com\/south-america\/pt\/#organization","name":"South America","url":"https:\/\/www.alcoawheels.com\/south-america\/pt\/","logo":{"@type":"ImageObject","inLanguage":"en-US","@id":"https:\/\/www.alcoawheels.com\/south-america\/pt\/#\/schema\/logo\/image\/","url":"https:\/\/www.alcoawheels.com\/south-america\/pt\/wp-content\/uploads\/sites\/28\/2023\/07\/logo-black.gif","contentUrl":"https:\/\/www.alcoawheels.com\/south-america\/pt\/wp-content\/uploads\/sites\/28\/2023\/07\/logo-black.gif","width":71,"height":64,"caption":"South America"},"image":{"@id":"https:\/\/www.alcoawheels.com\/south-america\/pt\/#\/schema\/logo\/image\/"}}]}},"parsely":{"version":"1.1.0","canonical_url":"https:\/\/alcoawheels.com\/south-america\/pt\/ultra-one\/","smart_links":{"inbound":0,"outbound":0},"traffic_boost_suggestions_count":0,"meta":{"@context":"https:\/\/schema.org","@type":"WebPage","headline":"Ultra ONE\u00ae","url":"http:\/\/www.alcoawheels.com\/south-america\/pt\/ultra-one\/","mainEntityOfPage":{"@type":"WebPage","@id":"http:\/\/www.alcoawheels.com\/south-america\/pt\/ultra-one\/"},"thumbnailUrl":"","image":{"@type":"ImageObject","url":""},"articleSection":"Uncategorized","author":[{"@type":"Person","name":"howmet"}],"creator":["howmet"],"publisher":{"@type":"Organization","name":"South America","logo":""},"keywords":[],"dateCreated":"2023-07-25T15:05:11Z","datePublished":"2023-07-25T15:05:11Z","dateModified":"2025-06-10T14:42:24Z"},"rendered":"<script type=\"application\/ld+json\" class=\"wp-parsely-metadata\">{\"@context\":\"https:\\\/\\\/schema.org\",\"@type\":\"WebPage\",\"headline\":\"Ultra ONE\\u00ae\",\"url\":\"http:\\\/\\\/www.alcoawheels.com\\\/south-america\\\/pt\\\/ultra-one\\\/\",\"mainEntityOfPage\":{\"@type\":\"WebPage\",\"@id\":\"http:\\\/\\\/www.alcoawheels.com\\\/south-america\\\/pt\\\/ultra-one\\\/\"},\"thumbnailUrl\":\"\",\"image\":{\"@type\":\"ImageObject\",\"url\":\"\"},\"articleSection\":\"Uncategorized\",\"author\":[{\"@type\":\"Person\",\"name\":\"howmet\"}],\"creator\":[\"howmet\"],\"publisher\":{\"@type\":\"Organization\",\"name\":\"South America\",\"logo\":\"\"},\"keywords\":[],\"dateCreated\":\"2023-07-25T15:05:11Z\",\"datePublished\":\"2023-07-25T15:05:11Z\",\"dateModified\":\"2025-06-10T14:42:24Z\"}<\/script>","tracker_url":"https:\/\/cdn.parsely.com\/keys\/alcoawheels.com\/p.js"},"jetpack_sharing_enabled":true,"_links":{"self":[{"href":"https:\/\/www.alcoawheels.com\/south-america\/pt\/wp-json\/wp\/v2\/pages\/84","targetHints":{"allow":["GET"]}}],"collection":[{"href":"https:\/\/www.alcoawheels.com\/south-america\/pt\/wp-json\/wp\/v2\/pages"}],"about":[{"href":"https:\/\/www.alcoawheels.com\/south-america\/pt\/wp-json\/wp\/v2\/types\/page"}],"author":[{"embeddable":true,"href":"https:\/\/www.alcoawheels.com\/south-america\/pt\/wp-json\/wp\/v2\/users\/44"}],"replies":[{"embeddable":true,"href":"https:\/\/www.alcoawheels.com\/south-america\/pt\/wp-json\/wp\/v2\/comments?post=84"}],"version-history":[{"count":30,"href":"https:\/\/www.alcoawheels.com\/south-america\/pt\/wp-json\/wp\/v2\/pages\/84\/revisions"}],"predecessor-version":[{"id":1320,"href":"https:\/\/www.alcoawheels.com\/south-america\/pt\/wp-json\/wp\/v2\/pages\/84\/revisions\/1320"}],"wp:attachment":[{"href":"https:\/\/www.alcoawheels.com\/south-america\/pt\/wp-json\/wp\/v2\/media?parent=84"}],"curies":[{"name":"wp","href":"https:\/\/api.w.org\/{rel}","templated":true}]}}