{"id":93,"date":"2023-07-25T15:13:27","date_gmt":"2023-07-25T15:13:27","guid":{"rendered":"https:\/\/www.alcoawheels.com\/south-america\/pt\/?page_id=93"},"modified":"2025-06-10T14:43:32","modified_gmt":"2025-06-10T14:43:32","slug":"onibus","status":"publish","type":"page","link":"https:\/\/www.alcoawheels.com\/south-america\/pt\/onibus\/","title":{"rendered":"\u00d4nibus"},"content":{"rendered":"\n<div id=\"imagecover-89efea29-b6bc-4adf-85c8-9e4ac0e3c642\" class=\"wp-block-alcoa-wheels-image-cover imagecover fullwidthcontainer\">\n<div class=\"wp-block-cover\"><span aria-hidden=\"true\" class=\"wp-block-cover__background has-background-dim-0 has-background-dim\"><\/span><img loading=\"lazy\" decoding=\"async\" width=\"1440\" height=\"1028\" class=\"wp-block-cover__image-background wp-image-248\" alt=\"subhero-dealer-resource-center_large\" src=\"https:\/\/www.alcoawheels.com\/south-america\/pt\/wp-content\/uploads\/sites\/28\/2023\/07\/subhero-dealer-resource-center_large.jpg\" style=\"object-position:0% 0%\" data-object-fit=\"cover\" data-object-position=\"0% 0%\" srcset=\"https:\/\/www.alcoawheels.com\/south-america\/pt\/wp-content\/uploads\/sites\/28\/2023\/07\/subhero-dealer-resource-center_large.jpg 1440w, https:\/\/www.alcoawheels.com\/south-america\/pt\/wp-content\/uploads\/sites\/28\/2023\/07\/subhero-dealer-resource-center_large.jpg?resize=300,214 300w, https:\/\/www.alcoawheels.com\/south-america\/pt\/wp-content\/uploads\/sites\/28\/2023\/07\/subhero-dealer-resource-center_large.jpg?resize=768,548 768w, https:\/\/www.alcoawheels.com\/south-america\/pt\/wp-content\/uploads\/sites\/28\/2023\/07\/subhero-dealer-resource-center_large.jpg?resize=1024,731 1024w\" sizes=\"auto, (max-width: 1440px) 100vw, 1440px\" \/><div class=\"wp-block-cover__inner-container is-layout-flow wp-block-cover-is-layout-flow\">\n<div class=\"wp-block-columns padded-columns is-layout-flex wp-container-core-columns-is-layout-9d6595d7 wp-block-columns-is-layout-flex\">\n<div class=\"wp-block-column is-layout-flow wp-block-column-is-layout-flow\">\n<h3 class=\"wp-block-heading\" id=\"h-onibus\">\u00d4nibus<\/h3>\n\n\n\n<p>Para \u00f4nibus rodovi\u00e1rios as rodas de alum\u00ednio Alcoa<sup>\u00ae<\/sup>&nbsp;promovem, em m\u00e9dia, uma redu\u00e7\u00e3o do consumo de combust\u00edvel de 2% e do desgaste dos pneus de 10%. Al\u00e9m de maior efici\u00eancia de consumo, as rodas forjadas de alum\u00ednio Alcoa<sup>\u00ae<\/sup>&nbsp;proporcionam um visual mais moderno para a frota e atualmente s\u00e3o comercializadas em quatro tipos de acabamento: Semi Brilho, Polida &#8211; LvL ONE<sup>\u00ae<\/sup>, Super Polida &#8211; Mirror Polish e Dura-Bright<sup>\u00ae<\/sup>.<\/p>\n\n\n\n<p class=\"u-margin-0\">Para ve\u00edculos urbanos onde a frequ\u00eancia de frenagem \u00e9 maior, al\u00e9m da redu\u00e7\u00e3o de peso, as rodas de alum\u00ednio Alcoa<sup>\u00ae<\/sup>&nbsp;garantem uma maior efici\u00eancia na frenagem e consequentemente maior seguran\u00e7a no transporte de pessoas.<\/p>\n<\/div>\n\n\n\n<div class=\"wp-block-column is-layout-flow wp-block-column-is-layout-flow\">\n<div class=\"wp-block-alcoa-wheels-youtube-video youtube-video-main\"><div class=\"youtube-Videos \"><div class=\"youtube-Videos-item\"><div class=\"videoWrapper privacyEnable\"><div class=\"onetrust-placeholder\"><p class=\"onetrust-message text-center vertical-center\"><span class=\"onetrust-unavailable-notice\">This content requires certain cookies to function. Please <a class=\"optanon-toggle\">accept<\/a> cookies in order to continue. You may need to refresh your browser window afterwards.<\/span><\/p><\/div><div class=\"youtube-video-wrapper\"><iframe data-src=\"\/\/www.youtube.com\/embed\/cWp5_OdGKY4?rel=0\" class=\"youtube-iframe\" title=\"video\"><\/iframe><\/div><\/div><\/div><\/div><\/div>\n<\/div>\n<\/div>\n<\/div><\/div>\n<\/div>\n\n\n\n<div style=\"height:50px\" aria-hidden=\"true\" class=\"wp-block-spacer spacer-fifty\"><\/div>\n\n\n\n<h2 class=\"wp-block-heading has-text-align-center\" id=\"h-rodas-em-destaque\">Rodas em Destaque<\/h2>\n\n\n\n<div class=\"wp-block-alcoa-wheels-zigzag media-list__body\" id=\"zigzag-main-b115b957-f353-443f-9b9d-3e8d3d474a35\"><div class=\"media-list__body_main  vertical-align-top  container row-reverse\">\n<div class=\"wp-block-alcoa-wheels-zigzag-item media-list-item\"><div class=\"media-list-item__box_content\"><div class=\"media-list-item__box_content_inner\">\n<h4 class=\"wp-block-heading\">22,5&#8243; x 8,25&#8243;&nbsp;<\/h4>\n\n\n\n<p>Peso: 23 kg<br>Capacidade de Carga: 3650 kg<\/p>\n\n\n\n<p><\/p>\n\n\n\n<div id=\"alcoa-wheels-buttons-982e9245-1e9c-41f6-8cd1-1fdd71268d38\" class=\"wp-block-alcoa-wheels-button-group alcoa-wheels-buttons\"><div class=\"button-row\"><div class=\"button-item\" button-item=\"0\"><p class=\"btn-main btn-link-pdf\" aria-label=\"<a href=&quot;\/south-america\/pt\/wp-content\/uploads\/sites\/28\/2023\/07\/catalogo-rodas-de-aluminio-alcoa.pdf&quot; target=&quot;_blank&quot; rel=&quot;noreferrer noopener&quot;&gt;Cat\u00e1logo de Rodas de Alum\u00ednio<\/a&gt;\"><a href=\"\/south-america\/pt\/wp-content\/uploads\/sites\/28\/2023\/07\/catalogo-rodas-de-aluminio-alcoa.pdf\" target=\"_blank\" rel=\"noreferrer noopener\">Cat\u00e1logo de Rodas de Alum\u00ednio<\/a><\/p><\/div><div class=\"button-item\" button-item=\"1\"><p class=\"btn-main btn-link-pdf\" aria-label=\"<a href=&quot;\/south-america\/pt\/wp-content\/uploads\/sites\/28\/2023\/07\/catalogo-alcoa-lvl-one.pdf&quot; target=&quot;_blank&quot; rel=&quot;noreferrer noopener&quot;&gt;Folheto LvL ONE<sup&gt;\u00ae<\/sup&gt;<\/a&gt;\"><a href=\"\/south-america\/pt\/wp-content\/uploads\/sites\/28\/2023\/07\/catalogo-alcoa-lvl-one.pdf\" target=\"_blank\" rel=\"noreferrer noopener\">Folheto LvL ONE<sup>\u00ae<\/sup><\/a><\/p><\/div><\/div><\/div>\n<\/div><\/div><div class=\"media-list-item__box_image\"><img loading=\"lazy\" decoding=\"async\" width=\"718\" height=\"372\" src=\"https:\/\/www.alcoawheels.com\/south-america\/pt\/wp-content\/uploads\/sites\/28\/2023\/07\/tile-lvl-one-8_25.jpg\" alt=\"Roda LvL One\"\/><\/div><\/div>\n\n\n\n<div class=\"wp-block-alcoa-wheels-zigzag-item media-list-item\"><div class=\"media-list-item__box_content\"><div class=\"media-list-item__box_content_inner\">\n<h4 class=\"wp-block-heading has-text-align-right\">22,5&#8243; x 7,5&#8243;<\/h4>\n\n\n\n<p class=\"has-text-align-right\">Peso: 23,9 kg<br>Capacidade de Carga: 3550 kg<\/p>\n\n\n\n<p><\/p>\n\n\n\n<div id=\"alcoa-wheels-buttons-9a13c436-0ccf-45c2-b34d-51843bbb8fd3\" class=\"wp-block-alcoa-wheels-button-group alcoa-wheels-buttons\"><div class=\"button-row u-justify-content-flex-end\"><div class=\"button-item\" button-item=\"0\"><p class=\"btn-main btn-link-pdf\" aria-label=\"<a href=&quot;\/south-america\/pt\/wp-content\/uploads\/sites\/28\/2023\/07\/catalogo-rodas-de-aluminio-alcoa.pdf&quot; target=&quot;_blank&quot; rel=&quot;noreferrer noopener&quot;&gt;Cat\u00e1logo de Rodas de Alum\u00ednio<\/a&gt;\"><a href=\"\/south-america\/pt\/wp-content\/uploads\/sites\/28\/2023\/07\/catalogo-rodas-de-aluminio-alcoa.pdf\" target=\"_blank\" rel=\"noreferrer noopener\">Cat\u00e1logo de Rodas de Alum\u00ednio<\/a><\/p><\/div><div class=\"button-item\" button-item=\"1\"><p class=\"btn-main btn-link-pdf\" aria-label=\"<a href=&quot;\/south-america\/pt\/wp-content\/uploads\/sites\/28\/2023\/07\/catalogo-alcoa-lvl-one.pdf&quot; target=&quot;_blank&quot; rel=&quot;noreferrer noopener&quot;&gt;Folheto LvL ONE<sup&gt;\u00ae<\/sup&gt;<\/a&gt;\"><a href=\"\/south-america\/pt\/wp-content\/uploads\/sites\/28\/2023\/07\/catalogo-alcoa-lvl-one.pdf\" target=\"_blank\" rel=\"noreferrer noopener\">Folheto LvL ONE<sup>\u00ae<\/sup><\/a><\/p><\/div><\/div><\/div>\n<\/div><\/div><div class=\"media-list-item__box_image\"><img loading=\"lazy\" decoding=\"async\" width=\"719\" height=\"361\" src=\"https:\/\/www.alcoawheels.com\/south-america\/pt\/wp-content\/uploads\/sites\/28\/2023\/07\/tile-lvl-one-7_5.jpg\" alt=\"Roda LvL ONE\"\/><\/div><\/div>\n\n\n\n<div class=\"wp-block-alcoa-wheels-zigzag-item media-list-item\"><div class=\"media-list-item__box_content\"><div class=\"media-list-item__box_content_inner\">\n<h4 class=\"wp-block-heading\"><br>22,5&#8243; x 9&#8243;<\/h4>\n\n\n\n<p>Peso: 23,4 kg<br>Capacidade de carga: 4125 kg<\/p>\n\n\n\n<p><\/p>\n\n\n\n<div id=\"alcoa-wheels-buttons-2422606e-59f9-47e3-832e-2cd8ddd7a5cf\" class=\"wp-block-alcoa-wheels-button-group alcoa-wheels-buttons\"><div class=\"button-row\"><div class=\"button-item\" button-item=\"0\"><p class=\"btn-main btn-link-pdf\" aria-label=\"<a href=&quot;\/south-america\/pt\/wp-content\/uploads\/sites\/28\/2023\/07\/catalogo-rodas-de-aluminio-alcoa.pdf&quot; target=&quot;_blank&quot; rel=&quot;noreferrer noopener&quot;&gt;Cat\u00e1logo de Rodas de Alum\u00ednio<\/a&gt;\"><a href=\"\/south-america\/pt\/wp-content\/uploads\/sites\/28\/2023\/07\/catalogo-rodas-de-aluminio-alcoa.pdf\" target=\"_blank\" rel=\"noreferrer noopener\">Cat\u00e1logo de Rodas de Alum\u00ednio<\/a><\/p><\/div><div class=\"button-item\" button-item=\"1\"><p class=\"btn-main btn-link-pdf\" aria-label=\"<a href=&quot;\/south-america\/pt\/wp-content\/uploads\/sites\/28\/2023\/07\/catalogo-alcoa-lvl-one.pdf&quot; target=&quot;_blank&quot; rel=&quot;noreferrer noopener&quot;&gt;Folheto LvL ONE<sup&gt;\u00ae<\/sup&gt;<\/a&gt;\"><a href=\"\/south-america\/pt\/wp-content\/uploads\/sites\/28\/2023\/07\/catalogo-alcoa-lvl-one.pdf\" target=\"_blank\" rel=\"noreferrer noopener\">Folheto LvL ONE<sup>\u00ae<\/sup><\/a><\/p><\/div><\/div><\/div>\n<\/div><\/div><div class=\"media-list-item__box_image\"><img loading=\"lazy\" decoding=\"async\" width=\"718\" height=\"372\" src=\"https:\/\/www.alcoawheels.com\/south-america\/pt\/wp-content\/uploads\/sites\/28\/2023\/07\/tile-lvl-one-22_5-by-9.jpg\" alt=\"Roda LVL One 22,5 X 9\"\/><\/div><\/div>\n\n\n\n<div class=\"wp-block-alcoa-wheels-zigzag-item media-list-item\"><div class=\"media-list-item__box_content\"><div class=\"media-list-item__box_content_inner\">\n<h4 class=\"wp-block-heading has-text-align-right\">Dura-Flange<sup>\u00ae<\/sup>&nbsp;22,5&#8243; x 8,25&#8243;<\/h4>\n\n\n\n<p class=\"has-text-align-right\">Peso: 23 kg<br>Capacidade de Carga: 3650 kg<\/p>\n\n\n\n<p><\/p>\n\n\n\n<div id=\"alcoa-wheels-buttons-dfc85492-513e-4ac5-902d-d2b3a5bbd2c7\" class=\"wp-block-alcoa-wheels-button-group alcoa-wheels-buttons\"><div class=\"button-row u-justify-content-flex-end\"><div class=\"button-item\" button-item=\"0\"><p class=\"btn-main btn-link-pdf\" aria-label=\"<a href=&quot;\/south-america\/pt\/wp-content\/uploads\/sites\/28\/2023\/07\/catalogo-alcoa-dura-flange.pdf&quot; target=&quot;_blank&quot; rel=&quot;noreferrer noopener&quot;&gt;Folheto Dura-Flange\u00ae<\/a&gt;\"><a href=\"\/south-america\/pt\/wp-content\/uploads\/sites\/28\/2023\/07\/catalogo-alcoa-dura-flange.pdf\" target=\"_blank\" rel=\"noreferrer noopener\">Folheto Dura-Flange\u00ae<\/a><\/p><\/div><div class=\"button-item\" button-item=\"1\"><p class=\"btn-main btn-link-left-arrow\" aria-label=\"<a href=&quot;\/south-america\/pt\/dura-flange&quot; target=&quot;_blank&quot; rel=&quot;noreferrer noopener&quot;&gt;Saiba mais sobra a Dura-Flange\u00ae<\/a&gt;\"><a href=\"\/south-america\/pt\/dura-flange\" target=\"_blank\" rel=\"noreferrer noopener\">Saiba mais sobra a Dura-Flange\u00ae<\/a><\/p><\/div><\/div><\/div>\n<\/div><\/div><div class=\"media-list-item__box_image\"><img loading=\"lazy\" decoding=\"async\" width=\"718\" height=\"372\" src=\"https:\/\/www.alcoawheels.com\/south-america\/pt\/wp-content\/uploads\/sites\/28\/2023\/07\/tile-duraflange-bus.jpg\" alt=\"Dura Flange\"\/><\/div><\/div>\n<\/div><\/div>\n\n\n\n<div style=\"height:50px\" aria-hidden=\"true\" class=\"wp-block-spacer spacer-fifty\"><\/div>\n\n\n\n<div class=\"wp-block-alcoa-wheels-card-usecase-1 card-box-v1__body with-icon align-center vertical-align-center\" id=\"card_box_v1-bfaee044-7a49-4cfa-afc6-ff3781fa29e0\"><div class=\"fullwidthcontainer\"><div class=\"card-box-v1__boxes has-3-columns\"><div class=\"card-box-v1__box  with-link \" style=\"background-color:#02afba\"><img decoding=\"async\" src=\"https:\/\/www.alcoawheels.com\/south-america\/pt\/wp-content\/themes\/alcoa-wheels\/assets\/build\/js\/blocks\/card-usecase-1\/..\/..\/..\/images\/placeholder-image.db2b4d5c.jpeg\" alt=\"Contato\"\/><div class=\"card-box-v1__box__inner pos-abs\"><div class=\"card-box-v1__box_icon\"><img loading=\"lazy\" decoding=\"async\" width=\"171\" height=\"171\" src=\"https:\/\/www.alcoawheels.com\/south-america\/pt\/wp-content\/uploads\/sites\/28\/2023\/07\/contact.png\" alt=\"contact\"\/><\/div><div class=\"card-box-v1__box_content\"><h4 style=\"color:#ffffff\">Contato<\/h4><\/div><div class=\"btn-wrap\"><\/div><\/div><a href=\"\/south-america\/pt\/contato\" aria-label=\"Contato\"><\/a><\/div><div class=\"card-box-v1__box  with-link \" style=\"background-color:#02afba\"><img decoding=\"async\" src=\"https:\/\/www.alcoawheels.com\/south-america\/pt\/wp-content\/themes\/alcoa-wheels\/assets\/build\/js\/blocks\/card-usecase-1\/..\/..\/..\/images\/placeholder-image.db2b4d5c.jpeg\" alt=\"Onde Comprar\"\/><div class=\"card-box-v1__box__inner pos-abs\"><div class=\"card-box-v1__box_icon\"><img loading=\"lazy\" decoding=\"async\" width=\"169\" height=\"169\" src=\"https:\/\/www.alcoawheels.com\/south-america\/pt\/wp-content\/uploads\/sites\/28\/2023\/07\/where-to-buy.png\" alt=\"where-to-buy\"\/><\/div><div class=\"card-box-v1__box_content\"><h4 style=\"color:#ffffff\">Onde Comprar<\/h4><\/div><div class=\"btn-wrap\"><\/div><\/div><a href=\"\/south-america\/pt\/onde-comprar\" aria-label=\"Onde Comprar\"><\/a><\/div><div class=\"card-box-v1__box  with-link \" style=\"background-color:#02afba\"><img decoding=\"async\" src=\"https:\/\/www.alcoawheels.com\/south-america\/pt\/wp-content\/themes\/alcoa-wheels\/assets\/build\/js\/blocks\/card-usecase-1\/..\/..\/..\/images\/placeholder-image.db2b4d5c.jpeg\" alt=\"Cat\u00e1logos\"\/><div class=\"card-box-v1__box__inner pos-abs\"><div class=\"card-box-v1__box_icon\"><img loading=\"lazy\" decoding=\"async\" width=\"169\" height=\"169\" src=\"https:\/\/www.alcoawheels.com\/south-america\/pt\/wp-content\/uploads\/sites\/28\/2023\/07\/product-literature.png\" alt=\"product-literature\"\/><\/div><div class=\"card-box-v1__box_content\"><h4 style=\"color:#ffffff\">Cat\u00e1logos<\/h4><\/div><div class=\"btn-wrap\"><\/div><\/div><a href=\"\/south-america\/pt\/catalogos\" aria-label=\"Cat\u00e1logos\"><\/a><\/div><\/div><\/div><\/div>\n","protected":false},"excerpt":{"rendered":"<p>Rodas em Destaque<\/p>\n","protected":false},"author":44,"featured_media":0,"parent":0,"menu_order":0,"comment_status":"closed","ping_status":"closed","template":"","meta":{"_acf_changed":false,"protected_reviewer_email":"","editor_notices":[],"footnotes":""},"class_list":["post-93","page","type-page","status-publish","hentry"],"acf":[],"yoast_head":"<!-- This site is optimized with the Yoast SEO Premium plugin v27.4 (Yoast SEO v27.4) - https:\/\/yoast.com\/product\/yoast-seo-premium-wordpress\/ -->\n<title>Rodas de alum\u00ednio para \u00d4nibus | Alcoa Wheels<\/title>\n<meta name=\"description\" content=\"5x mais resistentes e 50% mais leves.\" \/>\n<meta name=\"robots\" content=\"index, follow, max-snippet:-1, max-image-preview:large, max-video-preview:-1\" \/>\n<link rel=\"canonical\" href=\"https:\/\/www.alcoawheels.com\/south-america\/pt\/onibus\/\" \/>\n<meta property=\"og:locale\" content=\"en_US\" \/>\n<meta property=\"og:type\" content=\"article\" \/>\n<meta property=\"og:title\" content=\"\u00d4nibus\" \/>\n<meta property=\"og:description\" content=\"5x mais resistentes e 50% mais leves.\" \/>\n<meta property=\"og:url\" content=\"https:\/\/www.alcoawheels.com\/south-america\/pt\/onibus\/\" \/>\n<meta property=\"og:site_name\" content=\"South America\" \/>\n<meta property=\"article:modified_time\" content=\"2025-06-10T14:43:32+00:00\" \/>\n<meta property=\"og:image\" content=\"https:\/\/www.alcoawheels.com\/south-america\/pt\/wp-content\/uploads\/sites\/28\/2023\/07\/subhero-dealer-resource-center_large.jpg\" \/>\n\t<meta property=\"og:image:width\" content=\"1440\" \/>\n\t<meta property=\"og:image:height\" content=\"1028\" \/>\n\t<meta property=\"og:image:type\" content=\"image\/jpeg\" \/>\n<meta name=\"twitter:card\" content=\"summary_large_image\" \/>\n<meta name=\"twitter:label1\" content=\"Est. reading time\" \/>\n\t<meta name=\"twitter:data1\" content=\"4 minutes\" \/>\n<script type=\"application\/ld+json\" class=\"yoast-schema-graph\">{\"@context\":\"https:\\\/\\\/schema.org\",\"@graph\":[{\"@type\":\"WebPage\",\"@id\":\"https:\\\/\\\/www.alcoawheels.com\\\/south-america\\\/pt\\\/onibus\\\/\",\"url\":\"https:\\\/\\\/www.alcoawheels.com\\\/south-america\\\/pt\\\/onibus\\\/\",\"name\":\"Rodas de alum\u00ednio para \u00d4nibus | Alcoa Wheels\",\"isPartOf\":{\"@id\":\"https:\\\/\\\/www.alcoawheels.com\\\/south-america\\\/pt\\\/#website\"},\"primaryImageOfPage\":{\"@id\":\"https:\\\/\\\/www.alcoawheels.com\\\/south-america\\\/pt\\\/onibus\\\/#primaryimage\"},\"image\":{\"@id\":\"https:\\\/\\\/www.alcoawheels.com\\\/south-america\\\/pt\\\/onibus\\\/#primaryimage\"},\"thumbnailUrl\":\"https:\\\/\\\/www.alcoawheels.com\\\/south-america\\\/pt\\\/wp-content\\\/uploads\\\/sites\\\/28\\\/2023\\\/07\\\/subhero-dealer-resource-center_large.jpg\",\"datePublished\":\"2023-07-25T15:13:27+00:00\",\"dateModified\":\"2025-06-10T14:43:32+00:00\",\"description\":\"5x mais resistentes e 50% mais leves.\",\"breadcrumb\":{\"@id\":\"https:\\\/\\\/www.alcoawheels.com\\\/south-america\\\/pt\\\/onibus\\\/#breadcrumb\"},\"inLanguage\":\"en-US\",\"potentialAction\":[{\"@type\":\"ReadAction\",\"target\":[\"https:\\\/\\\/www.alcoawheels.com\\\/south-america\\\/pt\\\/onibus\\\/\"]}]},{\"@type\":\"ImageObject\",\"inLanguage\":\"en-US\",\"@id\":\"https:\\\/\\\/www.alcoawheels.com\\\/south-america\\\/pt\\\/onibus\\\/#primaryimage\",\"url\":\"https:\\\/\\\/www.alcoawheels.com\\\/south-america\\\/pt\\\/wp-content\\\/uploads\\\/sites\\\/28\\\/2023\\\/07\\\/subhero-dealer-resource-center_large.jpg\",\"contentUrl\":\"https:\\\/\\\/www.alcoawheels.com\\\/south-america\\\/pt\\\/wp-content\\\/uploads\\\/sites\\\/28\\\/2023\\\/07\\\/subhero-dealer-resource-center_large.jpg\",\"width\":1440,\"height\":1028,\"caption\":\"subhero-dealer-resource-center_large\"},{\"@type\":\"BreadcrumbList\",\"@id\":\"https:\\\/\\\/www.alcoawheels.com\\\/south-america\\\/pt\\\/onibus\\\/#breadcrumb\",\"itemListElement\":[{\"@type\":\"ListItem\",\"position\":1,\"name\":\"Home\",\"item\":\"https:\\\/\\\/www.alcoawheels.com\\\/south-america\\\/pt\\\/\"},{\"@type\":\"ListItem\",\"position\":2,\"name\":\"\u00d4nibus\"}]},{\"@type\":\"WebSite\",\"@id\":\"https:\\\/\\\/www.alcoawheels.com\\\/south-america\\\/pt\\\/#website\",\"url\":\"https:\\\/\\\/www.alcoawheels.com\\\/south-america\\\/pt\\\/\",\"name\":\"South America\",\"description\":\"\",\"publisher\":{\"@id\":\"https:\\\/\\\/www.alcoawheels.com\\\/south-america\\\/pt\\\/#organization\"},\"potentialAction\":[{\"@type\":\"SearchAction\",\"target\":{\"@type\":\"EntryPoint\",\"urlTemplate\":\"https:\\\/\\\/www.alcoawheels.com\\\/south-america\\\/pt\\\/?s={search_term_string}\"},\"query-input\":{\"@type\":\"PropertyValueSpecification\",\"valueRequired\":true,\"valueName\":\"search_term_string\"}}],\"inLanguage\":\"en-US\"},{\"@type\":\"Organization\",\"@id\":\"https:\\\/\\\/www.alcoawheels.com\\\/south-america\\\/pt\\\/#organization\",\"name\":\"South America\",\"url\":\"https:\\\/\\\/www.alcoawheels.com\\\/south-america\\\/pt\\\/\",\"logo\":{\"@type\":\"ImageObject\",\"inLanguage\":\"en-US\",\"@id\":\"https:\\\/\\\/www.alcoawheels.com\\\/south-america\\\/pt\\\/#\\\/schema\\\/logo\\\/image\\\/\",\"url\":\"https:\\\/\\\/www.alcoawheels.com\\\/south-america\\\/pt\\\/wp-content\\\/uploads\\\/sites\\\/28\\\/2023\\\/07\\\/logo-black.gif\",\"contentUrl\":\"https:\\\/\\\/www.alcoawheels.com\\\/south-america\\\/pt\\\/wp-content\\\/uploads\\\/sites\\\/28\\\/2023\\\/07\\\/logo-black.gif\",\"width\":71,\"height\":64,\"caption\":\"South America\"},\"image\":{\"@id\":\"https:\\\/\\\/www.alcoawheels.com\\\/south-america\\\/pt\\\/#\\\/schema\\\/logo\\\/image\\\/\"}}]}<\/script>\n<!-- \/ Yoast SEO Premium plugin. -->","yoast_head_json":{"title":"Rodas de alum\u00ednio para \u00d4nibus | Alcoa Wheels","description":"5x mais resistentes e 50% mais leves.","robots":{"index":"index","follow":"follow","max-snippet":"max-snippet:-1","max-image-preview":"max-image-preview:large","max-video-preview":"max-video-preview:-1"},"canonical":"https:\/\/www.alcoawheels.com\/south-america\/pt\/onibus\/","og_locale":"en_US","og_type":"article","og_title":"\u00d4nibus","og_description":"5x mais resistentes e 50% mais leves.","og_url":"https:\/\/www.alcoawheels.com\/south-america\/pt\/onibus\/","og_site_name":"South America","article_modified_time":"2025-06-10T14:43:32+00:00","og_image":[{"width":1440,"height":1028,"url":"https:\/\/www.alcoawheels.com\/south-america\/pt\/wp-content\/uploads\/sites\/28\/2023\/07\/subhero-dealer-resource-center_large.jpg","type":"image\/jpeg"}],"twitter_card":"summary_large_image","twitter_misc":{"Est. reading time":"4 minutes"},"schema":{"@context":"https:\/\/schema.org","@graph":[{"@type":"WebPage","@id":"https:\/\/www.alcoawheels.com\/south-america\/pt\/onibus\/","url":"https:\/\/www.alcoawheels.com\/south-america\/pt\/onibus\/","name":"Rodas de alum\u00ednio para \u00d4nibus | Alcoa Wheels","isPartOf":{"@id":"https:\/\/www.alcoawheels.com\/south-america\/pt\/#website"},"primaryImageOfPage":{"@id":"https:\/\/www.alcoawheels.com\/south-america\/pt\/onibus\/#primaryimage"},"image":{"@id":"https:\/\/www.alcoawheels.com\/south-america\/pt\/onibus\/#primaryimage"},"thumbnailUrl":"https:\/\/www.alcoawheels.com\/south-america\/pt\/wp-content\/uploads\/sites\/28\/2023\/07\/subhero-dealer-resource-center_large.jpg","datePublished":"2023-07-25T15:13:27+00:00","dateModified":"2025-06-10T14:43:32+00:00","description":"5x mais resistentes e 50% mais leves.","breadcrumb":{"@id":"https:\/\/www.alcoawheels.com\/south-america\/pt\/onibus\/#breadcrumb"},"inLanguage":"en-US","potentialAction":[{"@type":"ReadAction","target":["https:\/\/www.alcoawheels.com\/south-america\/pt\/onibus\/"]}]},{"@type":"ImageObject","inLanguage":"en-US","@id":"https:\/\/www.alcoawheels.com\/south-america\/pt\/onibus\/#primaryimage","url":"https:\/\/www.alcoawheels.com\/south-america\/pt\/wp-content\/uploads\/sites\/28\/2023\/07\/subhero-dealer-resource-center_large.jpg","contentUrl":"https:\/\/www.alcoawheels.com\/south-america\/pt\/wp-content\/uploads\/sites\/28\/2023\/07\/subhero-dealer-resource-center_large.jpg","width":1440,"height":1028,"caption":"subhero-dealer-resource-center_large"},{"@type":"BreadcrumbList","@id":"https:\/\/www.alcoawheels.com\/south-america\/pt\/onibus\/#breadcrumb","itemListElement":[{"@type":"ListItem","position":1,"name":"Home","item":"https:\/\/www.alcoawheels.com\/south-america\/pt\/"},{"@type":"ListItem","position":2,"name":"\u00d4nibus"}]},{"@type":"WebSite","@id":"https:\/\/www.alcoawheels.com\/south-america\/pt\/#website","url":"https:\/\/www.alcoawheels.com\/south-america\/pt\/","name":"South America","description":"","publisher":{"@id":"https:\/\/www.alcoawheels.com\/south-america\/pt\/#organization"},"potentialAction":[{"@type":"SearchAction","target":{"@type":"EntryPoint","urlTemplate":"https:\/\/www.alcoawheels.com\/south-america\/pt\/?s={search_term_string}"},"query-input":{"@type":"PropertyValueSpecification","valueRequired":true,"valueName":"search_term_string"}}],"inLanguage":"en-US"},{"@type":"Organization","@id":"https:\/\/www.alcoawheels.com\/south-america\/pt\/#organization","name":"South America","url":"https:\/\/www.alcoawheels.com\/south-america\/pt\/","logo":{"@type":"ImageObject","inLanguage":"en-US","@id":"https:\/\/www.alcoawheels.com\/south-america\/pt\/#\/schema\/logo\/image\/","url":"https:\/\/www.alcoawheels.com\/south-america\/pt\/wp-content\/uploads\/sites\/28\/2023\/07\/logo-black.gif","contentUrl":"https:\/\/www.alcoawheels.com\/south-america\/pt\/wp-content\/uploads\/sites\/28\/2023\/07\/logo-black.gif","width":71,"height":64,"caption":"South America"},"image":{"@id":"https:\/\/www.alcoawheels.com\/south-america\/pt\/#\/schema\/logo\/image\/"}}]}},"parsely":{"version":"1.1.0","canonical_url":"https:\/\/alcoawheels.com\/south-america\/pt\/onibus\/","smart_links":{"inbound":0,"outbound":0},"traffic_boost_suggestions_count":0,"meta":{"@context":"https:\/\/schema.org","@type":"WebPage","headline":"\u00d4nibus","url":"http:\/\/www.alcoawheels.com\/south-america\/pt\/onibus\/","mainEntityOfPage":{"@type":"WebPage","@id":"http:\/\/www.alcoawheels.com\/south-america\/pt\/onibus\/"},"thumbnailUrl":"","image":{"@type":"ImageObject","url":""},"articleSection":"Uncategorized","author":[{"@type":"Person","name":"howmet"}],"creator":["howmet"],"publisher":{"@type":"Organization","name":"South America","logo":""},"keywords":[],"dateCreated":"2023-07-25T15:13:27Z","datePublished":"2023-07-25T15:13:27Z","dateModified":"2025-06-10T14:43:32Z"},"rendered":"<script type=\"application\/ld+json\" class=\"wp-parsely-metadata\">{\"@context\":\"https:\\\/\\\/schema.org\",\"@type\":\"WebPage\",\"headline\":\"\\u00d4nibus\",\"url\":\"http:\\\/\\\/www.alcoawheels.com\\\/south-america\\\/pt\\\/onibus\\\/\",\"mainEntityOfPage\":{\"@type\":\"WebPage\",\"@id\":\"http:\\\/\\\/www.alcoawheels.com\\\/south-america\\\/pt\\\/onibus\\\/\"},\"thumbnailUrl\":\"\",\"image\":{\"@type\":\"ImageObject\",\"url\":\"\"},\"articleSection\":\"Uncategorized\",\"author\":[{\"@type\":\"Person\",\"name\":\"howmet\"}],\"creator\":[\"howmet\"],\"publisher\":{\"@type\":\"Organization\",\"name\":\"South America\",\"logo\":\"\"},\"keywords\":[],\"dateCreated\":\"2023-07-25T15:13:27Z\",\"datePublished\":\"2023-07-25T15:13:27Z\",\"dateModified\":\"2025-06-10T14:43:32Z\"}<\/script>","tracker_url":"https:\/\/cdn.parsely.com\/keys\/alcoawheels.com\/p.js"},"jetpack_sharing_enabled":true,"_links":{"self":[{"href":"https:\/\/www.alcoawheels.com\/south-america\/pt\/wp-json\/wp\/v2\/pages\/93","targetHints":{"allow":["GET"]}}],"collection":[{"href":"https:\/\/www.alcoawheels.com\/south-america\/pt\/wp-json\/wp\/v2\/pages"}],"about":[{"href":"https:\/\/www.alcoawheels.com\/south-america\/pt\/wp-json\/wp\/v2\/types\/page"}],"author":[{"embeddable":true,"href":"https:\/\/www.alcoawheels.com\/south-america\/pt\/wp-json\/wp\/v2\/users\/44"}],"replies":[{"embeddable":true,"href":"https:\/\/www.alcoawheels.com\/south-america\/pt\/wp-json\/wp\/v2\/comments?post=93"}],"version-history":[{"count":10,"href":"https:\/\/www.alcoawheels.com\/south-america\/pt\/wp-json\/wp\/v2\/pages\/93\/revisions"}],"predecessor-version":[{"id":1323,"href":"https:\/\/www.alcoawheels.com\/south-america\/pt\/wp-json\/wp\/v2\/pages\/93\/revisions\/1323"}],"wp:attachment":[{"href":"https:\/\/www.alcoawheels.com\/south-america\/pt\/wp-json\/wp\/v2\/media?parent=93"}],"curies":[{"name":"wp","href":"https:\/\/api.w.org\/{rel}","templated":true}]}}